{"id":16586,"date":"2021-12-22T01:27:08","date_gmt":"2021-12-22T01:27:08","guid":{"rendered":"https:\/\/techmastermx.ddns.net\/producto\/micrometro-para-ranuras-interiores-para-medicion-de-exteriores-e-interiores-2-3-05-flange-2\/"},"modified":"2022-02-27T21:48:05","modified_gmt":"2022-02-27T21:48:05","slug":"micrometro-para-ranuras-interiores-para-medicion-de-exteriores-e-interiores-2-3-05-flange-2","status":"publish","type":"product","link":"https:\/\/techmasterdemexico.com\/en\/producto\/micrometro-para-ranuras-interiores-para-medicion-de-exteriores-e-interiores-2-3-05-flange-2\/","title":{"rendered":"Micr\u00f3metro para ranuras interiores para medici\u00f3n de exteriores e interiores 2-3&#8243;, 0,5&#8243; Flange"},"content":{"rendered":"<p>Micr\u00f3metro para ranuras interiores para medici\u00f3n de exteriores e interiores 2-3&#8243;<br \/>\n2-3&#8243;, 0,5&#8243; Flange<br \/>\nN\u00famero de art\u00edculo: 146-234<\/p>\n<p>&nbsp;<\/p>\n<p><strong>Micr\u00f3metro para la medici\u00f3n de ranuras interiores<\/strong><br \/>\nPara la medici\u00f3n ranuras, cotas interiores, cajeras, etc.<\/p>\n","protected":false},"excerpt":{"rendered":"<table class=\"product_properties\">\n<tbody>\n<tr class=\"table-row-odd\">\n<td class=\"parameter\">\n<div class=\"product_properties_propertyName\"><span class=\"name\">Rango exterior:<\/span><\/div>\n<\/td>\n<td class=\"value\">\n<div class=\"product_properties_propertyValue\">2&#8243;-3&#8243;<\/div>\n<\/td>\n<\/tr>\n<tr class=\"table-row-even\">\n<td class=\"parameter\">\n<div class=\"product_properties_propertyName\"><span class=\"name\">Rango interior:<\/span><\/div>\n<\/td>\n<td class=\"value\">\n<div class=\"product_properties_propertyValue\">2.05&#8243;-3.05&#8243;<\/div>\n<\/td>\n<\/tr>\n<tr class=\"table-row-odd\">\n<td class=\"parameter\">\n<div class=\"product_properties_propertyName\"><span class=\"name\">Parallelism:<\/span><\/div>\n<\/td>\n<td class=\"value\">\n<div class=\"product_properties_propertyValue\">0,0004&#8243;<\/div>\n<\/td>\n<\/tr>\n<tr class=\"table-row-even\">\n<td class=\"parameter\">\n<div class=\"product_properties_propertyName\"><span class=\"name\">Maximum Permissible Error J MPE:<\/span><\/div>\n<\/td>\n<td class=\"value\">\n<div class=\"product_properties_propertyValue\">\u00b10,0004&#8243;<\/div>\n<\/td>\n<\/tr>\n<tr class=\"table-row-odd\">\n<td class=\"parameter\">\n<div class=\"product_properties_propertyName\"><span class=\"name\">Presi\u00f3n de medida (N):<\/span><\/div>\n<\/td>\n<td class=\"value\">\n<div class=\"product_properties_propertyValue\">5 &#8211; 10<span class=\"shortName\">\u00a0N<\/span><\/div>\n<\/td>\n<\/tr>\n<tr class=\"table-row-even\">\n<td class=\"parameter\">\n<div class=\"product_properties_propertyName\"><span class=\"name\">Peso:<\/span><\/div>\n<\/td>\n<td class=\"value\">\n<div class=\"product_properties_propertyValue\">165<span class=\"shortName\">\u00a0g<\/span><\/div>\n<\/td>\n<\/tr>\n<tr class=\"table-row-odd\">\n<td class=\"parameter\">\n<div class=\"product_properties_propertyName\"><span class=\"name\">Superficies de medici\u00f3n:<\/span><\/div>\n<\/td>\n<td class=\"value\">\n<div class=\"product_properties_propertyValue\">Hardened<\/div>\n<\/td>\n<\/tr>\n<tr class=\"table-row-even\">\n<td class=\"parameter\">\n<div class=\"product_properties_propertyName\"><span class=\"name\">Husillo de medici\u00f3n:<\/span><\/div>\n<\/td>\n<td class=\"value\">\n<div class=\"product_properties_propertyValue\">Spindle pitch 0,5 mm<\/div>\n<\/td>\n<\/tr>\n<tr class=\"table-row-odd\">\n<td class=\"parameter\">\n<div class=\"product_properties_propertyName\"><span class=\"name\">Scale:<\/span><\/div>\n<\/td>\n<td class=\"value\">\n<div class=\"product_properties_propertyValue\">Thimble and sleeve satin chrome finish, \u00f818 mm<\/div>\n<\/td>\n<\/tr>\n<tr class=\"table-row-even\">\n<td class=\"parameter\">\n<div class=\"product_properties_propertyName\"><span class=\"name\">Metrica-pulgadas:<\/span><\/div>\n<\/td>\n<td class=\"value\">\n<div class=\"product_properties_propertyValue\">&#8211;<\/div>\n<\/td>\n<\/tr>\n<tr class=\"table-row-odd\">\n<td class=\"parameter\">\n<div class=\"product_properties_propertyName\"><span class=\"name\">Graduation:<\/span><\/div>\n<\/td>\n<td class=\"value\">\n<div class=\"product_properties_propertyValue\">0,001&#8243;<\/div>\n<\/td>\n<\/tr>\n<tr class=\"table-row-even\">\n<td class=\"parameter\">\n<div class=\"product_properties_propertyName\"><span class=\"name\">Digital\/Analog:<\/span><\/div>\n<\/td>\n<td class=\"value\">\n<div class=\"product_properties_propertyValue\">Anal\u00f3gico<\/div>\n<\/td>\n<\/tr>\n<tr class=\"table-row-odd\">\n<td class=\"parameter\">\n<div class=\"product_properties_propertyName\"><span class=\"name\">Entregado:<\/span><\/div>\n<\/td>\n<td class=\"value\">\n<div class=\"product_properties_propertyValue\">Including box, key<\/div>\n<\/td>\n<\/tr>\n<\/tbody>\n<\/table>\n","protected":false},"featured_media":18683,"template":"","meta":{"_acf_changed":false},"pwb-brand":[39],"product_brand":[],"product_cat":[366,331,74,432,38],"product_tag":[],"class_list":{"0":"post-16586","1":"product","2":"type-product","3":"status-publish","4":"has-post-thumbnail","6":"pwb-brand-mitutoyo","7":"product_cat-todos-los-productos","8":"product_cat-instrumentos-de-medicion-y-gestion-de-datos","9":"product_cat-micrometros","10":"product_cat-micrometros-digimatic-y-micrometros-mecanicos","11":"product_cat-mitutoyo","13":"first","14":"instock","15":"taxable","16":"shipping-taxable","17":"product-type-simple"},"acf":[],"yoast_head":"<!-- This site is optimized with the Yoast SEO plugin v27.3 - https:\/\/yoast.com\/product\/yoast-seo-wordpress\/ -->\n<title>Micr\u00f3metro para ranuras interiores para medici\u00f3n de exteriores e interiores 2-3&quot;, 0,5&quot; Flange - Techmaster de Mexico<\/title>\n<meta name=\"robots\" content=\"index, follow, max-snippet:-1, max-image-preview:large, max-video-preview:-1\" \/>\n<link rel=\"canonical\" href=\"https:\/\/techmasterdemexico.com\/en\/producto\/micrometro-para-ranuras-interiores-para-medicion-de-exteriores-e-interiores-2-3-05-flange-2\/\" \/>\n<meta property=\"og:locale\" content=\"en_US\" \/>\n<meta property=\"og:type\" content=\"article\" \/>\n<meta property=\"og:title\" content=\"Micr\u00f3metro para ranuras interiores para medici\u00f3n de exteriores e interiores 2-3&quot;, 0,5&quot; Flange - Techmaster de Mexico\" \/>\n<meta property=\"og:description\" content=\"Rango exterior:  2&quot;-3&quot;    Rango interior:  2.05&quot;-3.05&quot;    Parallelism:  0,0004&quot;    Maximum Permissible Error J MPE:  \u00b10,0004&quot;    Presi\u00f3n de medida (N):  5 - 10\u00a0N    Peso:  165\u00a0g    Superficies de medici\u00f3n:  Hardened    Husillo de medici\u00f3n:  Spindle pitch 0,5 mm    Scale:  Thimble and sleeve satin chrome finish, \u00f818 mm    Metrica-pulgadas:  -    Graduation:  0,001&quot;    Digital\/Analog:  Anal\u00f3gico    Entregado:  Including box, key\" \/>\n<meta property=\"og:url\" content=\"https:\/\/techmasterdemexico.com\/en\/producto\/micrometro-para-ranuras-interiores-para-medicion-de-exteriores-e-interiores-2-3-05-flange-2\/\" \/>\n<meta property=\"og:site_name\" content=\"Techmaster de Mexico\" \/>\n<meta property=\"article:modified_time\" content=\"2022-02-27T21:48:05+00:00\" \/>\n<meta property=\"og:image\" content=\"https:\/\/techmasterdemexico.com\/wp-content\/uploads\/2021\/12\/146-121_a_tif.png\" \/>\n\t<meta property=\"og:image:width\" content=\"450\" \/>\n\t<meta property=\"og:image:height\" content=\"450\" \/>\n\t<meta property=\"og:image:type\" content=\"image\/png\" \/>\n<meta name=\"twitter:card\" content=\"summary_large_image\" \/>\n<script type=\"application\/ld+json\" class=\"yoast-schema-graph\">{\"@context\":\"https:\\\/\\\/schema.org\",\"@graph\":[{\"@type\":\"WebPage\",\"@id\":\"https:\\\/\\\/techmasterdemexico.com\\\/en\\\/producto\\\/micrometro-para-ranuras-interiores-para-medicion-de-exteriores-e-interiores-2-3-05-flange-2\\\/\",\"url\":\"https:\\\/\\\/techmasterdemexico.com\\\/en\\\/producto\\\/micrometro-para-ranuras-interiores-para-medicion-de-exteriores-e-interiores-2-3-05-flange-2\\\/\",\"name\":\"Micr\u00f3metro para ranuras interiores para medici\u00f3n de exteriores e interiores 2-3\\\", 0,5\\\" Flange - Techmaster de Mexico\",\"isPartOf\":{\"@id\":\"https:\\\/\\\/techmasterdemexico.com\\\/#website\"},\"primaryImageOfPage\":{\"@id\":\"https:\\\/\\\/techmasterdemexico.com\\\/en\\\/producto\\\/micrometro-para-ranuras-interiores-para-medicion-de-exteriores-e-interiores-2-3-05-flange-2\\\/#primaryimage\"},\"image\":{\"@id\":\"https:\\\/\\\/techmasterdemexico.com\\\/en\\\/producto\\\/micrometro-para-ranuras-interiores-para-medicion-de-exteriores-e-interiores-2-3-05-flange-2\\\/#primaryimage\"},\"thumbnailUrl\":\"https:\\\/\\\/techmasterdemexico.com\\\/wp-content\\\/uploads\\\/2021\\\/12\\\/146-121_a_tif.png\",\"datePublished\":\"2021-12-22T01:27:08+00:00\",\"dateModified\":\"2022-02-27T21:48:05+00:00\",\"breadcrumb\":{\"@id\":\"https:\\\/\\\/techmasterdemexico.com\\\/en\\\/producto\\\/micrometro-para-ranuras-interiores-para-medicion-de-exteriores-e-interiores-2-3-05-flange-2\\\/#breadcrumb\"},\"inLanguage\":\"en-US\",\"potentialAction\":[{\"@type\":\"ReadAction\",\"target\":[\"https:\\\/\\\/techmasterdemexico.com\\\/en\\\/producto\\\/micrometro-para-ranuras-interiores-para-medicion-de-exteriores-e-interiores-2-3-05-flange-2\\\/\"]}]},{\"@type\":\"ImageObject\",\"inLanguage\":\"en-US\",\"@id\":\"https:\\\/\\\/techmasterdemexico.com\\\/en\\\/producto\\\/micrometro-para-ranuras-interiores-para-medicion-de-exteriores-e-interiores-2-3-05-flange-2\\\/#primaryimage\",\"url\":\"https:\\\/\\\/techmasterdemexico.com\\\/wp-content\\\/uploads\\\/2021\\\/12\\\/146-121_a_tif.png\",\"contentUrl\":\"https:\\\/\\\/techmasterdemexico.com\\\/wp-content\\\/uploads\\\/2021\\\/12\\\/146-121_a_tif.png\",\"width\":450,\"height\":450},{\"@type\":\"BreadcrumbList\",\"@id\":\"https:\\\/\\\/techmasterdemexico.com\\\/en\\\/producto\\\/micrometro-para-ranuras-interiores-para-medicion-de-exteriores-e-interiores-2-3-05-flange-2\\\/#breadcrumb\",\"itemListElement\":[{\"@type\":\"ListItem\",\"position\":1,\"name\":\"Portada\",\"item\":\"https:\\\/\\\/techmasterdemexico.com\\\/\"},{\"@type\":\"ListItem\",\"position\":2,\"name\":\"Micr\u00f3metro para ranuras interiores para medici\u00f3n de exteriores e interiores 2-3&#8243;, 0,5&#8243; Flange\"}]},{\"@type\":\"WebSite\",\"@id\":\"https:\\\/\\\/techmasterdemexico.com\\\/#website\",\"url\":\"https:\\\/\\\/techmasterdemexico.com\\\/\",\"name\":\"Techmaster de Mexico\",\"description\":\"\",\"potentialAction\":[{\"@type\":\"SearchAction\",\"target\":{\"@type\":\"EntryPoint\",\"urlTemplate\":\"https:\\\/\\\/techmasterdemexico.com\\\/?s={search_term_string}\"},\"query-input\":{\"@type\":\"PropertyValueSpecification\",\"valueRequired\":true,\"valueName\":\"search_term_string\"}}],\"inLanguage\":\"en-US\"}]}<\/script>\n<!-- \/ Yoast SEO plugin. -->","yoast_head_json":{"title":"Micr\u00f3metro para ranuras interiores para medici\u00f3n de exteriores e interiores 2-3\", 0,5\" Flange - Techmaster de Mexico","robots":{"index":"index","follow":"follow","max-snippet":"max-snippet:-1","max-image-preview":"max-image-preview:large","max-video-preview":"max-video-preview:-1"},"canonical":"https:\/\/techmasterdemexico.com\/en\/producto\/micrometro-para-ranuras-interiores-para-medicion-de-exteriores-e-interiores-2-3-05-flange-2\/","og_locale":"en_US","og_type":"article","og_title":"Micr\u00f3metro para ranuras interiores para medici\u00f3n de exteriores e interiores 2-3\", 0,5\" Flange - Techmaster de Mexico","og_description":"Rango exterior:  2\"-3\"    Rango interior:  2.05\"-3.05\"    Parallelism:  0,0004\"    Maximum Permissible Error J MPE:  \u00b10,0004\"    Presi\u00f3n de medida (N):  5 - 10\u00a0N    Peso:  165\u00a0g    Superficies de medici\u00f3n:  Hardened    Husillo de medici\u00f3n:  Spindle pitch 0,5 mm    Scale:  Thimble and sleeve satin chrome finish, \u00f818 mm    Metrica-pulgadas:  -    Graduation:  0,001\"    Digital\/Analog:  Anal\u00f3gico    Entregado:  Including box, key","og_url":"https:\/\/techmasterdemexico.com\/en\/producto\/micrometro-para-ranuras-interiores-para-medicion-de-exteriores-e-interiores-2-3-05-flange-2\/","og_site_name":"Techmaster de Mexico","article_modified_time":"2022-02-27T21:48:05+00:00","og_image":[{"width":450,"height":450,"url":"https:\/\/techmasterdemexico.com\/wp-content\/uploads\/2021\/12\/146-121_a_tif.png","type":"image\/png"}],"twitter_card":"summary_large_image","schema":{"@context":"https:\/\/schema.org","@graph":[{"@type":"WebPage","@id":"https:\/\/techmasterdemexico.com\/en\/producto\/micrometro-para-ranuras-interiores-para-medicion-de-exteriores-e-interiores-2-3-05-flange-2\/","url":"https:\/\/techmasterdemexico.com\/en\/producto\/micrometro-para-ranuras-interiores-para-medicion-de-exteriores-e-interiores-2-3-05-flange-2\/","name":"Micr\u00f3metro para ranuras interiores para medici\u00f3n de exteriores e interiores 2-3\", 0,5\" Flange - Techmaster de Mexico","isPartOf":{"@id":"https:\/\/techmasterdemexico.com\/#website"},"primaryImageOfPage":{"@id":"https:\/\/techmasterdemexico.com\/en\/producto\/micrometro-para-ranuras-interiores-para-medicion-de-exteriores-e-interiores-2-3-05-flange-2\/#primaryimage"},"image":{"@id":"https:\/\/techmasterdemexico.com\/en\/producto\/micrometro-para-ranuras-interiores-para-medicion-de-exteriores-e-interiores-2-3-05-flange-2\/#primaryimage"},"thumbnailUrl":"https:\/\/techmasterdemexico.com\/wp-content\/uploads\/2021\/12\/146-121_a_tif.png","datePublished":"2021-12-22T01:27:08+00:00","dateModified":"2022-02-27T21:48:05+00:00","breadcrumb":{"@id":"https:\/\/techmasterdemexico.com\/en\/producto\/micrometro-para-ranuras-interiores-para-medicion-de-exteriores-e-interiores-2-3-05-flange-2\/#breadcrumb"},"inLanguage":"en-US","potentialAction":[{"@type":"ReadAction","target":["https:\/\/techmasterdemexico.com\/en\/producto\/micrometro-para-ranuras-interiores-para-medicion-de-exteriores-e-interiores-2-3-05-flange-2\/"]}]},{"@type":"ImageObject","inLanguage":"en-US","@id":"https:\/\/techmasterdemexico.com\/en\/producto\/micrometro-para-ranuras-interiores-para-medicion-de-exteriores-e-interiores-2-3-05-flange-2\/#primaryimage","url":"https:\/\/techmasterdemexico.com\/wp-content\/uploads\/2021\/12\/146-121_a_tif.png","contentUrl":"https:\/\/techmasterdemexico.com\/wp-content\/uploads\/2021\/12\/146-121_a_tif.png","width":450,"height":450},{"@type":"BreadcrumbList","@id":"https:\/\/techmasterdemexico.com\/en\/producto\/micrometro-para-ranuras-interiores-para-medicion-de-exteriores-e-interiores-2-3-05-flange-2\/#breadcrumb","itemListElement":[{"@type":"ListItem","position":1,"name":"Portada","item":"https:\/\/techmasterdemexico.com\/"},{"@type":"ListItem","position":2,"name":"Micr\u00f3metro para ranuras interiores para medici\u00f3n de exteriores e interiores 2-3&#8243;, 0,5&#8243; Flange"}]},{"@type":"WebSite","@id":"https:\/\/techmasterdemexico.com\/#website","url":"https:\/\/techmasterdemexico.com\/","name":"Techmaster de Mexico","description":"","potentialAction":[{"@type":"SearchAction","target":{"@type":"EntryPoint","urlTemplate":"https:\/\/techmasterdemexico.com\/?s={search_term_string}"},"query-input":{"@type":"PropertyValueSpecification","valueRequired":true,"valueName":"search_term_string"}}],"inLanguage":"en-US"}]}},"brands":[{"id":39,"name":"Mitutoyo","slug":"mitutoyo"}],"_links":{"self":[{"href":"https:\/\/techmasterdemexico.com\/en\/wp-json\/wp\/v2\/product\/16586","targetHints":{"allow":["GET"]}}],"collection":[{"href":"https:\/\/techmasterdemexico.com\/en\/wp-json\/wp\/v2\/product"}],"about":[{"href":"https:\/\/techmasterdemexico.com\/en\/wp-json\/wp\/v2\/types\/product"}],"wp:featuredmedia":[{"embeddable":true,"href":"https:\/\/techmasterdemexico.com\/en\/wp-json\/wp\/v2\/media\/18683"}],"wp:attachment":[{"href":"https:\/\/techmasterdemexico.com\/en\/wp-json\/wp\/v2\/media?parent=16586"}],"wp:term":[{"taxonomy":"pwb-brand","embeddable":true,"href":"https:\/\/techmasterdemexico.com\/en\/wp-json\/wp\/v2\/pwb-brand?post=16586"},{"taxonomy":"product_brand","embeddable":true,"href":"https:\/\/techmasterdemexico.com\/en\/wp-json\/wp\/v2\/product_brand?post=16586"},{"taxonomy":"product_cat","embeddable":true,"href":"https:\/\/techmasterdemexico.com\/en\/wp-json\/wp\/v2\/product_cat?post=16586"},{"taxonomy":"product_tag","embeddable":true,"href":"https:\/\/techmasterdemexico.com\/en\/wp-json\/wp\/v2\/product_tag?post=16586"}],"curies":[{"name":"wp","href":"https:\/\/api.w.org\/{rel}","templated":true}]}}