{"id":16565,"date":"2021-12-22T01:26:39","date_gmt":"2021-12-22T01:26:39","guid":{"rendered":"https:\/\/techmastermx.ddns.net\/producto\/micrometros-digitales-para-espesor-de-chapas-0-25-mm-0-1-inch-metric-spherical-anvil-spindle\/"},"modified":"2022-02-27T23:27:01","modified_gmt":"2022-02-27T23:27:01","slug":"micrometros-digitales-para-espesor-de-chapas-0-25-mm-0-1-inch-metric-spherical-anvil-spindle","status":"publish","type":"product","link":"https:\/\/techmasterdemexico.com\/en\/producto\/micrometros-digitales-para-espesor-de-chapas-0-25-mm-0-1-inch-metric-spherical-anvil-spindle\/","title":{"rendered":"Micr\u00f3metros digitales para espesor de chapas 0-25 mm\/0-1&#8243; Inch\/Metric, Spherical Anvil\/Spindle"},"content":{"rendered":"<p>Micr\u00f3metros digitales para espesor de chapas 0-25 mm\/0-1&#8243;<br \/>\nInch\/Metric, 0-1&#8243;, Spherical Anvil\/Spindle<br \/>\nN\u00famero de art\u00edculo: 389-371-30<\/p>\n<p>&nbsp;<\/p>\n<p>El Micr\u00f3metro Digimatic Sheet Metal est\u00e1 dise\u00f1ado con un arco profundo para medir el espesor del material de la hoja.<\/p>\n","protected":false},"excerpt":{"rendered":"<table class=\"product_properties\">\n<tbody>\n<tr class=\"table-row-odd\">\n<td class=\"parameter\">\n<div class=\"product_properties_propertyName\"><span class=\"name\">Rango:<\/span><\/div>\n<\/td>\n<td class=\"value\">\n<div class=\"product_properties_propertyValue\">0 &#8211; 1<span class=\"shortName\">\u00a0[Inch]<\/span><\/div>\n<\/td>\n<\/tr>\n<tr class=\"table-row-even\">\n<td class=\"parameter\">\n<div class=\"product_properties_propertyName\"><span class=\"name\">Parallelism:<\/span><\/div>\n<\/td>\n<td class=\"value\">\n<div class=\"product_properties_propertyValue\">0,00012&#8243;<\/div>\n<\/td>\n<\/tr>\n<tr class=\"table-row-odd\">\n<td class=\"parameter\">\n<div class=\"product_properties_propertyName\"><span class=\"name\">Resoluci\u00f3n:<\/span><\/div>\n<\/td>\n<td class=\"value\">\n<div class=\"product_properties_propertyValue\">0,00005&#8243;\/0,001 mm<\/div>\n<\/td>\n<\/tr>\n<tr class=\"table-row-even\">\n<td class=\"parameter\">\n<div class=\"product_properties_propertyName\"><span class=\"name\">Maximum Permissible Error J MPE:<\/span><\/div>\n<\/td>\n<td class=\"value\">\n<div class=\"product_properties_propertyValue\">\u00b10,0002&#8243;<\/div>\n<\/td>\n<\/tr>\n<tr class=\"table-row-odd\">\n<td class=\"parameter\">\n<div class=\"product_properties_propertyName\"><span class=\"name\">Apoyo \/ Punta:<\/span><\/div>\n<\/td>\n<td class=\"value\">\n<div class=\"product_properties_propertyValue\">Type C, spherical\/spherical<\/div>\n<\/td>\n<\/tr>\n<tr class=\"table-row-even\">\n<td class=\"parameter\">\n<div class=\"product_properties_propertyName\"><span class=\"name\">Presi\u00f3n de medida (N):<\/span><\/div>\n<\/td>\n<td class=\"value\">\n<div class=\"product_properties_propertyValue\">3 &#8211; 8<span class=\"shortName\">\u00a0N<\/span><\/div>\n<\/td>\n<\/tr>\n<tr class=\"table-row-odd\">\n<td class=\"parameter\">\n<div class=\"product_properties_propertyName\"><span class=\"name\">Peso:<\/span><\/div>\n<\/td>\n<td class=\"value\">\n<div class=\"product_properties_propertyValue\">840<span class=\"shortName\">\u00a0g<\/span><\/div>\n<\/td>\n<\/tr>\n<tr class=\"table-row-even\">\n<td class=\"parameter\">\n<div class=\"product_properties_propertyName\"><span class=\"name\">Visualizador:<\/span><\/div>\n<\/td>\n<td class=\"value\">\n<div class=\"product_properties_propertyValue\">LCD, character height 7.5 mm<\/div>\n<\/td>\n<\/tr>\n<tr class=\"table-row-odd\">\n<td class=\"parameter\">\n<div class=\"product_properties_propertyName\"><span class=\"name\">Superficies de medici\u00f3n:<\/span><\/div>\n<\/td>\n<td class=\"value\">\n<div class=\"product_properties_propertyValue\">Contactos de metal duro, micro-lapeados<\/div>\n<\/td>\n<\/tr>\n<tr class=\"table-row-even\">\n<td class=\"parameter\">\n<div class=\"product_properties_propertyName\"><span class=\"name\">Husillo de medici\u00f3n:<\/span><\/div>\n<\/td>\n<td class=\"value\">\n<div class=\"product_properties_propertyValue\">\u00f86,35 mm, avance husillo 0,5 mm con freno<\/div>\n<\/td>\n<\/tr>\n<tr class=\"table-row-odd\">\n<td class=\"parameter\">\n<div class=\"product_properties_propertyName\"><span class=\"name\">Scale:<\/span><\/div>\n<\/td>\n<td class=\"value\">\n<div class=\"product_properties_propertyValue\">Thimble and sleeve satin chrome finish, \u00f818 mm<\/div>\n<\/td>\n<\/tr>\n<tr class=\"table-row-even\">\n<td class=\"parameter\">\n<div class=\"product_properties_propertyName\"><span class=\"name\">Fuente de alimentaci\u00f3n:<\/span><\/div>\n<\/td>\n<td class=\"value\">\n<div class=\"product_properties_propertyValue\">Battery SR-44<\/div>\n<\/td>\n<\/tr>\n<tr class=\"table-row-odd\">\n<td class=\"parameter\">\n<div class=\"product_properties_propertyName\"><span class=\"name\">Duraci\u00f3n bateria:<\/span><\/div>\n<\/td>\n<td class=\"value\">\n<div class=\"product_properties_propertyValue\">Approx. 2,4 years, approx. 1,8 years (389-514)<\/div>\n<\/td>\n<\/tr>\n<tr class=\"table-row-even\">\n<td class=\"parameter\">\n<div class=\"product_properties_propertyName\"><span class=\"name\">2 Preselecci\u00f3n:<\/span><\/div>\n<\/td>\n<td class=\"value\">\n<div class=\"product_properties_propertyValue\">Si<\/div>\n<\/td>\n<\/tr>\n<tr class=\"table-row-odd\">\n<td class=\"parameter\">\n<div class=\"product_properties_propertyName\"><span class=\"name\">Metrica-pulgadas:<\/span><\/div>\n<\/td>\n<td class=\"value\">\n<div class=\"product_properties_propertyValue\">Inch\/m\u00e9trica<\/div>\n<\/td>\n<\/tr>\n<tr class=\"table-row-even\">\n<td class=\"parameter\">\n<div class=\"product_properties_propertyName\"><span class=\"name\">Precisi\u00f3n:<\/span><\/div>\n<\/td>\n<td class=\"value\">\n<div class=\"product_properties_propertyValue\">Referirse al listado de especificaciones (exceptuando error de cuantificaci\u00f3n)<\/div>\n<\/td>\n<\/tr>\n<tr class=\"table-row-odd\">\n<td class=\"parameter\">\n<div class=\"product_properties_propertyName\"><span class=\"name\">Digital\/Analog:<\/span><\/div>\n<\/td>\n<td class=\"value\">\n<div class=\"product_properties_propertyValue\">&#8211;<\/div>\n<\/td>\n<\/tr>\n<tr class=\"table-row-even\">\n<td class=\"parameter\">\n<div class=\"product_properties_propertyName\"><span class=\"name\">Battery life:<\/span><\/div>\n<\/td>\n<td class=\"value\">\n<div class=\"product_properties_propertyValue\">Approx. 2,4 years<\/div>\n<\/td>\n<\/tr>\n<tr class=\"table-row-odd\">\n<td class=\"parameter\">\n<div class=\"product_properties_propertyName\"><span class=\"name\">Entregado:<\/span><\/div>\n<\/td>\n<td class=\"value\">\n<div class=\"product_properties_propertyValue\">Including box. key, 1 battery<\/div>\n<\/td>\n<\/tr>\n<\/tbody>\n<\/table>\n","protected":false},"featured_media":18699,"template":"","meta":{"_acf_changed":false},"pwb-brand":[39],"product_brand":[],"product_cat":[366,331,74,432,38],"product_tag":[],"class_list":{"0":"post-16565","1":"product","2":"type-product","3":"status-publish","4":"has-post-thumbnail","6":"pwb-brand-mitutoyo","7":"product_cat-todos-los-productos","8":"product_cat-instrumentos-de-medicion-y-gestion-de-datos","9":"product_cat-micrometros","10":"product_cat-micrometros-digimatic-y-micrometros-mecanicos","11":"product_cat-mitutoyo","13":"first","14":"instock","15":"taxable","16":"shipping-taxable","17":"product-type-simple"},"acf":[],"yoast_head":"<!-- This site is optimized with the Yoast SEO plugin v27.3 - https:\/\/yoast.com\/product\/yoast-seo-wordpress\/ -->\n<title>Micr\u00f3metros digitales para espesor de chapas 0-25 mm\/0-1&quot; Inch\/Metric, Spherical Anvil\/Spindle - Techmaster de Mexico<\/title>\n<meta name=\"robots\" content=\"index, follow, max-snippet:-1, max-image-preview:large, max-video-preview:-1\" \/>\n<link rel=\"canonical\" href=\"https:\/\/techmasterdemexico.com\/producto\/micrometros-digitales-para-espesor-de-chapas-0-25-mm-0-1-inch-metric-spherical-anvil-spindle\/\" \/>\n<meta property=\"og:locale\" content=\"en_US\" \/>\n<meta property=\"og:type\" content=\"article\" \/>\n<meta property=\"og:title\" content=\"Micr\u00f3metros digitales para espesor de chapas 0-25 mm\/0-1&quot; Inch\/Metric, Spherical Anvil\/Spindle - Techmaster de Mexico\" \/>\n<meta property=\"og:description\" content=\"Rango:  0 - 1\u00a0[Inch]    Parallelism:  0,00012&quot;    Resoluci\u00f3n:  0,00005&quot;\/0,001 mm    Maximum Permissible Error J MPE:  \u00b10,0002&quot;    Apoyo \/ Punta:  Type C, spherical\/spherical    Presi\u00f3n de medida (N):  3 - 8\u00a0N    Peso:  840\u00a0g    Visualizador:  LCD, character height 7.5 mm    Superficies de medici\u00f3n:  Contactos de metal duro, micro-lapeados    Husillo de medici\u00f3n:  \u00f86,35 mm, avance husillo 0,5 mm con freno    Scale:  Thimble and sleeve satin chrome finish, \u00f818 mm    Fuente de alimentaci\u00f3n:  Battery SR-44    Duraci\u00f3n bateria:  Approx. 2,4 years, approx. 1,8 years (389-514)    2 Preselecci\u00f3n:  Si    Metrica-pulgadas:  Inch\/m\u00e9trica    Precisi\u00f3n:  Referirse al listado de especificaciones (exceptuando error de cuantificaci\u00f3n)    Digital\/Analog:  -    Battery life:  Approx. 2,4 years    Entregado:  Including box. key, 1 battery\" \/>\n<meta property=\"og:url\" content=\"https:\/\/techmasterdemexico.com\/producto\/micrometros-digitales-para-espesor-de-chapas-0-25-mm-0-1-inch-metric-spherical-anvil-spindle\/\" \/>\n<meta property=\"og:site_name\" content=\"Techmaster de Mexico\" \/>\n<meta property=\"article:modified_time\" content=\"2022-02-27T23:27:01+00:00\" \/>\n<meta property=\"og:image\" content=\"https:\/\/techmasterdemexico.com\/wp-content\/uploads\/2021\/12\/389-351_z_jpg.png\" \/>\n\t<meta property=\"og:image:width\" content=\"756\" \/>\n\t<meta property=\"og:image:height\" content=\"756\" \/>\n\t<meta property=\"og:image:type\" content=\"image\/png\" \/>\n<meta name=\"twitter:card\" content=\"summary_large_image\" \/>\n<script type=\"application\/ld+json\" class=\"yoast-schema-graph\">{\"@context\":\"https:\\\/\\\/schema.org\",\"@graph\":[{\"@type\":\"WebPage\",\"@id\":\"https:\\\/\\\/techmasterdemexico.com\\\/producto\\\/micrometros-digitales-para-espesor-de-chapas-0-25-mm-0-1-inch-metric-spherical-anvil-spindle\\\/\",\"url\":\"https:\\\/\\\/techmasterdemexico.com\\\/producto\\\/micrometros-digitales-para-espesor-de-chapas-0-25-mm-0-1-inch-metric-spherical-anvil-spindle\\\/\",\"name\":\"Micr\u00f3metros digitales para espesor de chapas 0-25 mm\\\/0-1\\\" Inch\\\/Metric, Spherical Anvil\\\/Spindle - Techmaster de Mexico\",\"isPartOf\":{\"@id\":\"https:\\\/\\\/techmasterdemexico.com\\\/#website\"},\"primaryImageOfPage\":{\"@id\":\"https:\\\/\\\/techmasterdemexico.com\\\/producto\\\/micrometros-digitales-para-espesor-de-chapas-0-25-mm-0-1-inch-metric-spherical-anvil-spindle\\\/#primaryimage\"},\"image\":{\"@id\":\"https:\\\/\\\/techmasterdemexico.com\\\/producto\\\/micrometros-digitales-para-espesor-de-chapas-0-25-mm-0-1-inch-metric-spherical-anvil-spindle\\\/#primaryimage\"},\"thumbnailUrl\":\"https:\\\/\\\/techmasterdemexico.com\\\/wp-content\\\/uploads\\\/2021\\\/12\\\/389-351_z_jpg.png\",\"datePublished\":\"2021-12-22T01:26:39+00:00\",\"dateModified\":\"2022-02-27T23:27:01+00:00\",\"breadcrumb\":{\"@id\":\"https:\\\/\\\/techmasterdemexico.com\\\/producto\\\/micrometros-digitales-para-espesor-de-chapas-0-25-mm-0-1-inch-metric-spherical-anvil-spindle\\\/#breadcrumb\"},\"inLanguage\":\"en-US\",\"potentialAction\":[{\"@type\":\"ReadAction\",\"target\":[\"https:\\\/\\\/techmasterdemexico.com\\\/producto\\\/micrometros-digitales-para-espesor-de-chapas-0-25-mm-0-1-inch-metric-spherical-anvil-spindle\\\/\"]}]},{\"@type\":\"ImageObject\",\"inLanguage\":\"en-US\",\"@id\":\"https:\\\/\\\/techmasterdemexico.com\\\/producto\\\/micrometros-digitales-para-espesor-de-chapas-0-25-mm-0-1-inch-metric-spherical-anvil-spindle\\\/#primaryimage\",\"url\":\"https:\\\/\\\/techmasterdemexico.com\\\/wp-content\\\/uploads\\\/2021\\\/12\\\/389-351_z_jpg.png\",\"contentUrl\":\"https:\\\/\\\/techmasterdemexico.com\\\/wp-content\\\/uploads\\\/2021\\\/12\\\/389-351_z_jpg.png\",\"width\":756,\"height\":756},{\"@type\":\"BreadcrumbList\",\"@id\":\"https:\\\/\\\/techmasterdemexico.com\\\/producto\\\/micrometros-digitales-para-espesor-de-chapas-0-25-mm-0-1-inch-metric-spherical-anvil-spindle\\\/#breadcrumb\",\"itemListElement\":[{\"@type\":\"ListItem\",\"position\":1,\"name\":\"Portada\",\"item\":\"https:\\\/\\\/techmasterdemexico.com\\\/\"},{\"@type\":\"ListItem\",\"position\":2,\"name\":\"Micr\u00f3metros digitales para espesor de chapas 0-25 mm\\\/0-1&#8243; Inch\\\/Metric, Spherical Anvil\\\/Spindle\"}]},{\"@type\":\"WebSite\",\"@id\":\"https:\\\/\\\/techmasterdemexico.com\\\/#website\",\"url\":\"https:\\\/\\\/techmasterdemexico.com\\\/\",\"name\":\"Techmaster de Mexico\",\"description\":\"\",\"potentialAction\":[{\"@type\":\"SearchAction\",\"target\":{\"@type\":\"EntryPoint\",\"urlTemplate\":\"https:\\\/\\\/techmasterdemexico.com\\\/?s={search_term_string}\"},\"query-input\":{\"@type\":\"PropertyValueSpecification\",\"valueRequired\":true,\"valueName\":\"search_term_string\"}}],\"inLanguage\":\"en-US\"}]}<\/script>\n<!-- \/ Yoast SEO plugin. -->","yoast_head_json":{"title":"Micr\u00f3metros digitales para espesor de chapas 0-25 mm\/0-1\" Inch\/Metric, Spherical Anvil\/Spindle - Techmaster de Mexico","robots":{"index":"index","follow":"follow","max-snippet":"max-snippet:-1","max-image-preview":"max-image-preview:large","max-video-preview":"max-video-preview:-1"},"canonical":"https:\/\/techmasterdemexico.com\/producto\/micrometros-digitales-para-espesor-de-chapas-0-25-mm-0-1-inch-metric-spherical-anvil-spindle\/","og_locale":"en_US","og_type":"article","og_title":"Micr\u00f3metros digitales para espesor de chapas 0-25 mm\/0-1\" Inch\/Metric, Spherical Anvil\/Spindle - Techmaster de Mexico","og_description":"Rango:  0 - 1\u00a0[Inch]    Parallelism:  0,00012\"    Resoluci\u00f3n:  0,00005\"\/0,001 mm    Maximum Permissible Error J MPE:  \u00b10,0002\"    Apoyo \/ Punta:  Type C, spherical\/spherical    Presi\u00f3n de medida (N):  3 - 8\u00a0N    Peso:  840\u00a0g    Visualizador:  LCD, character height 7.5 mm    Superficies de medici\u00f3n:  Contactos de metal duro, micro-lapeados    Husillo de medici\u00f3n:  \u00f86,35 mm, avance husillo 0,5 mm con freno    Scale:  Thimble and sleeve satin chrome finish, \u00f818 mm    Fuente de alimentaci\u00f3n:  Battery SR-44    Duraci\u00f3n bateria:  Approx. 2,4 years, approx. 1,8 years (389-514)    2 Preselecci\u00f3n:  Si    Metrica-pulgadas:  Inch\/m\u00e9trica    Precisi\u00f3n:  Referirse al listado de especificaciones (exceptuando error de cuantificaci\u00f3n)    Digital\/Analog:  -    Battery life:  Approx. 2,4 years    Entregado:  Including box. key, 1 battery","og_url":"https:\/\/techmasterdemexico.com\/producto\/micrometros-digitales-para-espesor-de-chapas-0-25-mm-0-1-inch-metric-spherical-anvil-spindle\/","og_site_name":"Techmaster de Mexico","article_modified_time":"2022-02-27T23:27:01+00:00","og_image":[{"width":756,"height":756,"url":"https:\/\/techmasterdemexico.com\/wp-content\/uploads\/2021\/12\/389-351_z_jpg.png","type":"image\/png"}],"twitter_card":"summary_large_image","schema":{"@context":"https:\/\/schema.org","@graph":[{"@type":"WebPage","@id":"https:\/\/techmasterdemexico.com\/producto\/micrometros-digitales-para-espesor-de-chapas-0-25-mm-0-1-inch-metric-spherical-anvil-spindle\/","url":"https:\/\/techmasterdemexico.com\/producto\/micrometros-digitales-para-espesor-de-chapas-0-25-mm-0-1-inch-metric-spherical-anvil-spindle\/","name":"Micr\u00f3metros digitales para espesor de chapas 0-25 mm\/0-1\" Inch\/Metric, Spherical Anvil\/Spindle - Techmaster de Mexico","isPartOf":{"@id":"https:\/\/techmasterdemexico.com\/#website"},"primaryImageOfPage":{"@id":"https:\/\/techmasterdemexico.com\/producto\/micrometros-digitales-para-espesor-de-chapas-0-25-mm-0-1-inch-metric-spherical-anvil-spindle\/#primaryimage"},"image":{"@id":"https:\/\/techmasterdemexico.com\/producto\/micrometros-digitales-para-espesor-de-chapas-0-25-mm-0-1-inch-metric-spherical-anvil-spindle\/#primaryimage"},"thumbnailUrl":"https:\/\/techmasterdemexico.com\/wp-content\/uploads\/2021\/12\/389-351_z_jpg.png","datePublished":"2021-12-22T01:26:39+00:00","dateModified":"2022-02-27T23:27:01+00:00","breadcrumb":{"@id":"https:\/\/techmasterdemexico.com\/producto\/micrometros-digitales-para-espesor-de-chapas-0-25-mm-0-1-inch-metric-spherical-anvil-spindle\/#breadcrumb"},"inLanguage":"en-US","potentialAction":[{"@type":"ReadAction","target":["https:\/\/techmasterdemexico.com\/producto\/micrometros-digitales-para-espesor-de-chapas-0-25-mm-0-1-inch-metric-spherical-anvil-spindle\/"]}]},{"@type":"ImageObject","inLanguage":"en-US","@id":"https:\/\/techmasterdemexico.com\/producto\/micrometros-digitales-para-espesor-de-chapas-0-25-mm-0-1-inch-metric-spherical-anvil-spindle\/#primaryimage","url":"https:\/\/techmasterdemexico.com\/wp-content\/uploads\/2021\/12\/389-351_z_jpg.png","contentUrl":"https:\/\/techmasterdemexico.com\/wp-content\/uploads\/2021\/12\/389-351_z_jpg.png","width":756,"height":756},{"@type":"BreadcrumbList","@id":"https:\/\/techmasterdemexico.com\/producto\/micrometros-digitales-para-espesor-de-chapas-0-25-mm-0-1-inch-metric-spherical-anvil-spindle\/#breadcrumb","itemListElement":[{"@type":"ListItem","position":1,"name":"Portada","item":"https:\/\/techmasterdemexico.com\/"},{"@type":"ListItem","position":2,"name":"Micr\u00f3metros digitales para espesor de chapas 0-25 mm\/0-1&#8243; Inch\/Metric, Spherical Anvil\/Spindle"}]},{"@type":"WebSite","@id":"https:\/\/techmasterdemexico.com\/#website","url":"https:\/\/techmasterdemexico.com\/","name":"Techmaster de Mexico","description":"","potentialAction":[{"@type":"SearchAction","target":{"@type":"EntryPoint","urlTemplate":"https:\/\/techmasterdemexico.com\/?s={search_term_string}"},"query-input":{"@type":"PropertyValueSpecification","valueRequired":true,"valueName":"search_term_string"}}],"inLanguage":"en-US"}]}},"brands":[{"id":39,"name":"Mitutoyo","slug":"mitutoyo"}],"_links":{"self":[{"href":"https:\/\/techmasterdemexico.com\/en\/wp-json\/wp\/v2\/product\/16565","targetHints":{"allow":["GET"]}}],"collection":[{"href":"https:\/\/techmasterdemexico.com\/en\/wp-json\/wp\/v2\/product"}],"about":[{"href":"https:\/\/techmasterdemexico.com\/en\/wp-json\/wp\/v2\/types\/product"}],"wp:featuredmedia":[{"embeddable":true,"href":"https:\/\/techmasterdemexico.com\/en\/wp-json\/wp\/v2\/media\/18699"}],"wp:attachment":[{"href":"https:\/\/techmasterdemexico.com\/en\/wp-json\/wp\/v2\/media?parent=16565"}],"wp:term":[{"taxonomy":"pwb-brand","embeddable":true,"href":"https:\/\/techmasterdemexico.com\/en\/wp-json\/wp\/v2\/pwb-brand?post=16565"},{"taxonomy":"product_brand","embeddable":true,"href":"https:\/\/techmasterdemexico.com\/en\/wp-json\/wp\/v2\/product_brand?post=16565"},{"taxonomy":"product_cat","embeddable":true,"href":"https:\/\/techmasterdemexico.com\/en\/wp-json\/wp\/v2\/product_cat?post=16565"},{"taxonomy":"product_tag","embeddable":true,"href":"https:\/\/techmasterdemexico.com\/en\/wp-json\/wp\/v2\/product_tag?post=16565"}],"curies":[{"name":"wp","href":"https:\/\/api.w.org\/{rel}","templated":true}]}}