{"id":16554,"date":"2021-12-22T01:26:15","date_gmt":"2021-12-22T01:26:15","guid":{"rendered":"https:\/\/techmastermx.ddns.net\/producto\/high-accuracy-digital-micrometer-0-1-absolute-digimatic-2\/"},"modified":"2022-02-27T23:42:52","modified_gmt":"2022-02-27T23:42:52","slug":"high-accuracy-digital-micrometer-0-1-absolute-digimatic-2","status":"publish","type":"product","link":"https:\/\/techmasterdemexico.com\/en\/producto\/high-accuracy-digital-micrometer-0-1-absolute-digimatic-2\/","title":{"rendered":"High Accuracy Digital Micrometer 0-1&#8243;, Absolute Digimatic 2"},"content":{"rendered":"<p>High Accuracy Digital Micrometer<br \/>\n0-1&#8243;, Absolute Digimatic 2<br \/>\nN\u00famero de art\u00edculo: 293-130-10<\/p>\n<p>&nbsp;<\/p>\n<p>Este micr\u00f3metro permite mediciones de resoluci\u00f3n de 0.1 \u03bcm y esideal para clientes que necesitan realizar mediciones altamente precisas con una herramienta de mano (como el an\u00e1lisis Gauge R &amp; R).El micr\u00f3metro Absoluto de alta precisi\u00f3n le ofrece las siguientes ventajas:<\/p>\n<ul>\n<li>Ofrece una mayor precisi\u00f3n sin sacrificar la operatividad, al utilizar el innovador rotativo ABS (absoluto) de Mitutoyo con resoluci\u00f3n de 0.1 \u03bcmSensor y tecnolog\u00eda de mecanizado de tornillo de alta precisi\u00f3n quereduce el error instrumental a solo 0.5 \u03bcm.<\/li>\n<li>Su cuerpo altamente r\u00edgido y su fuerza constante de alto rendimiento. El mecanismo (7-9 N) permite una medici\u00f3n m\u00e1s estable.<\/li>\n<\/ul>\n","protected":false},"excerpt":{"rendered":"<table class=\"product_properties\">\n<tbody>\n<tr class=\"table-row-odd\">\n<td class=\"parameter\">\n<div class=\"product_properties_propertyName\"><span class=\"name\">Rango:<\/span><\/div>\n<\/td>\n<td class=\"value\">\n<div class=\"product_properties_propertyValue\">0 &#8211; 1<span class=\"shortName\">\u00a0[Inch]<\/span><\/div>\n<\/td>\n<\/tr>\n<tr class=\"table-row-even\">\n<td class=\"parameter\">\n<div class=\"product_properties_propertyName\"><span class=\"name\">Resoluci\u00f3n:<\/span><\/div>\n<\/td>\n<td class=\"value\">\n<div class=\"product_properties_propertyValue\">0.000005&#8243;\/0.00002&#8243;<br \/>\n0.0001 mm\/0.0005 mm (conmutable)<\/div>\n<\/td>\n<\/tr>\n<tr class=\"table-row-odd\">\n<td class=\"parameter\">\n<div class=\"product_properties_propertyName\"><span class=\"name\">Maximum Permissible Error J MPE:<\/span><\/div>\n<\/td>\n<td class=\"value\">\n<div class=\"product_properties_propertyValue\">\u00b10,00002&#8243;<\/div>\n<\/td>\n<\/tr>\n<tr class=\"table-row-even\">\n<td class=\"parameter\">\n<div class=\"product_properties_propertyName\"><span class=\"name\">Presi\u00f3n de medida (N):<\/span><\/div>\n<\/td>\n<td class=\"value\">\n<div class=\"product_properties_propertyValue\">7 &#8211; 9<span class=\"shortName\">\u00a0N<\/span><\/div>\n<\/td>\n<\/tr>\n<tr class=\"table-row-odd\">\n<td class=\"parameter\">\n<div class=\"product_properties_propertyName\"><span class=\"name\">Peso:<\/span><\/div>\n<\/td>\n<td class=\"value\">\n<div class=\"product_properties_propertyValue\">400<span class=\"shortName\">\u00a0g<\/span><\/div>\n<\/td>\n<\/tr>\n<tr class=\"table-row-even\">\n<td class=\"parameter\">\n<div class=\"product_properties_propertyName\"><span class=\"name\">Salida de datos:<\/span><\/div>\n<\/td>\n<td class=\"value\">\n<div class=\"product_properties_propertyValue\">Yes<\/div>\n<\/td>\n<\/tr>\n<tr class=\"table-row-odd\">\n<td class=\"parameter\">\n<div class=\"product_properties_propertyName\"><span class=\"name\">Visualizador:<\/span><\/div>\n<\/td>\n<td class=\"value\">\n<div class=\"product_properties_propertyValue\">LCD, character height 7.5 mm<\/div>\n<\/td>\n<\/tr>\n<tr class=\"table-row-even\">\n<td class=\"parameter\">\n<div class=\"product_properties_propertyName\"><span class=\"name\">Superficies de medici\u00f3n:<\/span><\/div>\n<\/td>\n<td class=\"value\">\n<div class=\"product_properties_propertyValue\">Carbide-tipped, micro-lap finish, \u00f83.2 mm<\/div>\n<\/td>\n<\/tr>\n<tr class=\"table-row-odd\">\n<td class=\"parameter\">\n<div class=\"product_properties_propertyName\"><span class=\"name\">Husillo de medici\u00f3n:<\/span><\/div>\n<\/td>\n<td class=\"value\">\n<div class=\"product_properties_propertyValue\">With spindle lock, \u00f86,35 mm, spindle pitch 0,5 mm<\/div>\n<\/td>\n<\/tr>\n<tr class=\"table-row-even\">\n<td class=\"parameter\">\n<div class=\"product_properties_propertyName\"><span class=\"name\">Scale:<\/span><\/div>\n<\/td>\n<td class=\"value\">\n<div class=\"product_properties_propertyValue\">Thimble and sleeve satin chrome finish, \u00f825 mm<\/div>\n<\/td>\n<\/tr>\n<tr class=\"table-row-odd\">\n<td class=\"parameter\">\n<div class=\"product_properties_propertyName\"><span class=\"name\">Fuente de alimentaci\u00f3n:<\/span><\/div>\n<\/td>\n<td class=\"value\">\n<div class=\"product_properties_propertyValue\">1 lithium battery CR-2032<\/div>\n<\/td>\n<\/tr>\n<tr class=\"table-row-even\">\n<td class=\"parameter\">\n<div class=\"product_properties_propertyName\"><span class=\"name\">Duraci\u00f3n bateria:<\/span><\/div>\n<\/td>\n<td class=\"value\">\n<div class=\"product_properties_propertyValue\">Approx. 2 years<\/div>\n<\/td>\n<\/tr>\n<tr class=\"table-row-odd\">\n<td class=\"parameter\">\n<div class=\"product_properties_propertyName\"><span class=\"name\">Resoluci\u00f3n de conmutaci\u00f3n:<\/span><\/div>\n<\/td>\n<td class=\"value\">\n<div class=\"product_properties_propertyValue\">Si<\/div>\n<\/td>\n<\/tr>\n<tr class=\"table-row-even\">\n<td class=\"parameter\">\n<div class=\"product_properties_propertyName\"><span class=\"name\">Metrica-pulgadas:<\/span><\/div>\n<\/td>\n<td class=\"value\">\n<div class=\"product_properties_propertyValue\">Inch\/m\u00e9trica<\/div>\n<\/td>\n<\/tr>\n<tr class=\"table-row-odd\">\n<td class=\"parameter\">\n<div class=\"product_properties_propertyName\"><span class=\"name\">Digital\/Analog:<\/span><\/div>\n<\/td>\n<td class=\"value\">\n<div class=\"product_properties_propertyValue\">&#8211;<\/div>\n<\/td>\n<\/tr>\n<tr class=\"table-row-even\">\n<td class=\"parameter\">\n<div class=\"product_properties_propertyName\"><span class=\"name\">Battery life:<\/span><\/div>\n<\/td>\n<td class=\"value\">\n<div class=\"product_properties_propertyValue\">Approx. 2 years<\/div>\n<\/td>\n<\/tr>\n<tr class=\"table-row-odd\">\n<td class=\"parameter\">\n<div class=\"product_properties_propertyName\"><span class=\"name\">Entregado:<\/span><\/div>\n<\/td>\n<td class=\"value\">\n<div class=\"product_properties_propertyValue\">Including box, key, driver, 1 battery, heat insulating cover, certificate of inspection<\/div>\n<\/td>\n<\/tr>\n<\/tbody>\n<\/table>\n","protected":false},"featured_media":18708,"template":"","meta":{"_acf_changed":false},"pwb-brand":[39],"product_brand":[],"product_cat":[366,331,74,432,38],"product_tag":[],"class_list":{"0":"post-16554","1":"product","2":"type-product","3":"status-publish","4":"has-post-thumbnail","6":"pwb-brand-mitutoyo","7":"product_cat-todos-los-productos","8":"product_cat-instrumentos-de-medicion-y-gestion-de-datos","9":"product_cat-micrometros","10":"product_cat-micrometros-digimatic-y-micrometros-mecanicos","11":"product_cat-mitutoyo","13":"first","14":"instock","15":"taxable","16":"shipping-taxable","17":"product-type-simple"},"acf":[],"yoast_head":"<!-- This site is optimized with the Yoast SEO plugin v27.3 - https:\/\/yoast.com\/product\/yoast-seo-wordpress\/ -->\n<title>High Accuracy Digital Micrometer 0-1&quot;, Absolute Digimatic 2 - Techmaster de Mexico<\/title>\n<meta name=\"robots\" content=\"index, follow, max-snippet:-1, max-image-preview:large, max-video-preview:-1\" \/>\n<link rel=\"canonical\" href=\"https:\/\/techmasterdemexico.com\/producto\/high-accuracy-digital-micrometer-0-1-absolute-digimatic-2\/\" \/>\n<meta property=\"og:locale\" content=\"en_US\" \/>\n<meta property=\"og:type\" content=\"article\" \/>\n<meta property=\"og:title\" content=\"High Accuracy Digital Micrometer 0-1&quot;, Absolute Digimatic 2 - Techmaster de Mexico\" \/>\n<meta property=\"og:description\" content=\"Rango:  0 - 1\u00a0[Inch]    Resoluci\u00f3n:  0.000005&quot;\/0.00002&quot; 0.0001 mm\/0.0005 mm (conmutable)    Maximum Permissible Error J MPE:  \u00b10,00002&quot;    Presi\u00f3n de medida (N):  7 - 9\u00a0N    Peso:  400\u00a0g    Salida de datos:  Yes    Visualizador:  LCD, character height 7.5 mm    Superficies de medici\u00f3n:  Carbide-tipped, micro-lap finish, \u00f83.2 mm    Husillo de medici\u00f3n:  With spindle lock, \u00f86,35 mm, spindle pitch 0,5 mm    Scale:  Thimble and sleeve satin chrome finish, \u00f825 mm    Fuente de alimentaci\u00f3n:  1 lithium battery CR-2032    Duraci\u00f3n bateria:  Approx. 2 years    Resoluci\u00f3n de conmutaci\u00f3n:  Si    Metrica-pulgadas:  Inch\/m\u00e9trica    Digital\/Analog:  -    Battery life:  Approx. 2 years    Entregado:  Including box, key, driver, 1 battery, heat insulating cover, certificate of inspection\" \/>\n<meta property=\"og:url\" content=\"https:\/\/techmasterdemexico.com\/producto\/high-accuracy-digital-micrometer-0-1-absolute-digimatic-2\/\" \/>\n<meta property=\"og:site_name\" content=\"Techmaster de Mexico\" \/>\n<meta property=\"article:modified_time\" content=\"2022-02-27T23:42:52+00:00\" \/>\n<meta property=\"og:image\" content=\"https:\/\/techmasterdemexico.com\/wp-content\/uploads\/2021\/12\/293-130-10_z1_eps.png\" \/>\n\t<meta property=\"og:image:width\" content=\"600\" \/>\n\t<meta property=\"og:image:height\" content=\"600\" \/>\n\t<meta property=\"og:image:type\" content=\"image\/png\" \/>\n<meta name=\"twitter:card\" content=\"summary_large_image\" \/>\n<meta name=\"twitter:label1\" content=\"Est. reading time\" \/>\n\t<meta name=\"twitter:data1\" content=\"1 minute\" \/>\n<script type=\"application\/ld+json\" class=\"yoast-schema-graph\">{\"@context\":\"https:\\\/\\\/schema.org\",\"@graph\":[{\"@type\":\"WebPage\",\"@id\":\"https:\\\/\\\/techmasterdemexico.com\\\/producto\\\/high-accuracy-digital-micrometer-0-1-absolute-digimatic-2\\\/\",\"url\":\"https:\\\/\\\/techmasterdemexico.com\\\/producto\\\/high-accuracy-digital-micrometer-0-1-absolute-digimatic-2\\\/\",\"name\":\"High Accuracy Digital Micrometer 0-1\\\", Absolute Digimatic 2 - Techmaster de Mexico\",\"isPartOf\":{\"@id\":\"https:\\\/\\\/techmasterdemexico.com\\\/#website\"},\"primaryImageOfPage\":{\"@id\":\"https:\\\/\\\/techmasterdemexico.com\\\/producto\\\/high-accuracy-digital-micrometer-0-1-absolute-digimatic-2\\\/#primaryimage\"},\"image\":{\"@id\":\"https:\\\/\\\/techmasterdemexico.com\\\/producto\\\/high-accuracy-digital-micrometer-0-1-absolute-digimatic-2\\\/#primaryimage\"},\"thumbnailUrl\":\"https:\\\/\\\/techmasterdemexico.com\\\/wp-content\\\/uploads\\\/2021\\\/12\\\/293-130-10_z1_eps.png\",\"datePublished\":\"2021-12-22T01:26:15+00:00\",\"dateModified\":\"2022-02-27T23:42:52+00:00\",\"breadcrumb\":{\"@id\":\"https:\\\/\\\/techmasterdemexico.com\\\/producto\\\/high-accuracy-digital-micrometer-0-1-absolute-digimatic-2\\\/#breadcrumb\"},\"inLanguage\":\"en-US\",\"potentialAction\":[{\"@type\":\"ReadAction\",\"target\":[\"https:\\\/\\\/techmasterdemexico.com\\\/producto\\\/high-accuracy-digital-micrometer-0-1-absolute-digimatic-2\\\/\"]}]},{\"@type\":\"ImageObject\",\"inLanguage\":\"en-US\",\"@id\":\"https:\\\/\\\/techmasterdemexico.com\\\/producto\\\/high-accuracy-digital-micrometer-0-1-absolute-digimatic-2\\\/#primaryimage\",\"url\":\"https:\\\/\\\/techmasterdemexico.com\\\/wp-content\\\/uploads\\\/2021\\\/12\\\/293-130-10_z1_eps.png\",\"contentUrl\":\"https:\\\/\\\/techmasterdemexico.com\\\/wp-content\\\/uploads\\\/2021\\\/12\\\/293-130-10_z1_eps.png\",\"width\":600,\"height\":600},{\"@type\":\"BreadcrumbList\",\"@id\":\"https:\\\/\\\/techmasterdemexico.com\\\/producto\\\/high-accuracy-digital-micrometer-0-1-absolute-digimatic-2\\\/#breadcrumb\",\"itemListElement\":[{\"@type\":\"ListItem\",\"position\":1,\"name\":\"Portada\",\"item\":\"https:\\\/\\\/techmasterdemexico.com\\\/\"},{\"@type\":\"ListItem\",\"position\":2,\"name\":\"High Accuracy Digital Micrometer 0-1&#8243;, Absolute Digimatic 2\"}]},{\"@type\":\"WebSite\",\"@id\":\"https:\\\/\\\/techmasterdemexico.com\\\/#website\",\"url\":\"https:\\\/\\\/techmasterdemexico.com\\\/\",\"name\":\"Techmaster de Mexico\",\"description\":\"\",\"potentialAction\":[{\"@type\":\"SearchAction\",\"target\":{\"@type\":\"EntryPoint\",\"urlTemplate\":\"https:\\\/\\\/techmasterdemexico.com\\\/?s={search_term_string}\"},\"query-input\":{\"@type\":\"PropertyValueSpecification\",\"valueRequired\":true,\"valueName\":\"search_term_string\"}}],\"inLanguage\":\"en-US\"}]}<\/script>\n<!-- \/ Yoast SEO plugin. -->","yoast_head_json":{"title":"High Accuracy Digital Micrometer 0-1\", Absolute Digimatic 2 - Techmaster de Mexico","robots":{"index":"index","follow":"follow","max-snippet":"max-snippet:-1","max-image-preview":"max-image-preview:large","max-video-preview":"max-video-preview:-1"},"canonical":"https:\/\/techmasterdemexico.com\/producto\/high-accuracy-digital-micrometer-0-1-absolute-digimatic-2\/","og_locale":"en_US","og_type":"article","og_title":"High Accuracy Digital Micrometer 0-1\", Absolute Digimatic 2 - Techmaster de Mexico","og_description":"Rango:  0 - 1\u00a0[Inch]    Resoluci\u00f3n:  0.000005\"\/0.00002\" 0.0001 mm\/0.0005 mm (conmutable)    Maximum Permissible Error J MPE:  \u00b10,00002\"    Presi\u00f3n de medida (N):  7 - 9\u00a0N    Peso:  400\u00a0g    Salida de datos:  Yes    Visualizador:  LCD, character height 7.5 mm    Superficies de medici\u00f3n:  Carbide-tipped, micro-lap finish, \u00f83.2 mm    Husillo de medici\u00f3n:  With spindle lock, \u00f86,35 mm, spindle pitch 0,5 mm    Scale:  Thimble and sleeve satin chrome finish, \u00f825 mm    Fuente de alimentaci\u00f3n:  1 lithium battery CR-2032    Duraci\u00f3n bateria:  Approx. 2 years    Resoluci\u00f3n de conmutaci\u00f3n:  Si    Metrica-pulgadas:  Inch\/m\u00e9trica    Digital\/Analog:  -    Battery life:  Approx. 2 years    Entregado:  Including box, key, driver, 1 battery, heat insulating cover, certificate of inspection","og_url":"https:\/\/techmasterdemexico.com\/producto\/high-accuracy-digital-micrometer-0-1-absolute-digimatic-2\/","og_site_name":"Techmaster de Mexico","article_modified_time":"2022-02-27T23:42:52+00:00","og_image":[{"width":600,"height":600,"url":"https:\/\/techmasterdemexico.com\/wp-content\/uploads\/2021\/12\/293-130-10_z1_eps.png","type":"image\/png"}],"twitter_card":"summary_large_image","twitter_misc":{"Est. reading time":"1 minute"},"schema":{"@context":"https:\/\/schema.org","@graph":[{"@type":"WebPage","@id":"https:\/\/techmasterdemexico.com\/producto\/high-accuracy-digital-micrometer-0-1-absolute-digimatic-2\/","url":"https:\/\/techmasterdemexico.com\/producto\/high-accuracy-digital-micrometer-0-1-absolute-digimatic-2\/","name":"High Accuracy Digital Micrometer 0-1\", Absolute Digimatic 2 - Techmaster de Mexico","isPartOf":{"@id":"https:\/\/techmasterdemexico.com\/#website"},"primaryImageOfPage":{"@id":"https:\/\/techmasterdemexico.com\/producto\/high-accuracy-digital-micrometer-0-1-absolute-digimatic-2\/#primaryimage"},"image":{"@id":"https:\/\/techmasterdemexico.com\/producto\/high-accuracy-digital-micrometer-0-1-absolute-digimatic-2\/#primaryimage"},"thumbnailUrl":"https:\/\/techmasterdemexico.com\/wp-content\/uploads\/2021\/12\/293-130-10_z1_eps.png","datePublished":"2021-12-22T01:26:15+00:00","dateModified":"2022-02-27T23:42:52+00:00","breadcrumb":{"@id":"https:\/\/techmasterdemexico.com\/producto\/high-accuracy-digital-micrometer-0-1-absolute-digimatic-2\/#breadcrumb"},"inLanguage":"en-US","potentialAction":[{"@type":"ReadAction","target":["https:\/\/techmasterdemexico.com\/producto\/high-accuracy-digital-micrometer-0-1-absolute-digimatic-2\/"]}]},{"@type":"ImageObject","inLanguage":"en-US","@id":"https:\/\/techmasterdemexico.com\/producto\/high-accuracy-digital-micrometer-0-1-absolute-digimatic-2\/#primaryimage","url":"https:\/\/techmasterdemexico.com\/wp-content\/uploads\/2021\/12\/293-130-10_z1_eps.png","contentUrl":"https:\/\/techmasterdemexico.com\/wp-content\/uploads\/2021\/12\/293-130-10_z1_eps.png","width":600,"height":600},{"@type":"BreadcrumbList","@id":"https:\/\/techmasterdemexico.com\/producto\/high-accuracy-digital-micrometer-0-1-absolute-digimatic-2\/#breadcrumb","itemListElement":[{"@type":"ListItem","position":1,"name":"Portada","item":"https:\/\/techmasterdemexico.com\/"},{"@type":"ListItem","position":2,"name":"High Accuracy Digital Micrometer 0-1&#8243;, Absolute Digimatic 2"}]},{"@type":"WebSite","@id":"https:\/\/techmasterdemexico.com\/#website","url":"https:\/\/techmasterdemexico.com\/","name":"Techmaster de Mexico","description":"","potentialAction":[{"@type":"SearchAction","target":{"@type":"EntryPoint","urlTemplate":"https:\/\/techmasterdemexico.com\/?s={search_term_string}"},"query-input":{"@type":"PropertyValueSpecification","valueRequired":true,"valueName":"search_term_string"}}],"inLanguage":"en-US"}]}},"brands":[{"id":39,"name":"Mitutoyo","slug":"mitutoyo"}],"_links":{"self":[{"href":"https:\/\/techmasterdemexico.com\/en\/wp-json\/wp\/v2\/product\/16554","targetHints":{"allow":["GET"]}}],"collection":[{"href":"https:\/\/techmasterdemexico.com\/en\/wp-json\/wp\/v2\/product"}],"about":[{"href":"https:\/\/techmasterdemexico.com\/en\/wp-json\/wp\/v2\/types\/product"}],"wp:featuredmedia":[{"embeddable":true,"href":"https:\/\/techmasterdemexico.com\/en\/wp-json\/wp\/v2\/media\/18708"}],"wp:attachment":[{"href":"https:\/\/techmasterdemexico.com\/en\/wp-json\/wp\/v2\/media?parent=16554"}],"wp:term":[{"taxonomy":"pwb-brand","embeddable":true,"href":"https:\/\/techmasterdemexico.com\/en\/wp-json\/wp\/v2\/pwb-brand?post=16554"},{"taxonomy":"product_brand","embeddable":true,"href":"https:\/\/techmasterdemexico.com\/en\/wp-json\/wp\/v2\/product_brand?post=16554"},{"taxonomy":"product_cat","embeddable":true,"href":"https:\/\/techmasterdemexico.com\/en\/wp-json\/wp\/v2\/product_cat?post=16554"},{"taxonomy":"product_tag","embeddable":true,"href":"https:\/\/techmasterdemexico.com\/en\/wp-json\/wp\/v2\/product_tag?post=16554"}],"curies":[{"name":"wp","href":"https:\/\/api.w.org\/{rel}","templated":true}]}}