{"id":15930,"date":"2021-12-22T01:11:58","date_gmt":"2021-12-22T01:11:58","guid":{"rendered":"https:\/\/techmastermx.ddns.net\/producto\/absolute-digital-blade-mic-quickmike-inch-metric-ip65-0-12\/"},"modified":"2022-03-02T04:33:10","modified_gmt":"2022-03-02T04:33:10","slug":"absolute-digital-blade-mic-quickmike-inch-metric-ip65-0-12","status":"publish","type":"product","link":"https:\/\/techmasterdemexico.com\/en\/producto\/absolute-digital-blade-mic-quickmike-inch-metric-ip65-0-12\/","title":{"rendered":"Absolute Digital Blade Mic. QuickMike Inch\/Metric, IP65, 0-1,2&#8243;"},"content":{"rendered":"<p>Absolute Digital Blade Mic. QuickMike<br \/>\nInch\/Metric, IP65, 0-1,2&#8243;<br \/>\nN\u00famero de art\u00edculo: 422-421-20<\/p>\n<p>&nbsp;<\/p>\n<p>Este micr\u00f3metro de cuchillas Digim\u00e1tic ABSOLUTE Quickmike, est\u00e1 dise\u00f1ado para medir caracter\u00edsticas dif\u00edciles de alcanzar. Ofrece los siguientes beneficios:<\/p>\n<p>\u2022 Yunque y eje en forma de cuchilla para medir el di\u00e1metro de ranura de ejes, chaveteros y otras cotas de dif\u00edcil acceso.<br \/>\n\u2022 Husillo no giratorio<br \/>\n\u2022 Avance r\u00e1pido del husillo de 10 mm \/ revoluci\u00f3n.<\/p>\n","protected":false},"excerpt":{"rendered":"<table class=\"product_properties\">\n<tbody>\n<tr class=\"table-row-odd\">\n<td class=\"parameter\">\n<div class=\"product_properties_propertyName\"><span class=\"name\">Rango:<\/span><\/div>\n<\/td>\n<td class=\"value\">\n<div class=\"product_properties_propertyValue\">0 &#8211; 1.2<span class=\"shortName\">\u00a0[Inch]<\/span><\/div>\n<\/td>\n<\/tr>\n<tr class=\"table-row-even\">\n<td class=\"parameter\">\n<div class=\"product_properties_propertyName\"><span class=\"name\">Parallelism:<\/span><\/div>\n<\/td>\n<td class=\"value\">\n<div class=\"product_properties_propertyValue\">0,00015&#8243;<\/div>\n<\/td>\n<\/tr>\n<tr class=\"table-row-odd\">\n<td class=\"parameter\">\n<div class=\"product_properties_propertyName\"><span class=\"name\">Resoluci\u00f3n:<\/span><\/div>\n<\/td>\n<td class=\"value\">\n<div class=\"product_properties_propertyValue\">0,00005 inch\/0,001 mm<\/div>\n<\/td>\n<\/tr>\n<tr class=\"table-row-even\">\n<td class=\"parameter\">\n<div class=\"product_properties_propertyName\"><span class=\"name\">Maximum Permissible Error J MPE:<\/span><\/div>\n<\/td>\n<td class=\"value\">\n<div class=\"product_properties_propertyValue\">\u00b10,00015&#8243;<\/div>\n<\/td>\n<\/tr>\n<tr class=\"table-row-odd\">\n<td class=\"parameter\">\n<div class=\"product_properties_propertyName\"><span class=\"name\">Apoyo \/ Punta:<\/span><\/div>\n<\/td>\n<td class=\"value\">\n<div class=\"product_properties_propertyValue\">Type A, hardened steel t=0.75 mm<\/div>\n<\/td>\n<\/tr>\n<tr class=\"table-row-even\">\n<td class=\"parameter\">\n<div class=\"product_properties_propertyName\"><span class=\"name\">Presi\u00f3n de medida (N):<\/span><\/div>\n<\/td>\n<td class=\"value\">\n<div class=\"product_properties_propertyValue\">5 &#8211; 12<span class=\"shortName\">\u00a0N<\/span><\/div>\n<\/td>\n<\/tr>\n<tr class=\"table-row-odd\">\n<td class=\"parameter\">\n<div class=\"product_properties_propertyName\"><span class=\"name\">Peso:<\/span><\/div>\n<\/td>\n<td class=\"value\">\n<div class=\"product_properties_propertyValue\">355<span class=\"shortName\">\u00a0g<\/span><\/div>\n<\/td>\n<\/tr>\n<tr class=\"table-row-even\">\n<td class=\"parameter\">\n<div class=\"product_properties_propertyName\"><span class=\"name\">Visualizador:<\/span><\/div>\n<\/td>\n<td class=\"value\">\n<div class=\"product_properties_propertyValue\">LCD, character height 10 mm<\/div>\n<\/td>\n<\/tr>\n<tr class=\"table-row-odd\">\n<td class=\"parameter\">\n<div class=\"product_properties_propertyName\"><span class=\"name\">Superficies de medici\u00f3n:<\/span><\/div>\n<\/td>\n<td class=\"value\">\n<div class=\"product_properties_propertyValue\">Carbide-tipped or hardened steel spindle and anvil<\/div>\n<\/td>\n<\/tr>\n<tr class=\"table-row-even\">\n<td class=\"parameter\">\n<div class=\"product_properties_propertyName\"><span class=\"name\">Husillo de medici\u00f3n:<\/span><\/div>\n<\/td>\n<td class=\"value\">\n<div class=\"product_properties_propertyValue\">\u00f86,35 mm, non-rotating, 10 mm spindle feed<\/div>\n<\/td>\n<\/tr>\n<tr class=\"table-row-odd\">\n<td class=\"parameter\">\n<div class=\"product_properties_propertyName\"><span class=\"name\">Fuente de alimentaci\u00f3n:<\/span><\/div>\n<\/td>\n<td class=\"value\">\n<div class=\"product_properties_propertyValue\">1 battery SR-44<\/div>\n<\/td>\n<\/tr>\n<tr class=\"table-row-even\">\n<td class=\"parameter\">\n<div class=\"product_properties_propertyName\"><span class=\"name\">Duraci\u00f3n bateria:<\/span><\/div>\n<\/td>\n<td class=\"value\">\n<div class=\"product_properties_propertyValue\">Approx. 5 years<\/div>\n<\/td>\n<\/tr>\n<tr class=\"table-row-odd\">\n<td class=\"parameter\">\n<div class=\"product_properties_propertyName\"><span class=\"name\">Metrica-pulgadas:<\/span><\/div>\n<\/td>\n<td class=\"value\">\n<div class=\"product_properties_propertyValue\">Inch\/m\u00e9trica<\/div>\n<\/td>\n<\/tr>\n<tr class=\"table-row-even\">\n<td class=\"parameter\">\n<div class=\"product_properties_propertyName\"><span class=\"name\">Digital\/Analog:<\/span><\/div>\n<\/td>\n<td class=\"value\">\n<div class=\"product_properties_propertyValue\">&#8211;<\/div>\n<\/td>\n<\/tr>\n<tr class=\"table-row-odd\">\n<td class=\"parameter\">\n<div class=\"product_properties_propertyName\"><span class=\"name\">Battery life:<\/span><\/div>\n<\/td>\n<td class=\"value\">\n<div class=\"product_properties_propertyValue\">Approx. 5 years<\/div>\n<\/td>\n<\/tr>\n<tr class=\"table-row-even\">\n<td class=\"parameter\">\n<div class=\"product_properties_propertyName\"><span class=\"name\">Entregado:<\/span><\/div>\n<\/td>\n<td class=\"value\">\n<div class=\"product_properties_propertyValue\">Including box, setting standard (from 25 mm upward), 1 battery<\/div>\n<\/td>\n<\/tr>\n<\/tbody>\n<\/table>\n","protected":false},"featured_media":18860,"template":"","meta":{"_acf_changed":false},"pwb-brand":[39],"product_brand":[],"product_cat":[366,331,74,432,38],"product_tag":[],"class_list":{"0":"post-15930","1":"product","2":"type-product","3":"status-publish","4":"has-post-thumbnail","6":"pwb-brand-mitutoyo","7":"product_cat-todos-los-productos","8":"product_cat-instrumentos-de-medicion-y-gestion-de-datos","9":"product_cat-micrometros","10":"product_cat-micrometros-digimatic-y-micrometros-mecanicos","11":"product_cat-mitutoyo","13":"first","14":"instock","15":"taxable","16":"shipping-taxable","17":"product-type-simple"},"acf":[],"yoast_head":"<!-- This site is optimized with the Yoast SEO plugin v27.3 - https:\/\/yoast.com\/product\/yoast-seo-wordpress\/ -->\n<title>Absolute Digital Blade Mic. QuickMike Inch\/Metric, IP65, 0-1,2&quot; - Techmaster de Mexico<\/title>\n<meta name=\"robots\" content=\"index, follow, max-snippet:-1, max-image-preview:large, max-video-preview:-1\" \/>\n<link rel=\"canonical\" href=\"https:\/\/techmasterdemexico.com\/producto\/absolute-digital-blade-mic-quickmike-inch-metric-ip65-0-12\/\" \/>\n<meta property=\"og:locale\" content=\"en_US\" \/>\n<meta property=\"og:type\" content=\"article\" \/>\n<meta property=\"og:title\" content=\"Absolute Digital Blade Mic. QuickMike Inch\/Metric, IP65, 0-1,2&quot; - Techmaster de Mexico\" \/>\n<meta property=\"og:description\" content=\"Rango:  0 - 1.2\u00a0[Inch]    Parallelism:  0,00015&quot;    Resoluci\u00f3n:  0,00005 inch\/0,001 mm    Maximum Permissible Error J MPE:  \u00b10,00015&quot;    Apoyo \/ Punta:  Type A, hardened steel t=0.75 mm    Presi\u00f3n de medida (N):  5 - 12\u00a0N    Peso:  355\u00a0g    Visualizador:  LCD, character height 10 mm    Superficies de medici\u00f3n:  Carbide-tipped or hardened steel spindle and anvil    Husillo de medici\u00f3n:  \u00f86,35 mm, non-rotating, 10 mm spindle feed    Fuente de alimentaci\u00f3n:  1 battery SR-44    Duraci\u00f3n bateria:  Approx. 5 years    Metrica-pulgadas:  Inch\/m\u00e9trica    Digital\/Analog:  -    Battery life:  Approx. 5 years    Entregado:  Including box, setting standard (from 25 mm upward), 1 battery\" \/>\n<meta property=\"og:url\" content=\"https:\/\/techmasterdemexico.com\/producto\/absolute-digital-blade-mic-quickmike-inch-metric-ip65-0-12\/\" \/>\n<meta property=\"og:site_name\" content=\"Techmaster de Mexico\" \/>\n<meta property=\"article:modified_time\" content=\"2022-03-02T04:33:10+00:00\" \/>\n<meta property=\"og:image\" content=\"https:\/\/techmasterdemexico.com\/wp-content\/uploads\/2021\/12\/422-230_d10_eps.jpg\" \/>\n\t<meta property=\"og:image:width\" content=\"420\" \/>\n\t<meta property=\"og:image:height\" content=\"420\" \/>\n\t<meta property=\"og:image:type\" content=\"image\/jpeg\" \/>\n<meta name=\"twitter:card\" content=\"summary_large_image\" \/>\n<script type=\"application\/ld+json\" class=\"yoast-schema-graph\">{\"@context\":\"https:\\\/\\\/schema.org\",\"@graph\":[{\"@type\":\"WebPage\",\"@id\":\"https:\\\/\\\/techmasterdemexico.com\\\/producto\\\/absolute-digital-blade-mic-quickmike-inch-metric-ip65-0-12\\\/\",\"url\":\"https:\\\/\\\/techmasterdemexico.com\\\/producto\\\/absolute-digital-blade-mic-quickmike-inch-metric-ip65-0-12\\\/\",\"name\":\"Absolute Digital Blade Mic. QuickMike Inch\\\/Metric, IP65, 0-1,2\\\" - Techmaster de Mexico\",\"isPartOf\":{\"@id\":\"https:\\\/\\\/techmasterdemexico.com\\\/#website\"},\"primaryImageOfPage\":{\"@id\":\"https:\\\/\\\/techmasterdemexico.com\\\/producto\\\/absolute-digital-blade-mic-quickmike-inch-metric-ip65-0-12\\\/#primaryimage\"},\"image\":{\"@id\":\"https:\\\/\\\/techmasterdemexico.com\\\/producto\\\/absolute-digital-blade-mic-quickmike-inch-metric-ip65-0-12\\\/#primaryimage\"},\"thumbnailUrl\":\"https:\\\/\\\/techmasterdemexico.com\\\/wp-content\\\/uploads\\\/2021\\\/12\\\/422-230_d10_eps.jpg\",\"datePublished\":\"2021-12-22T01:11:58+00:00\",\"dateModified\":\"2022-03-02T04:33:10+00:00\",\"breadcrumb\":{\"@id\":\"https:\\\/\\\/techmasterdemexico.com\\\/producto\\\/absolute-digital-blade-mic-quickmike-inch-metric-ip65-0-12\\\/#breadcrumb\"},\"inLanguage\":\"en-US\",\"potentialAction\":[{\"@type\":\"ReadAction\",\"target\":[\"https:\\\/\\\/techmasterdemexico.com\\\/producto\\\/absolute-digital-blade-mic-quickmike-inch-metric-ip65-0-12\\\/\"]}]},{\"@type\":\"ImageObject\",\"inLanguage\":\"en-US\",\"@id\":\"https:\\\/\\\/techmasterdemexico.com\\\/producto\\\/absolute-digital-blade-mic-quickmike-inch-metric-ip65-0-12\\\/#primaryimage\",\"url\":\"https:\\\/\\\/techmasterdemexico.com\\\/wp-content\\\/uploads\\\/2021\\\/12\\\/422-230_d10_eps.jpg\",\"contentUrl\":\"https:\\\/\\\/techmasterdemexico.com\\\/wp-content\\\/uploads\\\/2021\\\/12\\\/422-230_d10_eps.jpg\",\"width\":420,\"height\":420},{\"@type\":\"BreadcrumbList\",\"@id\":\"https:\\\/\\\/techmasterdemexico.com\\\/producto\\\/absolute-digital-blade-mic-quickmike-inch-metric-ip65-0-12\\\/#breadcrumb\",\"itemListElement\":[{\"@type\":\"ListItem\",\"position\":1,\"name\":\"Portada\",\"item\":\"https:\\\/\\\/techmasterdemexico.com\\\/\"},{\"@type\":\"ListItem\",\"position\":2,\"name\":\"Absolute Digital Blade Mic. QuickMike Inch\\\/Metric, IP65, 0-1,2&#8243;\"}]},{\"@type\":\"WebSite\",\"@id\":\"https:\\\/\\\/techmasterdemexico.com\\\/#website\",\"url\":\"https:\\\/\\\/techmasterdemexico.com\\\/\",\"name\":\"Techmaster de Mexico\",\"description\":\"\",\"potentialAction\":[{\"@type\":\"SearchAction\",\"target\":{\"@type\":\"EntryPoint\",\"urlTemplate\":\"https:\\\/\\\/techmasterdemexico.com\\\/?s={search_term_string}\"},\"query-input\":{\"@type\":\"PropertyValueSpecification\",\"valueRequired\":true,\"valueName\":\"search_term_string\"}}],\"inLanguage\":\"en-US\"}]}<\/script>\n<!-- \/ Yoast SEO plugin. -->","yoast_head_json":{"title":"Absolute Digital Blade Mic. QuickMike Inch\/Metric, IP65, 0-1,2\" - Techmaster de Mexico","robots":{"index":"index","follow":"follow","max-snippet":"max-snippet:-1","max-image-preview":"max-image-preview:large","max-video-preview":"max-video-preview:-1"},"canonical":"https:\/\/techmasterdemexico.com\/producto\/absolute-digital-blade-mic-quickmike-inch-metric-ip65-0-12\/","og_locale":"en_US","og_type":"article","og_title":"Absolute Digital Blade Mic. QuickMike Inch\/Metric, IP65, 0-1,2\" - Techmaster de Mexico","og_description":"Rango:  0 - 1.2\u00a0[Inch]    Parallelism:  0,00015\"    Resoluci\u00f3n:  0,00005 inch\/0,001 mm    Maximum Permissible Error J MPE:  \u00b10,00015\"    Apoyo \/ Punta:  Type A, hardened steel t=0.75 mm    Presi\u00f3n de medida (N):  5 - 12\u00a0N    Peso:  355\u00a0g    Visualizador:  LCD, character height 10 mm    Superficies de medici\u00f3n:  Carbide-tipped or hardened steel spindle and anvil    Husillo de medici\u00f3n:  \u00f86,35 mm, non-rotating, 10 mm spindle feed    Fuente de alimentaci\u00f3n:  1 battery SR-44    Duraci\u00f3n bateria:  Approx. 5 years    Metrica-pulgadas:  Inch\/m\u00e9trica    Digital\/Analog:  -    Battery life:  Approx. 5 years    Entregado:  Including box, setting standard (from 25 mm upward), 1 battery","og_url":"https:\/\/techmasterdemexico.com\/producto\/absolute-digital-blade-mic-quickmike-inch-metric-ip65-0-12\/","og_site_name":"Techmaster de Mexico","article_modified_time":"2022-03-02T04:33:10+00:00","og_image":[{"width":420,"height":420,"url":"https:\/\/techmasterdemexico.com\/wp-content\/uploads\/2021\/12\/422-230_d10_eps.jpg","type":"image\/jpeg"}],"twitter_card":"summary_large_image","schema":{"@context":"https:\/\/schema.org","@graph":[{"@type":"WebPage","@id":"https:\/\/techmasterdemexico.com\/producto\/absolute-digital-blade-mic-quickmike-inch-metric-ip65-0-12\/","url":"https:\/\/techmasterdemexico.com\/producto\/absolute-digital-blade-mic-quickmike-inch-metric-ip65-0-12\/","name":"Absolute Digital Blade Mic. QuickMike Inch\/Metric, IP65, 0-1,2\" - Techmaster de Mexico","isPartOf":{"@id":"https:\/\/techmasterdemexico.com\/#website"},"primaryImageOfPage":{"@id":"https:\/\/techmasterdemexico.com\/producto\/absolute-digital-blade-mic-quickmike-inch-metric-ip65-0-12\/#primaryimage"},"image":{"@id":"https:\/\/techmasterdemexico.com\/producto\/absolute-digital-blade-mic-quickmike-inch-metric-ip65-0-12\/#primaryimage"},"thumbnailUrl":"https:\/\/techmasterdemexico.com\/wp-content\/uploads\/2021\/12\/422-230_d10_eps.jpg","datePublished":"2021-12-22T01:11:58+00:00","dateModified":"2022-03-02T04:33:10+00:00","breadcrumb":{"@id":"https:\/\/techmasterdemexico.com\/producto\/absolute-digital-blade-mic-quickmike-inch-metric-ip65-0-12\/#breadcrumb"},"inLanguage":"en-US","potentialAction":[{"@type":"ReadAction","target":["https:\/\/techmasterdemexico.com\/producto\/absolute-digital-blade-mic-quickmike-inch-metric-ip65-0-12\/"]}]},{"@type":"ImageObject","inLanguage":"en-US","@id":"https:\/\/techmasterdemexico.com\/producto\/absolute-digital-blade-mic-quickmike-inch-metric-ip65-0-12\/#primaryimage","url":"https:\/\/techmasterdemexico.com\/wp-content\/uploads\/2021\/12\/422-230_d10_eps.jpg","contentUrl":"https:\/\/techmasterdemexico.com\/wp-content\/uploads\/2021\/12\/422-230_d10_eps.jpg","width":420,"height":420},{"@type":"BreadcrumbList","@id":"https:\/\/techmasterdemexico.com\/producto\/absolute-digital-blade-mic-quickmike-inch-metric-ip65-0-12\/#breadcrumb","itemListElement":[{"@type":"ListItem","position":1,"name":"Portada","item":"https:\/\/techmasterdemexico.com\/"},{"@type":"ListItem","position":2,"name":"Absolute Digital Blade Mic. QuickMike Inch\/Metric, IP65, 0-1,2&#8243;"}]},{"@type":"WebSite","@id":"https:\/\/techmasterdemexico.com\/#website","url":"https:\/\/techmasterdemexico.com\/","name":"Techmaster de Mexico","description":"","potentialAction":[{"@type":"SearchAction","target":{"@type":"EntryPoint","urlTemplate":"https:\/\/techmasterdemexico.com\/?s={search_term_string}"},"query-input":{"@type":"PropertyValueSpecification","valueRequired":true,"valueName":"search_term_string"}}],"inLanguage":"en-US"}]}},"brands":[{"id":39,"name":"Mitutoyo","slug":"mitutoyo"}],"_links":{"self":[{"href":"https:\/\/techmasterdemexico.com\/en\/wp-json\/wp\/v2\/product\/15930","targetHints":{"allow":["GET"]}}],"collection":[{"href":"https:\/\/techmasterdemexico.com\/en\/wp-json\/wp\/v2\/product"}],"about":[{"href":"https:\/\/techmasterdemexico.com\/en\/wp-json\/wp\/v2\/types\/product"}],"wp:featuredmedia":[{"embeddable":true,"href":"https:\/\/techmasterdemexico.com\/en\/wp-json\/wp\/v2\/media\/18860"}],"wp:attachment":[{"href":"https:\/\/techmasterdemexico.com\/en\/wp-json\/wp\/v2\/media?parent=15930"}],"wp:term":[{"taxonomy":"pwb-brand","embeddable":true,"href":"https:\/\/techmasterdemexico.com\/en\/wp-json\/wp\/v2\/pwb-brand?post=15930"},{"taxonomy":"product_brand","embeddable":true,"href":"https:\/\/techmasterdemexico.com\/en\/wp-json\/wp\/v2\/product_brand?post=15930"},{"taxonomy":"product_cat","embeddable":true,"href":"https:\/\/techmasterdemexico.com\/en\/wp-json\/wp\/v2\/product_cat?post=15930"},{"taxonomy":"product_tag","embeddable":true,"href":"https:\/\/techmasterdemexico.com\/en\/wp-json\/wp\/v2\/product_tag?post=15930"}],"curies":[{"name":"wp","href":"https:\/\/api.w.org\/{rel}","templated":true}]}}