{"id":15883,"date":"2021-12-22T01:10:57","date_gmt":"2021-12-22T01:10:57","guid":{"rendered":"https:\/\/techmastermx.ddns.net\/producto\/micrometro-para-roscas-25-50-mm-interchangeable-tips\/"},"modified":"2022-03-01T21:15:20","modified_gmt":"2022-03-01T21:15:20","slug":"micrometro-para-roscas-25-50-mm-interchangeable-tips","status":"publish","type":"product","link":"https:\/\/techmasterdemexico.com\/en\/producto\/micrometro-para-roscas-25-50-mm-interchangeable-tips\/","title":{"rendered":"Micr\u00f3metro para roscas 25-50 mm Interchangeable Tips"},"content":{"rendered":"<p>Micr\u00f3metro para roscas 25-50 mm<br \/>\nInterchangeable Tips, 25-50mm<br \/>\nN\u00famero de art\u00edculo: 126-126<\/p>\n<p>&nbsp;<\/p>\n<p>Las puntas intercambiables opcionales en cono y uve, permiten la medici\u00f3n de una amplia gama de roscas m\u00e9tricas\/unificadas y di\u00e1metros de paso Whitworth roscados.<\/p>\n","protected":false},"excerpt":{"rendered":"<table class=\"product_properties\">\n<tbody>\n<tr class=\"table-row-odd\">\n<td class=\"parameter\">\n<div class=\"product_properties_propertyName\"><span class=\"name\">Rango:<\/span><\/div>\n<\/td>\n<td class=\"value\">\n<div class=\"product_properties_propertyValue\">25 &#8211; 50<span class=\"shortName\">\u00a0mm<\/span><\/div>\n<\/td>\n<\/tr>\n<tr class=\"table-row-even\">\n<td class=\"parameter\">\n<div class=\"product_properties_propertyName\"><span class=\"name\">Error de avance del husillo:<\/span><\/div>\n<\/td>\n<td class=\"value\">\n<div class=\"product_properties_propertyValue\">3 \u00b5m<\/div>\n<\/td>\n<\/tr>\n<tr class=\"table-row-odd\">\n<td class=\"parameter\">\n<div class=\"product_properties_propertyName\"><span class=\"name\">Presi\u00f3n de medida (N):<\/span><\/div>\n<\/td>\n<td class=\"value\">\n<div class=\"product_properties_propertyValue\">5 &#8211; 10<span class=\"shortName\">\u00a0N<\/span><\/div>\n<\/td>\n<\/tr>\n<tr class=\"table-row-even\">\n<td class=\"parameter\">\n<div class=\"product_properties_propertyName\"><span class=\"name\">Peso:<\/span><\/div>\n<\/td>\n<td class=\"value\">\n<div class=\"product_properties_propertyValue\">290<span class=\"shortName\">\u00a0g<\/span><\/div>\n<\/td>\n<\/tr>\n<tr class=\"table-row-odd\">\n<td class=\"parameter\">\n<div class=\"product_properties_propertyName\"><span class=\"name\">Superficies de medici\u00f3n:<\/span><\/div>\n<\/td>\n<td class=\"value\">\n<div class=\"product_properties_propertyValue\">Interchangeable anvil\/spindle inserts (optional)<\/div>\n<\/td>\n<\/tr>\n<tr class=\"table-row-even\">\n<td class=\"parameter\">\n<div class=\"product_properties_propertyName\"><span class=\"name\">Husillo de medici\u00f3n:<\/span><\/div>\n<\/td>\n<td class=\"value\">\n<div class=\"product_properties_propertyValue\">With spindle lock, \u00f86,35 mm, spindle pitch 0,5 mm<\/div>\n<\/td>\n<\/tr>\n<tr class=\"table-row-odd\">\n<td class=\"parameter\">\n<div class=\"product_properties_propertyName\"><span class=\"name\">Scale:<\/span><\/div>\n<\/td>\n<td class=\"value\">\n<div class=\"product_properties_propertyValue\">Thimble and sleeve satin chrome finish, \u00f818 mm<\/div>\n<\/td>\n<\/tr>\n<tr class=\"table-row-even\">\n<td class=\"parameter\">\n<div class=\"product_properties_propertyName\"><span class=\"name\">Metrica-pulgadas:<\/span><\/div>\n<\/td>\n<td class=\"value\">\n<div class=\"product_properties_propertyValue\">M\u00e9trica<\/div>\n<\/td>\n<\/tr>\n<tr class=\"table-row-odd\">\n<td class=\"parameter\">\n<div class=\"product_properties_propertyName\"><span class=\"name\">Precisi\u00f3n:<\/span><\/div>\n<\/td>\n<td class=\"value\">\n<div class=\"product_properties_propertyValue\">Ver lista de especificaciones<\/div>\n<\/td>\n<\/tr>\n<tr class=\"table-row-even\">\n<td class=\"parameter\">\n<div class=\"product_properties_propertyName\"><span class=\"name\">Graduation:<\/span><\/div>\n<\/td>\n<td class=\"value\">\n<div class=\"product_properties_propertyValue\">0,01 mm<\/div>\n<\/td>\n<\/tr>\n<tr class=\"table-row-odd\">\n<td class=\"parameter\">\n<div class=\"product_properties_propertyName\"><span class=\"name\">Digital\/Analog:<\/span><\/div>\n<\/td>\n<td class=\"value\">\n<div class=\"product_properties_propertyValue\">Anal\u00f3gico<\/div>\n<\/td>\n<\/tr>\n<tr class=\"table-row-even\">\n<td class=\"parameter\">\n<div class=\"product_properties_propertyName\"><span class=\"name\">Entregado:<\/span><\/div>\n<\/td>\n<td class=\"value\">\n<div class=\"product_properties_propertyValue\">including box, gauge block; (60\u00b0), Insulation, key<br \/>\nMeasuring inserts not included<\/div>\n<\/td>\n<\/tr>\n<\/tbody>\n<\/table>\n","protected":false},"featured_media":18828,"template":"","meta":{"_acf_changed":false},"pwb-brand":[39],"product_brand":[],"product_cat":[366,331,74,432,38],"product_tag":[],"class_list":{"0":"post-15883","1":"product","2":"type-product","3":"status-publish","4":"has-post-thumbnail","6":"pwb-brand-mitutoyo","7":"product_cat-todos-los-productos","8":"product_cat-instrumentos-de-medicion-y-gestion-de-datos","9":"product_cat-micrometros","10":"product_cat-micrometros-digimatic-y-micrometros-mecanicos","11":"product_cat-mitutoyo","13":"first","14":"instock","15":"taxable","16":"shipping-taxable","17":"product-type-simple"},"acf":[],"yoast_head":"<!-- This site is optimized with the Yoast SEO plugin v27.2 - https:\/\/yoast.com\/product\/yoast-seo-wordpress\/ -->\n<title>Micr\u00f3metro para roscas 25-50 mm Interchangeable Tips - Techmaster de Mexico<\/title>\n<meta name=\"robots\" content=\"index, follow, max-snippet:-1, max-image-preview:large, max-video-preview:-1\" \/>\n<link rel=\"canonical\" href=\"https:\/\/techmasterdemexico.com\/en\/producto\/micrometro-para-roscas-25-50-mm-interchangeable-tips\/\" \/>\n<meta property=\"og:locale\" content=\"en_US\" \/>\n<meta property=\"og:type\" content=\"article\" \/>\n<meta property=\"og:title\" content=\"Micr\u00f3metro para roscas 25-50 mm Interchangeable Tips - Techmaster de Mexico\" \/>\n<meta property=\"og:description\" content=\"Rango:  25 - 50\u00a0mm    Error de avance del husillo:  3 \u00b5m    Presi\u00f3n de medida (N):  5 - 10\u00a0N    Peso:  290\u00a0g    Superficies de medici\u00f3n:  Interchangeable anvil\/spindle inserts (optional)    Husillo de medici\u00f3n:  With spindle lock, \u00f86,35 mm, spindle pitch 0,5 mm    Scale:  Thimble and sleeve satin chrome finish, \u00f818 mm    Metrica-pulgadas:  M\u00e9trica    Precisi\u00f3n:  Ver lista de especificaciones    Graduation:  0,01 mm    Digital\/Analog:  Anal\u00f3gico    Entregado:  including box, gauge block; (60\u00b0), Insulation, key Measuring inserts not included\" \/>\n<meta property=\"og:url\" content=\"https:\/\/techmasterdemexico.com\/en\/producto\/micrometro-para-roscas-25-50-mm-interchangeable-tips\/\" \/>\n<meta property=\"og:site_name\" content=\"Techmaster de Mexico\" \/>\n<meta property=\"article:modified_time\" content=\"2022-03-01T21:15:20+00:00\" \/>\n<meta property=\"og:image\" content=\"https:\/\/techmasterdemexico.com\/wp-content\/uploads\/2021\/12\/126-126_jpg.png\" \/>\n\t<meta property=\"og:image:width\" content=\"399\" \/>\n\t<meta property=\"og:image:height\" content=\"399\" \/>\n\t<meta property=\"og:image:type\" content=\"image\/png\" \/>\n<meta name=\"twitter:card\" content=\"summary_large_image\" \/>\n<script type=\"application\/ld+json\" class=\"yoast-schema-graph\">{\"@context\":\"https:\/\/schema.org\",\"@graph\":[{\"@type\":\"WebPage\",\"@id\":\"https:\/\/techmasterdemexico.com\/en\/producto\/micrometro-para-roscas-25-50-mm-interchangeable-tips\/\",\"url\":\"https:\/\/techmasterdemexico.com\/en\/producto\/micrometro-para-roscas-25-50-mm-interchangeable-tips\/\",\"name\":\"Micr\u00f3metro para roscas 25-50 mm Interchangeable Tips - Techmaster de Mexico\",\"isPartOf\":{\"@id\":\"https:\/\/techmasterdemexico.com\/#website\"},\"primaryImageOfPage\":{\"@id\":\"https:\/\/techmasterdemexico.com\/en\/producto\/micrometro-para-roscas-25-50-mm-interchangeable-tips\/#primaryimage\"},\"image\":{\"@id\":\"https:\/\/techmasterdemexico.com\/en\/producto\/micrometro-para-roscas-25-50-mm-interchangeable-tips\/#primaryimage\"},\"thumbnailUrl\":\"https:\/\/techmasterdemexico.com\/wp-content\/uploads\/2021\/12\/126-126_jpg.png\",\"datePublished\":\"2021-12-22T01:10:57+00:00\",\"dateModified\":\"2022-03-01T21:15:20+00:00\",\"breadcrumb\":{\"@id\":\"https:\/\/techmasterdemexico.com\/en\/producto\/micrometro-para-roscas-25-50-mm-interchangeable-tips\/#breadcrumb\"},\"inLanguage\":\"en-US\",\"potentialAction\":[{\"@type\":\"ReadAction\",\"target\":[\"https:\/\/techmasterdemexico.com\/en\/producto\/micrometro-para-roscas-25-50-mm-interchangeable-tips\/\"]}]},{\"@type\":\"ImageObject\",\"inLanguage\":\"en-US\",\"@id\":\"https:\/\/techmasterdemexico.com\/en\/producto\/micrometro-para-roscas-25-50-mm-interchangeable-tips\/#primaryimage\",\"url\":\"https:\/\/techmasterdemexico.com\/wp-content\/uploads\/2021\/12\/126-126_jpg.png\",\"contentUrl\":\"https:\/\/techmasterdemexico.com\/wp-content\/uploads\/2021\/12\/126-126_jpg.png\",\"width\":399,\"height\":399},{\"@type\":\"BreadcrumbList\",\"@id\":\"https:\/\/techmasterdemexico.com\/en\/producto\/micrometro-para-roscas-25-50-mm-interchangeable-tips\/#breadcrumb\",\"itemListElement\":[{\"@type\":\"ListItem\",\"position\":1,\"name\":\"Portada\",\"item\":\"https:\/\/techmasterdemexico.com\/\"},{\"@type\":\"ListItem\",\"position\":2,\"name\":\"Micr\u00f3metro para roscas 25-50 mm Interchangeable Tips\"}]},{\"@type\":\"WebSite\",\"@id\":\"https:\/\/techmasterdemexico.com\/#website\",\"url\":\"https:\/\/techmasterdemexico.com\/\",\"name\":\"Techmaster de Mexico\",\"description\":\"\",\"potentialAction\":[{\"@type\":\"SearchAction\",\"target\":{\"@type\":\"EntryPoint\",\"urlTemplate\":\"https:\/\/techmasterdemexico.com\/?s={search_term_string}\"},\"query-input\":{\"@type\":\"PropertyValueSpecification\",\"valueRequired\":true,\"valueName\":\"search_term_string\"}}],\"inLanguage\":\"en-US\"}]}<\/script>\n<!-- \/ Yoast SEO plugin. -->","yoast_head_json":{"title":"Micr\u00f3metro para roscas 25-50 mm Interchangeable Tips - Techmaster de Mexico","robots":{"index":"index","follow":"follow","max-snippet":"max-snippet:-1","max-image-preview":"max-image-preview:large","max-video-preview":"max-video-preview:-1"},"canonical":"https:\/\/techmasterdemexico.com\/en\/producto\/micrometro-para-roscas-25-50-mm-interchangeable-tips\/","og_locale":"en_US","og_type":"article","og_title":"Micr\u00f3metro para roscas 25-50 mm Interchangeable Tips - Techmaster de Mexico","og_description":"Rango:  25 - 50\u00a0mm    Error de avance del husillo:  3 \u00b5m    Presi\u00f3n de medida (N):  5 - 10\u00a0N    Peso:  290\u00a0g    Superficies de medici\u00f3n:  Interchangeable anvil\/spindle inserts (optional)    Husillo de medici\u00f3n:  With spindle lock, \u00f86,35 mm, spindle pitch 0,5 mm    Scale:  Thimble and sleeve satin chrome finish, \u00f818 mm    Metrica-pulgadas:  M\u00e9trica    Precisi\u00f3n:  Ver lista de especificaciones    Graduation:  0,01 mm    Digital\/Analog:  Anal\u00f3gico    Entregado:  including box, gauge block; (60\u00b0), Insulation, key Measuring inserts not included","og_url":"https:\/\/techmasterdemexico.com\/en\/producto\/micrometro-para-roscas-25-50-mm-interchangeable-tips\/","og_site_name":"Techmaster de Mexico","article_modified_time":"2022-03-01T21:15:20+00:00","og_image":[{"width":399,"height":399,"url":"https:\/\/techmasterdemexico.com\/wp-content\/uploads\/2021\/12\/126-126_jpg.png","type":"image\/png"}],"twitter_card":"summary_large_image","schema":{"@context":"https:\/\/schema.org","@graph":[{"@type":"WebPage","@id":"https:\/\/techmasterdemexico.com\/en\/producto\/micrometro-para-roscas-25-50-mm-interchangeable-tips\/","url":"https:\/\/techmasterdemexico.com\/en\/producto\/micrometro-para-roscas-25-50-mm-interchangeable-tips\/","name":"Micr\u00f3metro para roscas 25-50 mm Interchangeable Tips - Techmaster de Mexico","isPartOf":{"@id":"https:\/\/techmasterdemexico.com\/#website"},"primaryImageOfPage":{"@id":"https:\/\/techmasterdemexico.com\/en\/producto\/micrometro-para-roscas-25-50-mm-interchangeable-tips\/#primaryimage"},"image":{"@id":"https:\/\/techmasterdemexico.com\/en\/producto\/micrometro-para-roscas-25-50-mm-interchangeable-tips\/#primaryimage"},"thumbnailUrl":"https:\/\/techmasterdemexico.com\/wp-content\/uploads\/2021\/12\/126-126_jpg.png","datePublished":"2021-12-22T01:10:57+00:00","dateModified":"2022-03-01T21:15:20+00:00","breadcrumb":{"@id":"https:\/\/techmasterdemexico.com\/en\/producto\/micrometro-para-roscas-25-50-mm-interchangeable-tips\/#breadcrumb"},"inLanguage":"en-US","potentialAction":[{"@type":"ReadAction","target":["https:\/\/techmasterdemexico.com\/en\/producto\/micrometro-para-roscas-25-50-mm-interchangeable-tips\/"]}]},{"@type":"ImageObject","inLanguage":"en-US","@id":"https:\/\/techmasterdemexico.com\/en\/producto\/micrometro-para-roscas-25-50-mm-interchangeable-tips\/#primaryimage","url":"https:\/\/techmasterdemexico.com\/wp-content\/uploads\/2021\/12\/126-126_jpg.png","contentUrl":"https:\/\/techmasterdemexico.com\/wp-content\/uploads\/2021\/12\/126-126_jpg.png","width":399,"height":399},{"@type":"BreadcrumbList","@id":"https:\/\/techmasterdemexico.com\/en\/producto\/micrometro-para-roscas-25-50-mm-interchangeable-tips\/#breadcrumb","itemListElement":[{"@type":"ListItem","position":1,"name":"Portada","item":"https:\/\/techmasterdemexico.com\/"},{"@type":"ListItem","position":2,"name":"Micr\u00f3metro para roscas 25-50 mm Interchangeable Tips"}]},{"@type":"WebSite","@id":"https:\/\/techmasterdemexico.com\/#website","url":"https:\/\/techmasterdemexico.com\/","name":"Techmaster de Mexico","description":"","potentialAction":[{"@type":"SearchAction","target":{"@type":"EntryPoint","urlTemplate":"https:\/\/techmasterdemexico.com\/?s={search_term_string}"},"query-input":{"@type":"PropertyValueSpecification","valueRequired":true,"valueName":"search_term_string"}}],"inLanguage":"en-US"}]}},"brands":[{"id":39,"name":"Mitutoyo","slug":"mitutoyo"}],"_links":{"self":[{"href":"https:\/\/techmasterdemexico.com\/en\/wp-json\/wp\/v2\/product\/15883","targetHints":{"allow":["GET"]}}],"collection":[{"href":"https:\/\/techmasterdemexico.com\/en\/wp-json\/wp\/v2\/product"}],"about":[{"href":"https:\/\/techmasterdemexico.com\/en\/wp-json\/wp\/v2\/types\/product"}],"wp:featuredmedia":[{"embeddable":true,"href":"https:\/\/techmasterdemexico.com\/en\/wp-json\/wp\/v2\/media\/18828"}],"wp:attachment":[{"href":"https:\/\/techmasterdemexico.com\/en\/wp-json\/wp\/v2\/media?parent=15883"}],"wp:term":[{"taxonomy":"pwb-brand","embeddable":true,"href":"https:\/\/techmasterdemexico.com\/en\/wp-json\/wp\/v2\/pwb-brand?post=15883"},{"taxonomy":"product_brand","embeddable":true,"href":"https:\/\/techmasterdemexico.com\/en\/wp-json\/wp\/v2\/product_brand?post=15883"},{"taxonomy":"product_cat","embeddable":true,"href":"https:\/\/techmasterdemexico.com\/en\/wp-json\/wp\/v2\/product_cat?post=15883"},{"taxonomy":"product_tag","embeddable":true,"href":"https:\/\/techmasterdemexico.com\/en\/wp-json\/wp\/v2\/product_tag?post=15883"}],"curies":[{"name":"wp","href":"https:\/\/api.w.org\/{rel}","templated":true}]}}