{"id":15873,"date":"2021-12-22T01:10:47","date_gmt":"2021-12-22T01:10:47","guid":{"rendered":"https:\/\/techmastermx.ddns.net\/producto\/contactos-intercambiables-de-medicion-para-micrometros-7-mm\/"},"modified":"2022-03-01T20:10:36","modified_gmt":"2022-03-01T20:10:36","slug":"contactos-intercambiables-de-medicion-para-micrometros-7-mm","status":"publish","type":"product","link":"https:\/\/techmasterdemexico.com\/en\/producto\/contactos-intercambiables-de-medicion-para-micrometros-7-mm\/","title":{"rendered":"Contactos intercambiables de medici\u00f3n para micr\u00f3metros 7 mm"},"content":{"rendered":"<p>Contactos intercambiables de medici\u00f3n para micr\u00f3metros 7 mm<br \/>\n7,0mm<br \/>\nN\u00famero de art\u00edculo: 124-816<\/p>\n<p>&nbsp;<\/p>\n<div id=\"productDetailPage:j_idt2416\" class=\"description-big\">\n<ul>\n<li>Pares de contactos intercambiables opcionales para la medici\u00f3n de la dimensi\u00f3n diametral sobre bolas<\/li>\n<\/ul>\n<\/div>\n<form id=\"productDetailPage:accform\" action=\"https:\/\/shop.mitutoyo.eu\/web\/public\/index.xhtml\" enctype=\"application\/x-www-form-urlencoded\" method=\"post\" name=\"productDetailPage:accform\">\n<div class=\"accordion\">\n<div class=\"accordion-header parameters\"><\/div>\n<\/div>\n<\/form>\n","protected":false},"excerpt":{"rendered":"<table class=\"product_properties\">\n<tbody>\n<tr class=\"table-row-odd\">\n<td class=\"parameter\">\n<div class=\"product_properties_propertyName\"><span class=\"name\">Di\u00e1metro (D):<\/span><\/div>\n<\/td>\n<td class=\"value\">\n<div class=\"product_properties_propertyValue\">7 mm<\/div>\n<\/td>\n<\/tr>\n<tr class=\"table-row-even\">\n<td class=\"parameter\">\n<div class=\"product_properties_propertyName\"><span class=\"name\">Modulo medible:<\/span><\/div>\n<\/td>\n<td class=\"value\">\n<div class=\"product_properties_propertyValue\">4<\/div>\n<\/td>\n<\/tr>\n<tr class=\"table-row-odd\">\n<td class=\"parameter\">\n<div class=\"product_properties_propertyName\"><span class=\"name\">Diameter over balls:<\/span><\/div>\n<\/td>\n<td class=\"value\">\n<div class=\"product_properties_propertyValue\">6.5<\/div>\n<\/td>\n<\/tr>\n<tr class=\"table-row-even\">\n<td class=\"parameter\">\n<div class=\"product_properties_propertyName\"><span class=\"name\">Observaciones:<\/span><\/div>\n<\/td>\n<td class=\"value\">\n<div class=\"product_properties_propertyValue\">Steel type<\/div>\n<\/td>\n<\/tr>\n<tr class=\"table-row-odd\">\n<td class=\"parameter\">\n<div class=\"product_properties_propertyName\"><span class=\"name\">Husillo de medici\u00f3n:<\/span><\/div>\n<\/td>\n<td class=\"value\">\n<div class=\"product_properties_propertyValue\">With spindle lock, \u00f86,35 mm, spindle pitch 0,5 mm<\/div>\n<\/td>\n<\/tr>\n<tr class=\"table-row-even\">\n<td class=\"parameter\">\n<div class=\"product_properties_propertyName\"><span class=\"name\">Metrica-pulgadas:<\/span><\/div>\n<\/td>\n<td class=\"value\">\n<div class=\"product_properties_propertyValue\">M\u00e9trica<\/div>\n<\/td>\n<\/tr>\n<\/tbody>\n<\/table>\n","protected":false},"featured_media":18788,"template":"","meta":{"_acf_changed":false},"pwb-brand":[39],"product_brand":[],"product_cat":[366,331,74,432,38],"product_tag":[],"class_list":{"0":"post-15873","1":"product","2":"type-product","3":"status-publish","4":"has-post-thumbnail","6":"pwb-brand-mitutoyo","7":"product_cat-todos-los-productos","8":"product_cat-instrumentos-de-medicion-y-gestion-de-datos","9":"product_cat-micrometros","10":"product_cat-micrometros-digimatic-y-micrometros-mecanicos","11":"product_cat-mitutoyo","13":"first","14":"instock","15":"taxable","16":"shipping-taxable","17":"product-type-simple"},"acf":[],"yoast_head":"<!-- This site is optimized with the Yoast SEO plugin v27.2 - https:\/\/yoast.com\/product\/yoast-seo-wordpress\/ -->\n<title>Contactos intercambiables de medici\u00f3n para micr\u00f3metros 7 mm - Techmaster de Mexico<\/title>\n<meta name=\"robots\" content=\"index, follow, max-snippet:-1, max-image-preview:large, max-video-preview:-1\" \/>\n<link rel=\"canonical\" href=\"https:\/\/techmasterdemexico.com\/producto\/contactos-intercambiables-de-medicion-para-micrometros-7-mm\/\" \/>\n<meta property=\"og:locale\" content=\"en_US\" \/>\n<meta property=\"og:type\" content=\"article\" \/>\n<meta property=\"og:title\" content=\"Contactos intercambiables de medici\u00f3n para micr\u00f3metros 7 mm - Techmaster de Mexico\" \/>\n<meta property=\"og:description\" content=\"Di\u00e1metro (D):  7 mm    Modulo medible:  4    Diameter over balls:  6.5    Observaciones:  Steel type    Husillo de medici\u00f3n:  With spindle lock, \u00f86,35 mm, spindle pitch 0,5 mm    Metrica-pulgadas:  M\u00e9trica\" \/>\n<meta property=\"og:url\" content=\"https:\/\/techmasterdemexico.com\/producto\/contactos-intercambiables-de-medicion-para-micrometros-7-mm\/\" \/>\n<meta property=\"og:site_name\" content=\"Techmaster de Mexico\" \/>\n<meta property=\"article:modified_time\" content=\"2022-03-01T20:10:36+00:00\" \/>\n<meta property=\"og:image\" content=\"https:\/\/techmasterdemexico.com\/wp-content\/uploads\/2021\/12\/124-814_z1_jpg.jpg\" \/>\n\t<meta property=\"og:image:width\" content=\"600\" \/>\n\t<meta property=\"og:image:height\" content=\"600\" \/>\n\t<meta property=\"og:image:type\" content=\"image\/jpeg\" \/>\n<meta name=\"twitter:card\" content=\"summary_large_image\" \/>\n<script type=\"application\/ld+json\" class=\"yoast-schema-graph\">{\"@context\":\"https:\/\/schema.org\",\"@graph\":[{\"@type\":\"WebPage\",\"@id\":\"https:\/\/techmasterdemexico.com\/producto\/contactos-intercambiables-de-medicion-para-micrometros-7-mm\/\",\"url\":\"https:\/\/techmasterdemexico.com\/producto\/contactos-intercambiables-de-medicion-para-micrometros-7-mm\/\",\"name\":\"Contactos intercambiables de medici\u00f3n para micr\u00f3metros 7 mm - Techmaster de Mexico\",\"isPartOf\":{\"@id\":\"https:\/\/techmasterdemexico.com\/#website\"},\"primaryImageOfPage\":{\"@id\":\"https:\/\/techmasterdemexico.com\/producto\/contactos-intercambiables-de-medicion-para-micrometros-7-mm\/#primaryimage\"},\"image\":{\"@id\":\"https:\/\/techmasterdemexico.com\/producto\/contactos-intercambiables-de-medicion-para-micrometros-7-mm\/#primaryimage\"},\"thumbnailUrl\":\"https:\/\/techmasterdemexico.com\/wp-content\/uploads\/2021\/12\/124-814_z1_jpg.jpg\",\"datePublished\":\"2021-12-22T01:10:47+00:00\",\"dateModified\":\"2022-03-01T20:10:36+00:00\",\"breadcrumb\":{\"@id\":\"https:\/\/techmasterdemexico.com\/producto\/contactos-intercambiables-de-medicion-para-micrometros-7-mm\/#breadcrumb\"},\"inLanguage\":\"en-US\",\"potentialAction\":[{\"@type\":\"ReadAction\",\"target\":[\"https:\/\/techmasterdemexico.com\/producto\/contactos-intercambiables-de-medicion-para-micrometros-7-mm\/\"]}]},{\"@type\":\"ImageObject\",\"inLanguage\":\"en-US\",\"@id\":\"https:\/\/techmasterdemexico.com\/producto\/contactos-intercambiables-de-medicion-para-micrometros-7-mm\/#primaryimage\",\"url\":\"https:\/\/techmasterdemexico.com\/wp-content\/uploads\/2021\/12\/124-814_z1_jpg.jpg\",\"contentUrl\":\"https:\/\/techmasterdemexico.com\/wp-content\/uploads\/2021\/12\/124-814_z1_jpg.jpg\",\"width\":600,\"height\":600},{\"@type\":\"BreadcrumbList\",\"@id\":\"https:\/\/techmasterdemexico.com\/producto\/contactos-intercambiables-de-medicion-para-micrometros-7-mm\/#breadcrumb\",\"itemListElement\":[{\"@type\":\"ListItem\",\"position\":1,\"name\":\"Portada\",\"item\":\"https:\/\/techmasterdemexico.com\/\"},{\"@type\":\"ListItem\",\"position\":2,\"name\":\"Contactos intercambiables de medici\u00f3n para micr\u00f3metros 7 mm\"}]},{\"@type\":\"WebSite\",\"@id\":\"https:\/\/techmasterdemexico.com\/#website\",\"url\":\"https:\/\/techmasterdemexico.com\/\",\"name\":\"Techmaster de Mexico\",\"description\":\"\",\"potentialAction\":[{\"@type\":\"SearchAction\",\"target\":{\"@type\":\"EntryPoint\",\"urlTemplate\":\"https:\/\/techmasterdemexico.com\/?s={search_term_string}\"},\"query-input\":{\"@type\":\"PropertyValueSpecification\",\"valueRequired\":true,\"valueName\":\"search_term_string\"}}],\"inLanguage\":\"en-US\"}]}<\/script>\n<!-- \/ Yoast SEO plugin. -->","yoast_head_json":{"title":"Contactos intercambiables de medici\u00f3n para micr\u00f3metros 7 mm - Techmaster de Mexico","robots":{"index":"index","follow":"follow","max-snippet":"max-snippet:-1","max-image-preview":"max-image-preview:large","max-video-preview":"max-video-preview:-1"},"canonical":"https:\/\/techmasterdemexico.com\/producto\/contactos-intercambiables-de-medicion-para-micrometros-7-mm\/","og_locale":"en_US","og_type":"article","og_title":"Contactos intercambiables de medici\u00f3n para micr\u00f3metros 7 mm - Techmaster de Mexico","og_description":"Di\u00e1metro (D):  7 mm    Modulo medible:  4    Diameter over balls:  6.5    Observaciones:  Steel type    Husillo de medici\u00f3n:  With spindle lock, \u00f86,35 mm, spindle pitch 0,5 mm    Metrica-pulgadas:  M\u00e9trica","og_url":"https:\/\/techmasterdemexico.com\/producto\/contactos-intercambiables-de-medicion-para-micrometros-7-mm\/","og_site_name":"Techmaster de Mexico","article_modified_time":"2022-03-01T20:10:36+00:00","og_image":[{"width":600,"height":600,"url":"https:\/\/techmasterdemexico.com\/wp-content\/uploads\/2021\/12\/124-814_z1_jpg.jpg","type":"image\/jpeg"}],"twitter_card":"summary_large_image","schema":{"@context":"https:\/\/schema.org","@graph":[{"@type":"WebPage","@id":"https:\/\/techmasterdemexico.com\/producto\/contactos-intercambiables-de-medicion-para-micrometros-7-mm\/","url":"https:\/\/techmasterdemexico.com\/producto\/contactos-intercambiables-de-medicion-para-micrometros-7-mm\/","name":"Contactos intercambiables de medici\u00f3n para micr\u00f3metros 7 mm - Techmaster de Mexico","isPartOf":{"@id":"https:\/\/techmasterdemexico.com\/#website"},"primaryImageOfPage":{"@id":"https:\/\/techmasterdemexico.com\/producto\/contactos-intercambiables-de-medicion-para-micrometros-7-mm\/#primaryimage"},"image":{"@id":"https:\/\/techmasterdemexico.com\/producto\/contactos-intercambiables-de-medicion-para-micrometros-7-mm\/#primaryimage"},"thumbnailUrl":"https:\/\/techmasterdemexico.com\/wp-content\/uploads\/2021\/12\/124-814_z1_jpg.jpg","datePublished":"2021-12-22T01:10:47+00:00","dateModified":"2022-03-01T20:10:36+00:00","breadcrumb":{"@id":"https:\/\/techmasterdemexico.com\/producto\/contactos-intercambiables-de-medicion-para-micrometros-7-mm\/#breadcrumb"},"inLanguage":"en-US","potentialAction":[{"@type":"ReadAction","target":["https:\/\/techmasterdemexico.com\/producto\/contactos-intercambiables-de-medicion-para-micrometros-7-mm\/"]}]},{"@type":"ImageObject","inLanguage":"en-US","@id":"https:\/\/techmasterdemexico.com\/producto\/contactos-intercambiables-de-medicion-para-micrometros-7-mm\/#primaryimage","url":"https:\/\/techmasterdemexico.com\/wp-content\/uploads\/2021\/12\/124-814_z1_jpg.jpg","contentUrl":"https:\/\/techmasterdemexico.com\/wp-content\/uploads\/2021\/12\/124-814_z1_jpg.jpg","width":600,"height":600},{"@type":"BreadcrumbList","@id":"https:\/\/techmasterdemexico.com\/producto\/contactos-intercambiables-de-medicion-para-micrometros-7-mm\/#breadcrumb","itemListElement":[{"@type":"ListItem","position":1,"name":"Portada","item":"https:\/\/techmasterdemexico.com\/"},{"@type":"ListItem","position":2,"name":"Contactos intercambiables de medici\u00f3n para micr\u00f3metros 7 mm"}]},{"@type":"WebSite","@id":"https:\/\/techmasterdemexico.com\/#website","url":"https:\/\/techmasterdemexico.com\/","name":"Techmaster de Mexico","description":"","potentialAction":[{"@type":"SearchAction","target":{"@type":"EntryPoint","urlTemplate":"https:\/\/techmasterdemexico.com\/?s={search_term_string}"},"query-input":{"@type":"PropertyValueSpecification","valueRequired":true,"valueName":"search_term_string"}}],"inLanguage":"en-US"}]}},"brands":[{"id":39,"name":"Mitutoyo","slug":"mitutoyo"}],"_links":{"self":[{"href":"https:\/\/techmasterdemexico.com\/en\/wp-json\/wp\/v2\/product\/15873","targetHints":{"allow":["GET"]}}],"collection":[{"href":"https:\/\/techmasterdemexico.com\/en\/wp-json\/wp\/v2\/product"}],"about":[{"href":"https:\/\/techmasterdemexico.com\/en\/wp-json\/wp\/v2\/types\/product"}],"wp:featuredmedia":[{"embeddable":true,"href":"https:\/\/techmasterdemexico.com\/en\/wp-json\/wp\/v2\/media\/18788"}],"wp:attachment":[{"href":"https:\/\/techmasterdemexico.com\/en\/wp-json\/wp\/v2\/media?parent=15873"}],"wp:term":[{"taxonomy":"pwb-brand","embeddable":true,"href":"https:\/\/techmasterdemexico.com\/en\/wp-json\/wp\/v2\/pwb-brand?post=15873"},{"taxonomy":"product_brand","embeddable":true,"href":"https:\/\/techmasterdemexico.com\/en\/wp-json\/wp\/v2\/product_brand?post=15873"},{"taxonomy":"product_cat","embeddable":true,"href":"https:\/\/techmasterdemexico.com\/en\/wp-json\/wp\/v2\/product_cat?post=15873"},{"taxonomy":"product_tag","embeddable":true,"href":"https:\/\/techmasterdemexico.com\/en\/wp-json\/wp\/v2\/product_tag?post=15873"}],"curies":[{"name":"wp","href":"https:\/\/api.w.org\/{rel}","templated":true}]}}