{"id":15694,"date":"2021-12-22T01:06:11","date_gmt":"2021-12-22T01:06:11","guid":{"rendered":"https:\/\/techmastermx.ddns.net\/producto\/cabeza-micrometrica-thimble-d20mm-0-025\/"},"modified":"2022-03-02T19:18:46","modified_gmt":"2022-03-02T19:18:46","slug":"cabeza-micrometrica-thimble-d20mm-0-025","status":"publish","type":"product","link":"https:\/\/techmasterdemexico.com\/en\/producto\/cabeza-micrometrica-thimble-d20mm-0-025\/","title":{"rendered":"Cabeza microm\u00e9trica Thimble D=20mm, 0-0,25&#8243;"},"content":{"rendered":"<p>Cabeza microm\u00e9trica 0 &#8211; 0,25<br \/>\nThimble D=20mm, 0-0,25&#8243;<br \/>\nN\u00famero de art\u00edculo: 148-353<\/p>\n<p>&nbsp;<\/p>\n<div id=\"productDetailPage:j_idt1430\" class=\"description-big\">\n<ul>\n<li>Dise\u00f1o de carcasa reducida para el uso en espacios reducidos.<\/li>\n<li>Micr\u00f3metro de tama\u00f1o peque\u00f1o con tambor graduado largo.<\/li>\n<\/ul>\n<\/div>\n<form id=\"productDetailPage:accform\" action=\"https:\/\/shop.mitutoyo.eu\/web\/public\/index.xhtml\" enctype=\"application\/x-www-form-urlencoded\" method=\"post\" name=\"productDetailPage:accform\">\n<div class=\"accordion\">\n<div class=\"accordion-header parameters\"><\/div>\n<\/div>\n<\/form>\n","protected":false},"excerpt":{"rendered":"<table class=\"product_properties\">\n<tbody>\n<tr class=\"table-row-odd\">\n<td class=\"parameter\">\n<div class=\"product_properties_propertyName\"><span class=\"name\">Rango:<\/span><\/div>\n<\/td>\n<td class=\"value\">\n<div class=\"product_properties_propertyValue\">0 &#8211; 0.25<span class=\"shortName\">\u00a0[Inch]<\/span><\/div>\n<\/td>\n<\/tr>\n<tr class=\"table-row-even\">\n<td class=\"parameter\">\n<div class=\"product_properties_propertyName\"><span class=\"name\">Maximum Permissible Error J MPE:<\/span><\/div>\n<\/td>\n<td class=\"value\">\n<div class=\"product_properties_propertyValue\">\u00b10,0001&#8243;<\/div>\n<\/td>\n<\/tr>\n<tr class=\"table-row-odd\">\n<td class=\"parameter\">\n<div class=\"product_properties_propertyName\"><span class=\"name\">Tipo de contacto:<\/span><\/div>\n<\/td>\n<td class=\"value\">\n<div class=\"product_properties_propertyValue\">Flat<\/div>\n<\/td>\n<\/tr>\n<tr class=\"table-row-even\">\n<td class=\"parameter\">\n<div class=\"product_properties_propertyName\"><span class=\"name\">Paso del husillo:<\/span><\/div>\n<\/td>\n<td class=\"value\">\n<div class=\"product_properties_propertyValue\">0,5 mm<\/div>\n<\/td>\n<\/tr>\n<tr class=\"table-row-odd\">\n<td class=\"parameter\">\n<div class=\"product_properties_propertyName\"><span class=\"name\">V\u00e1stago:<\/span><\/div>\n<\/td>\n<td class=\"value\">\n<div class=\"product_properties_propertyValue\">Plain<\/div>\n<\/td>\n<\/tr>\n<tr class=\"table-row-even\">\n<td class=\"parameter\">\n<div class=\"product_properties_propertyName\"><span class=\"name\">Diametro del vastago:<\/span><\/div>\n<\/td>\n<td class=\"value\">\n<div class=\"product_properties_propertyValue\">0.375&#8243;<\/div>\n<\/td>\n<\/tr>\n<tr class=\"table-row-odd\">\n<td class=\"parameter\">\n<div class=\"product_properties_propertyName\"><span class=\"name\">Thimble \u00d8:<\/span><\/div>\n<\/td>\n<td class=\"value\">\n<div class=\"product_properties_propertyValue\">0,79&#8243;<\/div>\n<\/td>\n<\/tr>\n<tr class=\"table-row-even\">\n<td class=\"parameter\">\n<div class=\"product_properties_propertyName\"><span class=\"name\">Peso:<\/span><\/div>\n<\/td>\n<td class=\"value\">\n<div class=\"product_properties_propertyValue\">39<span class=\"shortName\">\u00a0g<\/span><\/div>\n<\/td>\n<\/tr>\n<tr class=\"table-row-odd\">\n<td class=\"parameter\">\n<div class=\"product_properties_propertyName\"><span class=\"name\">Superficies de medici\u00f3n:<\/span><\/div>\n<\/td>\n<td class=\"value\">\n<div class=\"product_properties_propertyValue\">Acero de herramientas<\/div>\n<\/td>\n<\/tr>\n<tr class=\"table-row-even\">\n<td class=\"parameter\">\n<div class=\"product_properties_propertyName\"><span class=\"name\">Metrica-pulgadas:<\/span><\/div>\n<\/td>\n<td class=\"value\">\n<div class=\"product_properties_propertyValue\">&#8211;<\/div>\n<\/td>\n<\/tr>\n<tr class=\"table-row-odd\">\n<td class=\"parameter\">\n<div class=\"product_properties_propertyName\"><span class=\"name\">Precisi\u00f3n:<\/span><\/div>\n<\/td>\n<td class=\"value\">\n<div class=\"product_properties_propertyValue\">Ver lista de especificaciones<\/div>\n<\/td>\n<\/tr>\n<tr class=\"table-row-even\">\n<td class=\"parameter\">\n<div class=\"product_properties_propertyName\"><span class=\"name\">Graduation:<\/span><\/div>\n<\/td>\n<td class=\"value\">\n<div class=\"product_properties_propertyValue\">0.001&#8243;<\/div>\n<\/td>\n<\/tr>\n<tr class=\"table-row-odd\">\n<td class=\"parameter\">\n<div class=\"product_properties_propertyName\"><span class=\"name\">Digital\/Analog:<\/span><\/div>\n<\/td>\n<td class=\"value\">\n<div class=\"product_properties_propertyValue\">Anal\u00f3gico<\/div>\n<\/td>\n<\/tr>\n<\/tbody>\n<\/table>\n","protected":false},"featured_media":18914,"template":"","meta":{"_acf_changed":false},"pwb-brand":[39],"product_brand":[],"product_cat":[366,431,331,74,38],"product_tag":[],"class_list":{"0":"post-15694","1":"product","2":"type-product","3":"status-publish","4":"has-post-thumbnail","6":"pwb-brand-mitutoyo","7":"product_cat-todos-los-productos","8":"product_cat-cabezas-micrometricas","9":"product_cat-instrumentos-de-medicion-y-gestion-de-datos","10":"product_cat-micrometros","11":"product_cat-mitutoyo","13":"first","14":"instock","15":"taxable","16":"shipping-taxable","17":"product-type-simple"},"acf":[],"yoast_head":"<!-- This site is optimized with the Yoast SEO plugin v27.2 - https:\/\/yoast.com\/product\/yoast-seo-wordpress\/ -->\n<title>Cabeza microm\u00e9trica Thimble D=20mm, 0-0,25&quot; - Techmaster de Mexico<\/title>\n<meta name=\"robots\" content=\"index, follow, max-snippet:-1, max-image-preview:large, max-video-preview:-1\" \/>\n<link rel=\"canonical\" href=\"https:\/\/techmasterdemexico.com\/producto\/cabeza-micrometrica-thimble-d20mm-0-025\/\" \/>\n<meta property=\"og:locale\" content=\"en_US\" \/>\n<meta property=\"og:type\" content=\"article\" \/>\n<meta property=\"og:title\" content=\"Cabeza microm\u00e9trica Thimble D=20mm, 0-0,25&quot; - Techmaster de Mexico\" \/>\n<meta property=\"og:description\" content=\"Rango:  0 - 0.25\u00a0[Inch]    Maximum Permissible Error J MPE:  \u00b10,0001&quot;    Tipo de contacto:  Flat    Paso del husillo:  0,5 mm    V\u00e1stago:  Plain    Diametro del vastago:  0.375&quot;    Thimble \u00d8:  0,79&quot;    Peso:  39\u00a0g    Superficies de medici\u00f3n:  Acero de herramientas    Metrica-pulgadas:  -    Precisi\u00f3n:  Ver lista de especificaciones    Graduation:  0.001&quot;    Digital\/Analog:  Anal\u00f3gico\" \/>\n<meta property=\"og:url\" content=\"https:\/\/techmasterdemexico.com\/producto\/cabeza-micrometrica-thimble-d20mm-0-025\/\" \/>\n<meta property=\"og:site_name\" content=\"Techmaster de Mexico\" \/>\n<meta property=\"article:modified_time\" content=\"2022-03-02T19:18:46+00:00\" \/>\n<meta property=\"og:image\" content=\"https:\/\/techmasterdemexico.com\/wp-content\/uploads\/2021\/12\/148-303_d3_eps-1.jpg\" \/>\n\t<meta property=\"og:image:width\" content=\"448\" \/>\n\t<meta property=\"og:image:height\" content=\"448\" \/>\n\t<meta property=\"og:image:type\" content=\"image\/jpeg\" \/>\n<meta name=\"twitter:card\" content=\"summary_large_image\" \/>\n<script type=\"application\/ld+json\" class=\"yoast-schema-graph\">{\"@context\":\"https:\/\/schema.org\",\"@graph\":[{\"@type\":\"WebPage\",\"@id\":\"https:\/\/techmasterdemexico.com\/producto\/cabeza-micrometrica-thimble-d20mm-0-025\/\",\"url\":\"https:\/\/techmasterdemexico.com\/producto\/cabeza-micrometrica-thimble-d20mm-0-025\/\",\"name\":\"Cabeza microm\u00e9trica Thimble D=20mm, 0-0,25\\\" - Techmaster de Mexico\",\"isPartOf\":{\"@id\":\"https:\/\/techmasterdemexico.com\/#website\"},\"primaryImageOfPage\":{\"@id\":\"https:\/\/techmasterdemexico.com\/producto\/cabeza-micrometrica-thimble-d20mm-0-025\/#primaryimage\"},\"image\":{\"@id\":\"https:\/\/techmasterdemexico.com\/producto\/cabeza-micrometrica-thimble-d20mm-0-025\/#primaryimage\"},\"thumbnailUrl\":\"https:\/\/techmasterdemexico.com\/wp-content\/uploads\/2021\/12\/148-303_d3_eps-1.jpg\",\"datePublished\":\"2021-12-22T01:06:11+00:00\",\"dateModified\":\"2022-03-02T19:18:46+00:00\",\"breadcrumb\":{\"@id\":\"https:\/\/techmasterdemexico.com\/producto\/cabeza-micrometrica-thimble-d20mm-0-025\/#breadcrumb\"},\"inLanguage\":\"en-US\",\"potentialAction\":[{\"@type\":\"ReadAction\",\"target\":[\"https:\/\/techmasterdemexico.com\/producto\/cabeza-micrometrica-thimble-d20mm-0-025\/\"]}]},{\"@type\":\"ImageObject\",\"inLanguage\":\"en-US\",\"@id\":\"https:\/\/techmasterdemexico.com\/producto\/cabeza-micrometrica-thimble-d20mm-0-025\/#primaryimage\",\"url\":\"https:\/\/techmasterdemexico.com\/wp-content\/uploads\/2021\/12\/148-303_d3_eps-1.jpg\",\"contentUrl\":\"https:\/\/techmasterdemexico.com\/wp-content\/uploads\/2021\/12\/148-303_d3_eps-1.jpg\",\"width\":448,\"height\":448},{\"@type\":\"BreadcrumbList\",\"@id\":\"https:\/\/techmasterdemexico.com\/producto\/cabeza-micrometrica-thimble-d20mm-0-025\/#breadcrumb\",\"itemListElement\":[{\"@type\":\"ListItem\",\"position\":1,\"name\":\"Portada\",\"item\":\"https:\/\/techmasterdemexico.com\/\"},{\"@type\":\"ListItem\",\"position\":2,\"name\":\"Cabeza microm\u00e9trica Thimble D=20mm, 0-0,25&#8243;\"}]},{\"@type\":\"WebSite\",\"@id\":\"https:\/\/techmasterdemexico.com\/#website\",\"url\":\"https:\/\/techmasterdemexico.com\/\",\"name\":\"Techmaster de Mexico\",\"description\":\"\",\"potentialAction\":[{\"@type\":\"SearchAction\",\"target\":{\"@type\":\"EntryPoint\",\"urlTemplate\":\"https:\/\/techmasterdemexico.com\/?s={search_term_string}\"},\"query-input\":{\"@type\":\"PropertyValueSpecification\",\"valueRequired\":true,\"valueName\":\"search_term_string\"}}],\"inLanguage\":\"en-US\"}]}<\/script>\n<!-- \/ Yoast SEO plugin. -->","yoast_head_json":{"title":"Cabeza microm\u00e9trica Thimble D=20mm, 0-0,25\" - Techmaster de Mexico","robots":{"index":"index","follow":"follow","max-snippet":"max-snippet:-1","max-image-preview":"max-image-preview:large","max-video-preview":"max-video-preview:-1"},"canonical":"https:\/\/techmasterdemexico.com\/producto\/cabeza-micrometrica-thimble-d20mm-0-025\/","og_locale":"en_US","og_type":"article","og_title":"Cabeza microm\u00e9trica Thimble D=20mm, 0-0,25\" - Techmaster de Mexico","og_description":"Rango:  0 - 0.25\u00a0[Inch]    Maximum Permissible Error J MPE:  \u00b10,0001\"    Tipo de contacto:  Flat    Paso del husillo:  0,5 mm    V\u00e1stago:  Plain    Diametro del vastago:  0.375\"    Thimble \u00d8:  0,79\"    Peso:  39\u00a0g    Superficies de medici\u00f3n:  Acero de herramientas    Metrica-pulgadas:  -    Precisi\u00f3n:  Ver lista de especificaciones    Graduation:  0.001\"    Digital\/Analog:  Anal\u00f3gico","og_url":"https:\/\/techmasterdemexico.com\/producto\/cabeza-micrometrica-thimble-d20mm-0-025\/","og_site_name":"Techmaster de Mexico","article_modified_time":"2022-03-02T19:18:46+00:00","og_image":[{"width":448,"height":448,"url":"https:\/\/techmasterdemexico.com\/wp-content\/uploads\/2021\/12\/148-303_d3_eps-1.jpg","type":"image\/jpeg"}],"twitter_card":"summary_large_image","schema":{"@context":"https:\/\/schema.org","@graph":[{"@type":"WebPage","@id":"https:\/\/techmasterdemexico.com\/producto\/cabeza-micrometrica-thimble-d20mm-0-025\/","url":"https:\/\/techmasterdemexico.com\/producto\/cabeza-micrometrica-thimble-d20mm-0-025\/","name":"Cabeza microm\u00e9trica Thimble D=20mm, 0-0,25\" - Techmaster de Mexico","isPartOf":{"@id":"https:\/\/techmasterdemexico.com\/#website"},"primaryImageOfPage":{"@id":"https:\/\/techmasterdemexico.com\/producto\/cabeza-micrometrica-thimble-d20mm-0-025\/#primaryimage"},"image":{"@id":"https:\/\/techmasterdemexico.com\/producto\/cabeza-micrometrica-thimble-d20mm-0-025\/#primaryimage"},"thumbnailUrl":"https:\/\/techmasterdemexico.com\/wp-content\/uploads\/2021\/12\/148-303_d3_eps-1.jpg","datePublished":"2021-12-22T01:06:11+00:00","dateModified":"2022-03-02T19:18:46+00:00","breadcrumb":{"@id":"https:\/\/techmasterdemexico.com\/producto\/cabeza-micrometrica-thimble-d20mm-0-025\/#breadcrumb"},"inLanguage":"en-US","potentialAction":[{"@type":"ReadAction","target":["https:\/\/techmasterdemexico.com\/producto\/cabeza-micrometrica-thimble-d20mm-0-025\/"]}]},{"@type":"ImageObject","inLanguage":"en-US","@id":"https:\/\/techmasterdemexico.com\/producto\/cabeza-micrometrica-thimble-d20mm-0-025\/#primaryimage","url":"https:\/\/techmasterdemexico.com\/wp-content\/uploads\/2021\/12\/148-303_d3_eps-1.jpg","contentUrl":"https:\/\/techmasterdemexico.com\/wp-content\/uploads\/2021\/12\/148-303_d3_eps-1.jpg","width":448,"height":448},{"@type":"BreadcrumbList","@id":"https:\/\/techmasterdemexico.com\/producto\/cabeza-micrometrica-thimble-d20mm-0-025\/#breadcrumb","itemListElement":[{"@type":"ListItem","position":1,"name":"Portada","item":"https:\/\/techmasterdemexico.com\/"},{"@type":"ListItem","position":2,"name":"Cabeza microm\u00e9trica Thimble D=20mm, 0-0,25&#8243;"}]},{"@type":"WebSite","@id":"https:\/\/techmasterdemexico.com\/#website","url":"https:\/\/techmasterdemexico.com\/","name":"Techmaster de Mexico","description":"","potentialAction":[{"@type":"SearchAction","target":{"@type":"EntryPoint","urlTemplate":"https:\/\/techmasterdemexico.com\/?s={search_term_string}"},"query-input":{"@type":"PropertyValueSpecification","valueRequired":true,"valueName":"search_term_string"}}],"inLanguage":"en-US"}]}},"brands":[{"id":39,"name":"Mitutoyo","slug":"mitutoyo"}],"_links":{"self":[{"href":"https:\/\/techmasterdemexico.com\/en\/wp-json\/wp\/v2\/product\/15694","targetHints":{"allow":["GET"]}}],"collection":[{"href":"https:\/\/techmasterdemexico.com\/en\/wp-json\/wp\/v2\/product"}],"about":[{"href":"https:\/\/techmasterdemexico.com\/en\/wp-json\/wp\/v2\/types\/product"}],"wp:featuredmedia":[{"embeddable":true,"href":"https:\/\/techmasterdemexico.com\/en\/wp-json\/wp\/v2\/media\/18914"}],"wp:attachment":[{"href":"https:\/\/techmasterdemexico.com\/en\/wp-json\/wp\/v2\/media?parent=15694"}],"wp:term":[{"taxonomy":"pwb-brand","embeddable":true,"href":"https:\/\/techmasterdemexico.com\/en\/wp-json\/wp\/v2\/pwb-brand?post=15694"},{"taxonomy":"product_brand","embeddable":true,"href":"https:\/\/techmasterdemexico.com\/en\/wp-json\/wp\/v2\/product_brand?post=15694"},{"taxonomy":"product_cat","embeddable":true,"href":"https:\/\/techmasterdemexico.com\/en\/wp-json\/wp\/v2\/product_cat?post=15694"},{"taxonomy":"product_tag","embeddable":true,"href":"https:\/\/techmasterdemexico.com\/en\/wp-json\/wp\/v2\/product_tag?post=15694"}],"curies":[{"name":"wp","href":"https:\/\/api.w.org\/{rel}","templated":true}]}}