{"id":15667,"date":"2021-12-22T01:05:34","date_gmt":"2021-12-22T01:05:34","guid":{"rendered":"https:\/\/techmastermx.ddns.net\/producto\/micrometro-0-13mm-spherical-spindle\/"},"modified":"2022-03-02T18:25:51","modified_gmt":"2022-03-02T18:25:51","slug":"micrometro-0-13mm-spherical-spindle","status":"publish","type":"product","link":"https:\/\/techmasterdemexico.com\/en\/producto\/micrometro-0-13mm-spherical-spindle\/","title":{"rendered":"Micr\u00f3metro 0-13mm, Spherical Spindle"},"content":{"rendered":"<p>Micr\u00f3metro 0-13 mm<br \/>\n0-13mm, Spherical Spindle<br \/>\nN\u00famero de art\u00edculo: 148-132<\/p>\n<p>&nbsp;<\/p>\n<p>Estas cabezas microm\u00e9tricas son un tipo est\u00e1ndar de tama\u00f1o peque\u00f1o con un rango de medici\u00f3n de 6,5 mm y 13 mm.<br \/>\nOfrecen los siguientes beneficios:<br \/>\n\u2022 Avance fino de husillo de 0,25 mm \/ rev para ajustes fino.<\/p>\n","protected":false},"excerpt":{"rendered":"<table class=\"product_properties\">\n<tbody>\n<tr class=\"table-row-odd\">\n<td class=\"parameter\">\n<div class=\"product_properties_propertyName\"><span class=\"name\">Rango:<\/span><\/div>\n<\/td>\n<td class=\"value\">\n<div class=\"product_properties_propertyValue\">0 &#8211; 13<span class=\"shortName\">\u00a0mm<\/span><\/div>\n<\/td>\n<\/tr>\n<tr class=\"table-row-even\">\n<td class=\"parameter\">\n<div class=\"product_properties_propertyName\"><span class=\"name\">Maximum Permissible Error J MPE:<\/span><\/div>\n<\/td>\n<td class=\"value\">\n<div class=\"product_properties_propertyValue\">\u00b12 \u00b5m<\/div>\n<\/td>\n<\/tr>\n<tr class=\"table-row-odd\">\n<td class=\"parameter\">\n<div class=\"product_properties_propertyName\"><span class=\"name\">Tipo de contacto:<\/span><\/div>\n<\/td>\n<td class=\"value\">\n<div class=\"product_properties_propertyValue\">Esf\u00e9rico (SR4)<\/div>\n<\/td>\n<\/tr>\n<tr class=\"table-row-even\">\n<td class=\"parameter\">\n<div class=\"product_properties_propertyName\"><span class=\"name\">Paso del husillo:<\/span><\/div>\n<\/td>\n<td class=\"value\">\n<div class=\"product_properties_propertyValue\">0,25 mm<\/div>\n<\/td>\n<\/tr>\n<tr class=\"table-row-odd\">\n<td class=\"parameter\">\n<div class=\"product_properties_propertyName\"><span class=\"name\">V\u00e1stago:<\/span><\/div>\n<\/td>\n<td class=\"value\">\n<div class=\"product_properties_propertyValue\">Liso<\/div>\n<\/td>\n<\/tr>\n<tr class=\"table-row-even\">\n<td class=\"parameter\">\n<div class=\"product_properties_propertyName\"><span class=\"name\">Diametro del vastago:<\/span><\/div>\n<\/td>\n<td class=\"value\">\n<div class=\"product_properties_propertyValue\">9.5 mm<\/div>\n<\/td>\n<\/tr>\n<tr class=\"table-row-odd\">\n<td class=\"parameter\">\n<div class=\"product_properties_propertyName\"><span class=\"name\">Peso:<\/span><\/div>\n<\/td>\n<td class=\"value\">\n<div class=\"product_properties_propertyValue\">30<span class=\"shortName\">\u00a0g<\/span><\/div>\n<\/td>\n<\/tr>\n<tr class=\"table-row-even\">\n<td class=\"parameter\">\n<div class=\"product_properties_propertyName\"><span class=\"name\">Superficies de medici\u00f3n:<\/span><\/div>\n<\/td>\n<td class=\"value\">\n<div class=\"product_properties_propertyValue\">Hardened steel (&gt; 60 HRC)<\/div>\n<\/td>\n<\/tr>\n<tr class=\"table-row-odd\">\n<td class=\"parameter\">\n<div class=\"product_properties_propertyName\"><span class=\"name\">Metrica-pulgadas:<\/span><\/div>\n<\/td>\n<td class=\"value\">\n<div class=\"product_properties_propertyValue\">M\u00e9trica<\/div>\n<\/td>\n<\/tr>\n<tr class=\"table-row-even\">\n<td class=\"parameter\">\n<div class=\"product_properties_propertyName\"><span class=\"name\">Graduation:<\/span><\/div>\n<\/td>\n<td class=\"value\">\n<div class=\"product_properties_propertyValue\">0,01 mm<\/div>\n<\/td>\n<\/tr>\n<tr class=\"table-row-odd\">\n<td class=\"parameter\">\n<div class=\"product_properties_propertyName\"><span class=\"name\">Digital\/Analog:<\/span><\/div>\n<\/td>\n<td class=\"value\">\n<div class=\"product_properties_propertyValue\">Anal\u00f3gico<\/div>\n<\/td>\n<\/tr>\n<\/tbody>\n<\/table>\n","protected":false},"featured_media":18861,"template":"","meta":{"_acf_changed":false},"pwb-brand":[39],"product_brand":[],"product_cat":[366,431,331,74,38],"product_tag":[],"class_list":{"0":"post-15667","1":"product","2":"type-product","3":"status-publish","4":"has-post-thumbnail","6":"pwb-brand-mitutoyo","7":"product_cat-todos-los-productos","8":"product_cat-cabezas-micrometricas","9":"product_cat-instrumentos-de-medicion-y-gestion-de-datos","10":"product_cat-micrometros","11":"product_cat-mitutoyo","13":"first","14":"instock","15":"taxable","16":"shipping-taxable","17":"product-type-simple"},"acf":[],"yoast_head":"<!-- This site is optimized with the Yoast SEO plugin v27.2 - https:\/\/yoast.com\/product\/yoast-seo-wordpress\/ -->\n<title>Micr\u00f3metro 0-13mm, Spherical Spindle - Techmaster de Mexico<\/title>\n<meta name=\"robots\" content=\"index, follow, max-snippet:-1, max-image-preview:large, max-video-preview:-1\" \/>\n<link rel=\"canonical\" href=\"https:\/\/techmasterdemexico.com\/producto\/micrometro-0-13mm-spherical-spindle\/\" \/>\n<meta property=\"og:locale\" content=\"en_US\" \/>\n<meta property=\"og:type\" content=\"article\" \/>\n<meta property=\"og:title\" content=\"Micr\u00f3metro 0-13mm, Spherical Spindle - Techmaster de Mexico\" \/>\n<meta property=\"og:description\" content=\"Rango:  0 - 13\u00a0mm    Maximum Permissible Error J MPE:  \u00b12 \u00b5m    Tipo de contacto:  Esf\u00e9rico (SR4)    Paso del husillo:  0,25 mm    V\u00e1stago:  Liso    Diametro del vastago:  9.5 mm    Peso:  30\u00a0g    Superficies de medici\u00f3n:  Hardened steel (&gt; 60 HRC)    Metrica-pulgadas:  M\u00e9trica    Graduation:  0,01 mm    Digital\/Analog:  Anal\u00f3gico\" \/>\n<meta property=\"og:url\" content=\"https:\/\/techmasterdemexico.com\/producto\/micrometro-0-13mm-spherical-spindle\/\" \/>\n<meta property=\"og:site_name\" content=\"Techmaster de Mexico\" \/>\n<meta property=\"article:modified_time\" content=\"2022-03-02T18:25:51+00:00\" \/>\n<meta property=\"og:image\" content=\"https:\/\/techmasterdemexico.com\/wp-content\/uploads\/2021\/12\/148-132_z3_eps.jpg\" \/>\n\t<meta property=\"og:image:width\" content=\"600\" \/>\n\t<meta property=\"og:image:height\" content=\"600\" \/>\n\t<meta property=\"og:image:type\" content=\"image\/jpeg\" \/>\n<meta name=\"twitter:card\" content=\"summary_large_image\" \/>\n<script type=\"application\/ld+json\" class=\"yoast-schema-graph\">{\"@context\":\"https:\/\/schema.org\",\"@graph\":[{\"@type\":\"WebPage\",\"@id\":\"https:\/\/techmasterdemexico.com\/producto\/micrometro-0-13mm-spherical-spindle\/\",\"url\":\"https:\/\/techmasterdemexico.com\/producto\/micrometro-0-13mm-spherical-spindle\/\",\"name\":\"Micr\u00f3metro 0-13mm, Spherical Spindle - Techmaster de Mexico\",\"isPartOf\":{\"@id\":\"https:\/\/techmasterdemexico.com\/#website\"},\"primaryImageOfPage\":{\"@id\":\"https:\/\/techmasterdemexico.com\/producto\/micrometro-0-13mm-spherical-spindle\/#primaryimage\"},\"image\":{\"@id\":\"https:\/\/techmasterdemexico.com\/producto\/micrometro-0-13mm-spherical-spindle\/#primaryimage\"},\"thumbnailUrl\":\"https:\/\/techmasterdemexico.com\/wp-content\/uploads\/2021\/12\/148-132_z3_eps.jpg\",\"datePublished\":\"2021-12-22T01:05:34+00:00\",\"dateModified\":\"2022-03-02T18:25:51+00:00\",\"breadcrumb\":{\"@id\":\"https:\/\/techmasterdemexico.com\/producto\/micrometro-0-13mm-spherical-spindle\/#breadcrumb\"},\"inLanguage\":\"en-US\",\"potentialAction\":[{\"@type\":\"ReadAction\",\"target\":[\"https:\/\/techmasterdemexico.com\/producto\/micrometro-0-13mm-spherical-spindle\/\"]}]},{\"@type\":\"ImageObject\",\"inLanguage\":\"en-US\",\"@id\":\"https:\/\/techmasterdemexico.com\/producto\/micrometro-0-13mm-spherical-spindle\/#primaryimage\",\"url\":\"https:\/\/techmasterdemexico.com\/wp-content\/uploads\/2021\/12\/148-132_z3_eps.jpg\",\"contentUrl\":\"https:\/\/techmasterdemexico.com\/wp-content\/uploads\/2021\/12\/148-132_z3_eps.jpg\",\"width\":600,\"height\":600},{\"@type\":\"BreadcrumbList\",\"@id\":\"https:\/\/techmasterdemexico.com\/producto\/micrometro-0-13mm-spherical-spindle\/#breadcrumb\",\"itemListElement\":[{\"@type\":\"ListItem\",\"position\":1,\"name\":\"Portada\",\"item\":\"https:\/\/techmasterdemexico.com\/\"},{\"@type\":\"ListItem\",\"position\":2,\"name\":\"Micr\u00f3metro 0-13mm, Spherical Spindle\"}]},{\"@type\":\"WebSite\",\"@id\":\"https:\/\/techmasterdemexico.com\/#website\",\"url\":\"https:\/\/techmasterdemexico.com\/\",\"name\":\"Techmaster de Mexico\",\"description\":\"\",\"potentialAction\":[{\"@type\":\"SearchAction\",\"target\":{\"@type\":\"EntryPoint\",\"urlTemplate\":\"https:\/\/techmasterdemexico.com\/?s={search_term_string}\"},\"query-input\":{\"@type\":\"PropertyValueSpecification\",\"valueRequired\":true,\"valueName\":\"search_term_string\"}}],\"inLanguage\":\"en-US\"}]}<\/script>\n<!-- \/ Yoast SEO plugin. -->","yoast_head_json":{"title":"Micr\u00f3metro 0-13mm, Spherical Spindle - Techmaster de Mexico","robots":{"index":"index","follow":"follow","max-snippet":"max-snippet:-1","max-image-preview":"max-image-preview:large","max-video-preview":"max-video-preview:-1"},"canonical":"https:\/\/techmasterdemexico.com\/producto\/micrometro-0-13mm-spherical-spindle\/","og_locale":"en_US","og_type":"article","og_title":"Micr\u00f3metro 0-13mm, Spherical Spindle - Techmaster de Mexico","og_description":"Rango:  0 - 13\u00a0mm    Maximum Permissible Error J MPE:  \u00b12 \u00b5m    Tipo de contacto:  Esf\u00e9rico (SR4)    Paso del husillo:  0,25 mm    V\u00e1stago:  Liso    Diametro del vastago:  9.5 mm    Peso:  30\u00a0g    Superficies de medici\u00f3n:  Hardened steel (&gt; 60 HRC)    Metrica-pulgadas:  M\u00e9trica    Graduation:  0,01 mm    Digital\/Analog:  Anal\u00f3gico","og_url":"https:\/\/techmasterdemexico.com\/producto\/micrometro-0-13mm-spherical-spindle\/","og_site_name":"Techmaster de Mexico","article_modified_time":"2022-03-02T18:25:51+00:00","og_image":[{"width":600,"height":600,"url":"https:\/\/techmasterdemexico.com\/wp-content\/uploads\/2021\/12\/148-132_z3_eps.jpg","type":"image\/jpeg"}],"twitter_card":"summary_large_image","schema":{"@context":"https:\/\/schema.org","@graph":[{"@type":"WebPage","@id":"https:\/\/techmasterdemexico.com\/producto\/micrometro-0-13mm-spherical-spindle\/","url":"https:\/\/techmasterdemexico.com\/producto\/micrometro-0-13mm-spherical-spindle\/","name":"Micr\u00f3metro 0-13mm, Spherical Spindle - Techmaster de Mexico","isPartOf":{"@id":"https:\/\/techmasterdemexico.com\/#website"},"primaryImageOfPage":{"@id":"https:\/\/techmasterdemexico.com\/producto\/micrometro-0-13mm-spherical-spindle\/#primaryimage"},"image":{"@id":"https:\/\/techmasterdemexico.com\/producto\/micrometro-0-13mm-spherical-spindle\/#primaryimage"},"thumbnailUrl":"https:\/\/techmasterdemexico.com\/wp-content\/uploads\/2021\/12\/148-132_z3_eps.jpg","datePublished":"2021-12-22T01:05:34+00:00","dateModified":"2022-03-02T18:25:51+00:00","breadcrumb":{"@id":"https:\/\/techmasterdemexico.com\/producto\/micrometro-0-13mm-spherical-spindle\/#breadcrumb"},"inLanguage":"en-US","potentialAction":[{"@type":"ReadAction","target":["https:\/\/techmasterdemexico.com\/producto\/micrometro-0-13mm-spherical-spindle\/"]}]},{"@type":"ImageObject","inLanguage":"en-US","@id":"https:\/\/techmasterdemexico.com\/producto\/micrometro-0-13mm-spherical-spindle\/#primaryimage","url":"https:\/\/techmasterdemexico.com\/wp-content\/uploads\/2021\/12\/148-132_z3_eps.jpg","contentUrl":"https:\/\/techmasterdemexico.com\/wp-content\/uploads\/2021\/12\/148-132_z3_eps.jpg","width":600,"height":600},{"@type":"BreadcrumbList","@id":"https:\/\/techmasterdemexico.com\/producto\/micrometro-0-13mm-spherical-spindle\/#breadcrumb","itemListElement":[{"@type":"ListItem","position":1,"name":"Portada","item":"https:\/\/techmasterdemexico.com\/"},{"@type":"ListItem","position":2,"name":"Micr\u00f3metro 0-13mm, Spherical Spindle"}]},{"@type":"WebSite","@id":"https:\/\/techmasterdemexico.com\/#website","url":"https:\/\/techmasterdemexico.com\/","name":"Techmaster de Mexico","description":"","potentialAction":[{"@type":"SearchAction","target":{"@type":"EntryPoint","urlTemplate":"https:\/\/techmasterdemexico.com\/?s={search_term_string}"},"query-input":{"@type":"PropertyValueSpecification","valueRequired":true,"valueName":"search_term_string"}}],"inLanguage":"en-US"}]}},"brands":[{"id":39,"name":"Mitutoyo","slug":"mitutoyo"}],"_links":{"self":[{"href":"https:\/\/techmasterdemexico.com\/en\/wp-json\/wp\/v2\/product\/15667","targetHints":{"allow":["GET"]}}],"collection":[{"href":"https:\/\/techmasterdemexico.com\/en\/wp-json\/wp\/v2\/product"}],"about":[{"href":"https:\/\/techmasterdemexico.com\/en\/wp-json\/wp\/v2\/types\/product"}],"wp:featuredmedia":[{"embeddable":true,"href":"https:\/\/techmasterdemexico.com\/en\/wp-json\/wp\/v2\/media\/18861"}],"wp:attachment":[{"href":"https:\/\/techmasterdemexico.com\/en\/wp-json\/wp\/v2\/media?parent=15667"}],"wp:term":[{"taxonomy":"pwb-brand","embeddable":true,"href":"https:\/\/techmasterdemexico.com\/en\/wp-json\/wp\/v2\/pwb-brand?post=15667"},{"taxonomy":"product_brand","embeddable":true,"href":"https:\/\/techmasterdemexico.com\/en\/wp-json\/wp\/v2\/product_brand?post=15667"},{"taxonomy":"product_cat","embeddable":true,"href":"https:\/\/techmasterdemexico.com\/en\/wp-json\/wp\/v2\/product_cat?post=15667"},{"taxonomy":"product_tag","embeddable":true,"href":"https:\/\/techmasterdemexico.com\/en\/wp-json\/wp\/v2\/product_tag?post=15667"}],"curies":[{"name":"wp","href":"https:\/\/api.w.org\/{rel}","templated":true}]}}