{"id":15648,"date":"2021-12-22T01:05:10","date_gmt":"2021-12-22T01:05:10","guid":{"rendered":"https:\/\/techmastermx.ddns.net\/producto\/varillas-para-medicion-de-roscas-o-2550-mm-para-husillo-o-635-mm\/"},"modified":"2022-02-23T21:16:57","modified_gmt":"2022-02-23T21:16:57","slug":"varillas-para-medicion-de-roscas-o-2550-mm-para-husillo-o-635-mm","status":"publish","type":"product","link":"https:\/\/techmasterdemexico.com\/en\/producto\/varillas-para-medicion-de-roscas-o-2550-mm-para-husillo-o-635-mm\/","title":{"rendered":"Varillas para medici\u00f3n de roscas \u00d8 2,550 mm (para husillo \u00d8 6,35 mm)"},"content":{"rendered":"<p>952147<br \/>\nD= 2,55mm for D= 6,35mm Spindle<br \/>\nN\u00famero de art\u00edculo: 952147<\/p>\n<p>&nbsp;<\/p>\n<ul>\n<li>Varillas o hilos de medici\u00f3n de precisi\u00f3n templados y lapeados. Los hilos,\u00a0 montados sobre el porta-hilos, se fijan directamente sobre los contactos de medida de los micr\u00f3metros de exteriores.<\/li>\n<li>La medici\u00f3n de roscas seg\u00fan el m\u00e9todo de los tres hilos es muy indicado para el control de roscas de precisi\u00f3n.<\/li>\n<\/ul>\n","protected":false},"excerpt":{"rendered":"<table class=\"product_properties\">\n<tbody>\n<tr class=\"table-row-odd\">\n<td class=\"parameter\">\n<div class=\"product_properties_propertyName\"><span class=\"name\">Di\u00e1metro (D):<\/span><\/div>\n<\/td>\n<td class=\"value\">\n<div class=\"product_properties_propertyValue\">2,55 mm<\/div>\n<\/td>\n<\/tr>\n<tr class=\"table-row-even\">\n<td class=\"parameter\">\n<div class=\"product_properties_propertyName\"><span class=\"name\">Exactitud:<\/span><\/div>\n<\/td>\n<td class=\"value\">\n<div class=\"product_properties_propertyValue\">DIN 2269, Grade 1<\/div>\n<\/td>\n<\/tr>\n<tr class=\"table-row-odd\">\n<td class=\"parameter\">\n<div class=\"product_properties_propertyName\"><span class=\"name\">Entregado:<\/span><\/div>\n<\/td>\n<td class=\"value\">\n<div class=\"product_properties_propertyValue\">In a plastic case<\/div>\n<\/td>\n<\/tr>\n<\/tbody>\n<\/table>\n","protected":false},"featured_media":18404,"template":"","meta":{"_acf_changed":false},"pwb-brand":[39],"product_brand":[],"product_cat":[366,430,331,74,38],"product_tag":[],"class_list":{"0":"post-15648","1":"product","2":"type-product","3":"status-publish","4":"has-post-thumbnail","6":"pwb-brand-mitutoyo","7":"product_cat-todos-los-productos","8":"product_cat-accesorios-para-micrometros","9":"product_cat-instrumentos-de-medicion-y-gestion-de-datos","10":"product_cat-micrometros","11":"product_cat-mitutoyo","13":"first","14":"instock","15":"taxable","16":"shipping-taxable","17":"product-type-simple"},"acf":[],"yoast_head":"<!-- This site is optimized with the Yoast SEO plugin v27.2 - https:\/\/yoast.com\/product\/yoast-seo-wordpress\/ -->\n<title>Varillas para medici\u00f3n de roscas \u00d8 2,550 mm (para husillo \u00d8 6,35 mm) - Techmaster de Mexico<\/title>\n<meta name=\"robots\" content=\"index, follow, max-snippet:-1, max-image-preview:large, max-video-preview:-1\" \/>\n<link rel=\"canonical\" href=\"https:\/\/techmasterdemexico.com\/producto\/varillas-para-medicion-de-roscas-o-2550-mm-para-husillo-o-635-mm\/\" \/>\n<meta property=\"og:locale\" content=\"en_US\" \/>\n<meta property=\"og:type\" content=\"article\" \/>\n<meta property=\"og:title\" content=\"Varillas para medici\u00f3n de roscas \u00d8 2,550 mm (para husillo \u00d8 6,35 mm) - Techmaster de Mexico\" \/>\n<meta property=\"og:description\" content=\"Di\u00e1metro (D):  2,55 mm    Exactitud:  DIN 2269, Grade 1    Entregado:  In a plastic case\" \/>\n<meta property=\"og:url\" content=\"https:\/\/techmasterdemexico.com\/producto\/varillas-para-medicion-de-roscas-o-2550-mm-para-husillo-o-635-mm\/\" \/>\n<meta property=\"og:site_name\" content=\"Techmaster de Mexico\" \/>\n<meta property=\"article:modified_time\" content=\"2022-02-23T21:16:57+00:00\" \/>\n<meta property=\"og:image\" content=\"https:\/\/techmasterdemexico.com\/wp-content\/uploads\/2021\/12\/952147_eps.jpg\" \/>\n\t<meta property=\"og:image:width\" content=\"600\" \/>\n\t<meta property=\"og:image:height\" content=\"600\" \/>\n\t<meta property=\"og:image:type\" content=\"image\/jpeg\" \/>\n<meta name=\"twitter:card\" content=\"summary_large_image\" \/>\n<script type=\"application\/ld+json\" class=\"yoast-schema-graph\">{\"@context\":\"https:\/\/schema.org\",\"@graph\":[{\"@type\":\"WebPage\",\"@id\":\"https:\/\/techmasterdemexico.com\/producto\/varillas-para-medicion-de-roscas-o-2550-mm-para-husillo-o-635-mm\/\",\"url\":\"https:\/\/techmasterdemexico.com\/producto\/varillas-para-medicion-de-roscas-o-2550-mm-para-husillo-o-635-mm\/\",\"name\":\"Varillas para medici\u00f3n de roscas \u00d8 2,550 mm (para husillo \u00d8 6,35 mm) - Techmaster de Mexico\",\"isPartOf\":{\"@id\":\"https:\/\/techmasterdemexico.com\/#website\"},\"primaryImageOfPage\":{\"@id\":\"https:\/\/techmasterdemexico.com\/producto\/varillas-para-medicion-de-roscas-o-2550-mm-para-husillo-o-635-mm\/#primaryimage\"},\"image\":{\"@id\":\"https:\/\/techmasterdemexico.com\/producto\/varillas-para-medicion-de-roscas-o-2550-mm-para-husillo-o-635-mm\/#primaryimage\"},\"thumbnailUrl\":\"https:\/\/techmasterdemexico.com\/wp-content\/uploads\/2021\/12\/952147_eps.jpg\",\"datePublished\":\"2021-12-22T01:05:10+00:00\",\"dateModified\":\"2022-02-23T21:16:57+00:00\",\"breadcrumb\":{\"@id\":\"https:\/\/techmasterdemexico.com\/producto\/varillas-para-medicion-de-roscas-o-2550-mm-para-husillo-o-635-mm\/#breadcrumb\"},\"inLanguage\":\"en-US\",\"potentialAction\":[{\"@type\":\"ReadAction\",\"target\":[\"https:\/\/techmasterdemexico.com\/producto\/varillas-para-medicion-de-roscas-o-2550-mm-para-husillo-o-635-mm\/\"]}]},{\"@type\":\"ImageObject\",\"inLanguage\":\"en-US\",\"@id\":\"https:\/\/techmasterdemexico.com\/producto\/varillas-para-medicion-de-roscas-o-2550-mm-para-husillo-o-635-mm\/#primaryimage\",\"url\":\"https:\/\/techmasterdemexico.com\/wp-content\/uploads\/2021\/12\/952147_eps.jpg\",\"contentUrl\":\"https:\/\/techmasterdemexico.com\/wp-content\/uploads\/2021\/12\/952147_eps.jpg\",\"width\":600,\"height\":600},{\"@type\":\"BreadcrumbList\",\"@id\":\"https:\/\/techmasterdemexico.com\/producto\/varillas-para-medicion-de-roscas-o-2550-mm-para-husillo-o-635-mm\/#breadcrumb\",\"itemListElement\":[{\"@type\":\"ListItem\",\"position\":1,\"name\":\"Portada\",\"item\":\"https:\/\/techmasterdemexico.com\/\"},{\"@type\":\"ListItem\",\"position\":2,\"name\":\"Varillas para medici\u00f3n de roscas \u00d8 2,550 mm (para husillo \u00d8 6,35 mm)\"}]},{\"@type\":\"WebSite\",\"@id\":\"https:\/\/techmasterdemexico.com\/#website\",\"url\":\"https:\/\/techmasterdemexico.com\/\",\"name\":\"Techmaster de Mexico\",\"description\":\"\",\"potentialAction\":[{\"@type\":\"SearchAction\",\"target\":{\"@type\":\"EntryPoint\",\"urlTemplate\":\"https:\/\/techmasterdemexico.com\/?s={search_term_string}\"},\"query-input\":{\"@type\":\"PropertyValueSpecification\",\"valueRequired\":true,\"valueName\":\"search_term_string\"}}],\"inLanguage\":\"en-US\"}]}<\/script>\n<!-- \/ Yoast SEO plugin. -->","yoast_head_json":{"title":"Varillas para medici\u00f3n de roscas \u00d8 2,550 mm (para husillo \u00d8 6,35 mm) - Techmaster de Mexico","robots":{"index":"index","follow":"follow","max-snippet":"max-snippet:-1","max-image-preview":"max-image-preview:large","max-video-preview":"max-video-preview:-1"},"canonical":"https:\/\/techmasterdemexico.com\/producto\/varillas-para-medicion-de-roscas-o-2550-mm-para-husillo-o-635-mm\/","og_locale":"en_US","og_type":"article","og_title":"Varillas para medici\u00f3n de roscas \u00d8 2,550 mm (para husillo \u00d8 6,35 mm) - Techmaster de Mexico","og_description":"Di\u00e1metro (D):  2,55 mm    Exactitud:  DIN 2269, Grade 1    Entregado:  In a plastic case","og_url":"https:\/\/techmasterdemexico.com\/producto\/varillas-para-medicion-de-roscas-o-2550-mm-para-husillo-o-635-mm\/","og_site_name":"Techmaster de Mexico","article_modified_time":"2022-02-23T21:16:57+00:00","og_image":[{"width":600,"height":600,"url":"https:\/\/techmasterdemexico.com\/wp-content\/uploads\/2021\/12\/952147_eps.jpg","type":"image\/jpeg"}],"twitter_card":"summary_large_image","schema":{"@context":"https:\/\/schema.org","@graph":[{"@type":"WebPage","@id":"https:\/\/techmasterdemexico.com\/producto\/varillas-para-medicion-de-roscas-o-2550-mm-para-husillo-o-635-mm\/","url":"https:\/\/techmasterdemexico.com\/producto\/varillas-para-medicion-de-roscas-o-2550-mm-para-husillo-o-635-mm\/","name":"Varillas para medici\u00f3n de roscas \u00d8 2,550 mm (para husillo \u00d8 6,35 mm) - Techmaster de Mexico","isPartOf":{"@id":"https:\/\/techmasterdemexico.com\/#website"},"primaryImageOfPage":{"@id":"https:\/\/techmasterdemexico.com\/producto\/varillas-para-medicion-de-roscas-o-2550-mm-para-husillo-o-635-mm\/#primaryimage"},"image":{"@id":"https:\/\/techmasterdemexico.com\/producto\/varillas-para-medicion-de-roscas-o-2550-mm-para-husillo-o-635-mm\/#primaryimage"},"thumbnailUrl":"https:\/\/techmasterdemexico.com\/wp-content\/uploads\/2021\/12\/952147_eps.jpg","datePublished":"2021-12-22T01:05:10+00:00","dateModified":"2022-02-23T21:16:57+00:00","breadcrumb":{"@id":"https:\/\/techmasterdemexico.com\/producto\/varillas-para-medicion-de-roscas-o-2550-mm-para-husillo-o-635-mm\/#breadcrumb"},"inLanguage":"en-US","potentialAction":[{"@type":"ReadAction","target":["https:\/\/techmasterdemexico.com\/producto\/varillas-para-medicion-de-roscas-o-2550-mm-para-husillo-o-635-mm\/"]}]},{"@type":"ImageObject","inLanguage":"en-US","@id":"https:\/\/techmasterdemexico.com\/producto\/varillas-para-medicion-de-roscas-o-2550-mm-para-husillo-o-635-mm\/#primaryimage","url":"https:\/\/techmasterdemexico.com\/wp-content\/uploads\/2021\/12\/952147_eps.jpg","contentUrl":"https:\/\/techmasterdemexico.com\/wp-content\/uploads\/2021\/12\/952147_eps.jpg","width":600,"height":600},{"@type":"BreadcrumbList","@id":"https:\/\/techmasterdemexico.com\/producto\/varillas-para-medicion-de-roscas-o-2550-mm-para-husillo-o-635-mm\/#breadcrumb","itemListElement":[{"@type":"ListItem","position":1,"name":"Portada","item":"https:\/\/techmasterdemexico.com\/"},{"@type":"ListItem","position":2,"name":"Varillas para medici\u00f3n de roscas \u00d8 2,550 mm (para husillo \u00d8 6,35 mm)"}]},{"@type":"WebSite","@id":"https:\/\/techmasterdemexico.com\/#website","url":"https:\/\/techmasterdemexico.com\/","name":"Techmaster de Mexico","description":"","potentialAction":[{"@type":"SearchAction","target":{"@type":"EntryPoint","urlTemplate":"https:\/\/techmasterdemexico.com\/?s={search_term_string}"},"query-input":{"@type":"PropertyValueSpecification","valueRequired":true,"valueName":"search_term_string"}}],"inLanguage":"en-US"}]}},"brands":[{"id":39,"name":"Mitutoyo","slug":"mitutoyo"}],"_links":{"self":[{"href":"https:\/\/techmasterdemexico.com\/en\/wp-json\/wp\/v2\/product\/15648","targetHints":{"allow":["GET"]}}],"collection":[{"href":"https:\/\/techmasterdemexico.com\/en\/wp-json\/wp\/v2\/product"}],"about":[{"href":"https:\/\/techmasterdemexico.com\/en\/wp-json\/wp\/v2\/types\/product"}],"wp:featuredmedia":[{"embeddable":true,"href":"https:\/\/techmasterdemexico.com\/en\/wp-json\/wp\/v2\/media\/18404"}],"wp:attachment":[{"href":"https:\/\/techmasterdemexico.com\/en\/wp-json\/wp\/v2\/media?parent=15648"}],"wp:term":[{"taxonomy":"pwb-brand","embeddable":true,"href":"https:\/\/techmasterdemexico.com\/en\/wp-json\/wp\/v2\/pwb-brand?post=15648"},{"taxonomy":"product_brand","embeddable":true,"href":"https:\/\/techmasterdemexico.com\/en\/wp-json\/wp\/v2\/product_brand?post=15648"},{"taxonomy":"product_cat","embeddable":true,"href":"https:\/\/techmasterdemexico.com\/en\/wp-json\/wp\/v2\/product_cat?post=15648"},{"taxonomy":"product_tag","embeddable":true,"href":"https:\/\/techmasterdemexico.com\/en\/wp-json\/wp\/v2\/product_tag?post=15648"}],"curies":[{"name":"wp","href":"https:\/\/api.w.org\/{rel}","templated":true}]}}