{"id":15616,"date":"2021-12-22T01:04:27","date_gmt":"2021-12-22T01:04:27","guid":{"rendered":"https:\/\/techmastermx.ddns.net\/producto\/galgas-de-vidrio-plano-paralelas-d18-0000004\/"},"modified":"2022-02-27T09:42:49","modified_gmt":"2022-02-27T09:42:49","slug":"galgas-de-vidrio-plano-paralelas-d18-0000004","status":"publish","type":"product","link":"https:\/\/techmasterdemexico.com\/en\/producto\/galgas-de-vidrio-plano-paralelas-d18-0000004\/","title":{"rendered":"Galgas de vidrio plano-paralelas D=1,8&#8243;, 0,000004&#8243;"},"content":{"rendered":"<p>Galgas de vidrio plano-paralelas<br \/>\nD=1,8&#8243;, 0,000004&#8243;<br \/>\nN\u00famero de art\u00edculo: 158-122<\/p>\n<p>&nbsp;<\/p>\n<ul>\n<li>La herramienta esencial para la verificaci\u00f3n de la planicidad de superficies reflectivas tales como bloques patr\u00f3n, patrones de ajuste, etc, por el m\u00e9todo de interferencia \u00f3ptica.<\/li>\n<\/ul>\n","protected":false},"excerpt":{"rendered":"<table class=\"product_properties\">\n<tbody>\n<tr class=\"table-row-odd\">\n<td class=\"parameter\">\n<div class=\"product_properties_propertyName\"><span class=\"name\">Longitud(L):<\/span><\/div>\n<\/td>\n<td class=\"value\">\n<div class=\"product_properties_propertyValue\">0,5 &#8220;<\/div>\n<\/td>\n<\/tr>\n<tr class=\"table-row-even\">\n<td class=\"parameter\">\n<div class=\"product_properties_propertyName\"><span class=\"name\">Di\u00e1metro:<\/span><\/div>\n<\/td>\n<td class=\"value\">\n<div class=\"product_properties_propertyValue\">0.5<span class=\"shortName\">\u00a0inch<\/span><\/div>\n<\/td>\n<\/tr>\n<tr class=\"table-row-odd\">\n<td class=\"parameter\">\n<div class=\"product_properties_propertyName\"><span class=\"name\">Di\u00e1metro (D):<\/span><\/div>\n<\/td>\n<td class=\"value\">\n<div class=\"product_properties_propertyValue\">1,8&#8243;<\/div>\n<\/td>\n<\/tr>\n<tr class=\"table-row-even\">\n<td class=\"parameter\">\n<div class=\"product_properties_propertyName\"><span class=\"name\">Flatness:<\/span><\/div>\n<\/td>\n<td class=\"value\">\n<div class=\"product_properties_propertyValue\">0,000004&#8243;<\/div>\n<\/td>\n<\/tr>\n<tr class=\"table-row-odd\">\n<td class=\"parameter\">\n<div class=\"product_properties_propertyName\"><span class=\"name\">Metrica-pulgadas:<\/span><\/div>\n<\/td>\n<td class=\"value\">\n<div class=\"product_properties_propertyValue\">&#8211;<\/div>\n<\/td>\n<\/tr>\n<\/tbody>\n<\/table>\n","protected":false},"featured_media":18625,"template":"","meta":{"_acf_changed":false},"pwb-brand":[39],"product_brand":[],"product_cat":[366,430,331,74,38],"product_tag":[],"class_list":{"0":"post-15616","1":"product","2":"type-product","3":"status-publish","4":"has-post-thumbnail","6":"pwb-brand-mitutoyo","7":"product_cat-todos-los-productos","8":"product_cat-accesorios-para-micrometros","9":"product_cat-instrumentos-de-medicion-y-gestion-de-datos","10":"product_cat-micrometros","11":"product_cat-mitutoyo","13":"first","14":"instock","15":"taxable","16":"shipping-taxable","17":"product-type-simple"},"acf":[],"yoast_head":"<!-- This site is optimized with the Yoast SEO plugin v27.2 - https:\/\/yoast.com\/product\/yoast-seo-wordpress\/ -->\n<title>Galgas de vidrio plano-paralelas D=1,8&quot;, 0,000004&quot; - Techmaster de Mexico<\/title>\n<meta name=\"robots\" content=\"index, follow, max-snippet:-1, max-image-preview:large, max-video-preview:-1\" \/>\n<link rel=\"canonical\" href=\"https:\/\/techmasterdemexico.com\/en\/producto\/galgas-de-vidrio-plano-paralelas-d18-0000004\/\" \/>\n<meta property=\"og:locale\" content=\"en_US\" \/>\n<meta property=\"og:type\" content=\"article\" \/>\n<meta property=\"og:title\" content=\"Galgas de vidrio plano-paralelas D=1,8&quot;, 0,000004&quot; - Techmaster de Mexico\" \/>\n<meta property=\"og:description\" content=\"Longitud(L):  0,5 &quot;    Di\u00e1metro:  0.5\u00a0inch    Di\u00e1metro (D):  1,8&quot;    Flatness:  0,000004&quot;    Metrica-pulgadas:  -\" \/>\n<meta property=\"og:url\" content=\"https:\/\/techmasterdemexico.com\/en\/producto\/galgas-de-vidrio-plano-paralelas-d18-0000004\/\" \/>\n<meta property=\"og:site_name\" content=\"Techmaster de Mexico\" \/>\n<meta property=\"article:modified_time\" content=\"2022-02-27T09:42:49+00:00\" \/>\n<meta property=\"og:image\" content=\"https:\/\/techmasterdemexico.com\/wp-content\/uploads\/2021\/12\/158-122_jpg.png\" \/>\n\t<meta property=\"og:image:width\" content=\"399\" \/>\n\t<meta property=\"og:image:height\" content=\"399\" \/>\n\t<meta property=\"og:image:type\" content=\"image\/png\" \/>\n<meta name=\"twitter:card\" content=\"summary_large_image\" \/>\n<script type=\"application\/ld+json\" class=\"yoast-schema-graph\">{\"@context\":\"https:\/\/schema.org\",\"@graph\":[{\"@type\":\"WebPage\",\"@id\":\"https:\/\/techmasterdemexico.com\/en\/producto\/galgas-de-vidrio-plano-paralelas-d18-0000004\/\",\"url\":\"https:\/\/techmasterdemexico.com\/en\/producto\/galgas-de-vidrio-plano-paralelas-d18-0000004\/\",\"name\":\"Galgas de vidrio plano-paralelas D=1,8\\\", 0,000004\\\" - Techmaster de Mexico\",\"isPartOf\":{\"@id\":\"https:\/\/techmasterdemexico.com\/#website\"},\"primaryImageOfPage\":{\"@id\":\"https:\/\/techmasterdemexico.com\/en\/producto\/galgas-de-vidrio-plano-paralelas-d18-0000004\/#primaryimage\"},\"image\":{\"@id\":\"https:\/\/techmasterdemexico.com\/en\/producto\/galgas-de-vidrio-plano-paralelas-d18-0000004\/#primaryimage\"},\"thumbnailUrl\":\"https:\/\/techmasterdemexico.com\/wp-content\/uploads\/2021\/12\/158-122_jpg.png\",\"datePublished\":\"2021-12-22T01:04:27+00:00\",\"dateModified\":\"2022-02-27T09:42:49+00:00\",\"breadcrumb\":{\"@id\":\"https:\/\/techmasterdemexico.com\/en\/producto\/galgas-de-vidrio-plano-paralelas-d18-0000004\/#breadcrumb\"},\"inLanguage\":\"en-US\",\"potentialAction\":[{\"@type\":\"ReadAction\",\"target\":[\"https:\/\/techmasterdemexico.com\/en\/producto\/galgas-de-vidrio-plano-paralelas-d18-0000004\/\"]}]},{\"@type\":\"ImageObject\",\"inLanguage\":\"en-US\",\"@id\":\"https:\/\/techmasterdemexico.com\/en\/producto\/galgas-de-vidrio-plano-paralelas-d18-0000004\/#primaryimage\",\"url\":\"https:\/\/techmasterdemexico.com\/wp-content\/uploads\/2021\/12\/158-122_jpg.png\",\"contentUrl\":\"https:\/\/techmasterdemexico.com\/wp-content\/uploads\/2021\/12\/158-122_jpg.png\",\"width\":399,\"height\":399},{\"@type\":\"BreadcrumbList\",\"@id\":\"https:\/\/techmasterdemexico.com\/en\/producto\/galgas-de-vidrio-plano-paralelas-d18-0000004\/#breadcrumb\",\"itemListElement\":[{\"@type\":\"ListItem\",\"position\":1,\"name\":\"Portada\",\"item\":\"https:\/\/techmasterdemexico.com\/\"},{\"@type\":\"ListItem\",\"position\":2,\"name\":\"Galgas de vidrio plano-paralelas D=1,8&#8243;, 0,000004&#8243;\"}]},{\"@type\":\"WebSite\",\"@id\":\"https:\/\/techmasterdemexico.com\/#website\",\"url\":\"https:\/\/techmasterdemexico.com\/\",\"name\":\"Techmaster de Mexico\",\"description\":\"\",\"potentialAction\":[{\"@type\":\"SearchAction\",\"target\":{\"@type\":\"EntryPoint\",\"urlTemplate\":\"https:\/\/techmasterdemexico.com\/?s={search_term_string}\"},\"query-input\":{\"@type\":\"PropertyValueSpecification\",\"valueRequired\":true,\"valueName\":\"search_term_string\"}}],\"inLanguage\":\"en-US\"}]}<\/script>\n<!-- \/ Yoast SEO plugin. -->","yoast_head_json":{"title":"Galgas de vidrio plano-paralelas D=1,8\", 0,000004\" - Techmaster de Mexico","robots":{"index":"index","follow":"follow","max-snippet":"max-snippet:-1","max-image-preview":"max-image-preview:large","max-video-preview":"max-video-preview:-1"},"canonical":"https:\/\/techmasterdemexico.com\/en\/producto\/galgas-de-vidrio-plano-paralelas-d18-0000004\/","og_locale":"en_US","og_type":"article","og_title":"Galgas de vidrio plano-paralelas D=1,8\", 0,000004\" - Techmaster de Mexico","og_description":"Longitud(L):  0,5 \"    Di\u00e1metro:  0.5\u00a0inch    Di\u00e1metro (D):  1,8\"    Flatness:  0,000004\"    Metrica-pulgadas:  -","og_url":"https:\/\/techmasterdemexico.com\/en\/producto\/galgas-de-vidrio-plano-paralelas-d18-0000004\/","og_site_name":"Techmaster de Mexico","article_modified_time":"2022-02-27T09:42:49+00:00","og_image":[{"width":399,"height":399,"url":"https:\/\/techmasterdemexico.com\/wp-content\/uploads\/2021\/12\/158-122_jpg.png","type":"image\/png"}],"twitter_card":"summary_large_image","schema":{"@context":"https:\/\/schema.org","@graph":[{"@type":"WebPage","@id":"https:\/\/techmasterdemexico.com\/en\/producto\/galgas-de-vidrio-plano-paralelas-d18-0000004\/","url":"https:\/\/techmasterdemexico.com\/en\/producto\/galgas-de-vidrio-plano-paralelas-d18-0000004\/","name":"Galgas de vidrio plano-paralelas D=1,8\", 0,000004\" - Techmaster de Mexico","isPartOf":{"@id":"https:\/\/techmasterdemexico.com\/#website"},"primaryImageOfPage":{"@id":"https:\/\/techmasterdemexico.com\/en\/producto\/galgas-de-vidrio-plano-paralelas-d18-0000004\/#primaryimage"},"image":{"@id":"https:\/\/techmasterdemexico.com\/en\/producto\/galgas-de-vidrio-plano-paralelas-d18-0000004\/#primaryimage"},"thumbnailUrl":"https:\/\/techmasterdemexico.com\/wp-content\/uploads\/2021\/12\/158-122_jpg.png","datePublished":"2021-12-22T01:04:27+00:00","dateModified":"2022-02-27T09:42:49+00:00","breadcrumb":{"@id":"https:\/\/techmasterdemexico.com\/en\/producto\/galgas-de-vidrio-plano-paralelas-d18-0000004\/#breadcrumb"},"inLanguage":"en-US","potentialAction":[{"@type":"ReadAction","target":["https:\/\/techmasterdemexico.com\/en\/producto\/galgas-de-vidrio-plano-paralelas-d18-0000004\/"]}]},{"@type":"ImageObject","inLanguage":"en-US","@id":"https:\/\/techmasterdemexico.com\/en\/producto\/galgas-de-vidrio-plano-paralelas-d18-0000004\/#primaryimage","url":"https:\/\/techmasterdemexico.com\/wp-content\/uploads\/2021\/12\/158-122_jpg.png","contentUrl":"https:\/\/techmasterdemexico.com\/wp-content\/uploads\/2021\/12\/158-122_jpg.png","width":399,"height":399},{"@type":"BreadcrumbList","@id":"https:\/\/techmasterdemexico.com\/en\/producto\/galgas-de-vidrio-plano-paralelas-d18-0000004\/#breadcrumb","itemListElement":[{"@type":"ListItem","position":1,"name":"Portada","item":"https:\/\/techmasterdemexico.com\/"},{"@type":"ListItem","position":2,"name":"Galgas de vidrio plano-paralelas D=1,8&#8243;, 0,000004&#8243;"}]},{"@type":"WebSite","@id":"https:\/\/techmasterdemexico.com\/#website","url":"https:\/\/techmasterdemexico.com\/","name":"Techmaster de Mexico","description":"","potentialAction":[{"@type":"SearchAction","target":{"@type":"EntryPoint","urlTemplate":"https:\/\/techmasterdemexico.com\/?s={search_term_string}"},"query-input":{"@type":"PropertyValueSpecification","valueRequired":true,"valueName":"search_term_string"}}],"inLanguage":"en-US"}]}},"brands":[{"id":39,"name":"Mitutoyo","slug":"mitutoyo"}],"_links":{"self":[{"href":"https:\/\/techmasterdemexico.com\/en\/wp-json\/wp\/v2\/product\/15616","targetHints":{"allow":["GET"]}}],"collection":[{"href":"https:\/\/techmasterdemexico.com\/en\/wp-json\/wp\/v2\/product"}],"about":[{"href":"https:\/\/techmasterdemexico.com\/en\/wp-json\/wp\/v2\/types\/product"}],"wp:featuredmedia":[{"embeddable":true,"href":"https:\/\/techmasterdemexico.com\/en\/wp-json\/wp\/v2\/media\/18625"}],"wp:attachment":[{"href":"https:\/\/techmasterdemexico.com\/en\/wp-json\/wp\/v2\/media?parent=15616"}],"wp:term":[{"taxonomy":"pwb-brand","embeddable":true,"href":"https:\/\/techmasterdemexico.com\/en\/wp-json\/wp\/v2\/pwb-brand?post=15616"},{"taxonomy":"product_brand","embeddable":true,"href":"https:\/\/techmasterdemexico.com\/en\/wp-json\/wp\/v2\/product_brand?post=15616"},{"taxonomy":"product_cat","embeddable":true,"href":"https:\/\/techmasterdemexico.com\/en\/wp-json\/wp\/v2\/product_cat?post=15616"},{"taxonomy":"product_tag","embeddable":true,"href":"https:\/\/techmasterdemexico.com\/en\/wp-json\/wp\/v2\/product_tag?post=15616"}],"curies":[{"name":"wp","href":"https:\/\/api.w.org\/{rel}","templated":true}]}}