{"id":15479,"date":"2021-12-22T01:01:35","date_gmt":"2021-12-22T01:01:35","guid":{"rendered":"https:\/\/techmastermx.ddns.net\/producto\/fixture-for-micrometer-head-plain-stem-for-10mm-stem-4\/"},"modified":"2022-02-07T05:26:04","modified_gmt":"2022-02-07T05:26:04","slug":"fixture-for-micrometer-head-plain-stem-for-10mm-stem-4","status":"publish","type":"product","link":"https:\/\/techmasterdemexico.com\/en\/producto\/fixture-for-micrometer-head-plain-stem-for-10mm-stem-4\/","title":{"rendered":"Fixture for Micrometer Head, Plain Stem for 10mm Stem"},"content":{"rendered":"<p>Fixture for Micrometer Head, Plain Stem<br \/>\nfor 10mm Stem<br \/>\nN\u00famero de art\u00edculo: 303585<br \/>\n\u2022 La fabricaci\u00f3n de componentes de sujecci\u00f3n para el montaje de cabezas microm\u00e9tricas para aplicaciones concretas puede resultar laborioso y de elevado costo. Mitutoyo ofrece varios tipos de elementos de sujeeci\u00f3n para cabezas microm\u00e9tricas para cubrir un amplio rango de aplicaciones. Estas fijaciones estas fabricadas en acero fundido y niqueladas.<\/p>\n<p>\u2022 Existen dos tipos de fijaciones para cabezas microm\u00e9tricas con o sin tuerca de fijaci\u00f3n.<\/p>\n","protected":false},"excerpt":{"rendered":"<p>Fixture for Micrometer Head, Plain Stem for 10mm Stem N\u00famero de art\u00edculo: 303585 \u2022 La fabricaci\u00f3n de componentes de sujecci\u00f3n para el montaje de cabezas microm\u00e9tricas para aplicaciones concretas puede resultar laborioso y de elevado costo. Mitutoyo ofrece varios tipos de elementos de sujeeci\u00f3n para cabezas microm\u00e9tricas para cubrir un amplio rango de aplicaciones. Estas [&hellip;]<\/p>\n","protected":false},"featured_media":17968,"template":"","meta":{"_acf_changed":false},"pwb-brand":[39],"product_brand":[],"product_cat":[366,429,331,74,38],"product_tag":[],"class_list":{"0":"post-15479","1":"product","2":"type-product","3":"status-publish","4":"has-post-thumbnail","6":"pwb-brand-mitutoyo","7":"product_cat-todos-los-productos","8":"product_cat-accesorios-para-cabezas-micrometricas","9":"product_cat-instrumentos-de-medicion-y-gestion-de-datos","10":"product_cat-micrometros","11":"product_cat-mitutoyo","13":"first","14":"instock","15":"taxable","16":"shipping-taxable","17":"product-type-simple"},"acf":[],"yoast_head":"<!-- This site is optimized with the Yoast SEO plugin v27.3 - https:\/\/yoast.com\/product\/yoast-seo-wordpress\/ -->\n<title>Fixture for Micrometer Head, Plain Stem for 10mm Stem - Techmaster de Mexico<\/title>\n<meta name=\"robots\" content=\"index, follow, max-snippet:-1, max-image-preview:large, max-video-preview:-1\" \/>\n<link rel=\"canonical\" href=\"https:\/\/techmasterdemexico.com\/producto\/fixture-for-micrometer-head-plain-stem-for-10mm-stem-4\/\" \/>\n<meta property=\"og:locale\" content=\"en_US\" \/>\n<meta property=\"og:type\" content=\"article\" \/>\n<meta property=\"og:title\" content=\"Fixture for Micrometer Head, Plain Stem for 10mm Stem - Techmaster de Mexico\" \/>\n<meta property=\"og:description\" content=\"Fixture for Micrometer Head, Plain Stem for 10mm Stem N\u00famero de art\u00edculo: 303585 \u2022 La fabricaci\u00f3n de componentes de sujecci\u00f3n para el montaje de cabezas microm\u00e9tricas para aplicaciones concretas puede resultar laborioso y de elevado costo. Mitutoyo ofrece varios tipos de elementos de sujeeci\u00f3n para cabezas microm\u00e9tricas para cubrir un amplio rango de aplicaciones. Estas [&hellip;]\" \/>\n<meta property=\"og:url\" content=\"https:\/\/techmasterdemexico.com\/producto\/fixture-for-micrometer-head-plain-stem-for-10mm-stem-4\/\" \/>\n<meta property=\"og:site_name\" content=\"Techmaster de Mexico\" \/>\n<meta property=\"article:modified_time\" content=\"2022-02-07T05:26:04+00:00\" \/>\n<meta property=\"og:image\" content=\"https:\/\/techmasterdemexico.com\/wp-content\/uploads\/2021\/12\/303566_jpg.png\" \/>\n\t<meta property=\"og:image:width\" content=\"394\" \/>\n\t<meta property=\"og:image:height\" content=\"394\" \/>\n\t<meta property=\"og:image:type\" content=\"image\/png\" \/>\n<meta name=\"twitter:card\" content=\"summary_large_image\" \/>\n<script type=\"application\/ld+json\" class=\"yoast-schema-graph\">{\"@context\":\"https:\\\/\\\/schema.org\",\"@graph\":[{\"@type\":\"WebPage\",\"@id\":\"https:\\\/\\\/techmasterdemexico.com\\\/producto\\\/fixture-for-micrometer-head-plain-stem-for-10mm-stem-4\\\/\",\"url\":\"https:\\\/\\\/techmasterdemexico.com\\\/producto\\\/fixture-for-micrometer-head-plain-stem-for-10mm-stem-4\\\/\",\"name\":\"Fixture for Micrometer Head, Plain Stem for 10mm Stem - Techmaster de Mexico\",\"isPartOf\":{\"@id\":\"https:\\\/\\\/techmasterdemexico.com\\\/#website\"},\"primaryImageOfPage\":{\"@id\":\"https:\\\/\\\/techmasterdemexico.com\\\/producto\\\/fixture-for-micrometer-head-plain-stem-for-10mm-stem-4\\\/#primaryimage\"},\"image\":{\"@id\":\"https:\\\/\\\/techmasterdemexico.com\\\/producto\\\/fixture-for-micrometer-head-plain-stem-for-10mm-stem-4\\\/#primaryimage\"},\"thumbnailUrl\":\"https:\\\/\\\/techmasterdemexico.com\\\/wp-content\\\/uploads\\\/2021\\\/12\\\/303566_jpg.png\",\"datePublished\":\"2021-12-22T01:01:35+00:00\",\"dateModified\":\"2022-02-07T05:26:04+00:00\",\"breadcrumb\":{\"@id\":\"https:\\\/\\\/techmasterdemexico.com\\\/producto\\\/fixture-for-micrometer-head-plain-stem-for-10mm-stem-4\\\/#breadcrumb\"},\"inLanguage\":\"en-US\",\"potentialAction\":[{\"@type\":\"ReadAction\",\"target\":[\"https:\\\/\\\/techmasterdemexico.com\\\/producto\\\/fixture-for-micrometer-head-plain-stem-for-10mm-stem-4\\\/\"]}]},{\"@type\":\"ImageObject\",\"inLanguage\":\"en-US\",\"@id\":\"https:\\\/\\\/techmasterdemexico.com\\\/producto\\\/fixture-for-micrometer-head-plain-stem-for-10mm-stem-4\\\/#primaryimage\",\"url\":\"https:\\\/\\\/techmasterdemexico.com\\\/wp-content\\\/uploads\\\/2021\\\/12\\\/303566_jpg.png\",\"contentUrl\":\"https:\\\/\\\/techmasterdemexico.com\\\/wp-content\\\/uploads\\\/2021\\\/12\\\/303566_jpg.png\",\"width\":394,\"height\":394},{\"@type\":\"BreadcrumbList\",\"@id\":\"https:\\\/\\\/techmasterdemexico.com\\\/producto\\\/fixture-for-micrometer-head-plain-stem-for-10mm-stem-4\\\/#breadcrumb\",\"itemListElement\":[{\"@type\":\"ListItem\",\"position\":1,\"name\":\"Portada\",\"item\":\"https:\\\/\\\/techmasterdemexico.com\\\/\"},{\"@type\":\"ListItem\",\"position\":2,\"name\":\"Fixture for Micrometer Head, Plain Stem for 10mm Stem\"}]},{\"@type\":\"WebSite\",\"@id\":\"https:\\\/\\\/techmasterdemexico.com\\\/#website\",\"url\":\"https:\\\/\\\/techmasterdemexico.com\\\/\",\"name\":\"Techmaster de Mexico\",\"description\":\"\",\"potentialAction\":[{\"@type\":\"SearchAction\",\"target\":{\"@type\":\"EntryPoint\",\"urlTemplate\":\"https:\\\/\\\/techmasterdemexico.com\\\/?s={search_term_string}\"},\"query-input\":{\"@type\":\"PropertyValueSpecification\",\"valueRequired\":true,\"valueName\":\"search_term_string\"}}],\"inLanguage\":\"en-US\"}]}<\/script>\n<!-- \/ Yoast SEO plugin. -->","yoast_head_json":{"title":"Fixture for Micrometer Head, Plain Stem for 10mm Stem - Techmaster de Mexico","robots":{"index":"index","follow":"follow","max-snippet":"max-snippet:-1","max-image-preview":"max-image-preview:large","max-video-preview":"max-video-preview:-1"},"canonical":"https:\/\/techmasterdemexico.com\/producto\/fixture-for-micrometer-head-plain-stem-for-10mm-stem-4\/","og_locale":"en_US","og_type":"article","og_title":"Fixture for Micrometer Head, Plain Stem for 10mm Stem - Techmaster de Mexico","og_description":"Fixture for Micrometer Head, Plain Stem for 10mm Stem N\u00famero de art\u00edculo: 303585 \u2022 La fabricaci\u00f3n de componentes de sujecci\u00f3n para el montaje de cabezas microm\u00e9tricas para aplicaciones concretas puede resultar laborioso y de elevado costo. Mitutoyo ofrece varios tipos de elementos de sujeeci\u00f3n para cabezas microm\u00e9tricas para cubrir un amplio rango de aplicaciones. Estas [&hellip;]","og_url":"https:\/\/techmasterdemexico.com\/producto\/fixture-for-micrometer-head-plain-stem-for-10mm-stem-4\/","og_site_name":"Techmaster de Mexico","article_modified_time":"2022-02-07T05:26:04+00:00","og_image":[{"width":394,"height":394,"url":"https:\/\/techmasterdemexico.com\/wp-content\/uploads\/2021\/12\/303566_jpg.png","type":"image\/png"}],"twitter_card":"summary_large_image","schema":{"@context":"https:\/\/schema.org","@graph":[{"@type":"WebPage","@id":"https:\/\/techmasterdemexico.com\/producto\/fixture-for-micrometer-head-plain-stem-for-10mm-stem-4\/","url":"https:\/\/techmasterdemexico.com\/producto\/fixture-for-micrometer-head-plain-stem-for-10mm-stem-4\/","name":"Fixture for Micrometer Head, Plain Stem for 10mm Stem - Techmaster de Mexico","isPartOf":{"@id":"https:\/\/techmasterdemexico.com\/#website"},"primaryImageOfPage":{"@id":"https:\/\/techmasterdemexico.com\/producto\/fixture-for-micrometer-head-plain-stem-for-10mm-stem-4\/#primaryimage"},"image":{"@id":"https:\/\/techmasterdemexico.com\/producto\/fixture-for-micrometer-head-plain-stem-for-10mm-stem-4\/#primaryimage"},"thumbnailUrl":"https:\/\/techmasterdemexico.com\/wp-content\/uploads\/2021\/12\/303566_jpg.png","datePublished":"2021-12-22T01:01:35+00:00","dateModified":"2022-02-07T05:26:04+00:00","breadcrumb":{"@id":"https:\/\/techmasterdemexico.com\/producto\/fixture-for-micrometer-head-plain-stem-for-10mm-stem-4\/#breadcrumb"},"inLanguage":"en-US","potentialAction":[{"@type":"ReadAction","target":["https:\/\/techmasterdemexico.com\/producto\/fixture-for-micrometer-head-plain-stem-for-10mm-stem-4\/"]}]},{"@type":"ImageObject","inLanguage":"en-US","@id":"https:\/\/techmasterdemexico.com\/producto\/fixture-for-micrometer-head-plain-stem-for-10mm-stem-4\/#primaryimage","url":"https:\/\/techmasterdemexico.com\/wp-content\/uploads\/2021\/12\/303566_jpg.png","contentUrl":"https:\/\/techmasterdemexico.com\/wp-content\/uploads\/2021\/12\/303566_jpg.png","width":394,"height":394},{"@type":"BreadcrumbList","@id":"https:\/\/techmasterdemexico.com\/producto\/fixture-for-micrometer-head-plain-stem-for-10mm-stem-4\/#breadcrumb","itemListElement":[{"@type":"ListItem","position":1,"name":"Portada","item":"https:\/\/techmasterdemexico.com\/"},{"@type":"ListItem","position":2,"name":"Fixture for Micrometer Head, Plain Stem for 10mm Stem"}]},{"@type":"WebSite","@id":"https:\/\/techmasterdemexico.com\/#website","url":"https:\/\/techmasterdemexico.com\/","name":"Techmaster de Mexico","description":"","potentialAction":[{"@type":"SearchAction","target":{"@type":"EntryPoint","urlTemplate":"https:\/\/techmasterdemexico.com\/?s={search_term_string}"},"query-input":{"@type":"PropertyValueSpecification","valueRequired":true,"valueName":"search_term_string"}}],"inLanguage":"en-US"}]}},"brands":[{"id":39,"name":"Mitutoyo","slug":"mitutoyo"}],"_links":{"self":[{"href":"https:\/\/techmasterdemexico.com\/en\/wp-json\/wp\/v2\/product\/15479","targetHints":{"allow":["GET"]}}],"collection":[{"href":"https:\/\/techmasterdemexico.com\/en\/wp-json\/wp\/v2\/product"}],"about":[{"href":"https:\/\/techmasterdemexico.com\/en\/wp-json\/wp\/v2\/types\/product"}],"wp:featuredmedia":[{"embeddable":true,"href":"https:\/\/techmasterdemexico.com\/en\/wp-json\/wp\/v2\/media\/17968"}],"wp:attachment":[{"href":"https:\/\/techmasterdemexico.com\/en\/wp-json\/wp\/v2\/media?parent=15479"}],"wp:term":[{"taxonomy":"pwb-brand","embeddable":true,"href":"https:\/\/techmasterdemexico.com\/en\/wp-json\/wp\/v2\/pwb-brand?post=15479"},{"taxonomy":"product_brand","embeddable":true,"href":"https:\/\/techmasterdemexico.com\/en\/wp-json\/wp\/v2\/product_brand?post=15479"},{"taxonomy":"product_cat","embeddable":true,"href":"https:\/\/techmasterdemexico.com\/en\/wp-json\/wp\/v2\/product_cat?post=15479"},{"taxonomy":"product_tag","embeddable":true,"href":"https:\/\/techmasterdemexico.com\/en\/wp-json\/wp\/v2\/product_tag?post=15479"}],"curies":[{"name":"wp","href":"https:\/\/api.w.org\/{rel}","templated":true}]}}