{"id":15425,"date":"2021-12-22T01:00:23","date_gmt":"2021-12-22T01:00:23","guid":{"rendered":"https:\/\/techmastermx.ddns.net\/producto\/medidores-de-alturas-absolute-digimatic-0-8-200mm-inch-metric\/"},"modified":"2022-02-07T01:55:51","modified_gmt":"2022-02-07T01:55:51","slug":"medidores-de-alturas-absolute-digimatic-0-8-200mm-inch-metric","status":"publish","type":"product","link":"https:\/\/techmasterdemexico.com\/en\/producto\/medidores-de-alturas-absolute-digimatic-0-8-200mm-inch-metric\/","title":{"rendered":"Medidores de alturas ABSOLUTE Digimatic 0-8&#8243;\/200mm, Inch\/Metric"},"content":{"rendered":"<p>Calibres de altura HDS DIGIMATIC 0-8&#8243;<br \/>\n0-8&#8243;\/200mm, Inch\/Metric<br \/>\nN\u00famero de art\u00edculo: 570-244<\/p>\n<p>&nbsp;<\/p>\n<ul>\n<li>Encoder linear ABSOLUTE integrado que elimina la necesidad de establecer el punto de referencia en cada encendido. Se mejora la fiabilidad porque el error de sobrevelocidad no puede ocurrir.<\/li>\n<li>Ajuste fino para posicionado preciso.<\/li>\n<li>Se proporciona trazador de punta de metal duro.<\/li>\n<li>Salida de datos SPC.<\/li>\n<\/ul>\n","protected":false},"excerpt":{"rendered":"<div id=\"productDetailPage:accform:parametersContent\" class=\"accordion-content parameters\">\n<div id=\"product_parameters\" class=\"tab-content\">\n<table class=\"product_properties\">\n<tbody>\n<tr class=\"table-row-odd\">\n<td class=\"parameter\">\n<div class=\"product_properties_propertyName\"><span class=\"name\">Rango:<\/span><\/div>\n<\/td>\n<td class=\"value\">\n<div class=\"product_properties_propertyValue\">0 &#8211; 8<span class=\"shortName\">\u00a0[Inch]<\/span><\/div>\n<\/td>\n<\/tr>\n<tr class=\"table-row-even\">\n<td class=\"parameter\">\n<div class=\"product_properties_propertyName\"><span class=\"name\">Maximum Permissible Error J MPE:<\/span><\/div>\n<\/td>\n<td class=\"value\">\n<div class=\"product_properties_propertyValue\">\u00b10,03 mm\/0.002&#8243;<\/div>\n<\/td>\n<\/tr>\n<tr class=\"table-row-odd\">\n<td class=\"parameter\">\n<div class=\"product_properties_propertyName\"><span class=\"name\">Salida de datos:<\/span><\/div>\n<\/td>\n<td class=\"value\">\n<div class=\"product_properties_propertyValue\">Si<\/div>\n<\/td>\n<\/tr>\n<tr class=\"table-row-even\">\n<td class=\"parameter\">\n<div class=\"product_properties_propertyName\"><span class=\"name\">Peso:<\/span><\/div>\n<\/td>\n<td class=\"value\">\n<div class=\"product_properties_propertyValue\">1,3<span class=\"shortName\">\u00a0kg<\/span><\/div>\n<\/td>\n<\/tr>\n<tr class=\"table-row-odd\">\n<td class=\"parameter\">\n<div class=\"product_properties_propertyName\"><span class=\"name\">Avance fino:<\/span><\/div>\n<\/td>\n<td class=\"value\">\n<div class=\"product_properties_propertyValue\">4 mm<\/div>\n<\/td>\n<\/tr>\n<tr class=\"table-row-even\">\n<td class=\"parameter\">\n<div class=\"product_properties_propertyName\"><span class=\"name\">Escala:<\/span><\/div>\n<\/td>\n<td class=\"value\">\n<div class=\"product_properties_propertyValue\">Lector lineal electroest\u00e1tico ABSOLUTE<\/div>\n<\/td>\n<\/tr>\n<tr class=\"table-row-odd\">\n<td class=\"parameter\">\n<div class=\"product_properties_propertyName\"><span class=\"name\">Resoluci\u00f3n:<\/span><\/div>\n<\/td>\n<td class=\"value\">\n<div class=\"product_properties_propertyValue\">0,0005&#8243;\/0,01 mm<\/div>\n<\/td>\n<\/tr>\n<tr class=\"table-row-even\">\n<td class=\"parameter\">\n<div class=\"product_properties_propertyName\"><span class=\"name\">Visualizador:<\/span><\/div>\n<\/td>\n<td class=\"value\">\n<div class=\"product_properties_propertyValue\">LCD, 6-digit<\/div>\n<\/td>\n<\/tr>\n<tr class=\"table-row-odd\">\n<td class=\"parameter\">\n<div class=\"product_properties_propertyName\"><span class=\"name\">Velocidad m\u00e1x. de respuesta:<\/span><\/div>\n<\/td>\n<td class=\"value\">\n<div class=\"product_properties_propertyValue\">Unlimited<\/div>\n<\/td>\n<\/tr>\n<tr class=\"table-row-even\">\n<td class=\"parameter\">\n<div class=\"product_properties_propertyName\"><span class=\"name\">Fuente de alimentaci\u00f3n:<\/span><\/div>\n<\/td>\n<td class=\"value\">\n<div class=\"product_properties_propertyValue\">1 battery SR-44<\/div>\n<\/td>\n<\/tr>\n<tr class=\"table-row-odd\">\n<td class=\"parameter\">\n<div class=\"product_properties_propertyName\"><span class=\"name\">Duraci\u00f3n bateria:<\/span><\/div>\n<\/td>\n<td class=\"value\">\n<div class=\"product_properties_propertyValue\">approx. 5000 hours<\/div>\n<\/td>\n<\/tr>\n<tr class=\"table-row-even\">\n<td class=\"parameter\">\n<div class=\"product_properties_propertyName\"><span class=\"name\">Entregado:<\/span><\/div>\n<\/td>\n<td class=\"value\">\n<div class=\"product_properties_propertyValue\">Including 1 battery, scriber and scriber holder<\/div>\n<\/td>\n<\/tr>\n<tr class=\"table-row-odd\">\n<td class=\"parameter\">\n<div class=\"product_properties_propertyName\"><span class=\"name\">ON\/OFF:<\/span><\/div>\n<\/td>\n<td class=\"value\">\n<div class=\"product_properties_propertyValue\">Si<\/div>\n<\/td>\n<\/tr>\n<tr class=\"table-row-even\">\n<td class=\"parameter\">\n<div class=\"product_properties_propertyName\"><span class=\"name\">Selector ZERO\/ABS:<\/span><\/div>\n<\/td>\n<td class=\"value\">\n<div class=\"product_properties_propertyValue\">Si<\/div>\n<\/td>\n<\/tr>\n<tr class=\"table-row-odd\">\n<td class=\"parameter\">\n<div class=\"product_properties_propertyName\"><span class=\"name\">ORIGIN (puesta a cero ABS):<\/span><\/div>\n<\/td>\n<td class=\"value\">\n<div class=\"product_properties_propertyValue\">Si<\/div>\n<\/td>\n<\/tr>\n<tr class=\"table-row-even\">\n<td class=\"parameter\">\n<div class=\"product_properties_propertyName\"><span class=\"name\">PRESET:<\/span><\/div>\n<\/td>\n<td class=\"value\">\n<div class=\"product_properties_propertyValue\">Si<\/div>\n<\/td>\n<\/tr>\n<tr class=\"table-row-odd\">\n<td class=\"parameter\">\n<div class=\"product_properties_propertyName\"><span class=\"name\">DATA (output with cable) \/ HOLD (display value):<\/span><\/div>\n<\/td>\n<td class=\"value\">\n<div class=\"product_properties_propertyValue\">Si<\/div>\n<\/td>\n<\/tr>\n<tr class=\"table-row-even\">\n<td class=\"parameter\">\n<div class=\"product_properties_propertyName\"><span class=\"name\">Aviso bater\u00eda baja:<\/span><\/div>\n<\/td>\n<td class=\"value\">\n<div class=\"product_properties_propertyValue\">Si<\/div>\n<\/td>\n<\/tr>\n<tr class=\"table-row-odd\">\n<td class=\"parameter\">\n<div class=\"product_properties_propertyName\"><span class=\"name\">Selector \u00b1:<\/span><\/div>\n<\/td>\n<td class=\"value\">\n<div class=\"product_properties_propertyValue\">Si<\/div>\n<\/td>\n<\/tr>\n<tr class=\"table-row-even\">\n<td class=\"parameter\">\n<div class=\"product_properties_propertyName\"><span class=\"name\">Digital\/Analog:<\/span><\/div>\n<\/td>\n<td class=\"value\">\n<div class=\"product_properties_propertyValue\">&#8211;<\/div>\n<\/td>\n<\/tr>\n<tr class=\"table-row-odd\">\n<td class=\"parameter\">\n<div class=\"product_properties_propertyName\"><span class=\"name\">Metrica-pulgadas:<\/span><\/div>\n<\/td>\n<td class=\"value\">\n<div class=\"product_properties_propertyValue\">Inch\/m\u00e9trica<\/div>\n<\/td>\n<\/tr>\n<\/tbody>\n<\/table>\n<p><a id=\"productDetailPage:accform:variantsAcc\" href=\"https:\/\/shop.mitutoyo.eu\/web\/mitutoyo\/es\/all\/all\/Calibres%20de%20altura%20HDS%20DIGIMATIC%200-8%22\/PR\/570-244\/index.xhtml#\"><\/a><\/div>\n<\/div>\n","protected":false},"featured_media":17917,"template":"","meta":{"_acf_changed":false},"pwb-brand":[39],"product_brand":[],"product_cat":[366,331,421,425,38],"product_tag":[],"class_list":{"0":"post-15425","1":"product","2":"type-product","3":"status-publish","4":"has-post-thumbnail","6":"pwb-brand-mitutoyo","7":"product_cat-todos-los-productos","8":"product_cat-instrumentos-de-medicion-y-gestion-de-datos","9":"product_cat-medidores-de-altura","10":"product_cat-medidores-de-alturas-absolute-digimatic","11":"product_cat-mitutoyo","13":"first","14":"instock","15":"taxable","16":"shipping-taxable","17":"product-type-simple"},"acf":[],"yoast_head":"<!-- This site is optimized with the Yoast SEO plugin v27.3 - https:\/\/yoast.com\/product\/yoast-seo-wordpress\/ -->\n<title>Medidores de alturas ABSOLUTE Digimatic 0-8&quot;\/200mm, Inch\/Metric - Techmaster de Mexico<\/title>\n<meta name=\"robots\" content=\"index, follow, max-snippet:-1, max-image-preview:large, max-video-preview:-1\" \/>\n<link rel=\"canonical\" href=\"https:\/\/techmasterdemexico.com\/producto\/medidores-de-alturas-absolute-digimatic-0-8-200mm-inch-metric\/\" \/>\n<meta property=\"og:locale\" content=\"en_US\" \/>\n<meta property=\"og:type\" content=\"article\" \/>\n<meta property=\"og:title\" content=\"Medidores de alturas ABSOLUTE Digimatic 0-8&quot;\/200mm, Inch\/Metric - Techmaster de Mexico\" \/>\n<meta property=\"og:description\" content=\"Rango:  0 - 8\u00a0[Inch]    Maximum Permissible Error J MPE:  \u00b10,03 mm\/0.002&quot;    Salida de datos:  Si    Peso:  1,3\u00a0kg    Avance fino:  4 mm    Escala:  Lector lineal electroest\u00e1tico ABSOLUTE    Resoluci\u00f3n:  0,0005&quot;\/0,01 mm    Visualizador:  LCD, 6-digit    Velocidad m\u00e1x. de respuesta:  Unlimited    Fuente de alimentaci\u00f3n:  1 battery SR-44    Duraci\u00f3n bateria:  approx. 5000 hours    Entregado:  Including 1 battery, scriber and scriber holder    ON\/OFF:  Si    Selector ZERO\/ABS:  Si    ORIGIN (puesta a cero ABS):  Si    PRESET:  Si    DATA (output with cable) \/ HOLD (display value):  Si    Aviso bater\u00eda baja:  Si    Selector \u00b1:  Si    Digital\/Analog:  -    Metrica-pulgadas:  Inch\/m\u00e9trica\" \/>\n<meta property=\"og:url\" content=\"https:\/\/techmasterdemexico.com\/producto\/medidores-de-alturas-absolute-digimatic-0-8-200mm-inch-metric\/\" \/>\n<meta property=\"og:site_name\" content=\"Techmaster de Mexico\" \/>\n<meta property=\"article:modified_time\" content=\"2022-02-07T01:55:51+00:00\" \/>\n<meta property=\"og:image\" content=\"https:\/\/techmasterdemexico.com\/wp-content\/uploads\/2021\/12\/570-244_z1_jpg.jpg\" \/>\n\t<meta property=\"og:image:width\" content=\"600\" \/>\n\t<meta property=\"og:image:height\" content=\"600\" \/>\n\t<meta property=\"og:image:type\" content=\"image\/jpeg\" \/>\n<meta name=\"twitter:card\" content=\"summary_large_image\" \/>\n<script type=\"application\/ld+json\" class=\"yoast-schema-graph\">{\"@context\":\"https:\\\/\\\/schema.org\",\"@graph\":[{\"@type\":\"WebPage\",\"@id\":\"https:\\\/\\\/techmasterdemexico.com\\\/producto\\\/medidores-de-alturas-absolute-digimatic-0-8-200mm-inch-metric\\\/\",\"url\":\"https:\\\/\\\/techmasterdemexico.com\\\/producto\\\/medidores-de-alturas-absolute-digimatic-0-8-200mm-inch-metric\\\/\",\"name\":\"Medidores de alturas ABSOLUTE Digimatic 0-8\\\"\\\/200mm, Inch\\\/Metric - Techmaster de Mexico\",\"isPartOf\":{\"@id\":\"https:\\\/\\\/techmasterdemexico.com\\\/#website\"},\"primaryImageOfPage\":{\"@id\":\"https:\\\/\\\/techmasterdemexico.com\\\/producto\\\/medidores-de-alturas-absolute-digimatic-0-8-200mm-inch-metric\\\/#primaryimage\"},\"image\":{\"@id\":\"https:\\\/\\\/techmasterdemexico.com\\\/producto\\\/medidores-de-alturas-absolute-digimatic-0-8-200mm-inch-metric\\\/#primaryimage\"},\"thumbnailUrl\":\"https:\\\/\\\/techmasterdemexico.com\\\/wp-content\\\/uploads\\\/2021\\\/12\\\/570-244_z1_jpg.jpg\",\"datePublished\":\"2021-12-22T01:00:23+00:00\",\"dateModified\":\"2022-02-07T01:55:51+00:00\",\"breadcrumb\":{\"@id\":\"https:\\\/\\\/techmasterdemexico.com\\\/producto\\\/medidores-de-alturas-absolute-digimatic-0-8-200mm-inch-metric\\\/#breadcrumb\"},\"inLanguage\":\"en-US\",\"potentialAction\":[{\"@type\":\"ReadAction\",\"target\":[\"https:\\\/\\\/techmasterdemexico.com\\\/producto\\\/medidores-de-alturas-absolute-digimatic-0-8-200mm-inch-metric\\\/\"]}]},{\"@type\":\"ImageObject\",\"inLanguage\":\"en-US\",\"@id\":\"https:\\\/\\\/techmasterdemexico.com\\\/producto\\\/medidores-de-alturas-absolute-digimatic-0-8-200mm-inch-metric\\\/#primaryimage\",\"url\":\"https:\\\/\\\/techmasterdemexico.com\\\/wp-content\\\/uploads\\\/2021\\\/12\\\/570-244_z1_jpg.jpg\",\"contentUrl\":\"https:\\\/\\\/techmasterdemexico.com\\\/wp-content\\\/uploads\\\/2021\\\/12\\\/570-244_z1_jpg.jpg\",\"width\":600,\"height\":600},{\"@type\":\"BreadcrumbList\",\"@id\":\"https:\\\/\\\/techmasterdemexico.com\\\/producto\\\/medidores-de-alturas-absolute-digimatic-0-8-200mm-inch-metric\\\/#breadcrumb\",\"itemListElement\":[{\"@type\":\"ListItem\",\"position\":1,\"name\":\"Portada\",\"item\":\"https:\\\/\\\/techmasterdemexico.com\\\/\"},{\"@type\":\"ListItem\",\"position\":2,\"name\":\"Medidores de alturas ABSOLUTE Digimatic 0-8&#8243;\\\/200mm, Inch\\\/Metric\"}]},{\"@type\":\"WebSite\",\"@id\":\"https:\\\/\\\/techmasterdemexico.com\\\/#website\",\"url\":\"https:\\\/\\\/techmasterdemexico.com\\\/\",\"name\":\"Techmaster de Mexico\",\"description\":\"\",\"potentialAction\":[{\"@type\":\"SearchAction\",\"target\":{\"@type\":\"EntryPoint\",\"urlTemplate\":\"https:\\\/\\\/techmasterdemexico.com\\\/?s={search_term_string}\"},\"query-input\":{\"@type\":\"PropertyValueSpecification\",\"valueRequired\":true,\"valueName\":\"search_term_string\"}}],\"inLanguage\":\"en-US\"}]}<\/script>\n<!-- \/ Yoast SEO plugin. -->","yoast_head_json":{"title":"Medidores de alturas ABSOLUTE Digimatic 0-8\"\/200mm, Inch\/Metric - Techmaster de Mexico","robots":{"index":"index","follow":"follow","max-snippet":"max-snippet:-1","max-image-preview":"max-image-preview:large","max-video-preview":"max-video-preview:-1"},"canonical":"https:\/\/techmasterdemexico.com\/producto\/medidores-de-alturas-absolute-digimatic-0-8-200mm-inch-metric\/","og_locale":"en_US","og_type":"article","og_title":"Medidores de alturas ABSOLUTE Digimatic 0-8\"\/200mm, Inch\/Metric - Techmaster de Mexico","og_description":"Rango:  0 - 8\u00a0[Inch]    Maximum Permissible Error J MPE:  \u00b10,03 mm\/0.002\"    Salida de datos:  Si    Peso:  1,3\u00a0kg    Avance fino:  4 mm    Escala:  Lector lineal electroest\u00e1tico ABSOLUTE    Resoluci\u00f3n:  0,0005\"\/0,01 mm    Visualizador:  LCD, 6-digit    Velocidad m\u00e1x. de respuesta:  Unlimited    Fuente de alimentaci\u00f3n:  1 battery SR-44    Duraci\u00f3n bateria:  approx. 5000 hours    Entregado:  Including 1 battery, scriber and scriber holder    ON\/OFF:  Si    Selector ZERO\/ABS:  Si    ORIGIN (puesta a cero ABS):  Si    PRESET:  Si    DATA (output with cable) \/ HOLD (display value):  Si    Aviso bater\u00eda baja:  Si    Selector \u00b1:  Si    Digital\/Analog:  -    Metrica-pulgadas:  Inch\/m\u00e9trica","og_url":"https:\/\/techmasterdemexico.com\/producto\/medidores-de-alturas-absolute-digimatic-0-8-200mm-inch-metric\/","og_site_name":"Techmaster de Mexico","article_modified_time":"2022-02-07T01:55:51+00:00","og_image":[{"width":600,"height":600,"url":"https:\/\/techmasterdemexico.com\/wp-content\/uploads\/2021\/12\/570-244_z1_jpg.jpg","type":"image\/jpeg"}],"twitter_card":"summary_large_image","schema":{"@context":"https:\/\/schema.org","@graph":[{"@type":"WebPage","@id":"https:\/\/techmasterdemexico.com\/producto\/medidores-de-alturas-absolute-digimatic-0-8-200mm-inch-metric\/","url":"https:\/\/techmasterdemexico.com\/producto\/medidores-de-alturas-absolute-digimatic-0-8-200mm-inch-metric\/","name":"Medidores de alturas ABSOLUTE Digimatic 0-8\"\/200mm, Inch\/Metric - Techmaster de Mexico","isPartOf":{"@id":"https:\/\/techmasterdemexico.com\/#website"},"primaryImageOfPage":{"@id":"https:\/\/techmasterdemexico.com\/producto\/medidores-de-alturas-absolute-digimatic-0-8-200mm-inch-metric\/#primaryimage"},"image":{"@id":"https:\/\/techmasterdemexico.com\/producto\/medidores-de-alturas-absolute-digimatic-0-8-200mm-inch-metric\/#primaryimage"},"thumbnailUrl":"https:\/\/techmasterdemexico.com\/wp-content\/uploads\/2021\/12\/570-244_z1_jpg.jpg","datePublished":"2021-12-22T01:00:23+00:00","dateModified":"2022-02-07T01:55:51+00:00","breadcrumb":{"@id":"https:\/\/techmasterdemexico.com\/producto\/medidores-de-alturas-absolute-digimatic-0-8-200mm-inch-metric\/#breadcrumb"},"inLanguage":"en-US","potentialAction":[{"@type":"ReadAction","target":["https:\/\/techmasterdemexico.com\/producto\/medidores-de-alturas-absolute-digimatic-0-8-200mm-inch-metric\/"]}]},{"@type":"ImageObject","inLanguage":"en-US","@id":"https:\/\/techmasterdemexico.com\/producto\/medidores-de-alturas-absolute-digimatic-0-8-200mm-inch-metric\/#primaryimage","url":"https:\/\/techmasterdemexico.com\/wp-content\/uploads\/2021\/12\/570-244_z1_jpg.jpg","contentUrl":"https:\/\/techmasterdemexico.com\/wp-content\/uploads\/2021\/12\/570-244_z1_jpg.jpg","width":600,"height":600},{"@type":"BreadcrumbList","@id":"https:\/\/techmasterdemexico.com\/producto\/medidores-de-alturas-absolute-digimatic-0-8-200mm-inch-metric\/#breadcrumb","itemListElement":[{"@type":"ListItem","position":1,"name":"Portada","item":"https:\/\/techmasterdemexico.com\/"},{"@type":"ListItem","position":2,"name":"Medidores de alturas ABSOLUTE Digimatic 0-8&#8243;\/200mm, Inch\/Metric"}]},{"@type":"WebSite","@id":"https:\/\/techmasterdemexico.com\/#website","url":"https:\/\/techmasterdemexico.com\/","name":"Techmaster de Mexico","description":"","potentialAction":[{"@type":"SearchAction","target":{"@type":"EntryPoint","urlTemplate":"https:\/\/techmasterdemexico.com\/?s={search_term_string}"},"query-input":{"@type":"PropertyValueSpecification","valueRequired":true,"valueName":"search_term_string"}}],"inLanguage":"en-US"}]}},"brands":[{"id":39,"name":"Mitutoyo","slug":"mitutoyo"}],"_links":{"self":[{"href":"https:\/\/techmasterdemexico.com\/en\/wp-json\/wp\/v2\/product\/15425","targetHints":{"allow":["GET"]}}],"collection":[{"href":"https:\/\/techmasterdemexico.com\/en\/wp-json\/wp\/v2\/product"}],"about":[{"href":"https:\/\/techmasterdemexico.com\/en\/wp-json\/wp\/v2\/types\/product"}],"wp:featuredmedia":[{"embeddable":true,"href":"https:\/\/techmasterdemexico.com\/en\/wp-json\/wp\/v2\/media\/17917"}],"wp:attachment":[{"href":"https:\/\/techmasterdemexico.com\/en\/wp-json\/wp\/v2\/media?parent=15425"}],"wp:term":[{"taxonomy":"pwb-brand","embeddable":true,"href":"https:\/\/techmasterdemexico.com\/en\/wp-json\/wp\/v2\/pwb-brand?post=15425"},{"taxonomy":"product_brand","embeddable":true,"href":"https:\/\/techmasterdemexico.com\/en\/wp-json\/wp\/v2\/product_brand?post=15425"},{"taxonomy":"product_cat","embeddable":true,"href":"https:\/\/techmasterdemexico.com\/en\/wp-json\/wp\/v2\/product_cat?post=15425"},{"taxonomy":"product_tag","embeddable":true,"href":"https:\/\/techmasterdemexico.com\/en\/wp-json\/wp\/v2\/product_tag?post=15425"}],"curies":[{"name":"wp","href":"https:\/\/api.w.org\/{rel}","templated":true}]}}