{"id":15422,"date":"2021-12-22T01:00:21","date_gmt":"2021-12-22T01:00:21","guid":{"rendered":"https:\/\/techmastermx.ddns.net\/producto\/qm-height-with-air-floating-inch-metric-0-24-000005-00001-00002\/"},"modified":"2022-02-07T02:02:15","modified_gmt":"2022-02-07T02:02:15","slug":"qm-height-with-air-floating-inch-metric-0-24-000005-00001-00002","status":"publish","type":"product","link":"https:\/\/techmasterdemexico.com\/en\/producto\/qm-height-with-air-floating-inch-metric-0-24-000005-00001-00002\/","title":{"rendered":"QM Height with Air Floating, Inch\/Metric 0-24&#8243;, 0,00005&#8243;\/0,0001&#8243;\/0,0002&#8243;"},"content":{"rendered":"<p>QM Height with Air Floating, Inch\/Metric<br \/>\n0-24&#8243;, 0,00005&#8243;\/0,0001&#8243;\/0,0002&#8243;<br \/>\nN\u00famero de art\u00edculo: 518-247<\/p>\n<p>&nbsp;<\/p>\n<p>Micr\u00f3metro de alturas digital\u00a0ABSOLUTE de alta precisi\u00f3n que le ofrece<br \/>\nlas siguientes ventajas:<\/p>\n<ul>\n<li>Incorpora un nuevo encoder lineal ABSOLUTE de alta resoluci\u00f3n y precisi\u00f3n\u00a0para<br \/>\nla detecci\u00f3n del posicionamiento.<\/li>\n<li>Disponibles modelos con o sin la ayuda de mecanismo neum\u00e1tico de flotaci\u00f3n para su desplazamiento<\/li>\n<li>Ejecuci\u00f3n autom\u00e1tica de programas repetitivos previo aprendizaje<\/li>\n<li>Las funciones habituales de medici\u00f3n se activan con suma facilidad, l\u00e9ase di\u00e1metros interiores\/exteriores y distancias con una sola pulsaci\u00f3n del teclado con iconos.<\/li>\n<li>Extraordinaria vida de su bater\u00eda<\/li>\n<li>Evaluaci\u00f3n de estado de medidas por juicio GO\/\u00b1NG\u00a0respecto a l\u00edmites de tolerancia pre-establecidos.<\/li>\n<li>El visualizador est\u00e1 montado fijo sobre\u00a0la carcasa para facilitar la lectura. El palpador se\u00a0mueve con independencia durante la medici\u00f3n.<\/li>\n<\/ul>\n","protected":false},"excerpt":{"rendered":"<div id=\"productDetailPage:accform:parametersContent\" class=\"accordion-content parameters\">\n<div id=\"product_parameters\" class=\"tab-content\">\n<table class=\"product_properties\">\n<tbody>\n<tr class=\"table-row-odd\">\n<td class=\"parameter\">\n<div class=\"product_properties_propertyName\"><span class=\"name\">Rango de medida:<\/span><\/div>\n<\/td>\n<td class=\"value\">\n<div class=\"product_properties_propertyValue\">0-24&#8243;\/0-600 mm<\/div>\n<\/td>\n<\/tr>\n<tr class=\"table-row-even\">\n<td class=\"parameter\">\n<div class=\"product_properties_propertyName\"><span class=\"name\">Precisi\u00f3n:<\/span><\/div>\n<\/td>\n<td class=\"value\">\n<div class=\"product_properties_propertyValue\">\u00b1(2,4+2,1L\/600) \u00b5m<br \/>\nL = Measuring length (mm)<\/div>\n<\/td>\n<\/tr>\n<tr class=\"table-row-odd\">\n<td class=\"parameter\">\n<div class=\"product_properties_propertyName\"><span class=\"name\">Perpendicularidad:<\/span><\/div>\n<\/td>\n<td class=\"value\">\n<div class=\"product_properties_propertyValue\">12 \u00b5m<\/div>\n<\/td>\n<\/tr>\n<tr class=\"table-row-even\">\n<td class=\"parameter\">\n<div class=\"product_properties_propertyName\"><span class=\"name\">Repetibilidad:<\/span><\/div>\n<\/td>\n<td class=\"value\">\n<div class=\"product_properties_propertyValue\">(2\u03c3) \u2264 1,8 \u00b5m<\/div>\n<\/td>\n<\/tr>\n<tr class=\"table-row-odd\">\n<td class=\"parameter\">\n<div class=\"product_properties_propertyName\"><span class=\"name\">Flotaci\u00f3n por aire:<\/span><\/div>\n<\/td>\n<td class=\"value\">\n<div class=\"product_properties_propertyValue\">yes<\/div>\n<\/td>\n<\/tr>\n<tr class=\"table-row-even\">\n<td class=\"parameter\">\n<div class=\"product_properties_propertyName\"><span class=\"name\">Salida de datos:<\/span><\/div>\n<\/td>\n<td class=\"value\">\n<div class=\"product_properties_propertyValue\">Si<\/div>\n<\/td>\n<\/tr>\n<tr class=\"table-row-odd\">\n<td class=\"parameter\">\n<div class=\"product_properties_propertyName\"><span class=\"name\">Peso:<\/span><\/div>\n<\/td>\n<td class=\"value\">\n<div class=\"product_properties_propertyValue\">30<span class=\"shortName\">\u00a0kg<\/span><\/div>\n<\/td>\n<\/tr>\n<tr class=\"table-row-even\">\n<td class=\"parameter\">\n<div class=\"product_properties_propertyName\"><span class=\"name\">Escala:<\/span><\/div>\n<\/td>\n<td class=\"value\">\n<div class=\"product_properties_propertyValue\">Lector ABSOLUTE inductivo electro magn\u00e9tico<\/div>\n<\/td>\n<\/tr>\n<tr class=\"table-row-odd\">\n<td class=\"parameter\">\n<div class=\"product_properties_propertyName\"><span class=\"name\">Resoluci\u00f3n:<\/span><\/div>\n<\/td>\n<td class=\"value\">\n<div class=\"product_properties_propertyValue\">0,00005\/0,0001\/0,0002&#8243; or 0,001\/0,005 mm<\/div>\n<\/td>\n<\/tr>\n<tr class=\"table-row-even\">\n<td class=\"parameter\">\n<div class=\"product_properties_propertyName\"><span class=\"name\">Visualizador:<\/span><\/div>\n<\/td>\n<td class=\"value\">\n<div class=\"product_properties_propertyValue\">TN monochrome LCD<\/div>\n<\/td>\n<\/tr>\n<tr class=\"table-row-odd\">\n<td class=\"parameter\">\n<div class=\"product_properties_propertyName\"><span class=\"name\">Funci\u00f3n de medici\u00f3n:<\/span><\/div>\n<\/td>\n<td class=\"value\">\n<div class=\"product_properties_propertyValue\">1D measurement: height diameter, pitch, Max\/Min\/TIR (Max-Min), tolerance, preset, data memory<\/div>\n<\/td>\n<\/tr>\n<tr class=\"table-row-even\">\n<td class=\"parameter\">\n<div class=\"product_properties_propertyName\"><span class=\"name\">Desplazamiento<br \/>\nmetodo:<\/span><\/div>\n<\/td>\n<td class=\"value\">\n<div class=\"product_properties_propertyValue\">Manual<\/div>\n<\/td>\n<\/tr>\n<tr class=\"table-row-odd\">\n<td class=\"parameter\">\n<div class=\"product_properties_propertyName\"><span class=\"name\">Fuerza de medici\u00f3n *<sup>1<\/sup>:<\/span><\/div>\n<\/td>\n<td class=\"value\">\n<div class=\"product_properties_propertyValue\">1.5 N \u00b1 0.5 N<\/div>\n<\/td>\n<\/tr>\n<tr class=\"table-row-even\">\n<td class=\"parameter\">\n<div class=\"product_properties_propertyName\"><span class=\"name\">Guia<br \/>\nm\u00e9todo:<\/span><\/div>\n<\/td>\n<td class=\"value\">\n<div class=\"product_properties_propertyValue\">Roldana<\/div>\n<\/td>\n<\/tr>\n<tr class=\"table-row-odd\">\n<td class=\"parameter\">\n<div class=\"product_properties_propertyName\"><span class=\"name\">Fuente de alimentaci\u00f3n:<\/span><\/div>\n<\/td>\n<td class=\"value\">\n<div class=\"product_properties_propertyValue\">Alkaline battery size AA LR6 (4pcs.), rechargeable battery size AA Ni-MH (4pcs.),<br \/>\nAC-Adapter (optional)<\/div>\n<\/td>\n<\/tr>\n<tr class=\"table-row-even\">\n<td class=\"parameter\">\n<div class=\"product_properties_propertyName\"><span class=\"name\">Duraci\u00f3n bateria:<\/span><\/div>\n<\/td>\n<td class=\"value\">\n<div class=\"product_properties_propertyValue\">Approx. 1200 h<br \/>\n(without air floating)<br \/>\nApprox. 90 h (with air floating)<\/div>\n<\/td>\n<\/tr>\n<tr class=\"table-row-odd\">\n<td class=\"parameter\">\n<div class=\"product_properties_propertyName\"><span class=\"name\">Entregado:<\/span><\/div>\n<\/td>\n<td class=\"value\">\n<div class=\"product_properties_propertyValue\">Including 4 batteries, setting block, ball offset probe<\/div>\n<\/td>\n<\/tr>\n<tr class=\"table-row-even\">\n<td class=\"parameter\">\n<div class=\"product_properties_propertyName\"><span class=\"name\">Digital\/Analog:<\/span><\/div>\n<\/td>\n<td class=\"value\">\n<div class=\"product_properties_propertyValue\">&#8211;<\/div>\n<\/td>\n<\/tr>\n<tr class=\"table-row-odd\">\n<td class=\"parameter\">\n<div class=\"product_properties_propertyName\"><span class=\"name\">Metrica-pulgadas:<\/span><\/div>\n<\/td>\n<td class=\"value\">\n<div class=\"product_properties_propertyValue\">Inch\/m\u00e9trica<\/div>\n<\/td>\n<\/tr>\n<\/tbody>\n<\/table>\n<\/div>\n<\/div>\n","protected":false},"featured_media":17922,"template":"","meta":{"_acf_changed":false},"pwb-brand":[39],"product_brand":[],"product_cat":[366,331,424,421,38],"product_tag":[],"class_list":{"0":"post-15422","1":"product","2":"type-product","3":"status-publish","4":"has-post-thumbnail","6":"pwb-brand-mitutoyo","7":"product_cat-todos-los-productos","8":"product_cat-instrumentos-de-medicion-y-gestion-de-datos","9":"product_cat-medidor-de-alturas-qm-height","10":"product_cat-medidores-de-altura","11":"product_cat-mitutoyo","13":"first","14":"instock","15":"taxable","16":"shipping-taxable","17":"product-type-simple"},"acf":[],"yoast_head":"<!-- This site is optimized with the Yoast SEO plugin v27.3 - https:\/\/yoast.com\/product\/yoast-seo-wordpress\/ -->\n<title>QM Height with Air Floating, Inch\/Metric 0-24&quot;, 0,00005&quot;\/0,0001&quot;\/0,0002&quot; - Techmaster de Mexico<\/title>\n<meta name=\"robots\" content=\"index, follow, max-snippet:-1, max-image-preview:large, max-video-preview:-1\" \/>\n<link rel=\"canonical\" href=\"https:\/\/techmasterdemexico.com\/producto\/qm-height-with-air-floating-inch-metric-0-24-000005-00001-00002\/\" \/>\n<meta property=\"og:locale\" content=\"en_US\" \/>\n<meta property=\"og:type\" content=\"article\" \/>\n<meta property=\"og:title\" content=\"QM Height with Air Floating, Inch\/Metric 0-24&quot;, 0,00005&quot;\/0,0001&quot;\/0,0002&quot; - Techmaster de Mexico\" \/>\n<meta property=\"og:description\" content=\"Rango de medida:  0-24&quot;\/0-600 mm    Precisi\u00f3n:  \u00b1(2,4+2,1L\/600) \u00b5m L = Measuring length (mm)    Perpendicularidad:  12 \u00b5m    Repetibilidad:  (2\u03c3) \u2264 1,8 \u00b5m    Flotaci\u00f3n por aire:  yes    Salida de datos:  Si    Peso:  30\u00a0kg    Escala:  Lector ABSOLUTE inductivo electro magn\u00e9tico    Resoluci\u00f3n:  0,00005\/0,0001\/0,0002&quot; or 0,001\/0,005 mm    Visualizador:  TN monochrome LCD    Funci\u00f3n de medici\u00f3n:  1D measurement: height diameter, pitch, Max\/Min\/TIR (Max-Min), tolerance, preset, data memory    Desplazamiento metodo:  Manual    Fuerza de medici\u00f3n *1:  1.5 N \u00b1 0.5 N    Guia m\u00e9todo:  Roldana    Fuente de alimentaci\u00f3n:  Alkaline battery size AA LR6 (4pcs.), rechargeable battery size AA Ni-MH (4pcs.), AC-Adapter (optional)    Duraci\u00f3n bateria:  Approx. 1200 h (without air floating) Approx. 90 h (with air floating)    Entregado:  Including 4 batteries, setting block, ball offset probe    Digital\/Analog:  -    Metrica-pulgadas:  Inch\/m\u00e9trica\" \/>\n<meta property=\"og:url\" content=\"https:\/\/techmasterdemexico.com\/producto\/qm-height-with-air-floating-inch-metric-0-24-000005-00001-00002\/\" \/>\n<meta property=\"og:site_name\" content=\"Techmaster de Mexico\" \/>\n<meta property=\"article:modified_time\" content=\"2022-02-07T02:02:15+00:00\" \/>\n<meta property=\"og:image\" content=\"https:\/\/techmasterdemexico.com\/wp-content\/uploads\/2021\/12\/518-246_jpg.jpg\" \/>\n\t<meta property=\"og:image:width\" content=\"600\" \/>\n\t<meta property=\"og:image:height\" content=\"600\" \/>\n\t<meta property=\"og:image:type\" content=\"image\/jpeg\" \/>\n<meta name=\"twitter:card\" content=\"summary_large_image\" \/>\n<meta name=\"twitter:label1\" content=\"Est. reading time\" \/>\n\t<meta name=\"twitter:data1\" content=\"1 minute\" \/>\n<script type=\"application\/ld+json\" class=\"yoast-schema-graph\">{\"@context\":\"https:\\\/\\\/schema.org\",\"@graph\":[{\"@type\":\"WebPage\",\"@id\":\"https:\\\/\\\/techmasterdemexico.com\\\/producto\\\/qm-height-with-air-floating-inch-metric-0-24-000005-00001-00002\\\/\",\"url\":\"https:\\\/\\\/techmasterdemexico.com\\\/producto\\\/qm-height-with-air-floating-inch-metric-0-24-000005-00001-00002\\\/\",\"name\":\"QM Height with Air Floating, Inch\\\/Metric 0-24\\\", 0,00005\\\"\\\/0,0001\\\"\\\/0,0002\\\" - Techmaster de Mexico\",\"isPartOf\":{\"@id\":\"https:\\\/\\\/techmasterdemexico.com\\\/#website\"},\"primaryImageOfPage\":{\"@id\":\"https:\\\/\\\/techmasterdemexico.com\\\/producto\\\/qm-height-with-air-floating-inch-metric-0-24-000005-00001-00002\\\/#primaryimage\"},\"image\":{\"@id\":\"https:\\\/\\\/techmasterdemexico.com\\\/producto\\\/qm-height-with-air-floating-inch-metric-0-24-000005-00001-00002\\\/#primaryimage\"},\"thumbnailUrl\":\"https:\\\/\\\/techmasterdemexico.com\\\/wp-content\\\/uploads\\\/2021\\\/12\\\/518-246_jpg.jpg\",\"datePublished\":\"2021-12-22T01:00:21+00:00\",\"dateModified\":\"2022-02-07T02:02:15+00:00\",\"breadcrumb\":{\"@id\":\"https:\\\/\\\/techmasterdemexico.com\\\/producto\\\/qm-height-with-air-floating-inch-metric-0-24-000005-00001-00002\\\/#breadcrumb\"},\"inLanguage\":\"en-US\",\"potentialAction\":[{\"@type\":\"ReadAction\",\"target\":[\"https:\\\/\\\/techmasterdemexico.com\\\/producto\\\/qm-height-with-air-floating-inch-metric-0-24-000005-00001-00002\\\/\"]}]},{\"@type\":\"ImageObject\",\"inLanguage\":\"en-US\",\"@id\":\"https:\\\/\\\/techmasterdemexico.com\\\/producto\\\/qm-height-with-air-floating-inch-metric-0-24-000005-00001-00002\\\/#primaryimage\",\"url\":\"https:\\\/\\\/techmasterdemexico.com\\\/wp-content\\\/uploads\\\/2021\\\/12\\\/518-246_jpg.jpg\",\"contentUrl\":\"https:\\\/\\\/techmasterdemexico.com\\\/wp-content\\\/uploads\\\/2021\\\/12\\\/518-246_jpg.jpg\",\"width\":600,\"height\":600},{\"@type\":\"BreadcrumbList\",\"@id\":\"https:\\\/\\\/techmasterdemexico.com\\\/producto\\\/qm-height-with-air-floating-inch-metric-0-24-000005-00001-00002\\\/#breadcrumb\",\"itemListElement\":[{\"@type\":\"ListItem\",\"position\":1,\"name\":\"Portada\",\"item\":\"https:\\\/\\\/techmasterdemexico.com\\\/\"},{\"@type\":\"ListItem\",\"position\":2,\"name\":\"QM Height with Air Floating, Inch\\\/Metric 0-24&#8243;, 0,00005&#8243;\\\/0,0001&#8243;\\\/0,0002&#8243;\"}]},{\"@type\":\"WebSite\",\"@id\":\"https:\\\/\\\/techmasterdemexico.com\\\/#website\",\"url\":\"https:\\\/\\\/techmasterdemexico.com\\\/\",\"name\":\"Techmaster de Mexico\",\"description\":\"\",\"potentialAction\":[{\"@type\":\"SearchAction\",\"target\":{\"@type\":\"EntryPoint\",\"urlTemplate\":\"https:\\\/\\\/techmasterdemexico.com\\\/?s={search_term_string}\"},\"query-input\":{\"@type\":\"PropertyValueSpecification\",\"valueRequired\":true,\"valueName\":\"search_term_string\"}}],\"inLanguage\":\"en-US\"}]}<\/script>\n<!-- \/ Yoast SEO plugin. -->","yoast_head_json":{"title":"QM Height with Air Floating, Inch\/Metric 0-24\", 0,00005\"\/0,0001\"\/0,0002\" - Techmaster de Mexico","robots":{"index":"index","follow":"follow","max-snippet":"max-snippet:-1","max-image-preview":"max-image-preview:large","max-video-preview":"max-video-preview:-1"},"canonical":"https:\/\/techmasterdemexico.com\/producto\/qm-height-with-air-floating-inch-metric-0-24-000005-00001-00002\/","og_locale":"en_US","og_type":"article","og_title":"QM Height with Air Floating, Inch\/Metric 0-24\", 0,00005\"\/0,0001\"\/0,0002\" - Techmaster de Mexico","og_description":"Rango de medida:  0-24\"\/0-600 mm    Precisi\u00f3n:  \u00b1(2,4+2,1L\/600) \u00b5m L = Measuring length (mm)    Perpendicularidad:  12 \u00b5m    Repetibilidad:  (2\u03c3) \u2264 1,8 \u00b5m    Flotaci\u00f3n por aire:  yes    Salida de datos:  Si    Peso:  30\u00a0kg    Escala:  Lector ABSOLUTE inductivo electro magn\u00e9tico    Resoluci\u00f3n:  0,00005\/0,0001\/0,0002\" or 0,001\/0,005 mm    Visualizador:  TN monochrome LCD    Funci\u00f3n de medici\u00f3n:  1D measurement: height diameter, pitch, Max\/Min\/TIR (Max-Min), tolerance, preset, data memory    Desplazamiento metodo:  Manual    Fuerza de medici\u00f3n *1:  1.5 N \u00b1 0.5 N    Guia m\u00e9todo:  Roldana    Fuente de alimentaci\u00f3n:  Alkaline battery size AA LR6 (4pcs.), rechargeable battery size AA Ni-MH (4pcs.), AC-Adapter (optional)    Duraci\u00f3n bateria:  Approx. 1200 h (without air floating) Approx. 90 h (with air floating)    Entregado:  Including 4 batteries, setting block, ball offset probe    Digital\/Analog:  -    Metrica-pulgadas:  Inch\/m\u00e9trica","og_url":"https:\/\/techmasterdemexico.com\/producto\/qm-height-with-air-floating-inch-metric-0-24-000005-00001-00002\/","og_site_name":"Techmaster de Mexico","article_modified_time":"2022-02-07T02:02:15+00:00","og_image":[{"width":600,"height":600,"url":"https:\/\/techmasterdemexico.com\/wp-content\/uploads\/2021\/12\/518-246_jpg.jpg","type":"image\/jpeg"}],"twitter_card":"summary_large_image","twitter_misc":{"Est. reading time":"1 minute"},"schema":{"@context":"https:\/\/schema.org","@graph":[{"@type":"WebPage","@id":"https:\/\/techmasterdemexico.com\/producto\/qm-height-with-air-floating-inch-metric-0-24-000005-00001-00002\/","url":"https:\/\/techmasterdemexico.com\/producto\/qm-height-with-air-floating-inch-metric-0-24-000005-00001-00002\/","name":"QM Height with Air Floating, Inch\/Metric 0-24\", 0,00005\"\/0,0001\"\/0,0002\" - Techmaster de Mexico","isPartOf":{"@id":"https:\/\/techmasterdemexico.com\/#website"},"primaryImageOfPage":{"@id":"https:\/\/techmasterdemexico.com\/producto\/qm-height-with-air-floating-inch-metric-0-24-000005-00001-00002\/#primaryimage"},"image":{"@id":"https:\/\/techmasterdemexico.com\/producto\/qm-height-with-air-floating-inch-metric-0-24-000005-00001-00002\/#primaryimage"},"thumbnailUrl":"https:\/\/techmasterdemexico.com\/wp-content\/uploads\/2021\/12\/518-246_jpg.jpg","datePublished":"2021-12-22T01:00:21+00:00","dateModified":"2022-02-07T02:02:15+00:00","breadcrumb":{"@id":"https:\/\/techmasterdemexico.com\/producto\/qm-height-with-air-floating-inch-metric-0-24-000005-00001-00002\/#breadcrumb"},"inLanguage":"en-US","potentialAction":[{"@type":"ReadAction","target":["https:\/\/techmasterdemexico.com\/producto\/qm-height-with-air-floating-inch-metric-0-24-000005-00001-00002\/"]}]},{"@type":"ImageObject","inLanguage":"en-US","@id":"https:\/\/techmasterdemexico.com\/producto\/qm-height-with-air-floating-inch-metric-0-24-000005-00001-00002\/#primaryimage","url":"https:\/\/techmasterdemexico.com\/wp-content\/uploads\/2021\/12\/518-246_jpg.jpg","contentUrl":"https:\/\/techmasterdemexico.com\/wp-content\/uploads\/2021\/12\/518-246_jpg.jpg","width":600,"height":600},{"@type":"BreadcrumbList","@id":"https:\/\/techmasterdemexico.com\/producto\/qm-height-with-air-floating-inch-metric-0-24-000005-00001-00002\/#breadcrumb","itemListElement":[{"@type":"ListItem","position":1,"name":"Portada","item":"https:\/\/techmasterdemexico.com\/"},{"@type":"ListItem","position":2,"name":"QM Height with Air Floating, Inch\/Metric 0-24&#8243;, 0,00005&#8243;\/0,0001&#8243;\/0,0002&#8243;"}]},{"@type":"WebSite","@id":"https:\/\/techmasterdemexico.com\/#website","url":"https:\/\/techmasterdemexico.com\/","name":"Techmaster de Mexico","description":"","potentialAction":[{"@type":"SearchAction","target":{"@type":"EntryPoint","urlTemplate":"https:\/\/techmasterdemexico.com\/?s={search_term_string}"},"query-input":{"@type":"PropertyValueSpecification","valueRequired":true,"valueName":"search_term_string"}}],"inLanguage":"en-US"}]}},"brands":[{"id":39,"name":"Mitutoyo","slug":"mitutoyo"}],"_links":{"self":[{"href":"https:\/\/techmasterdemexico.com\/en\/wp-json\/wp\/v2\/product\/15422","targetHints":{"allow":["GET"]}}],"collection":[{"href":"https:\/\/techmasterdemexico.com\/en\/wp-json\/wp\/v2\/product"}],"about":[{"href":"https:\/\/techmasterdemexico.com\/en\/wp-json\/wp\/v2\/types\/product"}],"wp:featuredmedia":[{"embeddable":true,"href":"https:\/\/techmasterdemexico.com\/en\/wp-json\/wp\/v2\/media\/17922"}],"wp:attachment":[{"href":"https:\/\/techmasterdemexico.com\/en\/wp-json\/wp\/v2\/media?parent=15422"}],"wp:term":[{"taxonomy":"pwb-brand","embeddable":true,"href":"https:\/\/techmasterdemexico.com\/en\/wp-json\/wp\/v2\/pwb-brand?post=15422"},{"taxonomy":"product_brand","embeddable":true,"href":"https:\/\/techmasterdemexico.com\/en\/wp-json\/wp\/v2\/product_brand?post=15422"},{"taxonomy":"product_cat","embeddable":true,"href":"https:\/\/techmasterdemexico.com\/en\/wp-json\/wp\/v2\/product_cat?post=15422"},{"taxonomy":"product_tag","embeddable":true,"href":"https:\/\/techmasterdemexico.com\/en\/wp-json\/wp\/v2\/product_tag?post=15422"}],"curies":[{"name":"wp","href":"https:\/\/api.w.org\/{rel}","templated":true}]}}