{"id":15411,"date":"2021-12-22T01:00:10","date_gmt":"2021-12-22T01:00:10","guid":{"rendered":"https:\/\/techmastermx.ddns.net\/producto\/medidores-de-alturas-digimatic-con-doble-columna-0-12-300mm-probe-connector-inch-metric\/"},"modified":"2022-02-07T02:20:36","modified_gmt":"2022-02-07T02:20:36","slug":"medidores-de-alturas-digimatic-con-doble-columna-0-12-300mm-probe-connector-inch-metric","status":"publish","type":"product","link":"https:\/\/techmasterdemexico.com\/en\/producto\/medidores-de-alturas-digimatic-con-doble-columna-0-12-300mm-probe-connector-inch-metric\/","title":{"rendered":"Medidores de alturas Digimatic con doble columna 0-12&#8243;\/300mm, Probe Connector, Inch\/Metric"},"content":{"rendered":"<p>Robusto &#8220;DIGIMATIC&#8221; HDM &#8211; A<br \/>\n0-12&#8243;\/300mm, Probe Connector, Inch\/Metric<br \/>\nN\u00famero de art\u00edculo: 192-670-10<\/p>\n<p>&nbsp;<\/p>\n<ul>\n<li>Muy vers\u00e1til, multifunci\u00f3n.<\/li>\n<li>Con punta trazadora de metal duro grande.<\/li>\n<li>Su r\u00edgida construcci\u00f3n asegura su repetibilidad de medida.<\/li>\n<li>El palpador con se\u00f1al doble direcci\u00f3n de palpado como accesorio opcional.Se puede medir r\u00e1pidamente y con precisi\u00f3n escalones, anchuras inetiores\/exteriores.<\/li>\n<li>Salida de datos SPC.<\/li>\n<\/ul>\n","protected":false},"excerpt":{"rendered":"<div id=\"productDetailPage:accform:parametersContent\" class=\"accordion-content parameters\">\n<div id=\"product_parameters\" class=\"tab-content\">\n<table class=\"product_properties\">\n<tbody>\n<tr class=\"table-row-odd\">\n<td class=\"parameter\">\n<div class=\"product_properties_propertyName\"><span class=\"name\">Rango:<\/span><\/div>\n<\/td>\n<td class=\"value\">\n<div class=\"product_properties_propertyValue\">0 &#8211; 12<span class=\"shortName\">\u00a0[Inch]<\/span><\/div>\n<\/td>\n<\/tr>\n<tr class=\"table-row-even\">\n<td class=\"parameter\">\n<div class=\"product_properties_propertyName\"><span class=\"name\">Maximum Permissible Error J MPE:<\/span><\/div>\n<\/td>\n<td class=\"value\">\n<div class=\"product_properties_propertyValue\">\u00b10.02 mm\/0.001&#8243;<\/div>\n<\/td>\n<\/tr>\n<tr class=\"table-row-odd\">\n<td class=\"parameter\">\n<div class=\"product_properties_propertyName\"><span class=\"name\">Salida de datos:<\/span><\/div>\n<\/td>\n<td class=\"value\">\n<div class=\"product_properties_propertyValue\">Si<\/div>\n<\/td>\n<\/tr>\n<tr class=\"table-row-even\">\n<td class=\"parameter\">\n<div class=\"product_properties_propertyName\"><span class=\"name\">Peso:<\/span><\/div>\n<\/td>\n<td class=\"value\">\n<div class=\"product_properties_propertyValue\">6,5<span class=\"shortName\">\u00a0kg<\/span><\/div>\n<\/td>\n<\/tr>\n<tr class=\"table-row-odd\">\n<td class=\"parameter\">\n<div class=\"product_properties_propertyName\"><span class=\"name\">Conmutador mm\/inch:<\/span><\/div>\n<\/td>\n<td class=\"value\">\n<div class=\"product_properties_propertyValue\">Si<\/div>\n<\/td>\n<\/tr>\n<tr class=\"table-row-even\">\n<td class=\"parameter\">\n<div class=\"product_properties_propertyName\"><span class=\"name\">Resoluci\u00f3n:<\/span><\/div>\n<\/td>\n<td class=\"value\">\n<div class=\"product_properties_propertyValue\">0,0005\/0,0002&#8243; or 0,01\/0,005 mm<\/div>\n<\/td>\n<\/tr>\n<tr class=\"table-row-odd\">\n<td class=\"parameter\">\n<div class=\"product_properties_propertyName\"><span class=\"name\">Visualizador:<\/span><\/div>\n<\/td>\n<td class=\"value\">\n<div class=\"product_properties_propertyValue\">LCD, Character Height: 11 mm<\/div>\n<\/td>\n<\/tr>\n<tr class=\"table-row-even\">\n<td class=\"parameter\">\n<div class=\"product_properties_propertyName\"><span class=\"name\">Velocidad m\u00e1x. de respuesta:<\/span><\/div>\n<\/td>\n<td class=\"value\">\n<div class=\"product_properties_propertyValue\">500 mm\/s<\/div>\n<\/td>\n<\/tr>\n<tr class=\"table-row-odd\">\n<td class=\"parameter\">\n<div class=\"product_properties_propertyName\"><span class=\"name\">Fuente de alimentaci\u00f3n:<\/span><\/div>\n<\/td>\n<td class=\"value\">\n<div class=\"product_properties_propertyValue\">1 battery SR-44<\/div>\n<\/td>\n<\/tr>\n<tr class=\"table-row-even\">\n<td class=\"parameter\">\n<div class=\"product_properties_propertyName\"><span class=\"name\">Duraci\u00f3n bateria:<\/span><\/div>\n<\/td>\n<td class=\"value\">\n<div class=\"product_properties_propertyValue\">approx. 3500 hours<\/div>\n<\/td>\n<\/tr>\n<tr class=\"table-row-odd\">\n<td class=\"parameter\">\n<div class=\"product_properties_propertyName\"><span class=\"name\">Entregado:<\/span><\/div>\n<\/td>\n<td class=\"value\">\n<div class=\"product_properties_propertyValue\">Including scriber, scriber holder, 1 battery and cover<\/div>\n<\/td>\n<\/tr>\n<tr class=\"table-row-even\">\n<td class=\"parameter\">\n<div class=\"product_properties_propertyName\"><span class=\"name\">ON\/OFF:<\/span><\/div>\n<\/td>\n<td class=\"value\">\n<div class=\"product_properties_propertyValue\">Si<\/div>\n<\/td>\n<\/tr>\n<tr class=\"table-row-odd\">\n<td class=\"parameter\">\n<div class=\"product_properties_propertyName\"><span class=\"name\">Selector ZERO\/ABS:<\/span><\/div>\n<\/td>\n<td class=\"value\">\n<div class=\"product_properties_propertyValue\">Si<\/div>\n<\/td>\n<\/tr>\n<tr class=\"table-row-even\">\n<td class=\"parameter\">\n<div class=\"product_properties_propertyName\"><span class=\"name\">Preset (2 valores):<\/span><\/div>\n<\/td>\n<td class=\"value\">\n<div class=\"product_properties_propertyValue\">Si<\/div>\n<\/td>\n<\/tr>\n<tr class=\"table-row-odd\">\n<td class=\"parameter\">\n<div class=\"product_properties_propertyName\"><span class=\"name\">Sonda con se\u00f1al de contacto:<\/span><\/div>\n<\/td>\n<td class=\"value\">\n<div class=\"product_properties_propertyValue\">Si<\/div>\n<\/td>\n<\/tr>\n<tr class=\"table-row-even\">\n<td class=\"parameter\">\n<div class=\"product_properties_propertyName\"><span class=\"name\">Compensaci\u00f3n del diametro de la punta de la sonda:<\/span><\/div>\n<\/td>\n<td class=\"value\">\n<div class=\"product_properties_propertyValue\">Si<\/div>\n<\/td>\n<\/tr>\n<tr class=\"table-row-odd\">\n<td class=\"parameter\">\n<div class=\"product_properties_propertyName\"><span class=\"name\">DATA (output with cable) \/ HOLD (display value):<\/span><\/div>\n<\/td>\n<td class=\"value\">\n<div class=\"product_properties_propertyValue\">Si<\/div>\n<\/td>\n<\/tr>\n<tr class=\"table-row-even\">\n<td class=\"parameter\">\n<div class=\"product_properties_propertyName\"><span class=\"name\">Aviso bater\u00eda baja:<\/span><\/div>\n<\/td>\n<td class=\"value\">\n<div class=\"product_properties_propertyValue\">Si<\/div>\n<\/td>\n<\/tr>\n<tr class=\"table-row-odd\">\n<td class=\"parameter\">\n<div class=\"product_properties_propertyName\"><span class=\"name\">Selector \u00b1:<\/span><\/div>\n<\/td>\n<td class=\"value\">\n<div class=\"product_properties_propertyValue\">Si<\/div>\n<\/td>\n<\/tr>\n<tr class=\"table-row-even\">\n<td class=\"parameter\">\n<div class=\"product_properties_propertyName\"><span class=\"name\">Digital\/Analog:<\/span><\/div>\n<\/td>\n<td class=\"value\">\n<div class=\"product_properties_propertyValue\">&#8211;<\/div>\n<\/td>\n<\/tr>\n<tr class=\"table-row-odd\">\n<td class=\"parameter\">\n<div class=\"product_properties_propertyName\"><span class=\"name\">Metrica-pulgadas:<\/span><\/div>\n<\/td>\n<td class=\"value\">\n<div class=\"product_properties_propertyValue\">Inch\/m\u00e9trica<\/div>\n<\/td>\n<\/tr>\n<\/tbody>\n<\/table>\n<\/div>\n<\/div>\n<div id=\"productDetailPage:accform:drawingsContent\" class=\"accordion-content drawings\">\n<div id=\"product_drawings\" class=\"tab-content\">\n<div id=\"productDetailPage:accform:drawings:j_idt4605\" class=\"product-image-wrapper\"><\/div>\n<\/div>\n<\/div>\n","protected":false},"featured_media":17935,"template":"","meta":{"_acf_changed":false},"pwb-brand":[39],"product_brand":[],"product_cat":[366,423,331,421,38],"product_tag":[],"class_list":{"0":"post-15411","1":"product","2":"type-product","3":"status-publish","4":"has-post-thumbnail","6":"pwb-brand-mitutoyo","7":"product_cat-todos-los-productos","8":"product_cat-calibres-de-alturas-digimatic-de-doble-columna","9":"product_cat-instrumentos-de-medicion-y-gestion-de-datos","10":"product_cat-medidores-de-altura","11":"product_cat-mitutoyo","13":"first","14":"instock","15":"taxable","16":"shipping-taxable","17":"product-type-simple"},"acf":[],"yoast_head":"<!-- This site is optimized with the Yoast SEO plugin v27.3 - https:\/\/yoast.com\/product\/yoast-seo-wordpress\/ -->\n<title>Medidores de alturas Digimatic con doble columna 0-12&quot;\/300mm, Probe Connector, Inch\/Metric - Techmaster de Mexico<\/title>\n<meta name=\"robots\" content=\"index, follow, max-snippet:-1, max-image-preview:large, max-video-preview:-1\" \/>\n<link rel=\"canonical\" href=\"https:\/\/techmasterdemexico.com\/producto\/medidores-de-alturas-digimatic-con-doble-columna-0-12-300mm-probe-connector-inch-metric\/\" \/>\n<meta property=\"og:locale\" content=\"en_US\" \/>\n<meta property=\"og:type\" content=\"article\" \/>\n<meta property=\"og:title\" content=\"Medidores de alturas Digimatic con doble columna 0-12&quot;\/300mm, Probe Connector, Inch\/Metric - Techmaster de Mexico\" \/>\n<meta property=\"og:description\" content=\"Rango:  0 - 12\u00a0[Inch]    Maximum Permissible Error J MPE:  \u00b10.02 mm\/0.001&quot;    Salida de datos:  Si    Peso:  6,5\u00a0kg    Conmutador mm\/inch:  Si    Resoluci\u00f3n:  0,0005\/0,0002&quot; or 0,01\/0,005 mm    Visualizador:  LCD, Character Height: 11 mm    Velocidad m\u00e1x. de respuesta:  500 mm\/s    Fuente de alimentaci\u00f3n:  1 battery SR-44    Duraci\u00f3n bateria:  approx. 3500 hours    Entregado:  Including scriber, scriber holder, 1 battery and cover    ON\/OFF:  Si    Selector ZERO\/ABS:  Si    Preset (2 valores):  Si    Sonda con se\u00f1al de contacto:  Si    Compensaci\u00f3n del diametro de la punta de la sonda:  Si    DATA (output with cable) \/ HOLD (display value):  Si    Aviso bater\u00eda baja:  Si    Selector \u00b1:  Si    Digital\/Analog:  -    Metrica-pulgadas:  Inch\/m\u00e9trica\" \/>\n<meta property=\"og:url\" content=\"https:\/\/techmasterdemexico.com\/producto\/medidores-de-alturas-digimatic-con-doble-columna-0-12-300mm-probe-connector-inch-metric\/\" \/>\n<meta property=\"og:site_name\" content=\"Techmaster de Mexico\" \/>\n<meta property=\"article:modified_time\" content=\"2022-02-07T02:20:36+00:00\" \/>\n<meta property=\"og:image\" content=\"https:\/\/techmasterdemexico.com\/wp-content\/uploads\/2021\/12\/192-670-10_z_jpg.jpg\" \/>\n\t<meta property=\"og:image:width\" content=\"600\" \/>\n\t<meta property=\"og:image:height\" content=\"600\" \/>\n\t<meta property=\"og:image:type\" content=\"image\/jpeg\" \/>\n<meta name=\"twitter:card\" content=\"summary_large_image\" \/>\n<script type=\"application\/ld+json\" class=\"yoast-schema-graph\">{\"@context\":\"https:\\\/\\\/schema.org\",\"@graph\":[{\"@type\":\"WebPage\",\"@id\":\"https:\\\/\\\/techmasterdemexico.com\\\/producto\\\/medidores-de-alturas-digimatic-con-doble-columna-0-12-300mm-probe-connector-inch-metric\\\/\",\"url\":\"https:\\\/\\\/techmasterdemexico.com\\\/producto\\\/medidores-de-alturas-digimatic-con-doble-columna-0-12-300mm-probe-connector-inch-metric\\\/\",\"name\":\"Medidores de alturas Digimatic con doble columna 0-12\\\"\\\/300mm, Probe Connector, Inch\\\/Metric - Techmaster de Mexico\",\"isPartOf\":{\"@id\":\"https:\\\/\\\/techmasterdemexico.com\\\/#website\"},\"primaryImageOfPage\":{\"@id\":\"https:\\\/\\\/techmasterdemexico.com\\\/producto\\\/medidores-de-alturas-digimatic-con-doble-columna-0-12-300mm-probe-connector-inch-metric\\\/#primaryimage\"},\"image\":{\"@id\":\"https:\\\/\\\/techmasterdemexico.com\\\/producto\\\/medidores-de-alturas-digimatic-con-doble-columna-0-12-300mm-probe-connector-inch-metric\\\/#primaryimage\"},\"thumbnailUrl\":\"https:\\\/\\\/techmasterdemexico.com\\\/wp-content\\\/uploads\\\/2021\\\/12\\\/192-670-10_z_jpg.jpg\",\"datePublished\":\"2021-12-22T01:00:10+00:00\",\"dateModified\":\"2022-02-07T02:20:36+00:00\",\"breadcrumb\":{\"@id\":\"https:\\\/\\\/techmasterdemexico.com\\\/producto\\\/medidores-de-alturas-digimatic-con-doble-columna-0-12-300mm-probe-connector-inch-metric\\\/#breadcrumb\"},\"inLanguage\":\"en-US\",\"potentialAction\":[{\"@type\":\"ReadAction\",\"target\":[\"https:\\\/\\\/techmasterdemexico.com\\\/producto\\\/medidores-de-alturas-digimatic-con-doble-columna-0-12-300mm-probe-connector-inch-metric\\\/\"]}]},{\"@type\":\"ImageObject\",\"inLanguage\":\"en-US\",\"@id\":\"https:\\\/\\\/techmasterdemexico.com\\\/producto\\\/medidores-de-alturas-digimatic-con-doble-columna-0-12-300mm-probe-connector-inch-metric\\\/#primaryimage\",\"url\":\"https:\\\/\\\/techmasterdemexico.com\\\/wp-content\\\/uploads\\\/2021\\\/12\\\/192-670-10_z_jpg.jpg\",\"contentUrl\":\"https:\\\/\\\/techmasterdemexico.com\\\/wp-content\\\/uploads\\\/2021\\\/12\\\/192-670-10_z_jpg.jpg\",\"width\":600,\"height\":600},{\"@type\":\"BreadcrumbList\",\"@id\":\"https:\\\/\\\/techmasterdemexico.com\\\/producto\\\/medidores-de-alturas-digimatic-con-doble-columna-0-12-300mm-probe-connector-inch-metric\\\/#breadcrumb\",\"itemListElement\":[{\"@type\":\"ListItem\",\"position\":1,\"name\":\"Portada\",\"item\":\"https:\\\/\\\/techmasterdemexico.com\\\/\"},{\"@type\":\"ListItem\",\"position\":2,\"name\":\"Medidores de alturas Digimatic con doble columna 0-12&#8243;\\\/300mm, Probe Connector, Inch\\\/Metric\"}]},{\"@type\":\"WebSite\",\"@id\":\"https:\\\/\\\/techmasterdemexico.com\\\/#website\",\"url\":\"https:\\\/\\\/techmasterdemexico.com\\\/\",\"name\":\"Techmaster de Mexico\",\"description\":\"\",\"potentialAction\":[{\"@type\":\"SearchAction\",\"target\":{\"@type\":\"EntryPoint\",\"urlTemplate\":\"https:\\\/\\\/techmasterdemexico.com\\\/?s={search_term_string}\"},\"query-input\":{\"@type\":\"PropertyValueSpecification\",\"valueRequired\":true,\"valueName\":\"search_term_string\"}}],\"inLanguage\":\"en-US\"}]}<\/script>\n<!-- \/ Yoast SEO plugin. -->","yoast_head_json":{"title":"Medidores de alturas Digimatic con doble columna 0-12\"\/300mm, Probe Connector, Inch\/Metric - Techmaster de Mexico","robots":{"index":"index","follow":"follow","max-snippet":"max-snippet:-1","max-image-preview":"max-image-preview:large","max-video-preview":"max-video-preview:-1"},"canonical":"https:\/\/techmasterdemexico.com\/producto\/medidores-de-alturas-digimatic-con-doble-columna-0-12-300mm-probe-connector-inch-metric\/","og_locale":"en_US","og_type":"article","og_title":"Medidores de alturas Digimatic con doble columna 0-12\"\/300mm, Probe Connector, Inch\/Metric - Techmaster de Mexico","og_description":"Rango:  0 - 12\u00a0[Inch]    Maximum Permissible Error J MPE:  \u00b10.02 mm\/0.001\"    Salida de datos:  Si    Peso:  6,5\u00a0kg    Conmutador mm\/inch:  Si    Resoluci\u00f3n:  0,0005\/0,0002\" or 0,01\/0,005 mm    Visualizador:  LCD, Character Height: 11 mm    Velocidad m\u00e1x. de respuesta:  500 mm\/s    Fuente de alimentaci\u00f3n:  1 battery SR-44    Duraci\u00f3n bateria:  approx. 3500 hours    Entregado:  Including scriber, scriber holder, 1 battery and cover    ON\/OFF:  Si    Selector ZERO\/ABS:  Si    Preset (2 valores):  Si    Sonda con se\u00f1al de contacto:  Si    Compensaci\u00f3n del diametro de la punta de la sonda:  Si    DATA (output with cable) \/ HOLD (display value):  Si    Aviso bater\u00eda baja:  Si    Selector \u00b1:  Si    Digital\/Analog:  -    Metrica-pulgadas:  Inch\/m\u00e9trica","og_url":"https:\/\/techmasterdemexico.com\/producto\/medidores-de-alturas-digimatic-con-doble-columna-0-12-300mm-probe-connector-inch-metric\/","og_site_name":"Techmaster de Mexico","article_modified_time":"2022-02-07T02:20:36+00:00","og_image":[{"width":600,"height":600,"url":"https:\/\/techmasterdemexico.com\/wp-content\/uploads\/2021\/12\/192-670-10_z_jpg.jpg","type":"image\/jpeg"}],"twitter_card":"summary_large_image","schema":{"@context":"https:\/\/schema.org","@graph":[{"@type":"WebPage","@id":"https:\/\/techmasterdemexico.com\/producto\/medidores-de-alturas-digimatic-con-doble-columna-0-12-300mm-probe-connector-inch-metric\/","url":"https:\/\/techmasterdemexico.com\/producto\/medidores-de-alturas-digimatic-con-doble-columna-0-12-300mm-probe-connector-inch-metric\/","name":"Medidores de alturas Digimatic con doble columna 0-12\"\/300mm, Probe Connector, Inch\/Metric - Techmaster de Mexico","isPartOf":{"@id":"https:\/\/techmasterdemexico.com\/#website"},"primaryImageOfPage":{"@id":"https:\/\/techmasterdemexico.com\/producto\/medidores-de-alturas-digimatic-con-doble-columna-0-12-300mm-probe-connector-inch-metric\/#primaryimage"},"image":{"@id":"https:\/\/techmasterdemexico.com\/producto\/medidores-de-alturas-digimatic-con-doble-columna-0-12-300mm-probe-connector-inch-metric\/#primaryimage"},"thumbnailUrl":"https:\/\/techmasterdemexico.com\/wp-content\/uploads\/2021\/12\/192-670-10_z_jpg.jpg","datePublished":"2021-12-22T01:00:10+00:00","dateModified":"2022-02-07T02:20:36+00:00","breadcrumb":{"@id":"https:\/\/techmasterdemexico.com\/producto\/medidores-de-alturas-digimatic-con-doble-columna-0-12-300mm-probe-connector-inch-metric\/#breadcrumb"},"inLanguage":"en-US","potentialAction":[{"@type":"ReadAction","target":["https:\/\/techmasterdemexico.com\/producto\/medidores-de-alturas-digimatic-con-doble-columna-0-12-300mm-probe-connector-inch-metric\/"]}]},{"@type":"ImageObject","inLanguage":"en-US","@id":"https:\/\/techmasterdemexico.com\/producto\/medidores-de-alturas-digimatic-con-doble-columna-0-12-300mm-probe-connector-inch-metric\/#primaryimage","url":"https:\/\/techmasterdemexico.com\/wp-content\/uploads\/2021\/12\/192-670-10_z_jpg.jpg","contentUrl":"https:\/\/techmasterdemexico.com\/wp-content\/uploads\/2021\/12\/192-670-10_z_jpg.jpg","width":600,"height":600},{"@type":"BreadcrumbList","@id":"https:\/\/techmasterdemexico.com\/producto\/medidores-de-alturas-digimatic-con-doble-columna-0-12-300mm-probe-connector-inch-metric\/#breadcrumb","itemListElement":[{"@type":"ListItem","position":1,"name":"Portada","item":"https:\/\/techmasterdemexico.com\/"},{"@type":"ListItem","position":2,"name":"Medidores de alturas Digimatic con doble columna 0-12&#8243;\/300mm, Probe Connector, Inch\/Metric"}]},{"@type":"WebSite","@id":"https:\/\/techmasterdemexico.com\/#website","url":"https:\/\/techmasterdemexico.com\/","name":"Techmaster de Mexico","description":"","potentialAction":[{"@type":"SearchAction","target":{"@type":"EntryPoint","urlTemplate":"https:\/\/techmasterdemexico.com\/?s={search_term_string}"},"query-input":{"@type":"PropertyValueSpecification","valueRequired":true,"valueName":"search_term_string"}}],"inLanguage":"en-US"}]}},"brands":[{"id":39,"name":"Mitutoyo","slug":"mitutoyo"}],"_links":{"self":[{"href":"https:\/\/techmasterdemexico.com\/en\/wp-json\/wp\/v2\/product\/15411","targetHints":{"allow":["GET"]}}],"collection":[{"href":"https:\/\/techmasterdemexico.com\/en\/wp-json\/wp\/v2\/product"}],"about":[{"href":"https:\/\/techmasterdemexico.com\/en\/wp-json\/wp\/v2\/types\/product"}],"wp:featuredmedia":[{"embeddable":true,"href":"https:\/\/techmasterdemexico.com\/en\/wp-json\/wp\/v2\/media\/17935"}],"wp:attachment":[{"href":"https:\/\/techmasterdemexico.com\/en\/wp-json\/wp\/v2\/media?parent=15411"}],"wp:term":[{"taxonomy":"pwb-brand","embeddable":true,"href":"https:\/\/techmasterdemexico.com\/en\/wp-json\/wp\/v2\/pwb-brand?post=15411"},{"taxonomy":"product_brand","embeddable":true,"href":"https:\/\/techmasterdemexico.com\/en\/wp-json\/wp\/v2\/product_brand?post=15411"},{"taxonomy":"product_cat","embeddable":true,"href":"https:\/\/techmasterdemexico.com\/en\/wp-json\/wp\/v2\/product_cat?post=15411"},{"taxonomy":"product_tag","embeddable":true,"href":"https:\/\/techmasterdemexico.com\/en\/wp-json\/wp\/v2\/product_tag?post=15411"}],"curies":[{"name":"wp","href":"https:\/\/api.w.org\/{rel}","templated":true}]}}