{"id":15385,"date":"2021-12-22T00:59:24","date_gmt":"2021-12-22T00:59:24","guid":{"rendered":"https:\/\/techmastermx.ddns.net\/producto\/relojes-comparadores-con-base-para-medicion-de-profundidad-version-analogica-0-200mm-ball-point-contact-element-4\/"},"modified":"2025-11-06T18:46:40","modified_gmt":"2025-11-07T01:46:40","slug":"relojes-comparadores-con-base-para-medicion-de-profundidad-version-analogica-0-200mm-ball-point-contact-element-4","status":"publish","type":"product","link":"https:\/\/techmasterdemexico.com\/en\/producto\/relojes-comparadores-con-base-para-medicion-de-profundidad-version-analogica-0-200mm-ball-point-contact-element-4\/","title":{"rendered":"Relojes comparadores con base para medici\u00f3n de profundidad ( versi\u00f3n anal\u00f3gica) 0-200mm, Ball Point Contact Element"},"content":{"rendered":"<p><span style=\"color: red;\">Producto descontinuado.<\/span><\/p>\n<p>Dial Indicator Depth Gauge, Back Plunger<br \/>\n0-200mm, Ball Point Contact Element<br \/>\nN\u00famero de art\u00edculo: 7231A<\/p>\n<p>&nbsp;<\/p>\n<p>Este medidor de profundidad de indicador de l\u00ednea de base rectangular le ofrece los siguientes beneficios:<\/p>\n<ul>\n<li>Modelo de base rectangular<\/li>\n<li>Cara de apoyo templada, rectificada de precisi\u00f3n y con microrevestimiento.<\/li>\n<\/ul>\n","protected":false},"excerpt":{"rendered":"<table class=\"product_properties\">\n<tbody>\n<tr class=\"table-row-odd\">\n<td class=\"parameter\">\n<div class=\"product_properties_propertyName\"><span class=\"name\">Rango:<\/span><\/div>\n<\/td>\n<td class=\"value\">\n<div class=\"product_properties_propertyValue\">0 &#8211; 200<span class=\"shortName\">\u00a0mm<\/span><\/div>\n<\/td>\n<\/tr>\n<tr class=\"table-row-even\">\n<td class=\"parameter\">\n<div class=\"product_properties_propertyName\"><span class=\"name\">Precisi\u00f3n:<\/span><\/div>\n<\/td>\n<td class=\"value\">\n<div class=\"product_properties_propertyValue\">\u00b115 \u00b5m<\/div>\n<\/td>\n<\/tr>\n<tr class=\"table-row-odd\">\n<td class=\"parameter\">\n<div class=\"product_properties_propertyName\"><span class=\"name\">Carrera:<\/span><\/div>\n<\/td>\n<td class=\"value\">\n<div class=\"product_properties_propertyValue\">5<span class=\"shortName\">\u00a0mm<\/span><\/div>\n<\/td>\n<\/tr>\n<tr class=\"table-row-even\">\n<td class=\"parameter\">\n<div class=\"product_properties_propertyName\"><span class=\"name\">Planitud de la base \u00b5m:<\/span><\/div>\n<\/td>\n<td class=\"value\">\n<div class=\"product_properties_propertyValue\">5<span class=\"shortName\">\u00a0\u00b5m<\/span><\/div>\n<\/td>\n<\/tr>\n<tr class=\"table-row-odd\">\n<td class=\"parameter\">\n<div class=\"product_properties_propertyName\"><span class=\"name\">Punta de sonda:<\/span><\/div>\n<\/td>\n<td class=\"value\">\n<div class=\"product_properties_propertyValue\">Ball, R = 1.5 mm (No. 21JAA224)<\/div>\n<\/td>\n<\/tr>\n<tr class=\"table-row-even\">\n<td class=\"parameter\">\n<div class=\"product_properties_propertyName\"><span class=\"name\">Extensiones:<\/span><\/div>\n<\/td>\n<td class=\"value\">\n<div class=\"product_properties_propertyValue\">10, 20, 30, 30, 100 mm<\/div>\n<\/td>\n<\/tr>\n<tr class=\"table-row-odd\">\n<td class=\"parameter\">\n<div class=\"product_properties_propertyName\"><span class=\"name\">Graduaci\u00f3n:<\/span><\/div>\n<\/td>\n<td class=\"value\">\n<div class=\"product_properties_propertyValue\">0,01 mm<\/div>\n<\/td>\n<\/tr>\n<tr class=\"table-row-even\">\n<td class=\"parameter\">\n<div class=\"product_properties_propertyName\"><span class=\"name\">Peso:<\/span><\/div>\n<\/td>\n<td class=\"value\">\n<div class=\"product_properties_propertyValue\">200<span class=\"shortName\">\u00a0g<\/span><\/div>\n<\/td>\n<\/tr>\n<tr class=\"table-row-odd\">\n<td class=\"parameter\">\n<div class=\"product_properties_propertyName\"><span class=\"name\">Digital\/Analog:<\/span><\/div>\n<\/td>\n<td class=\"value\">\n<div class=\"product_properties_propertyValue\">Anal\u00f3gico<\/div>\n<\/td>\n<\/tr>\n<tr class=\"table-row-even\">\n<td class=\"parameter\">\n<div class=\"product_properties_propertyName\"><span class=\"name\">Metrica-pulgadas:<\/span><\/div>\n<\/td>\n<td class=\"value\">\n<div class=\"product_properties_propertyValue\">M\u00e9trica<\/div>\n<\/td>\n<\/tr>\n<\/tbody>\n<\/table>\n","protected":false},"featured_media":17819,"template":"","meta":{"_acf_changed":false},"pwb-brand":[39],"product_brand":[],"product_cat":[366,420,331,418,38],"product_tag":[],"class_list":{"0":"post-15385","1":"product","2":"type-product","3":"status-publish","4":"has-post-thumbnail","6":"pwb-brand-mitutoyo","7":"product_cat-todos-los-productos","8":"product_cat-calibres-de-profundidad","9":"product_cat-instrumentos-de-medicion-y-gestion-de-datos","10":"product_cat-instrumentos-de-medida-de-profundidad","11":"product_cat-mitutoyo","13":"first","14":"instock","15":"taxable","16":"shipping-taxable","17":"product-type-simple"},"acf":[],"yoast_head":"<!-- This site is optimized with the Yoast SEO plugin v27.2 - https:\/\/yoast.com\/product\/yoast-seo-wordpress\/ -->\n<title>Relojes comparadores con base para medici\u00f3n de profundidad ( versi\u00f3n anal\u00f3gica) 0-200mm, Ball Point Contact Element - Techmaster de Mexico<\/title>\n<meta name=\"robots\" content=\"index, follow, max-snippet:-1, max-image-preview:large, max-video-preview:-1\" \/>\n<link rel=\"canonical\" href=\"https:\/\/techmasterdemexico.com\/producto\/relojes-comparadores-con-base-para-medicion-de-profundidad-version-analogica-0-200mm-ball-point-contact-element-4\/\" \/>\n<meta property=\"og:locale\" content=\"en_US\" \/>\n<meta property=\"og:type\" content=\"article\" \/>\n<meta property=\"og:title\" content=\"Relojes comparadores con base para medici\u00f3n de profundidad ( versi\u00f3n anal\u00f3gica) 0-200mm, Ball Point Contact Element - Techmaster de Mexico\" \/>\n<meta property=\"og:description\" content=\"Rango:  0 - 200\u00a0mm    Precisi\u00f3n:  \u00b115 \u00b5m    Carrera:  5\u00a0mm    Planitud de la base \u00b5m:  5\u00a0\u00b5m    Punta de sonda:  Ball, R = 1.5 mm (No. 21JAA224)    Extensiones:  10, 20, 30, 30, 100 mm    Graduaci\u00f3n:  0,01 mm    Peso:  200\u00a0g    Digital\/Analog:  Anal\u00f3gico    Metrica-pulgadas:  M\u00e9trica\" \/>\n<meta property=\"og:url\" content=\"https:\/\/techmasterdemexico.com\/producto\/relojes-comparadores-con-base-para-medicion-de-profundidad-version-analogica-0-200mm-ball-point-contact-element-4\/\" \/>\n<meta property=\"og:site_name\" content=\"Techmaster de Mexico\" \/>\n<meta property=\"article:modified_time\" content=\"2025-11-07T01:46:40+00:00\" \/>\n<meta property=\"og:image\" content=\"https:\/\/techmasterdemexico.com\/wp-content\/uploads\/2021\/12\/7231_z_eps.png\" \/>\n\t<meta property=\"og:image:width\" content=\"662\" \/>\n\t<meta property=\"og:image:height\" content=\"662\" \/>\n\t<meta property=\"og:image:type\" content=\"image\/png\" \/>\n<meta name=\"twitter:card\" content=\"summary_large_image\" \/>\n<meta name=\"twitter:label1\" content=\"Est. reading time\" \/>\n\t<meta name=\"twitter:data1\" content=\"1 minute\" \/>\n<script type=\"application\/ld+json\" class=\"yoast-schema-graph\">{\"@context\":\"https:\/\/schema.org\",\"@graph\":[{\"@type\":\"WebPage\",\"@id\":\"https:\/\/techmasterdemexico.com\/producto\/relojes-comparadores-con-base-para-medicion-de-profundidad-version-analogica-0-200mm-ball-point-contact-element-4\/\",\"url\":\"https:\/\/techmasterdemexico.com\/producto\/relojes-comparadores-con-base-para-medicion-de-profundidad-version-analogica-0-200mm-ball-point-contact-element-4\/\",\"name\":\"Relojes comparadores con base para medici\u00f3n de profundidad ( versi\u00f3n anal\u00f3gica) 0-200mm, Ball Point Contact Element - Techmaster de Mexico\",\"isPartOf\":{\"@id\":\"https:\/\/techmasterdemexico.com\/#website\"},\"primaryImageOfPage\":{\"@id\":\"https:\/\/techmasterdemexico.com\/producto\/relojes-comparadores-con-base-para-medicion-de-profundidad-version-analogica-0-200mm-ball-point-contact-element-4\/#primaryimage\"},\"image\":{\"@id\":\"https:\/\/techmasterdemexico.com\/producto\/relojes-comparadores-con-base-para-medicion-de-profundidad-version-analogica-0-200mm-ball-point-contact-element-4\/#primaryimage\"},\"thumbnailUrl\":\"https:\/\/techmasterdemexico.com\/wp-content\/uploads\/2021\/12\/7231_z_eps.png\",\"datePublished\":\"2021-12-22T00:59:24+00:00\",\"dateModified\":\"2025-11-07T01:46:40+00:00\",\"breadcrumb\":{\"@id\":\"https:\/\/techmasterdemexico.com\/producto\/relojes-comparadores-con-base-para-medicion-de-profundidad-version-analogica-0-200mm-ball-point-contact-element-4\/#breadcrumb\"},\"inLanguage\":\"en-US\",\"potentialAction\":[{\"@type\":\"ReadAction\",\"target\":[\"https:\/\/techmasterdemexico.com\/producto\/relojes-comparadores-con-base-para-medicion-de-profundidad-version-analogica-0-200mm-ball-point-contact-element-4\/\"]}]},{\"@type\":\"ImageObject\",\"inLanguage\":\"en-US\",\"@id\":\"https:\/\/techmasterdemexico.com\/producto\/relojes-comparadores-con-base-para-medicion-de-profundidad-version-analogica-0-200mm-ball-point-contact-element-4\/#primaryimage\",\"url\":\"https:\/\/techmasterdemexico.com\/wp-content\/uploads\/2021\/12\/7231_z_eps.png\",\"contentUrl\":\"https:\/\/techmasterdemexico.com\/wp-content\/uploads\/2021\/12\/7231_z_eps.png\",\"width\":662,\"height\":662},{\"@type\":\"BreadcrumbList\",\"@id\":\"https:\/\/techmasterdemexico.com\/producto\/relojes-comparadores-con-base-para-medicion-de-profundidad-version-analogica-0-200mm-ball-point-contact-element-4\/#breadcrumb\",\"itemListElement\":[{\"@type\":\"ListItem\",\"position\":1,\"name\":\"Portada\",\"item\":\"https:\/\/techmasterdemexico.com\/\"},{\"@type\":\"ListItem\",\"position\":2,\"name\":\"Relojes comparadores con base para medici\u00f3n de profundidad ( versi\u00f3n anal\u00f3gica) 0-200mm, Ball Point Contact Element\"}]},{\"@type\":\"WebSite\",\"@id\":\"https:\/\/techmasterdemexico.com\/#website\",\"url\":\"https:\/\/techmasterdemexico.com\/\",\"name\":\"Techmaster de Mexico\",\"description\":\"\",\"potentialAction\":[{\"@type\":\"SearchAction\",\"target\":{\"@type\":\"EntryPoint\",\"urlTemplate\":\"https:\/\/techmasterdemexico.com\/?s={search_term_string}\"},\"query-input\":{\"@type\":\"PropertyValueSpecification\",\"valueRequired\":true,\"valueName\":\"search_term_string\"}}],\"inLanguage\":\"en-US\"}]}<\/script>\n<!-- \/ Yoast SEO plugin. -->","yoast_head_json":{"title":"Relojes comparadores con base para medici\u00f3n de profundidad ( versi\u00f3n anal\u00f3gica) 0-200mm, Ball Point Contact Element - Techmaster de Mexico","robots":{"index":"index","follow":"follow","max-snippet":"max-snippet:-1","max-image-preview":"max-image-preview:large","max-video-preview":"max-video-preview:-1"},"canonical":"https:\/\/techmasterdemexico.com\/producto\/relojes-comparadores-con-base-para-medicion-de-profundidad-version-analogica-0-200mm-ball-point-contact-element-4\/","og_locale":"en_US","og_type":"article","og_title":"Relojes comparadores con base para medici\u00f3n de profundidad ( versi\u00f3n anal\u00f3gica) 0-200mm, Ball Point Contact Element - Techmaster de Mexico","og_description":"Rango:  0 - 200\u00a0mm    Precisi\u00f3n:  \u00b115 \u00b5m    Carrera:  5\u00a0mm    Planitud de la base \u00b5m:  5\u00a0\u00b5m    Punta de sonda:  Ball, R = 1.5 mm (No. 21JAA224)    Extensiones:  10, 20, 30, 30, 100 mm    Graduaci\u00f3n:  0,01 mm    Peso:  200\u00a0g    Digital\/Analog:  Anal\u00f3gico    Metrica-pulgadas:  M\u00e9trica","og_url":"https:\/\/techmasterdemexico.com\/producto\/relojes-comparadores-con-base-para-medicion-de-profundidad-version-analogica-0-200mm-ball-point-contact-element-4\/","og_site_name":"Techmaster de Mexico","article_modified_time":"2025-11-07T01:46:40+00:00","og_image":[{"width":662,"height":662,"url":"https:\/\/techmasterdemexico.com\/wp-content\/uploads\/2021\/12\/7231_z_eps.png","type":"image\/png"}],"twitter_card":"summary_large_image","twitter_misc":{"Est. reading time":"1 minute"},"schema":{"@context":"https:\/\/schema.org","@graph":[{"@type":"WebPage","@id":"https:\/\/techmasterdemexico.com\/producto\/relojes-comparadores-con-base-para-medicion-de-profundidad-version-analogica-0-200mm-ball-point-contact-element-4\/","url":"https:\/\/techmasterdemexico.com\/producto\/relojes-comparadores-con-base-para-medicion-de-profundidad-version-analogica-0-200mm-ball-point-contact-element-4\/","name":"Relojes comparadores con base para medici\u00f3n de profundidad ( versi\u00f3n anal\u00f3gica) 0-200mm, Ball Point Contact Element - Techmaster de Mexico","isPartOf":{"@id":"https:\/\/techmasterdemexico.com\/#website"},"primaryImageOfPage":{"@id":"https:\/\/techmasterdemexico.com\/producto\/relojes-comparadores-con-base-para-medicion-de-profundidad-version-analogica-0-200mm-ball-point-contact-element-4\/#primaryimage"},"image":{"@id":"https:\/\/techmasterdemexico.com\/producto\/relojes-comparadores-con-base-para-medicion-de-profundidad-version-analogica-0-200mm-ball-point-contact-element-4\/#primaryimage"},"thumbnailUrl":"https:\/\/techmasterdemexico.com\/wp-content\/uploads\/2021\/12\/7231_z_eps.png","datePublished":"2021-12-22T00:59:24+00:00","dateModified":"2025-11-07T01:46:40+00:00","breadcrumb":{"@id":"https:\/\/techmasterdemexico.com\/producto\/relojes-comparadores-con-base-para-medicion-de-profundidad-version-analogica-0-200mm-ball-point-contact-element-4\/#breadcrumb"},"inLanguage":"en-US","potentialAction":[{"@type":"ReadAction","target":["https:\/\/techmasterdemexico.com\/producto\/relojes-comparadores-con-base-para-medicion-de-profundidad-version-analogica-0-200mm-ball-point-contact-element-4\/"]}]},{"@type":"ImageObject","inLanguage":"en-US","@id":"https:\/\/techmasterdemexico.com\/producto\/relojes-comparadores-con-base-para-medicion-de-profundidad-version-analogica-0-200mm-ball-point-contact-element-4\/#primaryimage","url":"https:\/\/techmasterdemexico.com\/wp-content\/uploads\/2021\/12\/7231_z_eps.png","contentUrl":"https:\/\/techmasterdemexico.com\/wp-content\/uploads\/2021\/12\/7231_z_eps.png","width":662,"height":662},{"@type":"BreadcrumbList","@id":"https:\/\/techmasterdemexico.com\/producto\/relojes-comparadores-con-base-para-medicion-de-profundidad-version-analogica-0-200mm-ball-point-contact-element-4\/#breadcrumb","itemListElement":[{"@type":"ListItem","position":1,"name":"Portada","item":"https:\/\/techmasterdemexico.com\/"},{"@type":"ListItem","position":2,"name":"Relojes comparadores con base para medici\u00f3n de profundidad ( versi\u00f3n anal\u00f3gica) 0-200mm, Ball Point Contact Element"}]},{"@type":"WebSite","@id":"https:\/\/techmasterdemexico.com\/#website","url":"https:\/\/techmasterdemexico.com\/","name":"Techmaster de Mexico","description":"","potentialAction":[{"@type":"SearchAction","target":{"@type":"EntryPoint","urlTemplate":"https:\/\/techmasterdemexico.com\/?s={search_term_string}"},"query-input":{"@type":"PropertyValueSpecification","valueRequired":true,"valueName":"search_term_string"}}],"inLanguage":"en-US"}]}},"brands":[{"id":39,"name":"Mitutoyo","slug":"mitutoyo"}],"_links":{"self":[{"href":"https:\/\/techmasterdemexico.com\/en\/wp-json\/wp\/v2\/product\/15385","targetHints":{"allow":["GET"]}}],"collection":[{"href":"https:\/\/techmasterdemexico.com\/en\/wp-json\/wp\/v2\/product"}],"about":[{"href":"https:\/\/techmasterdemexico.com\/en\/wp-json\/wp\/v2\/types\/product"}],"wp:featuredmedia":[{"embeddable":true,"href":"https:\/\/techmasterdemexico.com\/en\/wp-json\/wp\/v2\/media\/17819"}],"wp:attachment":[{"href":"https:\/\/techmasterdemexico.com\/en\/wp-json\/wp\/v2\/media?parent=15385"}],"wp:term":[{"taxonomy":"pwb-brand","embeddable":true,"href":"https:\/\/techmasterdemexico.com\/en\/wp-json\/wp\/v2\/pwb-brand?post=15385"},{"taxonomy":"product_brand","embeddable":true,"href":"https:\/\/techmasterdemexico.com\/en\/wp-json\/wp\/v2\/product_brand?post=15385"},{"taxonomy":"product_cat","embeddable":true,"href":"https:\/\/techmasterdemexico.com\/en\/wp-json\/wp\/v2\/product_cat?post=15385"},{"taxonomy":"product_tag","embeddable":true,"href":"https:\/\/techmasterdemexico.com\/en\/wp-json\/wp\/v2\/product_tag?post=15385"}],"curies":[{"name":"wp","href":"https:\/\/api.w.org\/{rel}","templated":true}]}}