{"id":15325,"date":"2021-12-22T00:58:09","date_gmt":"2021-12-22T00:58:09","guid":{"rendered":"https:\/\/techmastermx.ddns.net\/producto\/digital-abs-depth-gauge-ip67-hook-type-inch-metric-0-6-0-150mm\/"},"modified":"2022-02-06T08:20:45","modified_gmt":"2022-02-06T08:20:45","slug":"digital-abs-depth-gauge-ip67-hook-type-inch-metric-0-6-0-150mm","status":"publish","type":"product","link":"https:\/\/techmasterdemexico.com\/en\/producto\/digital-abs-depth-gauge-ip67-hook-type-inch-metric-0-6-0-150mm\/","title":{"rendered":"Digital ABS Depth Gauge IP67, Hook Type Inch\/Metric, 0-6&#8243;\/0-150mm"},"content":{"rendered":"<p>Digital ABS Depth Gauge IP67, Hook Type<br \/>\nInch\/Metric, 0-6&#8243;\/0-150mm<br \/>\nN\u00famero de art\u00edculo: 571-264-20<\/p>\n<p>&nbsp;<\/p>\n<p><strong>Modelo ABSOLUTE Digimatic<\/strong><\/p>\n<ul>\n<li>El final de la regla principal lleva una terminaci\u00f3n con forma de gancho que permite la medici\u00f3n de profundidad y espesor en un resalte o en un agujero, adem\u00e1s de las mediciones de profundidad tradicionales.<\/li>\n<li>Salida datos SPC.<\/li>\n<\/ul>\n","protected":false},"excerpt":{"rendered":"<div id=\"productDetailPage:accform:parametersContent\" class=\"accordion-content parameters\">\n<div id=\"product_parameters\" class=\"tab-content\">\n<table class=\"product_properties\">\n<tbody>\n<tr class=\"table-row-odd\">\n<td class=\"parameter\">\n<div class=\"product_properties_propertyName\"><span class=\"name\">Rango<br \/>\nCara inferior:<\/span><\/div>\n<\/td>\n<td class=\"value\">\n<div class=\"product_properties_propertyValue\">0.404-6.4&#8243;<\/div>\n<\/td>\n<\/tr>\n<tr class=\"table-row-even\">\n<td class=\"parameter\">\n<div class=\"product_properties_propertyName\"><span class=\"name\">Rango<br \/>\nCara superior:<\/span><\/div>\n<\/td>\n<td class=\"value\">\n<div class=\"product_properties_propertyValue\">0-6&#8243;<\/div>\n<\/td>\n<\/tr>\n<tr class=\"table-row-odd\">\n<td class=\"parameter\">\n<div class=\"product_properties_propertyName\"><span class=\"name\">Base (anchoxalto):<\/span><\/div>\n<\/td>\n<td class=\"value\">\n<div class=\"product_properties_propertyValue\">3.93&#8243; x 0.23&#8243;<\/div>\n<\/td>\n<\/tr>\n<tr class=\"table-row-even\">\n<td class=\"parameter\">\n<div class=\"product_properties_propertyName\"><span class=\"name\">Peso:<\/span><\/div>\n<\/td>\n<td class=\"value\">\n<div class=\"product_properties_propertyValue\">216<span class=\"shortName\">\u00a0g<\/span><\/div>\n<\/td>\n<\/tr>\n<tr class=\"table-row-odd\">\n<td class=\"parameter\">\n<div class=\"product_properties_propertyName\"><span class=\"name\">Velocidad m\u00e1x. de respuesta:<\/span><\/div>\n<\/td>\n<td class=\"value\">\n<div class=\"product_properties_propertyValue\">Ilimitado<\/div>\n<\/td>\n<\/tr>\n<tr class=\"table-row-even\">\n<td class=\"parameter\">\n<div class=\"product_properties_propertyName\"><span class=\"name\">Duraci\u00f3n bateria:<\/span><\/div>\n<\/td>\n<td class=\"value\">\n<div class=\"product_properties_propertyValue\">aprox. 5 a\u00f1os<\/div>\n<\/td>\n<\/tr>\n<tr class=\"table-row-odd\">\n<td class=\"parameter\">\n<div class=\"product_properties_propertyName\"><span class=\"name\">Visualizador:<\/span><\/div>\n<\/td>\n<td class=\"value\">\n<div class=\"product_properties_propertyValue\">LCD, altura de d\u00edgitos 7,5 mm<\/div>\n<\/td>\n<\/tr>\n<tr class=\"table-row-even\">\n<td class=\"parameter\">\n<div class=\"product_properties_propertyName\"><span class=\"name\">Entregado:<\/span><\/div>\n<\/td>\n<td class=\"value\">\n<div class=\"product_properties_propertyValue\">En estuche r\u00edgido, incluye 1 bateria<\/div>\n<\/td>\n<\/tr>\n<tr class=\"table-row-odd\">\n<td class=\"parameter\">\n<div class=\"product_properties_propertyName\"><span class=\"name\">ORIGIN (puesta a cero ABS):<\/span><\/div>\n<\/td>\n<td class=\"value\">\n<div class=\"product_properties_propertyValue\">Si<\/div>\n<\/td>\n<\/tr>\n<tr class=\"table-row-even\">\n<td class=\"parameter\">\n<div class=\"product_properties_propertyName\"><span class=\"name\">Auto apagado (despu\u00e9s de 20 min de\u00a0\u00faltimo uso):<\/span><\/div>\n<\/td>\n<td class=\"value\">\n<div class=\"product_properties_propertyValue\">Si<\/div>\n<\/td>\n<\/tr>\n<tr class=\"table-row-odd\">\n<td class=\"parameter\">\n<div class=\"product_properties_propertyName\"><span class=\"name\">Aviso bater\u00eda baja:<\/span><\/div>\n<\/td>\n<td class=\"value\">\n<div class=\"product_properties_propertyValue\">Si<\/div>\n<\/td>\n<\/tr>\n<tr class=\"table-row-even\">\n<td class=\"parameter\">\n<div class=\"product_properties_propertyName\"><span class=\"name\">Salida de datos:<\/span><\/div>\n<\/td>\n<td class=\"value\">\n<div class=\"product_properties_propertyValue\">Si<\/div>\n<\/td>\n<\/tr>\n<tr class=\"table-row-odd\">\n<td class=\"parameter\">\n<div class=\"product_properties_propertyName\"><span class=\"name\">Digital\/Analog:<\/span><\/div>\n<\/td>\n<td class=\"value\">\n<div class=\"product_properties_propertyValue\">&#8211;<\/div>\n<\/td>\n<\/tr>\n<tr class=\"table-row-even\">\n<td class=\"parameter\">\n<div class=\"product_properties_propertyName\"><span class=\"name\">Battery life:<\/span><\/div>\n<\/td>\n<td class=\"value\">\n<div class=\"product_properties_propertyValue\">Approx. 5 years<\/div>\n<\/td>\n<\/tr>\n<tr class=\"table-row-odd\">\n<td class=\"parameter\">\n<div class=\"product_properties_propertyName\"><span class=\"name\">Display:<\/span><\/div>\n<\/td>\n<td class=\"value\">\n<div class=\"product_properties_propertyValue\">LCD, Character Height 9 mm<\/div>\n<\/td>\n<\/tr>\n<tr class=\"table-row-even\">\n<td class=\"parameter\">\n<div class=\"product_properties_propertyName\"><span class=\"name\">Metrica-pulgadas:<\/span><\/div>\n<\/td>\n<td class=\"value\">\n<div class=\"product_properties_propertyValue\">Inch\/m\u00e9trica<\/div>\n<\/td>\n<\/tr>\n<\/tbody>\n<\/table>\n<p><a id=\"productDetailPage:accform:variantsAcc\" href=\"https:\/\/shop.mitutoyo.eu\/web\/mitutoyo\/es\/all\/all\/Digital%20ABS%20Depth%20Gauge%20IP67%2C%20Hook%20Type\/PR\/571-264-20\/index.xhtml#\"><\/a><\/div>\n<\/div>\n","protected":false},"featured_media":17864,"template":"","meta":{"_acf_changed":false},"pwb-brand":[39],"product_brand":[],"product_cat":[366,420,331,418,38],"product_tag":[],"class_list":{"0":"post-15325","1":"product","2":"type-product","3":"status-publish","4":"has-post-thumbnail","6":"pwb-brand-mitutoyo","7":"product_cat-todos-los-productos","8":"product_cat-calibres-de-profundidad","9":"product_cat-instrumentos-de-medicion-y-gestion-de-datos","10":"product_cat-instrumentos-de-medida-de-profundidad","11":"product_cat-mitutoyo","13":"first","14":"instock","15":"taxable","16":"shipping-taxable","17":"product-type-simple"},"acf":[],"yoast_head":"<!-- This site is optimized with the Yoast SEO plugin v27.3 - https:\/\/yoast.com\/product\/yoast-seo-wordpress\/ -->\n<title>Digital ABS Depth Gauge IP67, Hook Type Inch\/Metric, 0-6&quot;\/0-150mm - Techmaster de Mexico<\/title>\n<meta name=\"robots\" content=\"index, follow, max-snippet:-1, max-image-preview:large, max-video-preview:-1\" \/>\n<link rel=\"canonical\" href=\"https:\/\/techmasterdemexico.com\/producto\/digital-abs-depth-gauge-ip67-hook-type-inch-metric-0-6-0-150mm\/\" \/>\n<meta property=\"og:locale\" content=\"en_US\" \/>\n<meta property=\"og:type\" content=\"article\" \/>\n<meta property=\"og:title\" content=\"Digital ABS Depth Gauge IP67, Hook Type Inch\/Metric, 0-6&quot;\/0-150mm - Techmaster de Mexico\" \/>\n<meta property=\"og:description\" content=\"Rango Cara inferior:  0.404-6.4&quot;    Rango Cara superior:  0-6&quot;    Base (anchoxalto):  3.93&quot; x 0.23&quot;    Peso:  216\u00a0g    Velocidad m\u00e1x. de respuesta:  Ilimitado    Duraci\u00f3n bateria:  aprox. 5 a\u00f1os    Visualizador:  LCD, altura de d\u00edgitos 7,5 mm    Entregado:  En estuche r\u00edgido, incluye 1 bateria    ORIGIN (puesta a cero ABS):  Si    Auto apagado (despu\u00e9s de 20 min de\u00a0\u00faltimo uso):  Si    Aviso bater\u00eda baja:  Si    Salida de datos:  Si    Digital\/Analog:  -    Battery life:  Approx. 5 years    Display:  LCD, Character Height 9 mm    Metrica-pulgadas:  Inch\/m\u00e9trica\" \/>\n<meta property=\"og:url\" content=\"https:\/\/techmasterdemexico.com\/producto\/digital-abs-depth-gauge-ip67-hook-type-inch-metric-0-6-0-150mm\/\" \/>\n<meta property=\"og:site_name\" content=\"Techmaster de Mexico\" \/>\n<meta property=\"article:modified_time\" content=\"2022-02-06T08:20:45+00:00\" \/>\n<meta property=\"og:image\" content=\"https:\/\/techmasterdemexico.com\/wp-content\/uploads\/2021\/12\/571-264-20-b_jpg.jpg\" \/>\n\t<meta property=\"og:image:width\" content=\"600\" \/>\n\t<meta property=\"og:image:height\" content=\"600\" \/>\n\t<meta property=\"og:image:type\" content=\"image\/jpeg\" \/>\n<meta name=\"twitter:card\" content=\"summary_large_image\" \/>\n<script type=\"application\/ld+json\" class=\"yoast-schema-graph\">{\"@context\":\"https:\\\/\\\/schema.org\",\"@graph\":[{\"@type\":\"WebPage\",\"@id\":\"https:\\\/\\\/techmasterdemexico.com\\\/producto\\\/digital-abs-depth-gauge-ip67-hook-type-inch-metric-0-6-0-150mm\\\/\",\"url\":\"https:\\\/\\\/techmasterdemexico.com\\\/producto\\\/digital-abs-depth-gauge-ip67-hook-type-inch-metric-0-6-0-150mm\\\/\",\"name\":\"Digital ABS Depth Gauge IP67, Hook Type Inch\\\/Metric, 0-6\\\"\\\/0-150mm - Techmaster de Mexico\",\"isPartOf\":{\"@id\":\"https:\\\/\\\/techmasterdemexico.com\\\/#website\"},\"primaryImageOfPage\":{\"@id\":\"https:\\\/\\\/techmasterdemexico.com\\\/producto\\\/digital-abs-depth-gauge-ip67-hook-type-inch-metric-0-6-0-150mm\\\/#primaryimage\"},\"image\":{\"@id\":\"https:\\\/\\\/techmasterdemexico.com\\\/producto\\\/digital-abs-depth-gauge-ip67-hook-type-inch-metric-0-6-0-150mm\\\/#primaryimage\"},\"thumbnailUrl\":\"https:\\\/\\\/techmasterdemexico.com\\\/wp-content\\\/uploads\\\/2021\\\/12\\\/571-264-20-b_jpg.jpg\",\"datePublished\":\"2021-12-22T00:58:09+00:00\",\"dateModified\":\"2022-02-06T08:20:45+00:00\",\"breadcrumb\":{\"@id\":\"https:\\\/\\\/techmasterdemexico.com\\\/producto\\\/digital-abs-depth-gauge-ip67-hook-type-inch-metric-0-6-0-150mm\\\/#breadcrumb\"},\"inLanguage\":\"en-US\",\"potentialAction\":[{\"@type\":\"ReadAction\",\"target\":[\"https:\\\/\\\/techmasterdemexico.com\\\/producto\\\/digital-abs-depth-gauge-ip67-hook-type-inch-metric-0-6-0-150mm\\\/\"]}]},{\"@type\":\"ImageObject\",\"inLanguage\":\"en-US\",\"@id\":\"https:\\\/\\\/techmasterdemexico.com\\\/producto\\\/digital-abs-depth-gauge-ip67-hook-type-inch-metric-0-6-0-150mm\\\/#primaryimage\",\"url\":\"https:\\\/\\\/techmasterdemexico.com\\\/wp-content\\\/uploads\\\/2021\\\/12\\\/571-264-20-b_jpg.jpg\",\"contentUrl\":\"https:\\\/\\\/techmasterdemexico.com\\\/wp-content\\\/uploads\\\/2021\\\/12\\\/571-264-20-b_jpg.jpg\",\"width\":600,\"height\":600},{\"@type\":\"BreadcrumbList\",\"@id\":\"https:\\\/\\\/techmasterdemexico.com\\\/producto\\\/digital-abs-depth-gauge-ip67-hook-type-inch-metric-0-6-0-150mm\\\/#breadcrumb\",\"itemListElement\":[{\"@type\":\"ListItem\",\"position\":1,\"name\":\"Portada\",\"item\":\"https:\\\/\\\/techmasterdemexico.com\\\/\"},{\"@type\":\"ListItem\",\"position\":2,\"name\":\"Digital ABS Depth Gauge IP67, Hook Type Inch\\\/Metric, 0-6&#8243;\\\/0-150mm\"}]},{\"@type\":\"WebSite\",\"@id\":\"https:\\\/\\\/techmasterdemexico.com\\\/#website\",\"url\":\"https:\\\/\\\/techmasterdemexico.com\\\/\",\"name\":\"Techmaster de Mexico\",\"description\":\"\",\"potentialAction\":[{\"@type\":\"SearchAction\",\"target\":{\"@type\":\"EntryPoint\",\"urlTemplate\":\"https:\\\/\\\/techmasterdemexico.com\\\/?s={search_term_string}\"},\"query-input\":{\"@type\":\"PropertyValueSpecification\",\"valueRequired\":true,\"valueName\":\"search_term_string\"}}],\"inLanguage\":\"en-US\"}]}<\/script>\n<!-- \/ Yoast SEO plugin. -->","yoast_head_json":{"title":"Digital ABS Depth Gauge IP67, Hook Type Inch\/Metric, 0-6\"\/0-150mm - Techmaster de Mexico","robots":{"index":"index","follow":"follow","max-snippet":"max-snippet:-1","max-image-preview":"max-image-preview:large","max-video-preview":"max-video-preview:-1"},"canonical":"https:\/\/techmasterdemexico.com\/producto\/digital-abs-depth-gauge-ip67-hook-type-inch-metric-0-6-0-150mm\/","og_locale":"en_US","og_type":"article","og_title":"Digital ABS Depth Gauge IP67, Hook Type Inch\/Metric, 0-6\"\/0-150mm - Techmaster de Mexico","og_description":"Rango Cara inferior:  0.404-6.4\"    Rango Cara superior:  0-6\"    Base (anchoxalto):  3.93\" x 0.23\"    Peso:  216\u00a0g    Velocidad m\u00e1x. de respuesta:  Ilimitado    Duraci\u00f3n bateria:  aprox. 5 a\u00f1os    Visualizador:  LCD, altura de d\u00edgitos 7,5 mm    Entregado:  En estuche r\u00edgido, incluye 1 bateria    ORIGIN (puesta a cero ABS):  Si    Auto apagado (despu\u00e9s de 20 min de\u00a0\u00faltimo uso):  Si    Aviso bater\u00eda baja:  Si    Salida de datos:  Si    Digital\/Analog:  -    Battery life:  Approx. 5 years    Display:  LCD, Character Height 9 mm    Metrica-pulgadas:  Inch\/m\u00e9trica","og_url":"https:\/\/techmasterdemexico.com\/producto\/digital-abs-depth-gauge-ip67-hook-type-inch-metric-0-6-0-150mm\/","og_site_name":"Techmaster de Mexico","article_modified_time":"2022-02-06T08:20:45+00:00","og_image":[{"width":600,"height":600,"url":"https:\/\/techmasterdemexico.com\/wp-content\/uploads\/2021\/12\/571-264-20-b_jpg.jpg","type":"image\/jpeg"}],"twitter_card":"summary_large_image","schema":{"@context":"https:\/\/schema.org","@graph":[{"@type":"WebPage","@id":"https:\/\/techmasterdemexico.com\/producto\/digital-abs-depth-gauge-ip67-hook-type-inch-metric-0-6-0-150mm\/","url":"https:\/\/techmasterdemexico.com\/producto\/digital-abs-depth-gauge-ip67-hook-type-inch-metric-0-6-0-150mm\/","name":"Digital ABS Depth Gauge IP67, Hook Type Inch\/Metric, 0-6\"\/0-150mm - Techmaster de Mexico","isPartOf":{"@id":"https:\/\/techmasterdemexico.com\/#website"},"primaryImageOfPage":{"@id":"https:\/\/techmasterdemexico.com\/producto\/digital-abs-depth-gauge-ip67-hook-type-inch-metric-0-6-0-150mm\/#primaryimage"},"image":{"@id":"https:\/\/techmasterdemexico.com\/producto\/digital-abs-depth-gauge-ip67-hook-type-inch-metric-0-6-0-150mm\/#primaryimage"},"thumbnailUrl":"https:\/\/techmasterdemexico.com\/wp-content\/uploads\/2021\/12\/571-264-20-b_jpg.jpg","datePublished":"2021-12-22T00:58:09+00:00","dateModified":"2022-02-06T08:20:45+00:00","breadcrumb":{"@id":"https:\/\/techmasterdemexico.com\/producto\/digital-abs-depth-gauge-ip67-hook-type-inch-metric-0-6-0-150mm\/#breadcrumb"},"inLanguage":"en-US","potentialAction":[{"@type":"ReadAction","target":["https:\/\/techmasterdemexico.com\/producto\/digital-abs-depth-gauge-ip67-hook-type-inch-metric-0-6-0-150mm\/"]}]},{"@type":"ImageObject","inLanguage":"en-US","@id":"https:\/\/techmasterdemexico.com\/producto\/digital-abs-depth-gauge-ip67-hook-type-inch-metric-0-6-0-150mm\/#primaryimage","url":"https:\/\/techmasterdemexico.com\/wp-content\/uploads\/2021\/12\/571-264-20-b_jpg.jpg","contentUrl":"https:\/\/techmasterdemexico.com\/wp-content\/uploads\/2021\/12\/571-264-20-b_jpg.jpg","width":600,"height":600},{"@type":"BreadcrumbList","@id":"https:\/\/techmasterdemexico.com\/producto\/digital-abs-depth-gauge-ip67-hook-type-inch-metric-0-6-0-150mm\/#breadcrumb","itemListElement":[{"@type":"ListItem","position":1,"name":"Portada","item":"https:\/\/techmasterdemexico.com\/"},{"@type":"ListItem","position":2,"name":"Digital ABS Depth Gauge IP67, Hook Type Inch\/Metric, 0-6&#8243;\/0-150mm"}]},{"@type":"WebSite","@id":"https:\/\/techmasterdemexico.com\/#website","url":"https:\/\/techmasterdemexico.com\/","name":"Techmaster de Mexico","description":"","potentialAction":[{"@type":"SearchAction","target":{"@type":"EntryPoint","urlTemplate":"https:\/\/techmasterdemexico.com\/?s={search_term_string}"},"query-input":{"@type":"PropertyValueSpecification","valueRequired":true,"valueName":"search_term_string"}}],"inLanguage":"en-US"}]}},"brands":[{"id":39,"name":"Mitutoyo","slug":"mitutoyo"}],"_links":{"self":[{"href":"https:\/\/techmasterdemexico.com\/en\/wp-json\/wp\/v2\/product\/15325","targetHints":{"allow":["GET"]}}],"collection":[{"href":"https:\/\/techmasterdemexico.com\/en\/wp-json\/wp\/v2\/product"}],"about":[{"href":"https:\/\/techmasterdemexico.com\/en\/wp-json\/wp\/v2\/types\/product"}],"wp:featuredmedia":[{"embeddable":true,"href":"https:\/\/techmasterdemexico.com\/en\/wp-json\/wp\/v2\/media\/17864"}],"wp:attachment":[{"href":"https:\/\/techmasterdemexico.com\/en\/wp-json\/wp\/v2\/media?parent=15325"}],"wp:term":[{"taxonomy":"pwb-brand","embeddable":true,"href":"https:\/\/techmasterdemexico.com\/en\/wp-json\/wp\/v2\/pwb-brand?post=15325"},{"taxonomy":"product_brand","embeddable":true,"href":"https:\/\/techmasterdemexico.com\/en\/wp-json\/wp\/v2\/product_brand?post=15325"},{"taxonomy":"product_cat","embeddable":true,"href":"https:\/\/techmasterdemexico.com\/en\/wp-json\/wp\/v2\/product_cat?post=15325"},{"taxonomy":"product_tag","embeddable":true,"href":"https:\/\/techmasterdemexico.com\/en\/wp-json\/wp\/v2\/product_tag?post=15325"}],"curies":[{"name":"wp","href":"https:\/\/api.w.org\/{rel}","templated":true}]}}