{"id":14911,"date":"2021-12-22T00:49:20","date_gmt":"2021-12-22T00:49:20","guid":{"rendered":"https:\/\/techmastermx.ddns.net\/producto\/digital-abs-borematic-internal-25-30mm\/"},"modified":"2022-05-12T04:54:48","modified_gmt":"2022-05-12T04:54:48","slug":"digital-abs-borematic-internal-25-30mm","status":"publish","type":"product","link":"https:\/\/techmasterdemexico.com\/en\/producto\/digital-abs-borematic-internal-25-30mm\/","title":{"rendered":"Digital ABS Borematic (Internal) 25-30mm"},"content":{"rendered":"<p>Digital ABS Borematic (Internal)<br \/>\n25-30mm<br \/>\nN\u00famero de art\u00edculo: 568-367<\/p>\n<p>&nbsp;<\/p>\n<ul>\n<li>Permiten al operador hacer mediciones m\u00e1s f\u00e1ciles y r\u00e1pidas.<\/li>\n<li>El micr\u00f3metro se autocentra en el agujero con un solo golpe de palanca.<\/li>\n<li>Versi\u00f3n con 3 contactos, altura de d\u00edgitos 11 mm<\/li>\n<li>Gran pantalla LCD.<\/li>\n<li>Valoraci\u00f3n de tolerancias GO\/\u00b1NG.<\/li>\n<li>Contactos recubiertos de TITANIO.<\/li>\n<\/ul>\n","protected":false},"excerpt":{"rendered":"<table class=\"product_properties\">\n<tbody>\n<tr class=\"table-row-odd\">\n<td class=\"parameter\">\n<div class=\"product_properties_propertyName\"><span class=\"name\">Rango:<\/span><\/div>\n<\/td>\n<td class=\"value\">\n<div class=\"product_properties_propertyValue\">25 &#8211; 30<span class=\"shortName\">\u00a0mm<\/span><\/div>\n<\/td>\n<\/tr>\n<tr class=\"table-row-even\">\n<td class=\"parameter\">\n<div class=\"product_properties_propertyName\"><span class=\"name\">Maximum Permissible Error J MPE:<\/span><\/div>\n<\/td>\n<td class=\"value\">\n<div class=\"product_properties_propertyValue\">\u00b16 \u00b5m<\/div>\n<\/td>\n<\/tr>\n<tr class=\"table-row-odd\">\n<td class=\"parameter\">\n<div class=\"product_properties_propertyName\"><span class=\"name\">Resoluci\u00f3n:<\/span><\/div>\n<\/td>\n<td class=\"value\">\n<div class=\"product_properties_propertyValue\">0,001 mm<\/div>\n<\/td>\n<\/tr>\n<tr class=\"table-row-even\">\n<td class=\"parameter\">\n<div class=\"product_properties_propertyName\"><span class=\"name\">Peso:<\/span><\/div>\n<\/td>\n<td class=\"value\">\n<div class=\"product_properties_propertyValue\">555<span class=\"shortName\">\u00a0g<\/span><\/div>\n<\/td>\n<\/tr>\n<tr class=\"table-row-odd\">\n<td class=\"parameter\">\n<div class=\"product_properties_propertyName\"><span class=\"name\">Fuente de alimentaci\u00f3n:<\/span><\/div>\n<\/td>\n<td class=\"value\">\n<div class=\"product_properties_propertyValue\">1 battery SR-44<\/div>\n<\/td>\n<\/tr>\n<tr class=\"table-row-even\">\n<td class=\"parameter\">\n<div class=\"product_properties_propertyName\"><span class=\"name\">Superficies de medici\u00f3n:<\/span><\/div>\n<\/td>\n<td class=\"value\">\n<div class=\"product_properties_propertyValue\">Titanium coated hardened steel<br \/>\ntaper: tungsten carbide<\/div>\n<\/td>\n<\/tr>\n<tr class=\"table-row-odd\">\n<td class=\"parameter\">\n<div class=\"product_properties_propertyName\"><span class=\"name\">Metodo de medici\u00f3n:<\/span><\/div>\n<\/td>\n<td class=\"value\">\n<div class=\"product_properties_propertyValue\">3-point<\/div>\n<\/td>\n<\/tr>\n<tr class=\"table-row-even\">\n<td class=\"parameter\">\n<div class=\"product_properties_propertyName\"><span class=\"name\">Duraci\u00f3n bateria:<\/span><\/div>\n<\/td>\n<td class=\"value\">\n<div class=\"product_properties_propertyValue\">aprox. 5000 horas<\/div>\n<\/td>\n<\/tr>\n<tr class=\"table-row-odd\">\n<td class=\"parameter\">\n<div class=\"product_properties_propertyName\"><span class=\"name\">Entregado:<\/span><\/div>\n<\/td>\n<td class=\"value\">\n<div class=\"product_properties_propertyValue\">Including box, key, 1 battery, certificate of inspection<\/div>\n<\/td>\n<\/tr>\n<tr class=\"table-row-even\">\n<td class=\"parameter\">\n<div class=\"product_properties_propertyName\"><span class=\"name\">Visualizador:<\/span><\/div>\n<\/td>\n<td class=\"value\">\n<div class=\"product_properties_propertyValue\">LCD, character height: 11 mm<\/div>\n<\/td>\n<\/tr>\n<tr class=\"table-row-odd\">\n<td class=\"parameter\">\n<div class=\"product_properties_propertyName\"><span class=\"name\">ON\/OFF:<\/span><\/div>\n<\/td>\n<td class=\"value\">\n<div class=\"product_properties_propertyValue\">Si<\/div>\n<\/td>\n<\/tr>\n<tr class=\"table-row-even\">\n<td class=\"parameter\">\n<div class=\"product_properties_propertyName\"><span class=\"name\">Selector ZERO\/ABS:<\/span><\/div>\n<\/td>\n<td class=\"value\">\n<div class=\"product_properties_propertyValue\">Si<\/div>\n<\/td>\n<\/tr>\n<tr class=\"table-row-odd\">\n<td class=\"parameter\">\n<div class=\"product_properties_propertyName\"><span class=\"name\">Bloqueo de funci\u00f3n (bloqueo de teclado):<\/span><\/div>\n<\/td>\n<td class=\"value\">\n<div class=\"product_properties_propertyValue\">Si<\/div>\n<\/td>\n<\/tr>\n<tr class=\"table-row-even\">\n<td class=\"parameter\">\n<div class=\"product_properties_propertyName\"><span class=\"name\">DATA (output with cable) \/ HOLD (display value):<\/span><\/div>\n<\/td>\n<td class=\"value\">\n<div class=\"product_properties_propertyValue\">Si<\/div>\n<\/td>\n<\/tr>\n<tr class=\"table-row-odd\">\n<td class=\"parameter\">\n<div class=\"product_properties_propertyName\"><span class=\"name\">2 Preselecci\u00f3n:<\/span><\/div>\n<\/td>\n<td class=\"value\">\n<div class=\"product_properties_propertyValue\">Si<\/div>\n<\/td>\n<\/tr>\n<tr class=\"table-row-even\">\n<td class=\"parameter\">\n<div class=\"product_properties_propertyName\"><span class=\"name\">Salida de datos:<\/span><\/div>\n<\/td>\n<td class=\"value\">\n<div class=\"product_properties_propertyValue\">Si<\/div>\n<\/td>\n<\/tr>\n<tr class=\"table-row-odd\">\n<td class=\"parameter\">\n<div class=\"product_properties_propertyName\"><span class=\"name\">Valoraci\u00f3n GO\/+-NG:<\/span><\/div>\n<\/td>\n<td class=\"value\">\n<div class=\"product_properties_propertyValue\">Si<\/div>\n<\/td>\n<\/tr>\n<tr class=\"table-row-even\">\n<td class=\"parameter\">\n<div class=\"product_properties_propertyName\"><span class=\"name\">Digital\/Analog:<\/span><\/div>\n<\/td>\n<td class=\"value\">\n<div class=\"product_properties_propertyValue\">&#8211;<\/div>\n<\/td>\n<\/tr>\n<tr class=\"table-row-odd\">\n<td class=\"parameter\">\n<div class=\"product_properties_propertyName\"><span class=\"name\">Metrica-pulgadas:<\/span><\/div>\n<\/td>\n<td class=\"value\">\n<div class=\"product_properties_propertyValue\">M\u00e9trica<\/div>\n<\/td>\n<\/tr>\n<\/tbody>\n<\/table>\n","protected":false},"featured_media":19406,"template":"","meta":{"_acf_changed":false},"pwb-brand":[39],"product_brand":[],"product_cat":[366,331,414,417,38],"product_tag":[],"class_list":{"0":"post-14911","1":"product","2":"type-product","3":"status-publish","4":"has-post-thumbnail","6":"pwb-brand-mitutoyo","7":"product_cat-todos-los-productos","8":"product_cat-instrumentos-de-medicion-y-gestion-de-datos","9":"product_cat-instrumentos-de-medicion-de-interiores","10":"product_cat-micrometros-de-interiores","11":"product_cat-mitutoyo","13":"first","14":"instock","15":"taxable","16":"shipping-taxable","17":"product-type-simple"},"acf":[],"yoast_head":"<!-- This site is optimized with the Yoast SEO plugin v27.2 - https:\/\/yoast.com\/product\/yoast-seo-wordpress\/ -->\n<title>Digital ABS Borematic (Internal) 25-30mm - Techmaster de Mexico<\/title>\n<meta name=\"robots\" content=\"index, follow, max-snippet:-1, max-image-preview:large, max-video-preview:-1\" \/>\n<link rel=\"canonical\" href=\"https:\/\/techmasterdemexico.com\/producto\/digital-abs-borematic-internal-25-30mm\/\" \/>\n<meta property=\"og:locale\" content=\"en_US\" \/>\n<meta property=\"og:type\" content=\"article\" \/>\n<meta property=\"og:title\" content=\"Digital ABS Borematic (Internal) 25-30mm - Techmaster de Mexico\" \/>\n<meta property=\"og:description\" content=\"Rango:  25 - 30\u00a0mm    Maximum Permissible Error J MPE:  \u00b16 \u00b5m    Resoluci\u00f3n:  0,001 mm    Peso:  555\u00a0g    Fuente de alimentaci\u00f3n:  1 battery SR-44    Superficies de medici\u00f3n:  Titanium coated hardened steel taper: tungsten carbide    Metodo de medici\u00f3n:  3-point    Duraci\u00f3n bateria:  aprox. 5000 horas    Entregado:  Including box, key, 1 battery, certificate of inspection    Visualizador:  LCD, character height: 11 mm    ON\/OFF:  Si    Selector ZERO\/ABS:  Si    Bloqueo de funci\u00f3n (bloqueo de teclado):  Si    DATA (output with cable) \/ HOLD (display value):  Si    2 Preselecci\u00f3n:  Si    Salida de datos:  Si    Valoraci\u00f3n GO\/+-NG:  Si    Digital\/Analog:  -    Metrica-pulgadas:  M\u00e9trica\" \/>\n<meta property=\"og:url\" content=\"https:\/\/techmasterdemexico.com\/producto\/digital-abs-borematic-internal-25-30mm\/\" \/>\n<meta property=\"og:site_name\" content=\"Techmaster de Mexico\" \/>\n<meta property=\"article:modified_time\" content=\"2022-05-12T04:54:48+00:00\" \/>\n<meta property=\"og:image\" content=\"https:\/\/techmasterdemexico.com\/wp-content\/uploads\/2021\/12\/568-364_z1_jpg.jpg\" \/>\n\t<meta property=\"og:image:width\" content=\"600\" \/>\n\t<meta property=\"og:image:height\" content=\"600\" \/>\n\t<meta property=\"og:image:type\" content=\"image\/jpeg\" \/>\n<meta name=\"twitter:card\" content=\"summary_large_image\" \/>\n<script type=\"application\/ld+json\" class=\"yoast-schema-graph\">{\"@context\":\"https:\/\/schema.org\",\"@graph\":[{\"@type\":\"WebPage\",\"@id\":\"https:\/\/techmasterdemexico.com\/producto\/digital-abs-borematic-internal-25-30mm\/\",\"url\":\"https:\/\/techmasterdemexico.com\/producto\/digital-abs-borematic-internal-25-30mm\/\",\"name\":\"Digital ABS Borematic (Internal) 25-30mm - Techmaster de Mexico\",\"isPartOf\":{\"@id\":\"https:\/\/techmasterdemexico.com\/#website\"},\"primaryImageOfPage\":{\"@id\":\"https:\/\/techmasterdemexico.com\/producto\/digital-abs-borematic-internal-25-30mm\/#primaryimage\"},\"image\":{\"@id\":\"https:\/\/techmasterdemexico.com\/producto\/digital-abs-borematic-internal-25-30mm\/#primaryimage\"},\"thumbnailUrl\":\"https:\/\/techmasterdemexico.com\/wp-content\/uploads\/2021\/12\/568-364_z1_jpg.jpg\",\"datePublished\":\"2021-12-22T00:49:20+00:00\",\"dateModified\":\"2022-05-12T04:54:48+00:00\",\"breadcrumb\":{\"@id\":\"https:\/\/techmasterdemexico.com\/producto\/digital-abs-borematic-internal-25-30mm\/#breadcrumb\"},\"inLanguage\":\"en-US\",\"potentialAction\":[{\"@type\":\"ReadAction\",\"target\":[\"https:\/\/techmasterdemexico.com\/producto\/digital-abs-borematic-internal-25-30mm\/\"]}]},{\"@type\":\"ImageObject\",\"inLanguage\":\"en-US\",\"@id\":\"https:\/\/techmasterdemexico.com\/producto\/digital-abs-borematic-internal-25-30mm\/#primaryimage\",\"url\":\"https:\/\/techmasterdemexico.com\/wp-content\/uploads\/2021\/12\/568-364_z1_jpg.jpg\",\"contentUrl\":\"https:\/\/techmasterdemexico.com\/wp-content\/uploads\/2021\/12\/568-364_z1_jpg.jpg\",\"width\":600,\"height\":600},{\"@type\":\"BreadcrumbList\",\"@id\":\"https:\/\/techmasterdemexico.com\/producto\/digital-abs-borematic-internal-25-30mm\/#breadcrumb\",\"itemListElement\":[{\"@type\":\"ListItem\",\"position\":1,\"name\":\"Portada\",\"item\":\"https:\/\/techmasterdemexico.com\/\"},{\"@type\":\"ListItem\",\"position\":2,\"name\":\"Digital ABS Borematic (Internal) 25-30mm\"}]},{\"@type\":\"WebSite\",\"@id\":\"https:\/\/techmasterdemexico.com\/#website\",\"url\":\"https:\/\/techmasterdemexico.com\/\",\"name\":\"Techmaster de Mexico\",\"description\":\"\",\"potentialAction\":[{\"@type\":\"SearchAction\",\"target\":{\"@type\":\"EntryPoint\",\"urlTemplate\":\"https:\/\/techmasterdemexico.com\/?s={search_term_string}\"},\"query-input\":{\"@type\":\"PropertyValueSpecification\",\"valueRequired\":true,\"valueName\":\"search_term_string\"}}],\"inLanguage\":\"en-US\"}]}<\/script>\n<!-- \/ Yoast SEO plugin. -->","yoast_head_json":{"title":"Digital ABS Borematic (Internal) 25-30mm - Techmaster de Mexico","robots":{"index":"index","follow":"follow","max-snippet":"max-snippet:-1","max-image-preview":"max-image-preview:large","max-video-preview":"max-video-preview:-1"},"canonical":"https:\/\/techmasterdemexico.com\/producto\/digital-abs-borematic-internal-25-30mm\/","og_locale":"en_US","og_type":"article","og_title":"Digital ABS Borematic (Internal) 25-30mm - Techmaster de Mexico","og_description":"Rango:  25 - 30\u00a0mm    Maximum Permissible Error J MPE:  \u00b16 \u00b5m    Resoluci\u00f3n:  0,001 mm    Peso:  555\u00a0g    Fuente de alimentaci\u00f3n:  1 battery SR-44    Superficies de medici\u00f3n:  Titanium coated hardened steel taper: tungsten carbide    Metodo de medici\u00f3n:  3-point    Duraci\u00f3n bateria:  aprox. 5000 horas    Entregado:  Including box, key, 1 battery, certificate of inspection    Visualizador:  LCD, character height: 11 mm    ON\/OFF:  Si    Selector ZERO\/ABS:  Si    Bloqueo de funci\u00f3n (bloqueo de teclado):  Si    DATA (output with cable) \/ HOLD (display value):  Si    2 Preselecci\u00f3n:  Si    Salida de datos:  Si    Valoraci\u00f3n GO\/+-NG:  Si    Digital\/Analog:  -    Metrica-pulgadas:  M\u00e9trica","og_url":"https:\/\/techmasterdemexico.com\/producto\/digital-abs-borematic-internal-25-30mm\/","og_site_name":"Techmaster de Mexico","article_modified_time":"2022-05-12T04:54:48+00:00","og_image":[{"width":600,"height":600,"url":"https:\/\/techmasterdemexico.com\/wp-content\/uploads\/2021\/12\/568-364_z1_jpg.jpg","type":"image\/jpeg"}],"twitter_card":"summary_large_image","schema":{"@context":"https:\/\/schema.org","@graph":[{"@type":"WebPage","@id":"https:\/\/techmasterdemexico.com\/producto\/digital-abs-borematic-internal-25-30mm\/","url":"https:\/\/techmasterdemexico.com\/producto\/digital-abs-borematic-internal-25-30mm\/","name":"Digital ABS Borematic (Internal) 25-30mm - Techmaster de Mexico","isPartOf":{"@id":"https:\/\/techmasterdemexico.com\/#website"},"primaryImageOfPage":{"@id":"https:\/\/techmasterdemexico.com\/producto\/digital-abs-borematic-internal-25-30mm\/#primaryimage"},"image":{"@id":"https:\/\/techmasterdemexico.com\/producto\/digital-abs-borematic-internal-25-30mm\/#primaryimage"},"thumbnailUrl":"https:\/\/techmasterdemexico.com\/wp-content\/uploads\/2021\/12\/568-364_z1_jpg.jpg","datePublished":"2021-12-22T00:49:20+00:00","dateModified":"2022-05-12T04:54:48+00:00","breadcrumb":{"@id":"https:\/\/techmasterdemexico.com\/producto\/digital-abs-borematic-internal-25-30mm\/#breadcrumb"},"inLanguage":"en-US","potentialAction":[{"@type":"ReadAction","target":["https:\/\/techmasterdemexico.com\/producto\/digital-abs-borematic-internal-25-30mm\/"]}]},{"@type":"ImageObject","inLanguage":"en-US","@id":"https:\/\/techmasterdemexico.com\/producto\/digital-abs-borematic-internal-25-30mm\/#primaryimage","url":"https:\/\/techmasterdemexico.com\/wp-content\/uploads\/2021\/12\/568-364_z1_jpg.jpg","contentUrl":"https:\/\/techmasterdemexico.com\/wp-content\/uploads\/2021\/12\/568-364_z1_jpg.jpg","width":600,"height":600},{"@type":"BreadcrumbList","@id":"https:\/\/techmasterdemexico.com\/producto\/digital-abs-borematic-internal-25-30mm\/#breadcrumb","itemListElement":[{"@type":"ListItem","position":1,"name":"Portada","item":"https:\/\/techmasterdemexico.com\/"},{"@type":"ListItem","position":2,"name":"Digital ABS Borematic (Internal) 25-30mm"}]},{"@type":"WebSite","@id":"https:\/\/techmasterdemexico.com\/#website","url":"https:\/\/techmasterdemexico.com\/","name":"Techmaster de Mexico","description":"","potentialAction":[{"@type":"SearchAction","target":{"@type":"EntryPoint","urlTemplate":"https:\/\/techmasterdemexico.com\/?s={search_term_string}"},"query-input":{"@type":"PropertyValueSpecification","valueRequired":true,"valueName":"search_term_string"}}],"inLanguage":"en-US"}]}},"brands":[{"id":39,"name":"Mitutoyo","slug":"mitutoyo"}],"_links":{"self":[{"href":"https:\/\/techmasterdemexico.com\/en\/wp-json\/wp\/v2\/product\/14911","targetHints":{"allow":["GET"]}}],"collection":[{"href":"https:\/\/techmasterdemexico.com\/en\/wp-json\/wp\/v2\/product"}],"about":[{"href":"https:\/\/techmasterdemexico.com\/en\/wp-json\/wp\/v2\/types\/product"}],"wp:featuredmedia":[{"embeddable":true,"href":"https:\/\/techmasterdemexico.com\/en\/wp-json\/wp\/v2\/media\/19406"}],"wp:attachment":[{"href":"https:\/\/techmasterdemexico.com\/en\/wp-json\/wp\/v2\/media?parent=14911"}],"wp:term":[{"taxonomy":"pwb-brand","embeddable":true,"href":"https:\/\/techmasterdemexico.com\/en\/wp-json\/wp\/v2\/pwb-brand?post=14911"},{"taxonomy":"product_brand","embeddable":true,"href":"https:\/\/techmasterdemexico.com\/en\/wp-json\/wp\/v2\/product_brand?post=14911"},{"taxonomy":"product_cat","embeddable":true,"href":"https:\/\/techmasterdemexico.com\/en\/wp-json\/wp\/v2\/product_cat?post=14911"},{"taxonomy":"product_tag","embeddable":true,"href":"https:\/\/techmasterdemexico.com\/en\/wp-json\/wp\/v2\/product_tag?post=14911"}],"curies":[{"name":"wp","href":"https:\/\/api.w.org\/{rel}","templated":true}]}}