{"id":14831,"date":"2021-12-22T00:47:47","date_gmt":"2021-12-22T00:47:47","guid":{"rendered":"https:\/\/techmastermx.ddns.net\/producto\/micrometro-con-comparador-en-acero-2046sb-bore-gauge-6-10mm-001mm\/"},"modified":"2022-02-10T18:50:20","modified_gmt":"2022-02-10T18:50:20","slug":"micrometro-con-comparador-en-acero-2046sb-bore-gauge-6-10mm-001mm","status":"publish","type":"product","link":"https:\/\/techmasterdemexico.com\/en\/producto\/micrometro-con-comparador-en-acero-2046sb-bore-gauge-6-10mm-001mm\/","title":{"rendered":"Micr\u00f3metro con comparador en acero 2046SB Bore Gauge, 6-10mm, 0,01mm"},"content":{"rendered":"<p>Micr\u00f3metro con comparador en acero 2046SB<br \/>\nBore Gauge, 6-10mm, 0,01mm<br \/>\nN\u00famero de art\u00edculo: 511-211<\/p>\n<p>Descripci\u00f3n<br \/>\nEstos son medidores de di\u00e1metro que se auto-centran autom\u00e1ticamente a trav\u00e9s de un puente de centrado. Ventajas:<\/p>\n<p>\u2022 Un largo golpe del \u00e9mbolo le brinda una precisi\u00f3n asombrosa.<br \/>\n\u2022 Las arandelas intercambiables de 0,5 mm de grosor se suministran como accesorios est\u00e1ndar, por lo que puede habilitar la configuraci\u00f3n en pasos peque\u00f1os.<br \/>\n\u2022 Los puntos de contacto son de carburo (rango&gt; 18 mm), lo que le brinda una alta durabilidad y resistencia al desgaste.<br \/>\n\u2022 Su gran asidero, reduce la transferencia de calor del operador en un 50%.<\/p>\n","protected":false},"excerpt":{"rendered":"<p>Caracter\u00edsticas<\/p>\n<ul>\n<li>Rango: 6 &#8211; 10 mm<\/li>\n<li>Graduaci\u00f3n: 0.01 mm<\/li>\n<li>Reloj incluido: 2046SB<\/li>\n<li>Profundidad de medici\u00f3n: 50 mm<\/li>\n<li>Recorrido de punta de contacto mm: 0.5 mm<\/li>\n<li>N\u00famero de espigas: 9<\/li>\n<li>Peso: 255 g<\/li>\n<li>Entregado: Including box, dial indicator, plastic cover for indicator<\/li>\n<li>Digital\/An\u00e1logo: An\u00e1logo<\/li>\n<li>Pulgadas-m\u00e9trico: M\u00e9trico<\/li>\n<\/ul>\n","protected":false},"featured_media":18086,"template":"","meta":{"_acf_changed":false},"pwb-brand":[39],"product_brand":[],"product_cat":[366,416,331,414,38],"product_tag":[],"class_list":{"0":"post-14831","1":"product","2":"type-product","3":"status-publish","4":"has-post-thumbnail","6":"pwb-brand-mitutoyo","7":"product_cat-todos-los-productos","8":"product_cat-alexometros","9":"product_cat-instrumentos-de-medicion-y-gestion-de-datos","10":"product_cat-instrumentos-de-medicion-de-interiores","11":"product_cat-mitutoyo","13":"first","14":"instock","15":"taxable","16":"shipping-taxable","17":"product-type-simple"},"acf":[],"yoast_head":"<!-- This site is optimized with the Yoast SEO plugin v27.3 - https:\/\/yoast.com\/product\/yoast-seo-wordpress\/ -->\n<title>Micr\u00f3metro con comparador en acero 2046SB Bore Gauge, 6-10mm, 0,01mm - Techmaster de Mexico<\/title>\n<meta name=\"robots\" content=\"index, follow, max-snippet:-1, max-image-preview:large, max-video-preview:-1\" \/>\n<link rel=\"canonical\" href=\"https:\/\/techmasterdemexico.com\/producto\/micrometro-con-comparador-en-acero-2046sb-bore-gauge-6-10mm-001mm\/\" \/>\n<meta property=\"og:locale\" content=\"en_US\" \/>\n<meta property=\"og:type\" content=\"article\" \/>\n<meta property=\"og:title\" content=\"Micr\u00f3metro con comparador en acero 2046SB Bore Gauge, 6-10mm, 0,01mm - Techmaster de Mexico\" \/>\n<meta property=\"og:description\" content=\"Caracter\u00edsticas   Rango: 6 - 10 mm  Graduaci\u00f3n: 0.01 mm  Reloj incluido: 2046SB  Profundidad de medici\u00f3n: 50 mm  Recorrido de punta de contacto mm: 0.5 mm  N\u00famero de espigas: 9  Peso: 255 g  Entregado: Including box, dial indicator, plastic cover for indicator  Digital\/An\u00e1logo: An\u00e1logo  Pulgadas-m\u00e9trico: M\u00e9trico\" \/>\n<meta property=\"og:url\" content=\"https:\/\/techmasterdemexico.com\/producto\/micrometro-con-comparador-en-acero-2046sb-bore-gauge-6-10mm-001mm\/\" \/>\n<meta property=\"og:site_name\" content=\"Techmaster de Mexico\" \/>\n<meta property=\"article:modified_time\" content=\"2022-02-10T18:50:20+00:00\" \/>\n<meta property=\"og:image\" content=\"https:\/\/techmasterdemexico.com\/wp-content\/uploads\/2021\/12\/511-211_jpg.png\" \/>\n\t<meta property=\"og:image:width\" content=\"800\" \/>\n\t<meta property=\"og:image:height\" content=\"800\" \/>\n\t<meta property=\"og:image:type\" content=\"image\/png\" \/>\n<meta name=\"twitter:card\" content=\"summary_large_image\" \/>\n<meta name=\"twitter:label1\" content=\"Est. reading time\" \/>\n\t<meta name=\"twitter:data1\" content=\"1 minute\" \/>\n<script type=\"application\/ld+json\" class=\"yoast-schema-graph\">{\"@context\":\"https:\\\/\\\/schema.org\",\"@graph\":[{\"@type\":\"WebPage\",\"@id\":\"https:\\\/\\\/techmasterdemexico.com\\\/producto\\\/micrometro-con-comparador-en-acero-2046sb-bore-gauge-6-10mm-001mm\\\/\",\"url\":\"https:\\\/\\\/techmasterdemexico.com\\\/producto\\\/micrometro-con-comparador-en-acero-2046sb-bore-gauge-6-10mm-001mm\\\/\",\"name\":\"Micr\u00f3metro con comparador en acero 2046SB Bore Gauge, 6-10mm, 0,01mm - Techmaster de Mexico\",\"isPartOf\":{\"@id\":\"https:\\\/\\\/techmasterdemexico.com\\\/#website\"},\"primaryImageOfPage\":{\"@id\":\"https:\\\/\\\/techmasterdemexico.com\\\/producto\\\/micrometro-con-comparador-en-acero-2046sb-bore-gauge-6-10mm-001mm\\\/#primaryimage\"},\"image\":{\"@id\":\"https:\\\/\\\/techmasterdemexico.com\\\/producto\\\/micrometro-con-comparador-en-acero-2046sb-bore-gauge-6-10mm-001mm\\\/#primaryimage\"},\"thumbnailUrl\":\"https:\\\/\\\/techmasterdemexico.com\\\/wp-content\\\/uploads\\\/2021\\\/12\\\/511-211_jpg.png\",\"datePublished\":\"2021-12-22T00:47:47+00:00\",\"dateModified\":\"2022-02-10T18:50:20+00:00\",\"breadcrumb\":{\"@id\":\"https:\\\/\\\/techmasterdemexico.com\\\/producto\\\/micrometro-con-comparador-en-acero-2046sb-bore-gauge-6-10mm-001mm\\\/#breadcrumb\"},\"inLanguage\":\"en-US\",\"potentialAction\":[{\"@type\":\"ReadAction\",\"target\":[\"https:\\\/\\\/techmasterdemexico.com\\\/producto\\\/micrometro-con-comparador-en-acero-2046sb-bore-gauge-6-10mm-001mm\\\/\"]}]},{\"@type\":\"ImageObject\",\"inLanguage\":\"en-US\",\"@id\":\"https:\\\/\\\/techmasterdemexico.com\\\/producto\\\/micrometro-con-comparador-en-acero-2046sb-bore-gauge-6-10mm-001mm\\\/#primaryimage\",\"url\":\"https:\\\/\\\/techmasterdemexico.com\\\/wp-content\\\/uploads\\\/2021\\\/12\\\/511-211_jpg.png\",\"contentUrl\":\"https:\\\/\\\/techmasterdemexico.com\\\/wp-content\\\/uploads\\\/2021\\\/12\\\/511-211_jpg.png\",\"width\":800,\"height\":800},{\"@type\":\"BreadcrumbList\",\"@id\":\"https:\\\/\\\/techmasterdemexico.com\\\/producto\\\/micrometro-con-comparador-en-acero-2046sb-bore-gauge-6-10mm-001mm\\\/#breadcrumb\",\"itemListElement\":[{\"@type\":\"ListItem\",\"position\":1,\"name\":\"Portada\",\"item\":\"https:\\\/\\\/techmasterdemexico.com\\\/\"},{\"@type\":\"ListItem\",\"position\":2,\"name\":\"Micr\u00f3metro con comparador en acero 2046SB Bore Gauge, 6-10mm, 0,01mm\"}]},{\"@type\":\"WebSite\",\"@id\":\"https:\\\/\\\/techmasterdemexico.com\\\/#website\",\"url\":\"https:\\\/\\\/techmasterdemexico.com\\\/\",\"name\":\"Techmaster de Mexico\",\"description\":\"\",\"potentialAction\":[{\"@type\":\"SearchAction\",\"target\":{\"@type\":\"EntryPoint\",\"urlTemplate\":\"https:\\\/\\\/techmasterdemexico.com\\\/?s={search_term_string}\"},\"query-input\":{\"@type\":\"PropertyValueSpecification\",\"valueRequired\":true,\"valueName\":\"search_term_string\"}}],\"inLanguage\":\"en-US\"}]}<\/script>\n<!-- \/ Yoast SEO plugin. -->","yoast_head_json":{"title":"Micr\u00f3metro con comparador en acero 2046SB Bore Gauge, 6-10mm, 0,01mm - Techmaster de Mexico","robots":{"index":"index","follow":"follow","max-snippet":"max-snippet:-1","max-image-preview":"max-image-preview:large","max-video-preview":"max-video-preview:-1"},"canonical":"https:\/\/techmasterdemexico.com\/producto\/micrometro-con-comparador-en-acero-2046sb-bore-gauge-6-10mm-001mm\/","og_locale":"en_US","og_type":"article","og_title":"Micr\u00f3metro con comparador en acero 2046SB Bore Gauge, 6-10mm, 0,01mm - Techmaster de Mexico","og_description":"Caracter\u00edsticas   Rango: 6 - 10 mm  Graduaci\u00f3n: 0.01 mm  Reloj incluido: 2046SB  Profundidad de medici\u00f3n: 50 mm  Recorrido de punta de contacto mm: 0.5 mm  N\u00famero de espigas: 9  Peso: 255 g  Entregado: Including box, dial indicator, plastic cover for indicator  Digital\/An\u00e1logo: An\u00e1logo  Pulgadas-m\u00e9trico: M\u00e9trico","og_url":"https:\/\/techmasterdemexico.com\/producto\/micrometro-con-comparador-en-acero-2046sb-bore-gauge-6-10mm-001mm\/","og_site_name":"Techmaster de Mexico","article_modified_time":"2022-02-10T18:50:20+00:00","og_image":[{"width":800,"height":800,"url":"https:\/\/techmasterdemexico.com\/wp-content\/uploads\/2021\/12\/511-211_jpg.png","type":"image\/png"}],"twitter_card":"summary_large_image","twitter_misc":{"Est. reading time":"1 minute"},"schema":{"@context":"https:\/\/schema.org","@graph":[{"@type":"WebPage","@id":"https:\/\/techmasterdemexico.com\/producto\/micrometro-con-comparador-en-acero-2046sb-bore-gauge-6-10mm-001mm\/","url":"https:\/\/techmasterdemexico.com\/producto\/micrometro-con-comparador-en-acero-2046sb-bore-gauge-6-10mm-001mm\/","name":"Micr\u00f3metro con comparador en acero 2046SB Bore Gauge, 6-10mm, 0,01mm - Techmaster de Mexico","isPartOf":{"@id":"https:\/\/techmasterdemexico.com\/#website"},"primaryImageOfPage":{"@id":"https:\/\/techmasterdemexico.com\/producto\/micrometro-con-comparador-en-acero-2046sb-bore-gauge-6-10mm-001mm\/#primaryimage"},"image":{"@id":"https:\/\/techmasterdemexico.com\/producto\/micrometro-con-comparador-en-acero-2046sb-bore-gauge-6-10mm-001mm\/#primaryimage"},"thumbnailUrl":"https:\/\/techmasterdemexico.com\/wp-content\/uploads\/2021\/12\/511-211_jpg.png","datePublished":"2021-12-22T00:47:47+00:00","dateModified":"2022-02-10T18:50:20+00:00","breadcrumb":{"@id":"https:\/\/techmasterdemexico.com\/producto\/micrometro-con-comparador-en-acero-2046sb-bore-gauge-6-10mm-001mm\/#breadcrumb"},"inLanguage":"en-US","potentialAction":[{"@type":"ReadAction","target":["https:\/\/techmasterdemexico.com\/producto\/micrometro-con-comparador-en-acero-2046sb-bore-gauge-6-10mm-001mm\/"]}]},{"@type":"ImageObject","inLanguage":"en-US","@id":"https:\/\/techmasterdemexico.com\/producto\/micrometro-con-comparador-en-acero-2046sb-bore-gauge-6-10mm-001mm\/#primaryimage","url":"https:\/\/techmasterdemexico.com\/wp-content\/uploads\/2021\/12\/511-211_jpg.png","contentUrl":"https:\/\/techmasterdemexico.com\/wp-content\/uploads\/2021\/12\/511-211_jpg.png","width":800,"height":800},{"@type":"BreadcrumbList","@id":"https:\/\/techmasterdemexico.com\/producto\/micrometro-con-comparador-en-acero-2046sb-bore-gauge-6-10mm-001mm\/#breadcrumb","itemListElement":[{"@type":"ListItem","position":1,"name":"Portada","item":"https:\/\/techmasterdemexico.com\/"},{"@type":"ListItem","position":2,"name":"Micr\u00f3metro con comparador en acero 2046SB Bore Gauge, 6-10mm, 0,01mm"}]},{"@type":"WebSite","@id":"https:\/\/techmasterdemexico.com\/#website","url":"https:\/\/techmasterdemexico.com\/","name":"Techmaster de Mexico","description":"","potentialAction":[{"@type":"SearchAction","target":{"@type":"EntryPoint","urlTemplate":"https:\/\/techmasterdemexico.com\/?s={search_term_string}"},"query-input":{"@type":"PropertyValueSpecification","valueRequired":true,"valueName":"search_term_string"}}],"inLanguage":"en-US"}]}},"brands":[{"id":39,"name":"Mitutoyo","slug":"mitutoyo"}],"_links":{"self":[{"href":"https:\/\/techmasterdemexico.com\/en\/wp-json\/wp\/v2\/product\/14831","targetHints":{"allow":["GET"]}}],"collection":[{"href":"https:\/\/techmasterdemexico.com\/en\/wp-json\/wp\/v2\/product"}],"about":[{"href":"https:\/\/techmasterdemexico.com\/en\/wp-json\/wp\/v2\/types\/product"}],"wp:featuredmedia":[{"embeddable":true,"href":"https:\/\/techmasterdemexico.com\/en\/wp-json\/wp\/v2\/media\/18086"}],"wp:attachment":[{"href":"https:\/\/techmasterdemexico.com\/en\/wp-json\/wp\/v2\/media?parent=14831"}],"wp:term":[{"taxonomy":"pwb-brand","embeddable":true,"href":"https:\/\/techmasterdemexico.com\/en\/wp-json\/wp\/v2\/pwb-brand?post=14831"},{"taxonomy":"product_brand","embeddable":true,"href":"https:\/\/techmasterdemexico.com\/en\/wp-json\/wp\/v2\/product_brand?post=14831"},{"taxonomy":"product_cat","embeddable":true,"href":"https:\/\/techmasterdemexico.com\/en\/wp-json\/wp\/v2\/product_cat?post=14831"},{"taxonomy":"product_tag","embeddable":true,"href":"https:\/\/techmasterdemexico.com\/en\/wp-json\/wp\/v2\/product_tag?post=14831"}],"curies":[{"name":"wp","href":"https:\/\/api.w.org\/{rel}","templated":true}]}}