{"id":14798,"date":"2021-12-22T00:47:04","date_gmt":"2021-12-22T00:47:04","guid":{"rendered":"https:\/\/techmastermx.ddns.net\/producto\/medidor-de-interiores-de-precision-con-reloj-comparador-n-2109-sb-10-7-10mm-0001mm\/"},"modified":"2022-02-10T21:45:11","modified_gmt":"2022-02-10T21:45:11","slug":"medidor-de-interiores-de-precision-con-reloj-comparador-n-2109-sb-10-7-10mm-0001mm","status":"publish","type":"product","link":"https:\/\/techmasterdemexico.com\/en\/producto\/medidor-de-interiores-de-precision-con-reloj-comparador-n-2109-sb-10-7-10mm-0001mm\/","title":{"rendered":"Medidor de interiores de precisi\u00f3n con reloj comparador N\u00b0 2109 SB-10 7-10mm, 0,001mm"},"content":{"rendered":"<p>Medidor de interiores de precisi\u00f3n con reloj comparador N\u00b0 2109 SB-10<br \/>\n7-10mm, 0,001mm<br \/>\nN\u00famero de art\u00edculo: 526-124<\/p>\n<p>Descripci\u00f3n<\/p>\n<ul>\n<li>Verificadores de interiores de precisi\u00f3n (medici\u00f3n indirecta).<\/li>\n<li>Estos verificadores de interiores de precisi\u00f3n hacen posible una medici\u00f3n r\u00e1pida y precisa de agujeros peque\u00f1os.<\/li>\n<\/ul>\n","protected":false},"excerpt":{"rendered":"<p>Caracter\u00edsticas<\/p>\n<ul>\n<li>Rango: 7 &#8211; 10 mm<\/li>\n<li>Graduaci\u00f3n: 0.001 mm<\/li>\n<li>Reloj incluido: 2109SB-10<\/li>\n<li>Profundidad de medici\u00f3n: 40-56 mm (2)<\/li>\n<li>N\u00famero de espigas: 6<\/li>\n<li>Repetibilidad: 2 \u00b5m<\/li>\n<li>Entregado: En caja que incluye cubierta de pl\u00e1stico para indicador de car\u00e1tula<\/li>\n<li>Digital\/An\u00e1logo: An\u00e1logo<\/li>\n<li>Pulgadas-m\u00e9trico: M\u00e9trico<\/li>\n<\/ul>\n","protected":false},"featured_media":18097,"template":"","meta":{"_acf_changed":false},"pwb-brand":[39],"product_brand":[],"product_cat":[366,416,331,414,38],"product_tag":[],"class_list":{"0":"post-14798","1":"product","2":"type-product","3":"status-publish","4":"has-post-thumbnail","6":"pwb-brand-mitutoyo","7":"product_cat-todos-los-productos","8":"product_cat-alexometros","9":"product_cat-instrumentos-de-medicion-y-gestion-de-datos","10":"product_cat-instrumentos-de-medicion-de-interiores","11":"product_cat-mitutoyo","13":"first","14":"instock","15":"taxable","16":"shipping-taxable","17":"product-type-simple"},"acf":[],"yoast_head":"<!-- This site is optimized with the Yoast SEO plugin v27.3 - https:\/\/yoast.com\/product\/yoast-seo-wordpress\/ -->\n<title>Medidor de interiores de precisi\u00f3n con reloj comparador N\u00b0 2109 SB-10 7-10mm, 0,001mm - Techmaster de Mexico<\/title>\n<meta name=\"robots\" content=\"index, follow, max-snippet:-1, max-image-preview:large, max-video-preview:-1\" \/>\n<link rel=\"canonical\" href=\"https:\/\/techmasterdemexico.com\/producto\/medidor-de-interiores-de-precision-con-reloj-comparador-n-2109-sb-10-7-10mm-0001mm\/\" \/>\n<meta property=\"og:locale\" content=\"en_US\" \/>\n<meta property=\"og:type\" content=\"article\" \/>\n<meta property=\"og:title\" content=\"Medidor de interiores de precisi\u00f3n con reloj comparador N\u00b0 2109 SB-10 7-10mm, 0,001mm - Techmaster de Mexico\" \/>\n<meta property=\"og:description\" content=\"Caracter\u00edsticas   Rango: 7 - 10 mm  Graduaci\u00f3n: 0.001 mm  Reloj incluido: 2109SB-10  Profundidad de medici\u00f3n: 40-56 mm (2)  N\u00famero de espigas: 6  Repetibilidad: 2 \u00b5m  Entregado: En caja que incluye cubierta de pl\u00e1stico para indicador de car\u00e1tula  Digital\/An\u00e1logo: An\u00e1logo  Pulgadas-m\u00e9trico: M\u00e9trico\" \/>\n<meta property=\"og:url\" content=\"https:\/\/techmasterdemexico.com\/producto\/medidor-de-interiores-de-precision-con-reloj-comparador-n-2109-sb-10-7-10mm-0001mm\/\" \/>\n<meta property=\"og:site_name\" content=\"Techmaster de Mexico\" \/>\n<meta property=\"article:modified_time\" content=\"2022-02-10T21:45:11+00:00\" \/>\n<meta property=\"og:image\" content=\"https:\/\/techmasterdemexico.com\/wp-content\/uploads\/2021\/12\/526-124_1.png\" \/>\n\t<meta property=\"og:image:width\" content=\"800\" \/>\n\t<meta property=\"og:image:height\" content=\"800\" \/>\n\t<meta property=\"og:image:type\" content=\"image\/png\" \/>\n<meta name=\"twitter:card\" content=\"summary_large_image\" \/>\n<script type=\"application\/ld+json\" class=\"yoast-schema-graph\">{\"@context\":\"https:\\\/\\\/schema.org\",\"@graph\":[{\"@type\":\"WebPage\",\"@id\":\"https:\\\/\\\/techmasterdemexico.com\\\/producto\\\/medidor-de-interiores-de-precision-con-reloj-comparador-n-2109-sb-10-7-10mm-0001mm\\\/\",\"url\":\"https:\\\/\\\/techmasterdemexico.com\\\/producto\\\/medidor-de-interiores-de-precision-con-reloj-comparador-n-2109-sb-10-7-10mm-0001mm\\\/\",\"name\":\"Medidor de interiores de precisi\u00f3n con reloj comparador N\u00b0 2109 SB-10 7-10mm, 0,001mm - Techmaster de Mexico\",\"isPartOf\":{\"@id\":\"https:\\\/\\\/techmasterdemexico.com\\\/#website\"},\"primaryImageOfPage\":{\"@id\":\"https:\\\/\\\/techmasterdemexico.com\\\/producto\\\/medidor-de-interiores-de-precision-con-reloj-comparador-n-2109-sb-10-7-10mm-0001mm\\\/#primaryimage\"},\"image\":{\"@id\":\"https:\\\/\\\/techmasterdemexico.com\\\/producto\\\/medidor-de-interiores-de-precision-con-reloj-comparador-n-2109-sb-10-7-10mm-0001mm\\\/#primaryimage\"},\"thumbnailUrl\":\"https:\\\/\\\/techmasterdemexico.com\\\/wp-content\\\/uploads\\\/2021\\\/12\\\/526-124_1.png\",\"datePublished\":\"2021-12-22T00:47:04+00:00\",\"dateModified\":\"2022-02-10T21:45:11+00:00\",\"breadcrumb\":{\"@id\":\"https:\\\/\\\/techmasterdemexico.com\\\/producto\\\/medidor-de-interiores-de-precision-con-reloj-comparador-n-2109-sb-10-7-10mm-0001mm\\\/#breadcrumb\"},\"inLanguage\":\"en-US\",\"potentialAction\":[{\"@type\":\"ReadAction\",\"target\":[\"https:\\\/\\\/techmasterdemexico.com\\\/producto\\\/medidor-de-interiores-de-precision-con-reloj-comparador-n-2109-sb-10-7-10mm-0001mm\\\/\"]}]},{\"@type\":\"ImageObject\",\"inLanguage\":\"en-US\",\"@id\":\"https:\\\/\\\/techmasterdemexico.com\\\/producto\\\/medidor-de-interiores-de-precision-con-reloj-comparador-n-2109-sb-10-7-10mm-0001mm\\\/#primaryimage\",\"url\":\"https:\\\/\\\/techmasterdemexico.com\\\/wp-content\\\/uploads\\\/2021\\\/12\\\/526-124_1.png\",\"contentUrl\":\"https:\\\/\\\/techmasterdemexico.com\\\/wp-content\\\/uploads\\\/2021\\\/12\\\/526-124_1.png\",\"width\":800,\"height\":800},{\"@type\":\"BreadcrumbList\",\"@id\":\"https:\\\/\\\/techmasterdemexico.com\\\/producto\\\/medidor-de-interiores-de-precision-con-reloj-comparador-n-2109-sb-10-7-10mm-0001mm\\\/#breadcrumb\",\"itemListElement\":[{\"@type\":\"ListItem\",\"position\":1,\"name\":\"Portada\",\"item\":\"https:\\\/\\\/techmasterdemexico.com\\\/\"},{\"@type\":\"ListItem\",\"position\":2,\"name\":\"Medidor de interiores de precisi\u00f3n con reloj comparador N\u00b0 2109 SB-10 7-10mm, 0,001mm\"}]},{\"@type\":\"WebSite\",\"@id\":\"https:\\\/\\\/techmasterdemexico.com\\\/#website\",\"url\":\"https:\\\/\\\/techmasterdemexico.com\\\/\",\"name\":\"Techmaster de Mexico\",\"description\":\"\",\"potentialAction\":[{\"@type\":\"SearchAction\",\"target\":{\"@type\":\"EntryPoint\",\"urlTemplate\":\"https:\\\/\\\/techmasterdemexico.com\\\/?s={search_term_string}\"},\"query-input\":{\"@type\":\"PropertyValueSpecification\",\"valueRequired\":true,\"valueName\":\"search_term_string\"}}],\"inLanguage\":\"en-US\"}]}<\/script>\n<!-- \/ Yoast SEO plugin. -->","yoast_head_json":{"title":"Medidor de interiores de precisi\u00f3n con reloj comparador N\u00b0 2109 SB-10 7-10mm, 0,001mm - Techmaster de Mexico","robots":{"index":"index","follow":"follow","max-snippet":"max-snippet:-1","max-image-preview":"max-image-preview:large","max-video-preview":"max-video-preview:-1"},"canonical":"https:\/\/techmasterdemexico.com\/producto\/medidor-de-interiores-de-precision-con-reloj-comparador-n-2109-sb-10-7-10mm-0001mm\/","og_locale":"en_US","og_type":"article","og_title":"Medidor de interiores de precisi\u00f3n con reloj comparador N\u00b0 2109 SB-10 7-10mm, 0,001mm - Techmaster de Mexico","og_description":"Caracter\u00edsticas   Rango: 7 - 10 mm  Graduaci\u00f3n: 0.001 mm  Reloj incluido: 2109SB-10  Profundidad de medici\u00f3n: 40-56 mm (2)  N\u00famero de espigas: 6  Repetibilidad: 2 \u00b5m  Entregado: En caja que incluye cubierta de pl\u00e1stico para indicador de car\u00e1tula  Digital\/An\u00e1logo: An\u00e1logo  Pulgadas-m\u00e9trico: M\u00e9trico","og_url":"https:\/\/techmasterdemexico.com\/producto\/medidor-de-interiores-de-precision-con-reloj-comparador-n-2109-sb-10-7-10mm-0001mm\/","og_site_name":"Techmaster de Mexico","article_modified_time":"2022-02-10T21:45:11+00:00","og_image":[{"width":800,"height":800,"url":"https:\/\/techmasterdemexico.com\/wp-content\/uploads\/2021\/12\/526-124_1.png","type":"image\/png"}],"twitter_card":"summary_large_image","schema":{"@context":"https:\/\/schema.org","@graph":[{"@type":"WebPage","@id":"https:\/\/techmasterdemexico.com\/producto\/medidor-de-interiores-de-precision-con-reloj-comparador-n-2109-sb-10-7-10mm-0001mm\/","url":"https:\/\/techmasterdemexico.com\/producto\/medidor-de-interiores-de-precision-con-reloj-comparador-n-2109-sb-10-7-10mm-0001mm\/","name":"Medidor de interiores de precisi\u00f3n con reloj comparador N\u00b0 2109 SB-10 7-10mm, 0,001mm - Techmaster de Mexico","isPartOf":{"@id":"https:\/\/techmasterdemexico.com\/#website"},"primaryImageOfPage":{"@id":"https:\/\/techmasterdemexico.com\/producto\/medidor-de-interiores-de-precision-con-reloj-comparador-n-2109-sb-10-7-10mm-0001mm\/#primaryimage"},"image":{"@id":"https:\/\/techmasterdemexico.com\/producto\/medidor-de-interiores-de-precision-con-reloj-comparador-n-2109-sb-10-7-10mm-0001mm\/#primaryimage"},"thumbnailUrl":"https:\/\/techmasterdemexico.com\/wp-content\/uploads\/2021\/12\/526-124_1.png","datePublished":"2021-12-22T00:47:04+00:00","dateModified":"2022-02-10T21:45:11+00:00","breadcrumb":{"@id":"https:\/\/techmasterdemexico.com\/producto\/medidor-de-interiores-de-precision-con-reloj-comparador-n-2109-sb-10-7-10mm-0001mm\/#breadcrumb"},"inLanguage":"en-US","potentialAction":[{"@type":"ReadAction","target":["https:\/\/techmasterdemexico.com\/producto\/medidor-de-interiores-de-precision-con-reloj-comparador-n-2109-sb-10-7-10mm-0001mm\/"]}]},{"@type":"ImageObject","inLanguage":"en-US","@id":"https:\/\/techmasterdemexico.com\/producto\/medidor-de-interiores-de-precision-con-reloj-comparador-n-2109-sb-10-7-10mm-0001mm\/#primaryimage","url":"https:\/\/techmasterdemexico.com\/wp-content\/uploads\/2021\/12\/526-124_1.png","contentUrl":"https:\/\/techmasterdemexico.com\/wp-content\/uploads\/2021\/12\/526-124_1.png","width":800,"height":800},{"@type":"BreadcrumbList","@id":"https:\/\/techmasterdemexico.com\/producto\/medidor-de-interiores-de-precision-con-reloj-comparador-n-2109-sb-10-7-10mm-0001mm\/#breadcrumb","itemListElement":[{"@type":"ListItem","position":1,"name":"Portada","item":"https:\/\/techmasterdemexico.com\/"},{"@type":"ListItem","position":2,"name":"Medidor de interiores de precisi\u00f3n con reloj comparador N\u00b0 2109 SB-10 7-10mm, 0,001mm"}]},{"@type":"WebSite","@id":"https:\/\/techmasterdemexico.com\/#website","url":"https:\/\/techmasterdemexico.com\/","name":"Techmaster de Mexico","description":"","potentialAction":[{"@type":"SearchAction","target":{"@type":"EntryPoint","urlTemplate":"https:\/\/techmasterdemexico.com\/?s={search_term_string}"},"query-input":{"@type":"PropertyValueSpecification","valueRequired":true,"valueName":"search_term_string"}}],"inLanguage":"en-US"}]}},"brands":[{"id":39,"name":"Mitutoyo","slug":"mitutoyo"}],"_links":{"self":[{"href":"https:\/\/techmasterdemexico.com\/en\/wp-json\/wp\/v2\/product\/14798","targetHints":{"allow":["GET"]}}],"collection":[{"href":"https:\/\/techmasterdemexico.com\/en\/wp-json\/wp\/v2\/product"}],"about":[{"href":"https:\/\/techmasterdemexico.com\/en\/wp-json\/wp\/v2\/types\/product"}],"wp:featuredmedia":[{"embeddable":true,"href":"https:\/\/techmasterdemexico.com\/en\/wp-json\/wp\/v2\/media\/18097"}],"wp:attachment":[{"href":"https:\/\/techmasterdemexico.com\/en\/wp-json\/wp\/v2\/media?parent=14798"}],"wp:term":[{"taxonomy":"pwb-brand","embeddable":true,"href":"https:\/\/techmasterdemexico.com\/en\/wp-json\/wp\/v2\/pwb-brand?post=14798"},{"taxonomy":"product_brand","embeddable":true,"href":"https:\/\/techmasterdemexico.com\/en\/wp-json\/wp\/v2\/product_brand?post=14798"},{"taxonomy":"product_cat","embeddable":true,"href":"https:\/\/techmasterdemexico.com\/en\/wp-json\/wp\/v2\/product_cat?post=14798"},{"taxonomy":"product_tag","embeddable":true,"href":"https:\/\/techmasterdemexico.com\/en\/wp-json\/wp\/v2\/product_tag?post=14798"}],"curies":[{"name":"wp","href":"https:\/\/api.w.org\/{rel}","templated":true}]}}