{"id":14794,"date":"2021-12-22T00:46:59","date_gmt":"2021-12-22T00:46:59","guid":{"rendered":"https:\/\/techmastermx.ddns.net\/producto\/2-point-inside-measuring-instrument-bore-gauge-for-extra-small-holes-03-04-00005\/"},"modified":"2022-02-11T00:30:37","modified_gmt":"2022-02-11T00:30:37","slug":"2-point-inside-measuring-instrument-bore-gauge-for-extra-small-holes-03-04-00005","status":"publish","type":"product","link":"https:\/\/techmasterdemexico.com\/en\/producto\/2-point-inside-measuring-instrument-bore-gauge-for-extra-small-holes-03-04-00005\/","title":{"rendered":"2-Point Inside Measuring Instrument Bore Gauge for Extra Small Holes, 0,3-0,4&#8243;, 0,0005&#8243;"},"content":{"rendered":"<p>2-Point Inside Measuring Instrument<br \/>\nBore Gauge for Extra Small Holes, 0,3-0,4&#8243;, 0,0005&#8243;<br \/>\nN\u00famero de art\u00edculo: 526-119-20<\/p>\n<p>Descripci\u00f3n<\/p>\n<ul>\n<li>Verificadores de interiores de precisi\u00f3n (medici\u00f3n indirecta).<\/li>\n<li>Estos verificadores de interiores de precisi\u00f3n hacen posible una medici\u00f3n r\u00e1pida y precisa de agujeros peque\u00f1os.<\/li>\n<\/ul>\n","protected":false},"excerpt":{"rendered":"<p>Caracter\u00edsticas<\/p>\n<ul>\n<li>Graduaci\u00f3n: 0.01mm. 0.001mm<\/li>\n<li>Repetibilidad: 2 \u00b5m<\/li>\n<li>Entregado: En caja que incluye cubierta de pl\u00e1stico para indicador de car\u00e1tula<\/li>\n<li>Digital\/An\u00e1logo: An\u00e1logo<\/li>\n<li>Pulgadas-m\u00e9trico: Pulgadas<\/li>\n<\/ul>\n","protected":false},"featured_media":18088,"template":"","meta":{"_acf_changed":false},"pwb-brand":[39],"product_brand":[],"product_cat":[366,416,331,414,38],"product_tag":[],"class_list":{"0":"post-14794","1":"product","2":"type-product","3":"status-publish","4":"has-post-thumbnail","6":"pwb-brand-mitutoyo","7":"product_cat-todos-los-productos","8":"product_cat-alexometros","9":"product_cat-instrumentos-de-medicion-y-gestion-de-datos","10":"product_cat-instrumentos-de-medicion-de-interiores","11":"product_cat-mitutoyo","13":"first","14":"instock","15":"taxable","16":"shipping-taxable","17":"product-type-simple"},"acf":[],"yoast_head":"<!-- This site is optimized with the Yoast SEO plugin v27.3 - https:\/\/yoast.com\/product\/yoast-seo-wordpress\/ -->\n<title>2-Point Inside Measuring Instrument Bore Gauge for Extra Small Holes, 0,3-0,4&quot;, 0,0005&quot; - Techmaster de Mexico<\/title>\n<meta name=\"robots\" content=\"index, follow, max-snippet:-1, max-image-preview:large, max-video-preview:-1\" \/>\n<link rel=\"canonical\" href=\"https:\/\/techmasterdemexico.com\/producto\/2-point-inside-measuring-instrument-bore-gauge-for-extra-small-holes-03-04-00005\/\" \/>\n<meta property=\"og:locale\" content=\"en_US\" \/>\n<meta property=\"og:type\" content=\"article\" \/>\n<meta property=\"og:title\" content=\"2-Point Inside Measuring Instrument Bore Gauge for Extra Small Holes, 0,3-0,4&quot;, 0,0005&quot; - Techmaster de Mexico\" \/>\n<meta property=\"og:description\" content=\"Caracter\u00edsticas   Graduaci\u00f3n: 0.01mm. 0.001mm  Repetibilidad: 2 \u00b5m  Entregado: En caja que incluye cubierta de pl\u00e1stico para indicador de car\u00e1tula  Digital\/An\u00e1logo: An\u00e1logo  Pulgadas-m\u00e9trico: Pulgadas\" \/>\n<meta property=\"og:url\" content=\"https:\/\/techmasterdemexico.com\/producto\/2-point-inside-measuring-instrument-bore-gauge-for-extra-small-holes-03-04-00005\/\" \/>\n<meta property=\"og:site_name\" content=\"Techmaster de Mexico\" \/>\n<meta property=\"article:modified_time\" content=\"2022-02-11T00:30:37+00:00\" \/>\n<meta property=\"og:image\" content=\"https:\/\/techmasterdemexico.com\/wp-content\/uploads\/2021\/12\/526-153-1_z_jpg.png\" \/>\n\t<meta property=\"og:image:width\" content=\"800\" \/>\n\t<meta property=\"og:image:height\" content=\"800\" \/>\n\t<meta property=\"og:image:type\" content=\"image\/png\" \/>\n<meta name=\"twitter:card\" content=\"summary_large_image\" \/>\n<script type=\"application\/ld+json\" class=\"yoast-schema-graph\">{\"@context\":\"https:\\\/\\\/schema.org\",\"@graph\":[{\"@type\":\"WebPage\",\"@id\":\"https:\\\/\\\/techmasterdemexico.com\\\/producto\\\/2-point-inside-measuring-instrument-bore-gauge-for-extra-small-holes-03-04-00005\\\/\",\"url\":\"https:\\\/\\\/techmasterdemexico.com\\\/producto\\\/2-point-inside-measuring-instrument-bore-gauge-for-extra-small-holes-03-04-00005\\\/\",\"name\":\"2-Point Inside Measuring Instrument Bore Gauge for Extra Small Holes, 0,3-0,4\\\", 0,0005\\\" - Techmaster de Mexico\",\"isPartOf\":{\"@id\":\"https:\\\/\\\/techmasterdemexico.com\\\/#website\"},\"primaryImageOfPage\":{\"@id\":\"https:\\\/\\\/techmasterdemexico.com\\\/producto\\\/2-point-inside-measuring-instrument-bore-gauge-for-extra-small-holes-03-04-00005\\\/#primaryimage\"},\"image\":{\"@id\":\"https:\\\/\\\/techmasterdemexico.com\\\/producto\\\/2-point-inside-measuring-instrument-bore-gauge-for-extra-small-holes-03-04-00005\\\/#primaryimage\"},\"thumbnailUrl\":\"https:\\\/\\\/techmasterdemexico.com\\\/wp-content\\\/uploads\\\/2021\\\/12\\\/526-153-1_z_jpg.png\",\"datePublished\":\"2021-12-22T00:46:59+00:00\",\"dateModified\":\"2022-02-11T00:30:37+00:00\",\"breadcrumb\":{\"@id\":\"https:\\\/\\\/techmasterdemexico.com\\\/producto\\\/2-point-inside-measuring-instrument-bore-gauge-for-extra-small-holes-03-04-00005\\\/#breadcrumb\"},\"inLanguage\":\"en-US\",\"potentialAction\":[{\"@type\":\"ReadAction\",\"target\":[\"https:\\\/\\\/techmasterdemexico.com\\\/producto\\\/2-point-inside-measuring-instrument-bore-gauge-for-extra-small-holes-03-04-00005\\\/\"]}]},{\"@type\":\"ImageObject\",\"inLanguage\":\"en-US\",\"@id\":\"https:\\\/\\\/techmasterdemexico.com\\\/producto\\\/2-point-inside-measuring-instrument-bore-gauge-for-extra-small-holes-03-04-00005\\\/#primaryimage\",\"url\":\"https:\\\/\\\/techmasterdemexico.com\\\/wp-content\\\/uploads\\\/2021\\\/12\\\/526-153-1_z_jpg.png\",\"contentUrl\":\"https:\\\/\\\/techmasterdemexico.com\\\/wp-content\\\/uploads\\\/2021\\\/12\\\/526-153-1_z_jpg.png\",\"width\":800,\"height\":800},{\"@type\":\"BreadcrumbList\",\"@id\":\"https:\\\/\\\/techmasterdemexico.com\\\/producto\\\/2-point-inside-measuring-instrument-bore-gauge-for-extra-small-holes-03-04-00005\\\/#breadcrumb\",\"itemListElement\":[{\"@type\":\"ListItem\",\"position\":1,\"name\":\"Portada\",\"item\":\"https:\\\/\\\/techmasterdemexico.com\\\/\"},{\"@type\":\"ListItem\",\"position\":2,\"name\":\"2-Point Inside Measuring Instrument Bore Gauge for Extra Small Holes, 0,3-0,4&#8243;, 0,0005&#8243;\"}]},{\"@type\":\"WebSite\",\"@id\":\"https:\\\/\\\/techmasterdemexico.com\\\/#website\",\"url\":\"https:\\\/\\\/techmasterdemexico.com\\\/\",\"name\":\"Techmaster de Mexico\",\"description\":\"\",\"potentialAction\":[{\"@type\":\"SearchAction\",\"target\":{\"@type\":\"EntryPoint\",\"urlTemplate\":\"https:\\\/\\\/techmasterdemexico.com\\\/?s={search_term_string}\"},\"query-input\":{\"@type\":\"PropertyValueSpecification\",\"valueRequired\":true,\"valueName\":\"search_term_string\"}}],\"inLanguage\":\"en-US\"}]}<\/script>\n<!-- \/ Yoast SEO plugin. -->","yoast_head_json":{"title":"2-Point Inside Measuring Instrument Bore Gauge for Extra Small Holes, 0,3-0,4\", 0,0005\" - Techmaster de Mexico","robots":{"index":"index","follow":"follow","max-snippet":"max-snippet:-1","max-image-preview":"max-image-preview:large","max-video-preview":"max-video-preview:-1"},"canonical":"https:\/\/techmasterdemexico.com\/producto\/2-point-inside-measuring-instrument-bore-gauge-for-extra-small-holes-03-04-00005\/","og_locale":"en_US","og_type":"article","og_title":"2-Point Inside Measuring Instrument Bore Gauge for Extra Small Holes, 0,3-0,4\", 0,0005\" - Techmaster de Mexico","og_description":"Caracter\u00edsticas   Graduaci\u00f3n: 0.01mm. 0.001mm  Repetibilidad: 2 \u00b5m  Entregado: En caja que incluye cubierta de pl\u00e1stico para indicador de car\u00e1tula  Digital\/An\u00e1logo: An\u00e1logo  Pulgadas-m\u00e9trico: Pulgadas","og_url":"https:\/\/techmasterdemexico.com\/producto\/2-point-inside-measuring-instrument-bore-gauge-for-extra-small-holes-03-04-00005\/","og_site_name":"Techmaster de Mexico","article_modified_time":"2022-02-11T00:30:37+00:00","og_image":[{"width":800,"height":800,"url":"https:\/\/techmasterdemexico.com\/wp-content\/uploads\/2021\/12\/526-153-1_z_jpg.png","type":"image\/png"}],"twitter_card":"summary_large_image","schema":{"@context":"https:\/\/schema.org","@graph":[{"@type":"WebPage","@id":"https:\/\/techmasterdemexico.com\/producto\/2-point-inside-measuring-instrument-bore-gauge-for-extra-small-holes-03-04-00005\/","url":"https:\/\/techmasterdemexico.com\/producto\/2-point-inside-measuring-instrument-bore-gauge-for-extra-small-holes-03-04-00005\/","name":"2-Point Inside Measuring Instrument Bore Gauge for Extra Small Holes, 0,3-0,4\", 0,0005\" - Techmaster de Mexico","isPartOf":{"@id":"https:\/\/techmasterdemexico.com\/#website"},"primaryImageOfPage":{"@id":"https:\/\/techmasterdemexico.com\/producto\/2-point-inside-measuring-instrument-bore-gauge-for-extra-small-holes-03-04-00005\/#primaryimage"},"image":{"@id":"https:\/\/techmasterdemexico.com\/producto\/2-point-inside-measuring-instrument-bore-gauge-for-extra-small-holes-03-04-00005\/#primaryimage"},"thumbnailUrl":"https:\/\/techmasterdemexico.com\/wp-content\/uploads\/2021\/12\/526-153-1_z_jpg.png","datePublished":"2021-12-22T00:46:59+00:00","dateModified":"2022-02-11T00:30:37+00:00","breadcrumb":{"@id":"https:\/\/techmasterdemexico.com\/producto\/2-point-inside-measuring-instrument-bore-gauge-for-extra-small-holes-03-04-00005\/#breadcrumb"},"inLanguage":"en-US","potentialAction":[{"@type":"ReadAction","target":["https:\/\/techmasterdemexico.com\/producto\/2-point-inside-measuring-instrument-bore-gauge-for-extra-small-holes-03-04-00005\/"]}]},{"@type":"ImageObject","inLanguage":"en-US","@id":"https:\/\/techmasterdemexico.com\/producto\/2-point-inside-measuring-instrument-bore-gauge-for-extra-small-holes-03-04-00005\/#primaryimage","url":"https:\/\/techmasterdemexico.com\/wp-content\/uploads\/2021\/12\/526-153-1_z_jpg.png","contentUrl":"https:\/\/techmasterdemexico.com\/wp-content\/uploads\/2021\/12\/526-153-1_z_jpg.png","width":800,"height":800},{"@type":"BreadcrumbList","@id":"https:\/\/techmasterdemexico.com\/producto\/2-point-inside-measuring-instrument-bore-gauge-for-extra-small-holes-03-04-00005\/#breadcrumb","itemListElement":[{"@type":"ListItem","position":1,"name":"Portada","item":"https:\/\/techmasterdemexico.com\/"},{"@type":"ListItem","position":2,"name":"2-Point Inside Measuring Instrument Bore Gauge for Extra Small Holes, 0,3-0,4&#8243;, 0,0005&#8243;"}]},{"@type":"WebSite","@id":"https:\/\/techmasterdemexico.com\/#website","url":"https:\/\/techmasterdemexico.com\/","name":"Techmaster de Mexico","description":"","potentialAction":[{"@type":"SearchAction","target":{"@type":"EntryPoint","urlTemplate":"https:\/\/techmasterdemexico.com\/?s={search_term_string}"},"query-input":{"@type":"PropertyValueSpecification","valueRequired":true,"valueName":"search_term_string"}}],"inLanguage":"en-US"}]}},"brands":[{"id":39,"name":"Mitutoyo","slug":"mitutoyo"}],"_links":{"self":[{"href":"https:\/\/techmasterdemexico.com\/en\/wp-json\/wp\/v2\/product\/14794","targetHints":{"allow":["GET"]}}],"collection":[{"href":"https:\/\/techmasterdemexico.com\/en\/wp-json\/wp\/v2\/product"}],"about":[{"href":"https:\/\/techmasterdemexico.com\/en\/wp-json\/wp\/v2\/types\/product"}],"wp:featuredmedia":[{"embeddable":true,"href":"https:\/\/techmasterdemexico.com\/en\/wp-json\/wp\/v2\/media\/18088"}],"wp:attachment":[{"href":"https:\/\/techmasterdemexico.com\/en\/wp-json\/wp\/v2\/media?parent=14794"}],"wp:term":[{"taxonomy":"pwb-brand","embeddable":true,"href":"https:\/\/techmasterdemexico.com\/en\/wp-json\/wp\/v2\/pwb-brand?post=14794"},{"taxonomy":"product_brand","embeddable":true,"href":"https:\/\/techmasterdemexico.com\/en\/wp-json\/wp\/v2\/product_brand?post=14794"},{"taxonomy":"product_cat","embeddable":true,"href":"https:\/\/techmasterdemexico.com\/en\/wp-json\/wp\/v2\/product_cat?post=14794"},{"taxonomy":"product_tag","embeddable":true,"href":"https:\/\/techmasterdemexico.com\/en\/wp-json\/wp\/v2\/product_tag?post=14794"}],"curies":[{"name":"wp","href":"https:\/\/api.w.org\/{rel}","templated":true}]}}