{"id":14726,"date":"2021-12-22T00:45:34","date_gmt":"2021-12-22T00:45:34","guid":{"rendered":"https:\/\/techmastermx.ddns.net\/producto\/medidor-de-agujeros-digimatic-inch-metric-4-65-000005\/"},"modified":"2022-02-16T01:51:17","modified_gmt":"2022-02-16T01:51:17","slug":"medidor-de-agujeros-digimatic-inch-metric-4-65-000005","status":"publish","type":"product","link":"https:\/\/techmasterdemexico.com\/en\/producto\/medidor-de-agujeros-digimatic-inch-metric-4-65-000005\/","title":{"rendered":"Medidor de agujeros Digimatic Inch\/Metric, 4-6,5&#8243;, 0,00005&#8243;"},"content":{"rendered":"<p>Medidor de agujeros Digimatic 4-6.4&#8243;<br \/>\nInch\/Metric, 4-6,5&#8243;, 0,00005&#8243;<br \/>\nN\u00famero de art\u00edculo: 511-522<\/p>\n<p>Descripci\u00f3n<\/p>\n<ul>\n<li>Indicador de agujeros de precisi\u00f3n para la medici\u00f3n f\u00e1cil del di\u00e1metro en orificios profundos, sin p\u00e9rdida de precisi\u00f3n. Adem\u00e1s de la pantalla digital se proporciona un gr\u00e1fico de barras anal\u00f3gico de ayuda para detectar las tendencias en la medici\u00f3n.<\/li>\n<li>Se pueden memorizar hasta 3 medidas de preselecci\u00f3n y valores de tolerancia superior \/ inferior y recordarse, con s\u00f3lo pulsar un bot\u00f3n.<\/li>\n<li>Se puede establecer el juicio PASA\/\u00b1NO PASA, y se pueden utilizar hasta 4 varillas de extensi\u00f3n(250 \u00f3 500 mm) .<\/li>\n<\/ul>\n","protected":false},"excerpt":{"rendered":"<p>Caracter\u00edsticas<\/p>\n<ul>\n<li>N\u00famero de espigas: 13<\/li>\n<li>Peso: 570 g<\/li>\n<li>Repetibilidad: \u00b11 digito<\/li>\n<li>Presi\u00f3n de medida (N): \u22645 N<\/li>\n<li>Frecuencia de medici\u00f3n: 50 veces\/seg*<\/li>\n<li>Resoluci\u00f3n:0,001 mm<\/li>\n<li>Fuente de alimentaci\u00f3n: 2 baterias SR-44<\/li>\n<li>Recorrido de punta de contacto : 1,2 mm<\/li>\n<li>Duraci\u00f3n bateria: aprox. 2000 horas<\/li>\n<li>Visualizador: Altura de d\u00edgitos en LCD 7,5 mm<\/li>\n<li>PRESET 3x: Si<\/li>\n<li>Valoraci\u00f3n GO\/+-NG: Si<\/li>\n<li>Salida de datos DIGIMATIC: Si<\/li>\n<li>ON\/OFF: Si<\/li>\n<li>DATA (output with cable) \/ HOLD (display value): Si<\/li>\n<li>Retenci\u00f3n de valor M\u00edn.: Si<\/li>\n<li>Digital\/An\u00e1logo: Digital<\/li>\n<li>Pulgadas-m\u00e9trico: pulg\/mm<\/li>\n<\/ul>\n","protected":false},"featured_media":18157,"template":"","meta":{"_acf_changed":false},"pwb-brand":[39],"product_brand":[],"product_cat":[366,416,331,414,38],"product_tag":[],"class_list":{"0":"post-14726","1":"product","2":"type-product","3":"status-publish","4":"has-post-thumbnail","6":"pwb-brand-mitutoyo","7":"product_cat-todos-los-productos","8":"product_cat-alexometros","9":"product_cat-instrumentos-de-medicion-y-gestion-de-datos","10":"product_cat-instrumentos-de-medicion-de-interiores","11":"product_cat-mitutoyo","13":"first","14":"instock","15":"taxable","16":"shipping-taxable","17":"product-type-simple"},"acf":[],"yoast_head":"<!-- This site is optimized with the Yoast SEO plugin v27.3 - https:\/\/yoast.com\/product\/yoast-seo-wordpress\/ -->\n<title>Medidor de agujeros Digimatic Inch\/Metric, 4-6,5&quot;, 0,00005&quot; - Techmaster de Mexico<\/title>\n<meta name=\"robots\" content=\"index, follow, max-snippet:-1, max-image-preview:large, max-video-preview:-1\" \/>\n<link rel=\"canonical\" href=\"https:\/\/techmasterdemexico.com\/en\/producto\/medidor-de-agujeros-digimatic-inch-metric-4-65-000005\/\" \/>\n<meta property=\"og:locale\" content=\"en_US\" \/>\n<meta property=\"og:type\" content=\"article\" \/>\n<meta property=\"og:title\" content=\"Medidor de agujeros Digimatic Inch\/Metric, 4-6,5&quot;, 0,00005&quot; - Techmaster de Mexico\" \/>\n<meta property=\"og:description\" content=\"Caracter\u00edsticas   N\u00famero de espigas: 13  Peso: 570 g  Repetibilidad: \u00b11 digito  Presi\u00f3n de medida (N): \u22645 N  Frecuencia de medici\u00f3n: 50 veces\/seg*  Resoluci\u00f3n:0,001 mm  Fuente de alimentaci\u00f3n: 2 baterias SR-44  Recorrido de punta de contacto : 1,2 mm  Duraci\u00f3n bateria: aprox. 2000 horas  Visualizador: Altura de d\u00edgitos en LCD 7,5 mm  PRESET 3x: Si  Valoraci\u00f3n GO\/+-NG: Si  Salida de datos DIGIMATIC: Si  ON\/OFF: Si  DATA (output with cable) \/ HOLD (display value): Si  Retenci\u00f3n de valor M\u00edn.: Si  Digital\/An\u00e1logo: Digital  Pulgadas-m\u00e9trico: pulg\/mm\" \/>\n<meta property=\"og:url\" content=\"https:\/\/techmasterdemexico.com\/en\/producto\/medidor-de-agujeros-digimatic-inch-metric-4-65-000005\/\" \/>\n<meta property=\"og:site_name\" content=\"Techmaster de Mexico\" \/>\n<meta property=\"article:modified_time\" content=\"2022-02-16T01:51:17+00:00\" \/>\n<meta property=\"og:image\" content=\"https:\/\/techmasterdemexico.com\/wp-content\/uploads\/2021\/12\/Untitled-1-3.png\" \/>\n\t<meta property=\"og:image:width\" content=\"800\" \/>\n\t<meta property=\"og:image:height\" content=\"800\" \/>\n\t<meta property=\"og:image:type\" content=\"image\/png\" \/>\n<meta name=\"twitter:card\" content=\"summary_large_image\" \/>\n<meta name=\"twitter:label1\" content=\"Est. reading time\" \/>\n\t<meta name=\"twitter:data1\" content=\"1 minute\" \/>\n<script type=\"application\/ld+json\" class=\"yoast-schema-graph\">{\"@context\":\"https:\\\/\\\/schema.org\",\"@graph\":[{\"@type\":\"WebPage\",\"@id\":\"https:\\\/\\\/techmasterdemexico.com\\\/en\\\/producto\\\/medidor-de-agujeros-digimatic-inch-metric-4-65-000005\\\/\",\"url\":\"https:\\\/\\\/techmasterdemexico.com\\\/en\\\/producto\\\/medidor-de-agujeros-digimatic-inch-metric-4-65-000005\\\/\",\"name\":\"Medidor de agujeros Digimatic Inch\\\/Metric, 4-6,5\\\", 0,00005\\\" - Techmaster de Mexico\",\"isPartOf\":{\"@id\":\"https:\\\/\\\/techmasterdemexico.com\\\/#website\"},\"primaryImageOfPage\":{\"@id\":\"https:\\\/\\\/techmasterdemexico.com\\\/en\\\/producto\\\/medidor-de-agujeros-digimatic-inch-metric-4-65-000005\\\/#primaryimage\"},\"image\":{\"@id\":\"https:\\\/\\\/techmasterdemexico.com\\\/en\\\/producto\\\/medidor-de-agujeros-digimatic-inch-metric-4-65-000005\\\/#primaryimage\"},\"thumbnailUrl\":\"https:\\\/\\\/techmasterdemexico.com\\\/wp-content\\\/uploads\\\/2021\\\/12\\\/Untitled-1-3.png\",\"datePublished\":\"2021-12-22T00:45:34+00:00\",\"dateModified\":\"2022-02-16T01:51:17+00:00\",\"breadcrumb\":{\"@id\":\"https:\\\/\\\/techmasterdemexico.com\\\/en\\\/producto\\\/medidor-de-agujeros-digimatic-inch-metric-4-65-000005\\\/#breadcrumb\"},\"inLanguage\":\"en-US\",\"potentialAction\":[{\"@type\":\"ReadAction\",\"target\":[\"https:\\\/\\\/techmasterdemexico.com\\\/en\\\/producto\\\/medidor-de-agujeros-digimatic-inch-metric-4-65-000005\\\/\"]}]},{\"@type\":\"ImageObject\",\"inLanguage\":\"en-US\",\"@id\":\"https:\\\/\\\/techmasterdemexico.com\\\/en\\\/producto\\\/medidor-de-agujeros-digimatic-inch-metric-4-65-000005\\\/#primaryimage\",\"url\":\"https:\\\/\\\/techmasterdemexico.com\\\/wp-content\\\/uploads\\\/2021\\\/12\\\/Untitled-1-3.png\",\"contentUrl\":\"https:\\\/\\\/techmasterdemexico.com\\\/wp-content\\\/uploads\\\/2021\\\/12\\\/Untitled-1-3.png\",\"width\":800,\"height\":800},{\"@type\":\"BreadcrumbList\",\"@id\":\"https:\\\/\\\/techmasterdemexico.com\\\/en\\\/producto\\\/medidor-de-agujeros-digimatic-inch-metric-4-65-000005\\\/#breadcrumb\",\"itemListElement\":[{\"@type\":\"ListItem\",\"position\":1,\"name\":\"Portada\",\"item\":\"https:\\\/\\\/techmasterdemexico.com\\\/\"},{\"@type\":\"ListItem\",\"position\":2,\"name\":\"Medidor de agujeros Digimatic Inch\\\/Metric, 4-6,5&#8243;, 0,00005&#8243;\"}]},{\"@type\":\"WebSite\",\"@id\":\"https:\\\/\\\/techmasterdemexico.com\\\/#website\",\"url\":\"https:\\\/\\\/techmasterdemexico.com\\\/\",\"name\":\"Techmaster de Mexico\",\"description\":\"\",\"potentialAction\":[{\"@type\":\"SearchAction\",\"target\":{\"@type\":\"EntryPoint\",\"urlTemplate\":\"https:\\\/\\\/techmasterdemexico.com\\\/?s={search_term_string}\"},\"query-input\":{\"@type\":\"PropertyValueSpecification\",\"valueRequired\":true,\"valueName\":\"search_term_string\"}}],\"inLanguage\":\"en-US\"}]}<\/script>\n<!-- \/ Yoast SEO plugin. -->","yoast_head_json":{"title":"Medidor de agujeros Digimatic Inch\/Metric, 4-6,5\", 0,00005\" - Techmaster de Mexico","robots":{"index":"index","follow":"follow","max-snippet":"max-snippet:-1","max-image-preview":"max-image-preview:large","max-video-preview":"max-video-preview:-1"},"canonical":"https:\/\/techmasterdemexico.com\/en\/producto\/medidor-de-agujeros-digimatic-inch-metric-4-65-000005\/","og_locale":"en_US","og_type":"article","og_title":"Medidor de agujeros Digimatic Inch\/Metric, 4-6,5\", 0,00005\" - Techmaster de Mexico","og_description":"Caracter\u00edsticas   N\u00famero de espigas: 13  Peso: 570 g  Repetibilidad: \u00b11 digito  Presi\u00f3n de medida (N): \u22645 N  Frecuencia de medici\u00f3n: 50 veces\/seg*  Resoluci\u00f3n:0,001 mm  Fuente de alimentaci\u00f3n: 2 baterias SR-44  Recorrido de punta de contacto : 1,2 mm  Duraci\u00f3n bateria: aprox. 2000 horas  Visualizador: Altura de d\u00edgitos en LCD 7,5 mm  PRESET 3x: Si  Valoraci\u00f3n GO\/+-NG: Si  Salida de datos DIGIMATIC: Si  ON\/OFF: Si  DATA (output with cable) \/ HOLD (display value): Si  Retenci\u00f3n de valor M\u00edn.: Si  Digital\/An\u00e1logo: Digital  Pulgadas-m\u00e9trico: pulg\/mm","og_url":"https:\/\/techmasterdemexico.com\/en\/producto\/medidor-de-agujeros-digimatic-inch-metric-4-65-000005\/","og_site_name":"Techmaster de Mexico","article_modified_time":"2022-02-16T01:51:17+00:00","og_image":[{"width":800,"height":800,"url":"https:\/\/techmasterdemexico.com\/wp-content\/uploads\/2021\/12\/Untitled-1-3.png","type":"image\/png"}],"twitter_card":"summary_large_image","twitter_misc":{"Est. reading time":"1 minute"},"schema":{"@context":"https:\/\/schema.org","@graph":[{"@type":"WebPage","@id":"https:\/\/techmasterdemexico.com\/en\/producto\/medidor-de-agujeros-digimatic-inch-metric-4-65-000005\/","url":"https:\/\/techmasterdemexico.com\/en\/producto\/medidor-de-agujeros-digimatic-inch-metric-4-65-000005\/","name":"Medidor de agujeros Digimatic Inch\/Metric, 4-6,5\", 0,00005\" - Techmaster de Mexico","isPartOf":{"@id":"https:\/\/techmasterdemexico.com\/#website"},"primaryImageOfPage":{"@id":"https:\/\/techmasterdemexico.com\/en\/producto\/medidor-de-agujeros-digimatic-inch-metric-4-65-000005\/#primaryimage"},"image":{"@id":"https:\/\/techmasterdemexico.com\/en\/producto\/medidor-de-agujeros-digimatic-inch-metric-4-65-000005\/#primaryimage"},"thumbnailUrl":"https:\/\/techmasterdemexico.com\/wp-content\/uploads\/2021\/12\/Untitled-1-3.png","datePublished":"2021-12-22T00:45:34+00:00","dateModified":"2022-02-16T01:51:17+00:00","breadcrumb":{"@id":"https:\/\/techmasterdemexico.com\/en\/producto\/medidor-de-agujeros-digimatic-inch-metric-4-65-000005\/#breadcrumb"},"inLanguage":"en-US","potentialAction":[{"@type":"ReadAction","target":["https:\/\/techmasterdemexico.com\/en\/producto\/medidor-de-agujeros-digimatic-inch-metric-4-65-000005\/"]}]},{"@type":"ImageObject","inLanguage":"en-US","@id":"https:\/\/techmasterdemexico.com\/en\/producto\/medidor-de-agujeros-digimatic-inch-metric-4-65-000005\/#primaryimage","url":"https:\/\/techmasterdemexico.com\/wp-content\/uploads\/2021\/12\/Untitled-1-3.png","contentUrl":"https:\/\/techmasterdemexico.com\/wp-content\/uploads\/2021\/12\/Untitled-1-3.png","width":800,"height":800},{"@type":"BreadcrumbList","@id":"https:\/\/techmasterdemexico.com\/en\/producto\/medidor-de-agujeros-digimatic-inch-metric-4-65-000005\/#breadcrumb","itemListElement":[{"@type":"ListItem","position":1,"name":"Portada","item":"https:\/\/techmasterdemexico.com\/"},{"@type":"ListItem","position":2,"name":"Medidor de agujeros Digimatic Inch\/Metric, 4-6,5&#8243;, 0,00005&#8243;"}]},{"@type":"WebSite","@id":"https:\/\/techmasterdemexico.com\/#website","url":"https:\/\/techmasterdemexico.com\/","name":"Techmaster de Mexico","description":"","potentialAction":[{"@type":"SearchAction","target":{"@type":"EntryPoint","urlTemplate":"https:\/\/techmasterdemexico.com\/?s={search_term_string}"},"query-input":{"@type":"PropertyValueSpecification","valueRequired":true,"valueName":"search_term_string"}}],"inLanguage":"en-US"}]}},"brands":[{"id":39,"name":"Mitutoyo","slug":"mitutoyo"}],"_links":{"self":[{"href":"https:\/\/techmasterdemexico.com\/en\/wp-json\/wp\/v2\/product\/14726","targetHints":{"allow":["GET"]}}],"collection":[{"href":"https:\/\/techmasterdemexico.com\/en\/wp-json\/wp\/v2\/product"}],"about":[{"href":"https:\/\/techmasterdemexico.com\/en\/wp-json\/wp\/v2\/types\/product"}],"wp:featuredmedia":[{"embeddable":true,"href":"https:\/\/techmasterdemexico.com\/en\/wp-json\/wp\/v2\/media\/18157"}],"wp:attachment":[{"href":"https:\/\/techmasterdemexico.com\/en\/wp-json\/wp\/v2\/media?parent=14726"}],"wp:term":[{"taxonomy":"pwb-brand","embeddable":true,"href":"https:\/\/techmasterdemexico.com\/en\/wp-json\/wp\/v2\/pwb-brand?post=14726"},{"taxonomy":"product_brand","embeddable":true,"href":"https:\/\/techmasterdemexico.com\/en\/wp-json\/wp\/v2\/product_brand?post=14726"},{"taxonomy":"product_cat","embeddable":true,"href":"https:\/\/techmasterdemexico.com\/en\/wp-json\/wp\/v2\/product_cat?post=14726"},{"taxonomy":"product_tag","embeddable":true,"href":"https:\/\/techmasterdemexico.com\/en\/wp-json\/wp\/v2\/product_tag?post=14726"}],"curies":[{"name":"wp","href":"https:\/\/api.w.org\/{rel}","templated":true}]}}