{"id":14639,"date":"2021-12-22T00:43:33","date_gmt":"2021-12-22T00:43:33","guid":{"rendered":"https:\/\/techmastermx.ddns.net\/producto\/anillos-de-ajuste-en-acero-26\/"},"modified":"2022-02-22T18:50:52","modified_gmt":"2022-02-22T18:50:52","slug":"anillos-de-ajuste-en-acero-26","status":"publish","type":"product","link":"https:\/\/techmasterdemexico.com\/en\/producto\/anillos-de-ajuste-en-acero-26\/","title":{"rendered":"Anillos de ajuste en acero"},"content":{"rendered":"<p>Anillos de ajuste en acero<br \/>\nSteel<br \/>\nN\u00famero de art\u00edculo: 177-207<\/p>\n<p>&nbsp;<\/p>\n<p>Inch<\/p>\n","protected":false},"excerpt":{"rendered":"<table class=\"product_properties\">\n<tbody>\n<tr class=\"table-row-odd\">\n<td class=\"parameter\">\n<div class=\"product_properties_propertyName\"><span class=\"name\">Medida nominal \u00f8d:<\/span><\/div>\n<\/td>\n<td class=\"value\">\n<div class=\"product_properties_propertyValue\">0.24<\/div>\n<\/td>\n<\/tr>\n<tr class=\"table-row-even\">\n<td class=\"parameter\">\n<div class=\"product_properties_propertyName\"><span class=\"name\">Tipo:<\/span><\/div>\n<\/td>\n<td class=\"value\">\n<div class=\"product_properties_propertyValue\">A<\/div>\n<\/td>\n<\/tr>\n<tr class=\"table-row-odd\">\n<td class=\"parameter\">\n<div class=\"product_properties_propertyName\"><span class=\"name\">Material:<\/span><\/div>\n<\/td>\n<td class=\"value\">\n<div class=\"product_properties_propertyValue\">Acero<\/div>\n<\/td>\n<\/tr>\n<tr class=\"table-row-even\">\n<td class=\"parameter\">\n<div class=\"product_properties_propertyName\"><span class=\"name\">Cilindricidad:<\/span><\/div>\n<\/td>\n<td class=\"value\">\n<div class=\"product_properties_propertyValue\">4.0E-5&#8243; for \u00f80.1-2.4&#8243;<br \/>\n6.0E-5&#8243; for \u00f82.5-3.6&#8243;<br \/>\n8.0E-5&#8243; for \u00f84-6&#8243;<br \/>\n1.0E-4&#8243; for \u00f87-9&#8243;<br \/>\n1.2E-4&#8243; for \u00f810-12&#8243;<\/div>\n<\/td>\n<\/tr>\n<tr class=\"table-row-odd\">\n<td class=\"parameter\">\n<div class=\"product_properties_propertyName\"><span class=\"name\">pulgadas-m\u00e9trico:<\/span><\/div>\n<\/td>\n<td class=\"value\">\n<div class=\"product_properties_propertyValue\">Pulgadas<\/div>\n<\/td>\n<\/tr>\n<\/tbody>\n<\/table>\n","protected":false},"featured_media":18372,"template":"","meta":{"_acf_changed":false},"pwb-brand":[39],"product_brand":[],"product_cat":[366,415,331,414,38],"product_tag":[],"class_list":{"0":"post-14639","1":"product","2":"type-product","3":"status-publish","4":"has-post-thumbnail","6":"pwb-brand-mitutoyo","7":"product_cat-todos-los-productos","8":"product_cat-accesorios-para-instrumentos-de-medicion-de-interiores","9":"product_cat-instrumentos-de-medicion-y-gestion-de-datos","10":"product_cat-instrumentos-de-medicion-de-interiores","11":"product_cat-mitutoyo","13":"first","14":"instock","15":"taxable","16":"shipping-taxable","17":"product-type-simple"},"acf":[],"yoast_head":"<!-- This site is optimized with the Yoast SEO plugin v27.2 - https:\/\/yoast.com\/product\/yoast-seo-wordpress\/ -->\n<title>Anillos de ajuste en acero - Techmaster de Mexico<\/title>\n<meta name=\"robots\" content=\"index, follow, max-snippet:-1, max-image-preview:large, max-video-preview:-1\" \/>\n<link rel=\"canonical\" href=\"https:\/\/techmasterdemexico.com\/en\/producto\/anillos-de-ajuste-en-acero-26\/\" \/>\n<meta property=\"og:locale\" content=\"en_US\" \/>\n<meta property=\"og:type\" content=\"article\" \/>\n<meta property=\"og:title\" content=\"Anillos de ajuste en acero - Techmaster de Mexico\" \/>\n<meta property=\"og:description\" content=\"Medida nominal \u00f8d:  0.24    Tipo:  A    Material:  Acero    Cilindricidad:  4.0E-5&quot; for \u00f80.1-2.4&quot; 6.0E-5&quot; for \u00f82.5-3.6&quot; 8.0E-5&quot; for \u00f84-6&quot; 1.0E-4&quot; for \u00f87-9&quot; 1.2E-4&quot; for \u00f810-12&quot;    pulgadas-m\u00e9trico:  Pulgadas\" \/>\n<meta property=\"og:url\" content=\"https:\/\/techmasterdemexico.com\/en\/producto\/anillos-de-ajuste-en-acero-26\/\" \/>\n<meta property=\"og:site_name\" content=\"Techmaster de Mexico\" \/>\n<meta property=\"article:modified_time\" content=\"2022-02-22T18:50:52+00:00\" \/>\n<meta property=\"og:image\" content=\"https:\/\/techmasterdemexico.com\/wp-content\/uploads\/2021\/12\/177-146_z1_eps.jpg\" \/>\n\t<meta property=\"og:image:width\" content=\"200\" \/>\n\t<meta property=\"og:image:height\" content=\"200\" \/>\n\t<meta property=\"og:image:type\" content=\"image\/jpeg\" \/>\n<meta name=\"twitter:card\" content=\"summary_large_image\" \/>\n<script type=\"application\/ld+json\" class=\"yoast-schema-graph\">{\"@context\":\"https:\/\/schema.org\",\"@graph\":[{\"@type\":\"WebPage\",\"@id\":\"https:\/\/techmasterdemexico.com\/en\/producto\/anillos-de-ajuste-en-acero-26\/\",\"url\":\"https:\/\/techmasterdemexico.com\/en\/producto\/anillos-de-ajuste-en-acero-26\/\",\"name\":\"Anillos de ajuste en acero - Techmaster de Mexico\",\"isPartOf\":{\"@id\":\"https:\/\/techmasterdemexico.com\/#website\"},\"primaryImageOfPage\":{\"@id\":\"https:\/\/techmasterdemexico.com\/en\/producto\/anillos-de-ajuste-en-acero-26\/#primaryimage\"},\"image\":{\"@id\":\"https:\/\/techmasterdemexico.com\/en\/producto\/anillos-de-ajuste-en-acero-26\/#primaryimage\"},\"thumbnailUrl\":\"https:\/\/techmasterdemexico.com\/wp-content\/uploads\/2021\/12\/177-146_z1_eps.jpg\",\"datePublished\":\"2021-12-22T00:43:33+00:00\",\"dateModified\":\"2022-02-22T18:50:52+00:00\",\"breadcrumb\":{\"@id\":\"https:\/\/techmasterdemexico.com\/en\/producto\/anillos-de-ajuste-en-acero-26\/#breadcrumb\"},\"inLanguage\":\"en-US\",\"potentialAction\":[{\"@type\":\"ReadAction\",\"target\":[\"https:\/\/techmasterdemexico.com\/en\/producto\/anillos-de-ajuste-en-acero-26\/\"]}]},{\"@type\":\"ImageObject\",\"inLanguage\":\"en-US\",\"@id\":\"https:\/\/techmasterdemexico.com\/en\/producto\/anillos-de-ajuste-en-acero-26\/#primaryimage\",\"url\":\"https:\/\/techmasterdemexico.com\/wp-content\/uploads\/2021\/12\/177-146_z1_eps.jpg\",\"contentUrl\":\"https:\/\/techmasterdemexico.com\/wp-content\/uploads\/2021\/12\/177-146_z1_eps.jpg\",\"width\":200,\"height\":200},{\"@type\":\"BreadcrumbList\",\"@id\":\"https:\/\/techmasterdemexico.com\/en\/producto\/anillos-de-ajuste-en-acero-26\/#breadcrumb\",\"itemListElement\":[{\"@type\":\"ListItem\",\"position\":1,\"name\":\"Portada\",\"item\":\"https:\/\/techmasterdemexico.com\/\"},{\"@type\":\"ListItem\",\"position\":2,\"name\":\"Anillos de ajuste en acero\"}]},{\"@type\":\"WebSite\",\"@id\":\"https:\/\/techmasterdemexico.com\/#website\",\"url\":\"https:\/\/techmasterdemexico.com\/\",\"name\":\"Techmaster de Mexico\",\"description\":\"\",\"potentialAction\":[{\"@type\":\"SearchAction\",\"target\":{\"@type\":\"EntryPoint\",\"urlTemplate\":\"https:\/\/techmasterdemexico.com\/?s={search_term_string}\"},\"query-input\":{\"@type\":\"PropertyValueSpecification\",\"valueRequired\":true,\"valueName\":\"search_term_string\"}}],\"inLanguage\":\"en-US\"}]}<\/script>\n<!-- \/ Yoast SEO plugin. -->","yoast_head_json":{"title":"Anillos de ajuste en acero - Techmaster de Mexico","robots":{"index":"index","follow":"follow","max-snippet":"max-snippet:-1","max-image-preview":"max-image-preview:large","max-video-preview":"max-video-preview:-1"},"canonical":"https:\/\/techmasterdemexico.com\/en\/producto\/anillos-de-ajuste-en-acero-26\/","og_locale":"en_US","og_type":"article","og_title":"Anillos de ajuste en acero - Techmaster de Mexico","og_description":"Medida nominal \u00f8d:  0.24    Tipo:  A    Material:  Acero    Cilindricidad:  4.0E-5\" for \u00f80.1-2.4\" 6.0E-5\" for \u00f82.5-3.6\" 8.0E-5\" for \u00f84-6\" 1.0E-4\" for \u00f87-9\" 1.2E-4\" for \u00f810-12\"    pulgadas-m\u00e9trico:  Pulgadas","og_url":"https:\/\/techmasterdemexico.com\/en\/producto\/anillos-de-ajuste-en-acero-26\/","og_site_name":"Techmaster de Mexico","article_modified_time":"2022-02-22T18:50:52+00:00","og_image":[{"width":200,"height":200,"url":"https:\/\/techmasterdemexico.com\/wp-content\/uploads\/2021\/12\/177-146_z1_eps.jpg","type":"image\/jpeg"}],"twitter_card":"summary_large_image","schema":{"@context":"https:\/\/schema.org","@graph":[{"@type":"WebPage","@id":"https:\/\/techmasterdemexico.com\/en\/producto\/anillos-de-ajuste-en-acero-26\/","url":"https:\/\/techmasterdemexico.com\/en\/producto\/anillos-de-ajuste-en-acero-26\/","name":"Anillos de ajuste en acero - Techmaster de Mexico","isPartOf":{"@id":"https:\/\/techmasterdemexico.com\/#website"},"primaryImageOfPage":{"@id":"https:\/\/techmasterdemexico.com\/en\/producto\/anillos-de-ajuste-en-acero-26\/#primaryimage"},"image":{"@id":"https:\/\/techmasterdemexico.com\/en\/producto\/anillos-de-ajuste-en-acero-26\/#primaryimage"},"thumbnailUrl":"https:\/\/techmasterdemexico.com\/wp-content\/uploads\/2021\/12\/177-146_z1_eps.jpg","datePublished":"2021-12-22T00:43:33+00:00","dateModified":"2022-02-22T18:50:52+00:00","breadcrumb":{"@id":"https:\/\/techmasterdemexico.com\/en\/producto\/anillos-de-ajuste-en-acero-26\/#breadcrumb"},"inLanguage":"en-US","potentialAction":[{"@type":"ReadAction","target":["https:\/\/techmasterdemexico.com\/en\/producto\/anillos-de-ajuste-en-acero-26\/"]}]},{"@type":"ImageObject","inLanguage":"en-US","@id":"https:\/\/techmasterdemexico.com\/en\/producto\/anillos-de-ajuste-en-acero-26\/#primaryimage","url":"https:\/\/techmasterdemexico.com\/wp-content\/uploads\/2021\/12\/177-146_z1_eps.jpg","contentUrl":"https:\/\/techmasterdemexico.com\/wp-content\/uploads\/2021\/12\/177-146_z1_eps.jpg","width":200,"height":200},{"@type":"BreadcrumbList","@id":"https:\/\/techmasterdemexico.com\/en\/producto\/anillos-de-ajuste-en-acero-26\/#breadcrumb","itemListElement":[{"@type":"ListItem","position":1,"name":"Portada","item":"https:\/\/techmasterdemexico.com\/"},{"@type":"ListItem","position":2,"name":"Anillos de ajuste en acero"}]},{"@type":"WebSite","@id":"https:\/\/techmasterdemexico.com\/#website","url":"https:\/\/techmasterdemexico.com\/","name":"Techmaster de Mexico","description":"","potentialAction":[{"@type":"SearchAction","target":{"@type":"EntryPoint","urlTemplate":"https:\/\/techmasterdemexico.com\/?s={search_term_string}"},"query-input":{"@type":"PropertyValueSpecification","valueRequired":true,"valueName":"search_term_string"}}],"inLanguage":"en-US"}]}},"brands":[{"id":39,"name":"Mitutoyo","slug":"mitutoyo"}],"_links":{"self":[{"href":"https:\/\/techmasterdemexico.com\/en\/wp-json\/wp\/v2\/product\/14639","targetHints":{"allow":["GET"]}}],"collection":[{"href":"https:\/\/techmasterdemexico.com\/en\/wp-json\/wp\/v2\/product"}],"about":[{"href":"https:\/\/techmasterdemexico.com\/en\/wp-json\/wp\/v2\/types\/product"}],"wp:featuredmedia":[{"embeddable":true,"href":"https:\/\/techmasterdemexico.com\/en\/wp-json\/wp\/v2\/media\/18372"}],"wp:attachment":[{"href":"https:\/\/techmasterdemexico.com\/en\/wp-json\/wp\/v2\/media?parent=14639"}],"wp:term":[{"taxonomy":"pwb-brand","embeddable":true,"href":"https:\/\/techmasterdemexico.com\/en\/wp-json\/wp\/v2\/pwb-brand?post=14639"},{"taxonomy":"product_brand","embeddable":true,"href":"https:\/\/techmasterdemexico.com\/en\/wp-json\/wp\/v2\/product_brand?post=14639"},{"taxonomy":"product_cat","embeddable":true,"href":"https:\/\/techmasterdemexico.com\/en\/wp-json\/wp\/v2\/product_cat?post=14639"},{"taxonomy":"product_tag","embeddable":true,"href":"https:\/\/techmasterdemexico.com\/en\/wp-json\/wp\/v2\/product_tag?post=14639"}],"curies":[{"name":"wp","href":"https:\/\/api.w.org\/{rel}","templated":true}]}}