{"id":14566,"date":"2021-12-22T00:42:03","date_gmt":"2021-12-22T00:42:03","guid":{"rendered":"https:\/\/techmastermx.ddns.net\/producto\/reloj-comparador-digimatic-id-c-tipo-iso-jis-127mm-0001mm-with-flat-back\/"},"modified":"2022-02-04T00:18:15","modified_gmt":"2022-02-04T00:18:15","slug":"reloj-comparador-digimatic-id-c-tipo-iso-jis-127mm-0001mm-with-flat-back","status":"publish","type":"product","link":"https:\/\/techmasterdemexico.com\/en\/producto\/reloj-comparador-digimatic-id-c-tipo-iso-jis-127mm-0001mm-with-flat-back\/","title":{"rendered":"Reloj comparador DIGIMATIC ID-C tipo ISO\/JIS 12,7mm, 0,001mm, with Flat Back"},"content":{"rendered":"<p>Reloj comparador DIGIMATIC ID-C tipo ISO\/JIS<br \/>\n12,7mm, 0,001mm, with Flat Back<br \/>\nN\u00famero de art\u00edculo: 543-350B<\/p>\n<p>Descripci\u00f3n<br \/>\nComparador Digimatic con alimentaci\u00f3n externa que cuenta con salida de colector abierto N-ch \u2013NG, OK, +NG<\/p>\n<p>Protegido contra el polvo y las salpicaduras de agua y refrigerantes (cumple con IEC 60529, equivale a IP54)<\/p>\n<ul>\n<li>Medidas de MAX\/MIN\/RANGO (calor run-out)<\/li>\n<li>Memorizaci\u00f3n de tres valores distintos de pre-selecci\u00f3n y de tolerancias<\/li>\n<li>Modo de frecuencia r\u00e1pida de medici\u00f3n (50 valores\/s) para medidas m\u00e1s fiables en la detec-ci\u00f3n de picos (MAX\/MIN\/RANGO)<\/li>\n<li>Funci\u00f3n calculadora Ax. El coeficiente A es definible libremente, x=desplazamiento del palpador<\/li>\n<li>Indicaci\u00f3n anal\u00f3gica en el display (12 escalas a escoger)<\/li>\n<li>Funci\u00f3n de valoraci\u00f3n de tolerancias GO\/\u00b1NG<\/li>\n<\/ul>\n","protected":false},"excerpt":{"rendered":"<p>Caracter\u00edsticas<\/p>\n<ul>\n<li>Ref. con tapa con orejeta: 543-350<\/li>\n<li>Rango de medida: 12.7 mm<\/li>\n<li>Resoluci\u00f3n: 0,001 mm<\/li>\n<li>Error m\u00e1x. permitido: 0,003 mm<\/li>\n<li>H MPE (Hysteresis): 0,002 mm<\/li>\n<li>R MPE (Repeatability): 0,002 mm<\/li>\n<li>Presi\u00f3n de medida (N): \u22642,5 N<\/li>\n<li>Protecci\u00f3n: IP54<\/li>\n<li>Peso: 285 g<\/li>\n<li>Visualizador: LCD, character height 8 mm<\/li>\n<li>Velocidad m\u00e1x.: Unlimited<\/li>\n<li>Frecuencia de medici\u00f3n: Standard mode: 100 times\/s (plunger speed max. 0.1mm\/s for peak measurement)<\/li>\n<li>Alarma: Counting value composition error, overflow error, tolerance limit setting error<\/li>\n<li>Diametro del vastago \u00d8: 8 mm<\/li>\n<li>Punta de contacto: Carbide ball, thread M 2.5 x 0.45 mm<\/li>\n<li>Fuente de alimentaci\u00f3n: 5 &#8211; 24 V DC \/ 100mA (max)<\/li>\n<li>Entregado: With signal cable 4 m. One end is fixed to the main unit. no connector is supplied for the other end.<\/li>\n<li>Salida de datos: Si<\/li>\n<li>ON\/OFF: Si<\/li>\n<li>Se\u00f1al de salida NPN colector abierto, (+NG, OK, -NG): Si<\/li>\n<li>Signal input No-voltage input, (PRESET_RECALL\/ZERO, HOLD_RESET): Si<\/li>\n<li>Lectura valor M\u00e1x\/Min: Si<\/li>\n<li>Selector ZERO\/ABS: Si<\/li>\n<li>PRESET 3x: Si<\/li>\n<li>Bloqueo de funci\u00f3n (bloqueo de teclado): Si<\/li>\n<li>Valoraci\u00f3n GO\/+-NG: Si<\/li>\n<li>Valoraci\u00f3n de tolerancias v\u00eda LED: Si<\/li>\n<li>C\u00e1lculo (f\u00f3rmula): Si<\/li>\n<li>Cambio del sentido de contaje: Si<\/li>\n<li>Digital\/An\u00e1logo: Digital<\/li>\n<li>Pulgadas-m\u00e9trico: M\u00e9trico<\/li>\n<li>Hysteresis: 0,002 mm<\/li>\n<li>Tipo: EN ISO Standard<\/li>\n<\/ul>\n","protected":false},"featured_media":17568,"template":"","meta":{"_acf_changed":false},"pwb-brand":[39],"product_brand":[],"product_cat":[366,69,331,38,413],"product_tag":[],"class_list":{"0":"post-14566","1":"product","2":"type-product","3":"status-publish","4":"has-post-thumbnail","6":"pwb-brand-mitutoyo","7":"product_cat-todos-los-productos","8":"product_cat-indicadores","9":"product_cat-instrumentos-de-medicion-y-gestion-de-datos","10":"product_cat-mitutoyo","11":"product_cat-relojes-comparadores-absolute-digimatic","13":"first","14":"instock","15":"taxable","16":"shipping-taxable","17":"product-type-simple"},"acf":[],"yoast_head":"<!-- This site is optimized with the Yoast SEO plugin v27.3 - https:\/\/yoast.com\/product\/yoast-seo-wordpress\/ -->\n<title>Reloj comparador DIGIMATIC ID-C tipo ISO\/JIS 12,7mm, 0,001mm, with Flat Back - Techmaster de Mexico<\/title>\n<meta name=\"robots\" content=\"index, follow, max-snippet:-1, max-image-preview:large, max-video-preview:-1\" \/>\n<link rel=\"canonical\" href=\"https:\/\/techmasterdemexico.com\/producto\/reloj-comparador-digimatic-id-c-tipo-iso-jis-127mm-0001mm-with-flat-back\/\" \/>\n<meta property=\"og:locale\" content=\"en_US\" \/>\n<meta property=\"og:type\" content=\"article\" \/>\n<meta property=\"og:title\" content=\"Reloj comparador DIGIMATIC ID-C tipo ISO\/JIS 12,7mm, 0,001mm, with Flat Back - Techmaster de Mexico\" \/>\n<meta property=\"og:description\" content=\"Caracter\u00edsticas   Ref. con tapa con orejeta: 543-350  Rango de medida: 12.7 mm  Resoluci\u00f3n: 0,001 mm  Error m\u00e1x. permitido: 0,003 mm  H MPE (Hysteresis): 0,002 mm  R MPE (Repeatability): 0,002 mm  Presi\u00f3n de medida (N): \u22642,5 N  Protecci\u00f3n: IP54  Peso: 285 g  Visualizador: LCD, character height 8 mm  Velocidad m\u00e1x.: Unlimited  Frecuencia de medici\u00f3n: Standard mode: 100 times\/s (plunger speed max. 0.1mm\/s for peak measurement)  Alarma: Counting value composition error, overflow error, tolerance limit setting error  Diametro del vastago \u00d8: 8 mm  Punta de contacto: Carbide ball, thread M 2.5 x 0.45 mm  Fuente de alimentaci\u00f3n: 5 - 24 V DC \/ 100mA (max)  Entregado: With signal cable 4 m. One end is fixed to the main unit. no connector is supplied for the other end.  Salida de datos: Si  ON\/OFF: Si  Se\u00f1al de salida NPN colector abierto, (+NG, OK, -NG): Si  Signal input No-voltage input, (PRESET_RECALL\/ZERO, HOLD_RESET): Si  Lectura valor M\u00e1x\/Min: Si  Selector ZERO\/ABS: Si  PRESET 3x: Si  Bloqueo de funci\u00f3n (bloqueo de teclado): Si  Valoraci\u00f3n GO\/+-NG: Si  Valoraci\u00f3n de tolerancias v\u00eda LED: Si  C\u00e1lculo (f\u00f3rmula): Si  Cambio del sentido de contaje: Si  Digital\/An\u00e1logo: Digital  Pulgadas-m\u00e9trico: M\u00e9trico  Hysteresis: 0,002 mm  Tipo: EN ISO Standard\" \/>\n<meta property=\"og:url\" content=\"https:\/\/techmasterdemexico.com\/producto\/reloj-comparador-digimatic-id-c-tipo-iso-jis-127mm-0001mm-with-flat-back\/\" \/>\n<meta property=\"og:site_name\" content=\"Techmaster de Mexico\" \/>\n<meta property=\"article:modified_time\" content=\"2022-02-04T00:18:15+00:00\" \/>\n<meta property=\"og:image\" content=\"https:\/\/techmasterdemexico.com\/wp-content\/uploads\/2021\/12\/543-350b_z_jpg.png\" \/>\n\t<meta property=\"og:image:width\" content=\"800\" \/>\n\t<meta property=\"og:image:height\" content=\"800\" \/>\n\t<meta property=\"og:image:type\" content=\"image\/png\" \/>\n<meta name=\"twitter:card\" content=\"summary_large_image\" \/>\n<meta name=\"twitter:label1\" content=\"Est. reading time\" \/>\n\t<meta name=\"twitter:data1\" content=\"1 minute\" \/>\n<script type=\"application\/ld+json\" class=\"yoast-schema-graph\">{\"@context\":\"https:\\\/\\\/schema.org\",\"@graph\":[{\"@type\":\"WebPage\",\"@id\":\"https:\\\/\\\/techmasterdemexico.com\\\/producto\\\/reloj-comparador-digimatic-id-c-tipo-iso-jis-127mm-0001mm-with-flat-back\\\/\",\"url\":\"https:\\\/\\\/techmasterdemexico.com\\\/producto\\\/reloj-comparador-digimatic-id-c-tipo-iso-jis-127mm-0001mm-with-flat-back\\\/\",\"name\":\"Reloj comparador DIGIMATIC ID-C tipo ISO\\\/JIS 12,7mm, 0,001mm, with Flat Back - Techmaster de Mexico\",\"isPartOf\":{\"@id\":\"https:\\\/\\\/techmasterdemexico.com\\\/#website\"},\"primaryImageOfPage\":{\"@id\":\"https:\\\/\\\/techmasterdemexico.com\\\/producto\\\/reloj-comparador-digimatic-id-c-tipo-iso-jis-127mm-0001mm-with-flat-back\\\/#primaryimage\"},\"image\":{\"@id\":\"https:\\\/\\\/techmasterdemexico.com\\\/producto\\\/reloj-comparador-digimatic-id-c-tipo-iso-jis-127mm-0001mm-with-flat-back\\\/#primaryimage\"},\"thumbnailUrl\":\"https:\\\/\\\/techmasterdemexico.com\\\/wp-content\\\/uploads\\\/2021\\\/12\\\/543-350b_z_jpg.png\",\"datePublished\":\"2021-12-22T00:42:03+00:00\",\"dateModified\":\"2022-02-04T00:18:15+00:00\",\"breadcrumb\":{\"@id\":\"https:\\\/\\\/techmasterdemexico.com\\\/producto\\\/reloj-comparador-digimatic-id-c-tipo-iso-jis-127mm-0001mm-with-flat-back\\\/#breadcrumb\"},\"inLanguage\":\"en-US\",\"potentialAction\":[{\"@type\":\"ReadAction\",\"target\":[\"https:\\\/\\\/techmasterdemexico.com\\\/producto\\\/reloj-comparador-digimatic-id-c-tipo-iso-jis-127mm-0001mm-with-flat-back\\\/\"]}]},{\"@type\":\"ImageObject\",\"inLanguage\":\"en-US\",\"@id\":\"https:\\\/\\\/techmasterdemexico.com\\\/producto\\\/reloj-comparador-digimatic-id-c-tipo-iso-jis-127mm-0001mm-with-flat-back\\\/#primaryimage\",\"url\":\"https:\\\/\\\/techmasterdemexico.com\\\/wp-content\\\/uploads\\\/2021\\\/12\\\/543-350b_z_jpg.png\",\"contentUrl\":\"https:\\\/\\\/techmasterdemexico.com\\\/wp-content\\\/uploads\\\/2021\\\/12\\\/543-350b_z_jpg.png\",\"width\":800,\"height\":800},{\"@type\":\"BreadcrumbList\",\"@id\":\"https:\\\/\\\/techmasterdemexico.com\\\/producto\\\/reloj-comparador-digimatic-id-c-tipo-iso-jis-127mm-0001mm-with-flat-back\\\/#breadcrumb\",\"itemListElement\":[{\"@type\":\"ListItem\",\"position\":1,\"name\":\"Portada\",\"item\":\"https:\\\/\\\/techmasterdemexico.com\\\/\"},{\"@type\":\"ListItem\",\"position\":2,\"name\":\"Reloj comparador DIGIMATIC ID-C tipo ISO\\\/JIS 12,7mm, 0,001mm, with Flat Back\"}]},{\"@type\":\"WebSite\",\"@id\":\"https:\\\/\\\/techmasterdemexico.com\\\/#website\",\"url\":\"https:\\\/\\\/techmasterdemexico.com\\\/\",\"name\":\"Techmaster de Mexico\",\"description\":\"\",\"potentialAction\":[{\"@type\":\"SearchAction\",\"target\":{\"@type\":\"EntryPoint\",\"urlTemplate\":\"https:\\\/\\\/techmasterdemexico.com\\\/?s={search_term_string}\"},\"query-input\":{\"@type\":\"PropertyValueSpecification\",\"valueRequired\":true,\"valueName\":\"search_term_string\"}}],\"inLanguage\":\"en-US\"}]}<\/script>\n<!-- \/ Yoast SEO plugin. -->","yoast_head_json":{"title":"Reloj comparador DIGIMATIC ID-C tipo ISO\/JIS 12,7mm, 0,001mm, with Flat Back - Techmaster de Mexico","robots":{"index":"index","follow":"follow","max-snippet":"max-snippet:-1","max-image-preview":"max-image-preview:large","max-video-preview":"max-video-preview:-1"},"canonical":"https:\/\/techmasterdemexico.com\/producto\/reloj-comparador-digimatic-id-c-tipo-iso-jis-127mm-0001mm-with-flat-back\/","og_locale":"en_US","og_type":"article","og_title":"Reloj comparador DIGIMATIC ID-C tipo ISO\/JIS 12,7mm, 0,001mm, with Flat Back - Techmaster de Mexico","og_description":"Caracter\u00edsticas   Ref. con tapa con orejeta: 543-350  Rango de medida: 12.7 mm  Resoluci\u00f3n: 0,001 mm  Error m\u00e1x. permitido: 0,003 mm  H MPE (Hysteresis): 0,002 mm  R MPE (Repeatability): 0,002 mm  Presi\u00f3n de medida (N): \u22642,5 N  Protecci\u00f3n: IP54  Peso: 285 g  Visualizador: LCD, character height 8 mm  Velocidad m\u00e1x.: Unlimited  Frecuencia de medici\u00f3n: Standard mode: 100 times\/s (plunger speed max. 0.1mm\/s for peak measurement)  Alarma: Counting value composition error, overflow error, tolerance limit setting error  Diametro del vastago \u00d8: 8 mm  Punta de contacto: Carbide ball, thread M 2.5 x 0.45 mm  Fuente de alimentaci\u00f3n: 5 - 24 V DC \/ 100mA (max)  Entregado: With signal cable 4 m. One end is fixed to the main unit. no connector is supplied for the other end.  Salida de datos: Si  ON\/OFF: Si  Se\u00f1al de salida NPN colector abierto, (+NG, OK, -NG): Si  Signal input No-voltage input, (PRESET_RECALL\/ZERO, HOLD_RESET): Si  Lectura valor M\u00e1x\/Min: Si  Selector ZERO\/ABS: Si  PRESET 3x: Si  Bloqueo de funci\u00f3n (bloqueo de teclado): Si  Valoraci\u00f3n GO\/+-NG: Si  Valoraci\u00f3n de tolerancias v\u00eda LED: Si  C\u00e1lculo (f\u00f3rmula): Si  Cambio del sentido de contaje: Si  Digital\/An\u00e1logo: Digital  Pulgadas-m\u00e9trico: M\u00e9trico  Hysteresis: 0,002 mm  Tipo: EN ISO Standard","og_url":"https:\/\/techmasterdemexico.com\/producto\/reloj-comparador-digimatic-id-c-tipo-iso-jis-127mm-0001mm-with-flat-back\/","og_site_name":"Techmaster de Mexico","article_modified_time":"2022-02-04T00:18:15+00:00","og_image":[{"width":800,"height":800,"url":"https:\/\/techmasterdemexico.com\/wp-content\/uploads\/2021\/12\/543-350b_z_jpg.png","type":"image\/png"}],"twitter_card":"summary_large_image","twitter_misc":{"Est. reading time":"1 minute"},"schema":{"@context":"https:\/\/schema.org","@graph":[{"@type":"WebPage","@id":"https:\/\/techmasterdemexico.com\/producto\/reloj-comparador-digimatic-id-c-tipo-iso-jis-127mm-0001mm-with-flat-back\/","url":"https:\/\/techmasterdemexico.com\/producto\/reloj-comparador-digimatic-id-c-tipo-iso-jis-127mm-0001mm-with-flat-back\/","name":"Reloj comparador DIGIMATIC ID-C tipo ISO\/JIS 12,7mm, 0,001mm, with Flat Back - Techmaster de Mexico","isPartOf":{"@id":"https:\/\/techmasterdemexico.com\/#website"},"primaryImageOfPage":{"@id":"https:\/\/techmasterdemexico.com\/producto\/reloj-comparador-digimatic-id-c-tipo-iso-jis-127mm-0001mm-with-flat-back\/#primaryimage"},"image":{"@id":"https:\/\/techmasterdemexico.com\/producto\/reloj-comparador-digimatic-id-c-tipo-iso-jis-127mm-0001mm-with-flat-back\/#primaryimage"},"thumbnailUrl":"https:\/\/techmasterdemexico.com\/wp-content\/uploads\/2021\/12\/543-350b_z_jpg.png","datePublished":"2021-12-22T00:42:03+00:00","dateModified":"2022-02-04T00:18:15+00:00","breadcrumb":{"@id":"https:\/\/techmasterdemexico.com\/producto\/reloj-comparador-digimatic-id-c-tipo-iso-jis-127mm-0001mm-with-flat-back\/#breadcrumb"},"inLanguage":"en-US","potentialAction":[{"@type":"ReadAction","target":["https:\/\/techmasterdemexico.com\/producto\/reloj-comparador-digimatic-id-c-tipo-iso-jis-127mm-0001mm-with-flat-back\/"]}]},{"@type":"ImageObject","inLanguage":"en-US","@id":"https:\/\/techmasterdemexico.com\/producto\/reloj-comparador-digimatic-id-c-tipo-iso-jis-127mm-0001mm-with-flat-back\/#primaryimage","url":"https:\/\/techmasterdemexico.com\/wp-content\/uploads\/2021\/12\/543-350b_z_jpg.png","contentUrl":"https:\/\/techmasterdemexico.com\/wp-content\/uploads\/2021\/12\/543-350b_z_jpg.png","width":800,"height":800},{"@type":"BreadcrumbList","@id":"https:\/\/techmasterdemexico.com\/producto\/reloj-comparador-digimatic-id-c-tipo-iso-jis-127mm-0001mm-with-flat-back\/#breadcrumb","itemListElement":[{"@type":"ListItem","position":1,"name":"Portada","item":"https:\/\/techmasterdemexico.com\/"},{"@type":"ListItem","position":2,"name":"Reloj comparador DIGIMATIC ID-C tipo ISO\/JIS 12,7mm, 0,001mm, with Flat Back"}]},{"@type":"WebSite","@id":"https:\/\/techmasterdemexico.com\/#website","url":"https:\/\/techmasterdemexico.com\/","name":"Techmaster de Mexico","description":"","potentialAction":[{"@type":"SearchAction","target":{"@type":"EntryPoint","urlTemplate":"https:\/\/techmasterdemexico.com\/?s={search_term_string}"},"query-input":{"@type":"PropertyValueSpecification","valueRequired":true,"valueName":"search_term_string"}}],"inLanguage":"en-US"}]}},"brands":[{"id":39,"name":"Mitutoyo","slug":"mitutoyo"}],"_links":{"self":[{"href":"https:\/\/techmasterdemexico.com\/en\/wp-json\/wp\/v2\/product\/14566","targetHints":{"allow":["GET"]}}],"collection":[{"href":"https:\/\/techmasterdemexico.com\/en\/wp-json\/wp\/v2\/product"}],"about":[{"href":"https:\/\/techmasterdemexico.com\/en\/wp-json\/wp\/v2\/types\/product"}],"wp:featuredmedia":[{"embeddable":true,"href":"https:\/\/techmasterdemexico.com\/en\/wp-json\/wp\/v2\/media\/17568"}],"wp:attachment":[{"href":"https:\/\/techmasterdemexico.com\/en\/wp-json\/wp\/v2\/media?parent=14566"}],"wp:term":[{"taxonomy":"pwb-brand","embeddable":true,"href":"https:\/\/techmasterdemexico.com\/en\/wp-json\/wp\/v2\/pwb-brand?post=14566"},{"taxonomy":"product_brand","embeddable":true,"href":"https:\/\/techmasterdemexico.com\/en\/wp-json\/wp\/v2\/product_brand?post=14566"},{"taxonomy":"product_cat","embeddable":true,"href":"https:\/\/techmasterdemexico.com\/en\/wp-json\/wp\/v2\/product_cat?post=14566"},{"taxonomy":"product_tag","embeddable":true,"href":"https:\/\/techmasterdemexico.com\/en\/wp-json\/wp\/v2\/product_tag?post=14566"}],"curies":[{"name":"wp","href":"https:\/\/api.w.org\/{rel}","templated":true}]}}