{"id":14530,"date":"2021-12-22T00:41:21","date_gmt":"2021-12-22T00:41:21","guid":{"rendered":"https:\/\/techmastermx.ddns.net\/producto\/digital-indicator-id-c-127mm-0001mm-lug-back\/"},"modified":"2022-02-04T02:12:44","modified_gmt":"2022-02-04T02:12:44","slug":"digital-indicator-id-c-127mm-0001mm-lug-back","status":"publish","type":"product","link":"https:\/\/techmasterdemexico.com\/en\/producto\/digital-indicator-id-c-127mm-0001mm-lug-back\/","title":{"rendered":"Digital Indicator ID-C 12,7mm, 0,001mm, Lug Back"},"content":{"rendered":"<p>Digital Indicator ID-C<br \/>\n12,7mm, 0,001mm, Lug Back<br \/>\nN\u00famero de art\u00edculo: 543-390<\/p>\n<p>Descripci\u00f3n<\/p>\n<ul>\n<li>Se puede hacer un calculo simple por factor definido por usuario usando la formula<\/li>\n<li>Ax (&#8216;x&#8217; es el desplazamiento del husillo)<\/li>\n<li>La precisi\u00f3n de medici\u00f3n se mantiene incluso en las mas altas velocidades de del embolo<\/li>\n<li>Grandes letras de de visualizaci\u00f3n para una f\u00e1cil lectura<\/li>\n<li>Encoder ABSOLUTE<\/li>\n<li>Altura d\u00edgitos: 11mm<\/li>\n<li>Pantalla giratoria 330\u00b0<\/li>\n<\/ul>\n","protected":false},"excerpt":{"rendered":"<p>Caracter\u00edsticas<\/p>\n<ul>\n<li>Rango de medida: 12.7 mm<\/li>\n<li>Resoluci\u00f3n: 0,001 mm<\/li>\n<li>Error m\u00e1x. permitido: 0,003 mm<\/li>\n<li>H MPE (Hysteresis): 0,002 mm<\/li>\n<li>R MPE (Repeatability): 0,002 mm<\/li>\n<li>Presi\u00f3n de medida (N): \u2264 1,5 N<\/li>\n<li>Protecci\u00f3n: IP42<\/li>\n<li>Peso: 170 g<\/li>\n<li>Visualizador: LCD, character height 11 mm rotatable 330\u00b0<\/li>\n<li>Velocidad m\u00e1x.: Unlimited<\/li>\n<li>Alarma: Low voltage, counting value composition error, overflow error, tolerance limit setting error<\/li>\n<li>Diametro del vastago \u00d8: 8 mm<\/li>\n<li>Punta de contacto: Carbide ball, thread M 2.5 x 0.45 mm<\/li>\n<li>Duraci\u00f3n bateria: approx. 7000 hours<\/li>\n<li>Fuente de alimentaci\u00f3n: 1 battery SR-44<\/li>\n<li>Entregado: Including 1 battery<\/li>\n<li>Salida de datos: Si<\/li>\n<li>ON\/OFF: Si<\/li>\n<li>Selector ZERO\/ABS: Si<\/li>\n<li>Funci\u00f3n DATA\/HOLD (transmisi\u00f3n\/retencion de valor): Si<\/li>\n<li>PRESET: Si<\/li>\n<li>Resoluci\u00f3n selectable: Si<\/li>\n<li>Valoraci\u00f3n GO\/+-NG: Si<\/li>\n<li>C\u00e1lculo (f\u00f3rmula): Si<\/li>\n<li>Cambio del sentido de contaje: Si<\/li>\n<li>Digital\/An\u00e1logo: Digital<\/li>\n<li>Pulgadas-m\u00e9trico: M\u00e9trico<\/li>\n<li>Hysteresis: 0,002 mm<\/li>\n<li>Tipo: EN ISO Standard<\/li>\n<\/ul>\n","protected":false},"featured_media":17582,"template":"","meta":{"_acf_changed":false},"pwb-brand":[39],"product_brand":[],"product_cat":[366,69,331,38,413],"product_tag":[],"class_list":{"0":"post-14530","1":"product","2":"type-product","3":"status-publish","4":"has-post-thumbnail","6":"pwb-brand-mitutoyo","7":"product_cat-todos-los-productos","8":"product_cat-indicadores","9":"product_cat-instrumentos-de-medicion-y-gestion-de-datos","10":"product_cat-mitutoyo","11":"product_cat-relojes-comparadores-absolute-digimatic","13":"first","14":"instock","15":"taxable","16":"shipping-taxable","17":"product-type-simple"},"acf":[],"yoast_head":"<!-- This site is optimized with the Yoast SEO plugin v27.2 - https:\/\/yoast.com\/product\/yoast-seo-wordpress\/ -->\n<title>Digital Indicator ID-C 12,7mm, 0,001mm, Lug Back - Techmaster de Mexico<\/title>\n<meta name=\"robots\" content=\"index, follow, max-snippet:-1, max-image-preview:large, max-video-preview:-1\" \/>\n<link rel=\"canonical\" href=\"https:\/\/techmasterdemexico.com\/producto\/digital-indicator-id-c-127mm-0001mm-lug-back\/\" \/>\n<meta property=\"og:locale\" content=\"en_US\" \/>\n<meta property=\"og:type\" content=\"article\" \/>\n<meta property=\"og:title\" content=\"Digital Indicator ID-C 12,7mm, 0,001mm, Lug Back - Techmaster de Mexico\" \/>\n<meta property=\"og:description\" content=\"Caracter\u00edsticas   Rango de medida: 12.7 mm  Resoluci\u00f3n: 0,001 mm  Error m\u00e1x. permitido: 0,003 mm  H MPE (Hysteresis): 0,002 mm  R MPE (Repeatability): 0,002 mm  Presi\u00f3n de medida (N): \u2264 1,5 N  Protecci\u00f3n: IP42  Peso: 170 g  Visualizador: LCD, character height 11 mm rotatable 330\u00b0  Velocidad m\u00e1x.: Unlimited  Alarma: Low voltage, counting value composition error, overflow error, tolerance limit setting error  Diametro del vastago \u00d8: 8 mm  Punta de contacto: Carbide ball, thread M 2.5 x 0.45 mm  Duraci\u00f3n bateria: approx. 7000 hours  Fuente de alimentaci\u00f3n: 1 battery SR-44  Entregado: Including 1 battery  Salida de datos: Si  ON\/OFF: Si  Selector ZERO\/ABS: Si  Funci\u00f3n DATA\/HOLD (transmisi\u00f3n\/retencion de valor): Si  PRESET: Si  Resoluci\u00f3n selectable: Si  Valoraci\u00f3n GO\/+-NG: Si  C\u00e1lculo (f\u00f3rmula): Si  Cambio del sentido de contaje: Si  Digital\/An\u00e1logo: Digital  Pulgadas-m\u00e9trico: M\u00e9trico  Hysteresis: 0,002 mm  Tipo: EN ISO Standard\" \/>\n<meta property=\"og:url\" content=\"https:\/\/techmasterdemexico.com\/producto\/digital-indicator-id-c-127mm-0001mm-lug-back\/\" \/>\n<meta property=\"og:site_name\" content=\"Techmaster de Mexico\" \/>\n<meta property=\"article:modified_time\" content=\"2022-02-04T02:12:44+00:00\" \/>\n<meta property=\"og:image\" content=\"https:\/\/techmasterdemexico.com\/wp-content\/uploads\/2021\/12\/543-400b_z_jpg-1.png\" \/>\n\t<meta property=\"og:image:width\" content=\"800\" \/>\n\t<meta property=\"og:image:height\" content=\"800\" \/>\n\t<meta property=\"og:image:type\" content=\"image\/png\" \/>\n<meta name=\"twitter:card\" content=\"summary_large_image\" \/>\n<script type=\"application\/ld+json\" class=\"yoast-schema-graph\">{\"@context\":\"https:\/\/schema.org\",\"@graph\":[{\"@type\":\"WebPage\",\"@id\":\"https:\/\/techmasterdemexico.com\/producto\/digital-indicator-id-c-127mm-0001mm-lug-back\/\",\"url\":\"https:\/\/techmasterdemexico.com\/producto\/digital-indicator-id-c-127mm-0001mm-lug-back\/\",\"name\":\"Digital Indicator ID-C 12,7mm, 0,001mm, Lug Back - Techmaster de Mexico\",\"isPartOf\":{\"@id\":\"https:\/\/techmasterdemexico.com\/#website\"},\"primaryImageOfPage\":{\"@id\":\"https:\/\/techmasterdemexico.com\/producto\/digital-indicator-id-c-127mm-0001mm-lug-back\/#primaryimage\"},\"image\":{\"@id\":\"https:\/\/techmasterdemexico.com\/producto\/digital-indicator-id-c-127mm-0001mm-lug-back\/#primaryimage\"},\"thumbnailUrl\":\"https:\/\/techmasterdemexico.com\/wp-content\/uploads\/2021\/12\/543-400b_z_jpg-1.png\",\"datePublished\":\"2021-12-22T00:41:21+00:00\",\"dateModified\":\"2022-02-04T02:12:44+00:00\",\"breadcrumb\":{\"@id\":\"https:\/\/techmasterdemexico.com\/producto\/digital-indicator-id-c-127mm-0001mm-lug-back\/#breadcrumb\"},\"inLanguage\":\"en-US\",\"potentialAction\":[{\"@type\":\"ReadAction\",\"target\":[\"https:\/\/techmasterdemexico.com\/producto\/digital-indicator-id-c-127mm-0001mm-lug-back\/\"]}]},{\"@type\":\"ImageObject\",\"inLanguage\":\"en-US\",\"@id\":\"https:\/\/techmasterdemexico.com\/producto\/digital-indicator-id-c-127mm-0001mm-lug-back\/#primaryimage\",\"url\":\"https:\/\/techmasterdemexico.com\/wp-content\/uploads\/2021\/12\/543-400b_z_jpg-1.png\",\"contentUrl\":\"https:\/\/techmasterdemexico.com\/wp-content\/uploads\/2021\/12\/543-400b_z_jpg-1.png\",\"width\":800,\"height\":800},{\"@type\":\"BreadcrumbList\",\"@id\":\"https:\/\/techmasterdemexico.com\/producto\/digital-indicator-id-c-127mm-0001mm-lug-back\/#breadcrumb\",\"itemListElement\":[{\"@type\":\"ListItem\",\"position\":1,\"name\":\"Portada\",\"item\":\"https:\/\/techmasterdemexico.com\/\"},{\"@type\":\"ListItem\",\"position\":2,\"name\":\"Digital Indicator ID-C 12,7mm, 0,001mm, Lug Back\"}]},{\"@type\":\"WebSite\",\"@id\":\"https:\/\/techmasterdemexico.com\/#website\",\"url\":\"https:\/\/techmasterdemexico.com\/\",\"name\":\"Techmaster de Mexico\",\"description\":\"\",\"potentialAction\":[{\"@type\":\"SearchAction\",\"target\":{\"@type\":\"EntryPoint\",\"urlTemplate\":\"https:\/\/techmasterdemexico.com\/?s={search_term_string}\"},\"query-input\":{\"@type\":\"PropertyValueSpecification\",\"valueRequired\":true,\"valueName\":\"search_term_string\"}}],\"inLanguage\":\"en-US\"}]}<\/script>\n<!-- \/ Yoast SEO plugin. -->","yoast_head_json":{"title":"Digital Indicator ID-C 12,7mm, 0,001mm, Lug Back - Techmaster de Mexico","robots":{"index":"index","follow":"follow","max-snippet":"max-snippet:-1","max-image-preview":"max-image-preview:large","max-video-preview":"max-video-preview:-1"},"canonical":"https:\/\/techmasterdemexico.com\/producto\/digital-indicator-id-c-127mm-0001mm-lug-back\/","og_locale":"en_US","og_type":"article","og_title":"Digital Indicator ID-C 12,7mm, 0,001mm, Lug Back - Techmaster de Mexico","og_description":"Caracter\u00edsticas   Rango de medida: 12.7 mm  Resoluci\u00f3n: 0,001 mm  Error m\u00e1x. permitido: 0,003 mm  H MPE (Hysteresis): 0,002 mm  R MPE (Repeatability): 0,002 mm  Presi\u00f3n de medida (N): \u2264 1,5 N  Protecci\u00f3n: IP42  Peso: 170 g  Visualizador: LCD, character height 11 mm rotatable 330\u00b0  Velocidad m\u00e1x.: Unlimited  Alarma: Low voltage, counting value composition error, overflow error, tolerance limit setting error  Diametro del vastago \u00d8: 8 mm  Punta de contacto: Carbide ball, thread M 2.5 x 0.45 mm  Duraci\u00f3n bateria: approx. 7000 hours  Fuente de alimentaci\u00f3n: 1 battery SR-44  Entregado: Including 1 battery  Salida de datos: Si  ON\/OFF: Si  Selector ZERO\/ABS: Si  Funci\u00f3n DATA\/HOLD (transmisi\u00f3n\/retencion de valor): Si  PRESET: Si  Resoluci\u00f3n selectable: Si  Valoraci\u00f3n GO\/+-NG: Si  C\u00e1lculo (f\u00f3rmula): Si  Cambio del sentido de contaje: Si  Digital\/An\u00e1logo: Digital  Pulgadas-m\u00e9trico: M\u00e9trico  Hysteresis: 0,002 mm  Tipo: EN ISO Standard","og_url":"https:\/\/techmasterdemexico.com\/producto\/digital-indicator-id-c-127mm-0001mm-lug-back\/","og_site_name":"Techmaster de Mexico","article_modified_time":"2022-02-04T02:12:44+00:00","og_image":[{"width":800,"height":800,"url":"https:\/\/techmasterdemexico.com\/wp-content\/uploads\/2021\/12\/543-400b_z_jpg-1.png","type":"image\/png"}],"twitter_card":"summary_large_image","schema":{"@context":"https:\/\/schema.org","@graph":[{"@type":"WebPage","@id":"https:\/\/techmasterdemexico.com\/producto\/digital-indicator-id-c-127mm-0001mm-lug-back\/","url":"https:\/\/techmasterdemexico.com\/producto\/digital-indicator-id-c-127mm-0001mm-lug-back\/","name":"Digital Indicator ID-C 12,7mm, 0,001mm, Lug Back - Techmaster de Mexico","isPartOf":{"@id":"https:\/\/techmasterdemexico.com\/#website"},"primaryImageOfPage":{"@id":"https:\/\/techmasterdemexico.com\/producto\/digital-indicator-id-c-127mm-0001mm-lug-back\/#primaryimage"},"image":{"@id":"https:\/\/techmasterdemexico.com\/producto\/digital-indicator-id-c-127mm-0001mm-lug-back\/#primaryimage"},"thumbnailUrl":"https:\/\/techmasterdemexico.com\/wp-content\/uploads\/2021\/12\/543-400b_z_jpg-1.png","datePublished":"2021-12-22T00:41:21+00:00","dateModified":"2022-02-04T02:12:44+00:00","breadcrumb":{"@id":"https:\/\/techmasterdemexico.com\/producto\/digital-indicator-id-c-127mm-0001mm-lug-back\/#breadcrumb"},"inLanguage":"en-US","potentialAction":[{"@type":"ReadAction","target":["https:\/\/techmasterdemexico.com\/producto\/digital-indicator-id-c-127mm-0001mm-lug-back\/"]}]},{"@type":"ImageObject","inLanguage":"en-US","@id":"https:\/\/techmasterdemexico.com\/producto\/digital-indicator-id-c-127mm-0001mm-lug-back\/#primaryimage","url":"https:\/\/techmasterdemexico.com\/wp-content\/uploads\/2021\/12\/543-400b_z_jpg-1.png","contentUrl":"https:\/\/techmasterdemexico.com\/wp-content\/uploads\/2021\/12\/543-400b_z_jpg-1.png","width":800,"height":800},{"@type":"BreadcrumbList","@id":"https:\/\/techmasterdemexico.com\/producto\/digital-indicator-id-c-127mm-0001mm-lug-back\/#breadcrumb","itemListElement":[{"@type":"ListItem","position":1,"name":"Portada","item":"https:\/\/techmasterdemexico.com\/"},{"@type":"ListItem","position":2,"name":"Digital Indicator ID-C 12,7mm, 0,001mm, Lug Back"}]},{"@type":"WebSite","@id":"https:\/\/techmasterdemexico.com\/#website","url":"https:\/\/techmasterdemexico.com\/","name":"Techmaster de Mexico","description":"","potentialAction":[{"@type":"SearchAction","target":{"@type":"EntryPoint","urlTemplate":"https:\/\/techmasterdemexico.com\/?s={search_term_string}"},"query-input":{"@type":"PropertyValueSpecification","valueRequired":true,"valueName":"search_term_string"}}],"inLanguage":"en-US"}]}},"brands":[{"id":39,"name":"Mitutoyo","slug":"mitutoyo"}],"_links":{"self":[{"href":"https:\/\/techmasterdemexico.com\/en\/wp-json\/wp\/v2\/product\/14530","targetHints":{"allow":["GET"]}}],"collection":[{"href":"https:\/\/techmasterdemexico.com\/en\/wp-json\/wp\/v2\/product"}],"about":[{"href":"https:\/\/techmasterdemexico.com\/en\/wp-json\/wp\/v2\/types\/product"}],"wp:featuredmedia":[{"embeddable":true,"href":"https:\/\/techmasterdemexico.com\/en\/wp-json\/wp\/v2\/media\/17582"}],"wp:attachment":[{"href":"https:\/\/techmasterdemexico.com\/en\/wp-json\/wp\/v2\/media?parent=14530"}],"wp:term":[{"taxonomy":"pwb-brand","embeddable":true,"href":"https:\/\/techmasterdemexico.com\/en\/wp-json\/wp\/v2\/pwb-brand?post=14530"},{"taxonomy":"product_brand","embeddable":true,"href":"https:\/\/techmasterdemexico.com\/en\/wp-json\/wp\/v2\/product_brand?post=14530"},{"taxonomy":"product_cat","embeddable":true,"href":"https:\/\/techmasterdemexico.com\/en\/wp-json\/wp\/v2\/product_cat?post=14530"},{"taxonomy":"product_tag","embeddable":true,"href":"https:\/\/techmasterdemexico.com\/en\/wp-json\/wp\/v2\/product_tag?post=14530"}],"curies":[{"name":"wp","href":"https:\/\/api.w.org\/{rel}","templated":true}]}}