{"id":14529,"date":"2021-12-22T00:41:20","date_gmt":"2021-12-22T00:41:20","guid":{"rendered":"https:\/\/techmastermx.ddns.net\/producto\/comparadores-absolute-digimatic-id-n-b-inch-metric-02-000005\/"},"modified":"2022-02-04T18:00:53","modified_gmt":"2022-02-04T18:00:53","slug":"comparadores-absolute-digimatic-id-n-b-inch-metric-02-000005","status":"publish","type":"product","link":"https:\/\/techmasterdemexico.com\/en\/producto\/comparadores-absolute-digimatic-id-n-b-inch-metric-02-000005\/","title":{"rendered":"Comparadores Absolute DIGIMATIC ID-N\/B Inch\/Metric, 0,2&#8243;, 0,00005&#8243;"},"content":{"rendered":"<p>Comparadores Absolute DIGIMATIC ID-N\/B<br \/>\nInch\/Metric, 0,2&#8243;, 0,00005&#8243;<br \/>\nN\u00famero de art\u00edculo: 543-586<\/p>\n<p>Descripci\u00f3n<br \/>\nEste es un modelo de \u00e9mbolo trasero delgado que es altamente resistente y robusto.<br \/>\nEl Indicador Digim\u00e1tico ABSOLUTO ID-B le ofrece:<\/p>\n<ul>\n<li>Modelo de \u00e9mbolo trasero, con la pantalla vista desde arriba.<\/li>\n<li>Su dise\u00f1o de cuerpo delgado es ideal para mediciones multipunto.<\/li>\n<li>El sensor ABSOLUTE permite no terer que realizar la pueta a cero (origen) cada vez que lo encienda, lo que le ahorra tiempo y molestias.<\/li>\n<li>Tiene una excelente resistencia al agua y al polvo (nivel de protecci\u00f3n IP66), lo que le permite usarlo en entornos de mecanizado que incluyen salpicaduras de l\u00edquido refrigerante.<\/li>\n<li>La orientaci\u00f3n de la pantalla conmutable le brinda m\u00e1s opciones de montaje.<\/li>\n<li>Puede realizar un juicio GO \/ \u00b1 NG.<\/li>\n<\/ul>\n","protected":false},"excerpt":{"rendered":"<p>Caracter\u00edsticas<\/p>\n<ul>\n<li>Rango de medida: 0.2&#8243;\/5.08 mm<\/li>\n<li>Intervalo: 0,2&#8243; Inch<\/li>\n<li>Resoluci\u00f3n: 0,00005&#8243;\/0,0005&#8243;\/0,001 mm\/0,01 mm<\/li>\n<li>Error m\u00e1x. permitido: 0,00012&#8243;\/0,003 mm<\/li>\n<li>H MPE (Hysteresis): 0,0001&#8243;\/0,002 mm<\/li>\n<li>R MPE (Repeatability): 0,0001&#8243;\/0,002 mm<\/li>\n<li>Presi\u00f3n de medida (N): \u22642 N N<\/li>\n<li>Protecci\u00f3n: IP66<\/li>\n<li>Peso: 130 g<\/li>\n<li>Visualizador: LCD, character height: 6.2 mm<\/li>\n<li>Velocidad m\u00e1x.: Unlimited<\/li>\n<li>Alarma: Low voltage, counting value composition error, overflow error, tolerance limit setting error<\/li>\n<li>Diametro del vastago \u00d8: 9,52 mm<\/li>\n<li>Punta de contacto: Carbide ball, thread # 4-48 UNF<\/li>\n<li>Duraci\u00f3n bateria: approx. 7000 hours<\/li>\n<li>Fuente de alimentaci\u00f3n: 1 battery SR-44<\/li>\n<li>Entregado: Including 1 battery<\/li>\n<li>Salida de datos: Si<\/li>\n<li>Salida de datos DIGIMATIC: Si<\/li>\n<li>ON\/OFF: Si<\/li>\n<li>Salida de se\u00f1al PRESET o CERO externo: Si<\/li>\n<li>Funci\u00f3n DATA\/HOLD (transmisi\u00f3n\/retencion de valor): Si<\/li>\n<li>PRESET: Si<\/li>\n<li>Resoluci\u00f3n selectable: Si<\/li>\n<li>Alarma de bajo voltage: Si<\/li>\n<li>Valoraci\u00f3n GO\/+-NG: Si<\/li>\n<li>Cambio del sentido de contaje: Si<\/li>\n<li>Digital\/An\u00e1logo: Digital<\/li>\n<li>Pulgadas-m\u00e9trico: pulg\/mm<\/li>\n<li>Tipo: ASME\/ANSI\/AGD Standard<\/li>\n<\/ul>\n","protected":false},"featured_media":17619,"template":"","meta":{"_acf_changed":false},"pwb-brand":[39],"product_brand":[],"product_cat":[366,69,331,38,413],"product_tag":[],"class_list":{"0":"post-14529","1":"product","2":"type-product","3":"status-publish","4":"has-post-thumbnail","6":"pwb-brand-mitutoyo","7":"product_cat-todos-los-productos","8":"product_cat-indicadores","9":"product_cat-instrumentos-de-medicion-y-gestion-de-datos","10":"product_cat-mitutoyo","11":"product_cat-relojes-comparadores-absolute-digimatic","13":"first","14":"instock","15":"taxable","16":"shipping-taxable","17":"product-type-simple"},"acf":[],"yoast_head":"<!-- This site is optimized with the Yoast SEO plugin v27.2 - https:\/\/yoast.com\/product\/yoast-seo-wordpress\/ -->\n<title>Comparadores Absolute DIGIMATIC ID-N\/B Inch\/Metric, 0,2&quot;, 0,00005&quot; - Techmaster de Mexico<\/title>\n<meta name=\"robots\" content=\"index, follow, max-snippet:-1, max-image-preview:large, max-video-preview:-1\" \/>\n<link rel=\"canonical\" href=\"https:\/\/techmasterdemexico.com\/producto\/comparadores-absolute-digimatic-id-n-b-inch-metric-02-000005\/\" \/>\n<meta property=\"og:locale\" content=\"en_US\" \/>\n<meta property=\"og:type\" content=\"article\" \/>\n<meta property=\"og:title\" content=\"Comparadores Absolute DIGIMATIC ID-N\/B Inch\/Metric, 0,2&quot;, 0,00005&quot; - Techmaster de Mexico\" \/>\n<meta property=\"og:description\" content=\"Caracter\u00edsticas   Rango de medida: 0.2&quot;\/5.08 mm  Intervalo: 0,2&quot; Inch  Resoluci\u00f3n: 0,00005&quot;\/0,0005&quot;\/0,001 mm\/0,01 mm  Error m\u00e1x. permitido: 0,00012&quot;\/0,003 mm  H MPE (Hysteresis): 0,0001&quot;\/0,002 mm  R MPE (Repeatability): 0,0001&quot;\/0,002 mm  Presi\u00f3n de medida (N): \u22642 N N  Protecci\u00f3n: IP66  Peso: 130 g  Visualizador: LCD, character height: 6.2 mm  Velocidad m\u00e1x.: Unlimited  Alarma: Low voltage, counting value composition error, overflow error, tolerance limit setting error  Diametro del vastago \u00d8: 9,52 mm  Punta de contacto: Carbide ball, thread # 4-48 UNF  Duraci\u00f3n bateria: approx. 7000 hours  Fuente de alimentaci\u00f3n: 1 battery SR-44  Entregado: Including 1 battery  Salida de datos: Si  Salida de datos DIGIMATIC: Si  ON\/OFF: Si  Salida de se\u00f1al PRESET o CERO externo: Si  Funci\u00f3n DATA\/HOLD (transmisi\u00f3n\/retencion de valor): Si  PRESET: Si  Resoluci\u00f3n selectable: Si  Alarma de bajo voltage: Si  Valoraci\u00f3n GO\/+-NG: Si  Cambio del sentido de contaje: Si  Digital\/An\u00e1logo: Digital  Pulgadas-m\u00e9trico: pulg\/mm  Tipo: ASME\/ANSI\/AGD Standard\" \/>\n<meta property=\"og:url\" content=\"https:\/\/techmasterdemexico.com\/producto\/comparadores-absolute-digimatic-id-n-b-inch-metric-02-000005\/\" \/>\n<meta property=\"og:site_name\" content=\"Techmaster de Mexico\" \/>\n<meta property=\"article:modified_time\" content=\"2022-02-04T18:00:53+00:00\" \/>\n<meta property=\"og:image\" content=\"https:\/\/techmasterdemexico.com\/wp-content\/uploads\/2021\/12\/543-586_jpg.png\" \/>\n\t<meta property=\"og:image:width\" content=\"800\" \/>\n\t<meta property=\"og:image:height\" content=\"800\" \/>\n\t<meta property=\"og:image:type\" content=\"image\/png\" \/>\n<meta name=\"twitter:card\" content=\"summary_large_image\" \/>\n<meta name=\"twitter:label1\" content=\"Est. reading time\" \/>\n\t<meta name=\"twitter:data1\" content=\"1 minute\" \/>\n<script type=\"application\/ld+json\" class=\"yoast-schema-graph\">{\"@context\":\"https:\/\/schema.org\",\"@graph\":[{\"@type\":\"WebPage\",\"@id\":\"https:\/\/techmasterdemexico.com\/producto\/comparadores-absolute-digimatic-id-n-b-inch-metric-02-000005\/\",\"url\":\"https:\/\/techmasterdemexico.com\/producto\/comparadores-absolute-digimatic-id-n-b-inch-metric-02-000005\/\",\"name\":\"Comparadores Absolute DIGIMATIC ID-N\/B Inch\/Metric, 0,2\\\", 0,00005\\\" - Techmaster de Mexico\",\"isPartOf\":{\"@id\":\"https:\/\/techmasterdemexico.com\/#website\"},\"primaryImageOfPage\":{\"@id\":\"https:\/\/techmasterdemexico.com\/producto\/comparadores-absolute-digimatic-id-n-b-inch-metric-02-000005\/#primaryimage\"},\"image\":{\"@id\":\"https:\/\/techmasterdemexico.com\/producto\/comparadores-absolute-digimatic-id-n-b-inch-metric-02-000005\/#primaryimage\"},\"thumbnailUrl\":\"https:\/\/techmasterdemexico.com\/wp-content\/uploads\/2021\/12\/543-586_jpg.png\",\"datePublished\":\"2021-12-22T00:41:20+00:00\",\"dateModified\":\"2022-02-04T18:00:53+00:00\",\"breadcrumb\":{\"@id\":\"https:\/\/techmasterdemexico.com\/producto\/comparadores-absolute-digimatic-id-n-b-inch-metric-02-000005\/#breadcrumb\"},\"inLanguage\":\"en-US\",\"potentialAction\":[{\"@type\":\"ReadAction\",\"target\":[\"https:\/\/techmasterdemexico.com\/producto\/comparadores-absolute-digimatic-id-n-b-inch-metric-02-000005\/\"]}]},{\"@type\":\"ImageObject\",\"inLanguage\":\"en-US\",\"@id\":\"https:\/\/techmasterdemexico.com\/producto\/comparadores-absolute-digimatic-id-n-b-inch-metric-02-000005\/#primaryimage\",\"url\":\"https:\/\/techmasterdemexico.com\/wp-content\/uploads\/2021\/12\/543-586_jpg.png\",\"contentUrl\":\"https:\/\/techmasterdemexico.com\/wp-content\/uploads\/2021\/12\/543-586_jpg.png\",\"width\":800,\"height\":800},{\"@type\":\"BreadcrumbList\",\"@id\":\"https:\/\/techmasterdemexico.com\/producto\/comparadores-absolute-digimatic-id-n-b-inch-metric-02-000005\/#breadcrumb\",\"itemListElement\":[{\"@type\":\"ListItem\",\"position\":1,\"name\":\"Portada\",\"item\":\"https:\/\/techmasterdemexico.com\/\"},{\"@type\":\"ListItem\",\"position\":2,\"name\":\"Comparadores Absolute DIGIMATIC ID-N\/B Inch\/Metric, 0,2&#8243;, 0,00005&#8243;\"}]},{\"@type\":\"WebSite\",\"@id\":\"https:\/\/techmasterdemexico.com\/#website\",\"url\":\"https:\/\/techmasterdemexico.com\/\",\"name\":\"Techmaster de Mexico\",\"description\":\"\",\"potentialAction\":[{\"@type\":\"SearchAction\",\"target\":{\"@type\":\"EntryPoint\",\"urlTemplate\":\"https:\/\/techmasterdemexico.com\/?s={search_term_string}\"},\"query-input\":{\"@type\":\"PropertyValueSpecification\",\"valueRequired\":true,\"valueName\":\"search_term_string\"}}],\"inLanguage\":\"en-US\"}]}<\/script>\n<!-- \/ Yoast SEO plugin. -->","yoast_head_json":{"title":"Comparadores Absolute DIGIMATIC ID-N\/B Inch\/Metric, 0,2\", 0,00005\" - Techmaster de Mexico","robots":{"index":"index","follow":"follow","max-snippet":"max-snippet:-1","max-image-preview":"max-image-preview:large","max-video-preview":"max-video-preview:-1"},"canonical":"https:\/\/techmasterdemexico.com\/producto\/comparadores-absolute-digimatic-id-n-b-inch-metric-02-000005\/","og_locale":"en_US","og_type":"article","og_title":"Comparadores Absolute DIGIMATIC ID-N\/B Inch\/Metric, 0,2\", 0,00005\" - Techmaster de Mexico","og_description":"Caracter\u00edsticas   Rango de medida: 0.2\"\/5.08 mm  Intervalo: 0,2\" Inch  Resoluci\u00f3n: 0,00005\"\/0,0005\"\/0,001 mm\/0,01 mm  Error m\u00e1x. permitido: 0,00012\"\/0,003 mm  H MPE (Hysteresis): 0,0001\"\/0,002 mm  R MPE (Repeatability): 0,0001\"\/0,002 mm  Presi\u00f3n de medida (N): \u22642 N N  Protecci\u00f3n: IP66  Peso: 130 g  Visualizador: LCD, character height: 6.2 mm  Velocidad m\u00e1x.: Unlimited  Alarma: Low voltage, counting value composition error, overflow error, tolerance limit setting error  Diametro del vastago \u00d8: 9,52 mm  Punta de contacto: Carbide ball, thread # 4-48 UNF  Duraci\u00f3n bateria: approx. 7000 hours  Fuente de alimentaci\u00f3n: 1 battery SR-44  Entregado: Including 1 battery  Salida de datos: Si  Salida de datos DIGIMATIC: Si  ON\/OFF: Si  Salida de se\u00f1al PRESET o CERO externo: Si  Funci\u00f3n DATA\/HOLD (transmisi\u00f3n\/retencion de valor): Si  PRESET: Si  Resoluci\u00f3n selectable: Si  Alarma de bajo voltage: Si  Valoraci\u00f3n GO\/+-NG: Si  Cambio del sentido de contaje: Si  Digital\/An\u00e1logo: Digital  Pulgadas-m\u00e9trico: pulg\/mm  Tipo: ASME\/ANSI\/AGD Standard","og_url":"https:\/\/techmasterdemexico.com\/producto\/comparadores-absolute-digimatic-id-n-b-inch-metric-02-000005\/","og_site_name":"Techmaster de Mexico","article_modified_time":"2022-02-04T18:00:53+00:00","og_image":[{"width":800,"height":800,"url":"https:\/\/techmasterdemexico.com\/wp-content\/uploads\/2021\/12\/543-586_jpg.png","type":"image\/png"}],"twitter_card":"summary_large_image","twitter_misc":{"Est. reading time":"1 minute"},"schema":{"@context":"https:\/\/schema.org","@graph":[{"@type":"WebPage","@id":"https:\/\/techmasterdemexico.com\/producto\/comparadores-absolute-digimatic-id-n-b-inch-metric-02-000005\/","url":"https:\/\/techmasterdemexico.com\/producto\/comparadores-absolute-digimatic-id-n-b-inch-metric-02-000005\/","name":"Comparadores Absolute DIGIMATIC ID-N\/B Inch\/Metric, 0,2\", 0,00005\" - Techmaster de Mexico","isPartOf":{"@id":"https:\/\/techmasterdemexico.com\/#website"},"primaryImageOfPage":{"@id":"https:\/\/techmasterdemexico.com\/producto\/comparadores-absolute-digimatic-id-n-b-inch-metric-02-000005\/#primaryimage"},"image":{"@id":"https:\/\/techmasterdemexico.com\/producto\/comparadores-absolute-digimatic-id-n-b-inch-metric-02-000005\/#primaryimage"},"thumbnailUrl":"https:\/\/techmasterdemexico.com\/wp-content\/uploads\/2021\/12\/543-586_jpg.png","datePublished":"2021-12-22T00:41:20+00:00","dateModified":"2022-02-04T18:00:53+00:00","breadcrumb":{"@id":"https:\/\/techmasterdemexico.com\/producto\/comparadores-absolute-digimatic-id-n-b-inch-metric-02-000005\/#breadcrumb"},"inLanguage":"en-US","potentialAction":[{"@type":"ReadAction","target":["https:\/\/techmasterdemexico.com\/producto\/comparadores-absolute-digimatic-id-n-b-inch-metric-02-000005\/"]}]},{"@type":"ImageObject","inLanguage":"en-US","@id":"https:\/\/techmasterdemexico.com\/producto\/comparadores-absolute-digimatic-id-n-b-inch-metric-02-000005\/#primaryimage","url":"https:\/\/techmasterdemexico.com\/wp-content\/uploads\/2021\/12\/543-586_jpg.png","contentUrl":"https:\/\/techmasterdemexico.com\/wp-content\/uploads\/2021\/12\/543-586_jpg.png","width":800,"height":800},{"@type":"BreadcrumbList","@id":"https:\/\/techmasterdemexico.com\/producto\/comparadores-absolute-digimatic-id-n-b-inch-metric-02-000005\/#breadcrumb","itemListElement":[{"@type":"ListItem","position":1,"name":"Portada","item":"https:\/\/techmasterdemexico.com\/"},{"@type":"ListItem","position":2,"name":"Comparadores Absolute DIGIMATIC ID-N\/B Inch\/Metric, 0,2&#8243;, 0,00005&#8243;"}]},{"@type":"WebSite","@id":"https:\/\/techmasterdemexico.com\/#website","url":"https:\/\/techmasterdemexico.com\/","name":"Techmaster de Mexico","description":"","potentialAction":[{"@type":"SearchAction","target":{"@type":"EntryPoint","urlTemplate":"https:\/\/techmasterdemexico.com\/?s={search_term_string}"},"query-input":{"@type":"PropertyValueSpecification","valueRequired":true,"valueName":"search_term_string"}}],"inLanguage":"en-US"}]}},"brands":[{"id":39,"name":"Mitutoyo","slug":"mitutoyo"}],"_links":{"self":[{"href":"https:\/\/techmasterdemexico.com\/en\/wp-json\/wp\/v2\/product\/14529","targetHints":{"allow":["GET"]}}],"collection":[{"href":"https:\/\/techmasterdemexico.com\/en\/wp-json\/wp\/v2\/product"}],"about":[{"href":"https:\/\/techmasterdemexico.com\/en\/wp-json\/wp\/v2\/types\/product"}],"wp:featuredmedia":[{"embeddable":true,"href":"https:\/\/techmasterdemexico.com\/en\/wp-json\/wp\/v2\/media\/17619"}],"wp:attachment":[{"href":"https:\/\/techmasterdemexico.com\/en\/wp-json\/wp\/v2\/media?parent=14529"}],"wp:term":[{"taxonomy":"pwb-brand","embeddable":true,"href":"https:\/\/techmasterdemexico.com\/en\/wp-json\/wp\/v2\/pwb-brand?post=14529"},{"taxonomy":"product_brand","embeddable":true,"href":"https:\/\/techmasterdemexico.com\/en\/wp-json\/wp\/v2\/product_brand?post=14529"},{"taxonomy":"product_cat","embeddable":true,"href":"https:\/\/techmasterdemexico.com\/en\/wp-json\/wp\/v2\/product_cat?post=14529"},{"taxonomy":"product_tag","embeddable":true,"href":"https:\/\/techmasterdemexico.com\/en\/wp-json\/wp\/v2\/product_tag?post=14529"}],"curies":[{"name":"wp","href":"https:\/\/api.w.org\/{rel}","templated":true}]}}