{"id":14520,"date":"2021-12-22T00:41:12","date_gmt":"2021-12-22T00:41:12","guid":{"rendered":"https:\/\/techmastermx.ddns.net\/producto\/digital-indicator-calculation-id-c-254mm-0001mm-flat-back\/"},"modified":"2022-02-04T18:39:17","modified_gmt":"2022-02-04T18:39:17","slug":"digital-indicator-calculation-id-c-254mm-0001mm-flat-back","status":"publish","type":"product","link":"https:\/\/techmasterdemexico.com\/en\/producto\/digital-indicator-calculation-id-c-254mm-0001mm-flat-back\/","title":{"rendered":"Digital Indicator Calculation ID-C 25,4mm, 0,001mm, Flat Back"},"content":{"rendered":"<p>Digital Indicator Calculation ID-C<br \/>\n25,4mm, 0,001mm, Flat Back<br \/>\nN\u00famero de art\u00edculo: 543-590B<\/p>\n<p>Descripci\u00f3n<\/p>\n<ul>\n<li>Reloj comparador le permitir\u00e1 usar su funci\u00f3n de c\u00e1lculo mediante la aplicaci\u00f3n de la f\u00f3rmula Ax+B+Cx-1<\/li>\n<li>Funci\u00f3n de c\u00e1lculo integrada para diversas aplicaciones como la medici\u00f3n de grandes di\u00e1metros.<\/li>\n<li>Los coeficientes A, B y C son libremente definibles, mientras que X determina el desplazamiento del palpador.<\/li>\n<li>El display dispone de indicaci\u00f3n anal\u00f3gica (14 escalas selectables)<\/li>\n<li>Funci\u00f3n de tolerancia GO\/\u00b1NG<\/li>\n<li>Captura de valores pico y MAX\/MIN\/RECORRIDO<\/li>\n<li>Modo de captura r\u00e1pida de datos; detecci\u00f3n de ciclos a 20ms o 50 ms para una m\u00e1s eficiente captura de valores MAX\/MIN, etc.<\/li>\n<li>Interface USB para su programaci\u00f3n desde el PC mediante software espec\u00edfico.<\/li>\n<\/ul>\n","protected":false},"excerpt":{"rendered":"<p>Caracter\u00edsticas<\/p>\n<ul>\n<li>Rango de medida: 25,5 mm<\/li>\n<li>Error m\u00e1x. permitido: 0,003 mm<\/li>\n<li>H MPE (Hysteresis): 0,002 mm<\/li>\n<li>R MPE (Repeatability): 0,002 mm<\/li>\n<li>Presi\u00f3n de medida (N): \u22641,8 N N<\/li>\n<li>Protecci\u00f3n: IP42<\/li>\n<li>Peso: 190 g<\/li>\n<li>Visualizador: LCD, character height 8 mm, rotatable 330\u00b0<\/li>\n<li>Velocidad m\u00e1x.: Unlimited<\/li>\n<li>Frecuencia de medici\u00f3n: Standard mode: 10 times\/s, Fast mode: 50 times\/s (plunger speed max. 50 \u00b5m\/s for peak measurement)<\/li>\n<li>Alarma: Low voltage, ABS composition error, overflow error, tolerance limit setting error<\/li>\n<li>Diametro del vastago \u00d8: 8 mm<\/li>\n<li>Punta de contacto: Carbide ball, thread M 2.5 x 0.45 mm<\/li>\n<li>Duraci\u00f3n bateria: Standard mode: approx. 1 year, Fast mode: approx. 4.5 month<\/li>\n<li>Fuente de alimentaci\u00f3n: 1 battery CR-2032<\/li>\n<li>Entregado: Including 1 battery<\/li>\n<li>Salida de datos: Si<\/li>\n<li>ON\/OFF: Si<\/li>\n<li>Lectura valor M\u00e1x\/Min: Si<\/li>\n<li>Selector ZERO\/ABS: Si<\/li>\n<li>Funci\u00f3n DATA\/HOLD (transmisi\u00f3n\/retencion de valor): Si<\/li>\n<li>PRESET 3x: Si<\/li>\n<li>Resoluci\u00f3n selectable: Si<\/li>\n<li>Bloqueo de funci\u00f3n (bloqueo de teclado): Si<\/li>\n<li>Valoraci\u00f3n GO\/+-NG: Si<\/li>\n<li>C\u00e1lculo (f\u00f3rmula): Si<\/li>\n<li>Power supply report: UN 38.3 Test Summary Report<\/li>\n<li>Digital\/An\u00e1logo: Digital<\/li>\n<li>Pulgadas-m\u00e9trico: M\u00e9trico<\/li>\n<li>Hysteresis: 0,002 mm<\/li>\n<li>Tipo: EN ISO Standard<\/li>\n<\/ul>\n","protected":false},"featured_media":17625,"template":"","meta":{"_acf_changed":false},"pwb-brand":[39],"product_brand":[],"product_cat":[366,69,331,38,413],"product_tag":[],"class_list":{"0":"post-14520","1":"product","2":"type-product","3":"status-publish","4":"has-post-thumbnail","6":"pwb-brand-mitutoyo","7":"product_cat-todos-los-productos","8":"product_cat-indicadores","9":"product_cat-instrumentos-de-medicion-y-gestion-de-datos","10":"product_cat-mitutoyo","11":"product_cat-relojes-comparadores-absolute-digimatic","13":"first","14":"instock","15":"taxable","16":"shipping-taxable","17":"product-type-simple"},"acf":[],"yoast_head":"<!-- This site is optimized with the Yoast SEO plugin v27.2 - https:\/\/yoast.com\/product\/yoast-seo-wordpress\/ -->\n<title>Digital Indicator Calculation ID-C 25,4mm, 0,001mm, Flat Back - Techmaster de Mexico<\/title>\n<meta name=\"robots\" content=\"index, follow, max-snippet:-1, max-image-preview:large, max-video-preview:-1\" \/>\n<link rel=\"canonical\" href=\"https:\/\/techmasterdemexico.com\/producto\/digital-indicator-calculation-id-c-254mm-0001mm-flat-back\/\" \/>\n<meta property=\"og:locale\" content=\"en_US\" \/>\n<meta property=\"og:type\" content=\"article\" \/>\n<meta property=\"og:title\" content=\"Digital Indicator Calculation ID-C 25,4mm, 0,001mm, Flat Back - Techmaster de Mexico\" \/>\n<meta property=\"og:description\" content=\"Caracter\u00edsticas   Rango de medida: 25,5 mm  Error m\u00e1x. permitido: 0,003 mm  H MPE (Hysteresis): 0,002 mm  R MPE (Repeatability): 0,002 mm  Presi\u00f3n de medida (N): \u22641,8 N N  Protecci\u00f3n: IP42  Peso: 190 g  Visualizador: LCD, character height 8 mm, rotatable 330\u00b0  Velocidad m\u00e1x.: Unlimited  Frecuencia de medici\u00f3n: Standard mode: 10 times\/s, Fast mode: 50 times\/s (plunger speed max. 50 \u00b5m\/s for peak measurement)  Alarma: Low voltage, ABS composition error, overflow error, tolerance limit setting error  Diametro del vastago \u00d8: 8 mm  Punta de contacto: Carbide ball, thread M 2.5 x 0.45 mm  Duraci\u00f3n bateria: Standard mode: approx. 1 year, Fast mode: approx. 4.5 month  Fuente de alimentaci\u00f3n: 1 battery CR-2032  Entregado: Including 1 battery  Salida de datos: Si  ON\/OFF: Si  Lectura valor M\u00e1x\/Min: Si  Selector ZERO\/ABS: Si  Funci\u00f3n DATA\/HOLD (transmisi\u00f3n\/retencion de valor): Si  PRESET 3x: Si  Resoluci\u00f3n selectable: Si  Bloqueo de funci\u00f3n (bloqueo de teclado): Si  Valoraci\u00f3n GO\/+-NG: Si  C\u00e1lculo (f\u00f3rmula): Si  Power supply report: UN 38.3 Test Summary Report  Digital\/An\u00e1logo: Digital  Pulgadas-m\u00e9trico: M\u00e9trico  Hysteresis: 0,002 mm  Tipo: EN ISO Standard\" \/>\n<meta property=\"og:url\" content=\"https:\/\/techmasterdemexico.com\/producto\/digital-indicator-calculation-id-c-254mm-0001mm-flat-back\/\" \/>\n<meta property=\"og:site_name\" content=\"Techmaster de Mexico\" \/>\n<meta property=\"article:modified_time\" content=\"2022-02-04T18:39:17+00:00\" \/>\n<meta property=\"og:image\" content=\"https:\/\/techmasterdemexico.com\/wp-content\/uploads\/2021\/12\/543-590b_eps.png\" \/>\n\t<meta property=\"og:image:width\" content=\"800\" \/>\n\t<meta property=\"og:image:height\" content=\"800\" \/>\n\t<meta property=\"og:image:type\" content=\"image\/png\" \/>\n<meta name=\"twitter:card\" content=\"summary_large_image\" \/>\n<meta name=\"twitter:label1\" content=\"Est. reading time\" \/>\n\t<meta name=\"twitter:data1\" content=\"1 minute\" \/>\n<script type=\"application\/ld+json\" class=\"yoast-schema-graph\">{\"@context\":\"https:\/\/schema.org\",\"@graph\":[{\"@type\":\"WebPage\",\"@id\":\"https:\/\/techmasterdemexico.com\/producto\/digital-indicator-calculation-id-c-254mm-0001mm-flat-back\/\",\"url\":\"https:\/\/techmasterdemexico.com\/producto\/digital-indicator-calculation-id-c-254mm-0001mm-flat-back\/\",\"name\":\"Digital Indicator Calculation ID-C 25,4mm, 0,001mm, Flat Back - Techmaster de Mexico\",\"isPartOf\":{\"@id\":\"https:\/\/techmasterdemexico.com\/#website\"},\"primaryImageOfPage\":{\"@id\":\"https:\/\/techmasterdemexico.com\/producto\/digital-indicator-calculation-id-c-254mm-0001mm-flat-back\/#primaryimage\"},\"image\":{\"@id\":\"https:\/\/techmasterdemexico.com\/producto\/digital-indicator-calculation-id-c-254mm-0001mm-flat-back\/#primaryimage\"},\"thumbnailUrl\":\"https:\/\/techmasterdemexico.com\/wp-content\/uploads\/2021\/12\/543-590b_eps.png\",\"datePublished\":\"2021-12-22T00:41:12+00:00\",\"dateModified\":\"2022-02-04T18:39:17+00:00\",\"breadcrumb\":{\"@id\":\"https:\/\/techmasterdemexico.com\/producto\/digital-indicator-calculation-id-c-254mm-0001mm-flat-back\/#breadcrumb\"},\"inLanguage\":\"en-US\",\"potentialAction\":[{\"@type\":\"ReadAction\",\"target\":[\"https:\/\/techmasterdemexico.com\/producto\/digital-indicator-calculation-id-c-254mm-0001mm-flat-back\/\"]}]},{\"@type\":\"ImageObject\",\"inLanguage\":\"en-US\",\"@id\":\"https:\/\/techmasterdemexico.com\/producto\/digital-indicator-calculation-id-c-254mm-0001mm-flat-back\/#primaryimage\",\"url\":\"https:\/\/techmasterdemexico.com\/wp-content\/uploads\/2021\/12\/543-590b_eps.png\",\"contentUrl\":\"https:\/\/techmasterdemexico.com\/wp-content\/uploads\/2021\/12\/543-590b_eps.png\",\"width\":800,\"height\":800},{\"@type\":\"BreadcrumbList\",\"@id\":\"https:\/\/techmasterdemexico.com\/producto\/digital-indicator-calculation-id-c-254mm-0001mm-flat-back\/#breadcrumb\",\"itemListElement\":[{\"@type\":\"ListItem\",\"position\":1,\"name\":\"Portada\",\"item\":\"https:\/\/techmasterdemexico.com\/\"},{\"@type\":\"ListItem\",\"position\":2,\"name\":\"Digital Indicator Calculation ID-C 25,4mm, 0,001mm, Flat Back\"}]},{\"@type\":\"WebSite\",\"@id\":\"https:\/\/techmasterdemexico.com\/#website\",\"url\":\"https:\/\/techmasterdemexico.com\/\",\"name\":\"Techmaster de Mexico\",\"description\":\"\",\"potentialAction\":[{\"@type\":\"SearchAction\",\"target\":{\"@type\":\"EntryPoint\",\"urlTemplate\":\"https:\/\/techmasterdemexico.com\/?s={search_term_string}\"},\"query-input\":{\"@type\":\"PropertyValueSpecification\",\"valueRequired\":true,\"valueName\":\"search_term_string\"}}],\"inLanguage\":\"en-US\"}]}<\/script>\n<!-- \/ Yoast SEO plugin. -->","yoast_head_json":{"title":"Digital Indicator Calculation ID-C 25,4mm, 0,001mm, Flat Back - Techmaster de Mexico","robots":{"index":"index","follow":"follow","max-snippet":"max-snippet:-1","max-image-preview":"max-image-preview:large","max-video-preview":"max-video-preview:-1"},"canonical":"https:\/\/techmasterdemexico.com\/producto\/digital-indicator-calculation-id-c-254mm-0001mm-flat-back\/","og_locale":"en_US","og_type":"article","og_title":"Digital Indicator Calculation ID-C 25,4mm, 0,001mm, Flat Back - Techmaster de Mexico","og_description":"Caracter\u00edsticas   Rango de medida: 25,5 mm  Error m\u00e1x. permitido: 0,003 mm  H MPE (Hysteresis): 0,002 mm  R MPE (Repeatability): 0,002 mm  Presi\u00f3n de medida (N): \u22641,8 N N  Protecci\u00f3n: IP42  Peso: 190 g  Visualizador: LCD, character height 8 mm, rotatable 330\u00b0  Velocidad m\u00e1x.: Unlimited  Frecuencia de medici\u00f3n: Standard mode: 10 times\/s, Fast mode: 50 times\/s (plunger speed max. 50 \u00b5m\/s for peak measurement)  Alarma: Low voltage, ABS composition error, overflow error, tolerance limit setting error  Diametro del vastago \u00d8: 8 mm  Punta de contacto: Carbide ball, thread M 2.5 x 0.45 mm  Duraci\u00f3n bateria: Standard mode: approx. 1 year, Fast mode: approx. 4.5 month  Fuente de alimentaci\u00f3n: 1 battery CR-2032  Entregado: Including 1 battery  Salida de datos: Si  ON\/OFF: Si  Lectura valor M\u00e1x\/Min: Si  Selector ZERO\/ABS: Si  Funci\u00f3n DATA\/HOLD (transmisi\u00f3n\/retencion de valor): Si  PRESET 3x: Si  Resoluci\u00f3n selectable: Si  Bloqueo de funci\u00f3n (bloqueo de teclado): Si  Valoraci\u00f3n GO\/+-NG: Si  C\u00e1lculo (f\u00f3rmula): Si  Power supply report: UN 38.3 Test Summary Report  Digital\/An\u00e1logo: Digital  Pulgadas-m\u00e9trico: M\u00e9trico  Hysteresis: 0,002 mm  Tipo: EN ISO Standard","og_url":"https:\/\/techmasterdemexico.com\/producto\/digital-indicator-calculation-id-c-254mm-0001mm-flat-back\/","og_site_name":"Techmaster de Mexico","article_modified_time":"2022-02-04T18:39:17+00:00","og_image":[{"width":800,"height":800,"url":"https:\/\/techmasterdemexico.com\/wp-content\/uploads\/2021\/12\/543-590b_eps.png","type":"image\/png"}],"twitter_card":"summary_large_image","twitter_misc":{"Est. reading time":"1 minute"},"schema":{"@context":"https:\/\/schema.org","@graph":[{"@type":"WebPage","@id":"https:\/\/techmasterdemexico.com\/producto\/digital-indicator-calculation-id-c-254mm-0001mm-flat-back\/","url":"https:\/\/techmasterdemexico.com\/producto\/digital-indicator-calculation-id-c-254mm-0001mm-flat-back\/","name":"Digital Indicator Calculation ID-C 25,4mm, 0,001mm, Flat Back - Techmaster de Mexico","isPartOf":{"@id":"https:\/\/techmasterdemexico.com\/#website"},"primaryImageOfPage":{"@id":"https:\/\/techmasterdemexico.com\/producto\/digital-indicator-calculation-id-c-254mm-0001mm-flat-back\/#primaryimage"},"image":{"@id":"https:\/\/techmasterdemexico.com\/producto\/digital-indicator-calculation-id-c-254mm-0001mm-flat-back\/#primaryimage"},"thumbnailUrl":"https:\/\/techmasterdemexico.com\/wp-content\/uploads\/2021\/12\/543-590b_eps.png","datePublished":"2021-12-22T00:41:12+00:00","dateModified":"2022-02-04T18:39:17+00:00","breadcrumb":{"@id":"https:\/\/techmasterdemexico.com\/producto\/digital-indicator-calculation-id-c-254mm-0001mm-flat-back\/#breadcrumb"},"inLanguage":"en-US","potentialAction":[{"@type":"ReadAction","target":["https:\/\/techmasterdemexico.com\/producto\/digital-indicator-calculation-id-c-254mm-0001mm-flat-back\/"]}]},{"@type":"ImageObject","inLanguage":"en-US","@id":"https:\/\/techmasterdemexico.com\/producto\/digital-indicator-calculation-id-c-254mm-0001mm-flat-back\/#primaryimage","url":"https:\/\/techmasterdemexico.com\/wp-content\/uploads\/2021\/12\/543-590b_eps.png","contentUrl":"https:\/\/techmasterdemexico.com\/wp-content\/uploads\/2021\/12\/543-590b_eps.png","width":800,"height":800},{"@type":"BreadcrumbList","@id":"https:\/\/techmasterdemexico.com\/producto\/digital-indicator-calculation-id-c-254mm-0001mm-flat-back\/#breadcrumb","itemListElement":[{"@type":"ListItem","position":1,"name":"Portada","item":"https:\/\/techmasterdemexico.com\/"},{"@type":"ListItem","position":2,"name":"Digital Indicator Calculation ID-C 25,4mm, 0,001mm, Flat Back"}]},{"@type":"WebSite","@id":"https:\/\/techmasterdemexico.com\/#website","url":"https:\/\/techmasterdemexico.com\/","name":"Techmaster de Mexico","description":"","potentialAction":[{"@type":"SearchAction","target":{"@type":"EntryPoint","urlTemplate":"https:\/\/techmasterdemexico.com\/?s={search_term_string}"},"query-input":{"@type":"PropertyValueSpecification","valueRequired":true,"valueName":"search_term_string"}}],"inLanguage":"en-US"}]}},"brands":[{"id":39,"name":"Mitutoyo","slug":"mitutoyo"}],"_links":{"self":[{"href":"https:\/\/techmasterdemexico.com\/en\/wp-json\/wp\/v2\/product\/14520","targetHints":{"allow":["GET"]}}],"collection":[{"href":"https:\/\/techmasterdemexico.com\/en\/wp-json\/wp\/v2\/product"}],"about":[{"href":"https:\/\/techmasterdemexico.com\/en\/wp-json\/wp\/v2\/types\/product"}],"wp:featuredmedia":[{"embeddable":true,"href":"https:\/\/techmasterdemexico.com\/en\/wp-json\/wp\/v2\/media\/17625"}],"wp:attachment":[{"href":"https:\/\/techmasterdemexico.com\/en\/wp-json\/wp\/v2\/media?parent=14520"}],"wp:term":[{"taxonomy":"pwb-brand","embeddable":true,"href":"https:\/\/techmasterdemexico.com\/en\/wp-json\/wp\/v2\/pwb-brand?post=14520"},{"taxonomy":"product_brand","embeddable":true,"href":"https:\/\/techmasterdemexico.com\/en\/wp-json\/wp\/v2\/product_brand?post=14520"},{"taxonomy":"product_cat","embeddable":true,"href":"https:\/\/techmasterdemexico.com\/en\/wp-json\/wp\/v2\/product_cat?post=14520"},{"taxonomy":"product_tag","embeddable":true,"href":"https:\/\/techmasterdemexico.com\/en\/wp-json\/wp\/v2\/product_tag?post=14520"}],"curies":[{"name":"wp","href":"https:\/\/api.w.org\/{rel}","templated":true}]}}