{"id":14516,"date":"2021-12-22T00:41:07","date_gmt":"2021-12-22T00:41:07","guid":{"rendered":"https:\/\/techmastermx.ddns.net\/producto\/473-00-eur-2\/"},"modified":"2022-02-04T18:57:19","modified_gmt":"2022-02-04T18:57:19","slug":"473-00-eur-2","status":"publish","type":"product","link":"https:\/\/techmasterdemexico.com\/en\/producto\/473-00-eur-2\/","title":{"rendered":"473.00 EUR"},"content":{"rendered":"<p>473.00<br \/>\nEUR<br \/>\nN\u00famero de art\u00edculo: 543-312B<\/p>\n<p>Descripci\u00f3n<br \/>\nEste comparador est\u00e1 dise\u00f1ado para aplicarlo en Alex\u00f3metros u otros medidores de interiores.<br \/>\nOfrece las siguientes ventajas:<\/p>\n<ul>\n<li>Funci\u00f3n de retenci\u00f3n de valor m\u00ednimo que le permite detectar f\u00e1cilmente el di\u00e1metro de un agujero<\/li>\n<li>Gr\u00e1fico de barras anal\u00f3gico en la pantalla (12 escalas diferentes conmutables)<\/li>\n<li>El gr\u00e1fico de barras anal\u00f3gico mejora la usabilidad al agregar una &#8220;sensaci\u00f3n&#8221; de lectura de tipo anal\u00f3gico.<\/li>\n<li>Funci\u00f3n de juicio de tolerancia GO \/ \u00b1 NG<\/li>\n<li>Se puede seleccionar un modo de frecuencia de medici\u00f3n r\u00e1pida (ciclo de detecci\u00f3n 20 ms o 50 veces \/ s) para medir en el modo de detecci\u00f3n de picos de manera m\u00e1s fiable<\/li>\n<li>F\u00e1cil configuraci\u00f3n del reloj a trav\u00e9s de su men\u00fa de configuraci\u00f3n<\/li>\n<li>Se puede usar una caja de interfaz USB para configurar el indicador desde la PC a trav\u00e9s de un software espec\u00edfico.<\/li>\n<\/ul>\n","protected":false},"excerpt":{"rendered":"<p>Caracter\u00edsticas<\/p>\n<ul>\n<li>Rango de medida: 0.5&#8243;\/12.7 mm<\/li>\n<li>Intervalo: 0,5&#8243; Inch<\/li>\n<li>Error m\u00e1x. permitido: 0,0001&#8243;\/0,003 mm<\/li>\n<li>H MPE (Hysteresis): 0,0001&#8243;\/0,002 mm<\/li>\n<li>R MPE (Repeatability): 0,0001&#8243;\/0,002 mm<\/li>\n<li>Presi\u00f3n de medida (N): \u2264 1,5 N<\/li>\n<li>Protecci\u00f3n: IP42<\/li>\n<li>Peso: 170 g<\/li>\n<li>Visualizador: LCD, character height: 8 mm, rotatable 330\u00b0<\/li>\n<li>Velocidad m\u00e1x.: Unlimited<\/li>\n<li>Frecuencia de medici\u00f3n: Standard mode: 10 times\/s, Fast mode: 50 times\/s (plunger speed max. 50 \u00b5m\/s for peak measurement)<\/li>\n<li>Alarma: Low voltage, composition error, overflow error, tolerance limit setting error<\/li>\n<li>Diametro del vastago \u00d8: 9,52 mm<\/li>\n<li>Punta de contacto: Carbide ball, thread # 4-48 UNF<\/li>\n<li>Duraci\u00f3n bateria: Standard mode: approx. 1 year, Fast mode: approx. 4.5 month<\/li>\n<li>Fuente de alimentaci\u00f3n: 1 battery CR-2032<\/li>\n<li>Entregado: Including 1 battery<\/li>\n<li>Salida de datos: Si<\/li>\n<li>ON\/OFF: Si<\/li>\n<li>Retenci\u00f3n de valor M\u00edn.: Si<\/li>\n<li>Funci\u00f3n DATA\/HOLD (transmisi\u00f3n\/retencion de valor): Si<\/li>\n<li>PRESET 3x: Si<\/li>\n<li>Bloqueo de funci\u00f3n (bloqueo de teclado): Si<\/li>\n<li>Valoraci\u00f3n GO\/+-NG: Si<\/li>\n<li>Power supply report: UN 38.3 Test Summary Report<\/li>\n<li>Digital\/An\u00e1logo: Digital<\/li>\n<li>Pulgadas-m\u00e9trico: pulg\/mm<\/li>\n<li>Hysteresis: 0,0001&#8243;\/0,002 mm<\/li>\n<li>Tipo: ASME\/ANSI\/AGD Standard<\/li>\n<\/ul>\n","protected":false},"featured_media":17637,"template":"","meta":{"_acf_changed":false},"pwb-brand":[39],"product_brand":[],"product_cat":[366,69,331,38,413],"product_tag":[],"class_list":{"0":"post-14516","1":"product","2":"type-product","3":"status-publish","4":"has-post-thumbnail","6":"pwb-brand-mitutoyo","7":"product_cat-todos-los-productos","8":"product_cat-indicadores","9":"product_cat-instrumentos-de-medicion-y-gestion-de-datos","10":"product_cat-mitutoyo","11":"product_cat-relojes-comparadores-absolute-digimatic","13":"first","14":"instock","15":"taxable","16":"shipping-taxable","17":"product-type-simple"},"acf":[],"yoast_head":"<!-- This site is optimized with the Yoast SEO plugin v27.2 - https:\/\/yoast.com\/product\/yoast-seo-wordpress\/ -->\n<title>473.00 EUR - Techmaster de Mexico<\/title>\n<meta name=\"robots\" content=\"index, follow, max-snippet:-1, max-image-preview:large, max-video-preview:-1\" \/>\n<link rel=\"canonical\" href=\"https:\/\/techmasterdemexico.com\/producto\/473-00-eur-2\/\" \/>\n<meta property=\"og:locale\" content=\"en_US\" \/>\n<meta property=\"og:type\" content=\"article\" \/>\n<meta property=\"og:title\" content=\"473.00 EUR - Techmaster de Mexico\" \/>\n<meta property=\"og:description\" content=\"Caracter\u00edsticas   Rango de medida: 0.5&quot;\/12.7 mm  Intervalo: 0,5&quot; Inch  Error m\u00e1x. permitido: 0,0001&quot;\/0,003 mm  H MPE (Hysteresis): 0,0001&quot;\/0,002 mm  R MPE (Repeatability): 0,0001&quot;\/0,002 mm  Presi\u00f3n de medida (N): \u2264 1,5 N  Protecci\u00f3n: IP42  Peso: 170 g  Visualizador: LCD, character height: 8 mm, rotatable 330\u00b0  Velocidad m\u00e1x.: Unlimited  Frecuencia de medici\u00f3n: Standard mode: 10 times\/s, Fast mode: 50 times\/s (plunger speed max. 50 \u00b5m\/s for peak measurement)  Alarma: Low voltage, composition error, overflow error, tolerance limit setting error  Diametro del vastago \u00d8: 9,52 mm  Punta de contacto: Carbide ball, thread # 4-48 UNF  Duraci\u00f3n bateria: Standard mode: approx. 1 year, Fast mode: approx. 4.5 month  Fuente de alimentaci\u00f3n: 1 battery CR-2032  Entregado: Including 1 battery  Salida de datos: Si  ON\/OFF: Si  Retenci\u00f3n de valor M\u00edn.: Si  Funci\u00f3n DATA\/HOLD (transmisi\u00f3n\/retencion de valor): Si  PRESET 3x: Si  Bloqueo de funci\u00f3n (bloqueo de teclado): Si  Valoraci\u00f3n GO\/+-NG: Si  Power supply report: UN 38.3 Test Summary Report  Digital\/An\u00e1logo: Digital  Pulgadas-m\u00e9trico: pulg\/mm  Hysteresis: 0,0001&quot;\/0,002 mm  Tipo: ASME\/ANSI\/AGD Standard\" \/>\n<meta property=\"og:url\" content=\"https:\/\/techmasterdemexico.com\/producto\/473-00-eur-2\/\" \/>\n<meta property=\"og:site_name\" content=\"Techmaster de Mexico\" \/>\n<meta property=\"article:modified_time\" content=\"2022-02-04T18:57:19+00:00\" \/>\n<meta property=\"og:image\" content=\"https:\/\/techmasterdemexico.com\/wp-content\/uploads\/2021\/12\/543-312b_z_jpg.png\" \/>\n\t<meta property=\"og:image:width\" content=\"800\" \/>\n\t<meta property=\"og:image:height\" content=\"800\" \/>\n\t<meta property=\"og:image:type\" content=\"image\/png\" \/>\n<meta name=\"twitter:card\" content=\"summary_large_image\" \/>\n<meta name=\"twitter:label1\" content=\"Est. reading time\" \/>\n\t<meta name=\"twitter:data1\" content=\"1 minute\" \/>\n<script type=\"application\/ld+json\" class=\"yoast-schema-graph\">{\"@context\":\"https:\/\/schema.org\",\"@graph\":[{\"@type\":\"WebPage\",\"@id\":\"https:\/\/techmasterdemexico.com\/producto\/473-00-eur-2\/\",\"url\":\"https:\/\/techmasterdemexico.com\/producto\/473-00-eur-2\/\",\"name\":\"473.00 EUR - Techmaster de Mexico\",\"isPartOf\":{\"@id\":\"https:\/\/techmasterdemexico.com\/#website\"},\"primaryImageOfPage\":{\"@id\":\"https:\/\/techmasterdemexico.com\/producto\/473-00-eur-2\/#primaryimage\"},\"image\":{\"@id\":\"https:\/\/techmasterdemexico.com\/producto\/473-00-eur-2\/#primaryimage\"},\"thumbnailUrl\":\"https:\/\/techmasterdemexico.com\/wp-content\/uploads\/2021\/12\/543-312b_z_jpg.png\",\"datePublished\":\"2021-12-22T00:41:07+00:00\",\"dateModified\":\"2022-02-04T18:57:19+00:00\",\"breadcrumb\":{\"@id\":\"https:\/\/techmasterdemexico.com\/producto\/473-00-eur-2\/#breadcrumb\"},\"inLanguage\":\"en-US\",\"potentialAction\":[{\"@type\":\"ReadAction\",\"target\":[\"https:\/\/techmasterdemexico.com\/producto\/473-00-eur-2\/\"]}]},{\"@type\":\"ImageObject\",\"inLanguage\":\"en-US\",\"@id\":\"https:\/\/techmasterdemexico.com\/producto\/473-00-eur-2\/#primaryimage\",\"url\":\"https:\/\/techmasterdemexico.com\/wp-content\/uploads\/2021\/12\/543-312b_z_jpg.png\",\"contentUrl\":\"https:\/\/techmasterdemexico.com\/wp-content\/uploads\/2021\/12\/543-312b_z_jpg.png\",\"width\":800,\"height\":800},{\"@type\":\"BreadcrumbList\",\"@id\":\"https:\/\/techmasterdemexico.com\/producto\/473-00-eur-2\/#breadcrumb\",\"itemListElement\":[{\"@type\":\"ListItem\",\"position\":1,\"name\":\"Portada\",\"item\":\"https:\/\/techmasterdemexico.com\/\"},{\"@type\":\"ListItem\",\"position\":2,\"name\":\"473.00 EUR\"}]},{\"@type\":\"WebSite\",\"@id\":\"https:\/\/techmasterdemexico.com\/#website\",\"url\":\"https:\/\/techmasterdemexico.com\/\",\"name\":\"Techmaster de Mexico\",\"description\":\"\",\"potentialAction\":[{\"@type\":\"SearchAction\",\"target\":{\"@type\":\"EntryPoint\",\"urlTemplate\":\"https:\/\/techmasterdemexico.com\/?s={search_term_string}\"},\"query-input\":{\"@type\":\"PropertyValueSpecification\",\"valueRequired\":true,\"valueName\":\"search_term_string\"}}],\"inLanguage\":\"en-US\"}]}<\/script>\n<!-- \/ Yoast SEO plugin. -->","yoast_head_json":{"title":"473.00 EUR - Techmaster de Mexico","robots":{"index":"index","follow":"follow","max-snippet":"max-snippet:-1","max-image-preview":"max-image-preview:large","max-video-preview":"max-video-preview:-1"},"canonical":"https:\/\/techmasterdemexico.com\/producto\/473-00-eur-2\/","og_locale":"en_US","og_type":"article","og_title":"473.00 EUR - Techmaster de Mexico","og_description":"Caracter\u00edsticas   Rango de medida: 0.5\"\/12.7 mm  Intervalo: 0,5\" Inch  Error m\u00e1x. permitido: 0,0001\"\/0,003 mm  H MPE (Hysteresis): 0,0001\"\/0,002 mm  R MPE (Repeatability): 0,0001\"\/0,002 mm  Presi\u00f3n de medida (N): \u2264 1,5 N  Protecci\u00f3n: IP42  Peso: 170 g  Visualizador: LCD, character height: 8 mm, rotatable 330\u00b0  Velocidad m\u00e1x.: Unlimited  Frecuencia de medici\u00f3n: Standard mode: 10 times\/s, Fast mode: 50 times\/s (plunger speed max. 50 \u00b5m\/s for peak measurement)  Alarma: Low voltage, composition error, overflow error, tolerance limit setting error  Diametro del vastago \u00d8: 9,52 mm  Punta de contacto: Carbide ball, thread # 4-48 UNF  Duraci\u00f3n bateria: Standard mode: approx. 1 year, Fast mode: approx. 4.5 month  Fuente de alimentaci\u00f3n: 1 battery CR-2032  Entregado: Including 1 battery  Salida de datos: Si  ON\/OFF: Si  Retenci\u00f3n de valor M\u00edn.: Si  Funci\u00f3n DATA\/HOLD (transmisi\u00f3n\/retencion de valor): Si  PRESET 3x: Si  Bloqueo de funci\u00f3n (bloqueo de teclado): Si  Valoraci\u00f3n GO\/+-NG: Si  Power supply report: UN 38.3 Test Summary Report  Digital\/An\u00e1logo: Digital  Pulgadas-m\u00e9trico: pulg\/mm  Hysteresis: 0,0001\"\/0,002 mm  Tipo: ASME\/ANSI\/AGD Standard","og_url":"https:\/\/techmasterdemexico.com\/producto\/473-00-eur-2\/","og_site_name":"Techmaster de Mexico","article_modified_time":"2022-02-04T18:57:19+00:00","og_image":[{"width":800,"height":800,"url":"https:\/\/techmasterdemexico.com\/wp-content\/uploads\/2021\/12\/543-312b_z_jpg.png","type":"image\/png"}],"twitter_card":"summary_large_image","twitter_misc":{"Est. reading time":"1 minute"},"schema":{"@context":"https:\/\/schema.org","@graph":[{"@type":"WebPage","@id":"https:\/\/techmasterdemexico.com\/producto\/473-00-eur-2\/","url":"https:\/\/techmasterdemexico.com\/producto\/473-00-eur-2\/","name":"473.00 EUR - Techmaster de Mexico","isPartOf":{"@id":"https:\/\/techmasterdemexico.com\/#website"},"primaryImageOfPage":{"@id":"https:\/\/techmasterdemexico.com\/producto\/473-00-eur-2\/#primaryimage"},"image":{"@id":"https:\/\/techmasterdemexico.com\/producto\/473-00-eur-2\/#primaryimage"},"thumbnailUrl":"https:\/\/techmasterdemexico.com\/wp-content\/uploads\/2021\/12\/543-312b_z_jpg.png","datePublished":"2021-12-22T00:41:07+00:00","dateModified":"2022-02-04T18:57:19+00:00","breadcrumb":{"@id":"https:\/\/techmasterdemexico.com\/producto\/473-00-eur-2\/#breadcrumb"},"inLanguage":"en-US","potentialAction":[{"@type":"ReadAction","target":["https:\/\/techmasterdemexico.com\/producto\/473-00-eur-2\/"]}]},{"@type":"ImageObject","inLanguage":"en-US","@id":"https:\/\/techmasterdemexico.com\/producto\/473-00-eur-2\/#primaryimage","url":"https:\/\/techmasterdemexico.com\/wp-content\/uploads\/2021\/12\/543-312b_z_jpg.png","contentUrl":"https:\/\/techmasterdemexico.com\/wp-content\/uploads\/2021\/12\/543-312b_z_jpg.png","width":800,"height":800},{"@type":"BreadcrumbList","@id":"https:\/\/techmasterdemexico.com\/producto\/473-00-eur-2\/#breadcrumb","itemListElement":[{"@type":"ListItem","position":1,"name":"Portada","item":"https:\/\/techmasterdemexico.com\/"},{"@type":"ListItem","position":2,"name":"473.00 EUR"}]},{"@type":"WebSite","@id":"https:\/\/techmasterdemexico.com\/#website","url":"https:\/\/techmasterdemexico.com\/","name":"Techmaster de Mexico","description":"","potentialAction":[{"@type":"SearchAction","target":{"@type":"EntryPoint","urlTemplate":"https:\/\/techmasterdemexico.com\/?s={search_term_string}"},"query-input":{"@type":"PropertyValueSpecification","valueRequired":true,"valueName":"search_term_string"}}],"inLanguage":"en-US"}]}},"brands":[{"id":39,"name":"Mitutoyo","slug":"mitutoyo"}],"_links":{"self":[{"href":"https:\/\/techmasterdemexico.com\/en\/wp-json\/wp\/v2\/product\/14516","targetHints":{"allow":["GET"]}}],"collection":[{"href":"https:\/\/techmasterdemexico.com\/en\/wp-json\/wp\/v2\/product"}],"about":[{"href":"https:\/\/techmasterdemexico.com\/en\/wp-json\/wp\/v2\/types\/product"}],"wp:featuredmedia":[{"embeddable":true,"href":"https:\/\/techmasterdemexico.com\/en\/wp-json\/wp\/v2\/media\/17637"}],"wp:attachment":[{"href":"https:\/\/techmasterdemexico.com\/en\/wp-json\/wp\/v2\/media?parent=14516"}],"wp:term":[{"taxonomy":"pwb-brand","embeddable":true,"href":"https:\/\/techmasterdemexico.com\/en\/wp-json\/wp\/v2\/pwb-brand?post=14516"},{"taxonomy":"product_brand","embeddable":true,"href":"https:\/\/techmasterdemexico.com\/en\/wp-json\/wp\/v2\/product_brand?post=14516"},{"taxonomy":"product_cat","embeddable":true,"href":"https:\/\/techmasterdemexico.com\/en\/wp-json\/wp\/v2\/product_cat?post=14516"},{"taxonomy":"product_tag","embeddable":true,"href":"https:\/\/techmasterdemexico.com\/en\/wp-json\/wp\/v2\/product_tag?post=14516"}],"curies":[{"name":"wp","href":"https:\/\/api.w.org\/{rel}","templated":true}]}}