{"id":14476,"date":"2021-12-22T00:40:17","date_gmt":"2021-12-22T00:40:17","guid":{"rendered":"https:\/\/techmastermx.ddns.net\/producto\/analoge-messuhr-10mm-001mm\/"},"modified":"2022-02-04T20:48:31","modified_gmt":"2022-02-04T20:48:31","slug":"analoge-messuhr-10mm-001mm","status":"publish","type":"product","link":"https:\/\/techmasterdemexico.com\/en\/producto\/analoge-messuhr-10mm-001mm\/","title":{"rendered":"Analoge Messuhr, 10mm, 0,01mm"},"content":{"rendered":"<p>Analoge Messuhr<br \/>\n10mm, 0,01mm<br \/>\nN\u00famero de art\u00edculo: 3046S<\/p>\n<p>Descripci\u00f3n<br \/>\nEste es un indicador est\u00e1ndar de marcaci\u00f3n m\u00e9trica. Le ofrece los siguientes beneficios:<\/p>\n<ul>\n<li>Esfera de gran di\u00e1metro para una f\u00e1cil lectura<\/li>\n<li>Se suministra con marcadores de tolerancia y un freno para la esfera como est\u00e1ndar<\/li>\n<\/ul>\n","protected":false},"excerpt":{"rendered":"<p>Caracter\u00edsticas<\/p>\n<ul>\n<li>V\u00e1stago: 8 mm<\/li>\n<li>Punta de contacto: Carbide tipped, thread: M 2.5 x 0.45 mm<\/li>\n<li>Entregado: Entregado con certificado de f\u00e1brica<\/li>\n<li>Dial continuo: Si<\/li>\n<li>Digital\/An\u00e1logo: An\u00e1logo<\/li>\n<li>Pulgadas-m\u00e9trico: M\u00e9trico<\/li>\n<li>fu: 3 \u00b5m<\/li>\n<\/ul>\n","protected":false},"featured_media":17715,"template":"","meta":{"_acf_changed":false},"pwb-brand":[39],"product_brand":[],"product_cat":[366,69,412,331,38],"product_tag":[],"class_list":{"0":"post-14476","1":"product","2":"type-product","3":"status-publish","4":"has-post-thumbnail","6":"pwb-brand-mitutoyo","7":"product_cat-todos-los-productos","8":"product_cat-indicadores","9":"product_cat-indicadores-de-caratula","10":"product_cat-instrumentos-de-medicion-y-gestion-de-datos","11":"product_cat-mitutoyo","13":"first","14":"instock","15":"taxable","16":"shipping-taxable","17":"product-type-simple"},"acf":[],"yoast_head":"<!-- This site is optimized with the Yoast SEO plugin v27.2 - https:\/\/yoast.com\/product\/yoast-seo-wordpress\/ -->\n<title>Analoge Messuhr, 10mm, 0,01mm - Techmaster de Mexico<\/title>\n<meta name=\"robots\" content=\"index, follow, max-snippet:-1, max-image-preview:large, max-video-preview:-1\" \/>\n<link rel=\"canonical\" href=\"https:\/\/techmasterdemexico.com\/producto\/analoge-messuhr-10mm-001mm\/\" \/>\n<meta property=\"og:locale\" content=\"en_US\" \/>\n<meta property=\"og:type\" content=\"article\" \/>\n<meta property=\"og:title\" content=\"Analoge Messuhr, 10mm, 0,01mm - Techmaster de Mexico\" \/>\n<meta property=\"og:description\" content=\"Caracter\u00edsticas   V\u00e1stago: 8 mm  Punta de contacto: Carbide tipped, thread: M 2.5 x 0.45 mm  Entregado: Entregado con certificado de f\u00e1brica  Dial continuo: Si  Digital\/An\u00e1logo: An\u00e1logo  Pulgadas-m\u00e9trico: M\u00e9trico  fu: 3 \u00b5m\" \/>\n<meta property=\"og:url\" content=\"https:\/\/techmasterdemexico.com\/producto\/analoge-messuhr-10mm-001mm\/\" \/>\n<meta property=\"og:site_name\" content=\"Techmaster de Mexico\" \/>\n<meta property=\"article:modified_time\" content=\"2022-02-04T20:48:31+00:00\" \/>\n<meta property=\"og:image\" content=\"https:\/\/techmasterdemexico.com\/wp-content\/uploads\/2021\/12\/3047sb_z_jpg-1.png\" \/>\n\t<meta property=\"og:image:width\" content=\"800\" \/>\n\t<meta property=\"og:image:height\" content=\"800\" \/>\n\t<meta property=\"og:image:type\" content=\"image\/png\" \/>\n<meta name=\"twitter:card\" content=\"summary_large_image\" \/>\n<script type=\"application\/ld+json\" class=\"yoast-schema-graph\">{\"@context\":\"https:\/\/schema.org\",\"@graph\":[{\"@type\":\"WebPage\",\"@id\":\"https:\/\/techmasterdemexico.com\/producto\/analoge-messuhr-10mm-001mm\/\",\"url\":\"https:\/\/techmasterdemexico.com\/producto\/analoge-messuhr-10mm-001mm\/\",\"name\":\"Analoge Messuhr, 10mm, 0,01mm - Techmaster de Mexico\",\"isPartOf\":{\"@id\":\"https:\/\/techmasterdemexico.com\/#website\"},\"primaryImageOfPage\":{\"@id\":\"https:\/\/techmasterdemexico.com\/producto\/analoge-messuhr-10mm-001mm\/#primaryimage\"},\"image\":{\"@id\":\"https:\/\/techmasterdemexico.com\/producto\/analoge-messuhr-10mm-001mm\/#primaryimage\"},\"thumbnailUrl\":\"https:\/\/techmasterdemexico.com\/wp-content\/uploads\/2021\/12\/3047sb_z_jpg-1.png\",\"datePublished\":\"2021-12-22T00:40:17+00:00\",\"dateModified\":\"2022-02-04T20:48:31+00:00\",\"breadcrumb\":{\"@id\":\"https:\/\/techmasterdemexico.com\/producto\/analoge-messuhr-10mm-001mm\/#breadcrumb\"},\"inLanguage\":\"en-US\",\"potentialAction\":[{\"@type\":\"ReadAction\",\"target\":[\"https:\/\/techmasterdemexico.com\/producto\/analoge-messuhr-10mm-001mm\/\"]}]},{\"@type\":\"ImageObject\",\"inLanguage\":\"en-US\",\"@id\":\"https:\/\/techmasterdemexico.com\/producto\/analoge-messuhr-10mm-001mm\/#primaryimage\",\"url\":\"https:\/\/techmasterdemexico.com\/wp-content\/uploads\/2021\/12\/3047sb_z_jpg-1.png\",\"contentUrl\":\"https:\/\/techmasterdemexico.com\/wp-content\/uploads\/2021\/12\/3047sb_z_jpg-1.png\",\"width\":800,\"height\":800},{\"@type\":\"BreadcrumbList\",\"@id\":\"https:\/\/techmasterdemexico.com\/producto\/analoge-messuhr-10mm-001mm\/#breadcrumb\",\"itemListElement\":[{\"@type\":\"ListItem\",\"position\":1,\"name\":\"Portada\",\"item\":\"https:\/\/techmasterdemexico.com\/\"},{\"@type\":\"ListItem\",\"position\":2,\"name\":\"Analoge Messuhr, 10mm, 0,01mm\"}]},{\"@type\":\"WebSite\",\"@id\":\"https:\/\/techmasterdemexico.com\/#website\",\"url\":\"https:\/\/techmasterdemexico.com\/\",\"name\":\"Techmaster de Mexico\",\"description\":\"\",\"potentialAction\":[{\"@type\":\"SearchAction\",\"target\":{\"@type\":\"EntryPoint\",\"urlTemplate\":\"https:\/\/techmasterdemexico.com\/?s={search_term_string}\"},\"query-input\":{\"@type\":\"PropertyValueSpecification\",\"valueRequired\":true,\"valueName\":\"search_term_string\"}}],\"inLanguage\":\"en-US\"}]}<\/script>\n<!-- \/ Yoast SEO plugin. -->","yoast_head_json":{"title":"Analoge Messuhr, 10mm, 0,01mm - Techmaster de Mexico","robots":{"index":"index","follow":"follow","max-snippet":"max-snippet:-1","max-image-preview":"max-image-preview:large","max-video-preview":"max-video-preview:-1"},"canonical":"https:\/\/techmasterdemexico.com\/producto\/analoge-messuhr-10mm-001mm\/","og_locale":"en_US","og_type":"article","og_title":"Analoge Messuhr, 10mm, 0,01mm - Techmaster de Mexico","og_description":"Caracter\u00edsticas   V\u00e1stago: 8 mm  Punta de contacto: Carbide tipped, thread: M 2.5 x 0.45 mm  Entregado: Entregado con certificado de f\u00e1brica  Dial continuo: Si  Digital\/An\u00e1logo: An\u00e1logo  Pulgadas-m\u00e9trico: M\u00e9trico  fu: 3 \u00b5m","og_url":"https:\/\/techmasterdemexico.com\/producto\/analoge-messuhr-10mm-001mm\/","og_site_name":"Techmaster de Mexico","article_modified_time":"2022-02-04T20:48:31+00:00","og_image":[{"width":800,"height":800,"url":"https:\/\/techmasterdemexico.com\/wp-content\/uploads\/2021\/12\/3047sb_z_jpg-1.png","type":"image\/png"}],"twitter_card":"summary_large_image","schema":{"@context":"https:\/\/schema.org","@graph":[{"@type":"WebPage","@id":"https:\/\/techmasterdemexico.com\/producto\/analoge-messuhr-10mm-001mm\/","url":"https:\/\/techmasterdemexico.com\/producto\/analoge-messuhr-10mm-001mm\/","name":"Analoge Messuhr, 10mm, 0,01mm - Techmaster de Mexico","isPartOf":{"@id":"https:\/\/techmasterdemexico.com\/#website"},"primaryImageOfPage":{"@id":"https:\/\/techmasterdemexico.com\/producto\/analoge-messuhr-10mm-001mm\/#primaryimage"},"image":{"@id":"https:\/\/techmasterdemexico.com\/producto\/analoge-messuhr-10mm-001mm\/#primaryimage"},"thumbnailUrl":"https:\/\/techmasterdemexico.com\/wp-content\/uploads\/2021\/12\/3047sb_z_jpg-1.png","datePublished":"2021-12-22T00:40:17+00:00","dateModified":"2022-02-04T20:48:31+00:00","breadcrumb":{"@id":"https:\/\/techmasterdemexico.com\/producto\/analoge-messuhr-10mm-001mm\/#breadcrumb"},"inLanguage":"en-US","potentialAction":[{"@type":"ReadAction","target":["https:\/\/techmasterdemexico.com\/producto\/analoge-messuhr-10mm-001mm\/"]}]},{"@type":"ImageObject","inLanguage":"en-US","@id":"https:\/\/techmasterdemexico.com\/producto\/analoge-messuhr-10mm-001mm\/#primaryimage","url":"https:\/\/techmasterdemexico.com\/wp-content\/uploads\/2021\/12\/3047sb_z_jpg-1.png","contentUrl":"https:\/\/techmasterdemexico.com\/wp-content\/uploads\/2021\/12\/3047sb_z_jpg-1.png","width":800,"height":800},{"@type":"BreadcrumbList","@id":"https:\/\/techmasterdemexico.com\/producto\/analoge-messuhr-10mm-001mm\/#breadcrumb","itemListElement":[{"@type":"ListItem","position":1,"name":"Portada","item":"https:\/\/techmasterdemexico.com\/"},{"@type":"ListItem","position":2,"name":"Analoge Messuhr, 10mm, 0,01mm"}]},{"@type":"WebSite","@id":"https:\/\/techmasterdemexico.com\/#website","url":"https:\/\/techmasterdemexico.com\/","name":"Techmaster de Mexico","description":"","potentialAction":[{"@type":"SearchAction","target":{"@type":"EntryPoint","urlTemplate":"https:\/\/techmasterdemexico.com\/?s={search_term_string}"},"query-input":{"@type":"PropertyValueSpecification","valueRequired":true,"valueName":"search_term_string"}}],"inLanguage":"en-US"}]}},"brands":[{"id":39,"name":"Mitutoyo","slug":"mitutoyo"}],"_links":{"self":[{"href":"https:\/\/techmasterdemexico.com\/en\/wp-json\/wp\/v2\/product\/14476","targetHints":{"allow":["GET"]}}],"collection":[{"href":"https:\/\/techmasterdemexico.com\/en\/wp-json\/wp\/v2\/product"}],"about":[{"href":"https:\/\/techmasterdemexico.com\/en\/wp-json\/wp\/v2\/types\/product"}],"wp:featuredmedia":[{"embeddable":true,"href":"https:\/\/techmasterdemexico.com\/en\/wp-json\/wp\/v2\/media\/17715"}],"wp:attachment":[{"href":"https:\/\/techmasterdemexico.com\/en\/wp-json\/wp\/v2\/media?parent=14476"}],"wp:term":[{"taxonomy":"pwb-brand","embeddable":true,"href":"https:\/\/techmasterdemexico.com\/en\/wp-json\/wp\/v2\/pwb-brand?post=14476"},{"taxonomy":"product_brand","embeddable":true,"href":"https:\/\/techmasterdemexico.com\/en\/wp-json\/wp\/v2\/product_brand?post=14476"},{"taxonomy":"product_cat","embeddable":true,"href":"https:\/\/techmasterdemexico.com\/en\/wp-json\/wp\/v2\/product_cat?post=14476"},{"taxonomy":"product_tag","embeddable":true,"href":"https:\/\/techmasterdemexico.com\/en\/wp-json\/wp\/v2\/product_tag?post=14476"}],"curies":[{"name":"wp","href":"https:\/\/api.w.org\/{rel}","templated":true}]}}