{"id":14475,"date":"2021-12-22T00:40:16","date_gmt":"2021-12-22T00:40:16","guid":{"rendered":"https:\/\/techmastermx.ddns.net\/producto\/dial-indicator-lug-back-agd-ansi-005-00001-jew-bearing-shockproof-3\/"},"modified":"2022-02-04T21:28:06","modified_gmt":"2022-02-04T21:28:06","slug":"dial-indicator-lug-back-agd-ansi-005-00001-jew-bearing-shockproof-3","status":"publish","type":"product","link":"https:\/\/techmasterdemexico.com\/en\/producto\/dial-indicator-lug-back-agd-ansi-005-00001-jew-bearing-shockproof-3\/","title":{"rendered":"Dial Indicator, Lug Back, AGD\/ANSI, 0,05&#8243;, 0,0001&#8243;, Jew. Bearing, Shockproof"},"content":{"rendered":"<p>Dial Indicator, Lug Back, AGD\/ANSI<br \/>\n0,05&#8243;, 0,0001&#8243;, Jew. Bearing, Shockproof<br \/>\nN\u00famero de art\u00edculo: 2923S-10<\/p>\n<p>Descripci\u00f3n<br \/>\nTipo Standard<\/p>\n<ul>\n<li>Esfera \u00d8 57 mm, 0,025&#8243;\/ 0,05&#8243;\/ 0,125&#8243; Rango<\/li>\n<li>Graduaci\u00f3n 0,0001&#8243;\/ 0,0005&#8243;<\/li>\n<\/ul>\n","protected":false},"excerpt":{"rendered":"<p>Caracter\u00edsticas<\/p>\n<ul>\n<li>Exactitud: \u00b10,0002&#8243;<\/li>\n<li>Error of indication one revolution: \u00b10,0002&#8243;<\/li>\n<li>V\u00e1stago: 9.52 mm \/ 0.375&#8243;<\/li>\n<li>Punta de contacto: Carbide tipped, thread: 4-48UNF<\/li>\n<li>Entregado: with certificate of inspection, limit indicators<\/li>\n<li>Dial equilibrado: Si<\/li>\n<li>Dial continuo: Si<\/li>\n<li>Lectura invertida: Si 3<\/li>\n<li>Resistente al impacto: Si<\/li>\n<li>Jeweled Bearing: Si<\/li>\n<li>Digital\/An\u00e1logo: An\u00e1logo<\/li>\n<li>Pulgadas-m\u00e9trico: Pulgadas<\/li>\n<li>Tipo: ANSI\/AGD Standard<\/li>\n<\/ul>\n","protected":false},"featured_media":17716,"template":"","meta":{"_acf_changed":false},"pwb-brand":[39],"product_brand":[],"product_cat":[366,69,412,331,38],"product_tag":[],"class_list":{"0":"post-14475","1":"product","2":"type-product","3":"status-publish","4":"has-post-thumbnail","6":"pwb-brand-mitutoyo","7":"product_cat-todos-los-productos","8":"product_cat-indicadores","9":"product_cat-indicadores-de-caratula","10":"product_cat-instrumentos-de-medicion-y-gestion-de-datos","11":"product_cat-mitutoyo","13":"first","14":"instock","15":"taxable","16":"shipping-taxable","17":"product-type-simple"},"acf":[],"yoast_head":"<!-- This site is optimized with the Yoast SEO plugin v27.2 - https:\/\/yoast.com\/product\/yoast-seo-wordpress\/ -->\n<title>Dial Indicator, Lug Back, AGD\/ANSI, 0,05&quot;, 0,0001&quot;, Jew. Bearing, Shockproof - Techmaster de Mexico<\/title>\n<meta name=\"robots\" content=\"index, follow, max-snippet:-1, max-image-preview:large, max-video-preview:-1\" \/>\n<link rel=\"canonical\" href=\"https:\/\/techmasterdemexico.com\/en\/producto\/dial-indicator-lug-back-agd-ansi-005-00001-jew-bearing-shockproof-3\/\" \/>\n<meta property=\"og:locale\" content=\"en_US\" \/>\n<meta property=\"og:type\" content=\"article\" \/>\n<meta property=\"og:title\" content=\"Dial Indicator, Lug Back, AGD\/ANSI, 0,05&quot;, 0,0001&quot;, Jew. Bearing, Shockproof - Techmaster de Mexico\" \/>\n<meta property=\"og:description\" content=\"Caracter\u00edsticas   Exactitud: \u00b10,0002&quot;  Error of indication one revolution: \u00b10,0002&quot;  V\u00e1stago: 9.52 mm \/ 0.375&quot;  Punta de contacto: Carbide tipped, thread: 4-48UNF  Entregado: with certificate of inspection, limit indicators  Dial equilibrado: Si  Dial continuo: Si  Lectura invertida: Si 3  Resistente al impacto: Si  Jeweled Bearing: Si  Digital\/An\u00e1logo: An\u00e1logo  Pulgadas-m\u00e9trico: Pulgadas  Tipo: ANSI\/AGD Standard\" \/>\n<meta property=\"og:url\" content=\"https:\/\/techmasterdemexico.com\/en\/producto\/dial-indicator-lug-back-agd-ansi-005-00001-jew-bearing-shockproof-3\/\" \/>\n<meta property=\"og:site_name\" content=\"Techmaster de Mexico\" \/>\n<meta property=\"article:modified_time\" content=\"2022-02-04T21:28:06+00:00\" \/>\n<meta property=\"og:image\" content=\"https:\/\/techmasterdemexico.com\/wp-content\/uploads\/2021\/12\/2923s-10_z_jpg.png\" \/>\n\t<meta property=\"og:image:width\" content=\"800\" \/>\n\t<meta property=\"og:image:height\" content=\"800\" \/>\n\t<meta property=\"og:image:type\" content=\"image\/png\" \/>\n<meta name=\"twitter:card\" content=\"summary_large_image\" \/>\n<script type=\"application\/ld+json\" class=\"yoast-schema-graph\">{\"@context\":\"https:\/\/schema.org\",\"@graph\":[{\"@type\":\"WebPage\",\"@id\":\"https:\/\/techmasterdemexico.com\/en\/producto\/dial-indicator-lug-back-agd-ansi-005-00001-jew-bearing-shockproof-3\/\",\"url\":\"https:\/\/techmasterdemexico.com\/en\/producto\/dial-indicator-lug-back-agd-ansi-005-00001-jew-bearing-shockproof-3\/\",\"name\":\"Dial Indicator, Lug Back, AGD\/ANSI, 0,05\\\", 0,0001\\\", Jew. Bearing, Shockproof - Techmaster de Mexico\",\"isPartOf\":{\"@id\":\"https:\/\/techmasterdemexico.com\/#website\"},\"primaryImageOfPage\":{\"@id\":\"https:\/\/techmasterdemexico.com\/en\/producto\/dial-indicator-lug-back-agd-ansi-005-00001-jew-bearing-shockproof-3\/#primaryimage\"},\"image\":{\"@id\":\"https:\/\/techmasterdemexico.com\/en\/producto\/dial-indicator-lug-back-agd-ansi-005-00001-jew-bearing-shockproof-3\/#primaryimage\"},\"thumbnailUrl\":\"https:\/\/techmasterdemexico.com\/wp-content\/uploads\/2021\/12\/2923s-10_z_jpg.png\",\"datePublished\":\"2021-12-22T00:40:16+00:00\",\"dateModified\":\"2022-02-04T21:28:06+00:00\",\"breadcrumb\":{\"@id\":\"https:\/\/techmasterdemexico.com\/en\/producto\/dial-indicator-lug-back-agd-ansi-005-00001-jew-bearing-shockproof-3\/#breadcrumb\"},\"inLanguage\":\"en-US\",\"potentialAction\":[{\"@type\":\"ReadAction\",\"target\":[\"https:\/\/techmasterdemexico.com\/en\/producto\/dial-indicator-lug-back-agd-ansi-005-00001-jew-bearing-shockproof-3\/\"]}]},{\"@type\":\"ImageObject\",\"inLanguage\":\"en-US\",\"@id\":\"https:\/\/techmasterdemexico.com\/en\/producto\/dial-indicator-lug-back-agd-ansi-005-00001-jew-bearing-shockproof-3\/#primaryimage\",\"url\":\"https:\/\/techmasterdemexico.com\/wp-content\/uploads\/2021\/12\/2923s-10_z_jpg.png\",\"contentUrl\":\"https:\/\/techmasterdemexico.com\/wp-content\/uploads\/2021\/12\/2923s-10_z_jpg.png\",\"width\":800,\"height\":800},{\"@type\":\"BreadcrumbList\",\"@id\":\"https:\/\/techmasterdemexico.com\/en\/producto\/dial-indicator-lug-back-agd-ansi-005-00001-jew-bearing-shockproof-3\/#breadcrumb\",\"itemListElement\":[{\"@type\":\"ListItem\",\"position\":1,\"name\":\"Portada\",\"item\":\"https:\/\/techmasterdemexico.com\/\"},{\"@type\":\"ListItem\",\"position\":2,\"name\":\"Dial Indicator, Lug Back, AGD\/ANSI, 0,05&#8243;, 0,0001&#8243;, Jew. Bearing, Shockproof\"}]},{\"@type\":\"WebSite\",\"@id\":\"https:\/\/techmasterdemexico.com\/#website\",\"url\":\"https:\/\/techmasterdemexico.com\/\",\"name\":\"Techmaster de Mexico\",\"description\":\"\",\"potentialAction\":[{\"@type\":\"SearchAction\",\"target\":{\"@type\":\"EntryPoint\",\"urlTemplate\":\"https:\/\/techmasterdemexico.com\/?s={search_term_string}\"},\"query-input\":{\"@type\":\"PropertyValueSpecification\",\"valueRequired\":true,\"valueName\":\"search_term_string\"}}],\"inLanguage\":\"en-US\"}]}<\/script>\n<!-- \/ Yoast SEO plugin. -->","yoast_head_json":{"title":"Dial Indicator, Lug Back, AGD\/ANSI, 0,05\", 0,0001\", Jew. Bearing, Shockproof - Techmaster de Mexico","robots":{"index":"index","follow":"follow","max-snippet":"max-snippet:-1","max-image-preview":"max-image-preview:large","max-video-preview":"max-video-preview:-1"},"canonical":"https:\/\/techmasterdemexico.com\/en\/producto\/dial-indicator-lug-back-agd-ansi-005-00001-jew-bearing-shockproof-3\/","og_locale":"en_US","og_type":"article","og_title":"Dial Indicator, Lug Back, AGD\/ANSI, 0,05\", 0,0001\", Jew. Bearing, Shockproof - Techmaster de Mexico","og_description":"Caracter\u00edsticas   Exactitud: \u00b10,0002\"  Error of indication one revolution: \u00b10,0002\"  V\u00e1stago: 9.52 mm \/ 0.375\"  Punta de contacto: Carbide tipped, thread: 4-48UNF  Entregado: with certificate of inspection, limit indicators  Dial equilibrado: Si  Dial continuo: Si  Lectura invertida: Si 3  Resistente al impacto: Si  Jeweled Bearing: Si  Digital\/An\u00e1logo: An\u00e1logo  Pulgadas-m\u00e9trico: Pulgadas  Tipo: ANSI\/AGD Standard","og_url":"https:\/\/techmasterdemexico.com\/en\/producto\/dial-indicator-lug-back-agd-ansi-005-00001-jew-bearing-shockproof-3\/","og_site_name":"Techmaster de Mexico","article_modified_time":"2022-02-04T21:28:06+00:00","og_image":[{"width":800,"height":800,"url":"https:\/\/techmasterdemexico.com\/wp-content\/uploads\/2021\/12\/2923s-10_z_jpg.png","type":"image\/png"}],"twitter_card":"summary_large_image","schema":{"@context":"https:\/\/schema.org","@graph":[{"@type":"WebPage","@id":"https:\/\/techmasterdemexico.com\/en\/producto\/dial-indicator-lug-back-agd-ansi-005-00001-jew-bearing-shockproof-3\/","url":"https:\/\/techmasterdemexico.com\/en\/producto\/dial-indicator-lug-back-agd-ansi-005-00001-jew-bearing-shockproof-3\/","name":"Dial Indicator, Lug Back, AGD\/ANSI, 0,05\", 0,0001\", Jew. Bearing, Shockproof - Techmaster de Mexico","isPartOf":{"@id":"https:\/\/techmasterdemexico.com\/#website"},"primaryImageOfPage":{"@id":"https:\/\/techmasterdemexico.com\/en\/producto\/dial-indicator-lug-back-agd-ansi-005-00001-jew-bearing-shockproof-3\/#primaryimage"},"image":{"@id":"https:\/\/techmasterdemexico.com\/en\/producto\/dial-indicator-lug-back-agd-ansi-005-00001-jew-bearing-shockproof-3\/#primaryimage"},"thumbnailUrl":"https:\/\/techmasterdemexico.com\/wp-content\/uploads\/2021\/12\/2923s-10_z_jpg.png","datePublished":"2021-12-22T00:40:16+00:00","dateModified":"2022-02-04T21:28:06+00:00","breadcrumb":{"@id":"https:\/\/techmasterdemexico.com\/en\/producto\/dial-indicator-lug-back-agd-ansi-005-00001-jew-bearing-shockproof-3\/#breadcrumb"},"inLanguage":"en-US","potentialAction":[{"@type":"ReadAction","target":["https:\/\/techmasterdemexico.com\/en\/producto\/dial-indicator-lug-back-agd-ansi-005-00001-jew-bearing-shockproof-3\/"]}]},{"@type":"ImageObject","inLanguage":"en-US","@id":"https:\/\/techmasterdemexico.com\/en\/producto\/dial-indicator-lug-back-agd-ansi-005-00001-jew-bearing-shockproof-3\/#primaryimage","url":"https:\/\/techmasterdemexico.com\/wp-content\/uploads\/2021\/12\/2923s-10_z_jpg.png","contentUrl":"https:\/\/techmasterdemexico.com\/wp-content\/uploads\/2021\/12\/2923s-10_z_jpg.png","width":800,"height":800},{"@type":"BreadcrumbList","@id":"https:\/\/techmasterdemexico.com\/en\/producto\/dial-indicator-lug-back-agd-ansi-005-00001-jew-bearing-shockproof-3\/#breadcrumb","itemListElement":[{"@type":"ListItem","position":1,"name":"Portada","item":"https:\/\/techmasterdemexico.com\/"},{"@type":"ListItem","position":2,"name":"Dial Indicator, Lug Back, AGD\/ANSI, 0,05&#8243;, 0,0001&#8243;, Jew. Bearing, Shockproof"}]},{"@type":"WebSite","@id":"https:\/\/techmasterdemexico.com\/#website","url":"https:\/\/techmasterdemexico.com\/","name":"Techmaster de Mexico","description":"","potentialAction":[{"@type":"SearchAction","target":{"@type":"EntryPoint","urlTemplate":"https:\/\/techmasterdemexico.com\/?s={search_term_string}"},"query-input":{"@type":"PropertyValueSpecification","valueRequired":true,"valueName":"search_term_string"}}],"inLanguage":"en-US"}]}},"brands":[{"id":39,"name":"Mitutoyo","slug":"mitutoyo"}],"_links":{"self":[{"href":"https:\/\/techmasterdemexico.com\/en\/wp-json\/wp\/v2\/product\/14475","targetHints":{"allow":["GET"]}}],"collection":[{"href":"https:\/\/techmasterdemexico.com\/en\/wp-json\/wp\/v2\/product"}],"about":[{"href":"https:\/\/techmasterdemexico.com\/en\/wp-json\/wp\/v2\/types\/product"}],"wp:featuredmedia":[{"embeddable":true,"href":"https:\/\/techmasterdemexico.com\/en\/wp-json\/wp\/v2\/media\/17716"}],"wp:attachment":[{"href":"https:\/\/techmasterdemexico.com\/en\/wp-json\/wp\/v2\/media?parent=14475"}],"wp:term":[{"taxonomy":"pwb-brand","embeddable":true,"href":"https:\/\/techmasterdemexico.com\/en\/wp-json\/wp\/v2\/pwb-brand?post=14475"},{"taxonomy":"product_brand","embeddable":true,"href":"https:\/\/techmasterdemexico.com\/en\/wp-json\/wp\/v2\/product_brand?post=14475"},{"taxonomy":"product_cat","embeddable":true,"href":"https:\/\/techmasterdemexico.com\/en\/wp-json\/wp\/v2\/product_cat?post=14475"},{"taxonomy":"product_tag","embeddable":true,"href":"https:\/\/techmasterdemexico.com\/en\/wp-json\/wp\/v2\/product_tag?post=14475"}],"curies":[{"name":"wp","href":"https:\/\/api.w.org\/{rel}","templated":true}]}}