{"id":14422,"date":"2021-12-22T00:39:06","date_gmt":"2021-12-22T00:39:06","guid":{"rendered":"https:\/\/techmastermx.ddns.net\/producto\/reloj-comparador-analogico-rango-de-medicion-10-mm-resolucion-0-01-mm-tipo-iso-jis-shockproof-2\/"},"modified":"2022-02-05T00:28:42","modified_gmt":"2022-02-05T00:28:42","slug":"reloj-comparador-analogico-rango-de-medicion-10-mm-resolucion-0-01-mm-tipo-iso-jis-shockproof-2","status":"publish","type":"product","link":"https:\/\/techmasterdemexico.com\/en\/producto\/reloj-comparador-analogico-rango-de-medicion-10-mm-resolucion-0-01-mm-tipo-iso-jis-shockproof-2\/","title":{"rendered":"Reloj comparador anal\u00f3gico (Rango de medici\u00f3n 10 mm, resoluci\u00f3n 0.01 mm) tipo ISO\/JIS Shockproof"},"content":{"rendered":"<p>Reloj comparador anal\u00f3gico (Rango de medici\u00f3n 10 mm, resoluci\u00f3n 0.01 mm) tipo ISO\/JIS<br \/>\n10mm, 0,01mm, Shockproof<br \/>\nN\u00famero de art\u00edculo: 2046SB-09<\/p>\n<p>Descripci\u00f3n<br \/>\nComparador de ejecuci\u00f3n m\u00e9trica. Le ofrece los siguientes beneficios:<\/p>\n<ul>\n<li>La abrazadera de aro y la palanca de elevaci\u00f3n (opcional) se pueden colocar en el lado derecho o izquierdo. Se pueden instalar y quitar f\u00e1cilmente sin herramientas.<\/li>\n<li>No hay orificios para tornillos en el marco. Su junta t\u00f3rica de estanqueidad evita la penetraci\u00f3n de agua o aceite.<\/li>\n<\/ul>\n","protected":false},"excerpt":{"rendered":"<p>Caracter\u00edsticas<\/p>\n<ul>\n<li>V\u00e1stago: 8 mm<\/li>\n<li>Punta de contacto: Carbide tipped, thread: M 2.5 x 0.45 mm<\/li>\n<li>Entregado: with certificate of inspection, limit indicators<\/li>\n<li>Digital\/An\u00e1logo: An\u00e1logo<\/li>\n<li>pulgadas-m\u00e9trico: M\u00e9trico<\/li>\n<li>Tipo: EN ISO Standard<\/li>\n<li>fu: 3 \u00b5m<\/li>\n<\/ul>\n","protected":false},"featured_media":17738,"template":"","meta":{"_acf_changed":false},"pwb-brand":[39],"product_brand":[],"product_cat":[366,69,412,331,38],"product_tag":[],"class_list":{"0":"post-14422","1":"product","2":"type-product","3":"status-publish","4":"has-post-thumbnail","6":"pwb-brand-mitutoyo","7":"product_cat-todos-los-productos","8":"product_cat-indicadores","9":"product_cat-indicadores-de-caratula","10":"product_cat-instrumentos-de-medicion-y-gestion-de-datos","11":"product_cat-mitutoyo","13":"first","14":"instock","15":"taxable","16":"shipping-taxable","17":"product-type-simple"},"acf":[],"yoast_head":"<!-- This site is optimized with the Yoast SEO plugin v27.2 - https:\/\/yoast.com\/product\/yoast-seo-wordpress\/ -->\n<title>Reloj comparador anal\u00f3gico (Rango de medici\u00f3n 10 mm, resoluci\u00f3n 0.01 mm) tipo ISO\/JIS Shockproof - Techmaster de Mexico<\/title>\n<meta name=\"robots\" content=\"index, follow, max-snippet:-1, max-image-preview:large, max-video-preview:-1\" \/>\n<link rel=\"canonical\" href=\"https:\/\/techmasterdemexico.com\/en\/producto\/reloj-comparador-analogico-rango-de-medicion-10-mm-resolucion-0-01-mm-tipo-iso-jis-shockproof-2\/\" \/>\n<meta property=\"og:locale\" content=\"en_US\" \/>\n<meta property=\"og:type\" content=\"article\" \/>\n<meta property=\"og:title\" content=\"Reloj comparador anal\u00f3gico (Rango de medici\u00f3n 10 mm, resoluci\u00f3n 0.01 mm) tipo ISO\/JIS Shockproof - Techmaster de Mexico\" \/>\n<meta property=\"og:description\" content=\"Caracter\u00edsticas   V\u00e1stago: 8 mm  Punta de contacto: Carbide tipped, thread: M 2.5 x 0.45 mm  Entregado: with certificate of inspection, limit indicators  Digital\/An\u00e1logo: An\u00e1logo  pulgadas-m\u00e9trico: M\u00e9trico  Tipo: EN ISO Standard  fu: 3 \u00b5m\" \/>\n<meta property=\"og:url\" content=\"https:\/\/techmasterdemexico.com\/en\/producto\/reloj-comparador-analogico-rango-de-medicion-10-mm-resolucion-0-01-mm-tipo-iso-jis-shockproof-2\/\" \/>\n<meta property=\"og:site_name\" content=\"Techmaster de Mexico\" \/>\n<meta property=\"article:modified_time\" content=\"2022-02-05T00:28:42+00:00\" \/>\n<meta property=\"og:image\" content=\"https:\/\/techmasterdemexico.com\/wp-content\/uploads\/2021\/12\/2109s-10_z1_jpg.png\" \/>\n\t<meta property=\"og:image:width\" content=\"800\" \/>\n\t<meta property=\"og:image:height\" content=\"800\" \/>\n\t<meta property=\"og:image:type\" content=\"image\/png\" \/>\n<meta name=\"twitter:card\" content=\"summary_large_image\" \/>\n<script type=\"application\/ld+json\" class=\"yoast-schema-graph\">{\"@context\":\"https:\/\/schema.org\",\"@graph\":[{\"@type\":\"WebPage\",\"@id\":\"https:\/\/techmasterdemexico.com\/en\/producto\/reloj-comparador-analogico-rango-de-medicion-10-mm-resolucion-0-01-mm-tipo-iso-jis-shockproof-2\/\",\"url\":\"https:\/\/techmasterdemexico.com\/en\/producto\/reloj-comparador-analogico-rango-de-medicion-10-mm-resolucion-0-01-mm-tipo-iso-jis-shockproof-2\/\",\"name\":\"Reloj comparador anal\u00f3gico (Rango de medici\u00f3n 10 mm, resoluci\u00f3n 0.01 mm) tipo ISO\/JIS Shockproof - Techmaster de Mexico\",\"isPartOf\":{\"@id\":\"https:\/\/techmasterdemexico.com\/#website\"},\"primaryImageOfPage\":{\"@id\":\"https:\/\/techmasterdemexico.com\/en\/producto\/reloj-comparador-analogico-rango-de-medicion-10-mm-resolucion-0-01-mm-tipo-iso-jis-shockproof-2\/#primaryimage\"},\"image\":{\"@id\":\"https:\/\/techmasterdemexico.com\/en\/producto\/reloj-comparador-analogico-rango-de-medicion-10-mm-resolucion-0-01-mm-tipo-iso-jis-shockproof-2\/#primaryimage\"},\"thumbnailUrl\":\"https:\/\/techmasterdemexico.com\/wp-content\/uploads\/2021\/12\/2109s-10_z1_jpg.png\",\"datePublished\":\"2021-12-22T00:39:06+00:00\",\"dateModified\":\"2022-02-05T00:28:42+00:00\",\"breadcrumb\":{\"@id\":\"https:\/\/techmasterdemexico.com\/en\/producto\/reloj-comparador-analogico-rango-de-medicion-10-mm-resolucion-0-01-mm-tipo-iso-jis-shockproof-2\/#breadcrumb\"},\"inLanguage\":\"en-US\",\"potentialAction\":[{\"@type\":\"ReadAction\",\"target\":[\"https:\/\/techmasterdemexico.com\/en\/producto\/reloj-comparador-analogico-rango-de-medicion-10-mm-resolucion-0-01-mm-tipo-iso-jis-shockproof-2\/\"]}]},{\"@type\":\"ImageObject\",\"inLanguage\":\"en-US\",\"@id\":\"https:\/\/techmasterdemexico.com\/en\/producto\/reloj-comparador-analogico-rango-de-medicion-10-mm-resolucion-0-01-mm-tipo-iso-jis-shockproof-2\/#primaryimage\",\"url\":\"https:\/\/techmasterdemexico.com\/wp-content\/uploads\/2021\/12\/2109s-10_z1_jpg.png\",\"contentUrl\":\"https:\/\/techmasterdemexico.com\/wp-content\/uploads\/2021\/12\/2109s-10_z1_jpg.png\",\"width\":800,\"height\":800},{\"@type\":\"BreadcrumbList\",\"@id\":\"https:\/\/techmasterdemexico.com\/en\/producto\/reloj-comparador-analogico-rango-de-medicion-10-mm-resolucion-0-01-mm-tipo-iso-jis-shockproof-2\/#breadcrumb\",\"itemListElement\":[{\"@type\":\"ListItem\",\"position\":1,\"name\":\"Portada\",\"item\":\"https:\/\/techmasterdemexico.com\/\"},{\"@type\":\"ListItem\",\"position\":2,\"name\":\"Reloj comparador anal\u00f3gico (Rango de medici\u00f3n 10 mm, resoluci\u00f3n 0.01 mm) tipo ISO\/JIS Shockproof\"}]},{\"@type\":\"WebSite\",\"@id\":\"https:\/\/techmasterdemexico.com\/#website\",\"url\":\"https:\/\/techmasterdemexico.com\/\",\"name\":\"Techmaster de Mexico\",\"description\":\"\",\"potentialAction\":[{\"@type\":\"SearchAction\",\"target\":{\"@type\":\"EntryPoint\",\"urlTemplate\":\"https:\/\/techmasterdemexico.com\/?s={search_term_string}\"},\"query-input\":{\"@type\":\"PropertyValueSpecification\",\"valueRequired\":true,\"valueName\":\"search_term_string\"}}],\"inLanguage\":\"en-US\"}]}<\/script>\n<!-- \/ Yoast SEO plugin. -->","yoast_head_json":{"title":"Reloj comparador anal\u00f3gico (Rango de medici\u00f3n 10 mm, resoluci\u00f3n 0.01 mm) tipo ISO\/JIS Shockproof - Techmaster de Mexico","robots":{"index":"index","follow":"follow","max-snippet":"max-snippet:-1","max-image-preview":"max-image-preview:large","max-video-preview":"max-video-preview:-1"},"canonical":"https:\/\/techmasterdemexico.com\/en\/producto\/reloj-comparador-analogico-rango-de-medicion-10-mm-resolucion-0-01-mm-tipo-iso-jis-shockproof-2\/","og_locale":"en_US","og_type":"article","og_title":"Reloj comparador anal\u00f3gico (Rango de medici\u00f3n 10 mm, resoluci\u00f3n 0.01 mm) tipo ISO\/JIS Shockproof - Techmaster de Mexico","og_description":"Caracter\u00edsticas   V\u00e1stago: 8 mm  Punta de contacto: Carbide tipped, thread: M 2.5 x 0.45 mm  Entregado: with certificate of inspection, limit indicators  Digital\/An\u00e1logo: An\u00e1logo  pulgadas-m\u00e9trico: M\u00e9trico  Tipo: EN ISO Standard  fu: 3 \u00b5m","og_url":"https:\/\/techmasterdemexico.com\/en\/producto\/reloj-comparador-analogico-rango-de-medicion-10-mm-resolucion-0-01-mm-tipo-iso-jis-shockproof-2\/","og_site_name":"Techmaster de Mexico","article_modified_time":"2022-02-05T00:28:42+00:00","og_image":[{"width":800,"height":800,"url":"https:\/\/techmasterdemexico.com\/wp-content\/uploads\/2021\/12\/2109s-10_z1_jpg.png","type":"image\/png"}],"twitter_card":"summary_large_image","schema":{"@context":"https:\/\/schema.org","@graph":[{"@type":"WebPage","@id":"https:\/\/techmasterdemexico.com\/en\/producto\/reloj-comparador-analogico-rango-de-medicion-10-mm-resolucion-0-01-mm-tipo-iso-jis-shockproof-2\/","url":"https:\/\/techmasterdemexico.com\/en\/producto\/reloj-comparador-analogico-rango-de-medicion-10-mm-resolucion-0-01-mm-tipo-iso-jis-shockproof-2\/","name":"Reloj comparador anal\u00f3gico (Rango de medici\u00f3n 10 mm, resoluci\u00f3n 0.01 mm) tipo ISO\/JIS Shockproof - Techmaster de Mexico","isPartOf":{"@id":"https:\/\/techmasterdemexico.com\/#website"},"primaryImageOfPage":{"@id":"https:\/\/techmasterdemexico.com\/en\/producto\/reloj-comparador-analogico-rango-de-medicion-10-mm-resolucion-0-01-mm-tipo-iso-jis-shockproof-2\/#primaryimage"},"image":{"@id":"https:\/\/techmasterdemexico.com\/en\/producto\/reloj-comparador-analogico-rango-de-medicion-10-mm-resolucion-0-01-mm-tipo-iso-jis-shockproof-2\/#primaryimage"},"thumbnailUrl":"https:\/\/techmasterdemexico.com\/wp-content\/uploads\/2021\/12\/2109s-10_z1_jpg.png","datePublished":"2021-12-22T00:39:06+00:00","dateModified":"2022-02-05T00:28:42+00:00","breadcrumb":{"@id":"https:\/\/techmasterdemexico.com\/en\/producto\/reloj-comparador-analogico-rango-de-medicion-10-mm-resolucion-0-01-mm-tipo-iso-jis-shockproof-2\/#breadcrumb"},"inLanguage":"en-US","potentialAction":[{"@type":"ReadAction","target":["https:\/\/techmasterdemexico.com\/en\/producto\/reloj-comparador-analogico-rango-de-medicion-10-mm-resolucion-0-01-mm-tipo-iso-jis-shockproof-2\/"]}]},{"@type":"ImageObject","inLanguage":"en-US","@id":"https:\/\/techmasterdemexico.com\/en\/producto\/reloj-comparador-analogico-rango-de-medicion-10-mm-resolucion-0-01-mm-tipo-iso-jis-shockproof-2\/#primaryimage","url":"https:\/\/techmasterdemexico.com\/wp-content\/uploads\/2021\/12\/2109s-10_z1_jpg.png","contentUrl":"https:\/\/techmasterdemexico.com\/wp-content\/uploads\/2021\/12\/2109s-10_z1_jpg.png","width":800,"height":800},{"@type":"BreadcrumbList","@id":"https:\/\/techmasterdemexico.com\/en\/producto\/reloj-comparador-analogico-rango-de-medicion-10-mm-resolucion-0-01-mm-tipo-iso-jis-shockproof-2\/#breadcrumb","itemListElement":[{"@type":"ListItem","position":1,"name":"Portada","item":"https:\/\/techmasterdemexico.com\/"},{"@type":"ListItem","position":2,"name":"Reloj comparador anal\u00f3gico (Rango de medici\u00f3n 10 mm, resoluci\u00f3n 0.01 mm) tipo ISO\/JIS Shockproof"}]},{"@type":"WebSite","@id":"https:\/\/techmasterdemexico.com\/#website","url":"https:\/\/techmasterdemexico.com\/","name":"Techmaster de Mexico","description":"","potentialAction":[{"@type":"SearchAction","target":{"@type":"EntryPoint","urlTemplate":"https:\/\/techmasterdemexico.com\/?s={search_term_string}"},"query-input":{"@type":"PropertyValueSpecification","valueRequired":true,"valueName":"search_term_string"}}],"inLanguage":"en-US"}]}},"brands":[{"id":39,"name":"Mitutoyo","slug":"mitutoyo"}],"_links":{"self":[{"href":"https:\/\/techmasterdemexico.com\/en\/wp-json\/wp\/v2\/product\/14422","targetHints":{"allow":["GET"]}}],"collection":[{"href":"https:\/\/techmasterdemexico.com\/en\/wp-json\/wp\/v2\/product"}],"about":[{"href":"https:\/\/techmasterdemexico.com\/en\/wp-json\/wp\/v2\/types\/product"}],"wp:featuredmedia":[{"embeddable":true,"href":"https:\/\/techmasterdemexico.com\/en\/wp-json\/wp\/v2\/media\/17738"}],"wp:attachment":[{"href":"https:\/\/techmasterdemexico.com\/en\/wp-json\/wp\/v2\/media?parent=14422"}],"wp:term":[{"taxonomy":"pwb-brand","embeddable":true,"href":"https:\/\/techmasterdemexico.com\/en\/wp-json\/wp\/v2\/pwb-brand?post=14422"},{"taxonomy":"product_brand","embeddable":true,"href":"https:\/\/techmasterdemexico.com\/en\/wp-json\/wp\/v2\/product_brand?post=14422"},{"taxonomy":"product_cat","embeddable":true,"href":"https:\/\/techmasterdemexico.com\/en\/wp-json\/wp\/v2\/product_cat?post=14422"},{"taxonomy":"product_tag","embeddable":true,"href":"https:\/\/techmasterdemexico.com\/en\/wp-json\/wp\/v2\/product_tag?post=14422"}],"curies":[{"name":"wp","href":"https:\/\/api.w.org\/{rel}","templated":true}]}}