{"id":14080,"date":"2021-12-22T00:32:12","date_gmt":"2021-12-22T00:32:12","guid":{"rendered":"https:\/\/techmastermx.ddns.net\/producto\/digital-abs-back-jaw-caliper-ip67-101-300mm-center-center\/"},"modified":"2021-12-28T23:29:11","modified_gmt":"2021-12-28T23:29:11","slug":"digital-abs-back-jaw-caliper-ip67-101-300mm-center-center","status":"publish","type":"product","link":"https:\/\/techmasterdemexico.com\/en\/producto\/digital-abs-back-jaw-caliper-ip67-101-300mm-center-center\/","title":{"rendered":"Digital ABS Back-Jaw Caliper, IP67 10,1-300mm, Center\/Center"},"content":{"rendered":"<p>Digital ABS Back-Jaw Caliper, IP67<br \/>\n10,1-300mm, Center\/Center<br \/>\nN\u00famero de art\u00edculo: 573-717-20<\/p>\n<p>&nbsp;<\/p>\n<ul>\n<li>Dise\u00f1ado para la medici\u00f3n de distancias entre centros de agujeros o distancias de bordes a centros de agujeros.<\/li>\n<li>Equipado con bocas de medici\u00f3n en la parte trasera del cursor que facilita una f\u00e1cil lectura desde arriba.<\/li>\n<li>Lectura directa gracias al valor offset en memoria.<\/li>\n<li>Salida datos SPC.<\/li>\n<\/ul>\n","protected":false},"excerpt":{"rendered":"<ul>\n<li>Rango:<br \/>\n10,1-300 mm<\/li>\n<li>Exactitud:<br \/>\n\u00b10.15 mm<\/li>\n<li>Peso:<br \/>\n550 g<\/li>\n<li>Resoluci\u00f3n:<br \/>\n0,01 mm<\/li>\n<li>Visualizador:<br \/>\nLCD, Character Height 11 mm<\/li>\n<li>Velocidad m\u00e1x. de respuesta:<br \/>\nIlimitado<\/li>\n<li>Duraci\u00f3n bateria:<br \/>\nApprox. 5 years<\/li>\n<li>Entregado:<br \/>\nIn a case, including 1 SR-44 battery<\/li>\n<li>Salida de datos:<br \/>\nSi<\/li>\n<li>Selector ZERO\/ABS:<br \/>\nSi<\/li>\n<li>ORIGIN (puesta a cero ABS):<br \/>\nSi<\/li>\n<li>OFFSET*:<br \/>\nSi<\/li>\n<li>PRESET:<br \/>\nSi<\/li>\n<li>Auto apagado (despu\u00e9s de 20 min de \u00faltimo uso):<br \/>\nSi<\/li>\n<li>Aviso bater\u00eda baja:<br \/>\nSi<\/li>\n<li>pulgadas-m\u00e9trico:<br \/>\nM\u00e9trico<\/li>\n<li>Exactitud:<br \/>\n\u00b10,15 mm<\/li>\n<li>Funciones:<br \/>\nCentre-to-centre type<\/li>\n<\/ul>\n","protected":false},"featured_media":16872,"template":"","meta":{"_acf_changed":false},"pwb-brand":[39],"product_brand":[],"product_cat":[366,57,411,331,38],"product_tag":[],"class_list":{"0":"post-14080","1":"product","2":"type-product","3":"status-publish","4":"has-post-thumbnail","6":"pwb-brand-mitutoyo","7":"product_cat-todos-los-productos","8":"product_cat-calibradores","9":"product_cat-calibradores-especiales","10":"product_cat-instrumentos-de-medicion-y-gestion-de-datos","11":"product_cat-mitutoyo","13":"first","14":"instock","15":"taxable","16":"shipping-taxable","17":"product-type-simple"},"acf":[],"yoast_head":"<!-- This site is optimized with the Yoast SEO plugin v27.2 - https:\/\/yoast.com\/product\/yoast-seo-wordpress\/ -->\n<title>Digital ABS Back-Jaw Caliper, IP67 10,1-300mm, Center\/Center - Techmaster de Mexico<\/title>\n<meta name=\"robots\" content=\"index, follow, max-snippet:-1, max-image-preview:large, max-video-preview:-1\" \/>\n<link rel=\"canonical\" href=\"https:\/\/techmasterdemexico.com\/producto\/digital-abs-back-jaw-caliper-ip67-101-300mm-center-center\/\" \/>\n<meta property=\"og:locale\" content=\"en_US\" \/>\n<meta property=\"og:type\" content=\"article\" \/>\n<meta property=\"og:title\" content=\"Digital ABS Back-Jaw Caliper, IP67 10,1-300mm, Center\/Center - Techmaster de Mexico\" \/>\n<meta property=\"og:description\" content=\"Rango: 10,1-300 mm  Exactitud: \u00b10.15 mm  Peso: 550 g  Resoluci\u00f3n: 0,01 mm  Visualizador: LCD, Character Height 11 mm  Velocidad m\u00e1x. de respuesta: Ilimitado  Duraci\u00f3n bateria: Approx. 5 years  Entregado: In a case, including 1 SR-44 battery  Salida de datos: Si  Selector ZERO\/ABS: Si  ORIGIN (puesta a cero ABS): Si  OFFSET*: Si  PRESET: Si  Auto apagado (despu\u00e9s de 20 min de \u00faltimo uso): Si  Aviso bater\u00eda baja: Si  pulgadas-m\u00e9trico: M\u00e9trico  Exactitud: \u00b10,15 mm  Funciones: Centre-to-centre type\" \/>\n<meta property=\"og:url\" content=\"https:\/\/techmasterdemexico.com\/producto\/digital-abs-back-jaw-caliper-ip67-101-300mm-center-center\/\" \/>\n<meta property=\"og:site_name\" content=\"Techmaster de Mexico\" \/>\n<meta property=\"article:modified_time\" content=\"2021-12-28T23:29:11+00:00\" \/>\n<meta property=\"og:image\" content=\"https:\/\/techmasterdemexico.com\/wp-content\/uploads\/2021\/12\/573-719.jpg\" \/>\n\t<meta property=\"og:image:width\" content=\"600\" \/>\n\t<meta property=\"og:image:height\" content=\"600\" \/>\n\t<meta property=\"og:image:type\" content=\"image\/jpeg\" \/>\n<meta name=\"twitter:card\" content=\"summary_large_image\" \/>\n<script type=\"application\/ld+json\" class=\"yoast-schema-graph\">{\"@context\":\"https:\/\/schema.org\",\"@graph\":[{\"@type\":\"WebPage\",\"@id\":\"https:\/\/techmasterdemexico.com\/producto\/digital-abs-back-jaw-caliper-ip67-101-300mm-center-center\/\",\"url\":\"https:\/\/techmasterdemexico.com\/producto\/digital-abs-back-jaw-caliper-ip67-101-300mm-center-center\/\",\"name\":\"Digital ABS Back-Jaw Caliper, IP67 10,1-300mm, Center\/Center - Techmaster de Mexico\",\"isPartOf\":{\"@id\":\"https:\/\/techmasterdemexico.com\/#website\"},\"primaryImageOfPage\":{\"@id\":\"https:\/\/techmasterdemexico.com\/producto\/digital-abs-back-jaw-caliper-ip67-101-300mm-center-center\/#primaryimage\"},\"image\":{\"@id\":\"https:\/\/techmasterdemexico.com\/producto\/digital-abs-back-jaw-caliper-ip67-101-300mm-center-center\/#primaryimage\"},\"thumbnailUrl\":\"https:\/\/techmasterdemexico.com\/wp-content\/uploads\/2021\/12\/573-719.jpg\",\"datePublished\":\"2021-12-22T00:32:12+00:00\",\"dateModified\":\"2021-12-28T23:29:11+00:00\",\"breadcrumb\":{\"@id\":\"https:\/\/techmasterdemexico.com\/producto\/digital-abs-back-jaw-caliper-ip67-101-300mm-center-center\/#breadcrumb\"},\"inLanguage\":\"en-US\",\"potentialAction\":[{\"@type\":\"ReadAction\",\"target\":[\"https:\/\/techmasterdemexico.com\/producto\/digital-abs-back-jaw-caliper-ip67-101-300mm-center-center\/\"]}]},{\"@type\":\"ImageObject\",\"inLanguage\":\"en-US\",\"@id\":\"https:\/\/techmasterdemexico.com\/producto\/digital-abs-back-jaw-caliper-ip67-101-300mm-center-center\/#primaryimage\",\"url\":\"https:\/\/techmasterdemexico.com\/wp-content\/uploads\/2021\/12\/573-719.jpg\",\"contentUrl\":\"https:\/\/techmasterdemexico.com\/wp-content\/uploads\/2021\/12\/573-719.jpg\",\"width\":600,\"height\":600},{\"@type\":\"BreadcrumbList\",\"@id\":\"https:\/\/techmasterdemexico.com\/producto\/digital-abs-back-jaw-caliper-ip67-101-300mm-center-center\/#breadcrumb\",\"itemListElement\":[{\"@type\":\"ListItem\",\"position\":1,\"name\":\"Portada\",\"item\":\"https:\/\/techmasterdemexico.com\/\"},{\"@type\":\"ListItem\",\"position\":2,\"name\":\"Digital ABS Back-Jaw Caliper, IP67 10,1-300mm, Center\/Center\"}]},{\"@type\":\"WebSite\",\"@id\":\"https:\/\/techmasterdemexico.com\/#website\",\"url\":\"https:\/\/techmasterdemexico.com\/\",\"name\":\"Techmaster de Mexico\",\"description\":\"\",\"potentialAction\":[{\"@type\":\"SearchAction\",\"target\":{\"@type\":\"EntryPoint\",\"urlTemplate\":\"https:\/\/techmasterdemexico.com\/?s={search_term_string}\"},\"query-input\":{\"@type\":\"PropertyValueSpecification\",\"valueRequired\":true,\"valueName\":\"search_term_string\"}}],\"inLanguage\":\"en-US\"}]}<\/script>\n<!-- \/ Yoast SEO plugin. -->","yoast_head_json":{"title":"Digital ABS Back-Jaw Caliper, IP67 10,1-300mm, Center\/Center - Techmaster de Mexico","robots":{"index":"index","follow":"follow","max-snippet":"max-snippet:-1","max-image-preview":"max-image-preview:large","max-video-preview":"max-video-preview:-1"},"canonical":"https:\/\/techmasterdemexico.com\/producto\/digital-abs-back-jaw-caliper-ip67-101-300mm-center-center\/","og_locale":"en_US","og_type":"article","og_title":"Digital ABS Back-Jaw Caliper, IP67 10,1-300mm, Center\/Center - Techmaster de Mexico","og_description":"Rango: 10,1-300 mm  Exactitud: \u00b10.15 mm  Peso: 550 g  Resoluci\u00f3n: 0,01 mm  Visualizador: LCD, Character Height 11 mm  Velocidad m\u00e1x. de respuesta: Ilimitado  Duraci\u00f3n bateria: Approx. 5 years  Entregado: In a case, including 1 SR-44 battery  Salida de datos: Si  Selector ZERO\/ABS: Si  ORIGIN (puesta a cero ABS): Si  OFFSET*: Si  PRESET: Si  Auto apagado (despu\u00e9s de 20 min de \u00faltimo uso): Si  Aviso bater\u00eda baja: Si  pulgadas-m\u00e9trico: M\u00e9trico  Exactitud: \u00b10,15 mm  Funciones: Centre-to-centre type","og_url":"https:\/\/techmasterdemexico.com\/producto\/digital-abs-back-jaw-caliper-ip67-101-300mm-center-center\/","og_site_name":"Techmaster de Mexico","article_modified_time":"2021-12-28T23:29:11+00:00","og_image":[{"width":600,"height":600,"url":"https:\/\/techmasterdemexico.com\/wp-content\/uploads\/2021\/12\/573-719.jpg","type":"image\/jpeg"}],"twitter_card":"summary_large_image","schema":{"@context":"https:\/\/schema.org","@graph":[{"@type":"WebPage","@id":"https:\/\/techmasterdemexico.com\/producto\/digital-abs-back-jaw-caliper-ip67-101-300mm-center-center\/","url":"https:\/\/techmasterdemexico.com\/producto\/digital-abs-back-jaw-caliper-ip67-101-300mm-center-center\/","name":"Digital ABS Back-Jaw Caliper, IP67 10,1-300mm, Center\/Center - Techmaster de Mexico","isPartOf":{"@id":"https:\/\/techmasterdemexico.com\/#website"},"primaryImageOfPage":{"@id":"https:\/\/techmasterdemexico.com\/producto\/digital-abs-back-jaw-caliper-ip67-101-300mm-center-center\/#primaryimage"},"image":{"@id":"https:\/\/techmasterdemexico.com\/producto\/digital-abs-back-jaw-caliper-ip67-101-300mm-center-center\/#primaryimage"},"thumbnailUrl":"https:\/\/techmasterdemexico.com\/wp-content\/uploads\/2021\/12\/573-719.jpg","datePublished":"2021-12-22T00:32:12+00:00","dateModified":"2021-12-28T23:29:11+00:00","breadcrumb":{"@id":"https:\/\/techmasterdemexico.com\/producto\/digital-abs-back-jaw-caliper-ip67-101-300mm-center-center\/#breadcrumb"},"inLanguage":"en-US","potentialAction":[{"@type":"ReadAction","target":["https:\/\/techmasterdemexico.com\/producto\/digital-abs-back-jaw-caliper-ip67-101-300mm-center-center\/"]}]},{"@type":"ImageObject","inLanguage":"en-US","@id":"https:\/\/techmasterdemexico.com\/producto\/digital-abs-back-jaw-caliper-ip67-101-300mm-center-center\/#primaryimage","url":"https:\/\/techmasterdemexico.com\/wp-content\/uploads\/2021\/12\/573-719.jpg","contentUrl":"https:\/\/techmasterdemexico.com\/wp-content\/uploads\/2021\/12\/573-719.jpg","width":600,"height":600},{"@type":"BreadcrumbList","@id":"https:\/\/techmasterdemexico.com\/producto\/digital-abs-back-jaw-caliper-ip67-101-300mm-center-center\/#breadcrumb","itemListElement":[{"@type":"ListItem","position":1,"name":"Portada","item":"https:\/\/techmasterdemexico.com\/"},{"@type":"ListItem","position":2,"name":"Digital ABS Back-Jaw Caliper, IP67 10,1-300mm, Center\/Center"}]},{"@type":"WebSite","@id":"https:\/\/techmasterdemexico.com\/#website","url":"https:\/\/techmasterdemexico.com\/","name":"Techmaster de Mexico","description":"","potentialAction":[{"@type":"SearchAction","target":{"@type":"EntryPoint","urlTemplate":"https:\/\/techmasterdemexico.com\/?s={search_term_string}"},"query-input":{"@type":"PropertyValueSpecification","valueRequired":true,"valueName":"search_term_string"}}],"inLanguage":"en-US"}]}},"brands":[{"id":39,"name":"Mitutoyo","slug":"mitutoyo"}],"_links":{"self":[{"href":"https:\/\/techmasterdemexico.com\/en\/wp-json\/wp\/v2\/product\/14080","targetHints":{"allow":["GET"]}}],"collection":[{"href":"https:\/\/techmasterdemexico.com\/en\/wp-json\/wp\/v2\/product"}],"about":[{"href":"https:\/\/techmasterdemexico.com\/en\/wp-json\/wp\/v2\/types\/product"}],"wp:featuredmedia":[{"embeddable":true,"href":"https:\/\/techmasterdemexico.com\/en\/wp-json\/wp\/v2\/media\/16872"}],"wp:attachment":[{"href":"https:\/\/techmasterdemexico.com\/en\/wp-json\/wp\/v2\/media?parent=14080"}],"wp:term":[{"taxonomy":"pwb-brand","embeddable":true,"href":"https:\/\/techmasterdemexico.com\/en\/wp-json\/wp\/v2\/pwb-brand?post=14080"},{"taxonomy":"product_brand","embeddable":true,"href":"https:\/\/techmasterdemexico.com\/en\/wp-json\/wp\/v2\/product_brand?post=14080"},{"taxonomy":"product_cat","embeddable":true,"href":"https:\/\/techmasterdemexico.com\/en\/wp-json\/wp\/v2\/product_cat?post=14080"},{"taxonomy":"product_tag","embeddable":true,"href":"https:\/\/techmasterdemexico.com\/en\/wp-json\/wp\/v2\/product_tag?post=14080"}],"curies":[{"name":"wp","href":"https:\/\/api.w.org\/{rel}","templated":true}]}}