{"id":14067,"date":"2021-12-22T00:31:59","date_gmt":"2021-12-22T00:31:59","guid":{"rendered":"https:\/\/techmastermx.ddns.net\/producto\/abs-sondermessschieber-0-150-mm-2\/"},"modified":"2021-12-29T00:31:37","modified_gmt":"2021-12-29T00:31:37","slug":"abs-sondermessschieber-0-150-mm-2","status":"publish","type":"product","link":"https:\/\/techmasterdemexico.com\/en\/producto\/abs-sondermessschieber-0-150-mm-2\/","title":{"rendered":"ABS Sondermessschieber 0-150 mm"},"content":{"rendered":"<p>ABS Sondermessschieber 0-150 mm<br \/>\n0-150mm<br \/>\nN\u00famero de art\u00edculo: 573-182-30<\/p>\n<p>Galga ABSOLUTE Digimatic en forma de quijada con pulsador retr\u00e1ctil de medici\u00f3n. Es apropiado para las mediciones en serie y facilita la determinaci\u00f3n de piezas buenas\/desechables GO\/\u00b1NO-GO.<\/p>\n<p>&nbsp;<\/p>\n<ul>\n<li>Tecnolog\u00eda AOS (Advanced Onsite Sensor)<\/li>\n<li>Altura de d\u00edgitos: 9 mm (alivia la fatiga en su LCD de gran contraste)<\/li>\n<li>Encoder ABSOLUTE para evitar el ajuste cero cada vez se enciende.<\/li>\n<li>Su corredera se desplaza con suavidad para un uso confortable.<\/li>\n<li>Extraordinaria vida de su bater\u00eda.<\/li>\n<\/ul>\n","protected":false},"excerpt":{"rendered":"<ul>\n<li>Rango:<br \/>\n0-150 mm<\/li>\n<li>Exactitud:<br \/>\n\u00b10.02 mm<\/li>\n<li>Peso:<br \/>\n233 g<\/li>\n<li>Resoluci\u00f3n:<br \/>\n0,01 mm<\/li>\n<li>Visualizador:<br \/>\nLCD, character height 9 mm<\/li>\n<li>Velocidad m\u00e1x. de respuesta:<br \/>\nIlimitado<\/li>\n<li>Presi\u00f3n de medida (N):<br \/>\n7 &#8211; 14 N<\/li>\n<li>Boca retractil:<br \/>\n2 mm<\/li>\n<li>Duraci\u00f3n bateria:<br \/>\napprox. 18000 hours<\/li>\n<li>Entregado:<br \/>\nIn a case, including 1 battery<\/li>\n<li>Salida de datos:<br \/>\nSi<\/li>\n<li>ON\/OFF:<br \/>\nSi<\/li>\n<li>Selector ZERO\/ABS:<br \/>\nSi<\/li>\n<li>ORIGIN (puesta a cero ABS):<br \/>\nSi<\/li>\n<li>Aviso bater\u00eda baja:<br \/>\nSi<\/li>\n<li>Digital\/An\u00e1logo:<br \/>\nDigital<\/li>\n<li>pulgadas-m\u00e9trico:<br \/>\nM\u00e9trico<\/li>\n<li>Exactitud:<br \/>\n\u00b10,02 mm<\/li>\n<\/ul>\n","protected":false},"featured_media":16903,"template":"","meta":{"_acf_changed":false},"pwb-brand":[39],"product_brand":[],"product_cat":[366,57,411,331,38],"product_tag":[],"class_list":{"0":"post-14067","1":"product","2":"type-product","3":"status-publish","4":"has-post-thumbnail","6":"pwb-brand-mitutoyo","7":"product_cat-todos-los-productos","8":"product_cat-calibradores","9":"product_cat-calibradores-especiales","10":"product_cat-instrumentos-de-medicion-y-gestion-de-datos","11":"product_cat-mitutoyo","13":"first","14":"instock","15":"taxable","16":"shipping-taxable","17":"product-type-simple"},"acf":[],"yoast_head":"<!-- This site is optimized with the Yoast SEO plugin v27.3 - https:\/\/yoast.com\/product\/yoast-seo-wordpress\/ -->\n<title>ABS Sondermessschieber 0-150 mm - Techmaster de Mexico<\/title>\n<meta name=\"robots\" content=\"index, follow, max-snippet:-1, max-image-preview:large, max-video-preview:-1\" \/>\n<link rel=\"canonical\" href=\"https:\/\/techmasterdemexico.com\/en\/producto\/abs-sondermessschieber-0-150-mm-2\/\" \/>\n<meta property=\"og:locale\" content=\"en_US\" \/>\n<meta property=\"og:type\" content=\"article\" \/>\n<meta property=\"og:title\" content=\"ABS Sondermessschieber 0-150 mm - Techmaster de Mexico\" \/>\n<meta property=\"og:description\" content=\"Rango: 0-150 mm  Exactitud: \u00b10.02 mm  Peso: 233 g  Resoluci\u00f3n: 0,01 mm  Visualizador: LCD, character height 9 mm  Velocidad m\u00e1x. de respuesta: Ilimitado  Presi\u00f3n de medida (N): 7 - 14 N  Boca retractil: 2 mm  Duraci\u00f3n bateria: approx. 18000 hours  Entregado: In a case, including 1 battery  Salida de datos: Si  ON\/OFF: Si  Selector ZERO\/ABS: Si  ORIGIN (puesta a cero ABS): Si  Aviso bater\u00eda baja: Si  Digital\/An\u00e1logo: Digital  pulgadas-m\u00e9trico: M\u00e9trico  Exactitud: \u00b10,02 mm\" \/>\n<meta property=\"og:url\" content=\"https:\/\/techmasterdemexico.com\/en\/producto\/abs-sondermessschieber-0-150-mm-2\/\" \/>\n<meta property=\"og:site_name\" content=\"Techmaster de Mexico\" \/>\n<meta property=\"article:modified_time\" content=\"2021-12-29T00:31:37+00:00\" \/>\n<meta property=\"og:image\" content=\"https:\/\/techmasterdemexico.com\/wp-content\/uploads\/2021\/12\/573-182.jpg\" \/>\n\t<meta property=\"og:image:width\" content=\"600\" \/>\n\t<meta property=\"og:image:height\" content=\"600\" \/>\n\t<meta property=\"og:image:type\" content=\"image\/jpeg\" \/>\n<meta name=\"twitter:card\" content=\"summary_large_image\" \/>\n<script type=\"application\/ld+json\" class=\"yoast-schema-graph\">{\"@context\":\"https:\\\/\\\/schema.org\",\"@graph\":[{\"@type\":\"WebPage\",\"@id\":\"https:\\\/\\\/techmasterdemexico.com\\\/en\\\/producto\\\/abs-sondermessschieber-0-150-mm-2\\\/\",\"url\":\"https:\\\/\\\/techmasterdemexico.com\\\/en\\\/producto\\\/abs-sondermessschieber-0-150-mm-2\\\/\",\"name\":\"ABS Sondermessschieber 0-150 mm - Techmaster de Mexico\",\"isPartOf\":{\"@id\":\"https:\\\/\\\/techmasterdemexico.com\\\/#website\"},\"primaryImageOfPage\":{\"@id\":\"https:\\\/\\\/techmasterdemexico.com\\\/en\\\/producto\\\/abs-sondermessschieber-0-150-mm-2\\\/#primaryimage\"},\"image\":{\"@id\":\"https:\\\/\\\/techmasterdemexico.com\\\/en\\\/producto\\\/abs-sondermessschieber-0-150-mm-2\\\/#primaryimage\"},\"thumbnailUrl\":\"https:\\\/\\\/techmasterdemexico.com\\\/wp-content\\\/uploads\\\/2021\\\/12\\\/573-182.jpg\",\"datePublished\":\"2021-12-22T00:31:59+00:00\",\"dateModified\":\"2021-12-29T00:31:37+00:00\",\"breadcrumb\":{\"@id\":\"https:\\\/\\\/techmasterdemexico.com\\\/en\\\/producto\\\/abs-sondermessschieber-0-150-mm-2\\\/#breadcrumb\"},\"inLanguage\":\"en-US\",\"potentialAction\":[{\"@type\":\"ReadAction\",\"target\":[\"https:\\\/\\\/techmasterdemexico.com\\\/en\\\/producto\\\/abs-sondermessschieber-0-150-mm-2\\\/\"]}]},{\"@type\":\"ImageObject\",\"inLanguage\":\"en-US\",\"@id\":\"https:\\\/\\\/techmasterdemexico.com\\\/en\\\/producto\\\/abs-sondermessschieber-0-150-mm-2\\\/#primaryimage\",\"url\":\"https:\\\/\\\/techmasterdemexico.com\\\/wp-content\\\/uploads\\\/2021\\\/12\\\/573-182.jpg\",\"contentUrl\":\"https:\\\/\\\/techmasterdemexico.com\\\/wp-content\\\/uploads\\\/2021\\\/12\\\/573-182.jpg\",\"width\":600,\"height\":600},{\"@type\":\"BreadcrumbList\",\"@id\":\"https:\\\/\\\/techmasterdemexico.com\\\/en\\\/producto\\\/abs-sondermessschieber-0-150-mm-2\\\/#breadcrumb\",\"itemListElement\":[{\"@type\":\"ListItem\",\"position\":1,\"name\":\"Portada\",\"item\":\"https:\\\/\\\/techmasterdemexico.com\\\/\"},{\"@type\":\"ListItem\",\"position\":2,\"name\":\"ABS Sondermessschieber 0-150 mm\"}]},{\"@type\":\"WebSite\",\"@id\":\"https:\\\/\\\/techmasterdemexico.com\\\/#website\",\"url\":\"https:\\\/\\\/techmasterdemexico.com\\\/\",\"name\":\"Techmaster de Mexico\",\"description\":\"\",\"potentialAction\":[{\"@type\":\"SearchAction\",\"target\":{\"@type\":\"EntryPoint\",\"urlTemplate\":\"https:\\\/\\\/techmasterdemexico.com\\\/?s={search_term_string}\"},\"query-input\":{\"@type\":\"PropertyValueSpecification\",\"valueRequired\":true,\"valueName\":\"search_term_string\"}}],\"inLanguage\":\"en-US\"}]}<\/script>\n<!-- \/ Yoast SEO plugin. -->","yoast_head_json":{"title":"ABS Sondermessschieber 0-150 mm - Techmaster de Mexico","robots":{"index":"index","follow":"follow","max-snippet":"max-snippet:-1","max-image-preview":"max-image-preview:large","max-video-preview":"max-video-preview:-1"},"canonical":"https:\/\/techmasterdemexico.com\/en\/producto\/abs-sondermessschieber-0-150-mm-2\/","og_locale":"en_US","og_type":"article","og_title":"ABS Sondermessschieber 0-150 mm - Techmaster de Mexico","og_description":"Rango: 0-150 mm  Exactitud: \u00b10.02 mm  Peso: 233 g  Resoluci\u00f3n: 0,01 mm  Visualizador: LCD, character height 9 mm  Velocidad m\u00e1x. de respuesta: Ilimitado  Presi\u00f3n de medida (N): 7 - 14 N  Boca retractil: 2 mm  Duraci\u00f3n bateria: approx. 18000 hours  Entregado: In a case, including 1 battery  Salida de datos: Si  ON\/OFF: Si  Selector ZERO\/ABS: Si  ORIGIN (puesta a cero ABS): Si  Aviso bater\u00eda baja: Si  Digital\/An\u00e1logo: Digital  pulgadas-m\u00e9trico: M\u00e9trico  Exactitud: \u00b10,02 mm","og_url":"https:\/\/techmasterdemexico.com\/en\/producto\/abs-sondermessschieber-0-150-mm-2\/","og_site_name":"Techmaster de Mexico","article_modified_time":"2021-12-29T00:31:37+00:00","og_image":[{"width":600,"height":600,"url":"https:\/\/techmasterdemexico.com\/wp-content\/uploads\/2021\/12\/573-182.jpg","type":"image\/jpeg"}],"twitter_card":"summary_large_image","schema":{"@context":"https:\/\/schema.org","@graph":[{"@type":"WebPage","@id":"https:\/\/techmasterdemexico.com\/en\/producto\/abs-sondermessschieber-0-150-mm-2\/","url":"https:\/\/techmasterdemexico.com\/en\/producto\/abs-sondermessschieber-0-150-mm-2\/","name":"ABS Sondermessschieber 0-150 mm - Techmaster de Mexico","isPartOf":{"@id":"https:\/\/techmasterdemexico.com\/#website"},"primaryImageOfPage":{"@id":"https:\/\/techmasterdemexico.com\/en\/producto\/abs-sondermessschieber-0-150-mm-2\/#primaryimage"},"image":{"@id":"https:\/\/techmasterdemexico.com\/en\/producto\/abs-sondermessschieber-0-150-mm-2\/#primaryimage"},"thumbnailUrl":"https:\/\/techmasterdemexico.com\/wp-content\/uploads\/2021\/12\/573-182.jpg","datePublished":"2021-12-22T00:31:59+00:00","dateModified":"2021-12-29T00:31:37+00:00","breadcrumb":{"@id":"https:\/\/techmasterdemexico.com\/en\/producto\/abs-sondermessschieber-0-150-mm-2\/#breadcrumb"},"inLanguage":"en-US","potentialAction":[{"@type":"ReadAction","target":["https:\/\/techmasterdemexico.com\/en\/producto\/abs-sondermessschieber-0-150-mm-2\/"]}]},{"@type":"ImageObject","inLanguage":"en-US","@id":"https:\/\/techmasterdemexico.com\/en\/producto\/abs-sondermessschieber-0-150-mm-2\/#primaryimage","url":"https:\/\/techmasterdemexico.com\/wp-content\/uploads\/2021\/12\/573-182.jpg","contentUrl":"https:\/\/techmasterdemexico.com\/wp-content\/uploads\/2021\/12\/573-182.jpg","width":600,"height":600},{"@type":"BreadcrumbList","@id":"https:\/\/techmasterdemexico.com\/en\/producto\/abs-sondermessschieber-0-150-mm-2\/#breadcrumb","itemListElement":[{"@type":"ListItem","position":1,"name":"Portada","item":"https:\/\/techmasterdemexico.com\/"},{"@type":"ListItem","position":2,"name":"ABS Sondermessschieber 0-150 mm"}]},{"@type":"WebSite","@id":"https:\/\/techmasterdemexico.com\/#website","url":"https:\/\/techmasterdemexico.com\/","name":"Techmaster de Mexico","description":"","potentialAction":[{"@type":"SearchAction","target":{"@type":"EntryPoint","urlTemplate":"https:\/\/techmasterdemexico.com\/?s={search_term_string}"},"query-input":{"@type":"PropertyValueSpecification","valueRequired":true,"valueName":"search_term_string"}}],"inLanguage":"en-US"}]}},"brands":[{"id":39,"name":"Mitutoyo","slug":"mitutoyo"}],"_links":{"self":[{"href":"https:\/\/techmasterdemexico.com\/en\/wp-json\/wp\/v2\/product\/14067","targetHints":{"allow":["GET"]}}],"collection":[{"href":"https:\/\/techmasterdemexico.com\/en\/wp-json\/wp\/v2\/product"}],"about":[{"href":"https:\/\/techmasterdemexico.com\/en\/wp-json\/wp\/v2\/types\/product"}],"wp:featuredmedia":[{"embeddable":true,"href":"https:\/\/techmasterdemexico.com\/en\/wp-json\/wp\/v2\/media\/16903"}],"wp:attachment":[{"href":"https:\/\/techmasterdemexico.com\/en\/wp-json\/wp\/v2\/media?parent=14067"}],"wp:term":[{"taxonomy":"pwb-brand","embeddable":true,"href":"https:\/\/techmasterdemexico.com\/en\/wp-json\/wp\/v2\/pwb-brand?post=14067"},{"taxonomy":"product_brand","embeddable":true,"href":"https:\/\/techmasterdemexico.com\/en\/wp-json\/wp\/v2\/product_brand?post=14067"},{"taxonomy":"product_cat","embeddable":true,"href":"https:\/\/techmasterdemexico.com\/en\/wp-json\/wp\/v2\/product_cat?post=14067"},{"taxonomy":"product_tag","embeddable":true,"href":"https:\/\/techmasterdemexico.com\/en\/wp-json\/wp\/v2\/product_tag?post=14067"}],"curies":[{"name":"wp","href":"https:\/\/api.w.org\/{rel}","templated":true}]}}