{"id":14065,"date":"2021-12-22T00:31:58","date_gmt":"2021-12-22T00:31:58","guid":{"rendered":"https:\/\/techmastermx.ddns.net\/producto\/digital-abs-aos-cal-const-meas-force-inch-metric-0-7\/"},"modified":"2021-12-29T00:35:21","modified_gmt":"2021-12-29T00:35:21","slug":"digital-abs-aos-cal-const-meas-force-inch-metric-0-7","status":"publish","type":"product","link":"https:\/\/techmasterdemexico.com\/en\/producto\/digital-abs-aos-cal-const-meas-force-inch-metric-0-7\/","title":{"rendered":"Digital ABS AOS Cal., Const. Meas. Force Inch\/Metric, 0-7\u201d"},"content":{"rendered":"<p>Digital ABS AOS Cal., Const. Meas. Force<br \/>\nInch\/Metric, 0-7\u201d<br \/>\nN\u00famero de art\u00edculo: 573-291-30<\/p>\n<p>&nbsp;<\/p>\n<p>Estos calibres Digimatic equipan un visor donde puede controlar la fuerza de medida que realiza sobre las piezas el\u00e1sticas o deformables.<\/p>\n<p>&nbsp;<\/p>\n<p>Ahora equipados con la tecnolog\u00eda AOS (Advances Onsite Sensor) de inducci\u00f3n, que tambi\u00e9n emplean los calibres de alta estanqueidad.<\/p>\n<ul>\n<li>Debido a la fuerza de medici\u00f3n baja y constante estos calibres son ideales para medir piezas deformables tales como piezas pl\u00e1sticas y de goma que los calibres convencionales no pueden medir con precisi\u00f3n.<\/li>\n<li>Altura de d\u00edgitos: 9 mm (alivio de fatiga visual, pantalla LCD gran contraste)<\/li>\n<li>Su escala ABSOLUTE le permite medir sin realizar es ajuste cero cada vez que lo enciende para medir.<\/li>\n<li>Extraordinario vida de su bater\u00eda.<\/li>\n<\/ul>\n","protected":false},"excerpt":{"rendered":"<ul>\n<li>Peso:<br \/>\n253 g<\/li>\n<li>Resoluci\u00f3n:<br \/>\n0,0005&#8243;\/0,01 mm<\/li>\n<li>Visualizador:<br \/>\nLCD, character height 9 mm<\/li>\n<li>Velocidad m\u00e1x. de respuesta:<br \/>\nIlimitado<\/li>\n<li>Presi\u00f3n de medida (N):<br \/>\n0.5 &#8211; 1 N<\/li>\n<li>Boca retractil:<br \/>\n0.3 mm<\/li>\n<li>Duraci\u00f3n bateria:<br \/>\napprox. 18000 hours<\/li>\n<li>Entregado:<br \/>\nIn a case, including 1 battery<\/li>\n<li>Salida de datos:<br \/>\nSi<\/li>\n<li>ON\/OFF:<br \/>\nSi<\/li>\n<li>Selector ZERO\/ABS:<br \/>\nSi<\/li>\n<li>ORIGIN (puesta a cero ABS):<br \/>\nSi<\/li>\n<li>Aviso bater\u00eda baja:<br \/>\nSi<\/li>\n<li>Digital\/An\u00e1logo:<br \/>\nDigital<\/li>\n<li>pulgadas-m\u00e9trico:<br \/>\npulg\/mm<\/li>\n<li>Exactitud:<br \/>\n\u00b10,002&#8243;<\/li>\n<\/ul>\n","protected":false},"featured_media":16905,"template":"","meta":{"_acf_changed":false},"pwb-brand":[39],"product_brand":[],"product_cat":[366,57,411,331,38],"product_tag":[],"class_list":{"0":"post-14065","1":"product","2":"type-product","3":"status-publish","4":"has-post-thumbnail","6":"pwb-brand-mitutoyo","7":"product_cat-todos-los-productos","8":"product_cat-calibradores","9":"product_cat-calibradores-especiales","10":"product_cat-instrumentos-de-medicion-y-gestion-de-datos","11":"product_cat-mitutoyo","13":"first","14":"instock","15":"taxable","16":"shipping-taxable","17":"product-type-simple"},"acf":[],"yoast_head":"<!-- This site is optimized with the Yoast SEO plugin v27.3 - https:\/\/yoast.com\/product\/yoast-seo-wordpress\/ -->\n<title>Digital ABS AOS Cal., Const. Meas. Force Inch\/Metric, 0-7\u201d - Techmaster de Mexico<\/title>\n<meta name=\"robots\" content=\"index, follow, max-snippet:-1, max-image-preview:large, max-video-preview:-1\" \/>\n<link rel=\"canonical\" href=\"https:\/\/techmasterdemexico.com\/producto\/digital-abs-aos-cal-const-meas-force-inch-metric-0-7\/\" \/>\n<meta property=\"og:locale\" content=\"en_US\" \/>\n<meta property=\"og:type\" content=\"article\" \/>\n<meta property=\"og:title\" content=\"Digital ABS AOS Cal., Const. Meas. Force Inch\/Metric, 0-7\u201d - Techmaster de Mexico\" \/>\n<meta property=\"og:description\" content=\"Peso: 253 g  Resoluci\u00f3n: 0,0005&quot;\/0,01 mm  Visualizador: LCD, character height 9 mm  Velocidad m\u00e1x. de respuesta: Ilimitado  Presi\u00f3n de medida (N): 0.5 - 1 N  Boca retractil: 0.3 mm  Duraci\u00f3n bateria: approx. 18000 hours  Entregado: In a case, including 1 battery  Salida de datos: Si  ON\/OFF: Si  Selector ZERO\/ABS: Si  ORIGIN (puesta a cero ABS): Si  Aviso bater\u00eda baja: Si  Digital\/An\u00e1logo: Digital  pulgadas-m\u00e9trico: pulg\/mm  Exactitud: \u00b10,002&quot;\" \/>\n<meta property=\"og:url\" content=\"https:\/\/techmasterdemexico.com\/producto\/digital-abs-aos-cal-const-meas-force-inch-metric-0-7\/\" \/>\n<meta property=\"og:site_name\" content=\"Techmaster de Mexico\" \/>\n<meta property=\"article:modified_time\" content=\"2021-12-29T00:35:21+00:00\" \/>\n<meta property=\"og:image\" content=\"https:\/\/techmasterdemexico.com\/wp-content\/uploads\/2021\/12\/573-291-30_jpg.png\" \/>\n\t<meta property=\"og:image:width\" content=\"600\" \/>\n\t<meta property=\"og:image:height\" content=\"600\" \/>\n\t<meta property=\"og:image:type\" content=\"image\/png\" \/>\n<meta name=\"twitter:card\" content=\"summary_large_image\" \/>\n<meta name=\"twitter:label1\" content=\"Est. reading time\" \/>\n\t<meta name=\"twitter:data1\" content=\"1 minute\" \/>\n<script type=\"application\/ld+json\" class=\"yoast-schema-graph\">{\"@context\":\"https:\\\/\\\/schema.org\",\"@graph\":[{\"@type\":\"WebPage\",\"@id\":\"https:\\\/\\\/techmasterdemexico.com\\\/producto\\\/digital-abs-aos-cal-const-meas-force-inch-metric-0-7\\\/\",\"url\":\"https:\\\/\\\/techmasterdemexico.com\\\/producto\\\/digital-abs-aos-cal-const-meas-force-inch-metric-0-7\\\/\",\"name\":\"Digital ABS AOS Cal., Const. Meas. Force Inch\\\/Metric, 0-7\u201d - Techmaster de Mexico\",\"isPartOf\":{\"@id\":\"https:\\\/\\\/techmasterdemexico.com\\\/#website\"},\"primaryImageOfPage\":{\"@id\":\"https:\\\/\\\/techmasterdemexico.com\\\/producto\\\/digital-abs-aos-cal-const-meas-force-inch-metric-0-7\\\/#primaryimage\"},\"image\":{\"@id\":\"https:\\\/\\\/techmasterdemexico.com\\\/producto\\\/digital-abs-aos-cal-const-meas-force-inch-metric-0-7\\\/#primaryimage\"},\"thumbnailUrl\":\"https:\\\/\\\/techmasterdemexico.com\\\/wp-content\\\/uploads\\\/2021\\\/12\\\/573-291-30_jpg.png\",\"datePublished\":\"2021-12-22T00:31:58+00:00\",\"dateModified\":\"2021-12-29T00:35:21+00:00\",\"breadcrumb\":{\"@id\":\"https:\\\/\\\/techmasterdemexico.com\\\/producto\\\/digital-abs-aos-cal-const-meas-force-inch-metric-0-7\\\/#breadcrumb\"},\"inLanguage\":\"en-US\",\"potentialAction\":[{\"@type\":\"ReadAction\",\"target\":[\"https:\\\/\\\/techmasterdemexico.com\\\/producto\\\/digital-abs-aos-cal-const-meas-force-inch-metric-0-7\\\/\"]}]},{\"@type\":\"ImageObject\",\"inLanguage\":\"en-US\",\"@id\":\"https:\\\/\\\/techmasterdemexico.com\\\/producto\\\/digital-abs-aos-cal-const-meas-force-inch-metric-0-7\\\/#primaryimage\",\"url\":\"https:\\\/\\\/techmasterdemexico.com\\\/wp-content\\\/uploads\\\/2021\\\/12\\\/573-291-30_jpg.png\",\"contentUrl\":\"https:\\\/\\\/techmasterdemexico.com\\\/wp-content\\\/uploads\\\/2021\\\/12\\\/573-291-30_jpg.png\",\"width\":600,\"height\":600},{\"@type\":\"BreadcrumbList\",\"@id\":\"https:\\\/\\\/techmasterdemexico.com\\\/producto\\\/digital-abs-aos-cal-const-meas-force-inch-metric-0-7\\\/#breadcrumb\",\"itemListElement\":[{\"@type\":\"ListItem\",\"position\":1,\"name\":\"Portada\",\"item\":\"https:\\\/\\\/techmasterdemexico.com\\\/\"},{\"@type\":\"ListItem\",\"position\":2,\"name\":\"Digital ABS AOS Cal., Const. Meas. Force Inch\\\/Metric, 0-7\u201d\"}]},{\"@type\":\"WebSite\",\"@id\":\"https:\\\/\\\/techmasterdemexico.com\\\/#website\",\"url\":\"https:\\\/\\\/techmasterdemexico.com\\\/\",\"name\":\"Techmaster de Mexico\",\"description\":\"\",\"potentialAction\":[{\"@type\":\"SearchAction\",\"target\":{\"@type\":\"EntryPoint\",\"urlTemplate\":\"https:\\\/\\\/techmasterdemexico.com\\\/?s={search_term_string}\"},\"query-input\":{\"@type\":\"PropertyValueSpecification\",\"valueRequired\":true,\"valueName\":\"search_term_string\"}}],\"inLanguage\":\"en-US\"}]}<\/script>\n<!-- \/ Yoast SEO plugin. -->","yoast_head_json":{"title":"Digital ABS AOS Cal., Const. Meas. Force Inch\/Metric, 0-7\u201d - Techmaster de Mexico","robots":{"index":"index","follow":"follow","max-snippet":"max-snippet:-1","max-image-preview":"max-image-preview:large","max-video-preview":"max-video-preview:-1"},"canonical":"https:\/\/techmasterdemexico.com\/producto\/digital-abs-aos-cal-const-meas-force-inch-metric-0-7\/","og_locale":"en_US","og_type":"article","og_title":"Digital ABS AOS Cal., Const. Meas. Force Inch\/Metric, 0-7\u201d - Techmaster de Mexico","og_description":"Peso: 253 g  Resoluci\u00f3n: 0,0005\"\/0,01 mm  Visualizador: LCD, character height 9 mm  Velocidad m\u00e1x. de respuesta: Ilimitado  Presi\u00f3n de medida (N): 0.5 - 1 N  Boca retractil: 0.3 mm  Duraci\u00f3n bateria: approx. 18000 hours  Entregado: In a case, including 1 battery  Salida de datos: Si  ON\/OFF: Si  Selector ZERO\/ABS: Si  ORIGIN (puesta a cero ABS): Si  Aviso bater\u00eda baja: Si  Digital\/An\u00e1logo: Digital  pulgadas-m\u00e9trico: pulg\/mm  Exactitud: \u00b10,002\"","og_url":"https:\/\/techmasterdemexico.com\/producto\/digital-abs-aos-cal-const-meas-force-inch-metric-0-7\/","og_site_name":"Techmaster de Mexico","article_modified_time":"2021-12-29T00:35:21+00:00","og_image":[{"width":600,"height":600,"url":"https:\/\/techmasterdemexico.com\/wp-content\/uploads\/2021\/12\/573-291-30_jpg.png","type":"image\/png"}],"twitter_card":"summary_large_image","twitter_misc":{"Est. reading time":"1 minute"},"schema":{"@context":"https:\/\/schema.org","@graph":[{"@type":"WebPage","@id":"https:\/\/techmasterdemexico.com\/producto\/digital-abs-aos-cal-const-meas-force-inch-metric-0-7\/","url":"https:\/\/techmasterdemexico.com\/producto\/digital-abs-aos-cal-const-meas-force-inch-metric-0-7\/","name":"Digital ABS AOS Cal., Const. Meas. Force Inch\/Metric, 0-7\u201d - Techmaster de Mexico","isPartOf":{"@id":"https:\/\/techmasterdemexico.com\/#website"},"primaryImageOfPage":{"@id":"https:\/\/techmasterdemexico.com\/producto\/digital-abs-aos-cal-const-meas-force-inch-metric-0-7\/#primaryimage"},"image":{"@id":"https:\/\/techmasterdemexico.com\/producto\/digital-abs-aos-cal-const-meas-force-inch-metric-0-7\/#primaryimage"},"thumbnailUrl":"https:\/\/techmasterdemexico.com\/wp-content\/uploads\/2021\/12\/573-291-30_jpg.png","datePublished":"2021-12-22T00:31:58+00:00","dateModified":"2021-12-29T00:35:21+00:00","breadcrumb":{"@id":"https:\/\/techmasterdemexico.com\/producto\/digital-abs-aos-cal-const-meas-force-inch-metric-0-7\/#breadcrumb"},"inLanguage":"en-US","potentialAction":[{"@type":"ReadAction","target":["https:\/\/techmasterdemexico.com\/producto\/digital-abs-aos-cal-const-meas-force-inch-metric-0-7\/"]}]},{"@type":"ImageObject","inLanguage":"en-US","@id":"https:\/\/techmasterdemexico.com\/producto\/digital-abs-aos-cal-const-meas-force-inch-metric-0-7\/#primaryimage","url":"https:\/\/techmasterdemexico.com\/wp-content\/uploads\/2021\/12\/573-291-30_jpg.png","contentUrl":"https:\/\/techmasterdemexico.com\/wp-content\/uploads\/2021\/12\/573-291-30_jpg.png","width":600,"height":600},{"@type":"BreadcrumbList","@id":"https:\/\/techmasterdemexico.com\/producto\/digital-abs-aos-cal-const-meas-force-inch-metric-0-7\/#breadcrumb","itemListElement":[{"@type":"ListItem","position":1,"name":"Portada","item":"https:\/\/techmasterdemexico.com\/"},{"@type":"ListItem","position":2,"name":"Digital ABS AOS Cal., Const. Meas. Force Inch\/Metric, 0-7\u201d"}]},{"@type":"WebSite","@id":"https:\/\/techmasterdemexico.com\/#website","url":"https:\/\/techmasterdemexico.com\/","name":"Techmaster de Mexico","description":"","potentialAction":[{"@type":"SearchAction","target":{"@type":"EntryPoint","urlTemplate":"https:\/\/techmasterdemexico.com\/?s={search_term_string}"},"query-input":{"@type":"PropertyValueSpecification","valueRequired":true,"valueName":"search_term_string"}}],"inLanguage":"en-US"}]}},"brands":[{"id":39,"name":"Mitutoyo","slug":"mitutoyo"}],"_links":{"self":[{"href":"https:\/\/techmasterdemexico.com\/en\/wp-json\/wp\/v2\/product\/14065","targetHints":{"allow":["GET"]}}],"collection":[{"href":"https:\/\/techmasterdemexico.com\/en\/wp-json\/wp\/v2\/product"}],"about":[{"href":"https:\/\/techmasterdemexico.com\/en\/wp-json\/wp\/v2\/types\/product"}],"wp:featuredmedia":[{"embeddable":true,"href":"https:\/\/techmasterdemexico.com\/en\/wp-json\/wp\/v2\/media\/16905"}],"wp:attachment":[{"href":"https:\/\/techmasterdemexico.com\/en\/wp-json\/wp\/v2\/media?parent=14065"}],"wp:term":[{"taxonomy":"pwb-brand","embeddable":true,"href":"https:\/\/techmasterdemexico.com\/en\/wp-json\/wp\/v2\/pwb-brand?post=14065"},{"taxonomy":"product_brand","embeddable":true,"href":"https:\/\/techmasterdemexico.com\/en\/wp-json\/wp\/v2\/product_brand?post=14065"},{"taxonomy":"product_cat","embeddable":true,"href":"https:\/\/techmasterdemexico.com\/en\/wp-json\/wp\/v2\/product_cat?post=14065"},{"taxonomy":"product_tag","embeddable":true,"href":"https:\/\/techmasterdemexico.com\/en\/wp-json\/wp\/v2\/product_tag?post=14065"}],"curies":[{"name":"wp","href":"https:\/\/api.w.org\/{rel}","templated":true}]}}