{"id":14025,"date":"2021-12-22T00:31:06","date_gmt":"2021-12-22T00:31:06","guid":{"rendered":"https:\/\/techmastermx.ddns.net\/producto\/digital-abs-carb-fibre-caliper-long-jaw-0-1500mm-ip66\/"},"modified":"2022-02-27T04:28:47","modified_gmt":"2022-02-27T04:28:47","slug":"digital-abs-carb-fibre-caliper-long-jaw-0-1500mm-ip66","status":"publish","type":"product","link":"https:\/\/techmasterdemexico.com\/en\/producto\/digital-abs-carb-fibre-caliper-long-jaw-0-1500mm-ip66\/","title":{"rendered":"Digital ABS Carb. Fibre Caliper Long Jaw 0-1500mm, IP66"},"content":{"rendered":"<p>Digital ABS Carb. Fibre Caliper Long Jaw<br \/>\n0-1500mm, IP66<br \/>\nN\u00famero de art\u00edculo: 552-153-10<\/p>\n<p>&nbsp;<\/p>\n<ul>\n<li>El dise\u00f1o ultra-ligero (con material de fibra de carbono reforzado) reduce el peso total de hasta 50%.<\/li>\n<li>Lectura directa de las mediciones de interior desde la pantalla LCD (el valor de desplazamiento se puede configurar f\u00e1cilmente mediante el bot\u00f3n de desplazamiento).<\/li>\n<li>Funci\u00f3n de preajuste para establecer un punto de inicio deseado.<\/li>\n<li>Salida de datos SPC.<\/li>\n<\/ul>\n","protected":false},"excerpt":{"rendered":"<table class=\"product_properties\">\n<tbody>\n<tr class=\"table-row-odd\">\n<td class=\"parameter\">\n<div class=\"product_properties_propertyName\"><span class=\"name\">Medici\u00f3n de interiores desde:<\/span><\/div>\n<\/td>\n<td class=\"value\">\n<div class=\"product_properties_propertyValue\">20.1 mm<\/div>\n<\/td>\n<\/tr>\n<tr class=\"table-row-even\">\n<td class=\"parameter\">\n<div class=\"product_properties_propertyName\"><span class=\"name\">Error m\u00e1x. permitido:<\/span><\/div>\n<\/td>\n<td class=\"value\">\n<div class=\"product_properties_propertyValue\">\u00b10,11 mm<\/div>\n<\/td>\n<\/tr>\n<tr class=\"table-row-odd\">\n<td class=\"parameter\">\n<div class=\"product_properties_propertyName\"><span class=\"name\">Max. Permissible Error S MPE:<\/span><\/div>\n<\/td>\n<td class=\"value\">\n<div class=\"product_properties_propertyValue\">\u00b10,11 mm<\/div>\n<\/td>\n<\/tr>\n<tr class=\"table-row-even\">\n<td class=\"parameter\">\n<div class=\"product_properties_propertyName\"><span class=\"name\">Peso:<\/span><\/div>\n<\/td>\n<td class=\"value\">\n<div class=\"product_properties_propertyValue\">2490<span class=\"shortName\">\u00a0g<\/span><\/div>\n<\/td>\n<\/tr>\n<tr class=\"table-row-odd\">\n<td class=\"parameter\">\n<div class=\"product_properties_propertyName\"><span class=\"name\">Velocidad m\u00e1x. de respuesta:<\/span><\/div>\n<\/td>\n<td class=\"value\">\n<div class=\"product_properties_propertyValue\">Ilimitado<\/div>\n<\/td>\n<\/tr>\n<tr class=\"table-row-even\">\n<td class=\"parameter\">\n<div class=\"product_properties_propertyName\"><span class=\"name\">OFFSET:<\/span><\/div>\n<\/td>\n<td class=\"value\">\n<div class=\"product_properties_propertyValue\">20 mm<\/div>\n<\/td>\n<\/tr>\n<tr class=\"table-row-odd\">\n<td class=\"parameter\">\n<div class=\"product_properties_propertyName\"><span class=\"name\">Duraci\u00f3n bateria:<\/span><\/div>\n<\/td>\n<td class=\"value\">\n<div class=\"product_properties_propertyValue\">Approx. 5000 hours<\/div>\n<\/td>\n<\/tr>\n<tr class=\"table-row-even\">\n<td class=\"parameter\">\n<div class=\"product_properties_propertyName\"><span class=\"name\">ORIGIN (puesta a cero ABS):<\/span><\/div>\n<\/td>\n<td class=\"value\">\n<div class=\"product_properties_propertyValue\">Si<\/div>\n<\/td>\n<\/tr>\n<tr class=\"table-row-odd\">\n<td class=\"parameter\">\n<div class=\"product_properties_propertyName\"><span class=\"name\">Auto apagado (despu\u00e9s de 20 min de\u00a0\u00faltimo uso):<\/span><\/div>\n<\/td>\n<td class=\"value\">\n<div class=\"product_properties_propertyValue\">Si<\/div>\n<\/td>\n<\/tr>\n<tr class=\"table-row-even\">\n<td class=\"parameter\">\n<div class=\"product_properties_propertyName\"><span class=\"name\">Aviso bater\u00eda baja:<\/span><\/div>\n<\/td>\n<td class=\"value\">\n<div class=\"product_properties_propertyValue\">Si<\/div>\n<\/td>\n<\/tr>\n<tr class=\"table-row-odd\">\n<td class=\"parameter\">\n<div class=\"product_properties_propertyName\"><span class=\"name\">Salida de datos:<\/span><\/div>\n<\/td>\n<td class=\"value\">\n<div class=\"product_properties_propertyValue\">Si<\/div>\n<\/td>\n<\/tr>\n<tr class=\"table-row-even\">\n<td class=\"parameter\">\n<div class=\"product_properties_propertyName\"><span class=\"name\">DATA (output with cable) \/ HOLD (display value):<\/span><\/div>\n<\/td>\n<td class=\"value\">\n<div class=\"product_properties_propertyValue\">Si<\/div>\n<\/td>\n<\/tr>\n<\/tbody>\n<\/table>\n","protected":false},"featured_media":18440,"template":"","meta":{"_acf_changed":false},"pwb-brand":[39],"product_brand":[],"product_cat":[366,57,410,331,38],"product_tag":[],"class_list":{"0":"post-14025","1":"product","2":"type-product","3":"status-publish","4":"has-post-thumbnail","6":"pwb-brand-mitutoyo","7":"product_cat-todos-los-productos","8":"product_cat-calibradores","9":"product_cat-calibradores-absolute-digimatic","10":"product_cat-instrumentos-de-medicion-y-gestion-de-datos","11":"product_cat-mitutoyo","13":"first","14":"instock","15":"taxable","16":"shipping-taxable","17":"product-type-simple"},"acf":[],"yoast_head":"<!-- This site is optimized with the Yoast SEO plugin v27.2 - https:\/\/yoast.com\/product\/yoast-seo-wordpress\/ -->\n<title>Digital ABS Carb. Fibre Caliper Long Jaw 0-1500mm, IP66 - Techmaster de Mexico<\/title>\n<meta name=\"robots\" content=\"index, follow, max-snippet:-1, max-image-preview:large, max-video-preview:-1\" \/>\n<link rel=\"canonical\" href=\"https:\/\/techmasterdemexico.com\/producto\/digital-abs-carb-fibre-caliper-long-jaw-0-1500mm-ip66\/\" \/>\n<meta property=\"og:locale\" content=\"en_US\" \/>\n<meta property=\"og:type\" content=\"article\" \/>\n<meta property=\"og:title\" content=\"Digital ABS Carb. Fibre Caliper Long Jaw 0-1500mm, IP66 - Techmaster de Mexico\" \/>\n<meta property=\"og:description\" content=\"Medici\u00f3n de interiores desde:  20.1 mm    Error m\u00e1x. permitido:  \u00b10,11 mm    Max. Permissible Error S MPE:  \u00b10,11 mm    Peso:  2490\u00a0g    Velocidad m\u00e1x. de respuesta:  Ilimitado    OFFSET:  20 mm    Duraci\u00f3n bateria:  Approx. 5000 hours    ORIGIN (puesta a cero ABS):  Si    Auto apagado (despu\u00e9s de 20 min de\u00a0\u00faltimo uso):  Si    Aviso bater\u00eda baja:  Si    Salida de datos:  Si    DATA (output with cable) \/ HOLD (display value):  Si\" \/>\n<meta property=\"og:url\" content=\"https:\/\/techmasterdemexico.com\/producto\/digital-abs-carb-fibre-caliper-long-jaw-0-1500mm-ip66\/\" \/>\n<meta property=\"og:site_name\" content=\"Techmaster de Mexico\" \/>\n<meta property=\"article:modified_time\" content=\"2022-02-27T04:28:47+00:00\" \/>\n<meta property=\"og:image\" content=\"https:\/\/techmasterdemexico.com\/wp-content\/uploads\/2021\/12\/552-151-10_z_jpg.jpg\" \/>\n\t<meta property=\"og:image:width\" content=\"600\" \/>\n\t<meta property=\"og:image:height\" content=\"600\" \/>\n\t<meta property=\"og:image:type\" content=\"image\/jpeg\" \/>\n<meta name=\"twitter:card\" content=\"summary_large_image\" \/>\n<script type=\"application\/ld+json\" class=\"yoast-schema-graph\">{\"@context\":\"https:\/\/schema.org\",\"@graph\":[{\"@type\":\"WebPage\",\"@id\":\"https:\/\/techmasterdemexico.com\/producto\/digital-abs-carb-fibre-caliper-long-jaw-0-1500mm-ip66\/\",\"url\":\"https:\/\/techmasterdemexico.com\/producto\/digital-abs-carb-fibre-caliper-long-jaw-0-1500mm-ip66\/\",\"name\":\"Digital ABS Carb. Fibre Caliper Long Jaw 0-1500mm, IP66 - Techmaster de Mexico\",\"isPartOf\":{\"@id\":\"https:\/\/techmasterdemexico.com\/#website\"},\"primaryImageOfPage\":{\"@id\":\"https:\/\/techmasterdemexico.com\/producto\/digital-abs-carb-fibre-caliper-long-jaw-0-1500mm-ip66\/#primaryimage\"},\"image\":{\"@id\":\"https:\/\/techmasterdemexico.com\/producto\/digital-abs-carb-fibre-caliper-long-jaw-0-1500mm-ip66\/#primaryimage\"},\"thumbnailUrl\":\"https:\/\/techmasterdemexico.com\/wp-content\/uploads\/2021\/12\/552-151-10_z_jpg.jpg\",\"datePublished\":\"2021-12-22T00:31:06+00:00\",\"dateModified\":\"2022-02-27T04:28:47+00:00\",\"breadcrumb\":{\"@id\":\"https:\/\/techmasterdemexico.com\/producto\/digital-abs-carb-fibre-caliper-long-jaw-0-1500mm-ip66\/#breadcrumb\"},\"inLanguage\":\"en-US\",\"potentialAction\":[{\"@type\":\"ReadAction\",\"target\":[\"https:\/\/techmasterdemexico.com\/producto\/digital-abs-carb-fibre-caliper-long-jaw-0-1500mm-ip66\/\"]}]},{\"@type\":\"ImageObject\",\"inLanguage\":\"en-US\",\"@id\":\"https:\/\/techmasterdemexico.com\/producto\/digital-abs-carb-fibre-caliper-long-jaw-0-1500mm-ip66\/#primaryimage\",\"url\":\"https:\/\/techmasterdemexico.com\/wp-content\/uploads\/2021\/12\/552-151-10_z_jpg.jpg\",\"contentUrl\":\"https:\/\/techmasterdemexico.com\/wp-content\/uploads\/2021\/12\/552-151-10_z_jpg.jpg\",\"width\":600,\"height\":600},{\"@type\":\"BreadcrumbList\",\"@id\":\"https:\/\/techmasterdemexico.com\/producto\/digital-abs-carb-fibre-caliper-long-jaw-0-1500mm-ip66\/#breadcrumb\",\"itemListElement\":[{\"@type\":\"ListItem\",\"position\":1,\"name\":\"Portada\",\"item\":\"https:\/\/techmasterdemexico.com\/\"},{\"@type\":\"ListItem\",\"position\":2,\"name\":\"Digital ABS Carb. Fibre Caliper Long Jaw 0-1500mm, IP66\"}]},{\"@type\":\"WebSite\",\"@id\":\"https:\/\/techmasterdemexico.com\/#website\",\"url\":\"https:\/\/techmasterdemexico.com\/\",\"name\":\"Techmaster de Mexico\",\"description\":\"\",\"potentialAction\":[{\"@type\":\"SearchAction\",\"target\":{\"@type\":\"EntryPoint\",\"urlTemplate\":\"https:\/\/techmasterdemexico.com\/?s={search_term_string}\"},\"query-input\":{\"@type\":\"PropertyValueSpecification\",\"valueRequired\":true,\"valueName\":\"search_term_string\"}}],\"inLanguage\":\"en-US\"}]}<\/script>\n<!-- \/ Yoast SEO plugin. -->","yoast_head_json":{"title":"Digital ABS Carb. Fibre Caliper Long Jaw 0-1500mm, IP66 - Techmaster de Mexico","robots":{"index":"index","follow":"follow","max-snippet":"max-snippet:-1","max-image-preview":"max-image-preview:large","max-video-preview":"max-video-preview:-1"},"canonical":"https:\/\/techmasterdemexico.com\/producto\/digital-abs-carb-fibre-caliper-long-jaw-0-1500mm-ip66\/","og_locale":"en_US","og_type":"article","og_title":"Digital ABS Carb. Fibre Caliper Long Jaw 0-1500mm, IP66 - Techmaster de Mexico","og_description":"Medici\u00f3n de interiores desde:  20.1 mm    Error m\u00e1x. permitido:  \u00b10,11 mm    Max. Permissible Error S MPE:  \u00b10,11 mm    Peso:  2490\u00a0g    Velocidad m\u00e1x. de respuesta:  Ilimitado    OFFSET:  20 mm    Duraci\u00f3n bateria:  Approx. 5000 hours    ORIGIN (puesta a cero ABS):  Si    Auto apagado (despu\u00e9s de 20 min de\u00a0\u00faltimo uso):  Si    Aviso bater\u00eda baja:  Si    Salida de datos:  Si    DATA (output with cable) \/ HOLD (display value):  Si","og_url":"https:\/\/techmasterdemexico.com\/producto\/digital-abs-carb-fibre-caliper-long-jaw-0-1500mm-ip66\/","og_site_name":"Techmaster de Mexico","article_modified_time":"2022-02-27T04:28:47+00:00","og_image":[{"width":600,"height":600,"url":"https:\/\/techmasterdemexico.com\/wp-content\/uploads\/2021\/12\/552-151-10_z_jpg.jpg","type":"image\/jpeg"}],"twitter_card":"summary_large_image","schema":{"@context":"https:\/\/schema.org","@graph":[{"@type":"WebPage","@id":"https:\/\/techmasterdemexico.com\/producto\/digital-abs-carb-fibre-caliper-long-jaw-0-1500mm-ip66\/","url":"https:\/\/techmasterdemexico.com\/producto\/digital-abs-carb-fibre-caliper-long-jaw-0-1500mm-ip66\/","name":"Digital ABS Carb. Fibre Caliper Long Jaw 0-1500mm, IP66 - Techmaster de Mexico","isPartOf":{"@id":"https:\/\/techmasterdemexico.com\/#website"},"primaryImageOfPage":{"@id":"https:\/\/techmasterdemexico.com\/producto\/digital-abs-carb-fibre-caliper-long-jaw-0-1500mm-ip66\/#primaryimage"},"image":{"@id":"https:\/\/techmasterdemexico.com\/producto\/digital-abs-carb-fibre-caliper-long-jaw-0-1500mm-ip66\/#primaryimage"},"thumbnailUrl":"https:\/\/techmasterdemexico.com\/wp-content\/uploads\/2021\/12\/552-151-10_z_jpg.jpg","datePublished":"2021-12-22T00:31:06+00:00","dateModified":"2022-02-27T04:28:47+00:00","breadcrumb":{"@id":"https:\/\/techmasterdemexico.com\/producto\/digital-abs-carb-fibre-caliper-long-jaw-0-1500mm-ip66\/#breadcrumb"},"inLanguage":"en-US","potentialAction":[{"@type":"ReadAction","target":["https:\/\/techmasterdemexico.com\/producto\/digital-abs-carb-fibre-caliper-long-jaw-0-1500mm-ip66\/"]}]},{"@type":"ImageObject","inLanguage":"en-US","@id":"https:\/\/techmasterdemexico.com\/producto\/digital-abs-carb-fibre-caliper-long-jaw-0-1500mm-ip66\/#primaryimage","url":"https:\/\/techmasterdemexico.com\/wp-content\/uploads\/2021\/12\/552-151-10_z_jpg.jpg","contentUrl":"https:\/\/techmasterdemexico.com\/wp-content\/uploads\/2021\/12\/552-151-10_z_jpg.jpg","width":600,"height":600},{"@type":"BreadcrumbList","@id":"https:\/\/techmasterdemexico.com\/producto\/digital-abs-carb-fibre-caliper-long-jaw-0-1500mm-ip66\/#breadcrumb","itemListElement":[{"@type":"ListItem","position":1,"name":"Portada","item":"https:\/\/techmasterdemexico.com\/"},{"@type":"ListItem","position":2,"name":"Digital ABS Carb. Fibre Caliper Long Jaw 0-1500mm, IP66"}]},{"@type":"WebSite","@id":"https:\/\/techmasterdemexico.com\/#website","url":"https:\/\/techmasterdemexico.com\/","name":"Techmaster de Mexico","description":"","potentialAction":[{"@type":"SearchAction","target":{"@type":"EntryPoint","urlTemplate":"https:\/\/techmasterdemexico.com\/?s={search_term_string}"},"query-input":{"@type":"PropertyValueSpecification","valueRequired":true,"valueName":"search_term_string"}}],"inLanguage":"en-US"}]}},"brands":[{"id":39,"name":"Mitutoyo","slug":"mitutoyo"}],"_links":{"self":[{"href":"https:\/\/techmasterdemexico.com\/en\/wp-json\/wp\/v2\/product\/14025","targetHints":{"allow":["GET"]}}],"collection":[{"href":"https:\/\/techmasterdemexico.com\/en\/wp-json\/wp\/v2\/product"}],"about":[{"href":"https:\/\/techmasterdemexico.com\/en\/wp-json\/wp\/v2\/types\/product"}],"wp:featuredmedia":[{"embeddable":true,"href":"https:\/\/techmasterdemexico.com\/en\/wp-json\/wp\/v2\/media\/18440"}],"wp:attachment":[{"href":"https:\/\/techmasterdemexico.com\/en\/wp-json\/wp\/v2\/media?parent=14025"}],"wp:term":[{"taxonomy":"pwb-brand","embeddable":true,"href":"https:\/\/techmasterdemexico.com\/en\/wp-json\/wp\/v2\/pwb-brand?post=14025"},{"taxonomy":"product_brand","embeddable":true,"href":"https:\/\/techmasterdemexico.com\/en\/wp-json\/wp\/v2\/product_brand?post=14025"},{"taxonomy":"product_cat","embeddable":true,"href":"https:\/\/techmasterdemexico.com\/en\/wp-json\/wp\/v2\/product_cat?post=14025"},{"taxonomy":"product_tag","embeddable":true,"href":"https:\/\/techmasterdemexico.com\/en\/wp-json\/wp\/v2\/product_tag?post=14025"}],"curies":[{"name":"wp","href":"https:\/\/api.w.org\/{rel}","templated":true}]}}