{"id":14009,"date":"2021-12-22T00:30:46","date_gmt":"2021-12-22T00:30:46","guid":{"rendered":"https:\/\/techmastermx.ddns.net\/producto\/digital-abs-aos-caliper-od-carb-jaws-inch-metric-0-12-thumb-r-w-o-outp\/"},"modified":"2022-02-27T05:38:59","modified_gmt":"2022-02-27T05:38:59","slug":"digital-abs-aos-caliper-od-carb-jaws-inch-metric-0-12-thumb-r-w-o-outp","status":"publish","type":"product","link":"https:\/\/techmasterdemexico.com\/en\/producto\/digital-abs-aos-caliper-od-carb-jaws-inch-metric-0-12-thumb-r-w-o-outp\/","title":{"rendered":"Digital ABS AOS Caliper, OD Carb. Jaws Inch\/Metric, 0-12&#8243;, Thumb R., w\/o Outp."},"content":{"rendered":"<p>Digital ABS AOS Caliper, OD Carb. Jaws<br \/>\nInch\/Metric, 0-12&#8243;, Thumb R., w\/o Outp.<br \/>\nN\u00famero de art\u00edculo: 500-165-30<\/p>\n<p>&nbsp;<\/p>\n<p>Calibres Digimatic con bocas de metal duro que\u00a0permiten obtener mediciones fiables y proporcionan larga vida y\u00a0las siguientes ventajas:<\/p>\n<ul>\n<li>Gracias a la adopci\u00f3n del contador de inducci\u00f3n electromagn\u00e9tica tipo ABS, este calibre puede usarse sin cuidado de la suciedad de la regla durante la medici\u00f3n. La se\u00f1al de detecci\u00f3n no se ve afectada por la suciedad (agua, aceite, polvo, etc) en la superficie de la regla, con excepci\u00f3n del modelo de rango 0-300mm.<\/li>\n<li>La gu\u00eda\u00a0proporciona un\u00a0suave deslizamiento, estable y confortable de la corredera.<\/li>\n<li>Altura de caracteres: 9mm (f\u00e1cil lectura en display LCD de alto contraste).<\/li>\n<li>La escala ABS (ABSOLUTE) no requiere puesta\u00a0a cero siempre que se enciende tampoco\u00a0tiene l\u00edmite de velocidad de desplazamiento.<\/li>\n<li>Extraordinaria duraci\u00f3n de bater\u00eda.<\/li>\n<\/ul>\n","protected":false},"excerpt":{"rendered":"<table class=\"product_properties\">\n<tbody>\n<tr class=\"table-row-odd\">\n<td class=\"parameter\">\n<div class=\"product_properties_propertyName\"><span class=\"name\">Error m\u00e1x. permitido:<\/span><\/div>\n<\/td>\n<td class=\"value\">\n<div class=\"product_properties_propertyValue\">\u00b10,0015&#8243;<\/div>\n<\/td>\n<\/tr>\n<tr class=\"table-row-even\">\n<td class=\"parameter\">\n<div class=\"product_properties_propertyName\"><span class=\"name\">Max. Permissible Error S MPE:<\/span><\/div>\n<\/td>\n<td class=\"value\">\n<div class=\"product_properties_propertyValue\">\u00b10,0025&#8243;<\/div>\n<\/td>\n<\/tr>\n<tr class=\"table-row-odd\">\n<td class=\"parameter\">\n<div class=\"product_properties_propertyName\"><span class=\"name\">Salida de datos:<\/span><\/div>\n<\/td>\n<td class=\"value\">\n<div class=\"product_properties_propertyValue\">No<\/div>\n<\/td>\n<\/tr>\n<tr class=\"table-row-even\">\n<td class=\"parameter\">\n<div class=\"product_properties_propertyName\"><span class=\"name\">Peso:<\/span><\/div>\n<\/td>\n<td class=\"value\">\n<div class=\"product_properties_propertyValue\">350<span class=\"shortName\">\u00a0g<\/span><\/div>\n<\/td>\n<\/tr>\n<tr class=\"table-row-odd\">\n<td class=\"parameter\">\n<div class=\"product_properties_propertyName\"><span class=\"name\">Resoluci\u00f3n:<\/span><\/div>\n<\/td>\n<td class=\"value\">\n<div class=\"product_properties_propertyValue\">0,0005&#8243;\/0,01 mm<\/div>\n<\/td>\n<\/tr>\n<tr class=\"table-row-even\">\n<td class=\"parameter\">\n<div class=\"product_properties_propertyName\"><span class=\"name\">Velocidad m\u00e1x. de respuesta:<\/span><\/div>\n<\/td>\n<td class=\"value\">\n<div class=\"product_properties_propertyValue\">Ilimitado<\/div>\n<\/td>\n<\/tr>\n<tr class=\"table-row-odd\">\n<td class=\"parameter\">\n<div class=\"product_properties_propertyName\"><span class=\"name\">Duraci\u00f3n bateria:<\/span><\/div>\n<\/td>\n<td class=\"value\">\n<div class=\"product_properties_propertyValue\">Approx. 5 years under normal use<\/div>\n<\/td>\n<\/tr>\n<tr class=\"table-row-even\">\n<td class=\"parameter\">\n<div class=\"product_properties_propertyName\"><span class=\"name\">ORIGIN (puesta a cero ABS):<\/span><\/div>\n<\/td>\n<td class=\"value\">\n<div class=\"product_properties_propertyValue\">Si<\/div>\n<\/td>\n<\/tr>\n<tr class=\"table-row-odd\">\n<td class=\"parameter\">\n<div class=\"product_properties_propertyName\"><span class=\"name\">ON\/OFF:<\/span><\/div>\n<\/td>\n<td class=\"value\">\n<div class=\"product_properties_propertyValue\">Si<\/div>\n<\/td>\n<\/tr>\n<tr class=\"table-row-even\">\n<td class=\"parameter\">\n<div class=\"product_properties_propertyName\"><span class=\"name\">Selector ZERO\/ABS:<\/span><\/div>\n<\/td>\n<td class=\"value\">\n<div class=\"product_properties_propertyValue\">Si<\/div>\n<\/td>\n<\/tr>\n<tr class=\"table-row-odd\">\n<td class=\"parameter\">\n<div class=\"product_properties_propertyName\"><span class=\"name\">Aviso bater\u00eda baja:<\/span><\/div>\n<\/td>\n<td class=\"value\">\n<div class=\"product_properties_propertyValue\">Si<\/div>\n<\/td>\n<\/tr>\n<tr class=\"table-row-even\">\n<td class=\"parameter\">\n<div class=\"product_properties_propertyName\"><span class=\"name\">Varilla de profundidad:<\/span><\/div>\n<\/td>\n<td class=\"value\">\n<div class=\"product_properties_propertyValue\">Plana<\/div>\n<\/td>\n<\/tr>\n<\/tbody>\n<\/table>\n","protected":false},"featured_media":18473,"template":"","meta":{"_acf_changed":false},"pwb-brand":[39],"product_brand":[],"product_cat":[366,57,410,331,38],"product_tag":[],"class_list":{"0":"post-14009","1":"product","2":"type-product","3":"status-publish","4":"has-post-thumbnail","6":"pwb-brand-mitutoyo","7":"product_cat-todos-los-productos","8":"product_cat-calibradores","9":"product_cat-calibradores-absolute-digimatic","10":"product_cat-instrumentos-de-medicion-y-gestion-de-datos","11":"product_cat-mitutoyo","13":"first","14":"instock","15":"taxable","16":"shipping-taxable","17":"product-type-simple"},"acf":[],"yoast_head":"<!-- This site is optimized with the Yoast SEO plugin v27.3 - https:\/\/yoast.com\/product\/yoast-seo-wordpress\/ -->\n<title>Digital ABS AOS Caliper, OD Carb. Jaws Inch\/Metric, 0-12&quot;, Thumb R., w\/o Outp. - Techmaster de Mexico<\/title>\n<meta name=\"robots\" content=\"index, follow, max-snippet:-1, max-image-preview:large, max-video-preview:-1\" \/>\n<link rel=\"canonical\" href=\"https:\/\/techmasterdemexico.com\/producto\/digital-abs-aos-caliper-od-carb-jaws-inch-metric-0-12-thumb-r-w-o-outp\/\" \/>\n<meta property=\"og:locale\" content=\"en_US\" \/>\n<meta property=\"og:type\" content=\"article\" \/>\n<meta property=\"og:title\" content=\"Digital ABS AOS Caliper, OD Carb. Jaws Inch\/Metric, 0-12&quot;, Thumb R., w\/o Outp. - Techmaster de Mexico\" \/>\n<meta property=\"og:description\" content=\"Error m\u00e1x. permitido:  \u00b10,0015&quot;    Max. Permissible Error S MPE:  \u00b10,0025&quot;    Salida de datos:  No    Peso:  350\u00a0g    Resoluci\u00f3n:  0,0005&quot;\/0,01 mm    Velocidad m\u00e1x. de respuesta:  Ilimitado    Duraci\u00f3n bateria:  Approx. 5 years under normal use    ORIGIN (puesta a cero ABS):  Si    ON\/OFF:  Si    Selector ZERO\/ABS:  Si    Aviso bater\u00eda baja:  Si    Varilla de profundidad:  Plana\" \/>\n<meta property=\"og:url\" content=\"https:\/\/techmasterdemexico.com\/producto\/digital-abs-aos-caliper-od-carb-jaws-inch-metric-0-12-thumb-r-w-o-outp\/\" \/>\n<meta property=\"og:site_name\" content=\"Techmaster de Mexico\" \/>\n<meta property=\"article:modified_time\" content=\"2022-02-27T05:38:59+00:00\" \/>\n<meta property=\"og:image\" content=\"https:\/\/techmasterdemexico.com\/wp-content\/uploads\/2021\/12\/500-165-30_201904_fs_psd.jpg\" \/>\n\t<meta property=\"og:image:width\" content=\"600\" \/>\n\t<meta property=\"og:image:height\" content=\"600\" \/>\n\t<meta property=\"og:image:type\" content=\"image\/jpeg\" \/>\n<meta name=\"twitter:card\" content=\"summary_large_image\" \/>\n<meta name=\"twitter:label1\" content=\"Est. reading time\" \/>\n\t<meta name=\"twitter:data1\" content=\"1 minute\" \/>\n<script type=\"application\/ld+json\" class=\"yoast-schema-graph\">{\"@context\":\"https:\\\/\\\/schema.org\",\"@graph\":[{\"@type\":\"WebPage\",\"@id\":\"https:\\\/\\\/techmasterdemexico.com\\\/producto\\\/digital-abs-aos-caliper-od-carb-jaws-inch-metric-0-12-thumb-r-w-o-outp\\\/\",\"url\":\"https:\\\/\\\/techmasterdemexico.com\\\/producto\\\/digital-abs-aos-caliper-od-carb-jaws-inch-metric-0-12-thumb-r-w-o-outp\\\/\",\"name\":\"Digital ABS AOS Caliper, OD Carb. Jaws Inch\\\/Metric, 0-12\\\", Thumb R., w\\\/o Outp. - Techmaster de Mexico\",\"isPartOf\":{\"@id\":\"https:\\\/\\\/techmasterdemexico.com\\\/#website\"},\"primaryImageOfPage\":{\"@id\":\"https:\\\/\\\/techmasterdemexico.com\\\/producto\\\/digital-abs-aos-caliper-od-carb-jaws-inch-metric-0-12-thumb-r-w-o-outp\\\/#primaryimage\"},\"image\":{\"@id\":\"https:\\\/\\\/techmasterdemexico.com\\\/producto\\\/digital-abs-aos-caliper-od-carb-jaws-inch-metric-0-12-thumb-r-w-o-outp\\\/#primaryimage\"},\"thumbnailUrl\":\"https:\\\/\\\/techmasterdemexico.com\\\/wp-content\\\/uploads\\\/2021\\\/12\\\/500-165-30_201904_fs_psd.jpg\",\"datePublished\":\"2021-12-22T00:30:46+00:00\",\"dateModified\":\"2022-02-27T05:38:59+00:00\",\"breadcrumb\":{\"@id\":\"https:\\\/\\\/techmasterdemexico.com\\\/producto\\\/digital-abs-aos-caliper-od-carb-jaws-inch-metric-0-12-thumb-r-w-o-outp\\\/#breadcrumb\"},\"inLanguage\":\"en-US\",\"potentialAction\":[{\"@type\":\"ReadAction\",\"target\":[\"https:\\\/\\\/techmasterdemexico.com\\\/producto\\\/digital-abs-aos-caliper-od-carb-jaws-inch-metric-0-12-thumb-r-w-o-outp\\\/\"]}]},{\"@type\":\"ImageObject\",\"inLanguage\":\"en-US\",\"@id\":\"https:\\\/\\\/techmasterdemexico.com\\\/producto\\\/digital-abs-aos-caliper-od-carb-jaws-inch-metric-0-12-thumb-r-w-o-outp\\\/#primaryimage\",\"url\":\"https:\\\/\\\/techmasterdemexico.com\\\/wp-content\\\/uploads\\\/2021\\\/12\\\/500-165-30_201904_fs_psd.jpg\",\"contentUrl\":\"https:\\\/\\\/techmasterdemexico.com\\\/wp-content\\\/uploads\\\/2021\\\/12\\\/500-165-30_201904_fs_psd.jpg\",\"width\":600,\"height\":600},{\"@type\":\"BreadcrumbList\",\"@id\":\"https:\\\/\\\/techmasterdemexico.com\\\/producto\\\/digital-abs-aos-caliper-od-carb-jaws-inch-metric-0-12-thumb-r-w-o-outp\\\/#breadcrumb\",\"itemListElement\":[{\"@type\":\"ListItem\",\"position\":1,\"name\":\"Portada\",\"item\":\"https:\\\/\\\/techmasterdemexico.com\\\/\"},{\"@type\":\"ListItem\",\"position\":2,\"name\":\"Digital ABS AOS Caliper, OD Carb. Jaws Inch\\\/Metric, 0-12&#8243;, Thumb R., w\\\/o Outp.\"}]},{\"@type\":\"WebSite\",\"@id\":\"https:\\\/\\\/techmasterdemexico.com\\\/#website\",\"url\":\"https:\\\/\\\/techmasterdemexico.com\\\/\",\"name\":\"Techmaster de Mexico\",\"description\":\"\",\"potentialAction\":[{\"@type\":\"SearchAction\",\"target\":{\"@type\":\"EntryPoint\",\"urlTemplate\":\"https:\\\/\\\/techmasterdemexico.com\\\/?s={search_term_string}\"},\"query-input\":{\"@type\":\"PropertyValueSpecification\",\"valueRequired\":true,\"valueName\":\"search_term_string\"}}],\"inLanguage\":\"en-US\"}]}<\/script>\n<!-- \/ Yoast SEO plugin. -->","yoast_head_json":{"title":"Digital ABS AOS Caliper, OD Carb. Jaws Inch\/Metric, 0-12\", Thumb R., w\/o Outp. - Techmaster de Mexico","robots":{"index":"index","follow":"follow","max-snippet":"max-snippet:-1","max-image-preview":"max-image-preview:large","max-video-preview":"max-video-preview:-1"},"canonical":"https:\/\/techmasterdemexico.com\/producto\/digital-abs-aos-caliper-od-carb-jaws-inch-metric-0-12-thumb-r-w-o-outp\/","og_locale":"en_US","og_type":"article","og_title":"Digital ABS AOS Caliper, OD Carb. Jaws Inch\/Metric, 0-12\", Thumb R., w\/o Outp. - Techmaster de Mexico","og_description":"Error m\u00e1x. permitido:  \u00b10,0015\"    Max. Permissible Error S MPE:  \u00b10,0025\"    Salida de datos:  No    Peso:  350\u00a0g    Resoluci\u00f3n:  0,0005\"\/0,01 mm    Velocidad m\u00e1x. de respuesta:  Ilimitado    Duraci\u00f3n bateria:  Approx. 5 years under normal use    ORIGIN (puesta a cero ABS):  Si    ON\/OFF:  Si    Selector ZERO\/ABS:  Si    Aviso bater\u00eda baja:  Si    Varilla de profundidad:  Plana","og_url":"https:\/\/techmasterdemexico.com\/producto\/digital-abs-aos-caliper-od-carb-jaws-inch-metric-0-12-thumb-r-w-o-outp\/","og_site_name":"Techmaster de Mexico","article_modified_time":"2022-02-27T05:38:59+00:00","og_image":[{"width":600,"height":600,"url":"https:\/\/techmasterdemexico.com\/wp-content\/uploads\/2021\/12\/500-165-30_201904_fs_psd.jpg","type":"image\/jpeg"}],"twitter_card":"summary_large_image","twitter_misc":{"Est. reading time":"1 minute"},"schema":{"@context":"https:\/\/schema.org","@graph":[{"@type":"WebPage","@id":"https:\/\/techmasterdemexico.com\/producto\/digital-abs-aos-caliper-od-carb-jaws-inch-metric-0-12-thumb-r-w-o-outp\/","url":"https:\/\/techmasterdemexico.com\/producto\/digital-abs-aos-caliper-od-carb-jaws-inch-metric-0-12-thumb-r-w-o-outp\/","name":"Digital ABS AOS Caliper, OD Carb. Jaws Inch\/Metric, 0-12\", Thumb R., w\/o Outp. - Techmaster de Mexico","isPartOf":{"@id":"https:\/\/techmasterdemexico.com\/#website"},"primaryImageOfPage":{"@id":"https:\/\/techmasterdemexico.com\/producto\/digital-abs-aos-caliper-od-carb-jaws-inch-metric-0-12-thumb-r-w-o-outp\/#primaryimage"},"image":{"@id":"https:\/\/techmasterdemexico.com\/producto\/digital-abs-aos-caliper-od-carb-jaws-inch-metric-0-12-thumb-r-w-o-outp\/#primaryimage"},"thumbnailUrl":"https:\/\/techmasterdemexico.com\/wp-content\/uploads\/2021\/12\/500-165-30_201904_fs_psd.jpg","datePublished":"2021-12-22T00:30:46+00:00","dateModified":"2022-02-27T05:38:59+00:00","breadcrumb":{"@id":"https:\/\/techmasterdemexico.com\/producto\/digital-abs-aos-caliper-od-carb-jaws-inch-metric-0-12-thumb-r-w-o-outp\/#breadcrumb"},"inLanguage":"en-US","potentialAction":[{"@type":"ReadAction","target":["https:\/\/techmasterdemexico.com\/producto\/digital-abs-aos-caliper-od-carb-jaws-inch-metric-0-12-thumb-r-w-o-outp\/"]}]},{"@type":"ImageObject","inLanguage":"en-US","@id":"https:\/\/techmasterdemexico.com\/producto\/digital-abs-aos-caliper-od-carb-jaws-inch-metric-0-12-thumb-r-w-o-outp\/#primaryimage","url":"https:\/\/techmasterdemexico.com\/wp-content\/uploads\/2021\/12\/500-165-30_201904_fs_psd.jpg","contentUrl":"https:\/\/techmasterdemexico.com\/wp-content\/uploads\/2021\/12\/500-165-30_201904_fs_psd.jpg","width":600,"height":600},{"@type":"BreadcrumbList","@id":"https:\/\/techmasterdemexico.com\/producto\/digital-abs-aos-caliper-od-carb-jaws-inch-metric-0-12-thumb-r-w-o-outp\/#breadcrumb","itemListElement":[{"@type":"ListItem","position":1,"name":"Portada","item":"https:\/\/techmasterdemexico.com\/"},{"@type":"ListItem","position":2,"name":"Digital ABS AOS Caliper, OD Carb. Jaws Inch\/Metric, 0-12&#8243;, Thumb R., w\/o Outp."}]},{"@type":"WebSite","@id":"https:\/\/techmasterdemexico.com\/#website","url":"https:\/\/techmasterdemexico.com\/","name":"Techmaster de Mexico","description":"","potentialAction":[{"@type":"SearchAction","target":{"@type":"EntryPoint","urlTemplate":"https:\/\/techmasterdemexico.com\/?s={search_term_string}"},"query-input":{"@type":"PropertyValueSpecification","valueRequired":true,"valueName":"search_term_string"}}],"inLanguage":"en-US"}]}},"brands":[{"id":39,"name":"Mitutoyo","slug":"mitutoyo"}],"_links":{"self":[{"href":"https:\/\/techmasterdemexico.com\/en\/wp-json\/wp\/v2\/product\/14009","targetHints":{"allow":["GET"]}}],"collection":[{"href":"https:\/\/techmasterdemexico.com\/en\/wp-json\/wp\/v2\/product"}],"about":[{"href":"https:\/\/techmasterdemexico.com\/en\/wp-json\/wp\/v2\/types\/product"}],"wp:featuredmedia":[{"embeddable":true,"href":"https:\/\/techmasterdemexico.com\/en\/wp-json\/wp\/v2\/media\/18473"}],"wp:attachment":[{"href":"https:\/\/techmasterdemexico.com\/en\/wp-json\/wp\/v2\/media?parent=14009"}],"wp:term":[{"taxonomy":"pwb-brand","embeddable":true,"href":"https:\/\/techmasterdemexico.com\/en\/wp-json\/wp\/v2\/pwb-brand?post=14009"},{"taxonomy":"product_brand","embeddable":true,"href":"https:\/\/techmasterdemexico.com\/en\/wp-json\/wp\/v2\/product_brand?post=14009"},{"taxonomy":"product_cat","embeddable":true,"href":"https:\/\/techmasterdemexico.com\/en\/wp-json\/wp\/v2\/product_cat?post=14009"},{"taxonomy":"product_tag","embeddable":true,"href":"https:\/\/techmasterdemexico.com\/en\/wp-json\/wp\/v2\/product_tag?post=14009"}],"curies":[{"name":"wp","href":"https:\/\/api.w.org\/{rel}","templated":true}]}}