{"id":13974,"date":"2021-12-22T00:30:07","date_gmt":"2021-12-22T00:30:07","guid":{"rendered":"https:\/\/techmastermx.ddns.net\/producto\/super-calibrador-digital-abs-ip67-0-150mm-thumb-roller\/"},"modified":"2022-02-27T07:25:53","modified_gmt":"2022-02-27T07:25:53","slug":"super-calibrador-digital-abs-ip67-0-150mm-thumb-roller","status":"publish","type":"product","link":"https:\/\/techmasterdemexico.com\/en\/producto\/super-calibrador-digital-abs-ip67-0-150mm-thumb-roller\/","title":{"rendered":"Super Calibrador Digital ABS IP67 0-150mm, Thumb Roller"},"content":{"rendered":"<p>Super Calibrador Digital ABS IP67<br \/>\n0-150mm, Thumb Roller<br \/>\nN\u00famero de art\u00edculo: 500-776<\/p>\n<p>&nbsp;<\/p>\n<p>Este Super Calibrador Solar Digimatic IP67 con sistema ABSOLUTE es un modelo robusto y de alto rendimiento y le ofrece los siguientes beneficios:<\/p>\n<p>&nbsp;<\/p>\n<ul>\n<li>Medici\u00f3n impermeable<\/li>\n<li>Resistencia al impacto de la unidad de visualizaci\u00f3n para una mejor usabilidad en condiciones de taller<\/li>\n<li>Funciona con una iluminaci\u00f3n ambiental de solo 60 lux.<\/li>\n<li>Incluso si la iluminaci\u00f3n es temporalmente inferior a 60 lux, la medici\u00f3n se puede realizar cargando un supercondensador.<\/li>\n<li>Excelente resistencia al agua y al polvo (nivel de protecci\u00f3n IP67) que le permite utilizarlo en situaciones de mecanizado que incluyen salpicaduras de l\u00edquido refrigerante.<\/li>\n<\/ul>\n","protected":false},"excerpt":{"rendered":"<ul>\n<li>Rango:<br \/>\n0 &#8211; 150 mm<\/li>\n<li>Varilla de profundidad:<br \/>\nPlana<\/li>\n<li>Salida de datos:<br \/>\nSi<\/li>\n<li>Rodillo de accionamiento:<br \/>\nSi<\/li>\n<li>Peso:<br \/>\n180 g<\/li>\n<li>Visualizador:<br \/>\nLCD, character height 7.5 mm<\/li>\n<li>Velocidad m\u00e1x. de respuesta:<br \/>\nIlimitado<\/li>\n<li>Alimentaci\u00f3n:<br \/>\nC\u00e9lula Solar<\/li>\n<li>Duraci\u00f3n bateria:<br \/>\nBater\u00eda solar<\/li>\n<li>Entregado:<br \/>\nIn a case<\/li>\n<li>ORIGIN (puesta a cero ABS):<br \/>\nSi<\/li>\n<li>Digital\/An\u00e1logo:<br \/>\nDigital<\/li>\n<li>pulgadas-m\u00e9trico:<br \/>\nM\u00e9trico<\/li>\n<li>Exactitud:<br \/>\n\u00b10,02 mm<\/li>\n<li>Funciones:<br \/>\nCon rodillo para pulgar<\/li>\n<\/ul>\n","protected":false},"featured_media":18517,"template":"","meta":{"_acf_changed":false},"pwb-brand":[39],"product_brand":[],"product_cat":[366,57,410,331,38],"product_tag":[],"class_list":{"0":"post-13974","1":"product","2":"type-product","3":"status-publish","4":"has-post-thumbnail","6":"pwb-brand-mitutoyo","7":"product_cat-todos-los-productos","8":"product_cat-calibradores","9":"product_cat-calibradores-absolute-digimatic","10":"product_cat-instrumentos-de-medicion-y-gestion-de-datos","11":"product_cat-mitutoyo","13":"first","14":"instock","15":"taxable","16":"shipping-taxable","17":"product-type-simple"},"acf":[],"yoast_head":"<!-- This site is optimized with the Yoast SEO plugin v27.2 - https:\/\/yoast.com\/product\/yoast-seo-wordpress\/ -->\n<title>Super Calibrador Digital ABS IP67 0-150mm, Thumb Roller - Techmaster de Mexico<\/title>\n<meta name=\"robots\" content=\"index, follow, max-snippet:-1, max-image-preview:large, max-video-preview:-1\" \/>\n<link rel=\"canonical\" href=\"https:\/\/techmasterdemexico.com\/producto\/super-calibrador-digital-abs-ip67-0-150mm-thumb-roller\/\" \/>\n<meta property=\"og:locale\" content=\"en_US\" \/>\n<meta property=\"og:type\" content=\"article\" \/>\n<meta property=\"og:title\" content=\"Super Calibrador Digital ABS IP67 0-150mm, Thumb Roller - Techmaster de Mexico\" \/>\n<meta property=\"og:description\" content=\"Rango: 0 - 150 mm  Varilla de profundidad: Plana  Salida de datos: Si  Rodillo de accionamiento: Si  Peso: 180 g  Visualizador: LCD, character height 7.5 mm  Velocidad m\u00e1x. de respuesta: Ilimitado  Alimentaci\u00f3n: C\u00e9lula Solar  Duraci\u00f3n bateria: Bater\u00eda solar  Entregado: In a case  ORIGIN (puesta a cero ABS): Si  Digital\/An\u00e1logo: Digital  pulgadas-m\u00e9trico: M\u00e9trico  Exactitud: \u00b10,02 mm  Funciones: Con rodillo para pulgar\" \/>\n<meta property=\"og:url\" content=\"https:\/\/techmasterdemexico.com\/producto\/super-calibrador-digital-abs-ip67-0-150mm-thumb-roller\/\" \/>\n<meta property=\"og:site_name\" content=\"Techmaster de Mexico\" \/>\n<meta property=\"article:modified_time\" content=\"2022-02-27T07:25:53+00:00\" \/>\n<meta property=\"og:image\" content=\"https:\/\/techmasterdemexico.com\/wp-content\/uploads\/2021\/12\/500-7.png\" \/>\n\t<meta property=\"og:image:width\" content=\"500\" \/>\n\t<meta property=\"og:image:height\" content=\"500\" \/>\n\t<meta property=\"og:image:type\" content=\"image\/png\" \/>\n<meta name=\"twitter:card\" content=\"summary_large_image\" \/>\n<meta name=\"twitter:label1\" content=\"Est. reading time\" \/>\n\t<meta name=\"twitter:data1\" content=\"1 minute\" \/>\n<script type=\"application\/ld+json\" class=\"yoast-schema-graph\">{\"@context\":\"https:\/\/schema.org\",\"@graph\":[{\"@type\":\"WebPage\",\"@id\":\"https:\/\/techmasterdemexico.com\/producto\/super-calibrador-digital-abs-ip67-0-150mm-thumb-roller\/\",\"url\":\"https:\/\/techmasterdemexico.com\/producto\/super-calibrador-digital-abs-ip67-0-150mm-thumb-roller\/\",\"name\":\"Super Calibrador Digital ABS IP67 0-150mm, Thumb Roller - Techmaster de Mexico\",\"isPartOf\":{\"@id\":\"https:\/\/techmasterdemexico.com\/#website\"},\"primaryImageOfPage\":{\"@id\":\"https:\/\/techmasterdemexico.com\/producto\/super-calibrador-digital-abs-ip67-0-150mm-thumb-roller\/#primaryimage\"},\"image\":{\"@id\":\"https:\/\/techmasterdemexico.com\/producto\/super-calibrador-digital-abs-ip67-0-150mm-thumb-roller\/#primaryimage\"},\"thumbnailUrl\":\"https:\/\/techmasterdemexico.com\/wp-content\/uploads\/2021\/12\/500-7.png\",\"datePublished\":\"2021-12-22T00:30:07+00:00\",\"dateModified\":\"2022-02-27T07:25:53+00:00\",\"breadcrumb\":{\"@id\":\"https:\/\/techmasterdemexico.com\/producto\/super-calibrador-digital-abs-ip67-0-150mm-thumb-roller\/#breadcrumb\"},\"inLanguage\":\"en-US\",\"potentialAction\":[{\"@type\":\"ReadAction\",\"target\":[\"https:\/\/techmasterdemexico.com\/producto\/super-calibrador-digital-abs-ip67-0-150mm-thumb-roller\/\"]}]},{\"@type\":\"ImageObject\",\"inLanguage\":\"en-US\",\"@id\":\"https:\/\/techmasterdemexico.com\/producto\/super-calibrador-digital-abs-ip67-0-150mm-thumb-roller\/#primaryimage\",\"url\":\"https:\/\/techmasterdemexico.com\/wp-content\/uploads\/2021\/12\/500-7.png\",\"contentUrl\":\"https:\/\/techmasterdemexico.com\/wp-content\/uploads\/2021\/12\/500-7.png\",\"width\":500,\"height\":500},{\"@type\":\"BreadcrumbList\",\"@id\":\"https:\/\/techmasterdemexico.com\/producto\/super-calibrador-digital-abs-ip67-0-150mm-thumb-roller\/#breadcrumb\",\"itemListElement\":[{\"@type\":\"ListItem\",\"position\":1,\"name\":\"Portada\",\"item\":\"https:\/\/techmasterdemexico.com\/\"},{\"@type\":\"ListItem\",\"position\":2,\"name\":\"Super Calibrador Digital ABS IP67 0-150mm, Thumb Roller\"}]},{\"@type\":\"WebSite\",\"@id\":\"https:\/\/techmasterdemexico.com\/#website\",\"url\":\"https:\/\/techmasterdemexico.com\/\",\"name\":\"Techmaster de Mexico\",\"description\":\"\",\"potentialAction\":[{\"@type\":\"SearchAction\",\"target\":{\"@type\":\"EntryPoint\",\"urlTemplate\":\"https:\/\/techmasterdemexico.com\/?s={search_term_string}\"},\"query-input\":{\"@type\":\"PropertyValueSpecification\",\"valueRequired\":true,\"valueName\":\"search_term_string\"}}],\"inLanguage\":\"en-US\"}]}<\/script>\n<!-- \/ Yoast SEO plugin. -->","yoast_head_json":{"title":"Super Calibrador Digital ABS IP67 0-150mm, Thumb Roller - Techmaster de Mexico","robots":{"index":"index","follow":"follow","max-snippet":"max-snippet:-1","max-image-preview":"max-image-preview:large","max-video-preview":"max-video-preview:-1"},"canonical":"https:\/\/techmasterdemexico.com\/producto\/super-calibrador-digital-abs-ip67-0-150mm-thumb-roller\/","og_locale":"en_US","og_type":"article","og_title":"Super Calibrador Digital ABS IP67 0-150mm, Thumb Roller - Techmaster de Mexico","og_description":"Rango: 0 - 150 mm  Varilla de profundidad: Plana  Salida de datos: Si  Rodillo de accionamiento: Si  Peso: 180 g  Visualizador: LCD, character height 7.5 mm  Velocidad m\u00e1x. de respuesta: Ilimitado  Alimentaci\u00f3n: C\u00e9lula Solar  Duraci\u00f3n bateria: Bater\u00eda solar  Entregado: In a case  ORIGIN (puesta a cero ABS): Si  Digital\/An\u00e1logo: Digital  pulgadas-m\u00e9trico: M\u00e9trico  Exactitud: \u00b10,02 mm  Funciones: Con rodillo para pulgar","og_url":"https:\/\/techmasterdemexico.com\/producto\/super-calibrador-digital-abs-ip67-0-150mm-thumb-roller\/","og_site_name":"Techmaster de Mexico","article_modified_time":"2022-02-27T07:25:53+00:00","og_image":[{"width":500,"height":500,"url":"https:\/\/techmasterdemexico.com\/wp-content\/uploads\/2021\/12\/500-7.png","type":"image\/png"}],"twitter_card":"summary_large_image","twitter_misc":{"Est. reading time":"1 minute"},"schema":{"@context":"https:\/\/schema.org","@graph":[{"@type":"WebPage","@id":"https:\/\/techmasterdemexico.com\/producto\/super-calibrador-digital-abs-ip67-0-150mm-thumb-roller\/","url":"https:\/\/techmasterdemexico.com\/producto\/super-calibrador-digital-abs-ip67-0-150mm-thumb-roller\/","name":"Super Calibrador Digital ABS IP67 0-150mm, Thumb Roller - Techmaster de Mexico","isPartOf":{"@id":"https:\/\/techmasterdemexico.com\/#website"},"primaryImageOfPage":{"@id":"https:\/\/techmasterdemexico.com\/producto\/super-calibrador-digital-abs-ip67-0-150mm-thumb-roller\/#primaryimage"},"image":{"@id":"https:\/\/techmasterdemexico.com\/producto\/super-calibrador-digital-abs-ip67-0-150mm-thumb-roller\/#primaryimage"},"thumbnailUrl":"https:\/\/techmasterdemexico.com\/wp-content\/uploads\/2021\/12\/500-7.png","datePublished":"2021-12-22T00:30:07+00:00","dateModified":"2022-02-27T07:25:53+00:00","breadcrumb":{"@id":"https:\/\/techmasterdemexico.com\/producto\/super-calibrador-digital-abs-ip67-0-150mm-thumb-roller\/#breadcrumb"},"inLanguage":"en-US","potentialAction":[{"@type":"ReadAction","target":["https:\/\/techmasterdemexico.com\/producto\/super-calibrador-digital-abs-ip67-0-150mm-thumb-roller\/"]}]},{"@type":"ImageObject","inLanguage":"en-US","@id":"https:\/\/techmasterdemexico.com\/producto\/super-calibrador-digital-abs-ip67-0-150mm-thumb-roller\/#primaryimage","url":"https:\/\/techmasterdemexico.com\/wp-content\/uploads\/2021\/12\/500-7.png","contentUrl":"https:\/\/techmasterdemexico.com\/wp-content\/uploads\/2021\/12\/500-7.png","width":500,"height":500},{"@type":"BreadcrumbList","@id":"https:\/\/techmasterdemexico.com\/producto\/super-calibrador-digital-abs-ip67-0-150mm-thumb-roller\/#breadcrumb","itemListElement":[{"@type":"ListItem","position":1,"name":"Portada","item":"https:\/\/techmasterdemexico.com\/"},{"@type":"ListItem","position":2,"name":"Super Calibrador Digital ABS IP67 0-150mm, Thumb Roller"}]},{"@type":"WebSite","@id":"https:\/\/techmasterdemexico.com\/#website","url":"https:\/\/techmasterdemexico.com\/","name":"Techmaster de Mexico","description":"","potentialAction":[{"@type":"SearchAction","target":{"@type":"EntryPoint","urlTemplate":"https:\/\/techmasterdemexico.com\/?s={search_term_string}"},"query-input":{"@type":"PropertyValueSpecification","valueRequired":true,"valueName":"search_term_string"}}],"inLanguage":"en-US"}]}},"brands":[{"id":39,"name":"Mitutoyo","slug":"mitutoyo"}],"_links":{"self":[{"href":"https:\/\/techmasterdemexico.com\/en\/wp-json\/wp\/v2\/product\/13974","targetHints":{"allow":["GET"]}}],"collection":[{"href":"https:\/\/techmasterdemexico.com\/en\/wp-json\/wp\/v2\/product"}],"about":[{"href":"https:\/\/techmasterdemexico.com\/en\/wp-json\/wp\/v2\/types\/product"}],"wp:featuredmedia":[{"embeddable":true,"href":"https:\/\/techmasterdemexico.com\/en\/wp-json\/wp\/v2\/media\/18517"}],"wp:attachment":[{"href":"https:\/\/techmasterdemexico.com\/en\/wp-json\/wp\/v2\/media?parent=13974"}],"wp:term":[{"taxonomy":"pwb-brand","embeddable":true,"href":"https:\/\/techmasterdemexico.com\/en\/wp-json\/wp\/v2\/pwb-brand?post=13974"},{"taxonomy":"product_brand","embeddable":true,"href":"https:\/\/techmasterdemexico.com\/en\/wp-json\/wp\/v2\/product_brand?post=13974"},{"taxonomy":"product_cat","embeddable":true,"href":"https:\/\/techmasterdemexico.com\/en\/wp-json\/wp\/v2\/product_cat?post=13974"},{"taxonomy":"product_tag","embeddable":true,"href":"https:\/\/techmasterdemexico.com\/en\/wp-json\/wp\/v2\/product_tag?post=13974"}],"curies":[{"name":"wp","href":"https:\/\/api.w.org\/{rel}","templated":true}]}}