{"id":13943,"date":"2021-12-22T00:29:34","date_gmt":"2021-12-22T00:29:34","guid":{"rendered":"https:\/\/techmastermx.ddns.net\/producto\/calibrador-digital-abs-ip67-a-prueba-de-refrigerantes-0-200mm-thu-roller-od-carb-jaws\/"},"modified":"2022-02-27T08:17:28","modified_gmt":"2022-02-27T08:17:28","slug":"calibrador-digital-abs-ip67-a-prueba-de-refrigerantes-0-200mm-thu-roller-od-carb-jaws","status":"publish","type":"product","link":"https:\/\/techmasterdemexico.com\/en\/producto\/calibrador-digital-abs-ip67-a-prueba-de-refrigerantes-0-200mm-thu-roller-od-carb-jaws\/","title":{"rendered":"Calibrador Digital ABS IP67 a prueba de refrigerantes 0-200mm, Thu. Roller, OD Carb. Jaws"},"content":{"rendered":"<p>Calibrador Digital ABS IP67 a prueba de refrigerantes<br \/>\n0-200mm, Thu. Roller, OD Carb. Jaws<br \/>\nN\u00famero de art\u00edculo: 500-722-20<\/p>\n<p>&nbsp;<\/p>\n<p>IP67 con contactos de metal duro<\/p>\n<ul>\n<li>Extremadamente resistente en ambientes recios de trabajo.<\/li>\n<li>M\u00e1xima estanqueidad ante taladrinas y lubricantes.<\/li>\n<li>Con y sin salida de datos.<\/li>\n<li>Incluye certificado trazable.<\/li>\n<\/ul>\n","protected":false},"excerpt":{"rendered":"<ul>\n<li>Rango:<br \/>\n0 &#8211; 200 mm<\/li>\n<li>Varilla de profundidad:<br \/>\nflat<\/li>\n<li>Salida de datos:<br \/>\nSi<\/li>\n<li>Rodillo de accionamiento:<br \/>\nSi<\/li>\n<li>Peso:<br \/>\n198 g<\/li>\n<li>Resoluci\u00f3n:<br \/>\n0,01 mm<\/li>\n<li>Visualizador:<br \/>\nLCD, character height 9 mm<\/li>\n<li>Velocidad m\u00e1x. de respuesta:<br \/>\nIlimitado<\/li>\n<li>Duraci\u00f3n bateria:<br \/>\nappr. 5 years under normal use<\/li>\n<li>Entregado:<br \/>\nIn a case, including 1 battery<\/li>\n<li>ORIGIN (puesta a cero ABS):<br \/>\nSi<\/li>\n<li>Auto apagado (despu\u00e9s de 20 min de \u00faltimo uso):<br \/>\nSi<\/li>\n<li>Aviso bater\u00eda baja:<br \/>\nSi<\/li>\n<li>Digital\/An\u00e1logo:<br \/>\nDigital<\/li>\n<li>pulgadas-m\u00e9trico:<br \/>\nM\u00e9trico<\/li>\n<li>Exactitud:<br \/>\n\u00b10,02 mm<\/li>\n<li>Funciones:<br \/>\nContactos de medici\u00f3n en metal duro para exteriores<\/li>\n<\/ul>\n","protected":false},"featured_media":18559,"template":"","meta":{"_acf_changed":false},"pwb-brand":[39],"product_brand":[],"product_cat":[366,57,410,331,38],"product_tag":[],"class_list":{"0":"post-13943","1":"product","2":"type-product","3":"status-publish","4":"has-post-thumbnail","6":"pwb-brand-mitutoyo","7":"product_cat-todos-los-productos","8":"product_cat-calibradores","9":"product_cat-calibradores-absolute-digimatic","10":"product_cat-instrumentos-de-medicion-y-gestion-de-datos","11":"product_cat-mitutoyo","13":"first","14":"instock","15":"taxable","16":"shipping-taxable","17":"product-type-simple"},"acf":[],"yoast_head":"<!-- This site is optimized with the Yoast SEO plugin v27.2 - https:\/\/yoast.com\/product\/yoast-seo-wordpress\/ -->\n<title>Calibrador Digital ABS IP67 a prueba de refrigerantes 0-200mm, Thu. Roller, OD Carb. Jaws - Techmaster de Mexico<\/title>\n<meta name=\"robots\" content=\"index, follow, max-snippet:-1, max-image-preview:large, max-video-preview:-1\" \/>\n<link rel=\"canonical\" href=\"https:\/\/techmasterdemexico.com\/producto\/calibrador-digital-abs-ip67-a-prueba-de-refrigerantes-0-200mm-thu-roller-od-carb-jaws\/\" \/>\n<meta property=\"og:locale\" content=\"en_US\" \/>\n<meta property=\"og:type\" content=\"article\" \/>\n<meta property=\"og:title\" content=\"Calibrador Digital ABS IP67 a prueba de refrigerantes 0-200mm, Thu. Roller, OD Carb. Jaws - Techmaster de Mexico\" \/>\n<meta property=\"og:description\" content=\"Rango: 0 - 200 mm  Varilla de profundidad: flat  Salida de datos: Si  Rodillo de accionamiento: Si  Peso: 198 g  Resoluci\u00f3n: 0,01 mm  Visualizador: LCD, character height 9 mm  Velocidad m\u00e1x. de respuesta: Ilimitado  Duraci\u00f3n bateria: appr. 5 years under normal use  Entregado: In a case, including 1 battery  ORIGIN (puesta a cero ABS): Si  Auto apagado (despu\u00e9s de 20 min de \u00faltimo uso): Si  Aviso bater\u00eda baja: Si  Digital\/An\u00e1logo: Digital  pulgadas-m\u00e9trico: M\u00e9trico  Exactitud: \u00b10,02 mm  Funciones: Contactos de medici\u00f3n en metal duro para exteriores\" \/>\n<meta property=\"og:url\" content=\"https:\/\/techmasterdemexico.com\/producto\/calibrador-digital-abs-ip67-a-prueba-de-refrigerantes-0-200mm-thu-roller-od-carb-jaws\/\" \/>\n<meta property=\"og:site_name\" content=\"Techmaster de Mexico\" \/>\n<meta property=\"article:modified_time\" content=\"2022-02-27T08:17:28+00:00\" \/>\n<meta property=\"og:image\" content=\"https:\/\/techmasterdemexico.com\/wp-content\/uploads\/2021\/12\/500-722-20_z_jpg.png\" \/>\n\t<meta property=\"og:image:width\" content=\"500\" \/>\n\t<meta property=\"og:image:height\" content=\"500\" \/>\n\t<meta property=\"og:image:type\" content=\"image\/png\" \/>\n<meta name=\"twitter:card\" content=\"summary_large_image\" \/>\n<script type=\"application\/ld+json\" class=\"yoast-schema-graph\">{\"@context\":\"https:\/\/schema.org\",\"@graph\":[{\"@type\":\"WebPage\",\"@id\":\"https:\/\/techmasterdemexico.com\/producto\/calibrador-digital-abs-ip67-a-prueba-de-refrigerantes-0-200mm-thu-roller-od-carb-jaws\/\",\"url\":\"https:\/\/techmasterdemexico.com\/producto\/calibrador-digital-abs-ip67-a-prueba-de-refrigerantes-0-200mm-thu-roller-od-carb-jaws\/\",\"name\":\"Calibrador Digital ABS IP67 a prueba de refrigerantes 0-200mm, Thu. Roller, OD Carb. Jaws - Techmaster de Mexico\",\"isPartOf\":{\"@id\":\"https:\/\/techmasterdemexico.com\/#website\"},\"primaryImageOfPage\":{\"@id\":\"https:\/\/techmasterdemexico.com\/producto\/calibrador-digital-abs-ip67-a-prueba-de-refrigerantes-0-200mm-thu-roller-od-carb-jaws\/#primaryimage\"},\"image\":{\"@id\":\"https:\/\/techmasterdemexico.com\/producto\/calibrador-digital-abs-ip67-a-prueba-de-refrigerantes-0-200mm-thu-roller-od-carb-jaws\/#primaryimage\"},\"thumbnailUrl\":\"https:\/\/techmasterdemexico.com\/wp-content\/uploads\/2021\/12\/500-722-20_z_jpg.png\",\"datePublished\":\"2021-12-22T00:29:34+00:00\",\"dateModified\":\"2022-02-27T08:17:28+00:00\",\"breadcrumb\":{\"@id\":\"https:\/\/techmasterdemexico.com\/producto\/calibrador-digital-abs-ip67-a-prueba-de-refrigerantes-0-200mm-thu-roller-od-carb-jaws\/#breadcrumb\"},\"inLanguage\":\"en-US\",\"potentialAction\":[{\"@type\":\"ReadAction\",\"target\":[\"https:\/\/techmasterdemexico.com\/producto\/calibrador-digital-abs-ip67-a-prueba-de-refrigerantes-0-200mm-thu-roller-od-carb-jaws\/\"]}]},{\"@type\":\"ImageObject\",\"inLanguage\":\"en-US\",\"@id\":\"https:\/\/techmasterdemexico.com\/producto\/calibrador-digital-abs-ip67-a-prueba-de-refrigerantes-0-200mm-thu-roller-od-carb-jaws\/#primaryimage\",\"url\":\"https:\/\/techmasterdemexico.com\/wp-content\/uploads\/2021\/12\/500-722-20_z_jpg.png\",\"contentUrl\":\"https:\/\/techmasterdemexico.com\/wp-content\/uploads\/2021\/12\/500-722-20_z_jpg.png\",\"width\":500,\"height\":500},{\"@type\":\"BreadcrumbList\",\"@id\":\"https:\/\/techmasterdemexico.com\/producto\/calibrador-digital-abs-ip67-a-prueba-de-refrigerantes-0-200mm-thu-roller-od-carb-jaws\/#breadcrumb\",\"itemListElement\":[{\"@type\":\"ListItem\",\"position\":1,\"name\":\"Portada\",\"item\":\"https:\/\/techmasterdemexico.com\/\"},{\"@type\":\"ListItem\",\"position\":2,\"name\":\"Calibrador Digital ABS IP67 a prueba de refrigerantes 0-200mm, Thu. Roller, OD Carb. Jaws\"}]},{\"@type\":\"WebSite\",\"@id\":\"https:\/\/techmasterdemexico.com\/#website\",\"url\":\"https:\/\/techmasterdemexico.com\/\",\"name\":\"Techmaster de Mexico\",\"description\":\"\",\"potentialAction\":[{\"@type\":\"SearchAction\",\"target\":{\"@type\":\"EntryPoint\",\"urlTemplate\":\"https:\/\/techmasterdemexico.com\/?s={search_term_string}\"},\"query-input\":{\"@type\":\"PropertyValueSpecification\",\"valueRequired\":true,\"valueName\":\"search_term_string\"}}],\"inLanguage\":\"en-US\"}]}<\/script>\n<!-- \/ Yoast SEO plugin. -->","yoast_head_json":{"title":"Calibrador Digital ABS IP67 a prueba de refrigerantes 0-200mm, Thu. Roller, OD Carb. Jaws - Techmaster de Mexico","robots":{"index":"index","follow":"follow","max-snippet":"max-snippet:-1","max-image-preview":"max-image-preview:large","max-video-preview":"max-video-preview:-1"},"canonical":"https:\/\/techmasterdemexico.com\/producto\/calibrador-digital-abs-ip67-a-prueba-de-refrigerantes-0-200mm-thu-roller-od-carb-jaws\/","og_locale":"en_US","og_type":"article","og_title":"Calibrador Digital ABS IP67 a prueba de refrigerantes 0-200mm, Thu. Roller, OD Carb. Jaws - Techmaster de Mexico","og_description":"Rango: 0 - 200 mm  Varilla de profundidad: flat  Salida de datos: Si  Rodillo de accionamiento: Si  Peso: 198 g  Resoluci\u00f3n: 0,01 mm  Visualizador: LCD, character height 9 mm  Velocidad m\u00e1x. de respuesta: Ilimitado  Duraci\u00f3n bateria: appr. 5 years under normal use  Entregado: In a case, including 1 battery  ORIGIN (puesta a cero ABS): Si  Auto apagado (despu\u00e9s de 20 min de \u00faltimo uso): Si  Aviso bater\u00eda baja: Si  Digital\/An\u00e1logo: Digital  pulgadas-m\u00e9trico: M\u00e9trico  Exactitud: \u00b10,02 mm  Funciones: Contactos de medici\u00f3n en metal duro para exteriores","og_url":"https:\/\/techmasterdemexico.com\/producto\/calibrador-digital-abs-ip67-a-prueba-de-refrigerantes-0-200mm-thu-roller-od-carb-jaws\/","og_site_name":"Techmaster de Mexico","article_modified_time":"2022-02-27T08:17:28+00:00","og_image":[{"width":500,"height":500,"url":"https:\/\/techmasterdemexico.com\/wp-content\/uploads\/2021\/12\/500-722-20_z_jpg.png","type":"image\/png"}],"twitter_card":"summary_large_image","schema":{"@context":"https:\/\/schema.org","@graph":[{"@type":"WebPage","@id":"https:\/\/techmasterdemexico.com\/producto\/calibrador-digital-abs-ip67-a-prueba-de-refrigerantes-0-200mm-thu-roller-od-carb-jaws\/","url":"https:\/\/techmasterdemexico.com\/producto\/calibrador-digital-abs-ip67-a-prueba-de-refrigerantes-0-200mm-thu-roller-od-carb-jaws\/","name":"Calibrador Digital ABS IP67 a prueba de refrigerantes 0-200mm, Thu. Roller, OD Carb. Jaws - Techmaster de Mexico","isPartOf":{"@id":"https:\/\/techmasterdemexico.com\/#website"},"primaryImageOfPage":{"@id":"https:\/\/techmasterdemexico.com\/producto\/calibrador-digital-abs-ip67-a-prueba-de-refrigerantes-0-200mm-thu-roller-od-carb-jaws\/#primaryimage"},"image":{"@id":"https:\/\/techmasterdemexico.com\/producto\/calibrador-digital-abs-ip67-a-prueba-de-refrigerantes-0-200mm-thu-roller-od-carb-jaws\/#primaryimage"},"thumbnailUrl":"https:\/\/techmasterdemexico.com\/wp-content\/uploads\/2021\/12\/500-722-20_z_jpg.png","datePublished":"2021-12-22T00:29:34+00:00","dateModified":"2022-02-27T08:17:28+00:00","breadcrumb":{"@id":"https:\/\/techmasterdemexico.com\/producto\/calibrador-digital-abs-ip67-a-prueba-de-refrigerantes-0-200mm-thu-roller-od-carb-jaws\/#breadcrumb"},"inLanguage":"en-US","potentialAction":[{"@type":"ReadAction","target":["https:\/\/techmasterdemexico.com\/producto\/calibrador-digital-abs-ip67-a-prueba-de-refrigerantes-0-200mm-thu-roller-od-carb-jaws\/"]}]},{"@type":"ImageObject","inLanguage":"en-US","@id":"https:\/\/techmasterdemexico.com\/producto\/calibrador-digital-abs-ip67-a-prueba-de-refrigerantes-0-200mm-thu-roller-od-carb-jaws\/#primaryimage","url":"https:\/\/techmasterdemexico.com\/wp-content\/uploads\/2021\/12\/500-722-20_z_jpg.png","contentUrl":"https:\/\/techmasterdemexico.com\/wp-content\/uploads\/2021\/12\/500-722-20_z_jpg.png","width":500,"height":500},{"@type":"BreadcrumbList","@id":"https:\/\/techmasterdemexico.com\/producto\/calibrador-digital-abs-ip67-a-prueba-de-refrigerantes-0-200mm-thu-roller-od-carb-jaws\/#breadcrumb","itemListElement":[{"@type":"ListItem","position":1,"name":"Portada","item":"https:\/\/techmasterdemexico.com\/"},{"@type":"ListItem","position":2,"name":"Calibrador Digital ABS IP67 a prueba de refrigerantes 0-200mm, Thu. Roller, OD Carb. Jaws"}]},{"@type":"WebSite","@id":"https:\/\/techmasterdemexico.com\/#website","url":"https:\/\/techmasterdemexico.com\/","name":"Techmaster de Mexico","description":"","potentialAction":[{"@type":"SearchAction","target":{"@type":"EntryPoint","urlTemplate":"https:\/\/techmasterdemexico.com\/?s={search_term_string}"},"query-input":{"@type":"PropertyValueSpecification","valueRequired":true,"valueName":"search_term_string"}}],"inLanguage":"en-US"}]}},"brands":[{"id":39,"name":"Mitutoyo","slug":"mitutoyo"}],"_links":{"self":[{"href":"https:\/\/techmasterdemexico.com\/en\/wp-json\/wp\/v2\/product\/13943","targetHints":{"allow":["GET"]}}],"collection":[{"href":"https:\/\/techmasterdemexico.com\/en\/wp-json\/wp\/v2\/product"}],"about":[{"href":"https:\/\/techmasterdemexico.com\/en\/wp-json\/wp\/v2\/types\/product"}],"wp:featuredmedia":[{"embeddable":true,"href":"https:\/\/techmasterdemexico.com\/en\/wp-json\/wp\/v2\/media\/18559"}],"wp:attachment":[{"href":"https:\/\/techmasterdemexico.com\/en\/wp-json\/wp\/v2\/media?parent=13943"}],"wp:term":[{"taxonomy":"pwb-brand","embeddable":true,"href":"https:\/\/techmasterdemexico.com\/en\/wp-json\/wp\/v2\/pwb-brand?post=13943"},{"taxonomy":"product_brand","embeddable":true,"href":"https:\/\/techmasterdemexico.com\/en\/wp-json\/wp\/v2\/product_brand?post=13943"},{"taxonomy":"product_cat","embeddable":true,"href":"https:\/\/techmasterdemexico.com\/en\/wp-json\/wp\/v2\/product_cat?post=13943"},{"taxonomy":"product_tag","embeddable":true,"href":"https:\/\/techmasterdemexico.com\/en\/wp-json\/wp\/v2\/product_tag?post=13943"}],"curies":[{"name":"wp","href":"https:\/\/api.w.org\/{rel}","templated":true}]}}