{"id":13932,"date":"2021-12-22T00:29:19","date_gmt":"2021-12-22T00:29:19","guid":{"rendered":"https:\/\/techmastermx.ddns.net\/producto\/calibrador-digital-abs-de-fibra-de-carbono-0-450mm-ip66\/"},"modified":"2022-02-27T08:38:52","modified_gmt":"2022-02-27T08:38:52","slug":"calibrador-digital-abs-de-fibra-de-carbono-0-450mm-ip66","status":"publish","type":"product","link":"https:\/\/techmasterdemexico.com\/en\/producto\/calibrador-digital-abs-de-fibra-de-carbono-0-450mm-ip66\/","title":{"rendered":"Calibrador Digital ABS de fibra de carbono 0-450mm, IP66"},"content":{"rendered":"<p>Calibrador Digital ABS de fibra de carbono<br \/>\n0-450mm, IP66<br \/>\nN\u00famero de art\u00edculo: 552-302-10<\/p>\n<p>&nbsp;<\/p>\n<p>&nbsp;<\/p>\n<p>Modelo est\u00e1ndar con bocas de acero<\/p>\n<ul>\n<li>El dise\u00f1o ultra-ligero (con material de fibra de carbono reforzada) reduce el peso total de hasta un 50%.<\/li>\n<li>Lectura directa de las mediciones en el interior de la pantalla LCD (el valor de desplazamiento se puede ajustar f\u00e1cilmente mediante el bot\u00f3n de desplazamiento).<\/li>\n<li>Funci\u00f3n de preajuste para establecer un punto de inicio deseado.<\/li>\n<li>Salida de datos SPC.<\/li>\n<\/ul>\n","protected":false},"excerpt":{"rendered":"<ul>\n<li>Rango:<br \/>\n0 &#8211; 450 mm<\/li>\n<li>Medici\u00f3n de interiores desde:<br \/>\n20.1 mm<\/li>\n<li>Peso:<br \/>\n715 g<\/li>\n<li>Resoluci\u00f3n:<br \/>\n0,01 mm<\/li>\n<li>Visualizador:<br \/>\nLCD, character height 10 mm<\/li>\n<li>Velocidad m\u00e1x. de respuesta:<br \/>\nIlimitado<\/li>\n<li>Duraci\u00f3n bateria:<br \/>\napprox. 5000 hours<\/li>\n<li>Entregado:<br \/>\nIn a case, including 1 battery<\/li>\n<li>Salida de datos:<br \/>\nSi<\/li>\n<li>ORIGIN (puesta a cero ABS):<br \/>\nSi<\/li>\n<li>OFFSET*:<br \/>\nSi<\/li>\n<li>PRESET:<br \/>\nSi<\/li>\n<li>Aviso bater\u00eda baja:<br \/>\nSi<\/li>\n<li>DATA (output with cable) \/ HOLD (display value):<br \/>\nSi<\/li>\n<li>Digital\/An\u00e1logo:<br \/>\nDigital<\/li>\n<li>pulgadas-m\u00e9trico:<br \/>\nM\u00e9trico<\/li>\n<li>Exactitud:<br \/>\n\u00b10,04 mm<\/li>\n<\/ul>\n","protected":false},"featured_media":18573,"template":"","meta":{"_acf_changed":false},"pwb-brand":[39],"product_brand":[],"product_cat":[366,57,410,331,38],"product_tag":[],"class_list":{"0":"post-13932","1":"product","2":"type-product","3":"status-publish","4":"has-post-thumbnail","6":"pwb-brand-mitutoyo","7":"product_cat-todos-los-productos","8":"product_cat-calibradores","9":"product_cat-calibradores-absolute-digimatic","10":"product_cat-instrumentos-de-medicion-y-gestion-de-datos","11":"product_cat-mitutoyo","13":"first","14":"instock","15":"taxable","16":"shipping-taxable","17":"product-type-simple"},"acf":[],"yoast_head":"<!-- This site is optimized with the Yoast SEO plugin v27.4 - https:\/\/yoast.com\/product\/yoast-seo-wordpress\/ -->\n<title>Calibrador Digital ABS de fibra de carbono 0-450mm, IP66 - Techmaster de Mexico<\/title>\n<meta name=\"robots\" content=\"index, follow, max-snippet:-1, max-image-preview:large, max-video-preview:-1\" \/>\n<link rel=\"canonical\" href=\"https:\/\/techmasterdemexico.com\/en\/producto\/calibrador-digital-abs-de-fibra-de-carbono-0-450mm-ip66\/\" \/>\n<meta property=\"og:locale\" content=\"en_US\" \/>\n<meta property=\"og:type\" content=\"article\" \/>\n<meta property=\"og:title\" content=\"Calibrador Digital ABS de fibra de carbono 0-450mm, IP66 - Techmaster de Mexico\" \/>\n<meta property=\"og:description\" content=\"Rango: 0 - 450 mm  Medici\u00f3n de interiores desde: 20.1 mm  Peso: 715 g  Resoluci\u00f3n: 0,01 mm  Visualizador: LCD, character height 10 mm  Velocidad m\u00e1x. de respuesta: Ilimitado  Duraci\u00f3n bateria: approx. 5000 hours  Entregado: In a case, including 1 battery  Salida de datos: Si  ORIGIN (puesta a cero ABS): Si  OFFSET*: Si  PRESET: Si  Aviso bater\u00eda baja: Si  DATA (output with cable) \/ HOLD (display value): Si  Digital\/An\u00e1logo: Digital  pulgadas-m\u00e9trico: M\u00e9trico  Exactitud: \u00b10,04 mm\" \/>\n<meta property=\"og:url\" content=\"https:\/\/techmasterdemexico.com\/en\/producto\/calibrador-digital-abs-de-fibra-de-carbono-0-450mm-ip66\/\" \/>\n<meta property=\"og:site_name\" content=\"Techmaster de Mexico\" \/>\n<meta property=\"article:modified_time\" content=\"2022-02-27T08:38:52+00:00\" \/>\n<meta property=\"og:image\" content=\"https:\/\/techmasterdemexico.com\/wp-content\/uploads\/2021\/12\/552-302-10_jpg.png\" \/>\n\t<meta property=\"og:image:width\" content=\"500\" \/>\n\t<meta property=\"og:image:height\" content=\"500\" \/>\n\t<meta property=\"og:image:type\" content=\"image\/png\" \/>\n<meta name=\"twitter:card\" content=\"summary_large_image\" \/>\n<script type=\"application\/ld+json\" class=\"yoast-schema-graph\">{\"@context\":\"https:\\\/\\\/schema.org\",\"@graph\":[{\"@type\":\"WebPage\",\"@id\":\"https:\\\/\\\/techmasterdemexico.com\\\/en\\\/producto\\\/calibrador-digital-abs-de-fibra-de-carbono-0-450mm-ip66\\\/\",\"url\":\"https:\\\/\\\/techmasterdemexico.com\\\/en\\\/producto\\\/calibrador-digital-abs-de-fibra-de-carbono-0-450mm-ip66\\\/\",\"name\":\"Calibrador Digital ABS de fibra de carbono 0-450mm, IP66 - Techmaster de Mexico\",\"isPartOf\":{\"@id\":\"https:\\\/\\\/techmasterdemexico.com\\\/#website\"},\"primaryImageOfPage\":{\"@id\":\"https:\\\/\\\/techmasterdemexico.com\\\/en\\\/producto\\\/calibrador-digital-abs-de-fibra-de-carbono-0-450mm-ip66\\\/#primaryimage\"},\"image\":{\"@id\":\"https:\\\/\\\/techmasterdemexico.com\\\/en\\\/producto\\\/calibrador-digital-abs-de-fibra-de-carbono-0-450mm-ip66\\\/#primaryimage\"},\"thumbnailUrl\":\"https:\\\/\\\/techmasterdemexico.com\\\/wp-content\\\/uploads\\\/2021\\\/12\\\/552-302-10_jpg.png\",\"datePublished\":\"2021-12-22T00:29:19+00:00\",\"dateModified\":\"2022-02-27T08:38:52+00:00\",\"breadcrumb\":{\"@id\":\"https:\\\/\\\/techmasterdemexico.com\\\/en\\\/producto\\\/calibrador-digital-abs-de-fibra-de-carbono-0-450mm-ip66\\\/#breadcrumb\"},\"inLanguage\":\"en-US\",\"potentialAction\":[{\"@type\":\"ReadAction\",\"target\":[\"https:\\\/\\\/techmasterdemexico.com\\\/en\\\/producto\\\/calibrador-digital-abs-de-fibra-de-carbono-0-450mm-ip66\\\/\"]}]},{\"@type\":\"ImageObject\",\"inLanguage\":\"en-US\",\"@id\":\"https:\\\/\\\/techmasterdemexico.com\\\/en\\\/producto\\\/calibrador-digital-abs-de-fibra-de-carbono-0-450mm-ip66\\\/#primaryimage\",\"url\":\"https:\\\/\\\/techmasterdemexico.com\\\/wp-content\\\/uploads\\\/2021\\\/12\\\/552-302-10_jpg.png\",\"contentUrl\":\"https:\\\/\\\/techmasterdemexico.com\\\/wp-content\\\/uploads\\\/2021\\\/12\\\/552-302-10_jpg.png\",\"width\":500,\"height\":500},{\"@type\":\"BreadcrumbList\",\"@id\":\"https:\\\/\\\/techmasterdemexico.com\\\/en\\\/producto\\\/calibrador-digital-abs-de-fibra-de-carbono-0-450mm-ip66\\\/#breadcrumb\",\"itemListElement\":[{\"@type\":\"ListItem\",\"position\":1,\"name\":\"Portada\",\"item\":\"https:\\\/\\\/techmasterdemexico.com\\\/\"},{\"@type\":\"ListItem\",\"position\":2,\"name\":\"Calibrador Digital ABS de fibra de carbono 0-450mm, IP66\"}]},{\"@type\":\"WebSite\",\"@id\":\"https:\\\/\\\/techmasterdemexico.com\\\/#website\",\"url\":\"https:\\\/\\\/techmasterdemexico.com\\\/\",\"name\":\"Techmaster de Mexico\",\"description\":\"\",\"potentialAction\":[{\"@type\":\"SearchAction\",\"target\":{\"@type\":\"EntryPoint\",\"urlTemplate\":\"https:\\\/\\\/techmasterdemexico.com\\\/?s={search_term_string}\"},\"query-input\":{\"@type\":\"PropertyValueSpecification\",\"valueRequired\":true,\"valueName\":\"search_term_string\"}}],\"inLanguage\":\"en-US\"}]}<\/script>\n<!-- \/ Yoast SEO plugin. -->","yoast_head_json":{"title":"Calibrador Digital ABS de fibra de carbono 0-450mm, IP66 - Techmaster de Mexico","robots":{"index":"index","follow":"follow","max-snippet":"max-snippet:-1","max-image-preview":"max-image-preview:large","max-video-preview":"max-video-preview:-1"},"canonical":"https:\/\/techmasterdemexico.com\/en\/producto\/calibrador-digital-abs-de-fibra-de-carbono-0-450mm-ip66\/","og_locale":"en_US","og_type":"article","og_title":"Calibrador Digital ABS de fibra de carbono 0-450mm, IP66 - Techmaster de Mexico","og_description":"Rango: 0 - 450 mm  Medici\u00f3n de interiores desde: 20.1 mm  Peso: 715 g  Resoluci\u00f3n: 0,01 mm  Visualizador: LCD, character height 10 mm  Velocidad m\u00e1x. de respuesta: Ilimitado  Duraci\u00f3n bateria: approx. 5000 hours  Entregado: In a case, including 1 battery  Salida de datos: Si  ORIGIN (puesta a cero ABS): Si  OFFSET*: Si  PRESET: Si  Aviso bater\u00eda baja: Si  DATA (output with cable) \/ HOLD (display value): Si  Digital\/An\u00e1logo: Digital  pulgadas-m\u00e9trico: M\u00e9trico  Exactitud: \u00b10,04 mm","og_url":"https:\/\/techmasterdemexico.com\/en\/producto\/calibrador-digital-abs-de-fibra-de-carbono-0-450mm-ip66\/","og_site_name":"Techmaster de Mexico","article_modified_time":"2022-02-27T08:38:52+00:00","og_image":[{"width":500,"height":500,"url":"https:\/\/techmasterdemexico.com\/wp-content\/uploads\/2021\/12\/552-302-10_jpg.png","type":"image\/png"}],"twitter_card":"summary_large_image","schema":{"@context":"https:\/\/schema.org","@graph":[{"@type":"WebPage","@id":"https:\/\/techmasterdemexico.com\/en\/producto\/calibrador-digital-abs-de-fibra-de-carbono-0-450mm-ip66\/","url":"https:\/\/techmasterdemexico.com\/en\/producto\/calibrador-digital-abs-de-fibra-de-carbono-0-450mm-ip66\/","name":"Calibrador Digital ABS de fibra de carbono 0-450mm, IP66 - Techmaster de Mexico","isPartOf":{"@id":"https:\/\/techmasterdemexico.com\/#website"},"primaryImageOfPage":{"@id":"https:\/\/techmasterdemexico.com\/en\/producto\/calibrador-digital-abs-de-fibra-de-carbono-0-450mm-ip66\/#primaryimage"},"image":{"@id":"https:\/\/techmasterdemexico.com\/en\/producto\/calibrador-digital-abs-de-fibra-de-carbono-0-450mm-ip66\/#primaryimage"},"thumbnailUrl":"https:\/\/techmasterdemexico.com\/wp-content\/uploads\/2021\/12\/552-302-10_jpg.png","datePublished":"2021-12-22T00:29:19+00:00","dateModified":"2022-02-27T08:38:52+00:00","breadcrumb":{"@id":"https:\/\/techmasterdemexico.com\/en\/producto\/calibrador-digital-abs-de-fibra-de-carbono-0-450mm-ip66\/#breadcrumb"},"inLanguage":"en-US","potentialAction":[{"@type":"ReadAction","target":["https:\/\/techmasterdemexico.com\/en\/producto\/calibrador-digital-abs-de-fibra-de-carbono-0-450mm-ip66\/"]}]},{"@type":"ImageObject","inLanguage":"en-US","@id":"https:\/\/techmasterdemexico.com\/en\/producto\/calibrador-digital-abs-de-fibra-de-carbono-0-450mm-ip66\/#primaryimage","url":"https:\/\/techmasterdemexico.com\/wp-content\/uploads\/2021\/12\/552-302-10_jpg.png","contentUrl":"https:\/\/techmasterdemexico.com\/wp-content\/uploads\/2021\/12\/552-302-10_jpg.png","width":500,"height":500},{"@type":"BreadcrumbList","@id":"https:\/\/techmasterdemexico.com\/en\/producto\/calibrador-digital-abs-de-fibra-de-carbono-0-450mm-ip66\/#breadcrumb","itemListElement":[{"@type":"ListItem","position":1,"name":"Portada","item":"https:\/\/techmasterdemexico.com\/"},{"@type":"ListItem","position":2,"name":"Calibrador Digital ABS de fibra de carbono 0-450mm, IP66"}]},{"@type":"WebSite","@id":"https:\/\/techmasterdemexico.com\/#website","url":"https:\/\/techmasterdemexico.com\/","name":"Techmaster de Mexico","description":"","potentialAction":[{"@type":"SearchAction","target":{"@type":"EntryPoint","urlTemplate":"https:\/\/techmasterdemexico.com\/?s={search_term_string}"},"query-input":{"@type":"PropertyValueSpecification","valueRequired":true,"valueName":"search_term_string"}}],"inLanguage":"en-US"}]}},"brands":[{"id":39,"name":"Mitutoyo","slug":"mitutoyo"}],"_links":{"self":[{"href":"https:\/\/techmasterdemexico.com\/en\/wp-json\/wp\/v2\/product\/13932","targetHints":{"allow":["GET"]}}],"collection":[{"href":"https:\/\/techmasterdemexico.com\/en\/wp-json\/wp\/v2\/product"}],"about":[{"href":"https:\/\/techmasterdemexico.com\/en\/wp-json\/wp\/v2\/types\/product"}],"wp:featuredmedia":[{"embeddable":true,"href":"https:\/\/techmasterdemexico.com\/en\/wp-json\/wp\/v2\/media\/18573"}],"wp:attachment":[{"href":"https:\/\/techmasterdemexico.com\/en\/wp-json\/wp\/v2\/media?parent=13932"}],"wp:term":[{"taxonomy":"pwb-brand","embeddable":true,"href":"https:\/\/techmasterdemexico.com\/en\/wp-json\/wp\/v2\/pwb-brand?post=13932"},{"taxonomy":"product_brand","embeddable":true,"href":"https:\/\/techmasterdemexico.com\/en\/wp-json\/wp\/v2\/product_brand?post=13932"},{"taxonomy":"product_cat","embeddable":true,"href":"https:\/\/techmasterdemexico.com\/en\/wp-json\/wp\/v2\/product_cat?post=13932"},{"taxonomy":"product_tag","embeddable":true,"href":"https:\/\/techmasterdemexico.com\/en\/wp-json\/wp\/v2\/product_tag?post=13932"}],"curies":[{"name":"wp","href":"https:\/\/api.w.org\/{rel}","templated":true}]}}