{"id":13922,"date":"2021-12-22T00:29:11","date_gmt":"2021-12-22T00:29:11","guid":{"rendered":"https:\/\/techmastermx.ddns.net\/producto\/0-150mm-blade-thumb-roller-data-outp\/"},"modified":"2022-02-27T08:55:13","modified_gmt":"2022-02-27T08:55:13","slug":"0-150mm-blade-thumb-roller-data-outp","status":"publish","type":"product","link":"https:\/\/techmasterdemexico.com\/en\/producto\/0-150mm-blade-thumb-roller-data-outp\/","title":{"rendered":"0-150mm, Blade, Thumb Roller, Data Outp."},"content":{"rendered":"<p>500-151-30<\/p>\n<p>0-150mm, Blade, Thumb Roller, Data Outp.<\/p>\n<p>N\u00famero de art\u00edculo: 500-151-30<\/p>\n<div><\/div>\n<div>\n<p>&nbsp;<\/p>\n<p>Los nuevos calibres Digimatic le permitir\u00e1n realizar mediciones fiables y le ofrecen las siguientes ventajas:<\/p>\n<ul>\n<li>Equipados con el sensor de inducci\u00f3n AOS (Advanced Onsite Sensor) que emplean los modelos de gama alta ABS de m\u00e1xima estanqueidad.<\/li>\n<li>Gracias a la tecnolog\u00eda de inducci\u00f3n electromagn\u00e9tica de encoder ABS, este calibre se mostrar\u00e1 apto para trabajos donde se produzca una contaminaci\u00f3n de agentes sobre su regla. Su capacidad de captura de impulsos no se ver\u00e1 afectada por agentes externos como el agua, aceite, etc<\/li>\n<li>La corredera proporciona un deslizamiento suave y estable para un uso m\u00e1s confortable.<\/li>\n<li>Altura d\u00edgitos: 9 mm (150 y 200 mm), 11 mm (300 mm)<\/li>\n<li>La regla ABS (ABSOLUTE) no requiere la realizaci\u00f3n de un cero absoluto tras el encendido del calibre, ya que una vez hecho al instalar la pila el primer d\u00eda, \u00e9ste se mantendr\u00e1. Velocidad ilimitada de desplazamiento.<\/li>\n<li>Bater\u00eda de larga vida<\/li>\n<\/ul>\n<\/div>\n","protected":false},"excerpt":{"rendered":"<ul>\n<li>Rango:<br \/>\n0 &#8211; 150 mm<\/li>\n<li>Varilla de profundidad:<br \/>\nPlana<\/li>\n<li>Salida de datos:<br \/>\nSi<\/li>\n<li>Rodillo de accionamiento:<br \/>\nSi<\/li>\n<li>Peso:<br \/>\n168 g<\/li>\n<li>Resoluci\u00f3n:<br \/>\n0.01 mm<\/li>\n<li>Visualizador:<br \/>\nLCD, character height 9 mm (150, 200 mm) 11 mm (300 mm)<\/li>\n<li>Velocidad m\u00e1x. de respuesta:<br \/>\nIlimitado<\/li>\n<li>Duraci\u00f3n bateria:<br \/>\nAppr. 5 years under normal use<\/li>\n<li>Entregado:<br \/>\nIn a case, including 1 SR-44 battery<\/li>\n<li>ON\/OFF:<br \/>\nSi<\/li>\n<li>Selector ZERO\/ABS:<br \/>\nSi<\/li>\n<li>ORIGIN (puesta a cero ABS):<br \/>\nSi<\/li>\n<li>Aviso bater\u00eda baja:<br \/>\nSi<\/li>\n<li>Digital\/An\u00e1logo:<br \/>\nDigital<\/li>\n<li>pulgadas-m\u00e9trico:<br \/>\nM\u00e9trico<\/li>\n<li>Exactitud:<br \/>\n\u00b10,02 mm<\/li>\n<li>Funciones:<br \/>\nCon rodillo para pulgar<\/li>\n<\/ul>\n","protected":false},"featured_media":18587,"template":"","meta":{"_acf_changed":false},"pwb-brand":[39],"product_brand":[],"product_cat":[366,57,410,331,38],"product_tag":[],"class_list":{"0":"post-13922","1":"product","2":"type-product","3":"status-publish","4":"has-post-thumbnail","6":"pwb-brand-mitutoyo","7":"product_cat-todos-los-productos","8":"product_cat-calibradores","9":"product_cat-calibradores-absolute-digimatic","10":"product_cat-instrumentos-de-medicion-y-gestion-de-datos","11":"product_cat-mitutoyo","13":"first","14":"instock","15":"taxable","16":"shipping-taxable","17":"product-type-simple"},"acf":[],"yoast_head":"<!-- This site is optimized with the Yoast SEO plugin v27.4 - https:\/\/yoast.com\/product\/yoast-seo-wordpress\/ -->\n<title>0-150mm, Blade, Thumb Roller, Data Outp. - Techmaster de Mexico<\/title>\n<meta name=\"robots\" content=\"index, follow, max-snippet:-1, max-image-preview:large, max-video-preview:-1\" \/>\n<link rel=\"canonical\" href=\"https:\/\/techmasterdemexico.com\/producto\/0-150mm-blade-thumb-roller-data-outp\/\" \/>\n<meta property=\"og:locale\" content=\"en_US\" \/>\n<meta property=\"og:type\" content=\"article\" \/>\n<meta property=\"og:title\" content=\"0-150mm, Blade, Thumb Roller, Data Outp. - Techmaster de Mexico\" \/>\n<meta property=\"og:description\" content=\"Rango: 0 - 150 mm  Varilla de profundidad: Plana  Salida de datos: Si  Rodillo de accionamiento: Si  Peso: 168 g  Resoluci\u00f3n: 0.01 mm  Visualizador: LCD, character height 9 mm (150, 200 mm) 11 mm (300 mm)  Velocidad m\u00e1x. de respuesta: Ilimitado  Duraci\u00f3n bateria: Appr. 5 years under normal use  Entregado: In a case, including 1 SR-44 battery  ON\/OFF: Si  Selector ZERO\/ABS: Si  ORIGIN (puesta a cero ABS): Si  Aviso bater\u00eda baja: Si  Digital\/An\u00e1logo: Digital  pulgadas-m\u00e9trico: M\u00e9trico  Exactitud: \u00b10,02 mm  Funciones: Con rodillo para pulgar\" \/>\n<meta property=\"og:url\" content=\"https:\/\/techmasterdemexico.com\/producto\/0-150mm-blade-thumb-roller-data-outp\/\" \/>\n<meta property=\"og:site_name\" content=\"Techmaster de Mexico\" \/>\n<meta property=\"article:modified_time\" content=\"2022-02-27T08:55:13+00:00\" \/>\n<meta property=\"og:image\" content=\"https:\/\/techmasterdemexico.com\/wp-content\/uploads\/2021\/12\/500-151-30_z_jpg-1.png\" \/>\n\t<meta property=\"og:image:width\" content=\"500\" \/>\n\t<meta property=\"og:image:height\" content=\"500\" \/>\n\t<meta property=\"og:image:type\" content=\"image\/png\" \/>\n<meta name=\"twitter:card\" content=\"summary_large_image\" \/>\n<meta name=\"twitter:label1\" content=\"Est. reading time\" \/>\n\t<meta name=\"twitter:data1\" content=\"1 minute\" \/>\n<script type=\"application\/ld+json\" class=\"yoast-schema-graph\">{\"@context\":\"https:\\\/\\\/schema.org\",\"@graph\":[{\"@type\":\"WebPage\",\"@id\":\"https:\\\/\\\/techmasterdemexico.com\\\/producto\\\/0-150mm-blade-thumb-roller-data-outp\\\/\",\"url\":\"https:\\\/\\\/techmasterdemexico.com\\\/producto\\\/0-150mm-blade-thumb-roller-data-outp\\\/\",\"name\":\"0-150mm, Blade, Thumb Roller, Data Outp. - Techmaster de Mexico\",\"isPartOf\":{\"@id\":\"https:\\\/\\\/techmasterdemexico.com\\\/#website\"},\"primaryImageOfPage\":{\"@id\":\"https:\\\/\\\/techmasterdemexico.com\\\/producto\\\/0-150mm-blade-thumb-roller-data-outp\\\/#primaryimage\"},\"image\":{\"@id\":\"https:\\\/\\\/techmasterdemexico.com\\\/producto\\\/0-150mm-blade-thumb-roller-data-outp\\\/#primaryimage\"},\"thumbnailUrl\":\"https:\\\/\\\/techmasterdemexico.com\\\/wp-content\\\/uploads\\\/2021\\\/12\\\/500-151-30_z_jpg-1.png\",\"datePublished\":\"2021-12-22T00:29:11+00:00\",\"dateModified\":\"2022-02-27T08:55:13+00:00\",\"breadcrumb\":{\"@id\":\"https:\\\/\\\/techmasterdemexico.com\\\/producto\\\/0-150mm-blade-thumb-roller-data-outp\\\/#breadcrumb\"},\"inLanguage\":\"en-US\",\"potentialAction\":[{\"@type\":\"ReadAction\",\"target\":[\"https:\\\/\\\/techmasterdemexico.com\\\/producto\\\/0-150mm-blade-thumb-roller-data-outp\\\/\"]}]},{\"@type\":\"ImageObject\",\"inLanguage\":\"en-US\",\"@id\":\"https:\\\/\\\/techmasterdemexico.com\\\/producto\\\/0-150mm-blade-thumb-roller-data-outp\\\/#primaryimage\",\"url\":\"https:\\\/\\\/techmasterdemexico.com\\\/wp-content\\\/uploads\\\/2021\\\/12\\\/500-151-30_z_jpg-1.png\",\"contentUrl\":\"https:\\\/\\\/techmasterdemexico.com\\\/wp-content\\\/uploads\\\/2021\\\/12\\\/500-151-30_z_jpg-1.png\",\"width\":500,\"height\":500},{\"@type\":\"BreadcrumbList\",\"@id\":\"https:\\\/\\\/techmasterdemexico.com\\\/producto\\\/0-150mm-blade-thumb-roller-data-outp\\\/#breadcrumb\",\"itemListElement\":[{\"@type\":\"ListItem\",\"position\":1,\"name\":\"Portada\",\"item\":\"https:\\\/\\\/techmasterdemexico.com\\\/\"},{\"@type\":\"ListItem\",\"position\":2,\"name\":\"0-150mm, Blade, Thumb Roller, Data Outp.\"}]},{\"@type\":\"WebSite\",\"@id\":\"https:\\\/\\\/techmasterdemexico.com\\\/#website\",\"url\":\"https:\\\/\\\/techmasterdemexico.com\\\/\",\"name\":\"Techmaster de Mexico\",\"description\":\"\",\"potentialAction\":[{\"@type\":\"SearchAction\",\"target\":{\"@type\":\"EntryPoint\",\"urlTemplate\":\"https:\\\/\\\/techmasterdemexico.com\\\/?s={search_term_string}\"},\"query-input\":{\"@type\":\"PropertyValueSpecification\",\"valueRequired\":true,\"valueName\":\"search_term_string\"}}],\"inLanguage\":\"en-US\"}]}<\/script>\n<!-- \/ Yoast SEO plugin. -->","yoast_head_json":{"title":"0-150mm, Blade, Thumb Roller, Data Outp. - Techmaster de Mexico","robots":{"index":"index","follow":"follow","max-snippet":"max-snippet:-1","max-image-preview":"max-image-preview:large","max-video-preview":"max-video-preview:-1"},"canonical":"https:\/\/techmasterdemexico.com\/producto\/0-150mm-blade-thumb-roller-data-outp\/","og_locale":"en_US","og_type":"article","og_title":"0-150mm, Blade, Thumb Roller, Data Outp. - Techmaster de Mexico","og_description":"Rango: 0 - 150 mm  Varilla de profundidad: Plana  Salida de datos: Si  Rodillo de accionamiento: Si  Peso: 168 g  Resoluci\u00f3n: 0.01 mm  Visualizador: LCD, character height 9 mm (150, 200 mm) 11 mm (300 mm)  Velocidad m\u00e1x. de respuesta: Ilimitado  Duraci\u00f3n bateria: Appr. 5 years under normal use  Entregado: In a case, including 1 SR-44 battery  ON\/OFF: Si  Selector ZERO\/ABS: Si  ORIGIN (puesta a cero ABS): Si  Aviso bater\u00eda baja: Si  Digital\/An\u00e1logo: Digital  pulgadas-m\u00e9trico: M\u00e9trico  Exactitud: \u00b10,02 mm  Funciones: Con rodillo para pulgar","og_url":"https:\/\/techmasterdemexico.com\/producto\/0-150mm-blade-thumb-roller-data-outp\/","og_site_name":"Techmaster de Mexico","article_modified_time":"2022-02-27T08:55:13+00:00","og_image":[{"width":500,"height":500,"url":"https:\/\/techmasterdemexico.com\/wp-content\/uploads\/2021\/12\/500-151-30_z_jpg-1.png","type":"image\/png"}],"twitter_card":"summary_large_image","twitter_misc":{"Est. reading time":"1 minute"},"schema":{"@context":"https:\/\/schema.org","@graph":[{"@type":"WebPage","@id":"https:\/\/techmasterdemexico.com\/producto\/0-150mm-blade-thumb-roller-data-outp\/","url":"https:\/\/techmasterdemexico.com\/producto\/0-150mm-blade-thumb-roller-data-outp\/","name":"0-150mm, Blade, Thumb Roller, Data Outp. - Techmaster de Mexico","isPartOf":{"@id":"https:\/\/techmasterdemexico.com\/#website"},"primaryImageOfPage":{"@id":"https:\/\/techmasterdemexico.com\/producto\/0-150mm-blade-thumb-roller-data-outp\/#primaryimage"},"image":{"@id":"https:\/\/techmasterdemexico.com\/producto\/0-150mm-blade-thumb-roller-data-outp\/#primaryimage"},"thumbnailUrl":"https:\/\/techmasterdemexico.com\/wp-content\/uploads\/2021\/12\/500-151-30_z_jpg-1.png","datePublished":"2021-12-22T00:29:11+00:00","dateModified":"2022-02-27T08:55:13+00:00","breadcrumb":{"@id":"https:\/\/techmasterdemexico.com\/producto\/0-150mm-blade-thumb-roller-data-outp\/#breadcrumb"},"inLanguage":"en-US","potentialAction":[{"@type":"ReadAction","target":["https:\/\/techmasterdemexico.com\/producto\/0-150mm-blade-thumb-roller-data-outp\/"]}]},{"@type":"ImageObject","inLanguage":"en-US","@id":"https:\/\/techmasterdemexico.com\/producto\/0-150mm-blade-thumb-roller-data-outp\/#primaryimage","url":"https:\/\/techmasterdemexico.com\/wp-content\/uploads\/2021\/12\/500-151-30_z_jpg-1.png","contentUrl":"https:\/\/techmasterdemexico.com\/wp-content\/uploads\/2021\/12\/500-151-30_z_jpg-1.png","width":500,"height":500},{"@type":"BreadcrumbList","@id":"https:\/\/techmasterdemexico.com\/producto\/0-150mm-blade-thumb-roller-data-outp\/#breadcrumb","itemListElement":[{"@type":"ListItem","position":1,"name":"Portada","item":"https:\/\/techmasterdemexico.com\/"},{"@type":"ListItem","position":2,"name":"0-150mm, Blade, Thumb Roller, Data Outp."}]},{"@type":"WebSite","@id":"https:\/\/techmasterdemexico.com\/#website","url":"https:\/\/techmasterdemexico.com\/","name":"Techmaster de Mexico","description":"","potentialAction":[{"@type":"SearchAction","target":{"@type":"EntryPoint","urlTemplate":"https:\/\/techmasterdemexico.com\/?s={search_term_string}"},"query-input":{"@type":"PropertyValueSpecification","valueRequired":true,"valueName":"search_term_string"}}],"inLanguage":"en-US"}]}},"brands":[{"id":39,"name":"Mitutoyo","slug":"mitutoyo"}],"_links":{"self":[{"href":"https:\/\/techmasterdemexico.com\/en\/wp-json\/wp\/v2\/product\/13922","targetHints":{"allow":["GET"]}}],"collection":[{"href":"https:\/\/techmasterdemexico.com\/en\/wp-json\/wp\/v2\/product"}],"about":[{"href":"https:\/\/techmasterdemexico.com\/en\/wp-json\/wp\/v2\/types\/product"}],"wp:featuredmedia":[{"embeddable":true,"href":"https:\/\/techmasterdemexico.com\/en\/wp-json\/wp\/v2\/media\/18587"}],"wp:attachment":[{"href":"https:\/\/techmasterdemexico.com\/en\/wp-json\/wp\/v2\/media?parent=13922"}],"wp:term":[{"taxonomy":"pwb-brand","embeddable":true,"href":"https:\/\/techmasterdemexico.com\/en\/wp-json\/wp\/v2\/pwb-brand?post=13922"},{"taxonomy":"product_brand","embeddable":true,"href":"https:\/\/techmasterdemexico.com\/en\/wp-json\/wp\/v2\/product_brand?post=13922"},{"taxonomy":"product_cat","embeddable":true,"href":"https:\/\/techmasterdemexico.com\/en\/wp-json\/wp\/v2\/product_cat?post=13922"},{"taxonomy":"product_tag","embeddable":true,"href":"https:\/\/techmasterdemexico.com\/en\/wp-json\/wp\/v2\/product_tag?post=13922"}],"curies":[{"name":"wp","href":"https:\/\/api.w.org\/{rel}","templated":true}]}}