{"id":13906,"date":"2021-12-22T00:28:48","date_gmt":"2021-12-22T00:28:48","guid":{"rendered":"https:\/\/techmastermx.ddns.net\/producto\/vernier-caliper-long-jaw-fine-adjust-0-1000mm-005mm-metric-inch\/"},"modified":"2021-12-30T20:26:45","modified_gmt":"2021-12-30T20:26:45","slug":"vernier-caliper-long-jaw-fine-adjust-0-1000mm-005mm-metric-inch","status":"publish","type":"product","link":"https:\/\/techmasterdemexico.com\/en\/producto\/vernier-caliper-long-jaw-fine-adjust-0-1000mm-005mm-metric-inch\/","title":{"rendered":"Vernier Caliper, Long Jaw, Fine Adjust. 0-1000mm, 0,05mm, Metric\/Inch"},"content":{"rendered":"<p>Vernier Caliper, Long Jaw, Fine Adjust.<br \/>\n0-1000mm, 0,05mm, Metric\/Inch<br \/>\nN\u00famero de art\u00edculo: 534-104<\/p>\n<p>&nbsp;<\/p>\n<p>Con o sin ajuste fino<\/p>\n<p>&nbsp;<\/p>\n<ul>\n<li>Largas patas para medir piezas de dificil acceso.<\/li>\n<li>Con ajuste tope de nonius para la lectura directa durante la medici\u00f3n interior sin a\u00f1adir espesor del contacto.<\/li>\n<\/ul>\n","protected":false},"excerpt":{"rendered":"<ul>\n<li>Rango:<br \/>\n0-1000 mm<\/li>\n<li>Medici\u00f3n de interiores desde:<br \/>\n20.1 mm<\/li>\n<li>Exactitud:<br \/>\n\u00b10,2 mm<\/li>\n<li>Graduaci\u00f3n:<br \/>\n0,05 mm\/ 1\/128&#8243;<\/li>\n<li>Peso:<br \/>\n3600 g<\/li>\n<li>Entregado:<br \/>\nIn a box<\/li>\n<li>Digital\/An\u00e1logo:<br \/>\nAn\u00e1logo<\/li>\n<li>pulgadas-m\u00e9trico:<br \/>\nmm\/pulg<\/li>\n<li>Funciones:<br \/>\nWithout fine adjustment<\/li>\n<\/ul>\n","protected":false},"featured_media":16935,"template":"","meta":{"_acf_changed":false},"pwb-brand":[39],"product_brand":[],"product_cat":[366,57,409,331,38],"product_tag":[],"class_list":{"0":"post-13906","1":"product","2":"type-product","3":"status-publish","4":"has-post-thumbnail","6":"pwb-brand-mitutoyo","7":"product_cat-todos-los-productos","8":"product_cat-calibradores","9":"product_cat-calibradores-analogos","10":"product_cat-instrumentos-de-medicion-y-gestion-de-datos","11":"product_cat-mitutoyo","13":"first","14":"instock","15":"taxable","16":"shipping-taxable","17":"product-type-simple"},"acf":[],"yoast_head":"<!-- This site is optimized with the Yoast SEO plugin v27.4 - https:\/\/yoast.com\/product\/yoast-seo-wordpress\/ -->\n<title>Vernier Caliper, Long Jaw, Fine Adjust. 0-1000mm, 0,05mm, Metric\/Inch - Techmaster de Mexico<\/title>\n<meta name=\"robots\" content=\"index, follow, max-snippet:-1, max-image-preview:large, max-video-preview:-1\" \/>\n<link rel=\"canonical\" href=\"https:\/\/techmasterdemexico.com\/producto\/vernier-caliper-long-jaw-fine-adjust-0-1000mm-005mm-metric-inch\/\" \/>\n<meta property=\"og:locale\" content=\"en_US\" \/>\n<meta property=\"og:type\" content=\"article\" \/>\n<meta property=\"og:title\" content=\"Vernier Caliper, Long Jaw, Fine Adjust. 0-1000mm, 0,05mm, Metric\/Inch - Techmaster de Mexico\" \/>\n<meta property=\"og:description\" content=\"Rango: 0-1000 mm  Medici\u00f3n de interiores desde: 20.1 mm  Exactitud: \u00b10,2 mm  Graduaci\u00f3n: 0,05 mm\/ 1\/128&quot;  Peso: 3600 g  Entregado: In a box  Digital\/An\u00e1logo: An\u00e1logo  pulgadas-m\u00e9trico: mm\/pulg  Funciones: Without fine adjustment\" \/>\n<meta property=\"og:url\" content=\"https:\/\/techmasterdemexico.com\/producto\/vernier-caliper-long-jaw-fine-adjust-0-1000mm-005mm-metric-inch\/\" \/>\n<meta property=\"og:site_name\" content=\"Techmaster de Mexico\" \/>\n<meta property=\"article:modified_time\" content=\"2021-12-30T20:26:45+00:00\" \/>\n<meta property=\"og:image\" content=\"https:\/\/techmasterdemexico.com\/wp-content\/uploads\/2021\/12\/534-110_z1_eps.png\" \/>\n\t<meta property=\"og:image:width\" content=\"500\" \/>\n\t<meta property=\"og:image:height\" content=\"500\" \/>\n\t<meta property=\"og:image:type\" content=\"image\/png\" \/>\n<meta name=\"twitter:card\" content=\"summary_large_image\" \/>\n<script type=\"application\/ld+json\" class=\"yoast-schema-graph\">{\"@context\":\"https:\\\/\\\/schema.org\",\"@graph\":[{\"@type\":\"WebPage\",\"@id\":\"https:\\\/\\\/techmasterdemexico.com\\\/producto\\\/vernier-caliper-long-jaw-fine-adjust-0-1000mm-005mm-metric-inch\\\/\",\"url\":\"https:\\\/\\\/techmasterdemexico.com\\\/producto\\\/vernier-caliper-long-jaw-fine-adjust-0-1000mm-005mm-metric-inch\\\/\",\"name\":\"Vernier Caliper, Long Jaw, Fine Adjust. 0-1000mm, 0,05mm, Metric\\\/Inch - Techmaster de Mexico\",\"isPartOf\":{\"@id\":\"https:\\\/\\\/techmasterdemexico.com\\\/#website\"},\"primaryImageOfPage\":{\"@id\":\"https:\\\/\\\/techmasterdemexico.com\\\/producto\\\/vernier-caliper-long-jaw-fine-adjust-0-1000mm-005mm-metric-inch\\\/#primaryimage\"},\"image\":{\"@id\":\"https:\\\/\\\/techmasterdemexico.com\\\/producto\\\/vernier-caliper-long-jaw-fine-adjust-0-1000mm-005mm-metric-inch\\\/#primaryimage\"},\"thumbnailUrl\":\"https:\\\/\\\/techmasterdemexico.com\\\/wp-content\\\/uploads\\\/2021\\\/12\\\/534-110_z1_eps.png\",\"datePublished\":\"2021-12-22T00:28:48+00:00\",\"dateModified\":\"2021-12-30T20:26:45+00:00\",\"breadcrumb\":{\"@id\":\"https:\\\/\\\/techmasterdemexico.com\\\/producto\\\/vernier-caliper-long-jaw-fine-adjust-0-1000mm-005mm-metric-inch\\\/#breadcrumb\"},\"inLanguage\":\"en-US\",\"potentialAction\":[{\"@type\":\"ReadAction\",\"target\":[\"https:\\\/\\\/techmasterdemexico.com\\\/producto\\\/vernier-caliper-long-jaw-fine-adjust-0-1000mm-005mm-metric-inch\\\/\"]}]},{\"@type\":\"ImageObject\",\"inLanguage\":\"en-US\",\"@id\":\"https:\\\/\\\/techmasterdemexico.com\\\/producto\\\/vernier-caliper-long-jaw-fine-adjust-0-1000mm-005mm-metric-inch\\\/#primaryimage\",\"url\":\"https:\\\/\\\/techmasterdemexico.com\\\/wp-content\\\/uploads\\\/2021\\\/12\\\/534-110_z1_eps.png\",\"contentUrl\":\"https:\\\/\\\/techmasterdemexico.com\\\/wp-content\\\/uploads\\\/2021\\\/12\\\/534-110_z1_eps.png\",\"width\":500,\"height\":500},{\"@type\":\"BreadcrumbList\",\"@id\":\"https:\\\/\\\/techmasterdemexico.com\\\/producto\\\/vernier-caliper-long-jaw-fine-adjust-0-1000mm-005mm-metric-inch\\\/#breadcrumb\",\"itemListElement\":[{\"@type\":\"ListItem\",\"position\":1,\"name\":\"Portada\",\"item\":\"https:\\\/\\\/techmasterdemexico.com\\\/\"},{\"@type\":\"ListItem\",\"position\":2,\"name\":\"Vernier Caliper, Long Jaw, Fine Adjust. 0-1000mm, 0,05mm, Metric\\\/Inch\"}]},{\"@type\":\"WebSite\",\"@id\":\"https:\\\/\\\/techmasterdemexico.com\\\/#website\",\"url\":\"https:\\\/\\\/techmasterdemexico.com\\\/\",\"name\":\"Techmaster de Mexico\",\"description\":\"\",\"potentialAction\":[{\"@type\":\"SearchAction\",\"target\":{\"@type\":\"EntryPoint\",\"urlTemplate\":\"https:\\\/\\\/techmasterdemexico.com\\\/?s={search_term_string}\"},\"query-input\":{\"@type\":\"PropertyValueSpecification\",\"valueRequired\":true,\"valueName\":\"search_term_string\"}}],\"inLanguage\":\"en-US\"}]}<\/script>\n<!-- \/ Yoast SEO plugin. -->","yoast_head_json":{"title":"Vernier Caliper, Long Jaw, Fine Adjust. 0-1000mm, 0,05mm, Metric\/Inch - Techmaster de Mexico","robots":{"index":"index","follow":"follow","max-snippet":"max-snippet:-1","max-image-preview":"max-image-preview:large","max-video-preview":"max-video-preview:-1"},"canonical":"https:\/\/techmasterdemexico.com\/producto\/vernier-caliper-long-jaw-fine-adjust-0-1000mm-005mm-metric-inch\/","og_locale":"en_US","og_type":"article","og_title":"Vernier Caliper, Long Jaw, Fine Adjust. 0-1000mm, 0,05mm, Metric\/Inch - Techmaster de Mexico","og_description":"Rango: 0-1000 mm  Medici\u00f3n de interiores desde: 20.1 mm  Exactitud: \u00b10,2 mm  Graduaci\u00f3n: 0,05 mm\/ 1\/128\"  Peso: 3600 g  Entregado: In a box  Digital\/An\u00e1logo: An\u00e1logo  pulgadas-m\u00e9trico: mm\/pulg  Funciones: Without fine adjustment","og_url":"https:\/\/techmasterdemexico.com\/producto\/vernier-caliper-long-jaw-fine-adjust-0-1000mm-005mm-metric-inch\/","og_site_name":"Techmaster de Mexico","article_modified_time":"2021-12-30T20:26:45+00:00","og_image":[{"width":500,"height":500,"url":"https:\/\/techmasterdemexico.com\/wp-content\/uploads\/2021\/12\/534-110_z1_eps.png","type":"image\/png"}],"twitter_card":"summary_large_image","schema":{"@context":"https:\/\/schema.org","@graph":[{"@type":"WebPage","@id":"https:\/\/techmasterdemexico.com\/producto\/vernier-caliper-long-jaw-fine-adjust-0-1000mm-005mm-metric-inch\/","url":"https:\/\/techmasterdemexico.com\/producto\/vernier-caliper-long-jaw-fine-adjust-0-1000mm-005mm-metric-inch\/","name":"Vernier Caliper, Long Jaw, Fine Adjust. 0-1000mm, 0,05mm, Metric\/Inch - Techmaster de Mexico","isPartOf":{"@id":"https:\/\/techmasterdemexico.com\/#website"},"primaryImageOfPage":{"@id":"https:\/\/techmasterdemexico.com\/producto\/vernier-caliper-long-jaw-fine-adjust-0-1000mm-005mm-metric-inch\/#primaryimage"},"image":{"@id":"https:\/\/techmasterdemexico.com\/producto\/vernier-caliper-long-jaw-fine-adjust-0-1000mm-005mm-metric-inch\/#primaryimage"},"thumbnailUrl":"https:\/\/techmasterdemexico.com\/wp-content\/uploads\/2021\/12\/534-110_z1_eps.png","datePublished":"2021-12-22T00:28:48+00:00","dateModified":"2021-12-30T20:26:45+00:00","breadcrumb":{"@id":"https:\/\/techmasterdemexico.com\/producto\/vernier-caliper-long-jaw-fine-adjust-0-1000mm-005mm-metric-inch\/#breadcrumb"},"inLanguage":"en-US","potentialAction":[{"@type":"ReadAction","target":["https:\/\/techmasterdemexico.com\/producto\/vernier-caliper-long-jaw-fine-adjust-0-1000mm-005mm-metric-inch\/"]}]},{"@type":"ImageObject","inLanguage":"en-US","@id":"https:\/\/techmasterdemexico.com\/producto\/vernier-caliper-long-jaw-fine-adjust-0-1000mm-005mm-metric-inch\/#primaryimage","url":"https:\/\/techmasterdemexico.com\/wp-content\/uploads\/2021\/12\/534-110_z1_eps.png","contentUrl":"https:\/\/techmasterdemexico.com\/wp-content\/uploads\/2021\/12\/534-110_z1_eps.png","width":500,"height":500},{"@type":"BreadcrumbList","@id":"https:\/\/techmasterdemexico.com\/producto\/vernier-caliper-long-jaw-fine-adjust-0-1000mm-005mm-metric-inch\/#breadcrumb","itemListElement":[{"@type":"ListItem","position":1,"name":"Portada","item":"https:\/\/techmasterdemexico.com\/"},{"@type":"ListItem","position":2,"name":"Vernier Caliper, Long Jaw, Fine Adjust. 0-1000mm, 0,05mm, Metric\/Inch"}]},{"@type":"WebSite","@id":"https:\/\/techmasterdemexico.com\/#website","url":"https:\/\/techmasterdemexico.com\/","name":"Techmaster de Mexico","description":"","potentialAction":[{"@type":"SearchAction","target":{"@type":"EntryPoint","urlTemplate":"https:\/\/techmasterdemexico.com\/?s={search_term_string}"},"query-input":{"@type":"PropertyValueSpecification","valueRequired":true,"valueName":"search_term_string"}}],"inLanguage":"en-US"}]}},"brands":[{"id":39,"name":"Mitutoyo","slug":"mitutoyo"}],"_links":{"self":[{"href":"https:\/\/techmasterdemexico.com\/en\/wp-json\/wp\/v2\/product\/13906","targetHints":{"allow":["GET"]}}],"collection":[{"href":"https:\/\/techmasterdemexico.com\/en\/wp-json\/wp\/v2\/product"}],"about":[{"href":"https:\/\/techmasterdemexico.com\/en\/wp-json\/wp\/v2\/types\/product"}],"wp:featuredmedia":[{"embeddable":true,"href":"https:\/\/techmasterdemexico.com\/en\/wp-json\/wp\/v2\/media\/16935"}],"wp:attachment":[{"href":"https:\/\/techmasterdemexico.com\/en\/wp-json\/wp\/v2\/media?parent=13906"}],"wp:term":[{"taxonomy":"pwb-brand","embeddable":true,"href":"https:\/\/techmasterdemexico.com\/en\/wp-json\/wp\/v2\/pwb-brand?post=13906"},{"taxonomy":"product_brand","embeddable":true,"href":"https:\/\/techmasterdemexico.com\/en\/wp-json\/wp\/v2\/product_brand?post=13906"},{"taxonomy":"product_cat","embeddable":true,"href":"https:\/\/techmasterdemexico.com\/en\/wp-json\/wp\/v2\/product_cat?post=13906"},{"taxonomy":"product_tag","embeddable":true,"href":"https:\/\/techmasterdemexico.com\/en\/wp-json\/wp\/v2\/product_tag?post=13906"}],"curies":[{"name":"wp","href":"https:\/\/api.w.org\/{rel}","templated":true}]}}