{"id":13901,"date":"2021-12-22T00:28:44","date_gmt":"2021-12-22T00:28:44","guid":{"rendered":"https:\/\/techmastermx.ddns.net\/producto\/vernier-calipercarbide-jaw-outs-0-300mm-005mm-metric\/"},"modified":"2021-12-30T20:57:38","modified_gmt":"2021-12-30T20:57:38","slug":"vernier-calipercarbide-jaw-outs-0-300mm-005mm-metric","status":"publish","type":"product","link":"https:\/\/techmasterdemexico.com\/en\/producto\/vernier-calipercarbide-jaw-outs-0-300mm-005mm-metric\/","title":{"rendered":"Vernier Caliper,Carbide Jaw Outs. 0-300mm, 0,05mm, Metric"},"content":{"rendered":"<p>Vernier Caliper,Carbide Jaw Outs.<br \/>\n0-300mm, 0,05mm, Metric<br \/>\nN\u00famero de art\u00edculo: 530-322<\/p>\n<p>&nbsp;<\/p>\n<p>Con superficies de medici\u00f3n en metal duro.<\/p>\n<ul>\n<li>Calibre y corredera de acero inoxidable templado.<\/li>\n<li>Regla y nonio en cromado mate.<\/li>\n<li>Planos de gu\u00edas elevados.<\/li>\n<\/ul>\n","protected":false},"excerpt":{"rendered":"<ul>\n<li>Rango:<br \/>\n0 &#8211; 300 mm<\/li>\n<li>Exactitud:<br \/>\n\u00b10,08 mm<\/li>\n<li>Varilla de profundidad:<br \/>\nPlana<\/li>\n<li>Graduaci\u00f3n:<br \/>\n0.05 mm<\/li>\n<li>Peso:<br \/>\n355 g<\/li>\n<li>Entregado:<br \/>\nEn caja blanda<\/li>\n<li>Digital\/An\u00e1logo:<br \/>\nAn\u00e1logo<\/li>\n<li>pulgadas-m\u00e9trico:<br \/>\nM\u00e9trico<\/li>\n<li>Funciones:<br \/>\nContactos de metal duro para medici\u00f3n de exteriores<\/li>\n<\/ul>\n","protected":false},"featured_media":16945,"template":"","meta":{"_acf_changed":false},"pwb-brand":[39],"product_brand":[],"product_cat":[366,57,409,331,38],"product_tag":[],"class_list":{"0":"post-13901","1":"product","2":"type-product","3":"status-publish","4":"has-post-thumbnail","6":"pwb-brand-mitutoyo","7":"product_cat-todos-los-productos","8":"product_cat-calibradores","9":"product_cat-calibradores-analogos","10":"product_cat-instrumentos-de-medicion-y-gestion-de-datos","11":"product_cat-mitutoyo","13":"first","14":"instock","15":"taxable","16":"shipping-taxable","17":"product-type-simple"},"acf":[],"yoast_head":"<!-- This site is optimized with the Yoast SEO plugin v27.2 - https:\/\/yoast.com\/product\/yoast-seo-wordpress\/ -->\n<title>Vernier Caliper,Carbide Jaw Outs. 0-300mm, 0,05mm, Metric - Techmaster de Mexico<\/title>\n<meta name=\"robots\" content=\"index, follow, max-snippet:-1, max-image-preview:large, max-video-preview:-1\" \/>\n<link rel=\"canonical\" href=\"https:\/\/techmasterdemexico.com\/producto\/vernier-calipercarbide-jaw-outs-0-300mm-005mm-metric\/\" \/>\n<meta property=\"og:locale\" content=\"en_US\" \/>\n<meta property=\"og:type\" content=\"article\" \/>\n<meta property=\"og:title\" content=\"Vernier Caliper,Carbide Jaw Outs. 0-300mm, 0,05mm, Metric - Techmaster de Mexico\" \/>\n<meta property=\"og:description\" content=\"Rango: 0 - 300 mm  Exactitud: \u00b10,08 mm  Varilla de profundidad: Plana  Graduaci\u00f3n: 0.05 mm  Peso: 355 g  Entregado: En caja blanda  Digital\/An\u00e1logo: An\u00e1logo  pulgadas-m\u00e9trico: M\u00e9trico  Funciones: Contactos de metal duro para medici\u00f3n de exteriores\" \/>\n<meta property=\"og:url\" content=\"https:\/\/techmasterdemexico.com\/producto\/vernier-calipercarbide-jaw-outs-0-300mm-005mm-metric\/\" \/>\n<meta property=\"og:site_name\" content=\"Techmaster de Mexico\" \/>\n<meta property=\"article:modified_time\" content=\"2021-12-30T20:57:38+00:00\" \/>\n<meta property=\"og:image\" content=\"https:\/\/techmasterdemexico.com\/wp-content\/uploads\/2021\/12\/530-321.jpg\" \/>\n\t<meta property=\"og:image:width\" content=\"600\" \/>\n\t<meta property=\"og:image:height\" content=\"600\" \/>\n\t<meta property=\"og:image:type\" content=\"image\/jpeg\" \/>\n<meta name=\"twitter:card\" content=\"summary_large_image\" \/>\n<script type=\"application\/ld+json\" class=\"yoast-schema-graph\">{\"@context\":\"https:\/\/schema.org\",\"@graph\":[{\"@type\":\"WebPage\",\"@id\":\"https:\/\/techmasterdemexico.com\/producto\/vernier-calipercarbide-jaw-outs-0-300mm-005mm-metric\/\",\"url\":\"https:\/\/techmasterdemexico.com\/producto\/vernier-calipercarbide-jaw-outs-0-300mm-005mm-metric\/\",\"name\":\"Vernier Caliper,Carbide Jaw Outs. 0-300mm, 0,05mm, Metric - Techmaster de Mexico\",\"isPartOf\":{\"@id\":\"https:\/\/techmasterdemexico.com\/#website\"},\"primaryImageOfPage\":{\"@id\":\"https:\/\/techmasterdemexico.com\/producto\/vernier-calipercarbide-jaw-outs-0-300mm-005mm-metric\/#primaryimage\"},\"image\":{\"@id\":\"https:\/\/techmasterdemexico.com\/producto\/vernier-calipercarbide-jaw-outs-0-300mm-005mm-metric\/#primaryimage\"},\"thumbnailUrl\":\"https:\/\/techmasterdemexico.com\/wp-content\/uploads\/2021\/12\/530-321.jpg\",\"datePublished\":\"2021-12-22T00:28:44+00:00\",\"dateModified\":\"2021-12-30T20:57:38+00:00\",\"breadcrumb\":{\"@id\":\"https:\/\/techmasterdemexico.com\/producto\/vernier-calipercarbide-jaw-outs-0-300mm-005mm-metric\/#breadcrumb\"},\"inLanguage\":\"en-US\",\"potentialAction\":[{\"@type\":\"ReadAction\",\"target\":[\"https:\/\/techmasterdemexico.com\/producto\/vernier-calipercarbide-jaw-outs-0-300mm-005mm-metric\/\"]}]},{\"@type\":\"ImageObject\",\"inLanguage\":\"en-US\",\"@id\":\"https:\/\/techmasterdemexico.com\/producto\/vernier-calipercarbide-jaw-outs-0-300mm-005mm-metric\/#primaryimage\",\"url\":\"https:\/\/techmasterdemexico.com\/wp-content\/uploads\/2021\/12\/530-321.jpg\",\"contentUrl\":\"https:\/\/techmasterdemexico.com\/wp-content\/uploads\/2021\/12\/530-321.jpg\",\"width\":600,\"height\":600},{\"@type\":\"BreadcrumbList\",\"@id\":\"https:\/\/techmasterdemexico.com\/producto\/vernier-calipercarbide-jaw-outs-0-300mm-005mm-metric\/#breadcrumb\",\"itemListElement\":[{\"@type\":\"ListItem\",\"position\":1,\"name\":\"Portada\",\"item\":\"https:\/\/techmasterdemexico.com\/\"},{\"@type\":\"ListItem\",\"position\":2,\"name\":\"Vernier Caliper,Carbide Jaw Outs. 0-300mm, 0,05mm, Metric\"}]},{\"@type\":\"WebSite\",\"@id\":\"https:\/\/techmasterdemexico.com\/#website\",\"url\":\"https:\/\/techmasterdemexico.com\/\",\"name\":\"Techmaster de Mexico\",\"description\":\"\",\"potentialAction\":[{\"@type\":\"SearchAction\",\"target\":{\"@type\":\"EntryPoint\",\"urlTemplate\":\"https:\/\/techmasterdemexico.com\/?s={search_term_string}\"},\"query-input\":{\"@type\":\"PropertyValueSpecification\",\"valueRequired\":true,\"valueName\":\"search_term_string\"}}],\"inLanguage\":\"en-US\"}]}<\/script>\n<!-- \/ Yoast SEO plugin. -->","yoast_head_json":{"title":"Vernier Caliper,Carbide Jaw Outs. 0-300mm, 0,05mm, Metric - Techmaster de Mexico","robots":{"index":"index","follow":"follow","max-snippet":"max-snippet:-1","max-image-preview":"max-image-preview:large","max-video-preview":"max-video-preview:-1"},"canonical":"https:\/\/techmasterdemexico.com\/producto\/vernier-calipercarbide-jaw-outs-0-300mm-005mm-metric\/","og_locale":"en_US","og_type":"article","og_title":"Vernier Caliper,Carbide Jaw Outs. 0-300mm, 0,05mm, Metric - Techmaster de Mexico","og_description":"Rango: 0 - 300 mm  Exactitud: \u00b10,08 mm  Varilla de profundidad: Plana  Graduaci\u00f3n: 0.05 mm  Peso: 355 g  Entregado: En caja blanda  Digital\/An\u00e1logo: An\u00e1logo  pulgadas-m\u00e9trico: M\u00e9trico  Funciones: Contactos de metal duro para medici\u00f3n de exteriores","og_url":"https:\/\/techmasterdemexico.com\/producto\/vernier-calipercarbide-jaw-outs-0-300mm-005mm-metric\/","og_site_name":"Techmaster de Mexico","article_modified_time":"2021-12-30T20:57:38+00:00","og_image":[{"width":600,"height":600,"url":"https:\/\/techmasterdemexico.com\/wp-content\/uploads\/2021\/12\/530-321.jpg","type":"image\/jpeg"}],"twitter_card":"summary_large_image","schema":{"@context":"https:\/\/schema.org","@graph":[{"@type":"WebPage","@id":"https:\/\/techmasterdemexico.com\/producto\/vernier-calipercarbide-jaw-outs-0-300mm-005mm-metric\/","url":"https:\/\/techmasterdemexico.com\/producto\/vernier-calipercarbide-jaw-outs-0-300mm-005mm-metric\/","name":"Vernier Caliper,Carbide Jaw Outs. 0-300mm, 0,05mm, Metric - Techmaster de Mexico","isPartOf":{"@id":"https:\/\/techmasterdemexico.com\/#website"},"primaryImageOfPage":{"@id":"https:\/\/techmasterdemexico.com\/producto\/vernier-calipercarbide-jaw-outs-0-300mm-005mm-metric\/#primaryimage"},"image":{"@id":"https:\/\/techmasterdemexico.com\/producto\/vernier-calipercarbide-jaw-outs-0-300mm-005mm-metric\/#primaryimage"},"thumbnailUrl":"https:\/\/techmasterdemexico.com\/wp-content\/uploads\/2021\/12\/530-321.jpg","datePublished":"2021-12-22T00:28:44+00:00","dateModified":"2021-12-30T20:57:38+00:00","breadcrumb":{"@id":"https:\/\/techmasterdemexico.com\/producto\/vernier-calipercarbide-jaw-outs-0-300mm-005mm-metric\/#breadcrumb"},"inLanguage":"en-US","potentialAction":[{"@type":"ReadAction","target":["https:\/\/techmasterdemexico.com\/producto\/vernier-calipercarbide-jaw-outs-0-300mm-005mm-metric\/"]}]},{"@type":"ImageObject","inLanguage":"en-US","@id":"https:\/\/techmasterdemexico.com\/producto\/vernier-calipercarbide-jaw-outs-0-300mm-005mm-metric\/#primaryimage","url":"https:\/\/techmasterdemexico.com\/wp-content\/uploads\/2021\/12\/530-321.jpg","contentUrl":"https:\/\/techmasterdemexico.com\/wp-content\/uploads\/2021\/12\/530-321.jpg","width":600,"height":600},{"@type":"BreadcrumbList","@id":"https:\/\/techmasterdemexico.com\/producto\/vernier-calipercarbide-jaw-outs-0-300mm-005mm-metric\/#breadcrumb","itemListElement":[{"@type":"ListItem","position":1,"name":"Portada","item":"https:\/\/techmasterdemexico.com\/"},{"@type":"ListItem","position":2,"name":"Vernier Caliper,Carbide Jaw Outs. 0-300mm, 0,05mm, Metric"}]},{"@type":"WebSite","@id":"https:\/\/techmasterdemexico.com\/#website","url":"https:\/\/techmasterdemexico.com\/","name":"Techmaster de Mexico","description":"","potentialAction":[{"@type":"SearchAction","target":{"@type":"EntryPoint","urlTemplate":"https:\/\/techmasterdemexico.com\/?s={search_term_string}"},"query-input":{"@type":"PropertyValueSpecification","valueRequired":true,"valueName":"search_term_string"}}],"inLanguage":"en-US"}]}},"brands":[{"id":39,"name":"Mitutoyo","slug":"mitutoyo"}],"_links":{"self":[{"href":"https:\/\/techmasterdemexico.com\/en\/wp-json\/wp\/v2\/product\/13901","targetHints":{"allow":["GET"]}}],"collection":[{"href":"https:\/\/techmasterdemexico.com\/en\/wp-json\/wp\/v2\/product"}],"about":[{"href":"https:\/\/techmasterdemexico.com\/en\/wp-json\/wp\/v2\/types\/product"}],"wp:featuredmedia":[{"embeddable":true,"href":"https:\/\/techmasterdemexico.com\/en\/wp-json\/wp\/v2\/media\/16945"}],"wp:attachment":[{"href":"https:\/\/techmasterdemexico.com\/en\/wp-json\/wp\/v2\/media?parent=13901"}],"wp:term":[{"taxonomy":"pwb-brand","embeddable":true,"href":"https:\/\/techmasterdemexico.com\/en\/wp-json\/wp\/v2\/pwb-brand?post=13901"},{"taxonomy":"product_brand","embeddable":true,"href":"https:\/\/techmasterdemexico.com\/en\/wp-json\/wp\/v2\/product_brand?post=13901"},{"taxonomy":"product_cat","embeddable":true,"href":"https:\/\/techmasterdemexico.com\/en\/wp-json\/wp\/v2\/product_cat?post=13901"},{"taxonomy":"product_tag","embeddable":true,"href":"https:\/\/techmasterdemexico.com\/en\/wp-json\/wp\/v2\/product_tag?post=13901"}],"curies":[{"name":"wp","href":"https:\/\/api.w.org\/{rel}","templated":true}]}}