{"id":13887,"date":"2021-12-22T00:28:28","date_gmt":"2021-12-22T00:28:28","guid":{"rendered":"https:\/\/techmastermx.ddns.net\/producto\/vernier-caliper-nib-style-jaw-0-1500mm-005mm-metric\/"},"modified":"2022-01-03T19:49:07","modified_gmt":"2022-01-03T19:49:07","slug":"vernier-caliper-nib-style-jaw-0-1500mm-005mm-metric","status":"publish","type":"product","link":"https:\/\/techmasterdemexico.com\/en\/producto\/vernier-caliper-nib-style-jaw-0-1500mm-005mm-metric\/","title":{"rendered":"Vernier Caliper Nib Style Jaw 0-1500mm, 0,05mm, Metric"},"content":{"rendered":"<p>Vernier Caliper Nib Style Jaw<br \/>\n0-1500mm, 0,05mm, Metric<br \/>\nN\u00famero de art\u00edculo: 160-133<\/p>\n<p>Calibres de gran capacidad de medida disponibles con y sin dispositivo de ajuste fino.<\/p>\n<ul>\n<li>Su nonio superior Offset le permite realizar una lectura interior directa sin necesidad de a\u00f1adir el espesor de sus bocas.<\/li>\n<li>Acabado cromo satinado en escala principal y nonio para una c\u00f3moda lectura.<\/li>\n<\/ul>\n","protected":false},"excerpt":{"rendered":"<ul>\n<li>Rango:<br \/>\n0 &#8211; 1500 mm<\/li>\n<li>Medici\u00f3n de interiores desde:<br \/>\n20.1 mm<\/li>\n<li>Exactitud:<br \/>\n\u00b10,22 mm<\/li>\n<li>Graduaci\u00f3n:<br \/>\n0,05 mm<\/li>\n<li>Peso:<br \/>\n4700 g<\/li>\n<li>Entregado:<br \/>\nIn a box<\/li>\n<li>Digital\/An\u00e1logo:<br \/>\nAn\u00e1logo<\/li>\n<li>pulgadas-m\u00e9trico:<br \/>\nM\u00e9trico<\/li>\n<li>con tornillo de freno en la parte superior:<br \/>\nSi<\/li>\n<li>Funciones:<br \/>\nSin ajuste fino<\/li>\n<\/ul>\n","protected":false},"featured_media":16953,"template":"","meta":{"_acf_changed":false},"pwb-brand":[39],"product_brand":[],"product_cat":[366,57,409,331,38],"product_tag":[],"class_list":{"0":"post-13887","1":"product","2":"type-product","3":"status-publish","4":"has-post-thumbnail","6":"pwb-brand-mitutoyo","7":"product_cat-todos-los-productos","8":"product_cat-calibradores","9":"product_cat-calibradores-analogos","10":"product_cat-instrumentos-de-medicion-y-gestion-de-datos","11":"product_cat-mitutoyo","13":"first","14":"instock","15":"taxable","16":"shipping-taxable","17":"product-type-simple"},"acf":[],"yoast_head":"<!-- This site is optimized with the Yoast SEO plugin v27.2 - https:\/\/yoast.com\/product\/yoast-seo-wordpress\/ -->\n<title>Vernier Caliper Nib Style Jaw 0-1500mm, 0,05mm, Metric - Techmaster de Mexico<\/title>\n<meta name=\"robots\" content=\"index, follow, max-snippet:-1, max-image-preview:large, max-video-preview:-1\" \/>\n<link rel=\"canonical\" href=\"https:\/\/techmasterdemexico.com\/producto\/vernier-caliper-nib-style-jaw-0-1500mm-005mm-metric\/\" \/>\n<meta property=\"og:locale\" content=\"en_US\" \/>\n<meta property=\"og:type\" content=\"article\" \/>\n<meta property=\"og:title\" content=\"Vernier Caliper Nib Style Jaw 0-1500mm, 0,05mm, Metric - Techmaster de Mexico\" \/>\n<meta property=\"og:description\" content=\"Rango: 0 - 1500 mm  Medici\u00f3n de interiores desde: 20.1 mm  Exactitud: \u00b10,22 mm  Graduaci\u00f3n: 0,05 mm  Peso: 4700 g  Entregado: In a box  Digital\/An\u00e1logo: An\u00e1logo  pulgadas-m\u00e9trico: M\u00e9trico  con tornillo de freno en la parte superior: Si  Funciones: Sin ajuste fino\" \/>\n<meta property=\"og:url\" content=\"https:\/\/techmasterdemexico.com\/producto\/vernier-caliper-nib-style-jaw-0-1500mm-005mm-metric\/\" \/>\n<meta property=\"og:site_name\" content=\"Techmaster de Mexico\" \/>\n<meta property=\"article:modified_time\" content=\"2022-01-03T19:49:07+00:00\" \/>\n<meta property=\"og:image\" content=\"https:\/\/techmasterdemexico.com\/wp-content\/uploads\/2021\/12\/160-101_z_jpg.png\" \/>\n\t<meta property=\"og:image:width\" content=\"500\" \/>\n\t<meta property=\"og:image:height\" content=\"500\" \/>\n\t<meta property=\"og:image:type\" content=\"image\/png\" \/>\n<meta name=\"twitter:card\" content=\"summary_large_image\" \/>\n<script type=\"application\/ld+json\" class=\"yoast-schema-graph\">{\"@context\":\"https:\/\/schema.org\",\"@graph\":[{\"@type\":\"WebPage\",\"@id\":\"https:\/\/techmasterdemexico.com\/producto\/vernier-caliper-nib-style-jaw-0-1500mm-005mm-metric\/\",\"url\":\"https:\/\/techmasterdemexico.com\/producto\/vernier-caliper-nib-style-jaw-0-1500mm-005mm-metric\/\",\"name\":\"Vernier Caliper Nib Style Jaw 0-1500mm, 0,05mm, Metric - Techmaster de Mexico\",\"isPartOf\":{\"@id\":\"https:\/\/techmasterdemexico.com\/#website\"},\"primaryImageOfPage\":{\"@id\":\"https:\/\/techmasterdemexico.com\/producto\/vernier-caliper-nib-style-jaw-0-1500mm-005mm-metric\/#primaryimage\"},\"image\":{\"@id\":\"https:\/\/techmasterdemexico.com\/producto\/vernier-caliper-nib-style-jaw-0-1500mm-005mm-metric\/#primaryimage\"},\"thumbnailUrl\":\"https:\/\/techmasterdemexico.com\/wp-content\/uploads\/2021\/12\/160-101_z_jpg.png\",\"datePublished\":\"2021-12-22T00:28:28+00:00\",\"dateModified\":\"2022-01-03T19:49:07+00:00\",\"breadcrumb\":{\"@id\":\"https:\/\/techmasterdemexico.com\/producto\/vernier-caliper-nib-style-jaw-0-1500mm-005mm-metric\/#breadcrumb\"},\"inLanguage\":\"en-US\",\"potentialAction\":[{\"@type\":\"ReadAction\",\"target\":[\"https:\/\/techmasterdemexico.com\/producto\/vernier-caliper-nib-style-jaw-0-1500mm-005mm-metric\/\"]}]},{\"@type\":\"ImageObject\",\"inLanguage\":\"en-US\",\"@id\":\"https:\/\/techmasterdemexico.com\/producto\/vernier-caliper-nib-style-jaw-0-1500mm-005mm-metric\/#primaryimage\",\"url\":\"https:\/\/techmasterdemexico.com\/wp-content\/uploads\/2021\/12\/160-101_z_jpg.png\",\"contentUrl\":\"https:\/\/techmasterdemexico.com\/wp-content\/uploads\/2021\/12\/160-101_z_jpg.png\",\"width\":500,\"height\":500},{\"@type\":\"BreadcrumbList\",\"@id\":\"https:\/\/techmasterdemexico.com\/producto\/vernier-caliper-nib-style-jaw-0-1500mm-005mm-metric\/#breadcrumb\",\"itemListElement\":[{\"@type\":\"ListItem\",\"position\":1,\"name\":\"Portada\",\"item\":\"https:\/\/techmasterdemexico.com\/\"},{\"@type\":\"ListItem\",\"position\":2,\"name\":\"Vernier Caliper Nib Style Jaw 0-1500mm, 0,05mm, Metric\"}]},{\"@type\":\"WebSite\",\"@id\":\"https:\/\/techmasterdemexico.com\/#website\",\"url\":\"https:\/\/techmasterdemexico.com\/\",\"name\":\"Techmaster de Mexico\",\"description\":\"\",\"potentialAction\":[{\"@type\":\"SearchAction\",\"target\":{\"@type\":\"EntryPoint\",\"urlTemplate\":\"https:\/\/techmasterdemexico.com\/?s={search_term_string}\"},\"query-input\":{\"@type\":\"PropertyValueSpecification\",\"valueRequired\":true,\"valueName\":\"search_term_string\"}}],\"inLanguage\":\"en-US\"}]}<\/script>\n<!-- \/ Yoast SEO plugin. -->","yoast_head_json":{"title":"Vernier Caliper Nib Style Jaw 0-1500mm, 0,05mm, Metric - Techmaster de Mexico","robots":{"index":"index","follow":"follow","max-snippet":"max-snippet:-1","max-image-preview":"max-image-preview:large","max-video-preview":"max-video-preview:-1"},"canonical":"https:\/\/techmasterdemexico.com\/producto\/vernier-caliper-nib-style-jaw-0-1500mm-005mm-metric\/","og_locale":"en_US","og_type":"article","og_title":"Vernier Caliper Nib Style Jaw 0-1500mm, 0,05mm, Metric - Techmaster de Mexico","og_description":"Rango: 0 - 1500 mm  Medici\u00f3n de interiores desde: 20.1 mm  Exactitud: \u00b10,22 mm  Graduaci\u00f3n: 0,05 mm  Peso: 4700 g  Entregado: In a box  Digital\/An\u00e1logo: An\u00e1logo  pulgadas-m\u00e9trico: M\u00e9trico  con tornillo de freno en la parte superior: Si  Funciones: Sin ajuste fino","og_url":"https:\/\/techmasterdemexico.com\/producto\/vernier-caliper-nib-style-jaw-0-1500mm-005mm-metric\/","og_site_name":"Techmaster de Mexico","article_modified_time":"2022-01-03T19:49:07+00:00","og_image":[{"width":500,"height":500,"url":"https:\/\/techmasterdemexico.com\/wp-content\/uploads\/2021\/12\/160-101_z_jpg.png","type":"image\/png"}],"twitter_card":"summary_large_image","schema":{"@context":"https:\/\/schema.org","@graph":[{"@type":"WebPage","@id":"https:\/\/techmasterdemexico.com\/producto\/vernier-caliper-nib-style-jaw-0-1500mm-005mm-metric\/","url":"https:\/\/techmasterdemexico.com\/producto\/vernier-caliper-nib-style-jaw-0-1500mm-005mm-metric\/","name":"Vernier Caliper Nib Style Jaw 0-1500mm, 0,05mm, Metric - Techmaster de Mexico","isPartOf":{"@id":"https:\/\/techmasterdemexico.com\/#website"},"primaryImageOfPage":{"@id":"https:\/\/techmasterdemexico.com\/producto\/vernier-caliper-nib-style-jaw-0-1500mm-005mm-metric\/#primaryimage"},"image":{"@id":"https:\/\/techmasterdemexico.com\/producto\/vernier-caliper-nib-style-jaw-0-1500mm-005mm-metric\/#primaryimage"},"thumbnailUrl":"https:\/\/techmasterdemexico.com\/wp-content\/uploads\/2021\/12\/160-101_z_jpg.png","datePublished":"2021-12-22T00:28:28+00:00","dateModified":"2022-01-03T19:49:07+00:00","breadcrumb":{"@id":"https:\/\/techmasterdemexico.com\/producto\/vernier-caliper-nib-style-jaw-0-1500mm-005mm-metric\/#breadcrumb"},"inLanguage":"en-US","potentialAction":[{"@type":"ReadAction","target":["https:\/\/techmasterdemexico.com\/producto\/vernier-caliper-nib-style-jaw-0-1500mm-005mm-metric\/"]}]},{"@type":"ImageObject","inLanguage":"en-US","@id":"https:\/\/techmasterdemexico.com\/producto\/vernier-caliper-nib-style-jaw-0-1500mm-005mm-metric\/#primaryimage","url":"https:\/\/techmasterdemexico.com\/wp-content\/uploads\/2021\/12\/160-101_z_jpg.png","contentUrl":"https:\/\/techmasterdemexico.com\/wp-content\/uploads\/2021\/12\/160-101_z_jpg.png","width":500,"height":500},{"@type":"BreadcrumbList","@id":"https:\/\/techmasterdemexico.com\/producto\/vernier-caliper-nib-style-jaw-0-1500mm-005mm-metric\/#breadcrumb","itemListElement":[{"@type":"ListItem","position":1,"name":"Portada","item":"https:\/\/techmasterdemexico.com\/"},{"@type":"ListItem","position":2,"name":"Vernier Caliper Nib Style Jaw 0-1500mm, 0,05mm, Metric"}]},{"@type":"WebSite","@id":"https:\/\/techmasterdemexico.com\/#website","url":"https:\/\/techmasterdemexico.com\/","name":"Techmaster de Mexico","description":"","potentialAction":[{"@type":"SearchAction","target":{"@type":"EntryPoint","urlTemplate":"https:\/\/techmasterdemexico.com\/?s={search_term_string}"},"query-input":{"@type":"PropertyValueSpecification","valueRequired":true,"valueName":"search_term_string"}}],"inLanguage":"en-US"}]}},"brands":[{"id":39,"name":"Mitutoyo","slug":"mitutoyo"}],"_links":{"self":[{"href":"https:\/\/techmasterdemexico.com\/en\/wp-json\/wp\/v2\/product\/13887","targetHints":{"allow":["GET"]}}],"collection":[{"href":"https:\/\/techmasterdemexico.com\/en\/wp-json\/wp\/v2\/product"}],"about":[{"href":"https:\/\/techmasterdemexico.com\/en\/wp-json\/wp\/v2\/types\/product"}],"wp:featuredmedia":[{"embeddable":true,"href":"https:\/\/techmasterdemexico.com\/en\/wp-json\/wp\/v2\/media\/16953"}],"wp:attachment":[{"href":"https:\/\/techmasterdemexico.com\/en\/wp-json\/wp\/v2\/media?parent=13887"}],"wp:term":[{"taxonomy":"pwb-brand","embeddable":true,"href":"https:\/\/techmasterdemexico.com\/en\/wp-json\/wp\/v2\/pwb-brand?post=13887"},{"taxonomy":"product_brand","embeddable":true,"href":"https:\/\/techmasterdemexico.com\/en\/wp-json\/wp\/v2\/product_brand?post=13887"},{"taxonomy":"product_cat","embeddable":true,"href":"https:\/\/techmasterdemexico.com\/en\/wp-json\/wp\/v2\/product_cat?post=13887"},{"taxonomy":"product_tag","embeddable":true,"href":"https:\/\/techmasterdemexico.com\/en\/wp-json\/wp\/v2\/product_tag?post=13887"}],"curies":[{"name":"wp","href":"https:\/\/api.w.org\/{rel}","templated":true}]}}