{"id":13859,"date":"2021-12-22T00:28:01","date_gmt":"2021-12-22T00:28:01","guid":{"rendered":"https:\/\/techmastermx.ddns.net\/producto\/vernier-caliper-fine-adjustment-0-180mm-002mm-metric-inch\/"},"modified":"2022-01-03T20:42:10","modified_gmt":"2022-01-03T20:42:10","slug":"vernier-caliper-fine-adjustment-0-180mm-002mm-metric-inch","status":"publish","type":"product","link":"https:\/\/techmasterdemexico.com\/en\/producto\/vernier-caliper-fine-adjustment-0-180mm-002mm-metric-inch\/","title":{"rendered":"Vernier Caliper, Fine Adjustment 0-180mm, 0,02mm, Metric\/Inch"},"content":{"rendered":"<p>Vernier Caliper, Fine Adjustment<br \/>\n0-180mm, 0,02mm, Metric\/Inch<br \/>\nN\u00famero de art\u00edculo: 532-120<\/p>\n<p>Calbre pie de rey con ajuste de precisi\u00f3n.<\/p>\n<ul>\n<li>El ajuste fino ayuda en el desplazamiento de la corredera.<\/li>\n<li>Puede medir di\u00e1metros exteriores e interiores, profundiidades, y escalones.<\/li>\n<\/ul>\n","protected":false},"excerpt":{"rendered":"<ul>\n<li>Intervalo:<br \/>\n0 &#8211; 7 Inch<\/li>\n<li>Rango:<br \/>\n0 &#8211; 180 mm<\/li>\n<li>Exactitud:<br \/>\n\u00b10,03 mm\/0.0015&#8243;<\/li>\n<li>Varilla de profundidad:<br \/>\nPlana<\/li>\n<li>Graduaci\u00f3n:<br \/>\n0,02 mm\/ 0,001&#8243;<\/li>\n<li>Peso:<br \/>\n202 g<\/li>\n<li>Entregado:<br \/>\nEn caja blanda<\/li>\n<li>Digital\/An\u00e1logo:<br \/>\nAn\u00e1logo<\/li>\n<li>pulgadas-m\u00e9trico:<br \/>\nmm\/pulg<\/li>\n<\/ul>\n","protected":false},"featured_media":16991,"template":"","meta":{"_acf_changed":false},"pwb-brand":[39],"product_brand":[],"product_cat":[366,57,409,331,38],"product_tag":[],"class_list":{"0":"post-13859","1":"product","2":"type-product","3":"status-publish","4":"has-post-thumbnail","6":"pwb-brand-mitutoyo","7":"product_cat-todos-los-productos","8":"product_cat-calibradores","9":"product_cat-calibradores-analogos","10":"product_cat-instrumentos-de-medicion-y-gestion-de-datos","11":"product_cat-mitutoyo","13":"first","14":"instock","15":"taxable","16":"shipping-taxable","17":"product-type-simple"},"acf":[],"yoast_head":"<!-- This site is optimized with the Yoast SEO plugin v27.2 - https:\/\/yoast.com\/product\/yoast-seo-wordpress\/ -->\n<title>Vernier Caliper, Fine Adjustment 0-180mm, 0,02mm, Metric\/Inch - Techmaster de Mexico<\/title>\n<meta name=\"robots\" content=\"index, follow, max-snippet:-1, max-image-preview:large, max-video-preview:-1\" \/>\n<link rel=\"canonical\" href=\"https:\/\/techmasterdemexico.com\/en\/producto\/vernier-caliper-fine-adjustment-0-180mm-002mm-metric-inch\/\" \/>\n<meta property=\"og:locale\" content=\"en_US\" \/>\n<meta property=\"og:type\" content=\"article\" \/>\n<meta property=\"og:title\" content=\"Vernier Caliper, Fine Adjustment 0-180mm, 0,02mm, Metric\/Inch - Techmaster de Mexico\" \/>\n<meta property=\"og:description\" content=\"Intervalo: 0 - 7 Inch  Rango: 0 - 180 mm  Exactitud: \u00b10,03 mm\/0.0015&quot;  Varilla de profundidad: Plana  Graduaci\u00f3n: 0,02 mm\/ 0,001&quot;  Peso: 202 g  Entregado: En caja blanda  Digital\/An\u00e1logo: An\u00e1logo  pulgadas-m\u00e9trico: mm\/pulg\" \/>\n<meta property=\"og:url\" content=\"https:\/\/techmasterdemexico.com\/en\/producto\/vernier-caliper-fine-adjustment-0-180mm-002mm-metric-inch\/\" \/>\n<meta property=\"og:site_name\" content=\"Techmaster de Mexico\" \/>\n<meta property=\"article:modified_time\" content=\"2022-01-03T20:42:10+00:00\" \/>\n<meta property=\"og:image\" content=\"https:\/\/techmasterdemexico.com\/wp-content\/uploads\/2021\/12\/532-120_jpg.png\" \/>\n\t<meta property=\"og:image:width\" content=\"500\" \/>\n\t<meta property=\"og:image:height\" content=\"500\" \/>\n\t<meta property=\"og:image:type\" content=\"image\/png\" \/>\n<meta name=\"twitter:card\" content=\"summary_large_image\" \/>\n<script type=\"application\/ld+json\" class=\"yoast-schema-graph\">{\"@context\":\"https:\/\/schema.org\",\"@graph\":[{\"@type\":\"WebPage\",\"@id\":\"https:\/\/techmasterdemexico.com\/en\/producto\/vernier-caliper-fine-adjustment-0-180mm-002mm-metric-inch\/\",\"url\":\"https:\/\/techmasterdemexico.com\/en\/producto\/vernier-caliper-fine-adjustment-0-180mm-002mm-metric-inch\/\",\"name\":\"Vernier Caliper, Fine Adjustment 0-180mm, 0,02mm, Metric\/Inch - Techmaster de Mexico\",\"isPartOf\":{\"@id\":\"https:\/\/techmasterdemexico.com\/#website\"},\"primaryImageOfPage\":{\"@id\":\"https:\/\/techmasterdemexico.com\/en\/producto\/vernier-caliper-fine-adjustment-0-180mm-002mm-metric-inch\/#primaryimage\"},\"image\":{\"@id\":\"https:\/\/techmasterdemexico.com\/en\/producto\/vernier-caliper-fine-adjustment-0-180mm-002mm-metric-inch\/#primaryimage\"},\"thumbnailUrl\":\"https:\/\/techmasterdemexico.com\/wp-content\/uploads\/2021\/12\/532-120_jpg.png\",\"datePublished\":\"2021-12-22T00:28:01+00:00\",\"dateModified\":\"2022-01-03T20:42:10+00:00\",\"breadcrumb\":{\"@id\":\"https:\/\/techmasterdemexico.com\/en\/producto\/vernier-caliper-fine-adjustment-0-180mm-002mm-metric-inch\/#breadcrumb\"},\"inLanguage\":\"en-US\",\"potentialAction\":[{\"@type\":\"ReadAction\",\"target\":[\"https:\/\/techmasterdemexico.com\/en\/producto\/vernier-caliper-fine-adjustment-0-180mm-002mm-metric-inch\/\"]}]},{\"@type\":\"ImageObject\",\"inLanguage\":\"en-US\",\"@id\":\"https:\/\/techmasterdemexico.com\/en\/producto\/vernier-caliper-fine-adjustment-0-180mm-002mm-metric-inch\/#primaryimage\",\"url\":\"https:\/\/techmasterdemexico.com\/wp-content\/uploads\/2021\/12\/532-120_jpg.png\",\"contentUrl\":\"https:\/\/techmasterdemexico.com\/wp-content\/uploads\/2021\/12\/532-120_jpg.png\",\"width\":500,\"height\":500},{\"@type\":\"BreadcrumbList\",\"@id\":\"https:\/\/techmasterdemexico.com\/en\/producto\/vernier-caliper-fine-adjustment-0-180mm-002mm-metric-inch\/#breadcrumb\",\"itemListElement\":[{\"@type\":\"ListItem\",\"position\":1,\"name\":\"Portada\",\"item\":\"https:\/\/techmasterdemexico.com\/\"},{\"@type\":\"ListItem\",\"position\":2,\"name\":\"Vernier Caliper, Fine Adjustment 0-180mm, 0,02mm, Metric\/Inch\"}]},{\"@type\":\"WebSite\",\"@id\":\"https:\/\/techmasterdemexico.com\/#website\",\"url\":\"https:\/\/techmasterdemexico.com\/\",\"name\":\"Techmaster de Mexico\",\"description\":\"\",\"potentialAction\":[{\"@type\":\"SearchAction\",\"target\":{\"@type\":\"EntryPoint\",\"urlTemplate\":\"https:\/\/techmasterdemexico.com\/?s={search_term_string}\"},\"query-input\":{\"@type\":\"PropertyValueSpecification\",\"valueRequired\":true,\"valueName\":\"search_term_string\"}}],\"inLanguage\":\"en-US\"}]}<\/script>\n<!-- \/ Yoast SEO plugin. -->","yoast_head_json":{"title":"Vernier Caliper, Fine Adjustment 0-180mm, 0,02mm, Metric\/Inch - Techmaster de Mexico","robots":{"index":"index","follow":"follow","max-snippet":"max-snippet:-1","max-image-preview":"max-image-preview:large","max-video-preview":"max-video-preview:-1"},"canonical":"https:\/\/techmasterdemexico.com\/en\/producto\/vernier-caliper-fine-adjustment-0-180mm-002mm-metric-inch\/","og_locale":"en_US","og_type":"article","og_title":"Vernier Caliper, Fine Adjustment 0-180mm, 0,02mm, Metric\/Inch - Techmaster de Mexico","og_description":"Intervalo: 0 - 7 Inch  Rango: 0 - 180 mm  Exactitud: \u00b10,03 mm\/0.0015\"  Varilla de profundidad: Plana  Graduaci\u00f3n: 0,02 mm\/ 0,001\"  Peso: 202 g  Entregado: En caja blanda  Digital\/An\u00e1logo: An\u00e1logo  pulgadas-m\u00e9trico: mm\/pulg","og_url":"https:\/\/techmasterdemexico.com\/en\/producto\/vernier-caliper-fine-adjustment-0-180mm-002mm-metric-inch\/","og_site_name":"Techmaster de Mexico","article_modified_time":"2022-01-03T20:42:10+00:00","og_image":[{"width":500,"height":500,"url":"https:\/\/techmasterdemexico.com\/wp-content\/uploads\/2021\/12\/532-120_jpg.png","type":"image\/png"}],"twitter_card":"summary_large_image","schema":{"@context":"https:\/\/schema.org","@graph":[{"@type":"WebPage","@id":"https:\/\/techmasterdemexico.com\/en\/producto\/vernier-caliper-fine-adjustment-0-180mm-002mm-metric-inch\/","url":"https:\/\/techmasterdemexico.com\/en\/producto\/vernier-caliper-fine-adjustment-0-180mm-002mm-metric-inch\/","name":"Vernier Caliper, Fine Adjustment 0-180mm, 0,02mm, Metric\/Inch - Techmaster de Mexico","isPartOf":{"@id":"https:\/\/techmasterdemexico.com\/#website"},"primaryImageOfPage":{"@id":"https:\/\/techmasterdemexico.com\/en\/producto\/vernier-caliper-fine-adjustment-0-180mm-002mm-metric-inch\/#primaryimage"},"image":{"@id":"https:\/\/techmasterdemexico.com\/en\/producto\/vernier-caliper-fine-adjustment-0-180mm-002mm-metric-inch\/#primaryimage"},"thumbnailUrl":"https:\/\/techmasterdemexico.com\/wp-content\/uploads\/2021\/12\/532-120_jpg.png","datePublished":"2021-12-22T00:28:01+00:00","dateModified":"2022-01-03T20:42:10+00:00","breadcrumb":{"@id":"https:\/\/techmasterdemexico.com\/en\/producto\/vernier-caliper-fine-adjustment-0-180mm-002mm-metric-inch\/#breadcrumb"},"inLanguage":"en-US","potentialAction":[{"@type":"ReadAction","target":["https:\/\/techmasterdemexico.com\/en\/producto\/vernier-caliper-fine-adjustment-0-180mm-002mm-metric-inch\/"]}]},{"@type":"ImageObject","inLanguage":"en-US","@id":"https:\/\/techmasterdemexico.com\/en\/producto\/vernier-caliper-fine-adjustment-0-180mm-002mm-metric-inch\/#primaryimage","url":"https:\/\/techmasterdemexico.com\/wp-content\/uploads\/2021\/12\/532-120_jpg.png","contentUrl":"https:\/\/techmasterdemexico.com\/wp-content\/uploads\/2021\/12\/532-120_jpg.png","width":500,"height":500},{"@type":"BreadcrumbList","@id":"https:\/\/techmasterdemexico.com\/en\/producto\/vernier-caliper-fine-adjustment-0-180mm-002mm-metric-inch\/#breadcrumb","itemListElement":[{"@type":"ListItem","position":1,"name":"Portada","item":"https:\/\/techmasterdemexico.com\/"},{"@type":"ListItem","position":2,"name":"Vernier Caliper, Fine Adjustment 0-180mm, 0,02mm, Metric\/Inch"}]},{"@type":"WebSite","@id":"https:\/\/techmasterdemexico.com\/#website","url":"https:\/\/techmasterdemexico.com\/","name":"Techmaster de Mexico","description":"","potentialAction":[{"@type":"SearchAction","target":{"@type":"EntryPoint","urlTemplate":"https:\/\/techmasterdemexico.com\/?s={search_term_string}"},"query-input":{"@type":"PropertyValueSpecification","valueRequired":true,"valueName":"search_term_string"}}],"inLanguage":"en-US"}]}},"brands":[{"id":39,"name":"Mitutoyo","slug":"mitutoyo"}],"_links":{"self":[{"href":"https:\/\/techmasterdemexico.com\/en\/wp-json\/wp\/v2\/product\/13859","targetHints":{"allow":["GET"]}}],"collection":[{"href":"https:\/\/techmasterdemexico.com\/en\/wp-json\/wp\/v2\/product"}],"about":[{"href":"https:\/\/techmasterdemexico.com\/en\/wp-json\/wp\/v2\/types\/product"}],"wp:featuredmedia":[{"embeddable":true,"href":"https:\/\/techmasterdemexico.com\/en\/wp-json\/wp\/v2\/media\/16991"}],"wp:attachment":[{"href":"https:\/\/techmasterdemexico.com\/en\/wp-json\/wp\/v2\/media?parent=13859"}],"wp:term":[{"taxonomy":"pwb-brand","embeddable":true,"href":"https:\/\/techmasterdemexico.com\/en\/wp-json\/wp\/v2\/pwb-brand?post=13859"},{"taxonomy":"product_brand","embeddable":true,"href":"https:\/\/techmasterdemexico.com\/en\/wp-json\/wp\/v2\/product_brand?post=13859"},{"taxonomy":"product_cat","embeddable":true,"href":"https:\/\/techmasterdemexico.com\/en\/wp-json\/wp\/v2\/product_cat?post=13859"},{"taxonomy":"product_tag","embeddable":true,"href":"https:\/\/techmasterdemexico.com\/en\/wp-json\/wp\/v2\/product_tag?post=13859"}],"curies":[{"name":"wp","href":"https:\/\/api.w.org\/{rel}","templated":true}]}}