{"id":13853,"date":"2021-12-22T00:27:55","date_gmt":"2021-12-22T00:27:55","guid":{"rendered":"https:\/\/techmastermx.ddns.net\/producto\/calibrador-vernier-0-1000mm-metrico\/"},"modified":"2022-01-03T21:00:07","modified_gmt":"2022-01-03T21:00:07","slug":"calibrador-vernier-0-1000mm-metrico","status":"publish","type":"product","link":"https:\/\/techmasterdemexico.com\/en\/producto\/calibrador-vernier-0-1000mm-metrico\/","title":{"rendered":"Calibrador Vernier 0-1000mm, M\u00e9trico"},"content":{"rendered":"<p>Calibrador Vernier<br \/>\n0-1000mm, M\u00e9trico<br \/>\nN\u00famero de art\u00edculo: 530-502<\/p>\n<p>&nbsp;<\/p>\n<p>Este es un Calibrador Vernier est\u00e1ndar que le ofrece los siguientes beneficios:<\/p>\n<ul>\n<li>Su acabado en cromo satinado de escala principal y vernier le brinda una alta legibilidad.<\/li>\n<li>Superficies deslizantes elevadas<\/li>\n<\/ul>\n","protected":false},"excerpt":{"rendered":"<ul>\n<li>Rango:<br \/>\n0 &#8211; 1000 mm<\/li>\n<li>Varilla de profundidad:<br \/>\nsin<\/li>\n<li>Graduaci\u00f3n:<br \/>\n0,05 mm<\/li>\n<li>Peso:<br \/>\n3300 g<\/li>\n<li>Entregado:<br \/>\nEn caja blanda<\/li>\n<li>Digital\/An\u00e1logo:<br \/>\nAn\u00e1logo<\/li>\n<li>pulgadas-m\u00e9trico:<br \/>\nM\u00e9trico<\/li>\n<li>con tornillo de freno en la parte superior:<br \/>\nSi<\/li>\n<\/ul>\n","protected":false},"featured_media":17005,"template":"","meta":{"_acf_changed":false},"pwb-brand":[39],"product_brand":[],"product_cat":[366,57,409,331,38],"product_tag":[],"class_list":{"0":"post-13853","1":"product","2":"type-product","3":"status-publish","4":"has-post-thumbnail","6":"pwb-brand-mitutoyo","7":"product_cat-todos-los-productos","8":"product_cat-calibradores","9":"product_cat-calibradores-analogos","10":"product_cat-instrumentos-de-medicion-y-gestion-de-datos","11":"product_cat-mitutoyo","13":"first","14":"instock","15":"taxable","16":"shipping-taxable","17":"product-type-simple"},"acf":[],"yoast_head":"<!-- This site is optimized with the Yoast SEO plugin v27.2 - https:\/\/yoast.com\/product\/yoast-seo-wordpress\/ -->\n<title>Calibrador Vernier 0-1000mm, M\u00e9trico - Techmaster de Mexico<\/title>\n<meta name=\"robots\" content=\"index, follow, max-snippet:-1, max-image-preview:large, max-video-preview:-1\" \/>\n<link rel=\"canonical\" href=\"https:\/\/techmasterdemexico.com\/producto\/calibrador-vernier-0-1000mm-metrico\/\" \/>\n<meta property=\"og:locale\" content=\"en_US\" \/>\n<meta property=\"og:type\" content=\"article\" \/>\n<meta property=\"og:title\" content=\"Calibrador Vernier 0-1000mm, M\u00e9trico - Techmaster de Mexico\" \/>\n<meta property=\"og:description\" content=\"Rango: 0 - 1000 mm  Varilla de profundidad: sin  Graduaci\u00f3n: 0,05 mm  Peso: 3300 g  Entregado: En caja blanda  Digital\/An\u00e1logo: An\u00e1logo  pulgadas-m\u00e9trico: M\u00e9trico  con tornillo de freno en la parte superior: Si\" \/>\n<meta property=\"og:url\" content=\"https:\/\/techmasterdemexico.com\/producto\/calibrador-vernier-0-1000mm-metrico\/\" \/>\n<meta property=\"og:site_name\" content=\"Techmaster de Mexico\" \/>\n<meta property=\"article:modified_time\" content=\"2022-01-03T21:00:07+00:00\" \/>\n<meta property=\"og:image\" content=\"https:\/\/techmasterdemexico.com\/wp-content\/uploads\/2021\/12\/530-502_jpg.png\" \/>\n\t<meta property=\"og:image:width\" content=\"500\" \/>\n\t<meta property=\"og:image:height\" content=\"500\" \/>\n\t<meta property=\"og:image:type\" content=\"image\/png\" \/>\n<meta name=\"twitter:card\" content=\"summary_large_image\" \/>\n<script type=\"application\/ld+json\" class=\"yoast-schema-graph\">{\"@context\":\"https:\/\/schema.org\",\"@graph\":[{\"@type\":\"WebPage\",\"@id\":\"https:\/\/techmasterdemexico.com\/producto\/calibrador-vernier-0-1000mm-metrico\/\",\"url\":\"https:\/\/techmasterdemexico.com\/producto\/calibrador-vernier-0-1000mm-metrico\/\",\"name\":\"Calibrador Vernier 0-1000mm, M\u00e9trico - Techmaster de Mexico\",\"isPartOf\":{\"@id\":\"https:\/\/techmasterdemexico.com\/#website\"},\"primaryImageOfPage\":{\"@id\":\"https:\/\/techmasterdemexico.com\/producto\/calibrador-vernier-0-1000mm-metrico\/#primaryimage\"},\"image\":{\"@id\":\"https:\/\/techmasterdemexico.com\/producto\/calibrador-vernier-0-1000mm-metrico\/#primaryimage\"},\"thumbnailUrl\":\"https:\/\/techmasterdemexico.com\/wp-content\/uploads\/2021\/12\/530-502_jpg.png\",\"datePublished\":\"2021-12-22T00:27:55+00:00\",\"dateModified\":\"2022-01-03T21:00:07+00:00\",\"breadcrumb\":{\"@id\":\"https:\/\/techmasterdemexico.com\/producto\/calibrador-vernier-0-1000mm-metrico\/#breadcrumb\"},\"inLanguage\":\"en-US\",\"potentialAction\":[{\"@type\":\"ReadAction\",\"target\":[\"https:\/\/techmasterdemexico.com\/producto\/calibrador-vernier-0-1000mm-metrico\/\"]}]},{\"@type\":\"ImageObject\",\"inLanguage\":\"en-US\",\"@id\":\"https:\/\/techmasterdemexico.com\/producto\/calibrador-vernier-0-1000mm-metrico\/#primaryimage\",\"url\":\"https:\/\/techmasterdemexico.com\/wp-content\/uploads\/2021\/12\/530-502_jpg.png\",\"contentUrl\":\"https:\/\/techmasterdemexico.com\/wp-content\/uploads\/2021\/12\/530-502_jpg.png\",\"width\":500,\"height\":500},{\"@type\":\"BreadcrumbList\",\"@id\":\"https:\/\/techmasterdemexico.com\/producto\/calibrador-vernier-0-1000mm-metrico\/#breadcrumb\",\"itemListElement\":[{\"@type\":\"ListItem\",\"position\":1,\"name\":\"Portada\",\"item\":\"https:\/\/techmasterdemexico.com\/\"},{\"@type\":\"ListItem\",\"position\":2,\"name\":\"Calibrador Vernier 0-1000mm, M\u00e9trico\"}]},{\"@type\":\"WebSite\",\"@id\":\"https:\/\/techmasterdemexico.com\/#website\",\"url\":\"https:\/\/techmasterdemexico.com\/\",\"name\":\"Techmaster de Mexico\",\"description\":\"\",\"potentialAction\":[{\"@type\":\"SearchAction\",\"target\":{\"@type\":\"EntryPoint\",\"urlTemplate\":\"https:\/\/techmasterdemexico.com\/?s={search_term_string}\"},\"query-input\":{\"@type\":\"PropertyValueSpecification\",\"valueRequired\":true,\"valueName\":\"search_term_string\"}}],\"inLanguage\":\"en-US\"}]}<\/script>\n<!-- \/ Yoast SEO plugin. -->","yoast_head_json":{"title":"Calibrador Vernier 0-1000mm, M\u00e9trico - Techmaster de Mexico","robots":{"index":"index","follow":"follow","max-snippet":"max-snippet:-1","max-image-preview":"max-image-preview:large","max-video-preview":"max-video-preview:-1"},"canonical":"https:\/\/techmasterdemexico.com\/producto\/calibrador-vernier-0-1000mm-metrico\/","og_locale":"en_US","og_type":"article","og_title":"Calibrador Vernier 0-1000mm, M\u00e9trico - Techmaster de Mexico","og_description":"Rango: 0 - 1000 mm  Varilla de profundidad: sin  Graduaci\u00f3n: 0,05 mm  Peso: 3300 g  Entregado: En caja blanda  Digital\/An\u00e1logo: An\u00e1logo  pulgadas-m\u00e9trico: M\u00e9trico  con tornillo de freno en la parte superior: Si","og_url":"https:\/\/techmasterdemexico.com\/producto\/calibrador-vernier-0-1000mm-metrico\/","og_site_name":"Techmaster de Mexico","article_modified_time":"2022-01-03T21:00:07+00:00","og_image":[{"width":500,"height":500,"url":"https:\/\/techmasterdemexico.com\/wp-content\/uploads\/2021\/12\/530-502_jpg.png","type":"image\/png"}],"twitter_card":"summary_large_image","schema":{"@context":"https:\/\/schema.org","@graph":[{"@type":"WebPage","@id":"https:\/\/techmasterdemexico.com\/producto\/calibrador-vernier-0-1000mm-metrico\/","url":"https:\/\/techmasterdemexico.com\/producto\/calibrador-vernier-0-1000mm-metrico\/","name":"Calibrador Vernier 0-1000mm, M\u00e9trico - Techmaster de Mexico","isPartOf":{"@id":"https:\/\/techmasterdemexico.com\/#website"},"primaryImageOfPage":{"@id":"https:\/\/techmasterdemexico.com\/producto\/calibrador-vernier-0-1000mm-metrico\/#primaryimage"},"image":{"@id":"https:\/\/techmasterdemexico.com\/producto\/calibrador-vernier-0-1000mm-metrico\/#primaryimage"},"thumbnailUrl":"https:\/\/techmasterdemexico.com\/wp-content\/uploads\/2021\/12\/530-502_jpg.png","datePublished":"2021-12-22T00:27:55+00:00","dateModified":"2022-01-03T21:00:07+00:00","breadcrumb":{"@id":"https:\/\/techmasterdemexico.com\/producto\/calibrador-vernier-0-1000mm-metrico\/#breadcrumb"},"inLanguage":"en-US","potentialAction":[{"@type":"ReadAction","target":["https:\/\/techmasterdemexico.com\/producto\/calibrador-vernier-0-1000mm-metrico\/"]}]},{"@type":"ImageObject","inLanguage":"en-US","@id":"https:\/\/techmasterdemexico.com\/producto\/calibrador-vernier-0-1000mm-metrico\/#primaryimage","url":"https:\/\/techmasterdemexico.com\/wp-content\/uploads\/2021\/12\/530-502_jpg.png","contentUrl":"https:\/\/techmasterdemexico.com\/wp-content\/uploads\/2021\/12\/530-502_jpg.png","width":500,"height":500},{"@type":"BreadcrumbList","@id":"https:\/\/techmasterdemexico.com\/producto\/calibrador-vernier-0-1000mm-metrico\/#breadcrumb","itemListElement":[{"@type":"ListItem","position":1,"name":"Portada","item":"https:\/\/techmasterdemexico.com\/"},{"@type":"ListItem","position":2,"name":"Calibrador Vernier 0-1000mm, M\u00e9trico"}]},{"@type":"WebSite","@id":"https:\/\/techmasterdemexico.com\/#website","url":"https:\/\/techmasterdemexico.com\/","name":"Techmaster de Mexico","description":"","potentialAction":[{"@type":"SearchAction","target":{"@type":"EntryPoint","urlTemplate":"https:\/\/techmasterdemexico.com\/?s={search_term_string}"},"query-input":{"@type":"PropertyValueSpecification","valueRequired":true,"valueName":"search_term_string"}}],"inLanguage":"en-US"}]}},"brands":[{"id":39,"name":"Mitutoyo","slug":"mitutoyo"}],"_links":{"self":[{"href":"https:\/\/techmasterdemexico.com\/en\/wp-json\/wp\/v2\/product\/13853","targetHints":{"allow":["GET"]}}],"collection":[{"href":"https:\/\/techmasterdemexico.com\/en\/wp-json\/wp\/v2\/product"}],"about":[{"href":"https:\/\/techmasterdemexico.com\/en\/wp-json\/wp\/v2\/types\/product"}],"wp:featuredmedia":[{"embeddable":true,"href":"https:\/\/techmasterdemexico.com\/en\/wp-json\/wp\/v2\/media\/17005"}],"wp:attachment":[{"href":"https:\/\/techmasterdemexico.com\/en\/wp-json\/wp\/v2\/media?parent=13853"}],"wp:term":[{"taxonomy":"pwb-brand","embeddable":true,"href":"https:\/\/techmasterdemexico.com\/en\/wp-json\/wp\/v2\/pwb-brand?post=13853"},{"taxonomy":"product_brand","embeddable":true,"href":"https:\/\/techmasterdemexico.com\/en\/wp-json\/wp\/v2\/product_brand?post=13853"},{"taxonomy":"product_cat","embeddable":true,"href":"https:\/\/techmasterdemexico.com\/en\/wp-json\/wp\/v2\/product_cat?post=13853"},{"taxonomy":"product_tag","embeddable":true,"href":"https:\/\/techmasterdemexico.com\/en\/wp-json\/wp\/v2\/product_tag?post=13853"}],"curies":[{"name":"wp","href":"https:\/\/api.w.org\/{rel}","templated":true}]}}