{"id":13823,"date":"2021-12-22T00:27:15","date_gmt":"2021-12-22T00:27:15","guid":{"rendered":"https:\/\/techmastermx.ddns.net\/producto\/dial-caliper-id-od-carbide-tipped-jaws-0-8-0001-01-rev-inch\/"},"modified":"2022-01-03T22:05:47","modified_gmt":"2022-01-03T22:05:47","slug":"dial-caliper-id-od-carbide-tipped-jaws-0-8-0001-01-rev-inch","status":"publish","type":"product","link":"https:\/\/techmasterdemexico.com\/en\/producto\/dial-caliper-id-od-carbide-tipped-jaws-0-8-0001-01-rev-inch\/","title":{"rendered":"Dial Caliper ID\/OD Carbide Tipped Jaws 0-8&#8243;, 0,001&#8243;, 0,1&#8243;\/rev., Inch"},"content":{"rendered":"<p>Dial Caliper ID\/OD Carbide Tipped Jaws<br \/>\n0-8&#8243;, 0,001&#8243;, 0,1&#8243;\/rev., Inch<br \/>\nN\u00famero de art\u00edculo: 505-739<\/p>\n<p>&nbsp;<\/p>\n<p>Este Calibrador de car\u00e1tula en pulgadas le permite tomar medidas confiables y le ofrece los siguientes beneficios:<\/p>\n<ul>\n<li>Deslizamiento ultra suave y alta protecci\u00f3n contra golpes<\/li>\n<li>Car\u00e1tula amarilla f\u00e1cil de leer con gran altura de caracteres<\/li>\n<\/ul>\n","protected":false},"excerpt":{"rendered":"<ul>\n<li>Intervalo:<br \/>\n0-8 Inch<\/li>\n<li>Varilla de profundidad:<br \/>\nPlana<\/li>\n<li>Graduaci\u00f3n:<br \/>\n0,001&#8243;<br \/>\n0,2&#8243;\/rev<\/li>\n<li>Observaciones:<br \/>\nCarbide-tipped jaws for outside and inside<\/li>\n<li>Peso:<br \/>\n185 g<\/li>\n<li>Entregado:<br \/>\nIn a box<\/li>\n<li>Rodillo de accionamiento:<br \/>\nSi<\/li>\n<li>Tornillo de bloqueo:<br \/>\nSi<\/li>\n<li>Digital\/An\u00e1logo:<br \/>\nAn\u00e1logo<\/li>\n<li>pulgadas-m\u00e9trico:<br \/>\nPulgadas<\/li>\n<li>Exactitud:<br \/>\n\u00b10,002&#8243;<\/li>\n<li>Funciones:<br \/>\nCarbide-tipped jaws for outside\/inside measurement<\/li>\n<\/ul>\n","protected":false},"featured_media":17055,"template":"","meta":{"_acf_changed":false},"pwb-brand":[39],"product_brand":[],"product_cat":[366,57,409,331,38],"product_tag":[],"class_list":{"0":"post-13823","1":"product","2":"type-product","3":"status-publish","4":"has-post-thumbnail","6":"pwb-brand-mitutoyo","7":"product_cat-todos-los-productos","8":"product_cat-calibradores","9":"product_cat-calibradores-analogos","10":"product_cat-instrumentos-de-medicion-y-gestion-de-datos","11":"product_cat-mitutoyo","13":"first","14":"instock","15":"taxable","16":"shipping-taxable","17":"product-type-simple"},"acf":[],"yoast_head":"<!-- This site is optimized with the Yoast SEO plugin v27.2 - https:\/\/yoast.com\/product\/yoast-seo-wordpress\/ -->\n<title>Dial Caliper ID\/OD Carbide Tipped Jaws 0-8&quot;, 0,001&quot;, 0,1&quot;\/rev., Inch - Techmaster de Mexico<\/title>\n<meta name=\"robots\" content=\"index, follow, max-snippet:-1, max-image-preview:large, max-video-preview:-1\" \/>\n<link rel=\"canonical\" href=\"https:\/\/techmasterdemexico.com\/producto\/dial-caliper-id-od-carbide-tipped-jaws-0-8-0001-01-rev-inch\/\" \/>\n<meta property=\"og:locale\" content=\"en_US\" \/>\n<meta property=\"og:type\" content=\"article\" \/>\n<meta property=\"og:title\" content=\"Dial Caliper ID\/OD Carbide Tipped Jaws 0-8&quot;, 0,001&quot;, 0,1&quot;\/rev., Inch - Techmaster de Mexico\" \/>\n<meta property=\"og:description\" content=\"Intervalo: 0-8 Inch  Varilla de profundidad: Plana  Graduaci\u00f3n: 0,001&quot; 0,2&quot;\/rev  Observaciones: Carbide-tipped jaws for outside and inside  Peso: 185 g  Entregado: In a box  Rodillo de accionamiento: Si  Tornillo de bloqueo: Si  Digital\/An\u00e1logo: An\u00e1logo  pulgadas-m\u00e9trico: Pulgadas  Exactitud: \u00b10,002&quot;  Funciones: Carbide-tipped jaws for outside\/inside measurement\" \/>\n<meta property=\"og:url\" content=\"https:\/\/techmasterdemexico.com\/producto\/dial-caliper-id-od-carbide-tipped-jaws-0-8-0001-01-rev-inch\/\" \/>\n<meta property=\"og:site_name\" content=\"Techmaster de Mexico\" \/>\n<meta property=\"article:modified_time\" content=\"2022-01-03T22:05:47+00:00\" \/>\n<meta property=\"og:image\" content=\"https:\/\/techmasterdemexico.com\/wp-content\/uploads\/2021\/12\/505-738_jpg.png\" \/>\n\t<meta property=\"og:image:width\" content=\"500\" \/>\n\t<meta property=\"og:image:height\" content=\"500\" \/>\n\t<meta property=\"og:image:type\" content=\"image\/png\" \/>\n<meta name=\"twitter:card\" content=\"summary_large_image\" \/>\n<script type=\"application\/ld+json\" class=\"yoast-schema-graph\">{\"@context\":\"https:\/\/schema.org\",\"@graph\":[{\"@type\":\"WebPage\",\"@id\":\"https:\/\/techmasterdemexico.com\/producto\/dial-caliper-id-od-carbide-tipped-jaws-0-8-0001-01-rev-inch\/\",\"url\":\"https:\/\/techmasterdemexico.com\/producto\/dial-caliper-id-od-carbide-tipped-jaws-0-8-0001-01-rev-inch\/\",\"name\":\"Dial Caliper ID\/OD Carbide Tipped Jaws 0-8\\\", 0,001\\\", 0,1\\\"\/rev., Inch - Techmaster de Mexico\",\"isPartOf\":{\"@id\":\"https:\/\/techmasterdemexico.com\/#website\"},\"primaryImageOfPage\":{\"@id\":\"https:\/\/techmasterdemexico.com\/producto\/dial-caliper-id-od-carbide-tipped-jaws-0-8-0001-01-rev-inch\/#primaryimage\"},\"image\":{\"@id\":\"https:\/\/techmasterdemexico.com\/producto\/dial-caliper-id-od-carbide-tipped-jaws-0-8-0001-01-rev-inch\/#primaryimage\"},\"thumbnailUrl\":\"https:\/\/techmasterdemexico.com\/wp-content\/uploads\/2021\/12\/505-738_jpg.png\",\"datePublished\":\"2021-12-22T00:27:15+00:00\",\"dateModified\":\"2022-01-03T22:05:47+00:00\",\"breadcrumb\":{\"@id\":\"https:\/\/techmasterdemexico.com\/producto\/dial-caliper-id-od-carbide-tipped-jaws-0-8-0001-01-rev-inch\/#breadcrumb\"},\"inLanguage\":\"en-US\",\"potentialAction\":[{\"@type\":\"ReadAction\",\"target\":[\"https:\/\/techmasterdemexico.com\/producto\/dial-caliper-id-od-carbide-tipped-jaws-0-8-0001-01-rev-inch\/\"]}]},{\"@type\":\"ImageObject\",\"inLanguage\":\"en-US\",\"@id\":\"https:\/\/techmasterdemexico.com\/producto\/dial-caliper-id-od-carbide-tipped-jaws-0-8-0001-01-rev-inch\/#primaryimage\",\"url\":\"https:\/\/techmasterdemexico.com\/wp-content\/uploads\/2021\/12\/505-738_jpg.png\",\"contentUrl\":\"https:\/\/techmasterdemexico.com\/wp-content\/uploads\/2021\/12\/505-738_jpg.png\",\"width\":500,\"height\":500},{\"@type\":\"BreadcrumbList\",\"@id\":\"https:\/\/techmasterdemexico.com\/producto\/dial-caliper-id-od-carbide-tipped-jaws-0-8-0001-01-rev-inch\/#breadcrumb\",\"itemListElement\":[{\"@type\":\"ListItem\",\"position\":1,\"name\":\"Portada\",\"item\":\"https:\/\/techmasterdemexico.com\/\"},{\"@type\":\"ListItem\",\"position\":2,\"name\":\"Dial Caliper ID\/OD Carbide Tipped Jaws 0-8&#8243;, 0,001&#8243;, 0,1&#8243;\/rev., Inch\"}]},{\"@type\":\"WebSite\",\"@id\":\"https:\/\/techmasterdemexico.com\/#website\",\"url\":\"https:\/\/techmasterdemexico.com\/\",\"name\":\"Techmaster de Mexico\",\"description\":\"\",\"potentialAction\":[{\"@type\":\"SearchAction\",\"target\":{\"@type\":\"EntryPoint\",\"urlTemplate\":\"https:\/\/techmasterdemexico.com\/?s={search_term_string}\"},\"query-input\":{\"@type\":\"PropertyValueSpecification\",\"valueRequired\":true,\"valueName\":\"search_term_string\"}}],\"inLanguage\":\"en-US\"}]}<\/script>\n<!-- \/ Yoast SEO plugin. -->","yoast_head_json":{"title":"Dial Caliper ID\/OD Carbide Tipped Jaws 0-8\", 0,001\", 0,1\"\/rev., Inch - Techmaster de Mexico","robots":{"index":"index","follow":"follow","max-snippet":"max-snippet:-1","max-image-preview":"max-image-preview:large","max-video-preview":"max-video-preview:-1"},"canonical":"https:\/\/techmasterdemexico.com\/producto\/dial-caliper-id-od-carbide-tipped-jaws-0-8-0001-01-rev-inch\/","og_locale":"en_US","og_type":"article","og_title":"Dial Caliper ID\/OD Carbide Tipped Jaws 0-8\", 0,001\", 0,1\"\/rev., Inch - Techmaster de Mexico","og_description":"Intervalo: 0-8 Inch  Varilla de profundidad: Plana  Graduaci\u00f3n: 0,001\" 0,2\"\/rev  Observaciones: Carbide-tipped jaws for outside and inside  Peso: 185 g  Entregado: In a box  Rodillo de accionamiento: Si  Tornillo de bloqueo: Si  Digital\/An\u00e1logo: An\u00e1logo  pulgadas-m\u00e9trico: Pulgadas  Exactitud: \u00b10,002\"  Funciones: Carbide-tipped jaws for outside\/inside measurement","og_url":"https:\/\/techmasterdemexico.com\/producto\/dial-caliper-id-od-carbide-tipped-jaws-0-8-0001-01-rev-inch\/","og_site_name":"Techmaster de Mexico","article_modified_time":"2022-01-03T22:05:47+00:00","og_image":[{"width":500,"height":500,"url":"https:\/\/techmasterdemexico.com\/wp-content\/uploads\/2021\/12\/505-738_jpg.png","type":"image\/png"}],"twitter_card":"summary_large_image","schema":{"@context":"https:\/\/schema.org","@graph":[{"@type":"WebPage","@id":"https:\/\/techmasterdemexico.com\/producto\/dial-caliper-id-od-carbide-tipped-jaws-0-8-0001-01-rev-inch\/","url":"https:\/\/techmasterdemexico.com\/producto\/dial-caliper-id-od-carbide-tipped-jaws-0-8-0001-01-rev-inch\/","name":"Dial Caliper ID\/OD Carbide Tipped Jaws 0-8\", 0,001\", 0,1\"\/rev., Inch - Techmaster de Mexico","isPartOf":{"@id":"https:\/\/techmasterdemexico.com\/#website"},"primaryImageOfPage":{"@id":"https:\/\/techmasterdemexico.com\/producto\/dial-caliper-id-od-carbide-tipped-jaws-0-8-0001-01-rev-inch\/#primaryimage"},"image":{"@id":"https:\/\/techmasterdemexico.com\/producto\/dial-caliper-id-od-carbide-tipped-jaws-0-8-0001-01-rev-inch\/#primaryimage"},"thumbnailUrl":"https:\/\/techmasterdemexico.com\/wp-content\/uploads\/2021\/12\/505-738_jpg.png","datePublished":"2021-12-22T00:27:15+00:00","dateModified":"2022-01-03T22:05:47+00:00","breadcrumb":{"@id":"https:\/\/techmasterdemexico.com\/producto\/dial-caliper-id-od-carbide-tipped-jaws-0-8-0001-01-rev-inch\/#breadcrumb"},"inLanguage":"en-US","potentialAction":[{"@type":"ReadAction","target":["https:\/\/techmasterdemexico.com\/producto\/dial-caliper-id-od-carbide-tipped-jaws-0-8-0001-01-rev-inch\/"]}]},{"@type":"ImageObject","inLanguage":"en-US","@id":"https:\/\/techmasterdemexico.com\/producto\/dial-caliper-id-od-carbide-tipped-jaws-0-8-0001-01-rev-inch\/#primaryimage","url":"https:\/\/techmasterdemexico.com\/wp-content\/uploads\/2021\/12\/505-738_jpg.png","contentUrl":"https:\/\/techmasterdemexico.com\/wp-content\/uploads\/2021\/12\/505-738_jpg.png","width":500,"height":500},{"@type":"BreadcrumbList","@id":"https:\/\/techmasterdemexico.com\/producto\/dial-caliper-id-od-carbide-tipped-jaws-0-8-0001-01-rev-inch\/#breadcrumb","itemListElement":[{"@type":"ListItem","position":1,"name":"Portada","item":"https:\/\/techmasterdemexico.com\/"},{"@type":"ListItem","position":2,"name":"Dial Caliper ID\/OD Carbide Tipped Jaws 0-8&#8243;, 0,001&#8243;, 0,1&#8243;\/rev., Inch"}]},{"@type":"WebSite","@id":"https:\/\/techmasterdemexico.com\/#website","url":"https:\/\/techmasterdemexico.com\/","name":"Techmaster de Mexico","description":"","potentialAction":[{"@type":"SearchAction","target":{"@type":"EntryPoint","urlTemplate":"https:\/\/techmasterdemexico.com\/?s={search_term_string}"},"query-input":{"@type":"PropertyValueSpecification","valueRequired":true,"valueName":"search_term_string"}}],"inLanguage":"en-US"}]}},"brands":[{"id":39,"name":"Mitutoyo","slug":"mitutoyo"}],"_links":{"self":[{"href":"https:\/\/techmasterdemexico.com\/en\/wp-json\/wp\/v2\/product\/13823","targetHints":{"allow":["GET"]}}],"collection":[{"href":"https:\/\/techmasterdemexico.com\/en\/wp-json\/wp\/v2\/product"}],"about":[{"href":"https:\/\/techmasterdemexico.com\/en\/wp-json\/wp\/v2\/types\/product"}],"wp:featuredmedia":[{"embeddable":true,"href":"https:\/\/techmasterdemexico.com\/en\/wp-json\/wp\/v2\/media\/17055"}],"wp:attachment":[{"href":"https:\/\/techmasterdemexico.com\/en\/wp-json\/wp\/v2\/media?parent=13823"}],"wp:term":[{"taxonomy":"pwb-brand","embeddable":true,"href":"https:\/\/techmasterdemexico.com\/en\/wp-json\/wp\/v2\/pwb-brand?post=13823"},{"taxonomy":"product_brand","embeddable":true,"href":"https:\/\/techmasterdemexico.com\/en\/wp-json\/wp\/v2\/product_brand?post=13823"},{"taxonomy":"product_cat","embeddable":true,"href":"https:\/\/techmasterdemexico.com\/en\/wp-json\/wp\/v2\/product_cat?post=13823"},{"taxonomy":"product_tag","embeddable":true,"href":"https:\/\/techmasterdemexico.com\/en\/wp-json\/wp\/v2\/product_tag?post=13823"}],"curies":[{"name":"wp","href":"https:\/\/api.w.org\/{rel}","templated":true}]}}