{"id":13793,"date":"2021-12-22T00:26:43","date_gmt":"2021-12-22T00:26:43","guid":{"rendered":"https:\/\/techmastermx.ddns.net\/producto\/352-00-digi-dickenschnellmesser\/"},"modified":"2022-02-09T21:10:08","modified_gmt":"2022-02-09T21:10:08","slug":"352-00-digi-dickenschnellmesser","status":"publish","type":"product","link":"https:\/\/techmasterdemexico.com\/en\/producto\/352-00-digi-dickenschnellmesser\/","title":{"rendered":"352.00 Digi.Dickenschnellmesser"},"content":{"rendered":"<p>352.00<br \/>\nDigi.Dickenschnellmesser<br \/>\nN\u00famero de art\u00edculo: 547-561S<\/p>\n<p>Descripci\u00f3n<br \/>\nPara la medici\u00f3n de las paredes de tubos.<\/p>\n","protected":false},"excerpt":{"rendered":"<p>Caracter\u00edsticas<\/p>\n<ul>\n<li>Resoluci\u00f3n: 0,0005&#8243;\/0,01 mm<\/li>\n<li>Presi\u00f3n de medida (N): \u2264 1,5 N<\/li>\n<li>Alarma: Low voltage, counting value composition error, overflow error, tolerance limit setting error (ID-C only)<\/li>\n<li>Punta de contacto: Thread # 4-48UNF<\/li>\n<li>Duraci\u00f3n bateria: approx. 7000 hours<\/li>\n<li>Fuente de alimentaci\u00f3n: 1 battery SR-44<\/li>\n<li>Funci\u00f3n DATA\/HOLD (transmisi\u00f3n\/retencion de valor): Si<\/li>\n<li>Salida de datos DIGIMATIC: Si<\/li>\n<li>Valoraci\u00f3n GO\/+-NG: Si<\/li>\n<li>ON\/OFF: Si<\/li>\n<li>Selector ZERO\/ABS: Si<\/li>\n<li>PRESET: Si<\/li>\n<li>C\u00e1lculo (f\u00f3rmula): Si<\/li>\n<li>Cambio del sentido de contaje: Si<\/li>\n<li>Pulgadas-m\u00e9trico: pulg\/mm<\/li>\n<\/ul>\n","protected":false},"featured_media":18004,"template":"","meta":{"_acf_changed":false},"pwb-brand":[39],"product_brand":[],"product_cat":[366,69,331,406,38],"product_tag":[],"class_list":{"0":"post-13793","1":"product","2":"type-product","3":"status-publish","4":"has-post-thumbnail","6":"pwb-brand-mitutoyo","7":"product_cat-todos-los-productos","8":"product_cat-indicadores","9":"product_cat-instrumentos-de-medicion-y-gestion-de-datos","10":"product_cat-medidor-de-espesores","11":"product_cat-mitutoyo","13":"first","14":"instock","15":"taxable","16":"shipping-taxable","17":"product-type-simple"},"acf":[],"yoast_head":"<!-- This site is optimized with the Yoast SEO plugin v27.2 - https:\/\/yoast.com\/product\/yoast-seo-wordpress\/ -->\n<title>352.00 Digi.Dickenschnellmesser - Techmaster de Mexico<\/title>\n<meta name=\"robots\" content=\"index, follow, max-snippet:-1, max-image-preview:large, max-video-preview:-1\" \/>\n<link rel=\"canonical\" href=\"https:\/\/techmasterdemexico.com\/producto\/352-00-digi-dickenschnellmesser\/\" \/>\n<meta property=\"og:locale\" content=\"en_US\" \/>\n<meta property=\"og:type\" content=\"article\" \/>\n<meta property=\"og:title\" content=\"352.00 Digi.Dickenschnellmesser - Techmaster de Mexico\" \/>\n<meta property=\"og:description\" content=\"Caracter\u00edsticas   Resoluci\u00f3n: 0,0005&quot;\/0,01 mm  Presi\u00f3n de medida (N): \u2264 1,5 N  Alarma: Low voltage, counting value composition error, overflow error, tolerance limit setting error (ID-C only)  Punta de contacto: Thread # 4-48UNF  Duraci\u00f3n bateria: approx. 7000 hours  Fuente de alimentaci\u00f3n: 1 battery SR-44  Funci\u00f3n DATA\/HOLD (transmisi\u00f3n\/retencion de valor): Si  Salida de datos DIGIMATIC: Si  Valoraci\u00f3n GO\/+-NG: Si  ON\/OFF: Si  Selector ZERO\/ABS: Si  PRESET: Si  C\u00e1lculo (f\u00f3rmula): Si  Cambio del sentido de contaje: Si  Pulgadas-m\u00e9trico: pulg\/mm\" \/>\n<meta property=\"og:url\" content=\"https:\/\/techmasterdemexico.com\/producto\/352-00-digi-dickenschnellmesser\/\" \/>\n<meta property=\"og:site_name\" content=\"Techmaster de Mexico\" \/>\n<meta property=\"article:modified_time\" content=\"2022-02-09T21:10:08+00:00\" \/>\n<meta property=\"og:image\" content=\"https:\/\/techmasterdemexico.com\/wp-content\/uploads\/2021\/12\/547-561s_z1_jpg.png\" \/>\n\t<meta property=\"og:image:width\" content=\"755\" \/>\n\t<meta property=\"og:image:height\" content=\"800\" \/>\n\t<meta property=\"og:image:type\" content=\"image\/png\" \/>\n<meta name=\"twitter:card\" content=\"summary_large_image\" \/>\n<script type=\"application\/ld+json\" class=\"yoast-schema-graph\">{\"@context\":\"https:\/\/schema.org\",\"@graph\":[{\"@type\":\"WebPage\",\"@id\":\"https:\/\/techmasterdemexico.com\/producto\/352-00-digi-dickenschnellmesser\/\",\"url\":\"https:\/\/techmasterdemexico.com\/producto\/352-00-digi-dickenschnellmesser\/\",\"name\":\"352.00 Digi.Dickenschnellmesser - Techmaster de Mexico\",\"isPartOf\":{\"@id\":\"https:\/\/techmasterdemexico.com\/#website\"},\"primaryImageOfPage\":{\"@id\":\"https:\/\/techmasterdemexico.com\/producto\/352-00-digi-dickenschnellmesser\/#primaryimage\"},\"image\":{\"@id\":\"https:\/\/techmasterdemexico.com\/producto\/352-00-digi-dickenschnellmesser\/#primaryimage\"},\"thumbnailUrl\":\"https:\/\/techmasterdemexico.com\/wp-content\/uploads\/2021\/12\/547-561s_z1_jpg.png\",\"datePublished\":\"2021-12-22T00:26:43+00:00\",\"dateModified\":\"2022-02-09T21:10:08+00:00\",\"breadcrumb\":{\"@id\":\"https:\/\/techmasterdemexico.com\/producto\/352-00-digi-dickenschnellmesser\/#breadcrumb\"},\"inLanguage\":\"en-US\",\"potentialAction\":[{\"@type\":\"ReadAction\",\"target\":[\"https:\/\/techmasterdemexico.com\/producto\/352-00-digi-dickenschnellmesser\/\"]}]},{\"@type\":\"ImageObject\",\"inLanguage\":\"en-US\",\"@id\":\"https:\/\/techmasterdemexico.com\/producto\/352-00-digi-dickenschnellmesser\/#primaryimage\",\"url\":\"https:\/\/techmasterdemexico.com\/wp-content\/uploads\/2021\/12\/547-561s_z1_jpg.png\",\"contentUrl\":\"https:\/\/techmasterdemexico.com\/wp-content\/uploads\/2021\/12\/547-561s_z1_jpg.png\",\"width\":755,\"height\":800},{\"@type\":\"BreadcrumbList\",\"@id\":\"https:\/\/techmasterdemexico.com\/producto\/352-00-digi-dickenschnellmesser\/#breadcrumb\",\"itemListElement\":[{\"@type\":\"ListItem\",\"position\":1,\"name\":\"Portada\",\"item\":\"https:\/\/techmasterdemexico.com\/\"},{\"@type\":\"ListItem\",\"position\":2,\"name\":\"352.00 Digi.Dickenschnellmesser\"}]},{\"@type\":\"WebSite\",\"@id\":\"https:\/\/techmasterdemexico.com\/#website\",\"url\":\"https:\/\/techmasterdemexico.com\/\",\"name\":\"Techmaster de Mexico\",\"description\":\"\",\"potentialAction\":[{\"@type\":\"SearchAction\",\"target\":{\"@type\":\"EntryPoint\",\"urlTemplate\":\"https:\/\/techmasterdemexico.com\/?s={search_term_string}\"},\"query-input\":{\"@type\":\"PropertyValueSpecification\",\"valueRequired\":true,\"valueName\":\"search_term_string\"}}],\"inLanguage\":\"en-US\"}]}<\/script>\n<!-- \/ Yoast SEO plugin. -->","yoast_head_json":{"title":"352.00 Digi.Dickenschnellmesser - Techmaster de Mexico","robots":{"index":"index","follow":"follow","max-snippet":"max-snippet:-1","max-image-preview":"max-image-preview:large","max-video-preview":"max-video-preview:-1"},"canonical":"https:\/\/techmasterdemexico.com\/producto\/352-00-digi-dickenschnellmesser\/","og_locale":"en_US","og_type":"article","og_title":"352.00 Digi.Dickenschnellmesser - Techmaster de Mexico","og_description":"Caracter\u00edsticas   Resoluci\u00f3n: 0,0005\"\/0,01 mm  Presi\u00f3n de medida (N): \u2264 1,5 N  Alarma: Low voltage, counting value composition error, overflow error, tolerance limit setting error (ID-C only)  Punta de contacto: Thread # 4-48UNF  Duraci\u00f3n bateria: approx. 7000 hours  Fuente de alimentaci\u00f3n: 1 battery SR-44  Funci\u00f3n DATA\/HOLD (transmisi\u00f3n\/retencion de valor): Si  Salida de datos DIGIMATIC: Si  Valoraci\u00f3n GO\/+-NG: Si  ON\/OFF: Si  Selector ZERO\/ABS: Si  PRESET: Si  C\u00e1lculo (f\u00f3rmula): Si  Cambio del sentido de contaje: Si  Pulgadas-m\u00e9trico: pulg\/mm","og_url":"https:\/\/techmasterdemexico.com\/producto\/352-00-digi-dickenschnellmesser\/","og_site_name":"Techmaster de Mexico","article_modified_time":"2022-02-09T21:10:08+00:00","og_image":[{"width":755,"height":800,"url":"https:\/\/techmasterdemexico.com\/wp-content\/uploads\/2021\/12\/547-561s_z1_jpg.png","type":"image\/png"}],"twitter_card":"summary_large_image","schema":{"@context":"https:\/\/schema.org","@graph":[{"@type":"WebPage","@id":"https:\/\/techmasterdemexico.com\/producto\/352-00-digi-dickenschnellmesser\/","url":"https:\/\/techmasterdemexico.com\/producto\/352-00-digi-dickenschnellmesser\/","name":"352.00 Digi.Dickenschnellmesser - Techmaster de Mexico","isPartOf":{"@id":"https:\/\/techmasterdemexico.com\/#website"},"primaryImageOfPage":{"@id":"https:\/\/techmasterdemexico.com\/producto\/352-00-digi-dickenschnellmesser\/#primaryimage"},"image":{"@id":"https:\/\/techmasterdemexico.com\/producto\/352-00-digi-dickenschnellmesser\/#primaryimage"},"thumbnailUrl":"https:\/\/techmasterdemexico.com\/wp-content\/uploads\/2021\/12\/547-561s_z1_jpg.png","datePublished":"2021-12-22T00:26:43+00:00","dateModified":"2022-02-09T21:10:08+00:00","breadcrumb":{"@id":"https:\/\/techmasterdemexico.com\/producto\/352-00-digi-dickenschnellmesser\/#breadcrumb"},"inLanguage":"en-US","potentialAction":[{"@type":"ReadAction","target":["https:\/\/techmasterdemexico.com\/producto\/352-00-digi-dickenschnellmesser\/"]}]},{"@type":"ImageObject","inLanguage":"en-US","@id":"https:\/\/techmasterdemexico.com\/producto\/352-00-digi-dickenschnellmesser\/#primaryimage","url":"https:\/\/techmasterdemexico.com\/wp-content\/uploads\/2021\/12\/547-561s_z1_jpg.png","contentUrl":"https:\/\/techmasterdemexico.com\/wp-content\/uploads\/2021\/12\/547-561s_z1_jpg.png","width":755,"height":800},{"@type":"BreadcrumbList","@id":"https:\/\/techmasterdemexico.com\/producto\/352-00-digi-dickenschnellmesser\/#breadcrumb","itemListElement":[{"@type":"ListItem","position":1,"name":"Portada","item":"https:\/\/techmasterdemexico.com\/"},{"@type":"ListItem","position":2,"name":"352.00 Digi.Dickenschnellmesser"}]},{"@type":"WebSite","@id":"https:\/\/techmasterdemexico.com\/#website","url":"https:\/\/techmasterdemexico.com\/","name":"Techmaster de Mexico","description":"","potentialAction":[{"@type":"SearchAction","target":{"@type":"EntryPoint","urlTemplate":"https:\/\/techmasterdemexico.com\/?s={search_term_string}"},"query-input":{"@type":"PropertyValueSpecification","valueRequired":true,"valueName":"search_term_string"}}],"inLanguage":"en-US"}]}},"brands":[{"id":39,"name":"Mitutoyo","slug":"mitutoyo"}],"_links":{"self":[{"href":"https:\/\/techmasterdemexico.com\/en\/wp-json\/wp\/v2\/product\/13793","targetHints":{"allow":["GET"]}}],"collection":[{"href":"https:\/\/techmasterdemexico.com\/en\/wp-json\/wp\/v2\/product"}],"about":[{"href":"https:\/\/techmasterdemexico.com\/en\/wp-json\/wp\/v2\/types\/product"}],"wp:featuredmedia":[{"embeddable":true,"href":"https:\/\/techmasterdemexico.com\/en\/wp-json\/wp\/v2\/media\/18004"}],"wp:attachment":[{"href":"https:\/\/techmasterdemexico.com\/en\/wp-json\/wp\/v2\/media?parent=13793"}],"wp:term":[{"taxonomy":"pwb-brand","embeddable":true,"href":"https:\/\/techmasterdemexico.com\/en\/wp-json\/wp\/v2\/pwb-brand?post=13793"},{"taxonomy":"product_brand","embeddable":true,"href":"https:\/\/techmasterdemexico.com\/en\/wp-json\/wp\/v2\/product_brand?post=13793"},{"taxonomy":"product_cat","embeddable":true,"href":"https:\/\/techmasterdemexico.com\/en\/wp-json\/wp\/v2\/product_cat?post=13793"},{"taxonomy":"product_tag","embeddable":true,"href":"https:\/\/techmasterdemexico.com\/en\/wp-json\/wp\/v2\/product_tag?post=13793"}],"curies":[{"name":"wp","href":"https:\/\/api.w.org\/{rel}","templated":true}]}}