{"id":13775,"date":"2021-12-22T00:26:20","date_gmt":"2021-12-22T00:26:20","guid":{"rendered":"https:\/\/techmastermx.ddns.net\/producto\/balanza-de-resorte-con-aguja-de-arrastre-03n-3n-01n-graduation\/"},"modified":"2022-02-09T21:55:50","modified_gmt":"2022-02-09T21:55:50","slug":"balanza-de-resorte-con-aguja-de-arrastre-03n-3n-01n-graduation","status":"publish","type":"product","link":"https:\/\/techmasterdemexico.com\/en\/producto\/balanza-de-resorte-con-aguja-de-arrastre-03n-3n-01n-graduation\/","title":{"rendered":"Balanza de resorte con aguja de arrastre 0,3N-3N, 0,1N Graduation"},"content":{"rendered":"<p>Balanza de resorte con aguja de arrastre<br \/>\n0,3N-3N, 0,1N Graduation<br \/>\nN\u00famero de art\u00edculo: 546-138<\/p>\n<p>Descripci\u00f3n<\/p>\n<ul>\n<li>Para el ajuste de los microinterruptores, resortes y las v\u00e1lvulas de rel\u00e9, para probar la fuerza de medici\u00f3n de relojes comparadores y para ajustar la tensi\u00f3n y los resortes de compresi\u00f3n.<\/li>\n<li>Placa de dial dividida para la medici\u00f3n en ambas direcciones.<\/li>\n<\/ul>\n","protected":false},"excerpt":{"rendered":"<p>Caracter\u00edsticas<\/p>\n<ul>\n<li>Peso: 56 g<\/li>\n<\/ul>\n","protected":false},"featured_media":18030,"template":"","meta":{"_acf_changed":false},"pwb-brand":[39],"product_brand":[],"product_cat":[366,69,331,406,38],"product_tag":[],"class_list":{"0":"post-13775","1":"product","2":"type-product","3":"status-publish","4":"has-post-thumbnail","6":"pwb-brand-mitutoyo","7":"product_cat-todos-los-productos","8":"product_cat-indicadores","9":"product_cat-instrumentos-de-medicion-y-gestion-de-datos","10":"product_cat-medidor-de-espesores","11":"product_cat-mitutoyo","13":"first","14":"instock","15":"taxable","16":"shipping-taxable","17":"product-type-simple"},"acf":[],"yoast_head":"<!-- This site is optimized with the Yoast SEO plugin v27.2 - https:\/\/yoast.com\/product\/yoast-seo-wordpress\/ -->\n<title>Balanza de resorte con aguja de arrastre 0,3N-3N, 0,1N Graduation - Techmaster de Mexico<\/title>\n<meta name=\"robots\" content=\"index, follow, max-snippet:-1, max-image-preview:large, max-video-preview:-1\" \/>\n<link rel=\"canonical\" href=\"https:\/\/techmasterdemexico.com\/en\/producto\/balanza-de-resorte-con-aguja-de-arrastre-03n-3n-01n-graduation\/\" \/>\n<meta property=\"og:locale\" content=\"en_US\" \/>\n<meta property=\"og:type\" content=\"article\" \/>\n<meta property=\"og:title\" content=\"Balanza de resorte con aguja de arrastre 0,3N-3N, 0,1N Graduation - Techmaster de Mexico\" \/>\n<meta property=\"og:description\" content=\"Caracter\u00edsticas   Peso: 56 g\" \/>\n<meta property=\"og:url\" content=\"https:\/\/techmasterdemexico.com\/en\/producto\/balanza-de-resorte-con-aguja-de-arrastre-03n-3n-01n-graduation\/\" \/>\n<meta property=\"og:site_name\" content=\"Techmaster de Mexico\" \/>\n<meta property=\"article:modified_time\" content=\"2022-02-09T21:55:50+00:00\" \/>\n<meta property=\"og:image\" content=\"https:\/\/techmasterdemexico.com\/wp-content\/uploads\/2021\/12\/546-112_z_jpg-1.png\" \/>\n\t<meta property=\"og:image:width\" content=\"800\" \/>\n\t<meta property=\"og:image:height\" content=\"800\" \/>\n\t<meta property=\"og:image:type\" content=\"image\/png\" \/>\n<meta name=\"twitter:card\" content=\"summary_large_image\" \/>\n<script type=\"application\/ld+json\" class=\"yoast-schema-graph\">{\"@context\":\"https:\/\/schema.org\",\"@graph\":[{\"@type\":\"WebPage\",\"@id\":\"https:\/\/techmasterdemexico.com\/en\/producto\/balanza-de-resorte-con-aguja-de-arrastre-03n-3n-01n-graduation\/\",\"url\":\"https:\/\/techmasterdemexico.com\/en\/producto\/balanza-de-resorte-con-aguja-de-arrastre-03n-3n-01n-graduation\/\",\"name\":\"Balanza de resorte con aguja de arrastre 0,3N-3N, 0,1N Graduation - Techmaster de Mexico\",\"isPartOf\":{\"@id\":\"https:\/\/techmasterdemexico.com\/#website\"},\"primaryImageOfPage\":{\"@id\":\"https:\/\/techmasterdemexico.com\/en\/producto\/balanza-de-resorte-con-aguja-de-arrastre-03n-3n-01n-graduation\/#primaryimage\"},\"image\":{\"@id\":\"https:\/\/techmasterdemexico.com\/en\/producto\/balanza-de-resorte-con-aguja-de-arrastre-03n-3n-01n-graduation\/#primaryimage\"},\"thumbnailUrl\":\"https:\/\/techmasterdemexico.com\/wp-content\/uploads\/2021\/12\/546-112_z_jpg-1.png\",\"datePublished\":\"2021-12-22T00:26:20+00:00\",\"dateModified\":\"2022-02-09T21:55:50+00:00\",\"breadcrumb\":{\"@id\":\"https:\/\/techmasterdemexico.com\/en\/producto\/balanza-de-resorte-con-aguja-de-arrastre-03n-3n-01n-graduation\/#breadcrumb\"},\"inLanguage\":\"en-US\",\"potentialAction\":[{\"@type\":\"ReadAction\",\"target\":[\"https:\/\/techmasterdemexico.com\/en\/producto\/balanza-de-resorte-con-aguja-de-arrastre-03n-3n-01n-graduation\/\"]}]},{\"@type\":\"ImageObject\",\"inLanguage\":\"en-US\",\"@id\":\"https:\/\/techmasterdemexico.com\/en\/producto\/balanza-de-resorte-con-aguja-de-arrastre-03n-3n-01n-graduation\/#primaryimage\",\"url\":\"https:\/\/techmasterdemexico.com\/wp-content\/uploads\/2021\/12\/546-112_z_jpg-1.png\",\"contentUrl\":\"https:\/\/techmasterdemexico.com\/wp-content\/uploads\/2021\/12\/546-112_z_jpg-1.png\",\"width\":800,\"height\":800},{\"@type\":\"BreadcrumbList\",\"@id\":\"https:\/\/techmasterdemexico.com\/en\/producto\/balanza-de-resorte-con-aguja-de-arrastre-03n-3n-01n-graduation\/#breadcrumb\",\"itemListElement\":[{\"@type\":\"ListItem\",\"position\":1,\"name\":\"Portada\",\"item\":\"https:\/\/techmasterdemexico.com\/\"},{\"@type\":\"ListItem\",\"position\":2,\"name\":\"Balanza de resorte con aguja de arrastre 0,3N-3N, 0,1N Graduation\"}]},{\"@type\":\"WebSite\",\"@id\":\"https:\/\/techmasterdemexico.com\/#website\",\"url\":\"https:\/\/techmasterdemexico.com\/\",\"name\":\"Techmaster de Mexico\",\"description\":\"\",\"potentialAction\":[{\"@type\":\"SearchAction\",\"target\":{\"@type\":\"EntryPoint\",\"urlTemplate\":\"https:\/\/techmasterdemexico.com\/?s={search_term_string}\"},\"query-input\":{\"@type\":\"PropertyValueSpecification\",\"valueRequired\":true,\"valueName\":\"search_term_string\"}}],\"inLanguage\":\"en-US\"}]}<\/script>\n<!-- \/ Yoast SEO plugin. -->","yoast_head_json":{"title":"Balanza de resorte con aguja de arrastre 0,3N-3N, 0,1N Graduation - Techmaster de Mexico","robots":{"index":"index","follow":"follow","max-snippet":"max-snippet:-1","max-image-preview":"max-image-preview:large","max-video-preview":"max-video-preview:-1"},"canonical":"https:\/\/techmasterdemexico.com\/en\/producto\/balanza-de-resorte-con-aguja-de-arrastre-03n-3n-01n-graduation\/","og_locale":"en_US","og_type":"article","og_title":"Balanza de resorte con aguja de arrastre 0,3N-3N, 0,1N Graduation - Techmaster de Mexico","og_description":"Caracter\u00edsticas   Peso: 56 g","og_url":"https:\/\/techmasterdemexico.com\/en\/producto\/balanza-de-resorte-con-aguja-de-arrastre-03n-3n-01n-graduation\/","og_site_name":"Techmaster de Mexico","article_modified_time":"2022-02-09T21:55:50+00:00","og_image":[{"width":800,"height":800,"url":"https:\/\/techmasterdemexico.com\/wp-content\/uploads\/2021\/12\/546-112_z_jpg-1.png","type":"image\/png"}],"twitter_card":"summary_large_image","schema":{"@context":"https:\/\/schema.org","@graph":[{"@type":"WebPage","@id":"https:\/\/techmasterdemexico.com\/en\/producto\/balanza-de-resorte-con-aguja-de-arrastre-03n-3n-01n-graduation\/","url":"https:\/\/techmasterdemexico.com\/en\/producto\/balanza-de-resorte-con-aguja-de-arrastre-03n-3n-01n-graduation\/","name":"Balanza de resorte con aguja de arrastre 0,3N-3N, 0,1N Graduation - Techmaster de Mexico","isPartOf":{"@id":"https:\/\/techmasterdemexico.com\/#website"},"primaryImageOfPage":{"@id":"https:\/\/techmasterdemexico.com\/en\/producto\/balanza-de-resorte-con-aguja-de-arrastre-03n-3n-01n-graduation\/#primaryimage"},"image":{"@id":"https:\/\/techmasterdemexico.com\/en\/producto\/balanza-de-resorte-con-aguja-de-arrastre-03n-3n-01n-graduation\/#primaryimage"},"thumbnailUrl":"https:\/\/techmasterdemexico.com\/wp-content\/uploads\/2021\/12\/546-112_z_jpg-1.png","datePublished":"2021-12-22T00:26:20+00:00","dateModified":"2022-02-09T21:55:50+00:00","breadcrumb":{"@id":"https:\/\/techmasterdemexico.com\/en\/producto\/balanza-de-resorte-con-aguja-de-arrastre-03n-3n-01n-graduation\/#breadcrumb"},"inLanguage":"en-US","potentialAction":[{"@type":"ReadAction","target":["https:\/\/techmasterdemexico.com\/en\/producto\/balanza-de-resorte-con-aguja-de-arrastre-03n-3n-01n-graduation\/"]}]},{"@type":"ImageObject","inLanguage":"en-US","@id":"https:\/\/techmasterdemexico.com\/en\/producto\/balanza-de-resorte-con-aguja-de-arrastre-03n-3n-01n-graduation\/#primaryimage","url":"https:\/\/techmasterdemexico.com\/wp-content\/uploads\/2021\/12\/546-112_z_jpg-1.png","contentUrl":"https:\/\/techmasterdemexico.com\/wp-content\/uploads\/2021\/12\/546-112_z_jpg-1.png","width":800,"height":800},{"@type":"BreadcrumbList","@id":"https:\/\/techmasterdemexico.com\/en\/producto\/balanza-de-resorte-con-aguja-de-arrastre-03n-3n-01n-graduation\/#breadcrumb","itemListElement":[{"@type":"ListItem","position":1,"name":"Portada","item":"https:\/\/techmasterdemexico.com\/"},{"@type":"ListItem","position":2,"name":"Balanza de resorte con aguja de arrastre 0,3N-3N, 0,1N Graduation"}]},{"@type":"WebSite","@id":"https:\/\/techmasterdemexico.com\/#website","url":"https:\/\/techmasterdemexico.com\/","name":"Techmaster de Mexico","description":"","potentialAction":[{"@type":"SearchAction","target":{"@type":"EntryPoint","urlTemplate":"https:\/\/techmasterdemexico.com\/?s={search_term_string}"},"query-input":{"@type":"PropertyValueSpecification","valueRequired":true,"valueName":"search_term_string"}}],"inLanguage":"en-US"}]}},"brands":[{"id":39,"name":"Mitutoyo","slug":"mitutoyo"}],"_links":{"self":[{"href":"https:\/\/techmasterdemexico.com\/en\/wp-json\/wp\/v2\/product\/13775","targetHints":{"allow":["GET"]}}],"collection":[{"href":"https:\/\/techmasterdemexico.com\/en\/wp-json\/wp\/v2\/product"}],"about":[{"href":"https:\/\/techmasterdemexico.com\/en\/wp-json\/wp\/v2\/types\/product"}],"wp:featuredmedia":[{"embeddable":true,"href":"https:\/\/techmasterdemexico.com\/en\/wp-json\/wp\/v2\/media\/18030"}],"wp:attachment":[{"href":"https:\/\/techmasterdemexico.com\/en\/wp-json\/wp\/v2\/media?parent=13775"}],"wp:term":[{"taxonomy":"pwb-brand","embeddable":true,"href":"https:\/\/techmasterdemexico.com\/en\/wp-json\/wp\/v2\/pwb-brand?post=13775"},{"taxonomy":"product_brand","embeddable":true,"href":"https:\/\/techmasterdemexico.com\/en\/wp-json\/wp\/v2\/product_brand?post=13775"},{"taxonomy":"product_cat","embeddable":true,"href":"https:\/\/techmasterdemexico.com\/en\/wp-json\/wp\/v2\/product_cat?post=13775"},{"taxonomy":"product_tag","embeddable":true,"href":"https:\/\/techmasterdemexico.com\/en\/wp-json\/wp\/v2\/product_tag?post=13775"}],"curies":[{"name":"wp","href":"https:\/\/api.w.org\/{rel}","templated":true}]}}