{"id":13723,"date":"2021-12-22T00:25:19","date_gmt":"2021-12-22T00:25:19","guid":{"rendered":"https:\/\/techmastermx.ddns.net\/producto\/comparador-horizontal-de-palpador-oscilante-08mm-001mm-4-8mm-stem-with-bracket\/"},"modified":"2022-01-04T00:49:11","modified_gmt":"2022-01-04T00:49:11","slug":"comparador-horizontal-de-palpador-oscilante-08mm-001mm-4-8mm-stem-with-bracket","status":"publish","type":"product","link":"https:\/\/techmasterdemexico.com\/en\/producto\/comparador-horizontal-de-palpador-oscilante-08mm-001mm-4-8mm-stem-with-bracket\/","title":{"rendered":"Comparador horizontal de palpador oscilante 0,8mm, 0,01mm, 4\/8mm Stem, with Bracket"},"content":{"rendered":"<p>Comparador horizontal de palpador oscilante<br \/>\n0,8mm, 0,01mm, 4\/8mm Stem, with Bracket<br \/>\nN\u00famero de art\u00edculo: 513-404-10T<\/p>\n<p>&nbsp;<\/p>\n<p>Este comparador de palpador oscilante (tipo palanca) le ofrece las siguientes ventajas:<\/p>\n<p>&nbsp;<\/p>\n<ul>\n<li>Durabilidad, sensibilidad y visibilidad mejoradas dr\u00e1sticamente.<\/li>\n<li>La cara plana de cristal sin deslumbramiento permite una f\u00e1cil lectura de las graduaciones.<\/li>\n<li>El sello con junta t\u00f3rica en la esfera tiene el efecto de proporcionar una rotaci\u00f3n suave y evita que el polvo y el aceite penetren a trav\u00e9s de la cara frontal.<\/li>\n<li>Recubrimientos multicapa sobre el cristal.<\/li>\n<\/ul>\n","protected":false},"excerpt":{"rendered":"<ul>\n<li>Graduaci\u00f3n:<br \/>\n0.01 mm<\/li>\n<li>Escala:<br \/>\n0-40-0<\/li>\n<li>Peso:<br \/>\n45 g<\/li>\n<li>L1<br \/>\n[mm]:<br \/>\n20,9<\/li>\n<li>L2<br \/>\n[mm]:<br \/>\n17,4<\/li>\n<li>Punta de contacto:<br \/>\nRosca M 1,7 x 0,35<\/li>\n<li>Entregado:<br \/>\nEn estuche con v\u00e1stago de amarre \u00f88 mm<\/li>\n<li>Espaciador de doble escala:<br \/>\nSi<\/li>\n<li>Digital\/An\u00e1logo:<br \/>\nAn\u00e1logo<\/li>\n<li>pulgadas-m\u00e9trico:<br \/>\nM\u00e9trico<\/li>\n<\/ul>\n","protected":false},"featured_media":17101,"template":"","meta":{"_acf_changed":false},"pwb-brand":[39],"product_brand":[],"product_cat":[366,405,69,331,38],"product_tag":[],"class_list":{"0":"post-13723","1":"product","2":"type-product","3":"status-publish","4":"has-post-thumbnail","6":"pwb-brand-mitutoyo","7":"product_cat-todos-los-productos","8":"product_cat-comparador-de-palpador-oscilante","9":"product_cat-indicadores","10":"product_cat-instrumentos-de-medicion-y-gestion-de-datos","11":"product_cat-mitutoyo","13":"first","14":"instock","15":"taxable","16":"shipping-taxable","17":"product-type-simple"},"acf":[],"yoast_head":"<!-- This site is optimized with the Yoast SEO plugin v27.2 - https:\/\/yoast.com\/product\/yoast-seo-wordpress\/ -->\n<title>Comparador horizontal de palpador oscilante 0,8mm, 0,01mm, 4\/8mm Stem, with Bracket - Techmaster de Mexico<\/title>\n<meta name=\"robots\" content=\"index, follow, max-snippet:-1, max-image-preview:large, max-video-preview:-1\" \/>\n<link rel=\"canonical\" href=\"https:\/\/techmasterdemexico.com\/producto\/comparador-horizontal-de-palpador-oscilante-08mm-001mm-4-8mm-stem-with-bracket\/\" \/>\n<meta property=\"og:locale\" content=\"en_US\" \/>\n<meta property=\"og:type\" content=\"article\" \/>\n<meta property=\"og:title\" content=\"Comparador horizontal de palpador oscilante 0,8mm, 0,01mm, 4\/8mm Stem, with Bracket - Techmaster de Mexico\" \/>\n<meta property=\"og:description\" content=\"Graduaci\u00f3n: 0.01 mm  Escala: 0-40-0  Peso: 45 g  L1 [mm]: 20,9  L2 [mm]: 17,4  Punta de contacto: Rosca M 1,7 x 0,35  Entregado: En estuche con v\u00e1stago de amarre \u00f88 mm  Espaciador de doble escala: Si  Digital\/An\u00e1logo: An\u00e1logo  pulgadas-m\u00e9trico: M\u00e9trico\" \/>\n<meta property=\"og:url\" content=\"https:\/\/techmasterdemexico.com\/producto\/comparador-horizontal-de-palpador-oscilante-08mm-001mm-4-8mm-stem-with-bracket\/\" \/>\n<meta property=\"og:site_name\" content=\"Techmaster de Mexico\" \/>\n<meta property=\"article:modified_time\" content=\"2022-01-04T00:49:11+00:00\" \/>\n<meta property=\"og:image\" content=\"https:\/\/techmasterdemexico.com\/wp-content\/uploads\/2021\/12\/513-404-10_jpg.png\" \/>\n\t<meta property=\"og:image:width\" content=\"500\" \/>\n\t<meta property=\"og:image:height\" content=\"500\" \/>\n\t<meta property=\"og:image:type\" content=\"image\/png\" \/>\n<meta name=\"twitter:card\" content=\"summary_large_image\" \/>\n<script type=\"application\/ld+json\" class=\"yoast-schema-graph\">{\"@context\":\"https:\/\/schema.org\",\"@graph\":[{\"@type\":\"WebPage\",\"@id\":\"https:\/\/techmasterdemexico.com\/producto\/comparador-horizontal-de-palpador-oscilante-08mm-001mm-4-8mm-stem-with-bracket\/\",\"url\":\"https:\/\/techmasterdemexico.com\/producto\/comparador-horizontal-de-palpador-oscilante-08mm-001mm-4-8mm-stem-with-bracket\/\",\"name\":\"Comparador horizontal de palpador oscilante 0,8mm, 0,01mm, 4\/8mm Stem, with Bracket - Techmaster de Mexico\",\"isPartOf\":{\"@id\":\"https:\/\/techmasterdemexico.com\/#website\"},\"primaryImageOfPage\":{\"@id\":\"https:\/\/techmasterdemexico.com\/producto\/comparador-horizontal-de-palpador-oscilante-08mm-001mm-4-8mm-stem-with-bracket\/#primaryimage\"},\"image\":{\"@id\":\"https:\/\/techmasterdemexico.com\/producto\/comparador-horizontal-de-palpador-oscilante-08mm-001mm-4-8mm-stem-with-bracket\/#primaryimage\"},\"thumbnailUrl\":\"https:\/\/techmasterdemexico.com\/wp-content\/uploads\/2021\/12\/513-404-10_jpg.png\",\"datePublished\":\"2021-12-22T00:25:19+00:00\",\"dateModified\":\"2022-01-04T00:49:11+00:00\",\"breadcrumb\":{\"@id\":\"https:\/\/techmasterdemexico.com\/producto\/comparador-horizontal-de-palpador-oscilante-08mm-001mm-4-8mm-stem-with-bracket\/#breadcrumb\"},\"inLanguage\":\"en-US\",\"potentialAction\":[{\"@type\":\"ReadAction\",\"target\":[\"https:\/\/techmasterdemexico.com\/producto\/comparador-horizontal-de-palpador-oscilante-08mm-001mm-4-8mm-stem-with-bracket\/\"]}]},{\"@type\":\"ImageObject\",\"inLanguage\":\"en-US\",\"@id\":\"https:\/\/techmasterdemexico.com\/producto\/comparador-horizontal-de-palpador-oscilante-08mm-001mm-4-8mm-stem-with-bracket\/#primaryimage\",\"url\":\"https:\/\/techmasterdemexico.com\/wp-content\/uploads\/2021\/12\/513-404-10_jpg.png\",\"contentUrl\":\"https:\/\/techmasterdemexico.com\/wp-content\/uploads\/2021\/12\/513-404-10_jpg.png\",\"width\":500,\"height\":500},{\"@type\":\"BreadcrumbList\",\"@id\":\"https:\/\/techmasterdemexico.com\/producto\/comparador-horizontal-de-palpador-oscilante-08mm-001mm-4-8mm-stem-with-bracket\/#breadcrumb\",\"itemListElement\":[{\"@type\":\"ListItem\",\"position\":1,\"name\":\"Portada\",\"item\":\"https:\/\/techmasterdemexico.com\/\"},{\"@type\":\"ListItem\",\"position\":2,\"name\":\"Comparador horizontal de palpador oscilante 0,8mm, 0,01mm, 4\/8mm Stem, with Bracket\"}]},{\"@type\":\"WebSite\",\"@id\":\"https:\/\/techmasterdemexico.com\/#website\",\"url\":\"https:\/\/techmasterdemexico.com\/\",\"name\":\"Techmaster de Mexico\",\"description\":\"\",\"potentialAction\":[{\"@type\":\"SearchAction\",\"target\":{\"@type\":\"EntryPoint\",\"urlTemplate\":\"https:\/\/techmasterdemexico.com\/?s={search_term_string}\"},\"query-input\":{\"@type\":\"PropertyValueSpecification\",\"valueRequired\":true,\"valueName\":\"search_term_string\"}}],\"inLanguage\":\"en-US\"}]}<\/script>\n<!-- \/ Yoast SEO plugin. -->","yoast_head_json":{"title":"Comparador horizontal de palpador oscilante 0,8mm, 0,01mm, 4\/8mm Stem, with Bracket - Techmaster de Mexico","robots":{"index":"index","follow":"follow","max-snippet":"max-snippet:-1","max-image-preview":"max-image-preview:large","max-video-preview":"max-video-preview:-1"},"canonical":"https:\/\/techmasterdemexico.com\/producto\/comparador-horizontal-de-palpador-oscilante-08mm-001mm-4-8mm-stem-with-bracket\/","og_locale":"en_US","og_type":"article","og_title":"Comparador horizontal de palpador oscilante 0,8mm, 0,01mm, 4\/8mm Stem, with Bracket - Techmaster de Mexico","og_description":"Graduaci\u00f3n: 0.01 mm  Escala: 0-40-0  Peso: 45 g  L1 [mm]: 20,9  L2 [mm]: 17,4  Punta de contacto: Rosca M 1,7 x 0,35  Entregado: En estuche con v\u00e1stago de amarre \u00f88 mm  Espaciador de doble escala: Si  Digital\/An\u00e1logo: An\u00e1logo  pulgadas-m\u00e9trico: M\u00e9trico","og_url":"https:\/\/techmasterdemexico.com\/producto\/comparador-horizontal-de-palpador-oscilante-08mm-001mm-4-8mm-stem-with-bracket\/","og_site_name":"Techmaster de Mexico","article_modified_time":"2022-01-04T00:49:11+00:00","og_image":[{"width":500,"height":500,"url":"https:\/\/techmasterdemexico.com\/wp-content\/uploads\/2021\/12\/513-404-10_jpg.png","type":"image\/png"}],"twitter_card":"summary_large_image","schema":{"@context":"https:\/\/schema.org","@graph":[{"@type":"WebPage","@id":"https:\/\/techmasterdemexico.com\/producto\/comparador-horizontal-de-palpador-oscilante-08mm-001mm-4-8mm-stem-with-bracket\/","url":"https:\/\/techmasterdemexico.com\/producto\/comparador-horizontal-de-palpador-oscilante-08mm-001mm-4-8mm-stem-with-bracket\/","name":"Comparador horizontal de palpador oscilante 0,8mm, 0,01mm, 4\/8mm Stem, with Bracket - Techmaster de Mexico","isPartOf":{"@id":"https:\/\/techmasterdemexico.com\/#website"},"primaryImageOfPage":{"@id":"https:\/\/techmasterdemexico.com\/producto\/comparador-horizontal-de-palpador-oscilante-08mm-001mm-4-8mm-stem-with-bracket\/#primaryimage"},"image":{"@id":"https:\/\/techmasterdemexico.com\/producto\/comparador-horizontal-de-palpador-oscilante-08mm-001mm-4-8mm-stem-with-bracket\/#primaryimage"},"thumbnailUrl":"https:\/\/techmasterdemexico.com\/wp-content\/uploads\/2021\/12\/513-404-10_jpg.png","datePublished":"2021-12-22T00:25:19+00:00","dateModified":"2022-01-04T00:49:11+00:00","breadcrumb":{"@id":"https:\/\/techmasterdemexico.com\/producto\/comparador-horizontal-de-palpador-oscilante-08mm-001mm-4-8mm-stem-with-bracket\/#breadcrumb"},"inLanguage":"en-US","potentialAction":[{"@type":"ReadAction","target":["https:\/\/techmasterdemexico.com\/producto\/comparador-horizontal-de-palpador-oscilante-08mm-001mm-4-8mm-stem-with-bracket\/"]}]},{"@type":"ImageObject","inLanguage":"en-US","@id":"https:\/\/techmasterdemexico.com\/producto\/comparador-horizontal-de-palpador-oscilante-08mm-001mm-4-8mm-stem-with-bracket\/#primaryimage","url":"https:\/\/techmasterdemexico.com\/wp-content\/uploads\/2021\/12\/513-404-10_jpg.png","contentUrl":"https:\/\/techmasterdemexico.com\/wp-content\/uploads\/2021\/12\/513-404-10_jpg.png","width":500,"height":500},{"@type":"BreadcrumbList","@id":"https:\/\/techmasterdemexico.com\/producto\/comparador-horizontal-de-palpador-oscilante-08mm-001mm-4-8mm-stem-with-bracket\/#breadcrumb","itemListElement":[{"@type":"ListItem","position":1,"name":"Portada","item":"https:\/\/techmasterdemexico.com\/"},{"@type":"ListItem","position":2,"name":"Comparador horizontal de palpador oscilante 0,8mm, 0,01mm, 4\/8mm Stem, with Bracket"}]},{"@type":"WebSite","@id":"https:\/\/techmasterdemexico.com\/#website","url":"https:\/\/techmasterdemexico.com\/","name":"Techmaster de Mexico","description":"","potentialAction":[{"@type":"SearchAction","target":{"@type":"EntryPoint","urlTemplate":"https:\/\/techmasterdemexico.com\/?s={search_term_string}"},"query-input":{"@type":"PropertyValueSpecification","valueRequired":true,"valueName":"search_term_string"}}],"inLanguage":"en-US"}]}},"brands":[{"id":39,"name":"Mitutoyo","slug":"mitutoyo"}],"_links":{"self":[{"href":"https:\/\/techmasterdemexico.com\/en\/wp-json\/wp\/v2\/product\/13723","targetHints":{"allow":["GET"]}}],"collection":[{"href":"https:\/\/techmasterdemexico.com\/en\/wp-json\/wp\/v2\/product"}],"about":[{"href":"https:\/\/techmasterdemexico.com\/en\/wp-json\/wp\/v2\/types\/product"}],"wp:featuredmedia":[{"embeddable":true,"href":"https:\/\/techmasterdemexico.com\/en\/wp-json\/wp\/v2\/media\/17101"}],"wp:attachment":[{"href":"https:\/\/techmasterdemexico.com\/en\/wp-json\/wp\/v2\/media?parent=13723"}],"wp:term":[{"taxonomy":"pwb-brand","embeddable":true,"href":"https:\/\/techmasterdemexico.com\/en\/wp-json\/wp\/v2\/pwb-brand?post=13723"},{"taxonomy":"product_brand","embeddable":true,"href":"https:\/\/techmasterdemexico.com\/en\/wp-json\/wp\/v2\/product_brand?post=13723"},{"taxonomy":"product_cat","embeddable":true,"href":"https:\/\/techmasterdemexico.com\/en\/wp-json\/wp\/v2\/product_cat?post=13723"},{"taxonomy":"product_tag","embeddable":true,"href":"https:\/\/techmasterdemexico.com\/en\/wp-json\/wp\/v2\/product_tag?post=13723"}],"curies":[{"name":"wp","href":"https:\/\/api.w.org\/{rel}","templated":true}]}}