{"id":13710,"date":"2021-12-22T00:25:08","date_gmt":"2021-12-22T00:25:08","guid":{"rendered":"https:\/\/techmastermx.ddns.net\/producto\/comparador-vertical-de-palpador-oscilante-003-00005-952mm-stem\/"},"modified":"2022-01-04T18:13:33","modified_gmt":"2022-01-04T18:13:33","slug":"comparador-vertical-de-palpador-oscilante-003-00005-952mm-stem","status":"publish","type":"product","link":"https:\/\/techmasterdemexico.com\/en\/producto\/comparador-vertical-de-palpador-oscilante-003-00005-952mm-stem\/","title":{"rendered":"Comparador vertical de palpador oscilante 0,03&#8243;, 0,0005&#8243;, 9,52mm Stem"},"content":{"rendered":"<p>Comparador vertical de palpador oscilante<br \/>\n0,03&#8243;, 0,0005&#8243;, 9,52mm Stem<br \/>\nN\u00famero de art\u00edculo: 513-452-10E<\/p>\n<p>&nbsp;<\/p>\n<p>El comparador de palpador oscilante (tipo palanca) le ofrece las siguientes ventajas:<\/p>\n<p>&nbsp;<\/p>\n<ul>\n<li>Durabilidad, sensibilidad y visibilidad mejoradas dr\u00e1sticamente.<\/li>\n<li>La cara plana de cristal sin deslumbramiento permite una f\u00e1cil lectura sobre la esfera graduada.<\/li>\n<li>El sello de la junta t\u00f3rica en el bisel tiene el efecto de proporcionar una rotaci\u00f3n suave y evita que el polvo y el aceite penetren a trav\u00e9s de la cara del disco.<\/li>\n<li>Recubrimientos multi-capa sobre el cristal.<\/li>\n<\/ul>\n","protected":false},"excerpt":{"rendered":"<p>Comparador vertical de palpador oscilante 0,03&#8243;, 0,0005&#8243;, 9,52mm Stem N\u00famero de art\u00edculo: 513-452-10E &nbsp; El comparador de palpador oscilante (tipo palanca) le ofrece las siguientes ventajas: &nbsp; Durabilidad, sensibilidad y visibilidad mejoradas dr\u00e1sticamente. La cara plana de cristal sin deslumbramiento permite una f\u00e1cil lectura sobre la esfera graduada. El sello de la junta t\u00f3rica en [&hellip;]<\/p>\n","protected":false},"featured_media":17148,"template":"","meta":{"_acf_changed":false},"pwb-brand":[39],"product_brand":[],"product_cat":[366,405,69,331,38],"product_tag":[],"class_list":{"0":"post-13710","1":"product","2":"type-product","3":"status-publish","4":"has-post-thumbnail","6":"pwb-brand-mitutoyo","7":"product_cat-todos-los-productos","8":"product_cat-comparador-de-palpador-oscilante","9":"product_cat-indicadores","10":"product_cat-instrumentos-de-medicion-y-gestion-de-datos","11":"product_cat-mitutoyo","13":"first","14":"instock","15":"taxable","16":"shipping-taxable","17":"product-type-simple"},"acf":[],"yoast_head":"<!-- This site is optimized with the Yoast SEO plugin v27.3 - https:\/\/yoast.com\/product\/yoast-seo-wordpress\/ -->\n<title>Comparador vertical de palpador oscilante 0,03&quot;, 0,0005&quot;, 9,52mm Stem - Techmaster de Mexico<\/title>\n<meta name=\"robots\" content=\"index, follow, max-snippet:-1, max-image-preview:large, max-video-preview:-1\" \/>\n<link rel=\"canonical\" href=\"https:\/\/techmasterdemexico.com\/producto\/comparador-vertical-de-palpador-oscilante-003-00005-952mm-stem\/\" \/>\n<meta property=\"og:locale\" content=\"en_US\" \/>\n<meta property=\"og:type\" content=\"article\" \/>\n<meta property=\"og:title\" content=\"Comparador vertical de palpador oscilante 0,03&quot;, 0,0005&quot;, 9,52mm Stem - Techmaster de Mexico\" \/>\n<meta property=\"og:description\" content=\"Comparador vertical de palpador oscilante 0,03&#8243;, 0,0005&#8243;, 9,52mm Stem N\u00famero de art\u00edculo: 513-452-10E &nbsp; El comparador de palpador oscilante (tipo palanca) le ofrece las siguientes ventajas: &nbsp; Durabilidad, sensibilidad y visibilidad mejoradas dr\u00e1sticamente. La cara plana de cristal sin deslumbramiento permite una f\u00e1cil lectura sobre la esfera graduada. El sello de la junta t\u00f3rica en [&hellip;]\" \/>\n<meta property=\"og:url\" content=\"https:\/\/techmasterdemexico.com\/producto\/comparador-vertical-de-palpador-oscilante-003-00005-952mm-stem\/\" \/>\n<meta property=\"og:site_name\" content=\"Techmaster de Mexico\" \/>\n<meta property=\"article:modified_time\" content=\"2022-01-04T18:13:33+00:00\" \/>\n<meta property=\"og:image\" content=\"https:\/\/techmasterdemexico.com\/wp-content\/uploads\/2021\/12\/513-452-10_jpg.png\" \/>\n\t<meta property=\"og:image:width\" content=\"500\" \/>\n\t<meta property=\"og:image:height\" content=\"500\" \/>\n\t<meta property=\"og:image:type\" content=\"image\/png\" \/>\n<meta name=\"twitter:card\" content=\"summary_large_image\" \/>\n<script type=\"application\/ld+json\" class=\"yoast-schema-graph\">{\"@context\":\"https:\\\/\\\/schema.org\",\"@graph\":[{\"@type\":\"WebPage\",\"@id\":\"https:\\\/\\\/techmasterdemexico.com\\\/producto\\\/comparador-vertical-de-palpador-oscilante-003-00005-952mm-stem\\\/\",\"url\":\"https:\\\/\\\/techmasterdemexico.com\\\/producto\\\/comparador-vertical-de-palpador-oscilante-003-00005-952mm-stem\\\/\",\"name\":\"Comparador vertical de palpador oscilante 0,03\\\", 0,0005\\\", 9,52mm Stem - Techmaster de Mexico\",\"isPartOf\":{\"@id\":\"https:\\\/\\\/techmasterdemexico.com\\\/#website\"},\"primaryImageOfPage\":{\"@id\":\"https:\\\/\\\/techmasterdemexico.com\\\/producto\\\/comparador-vertical-de-palpador-oscilante-003-00005-952mm-stem\\\/#primaryimage\"},\"image\":{\"@id\":\"https:\\\/\\\/techmasterdemexico.com\\\/producto\\\/comparador-vertical-de-palpador-oscilante-003-00005-952mm-stem\\\/#primaryimage\"},\"thumbnailUrl\":\"https:\\\/\\\/techmasterdemexico.com\\\/wp-content\\\/uploads\\\/2021\\\/12\\\/513-452-10_jpg.png\",\"datePublished\":\"2021-12-22T00:25:08+00:00\",\"dateModified\":\"2022-01-04T18:13:33+00:00\",\"breadcrumb\":{\"@id\":\"https:\\\/\\\/techmasterdemexico.com\\\/producto\\\/comparador-vertical-de-palpador-oscilante-003-00005-952mm-stem\\\/#breadcrumb\"},\"inLanguage\":\"en-US\",\"potentialAction\":[{\"@type\":\"ReadAction\",\"target\":[\"https:\\\/\\\/techmasterdemexico.com\\\/producto\\\/comparador-vertical-de-palpador-oscilante-003-00005-952mm-stem\\\/\"]}]},{\"@type\":\"ImageObject\",\"inLanguage\":\"en-US\",\"@id\":\"https:\\\/\\\/techmasterdemexico.com\\\/producto\\\/comparador-vertical-de-palpador-oscilante-003-00005-952mm-stem\\\/#primaryimage\",\"url\":\"https:\\\/\\\/techmasterdemexico.com\\\/wp-content\\\/uploads\\\/2021\\\/12\\\/513-452-10_jpg.png\",\"contentUrl\":\"https:\\\/\\\/techmasterdemexico.com\\\/wp-content\\\/uploads\\\/2021\\\/12\\\/513-452-10_jpg.png\",\"width\":500,\"height\":500},{\"@type\":\"BreadcrumbList\",\"@id\":\"https:\\\/\\\/techmasterdemexico.com\\\/producto\\\/comparador-vertical-de-palpador-oscilante-003-00005-952mm-stem\\\/#breadcrumb\",\"itemListElement\":[{\"@type\":\"ListItem\",\"position\":1,\"name\":\"Portada\",\"item\":\"https:\\\/\\\/techmasterdemexico.com\\\/\"},{\"@type\":\"ListItem\",\"position\":2,\"name\":\"Comparador vertical de palpador oscilante 0,03&#8243;, 0,0005&#8243;, 9,52mm Stem\"}]},{\"@type\":\"WebSite\",\"@id\":\"https:\\\/\\\/techmasterdemexico.com\\\/#website\",\"url\":\"https:\\\/\\\/techmasterdemexico.com\\\/\",\"name\":\"Techmaster de Mexico\",\"description\":\"\",\"potentialAction\":[{\"@type\":\"SearchAction\",\"target\":{\"@type\":\"EntryPoint\",\"urlTemplate\":\"https:\\\/\\\/techmasterdemexico.com\\\/?s={search_term_string}\"},\"query-input\":{\"@type\":\"PropertyValueSpecification\",\"valueRequired\":true,\"valueName\":\"search_term_string\"}}],\"inLanguage\":\"en-US\"}]}<\/script>\n<!-- \/ Yoast SEO plugin. -->","yoast_head_json":{"title":"Comparador vertical de palpador oscilante 0,03\", 0,0005\", 9,52mm Stem - Techmaster de Mexico","robots":{"index":"index","follow":"follow","max-snippet":"max-snippet:-1","max-image-preview":"max-image-preview:large","max-video-preview":"max-video-preview:-1"},"canonical":"https:\/\/techmasterdemexico.com\/producto\/comparador-vertical-de-palpador-oscilante-003-00005-952mm-stem\/","og_locale":"en_US","og_type":"article","og_title":"Comparador vertical de palpador oscilante 0,03\", 0,0005\", 9,52mm Stem - Techmaster de Mexico","og_description":"Comparador vertical de palpador oscilante 0,03&#8243;, 0,0005&#8243;, 9,52mm Stem N\u00famero de art\u00edculo: 513-452-10E &nbsp; El comparador de palpador oscilante (tipo palanca) le ofrece las siguientes ventajas: &nbsp; Durabilidad, sensibilidad y visibilidad mejoradas dr\u00e1sticamente. La cara plana de cristal sin deslumbramiento permite una f\u00e1cil lectura sobre la esfera graduada. El sello de la junta t\u00f3rica en [&hellip;]","og_url":"https:\/\/techmasterdemexico.com\/producto\/comparador-vertical-de-palpador-oscilante-003-00005-952mm-stem\/","og_site_name":"Techmaster de Mexico","article_modified_time":"2022-01-04T18:13:33+00:00","og_image":[{"width":500,"height":500,"url":"https:\/\/techmasterdemexico.com\/wp-content\/uploads\/2021\/12\/513-452-10_jpg.png","type":"image\/png"}],"twitter_card":"summary_large_image","schema":{"@context":"https:\/\/schema.org","@graph":[{"@type":"WebPage","@id":"https:\/\/techmasterdemexico.com\/producto\/comparador-vertical-de-palpador-oscilante-003-00005-952mm-stem\/","url":"https:\/\/techmasterdemexico.com\/producto\/comparador-vertical-de-palpador-oscilante-003-00005-952mm-stem\/","name":"Comparador vertical de palpador oscilante 0,03\", 0,0005\", 9,52mm Stem - Techmaster de Mexico","isPartOf":{"@id":"https:\/\/techmasterdemexico.com\/#website"},"primaryImageOfPage":{"@id":"https:\/\/techmasterdemexico.com\/producto\/comparador-vertical-de-palpador-oscilante-003-00005-952mm-stem\/#primaryimage"},"image":{"@id":"https:\/\/techmasterdemexico.com\/producto\/comparador-vertical-de-palpador-oscilante-003-00005-952mm-stem\/#primaryimage"},"thumbnailUrl":"https:\/\/techmasterdemexico.com\/wp-content\/uploads\/2021\/12\/513-452-10_jpg.png","datePublished":"2021-12-22T00:25:08+00:00","dateModified":"2022-01-04T18:13:33+00:00","breadcrumb":{"@id":"https:\/\/techmasterdemexico.com\/producto\/comparador-vertical-de-palpador-oscilante-003-00005-952mm-stem\/#breadcrumb"},"inLanguage":"en-US","potentialAction":[{"@type":"ReadAction","target":["https:\/\/techmasterdemexico.com\/producto\/comparador-vertical-de-palpador-oscilante-003-00005-952mm-stem\/"]}]},{"@type":"ImageObject","inLanguage":"en-US","@id":"https:\/\/techmasterdemexico.com\/producto\/comparador-vertical-de-palpador-oscilante-003-00005-952mm-stem\/#primaryimage","url":"https:\/\/techmasterdemexico.com\/wp-content\/uploads\/2021\/12\/513-452-10_jpg.png","contentUrl":"https:\/\/techmasterdemexico.com\/wp-content\/uploads\/2021\/12\/513-452-10_jpg.png","width":500,"height":500},{"@type":"BreadcrumbList","@id":"https:\/\/techmasterdemexico.com\/producto\/comparador-vertical-de-palpador-oscilante-003-00005-952mm-stem\/#breadcrumb","itemListElement":[{"@type":"ListItem","position":1,"name":"Portada","item":"https:\/\/techmasterdemexico.com\/"},{"@type":"ListItem","position":2,"name":"Comparador vertical de palpador oscilante 0,03&#8243;, 0,0005&#8243;, 9,52mm Stem"}]},{"@type":"WebSite","@id":"https:\/\/techmasterdemexico.com\/#website","url":"https:\/\/techmasterdemexico.com\/","name":"Techmaster de Mexico","description":"","potentialAction":[{"@type":"SearchAction","target":{"@type":"EntryPoint","urlTemplate":"https:\/\/techmasterdemexico.com\/?s={search_term_string}"},"query-input":{"@type":"PropertyValueSpecification","valueRequired":true,"valueName":"search_term_string"}}],"inLanguage":"en-US"}]}},"brands":[{"id":39,"name":"Mitutoyo","slug":"mitutoyo"}],"_links":{"self":[{"href":"https:\/\/techmasterdemexico.com\/en\/wp-json\/wp\/v2\/product\/13710","targetHints":{"allow":["GET"]}}],"collection":[{"href":"https:\/\/techmasterdemexico.com\/en\/wp-json\/wp\/v2\/product"}],"about":[{"href":"https:\/\/techmasterdemexico.com\/en\/wp-json\/wp\/v2\/types\/product"}],"wp:featuredmedia":[{"embeddable":true,"href":"https:\/\/techmasterdemexico.com\/en\/wp-json\/wp\/v2\/media\/17148"}],"wp:attachment":[{"href":"https:\/\/techmasterdemexico.com\/en\/wp-json\/wp\/v2\/media?parent=13710"}],"wp:term":[{"taxonomy":"pwb-brand","embeddable":true,"href":"https:\/\/techmasterdemexico.com\/en\/wp-json\/wp\/v2\/pwb-brand?post=13710"},{"taxonomy":"product_brand","embeddable":true,"href":"https:\/\/techmasterdemexico.com\/en\/wp-json\/wp\/v2\/product_brand?post=13710"},{"taxonomy":"product_cat","embeddable":true,"href":"https:\/\/techmasterdemexico.com\/en\/wp-json\/wp\/v2\/product_cat?post=13710"},{"taxonomy":"product_tag","embeddable":true,"href":"https:\/\/techmasterdemexico.com\/en\/wp-json\/wp\/v2\/product_tag?post=13710"}],"curies":[{"name":"wp","href":"https:\/\/api.w.org\/{rel}","templated":true}]}}