{"id":13678,"date":"2021-12-22T00:24:27","date_gmt":"2021-12-22T00:24:27","guid":{"rendered":"https:\/\/techmastermx.ddns.net\/producto\/comprador-de-palpador-oscilante-ejecucion-pequena-004-0001-with-bracket\/"},"modified":"2022-01-04T19:25:46","modified_gmt":"2022-01-04T19:25:46","slug":"comprador-de-palpador-oscilante-ejecucion-pequena-004-0001-with-bracket","status":"publish","type":"product","link":"https:\/\/techmasterdemexico.com\/en\/producto\/comprador-de-palpador-oscilante-ejecucion-pequena-004-0001-with-bracket\/","title":{"rendered":"Comprador de palpador oscilante &#8211; Ejecuci\u00f3n peque\u00f1a 0,04&#8243;, 0,001&#8243;, with Bracket"},"content":{"rendered":"<p>Comprador de palpador oscilante &#8211; Ejecuci\u00f3n peque\u00f1a<br \/>\n0,04&#8243;, 0,001&#8243;, with Bracket<br \/>\nN\u00famero de art\u00edculo: 513-518T<\/p>\n<p>&nbsp;<\/p>\n<ul>\n<li>Tipo peque\u00f1o con palanca interruptora para cambiar el sentido de medici\u00f3n.<\/li>\n<li>Escala giratoria de puesta a cero f\u00e1cil.<\/li>\n<li>Rodamientos y engranajes de precisi\u00f3n de material precioso y pi\u00f1ones para un movimiento suave, preciso y de respuesta r\u00e1pida.<\/li>\n<\/ul>\n","protected":false},"excerpt":{"rendered":"<ul>\n<li>Exactitud:<br \/>\n\u00b10.001&#8243;<\/li>\n<li>Escala:<br \/>\n0-20-0<\/li>\n<li>Peso:<br \/>\n41 g<\/li>\n<li>Error of indication one revolution:<br \/>\n\u00b10.001&#8243;<\/li>\n<li>Punta de contacto:<br \/>\nThread M 1.7 x 0.35<\/li>\n<li>Entregado:<br \/>\nEn estuche con v\u00e1stago de amarre \u00f83\/8&#8243;<\/li>\n<li>Digital\/An\u00e1logo:<br \/>\nAn\u00e1logo<\/li>\n<li>pulgadas-m\u00e9trico:<br \/>\nPulgadas<\/li>\n<\/ul>\n","protected":false},"featured_media":17229,"template":"","meta":{"_acf_changed":false},"pwb-brand":[39],"product_brand":[],"product_cat":[366,405,69,331,38],"product_tag":[],"class_list":{"0":"post-13678","1":"product","2":"type-product","3":"status-publish","4":"has-post-thumbnail","6":"pwb-brand-mitutoyo","7":"product_cat-todos-los-productos","8":"product_cat-comparador-de-palpador-oscilante","9":"product_cat-indicadores","10":"product_cat-instrumentos-de-medicion-y-gestion-de-datos","11":"product_cat-mitutoyo","13":"first","14":"instock","15":"taxable","16":"shipping-taxable","17":"product-type-simple"},"acf":[],"yoast_head":"<!-- This site is optimized with the Yoast SEO plugin v27.3 - https:\/\/yoast.com\/product\/yoast-seo-wordpress\/ -->\n<title>Comprador de palpador oscilante - Ejecuci\u00f3n peque\u00f1a 0,04&quot;, 0,001&quot;, with Bracket - Techmaster de Mexico<\/title>\n<meta name=\"robots\" content=\"index, follow, max-snippet:-1, max-image-preview:large, max-video-preview:-1\" \/>\n<link rel=\"canonical\" href=\"https:\/\/techmasterdemexico.com\/producto\/comprador-de-palpador-oscilante-ejecucion-pequena-004-0001-with-bracket\/\" \/>\n<meta property=\"og:locale\" content=\"en_US\" \/>\n<meta property=\"og:type\" content=\"article\" \/>\n<meta property=\"og:title\" content=\"Comprador de palpador oscilante - Ejecuci\u00f3n peque\u00f1a 0,04&quot;, 0,001&quot;, with Bracket - Techmaster de Mexico\" \/>\n<meta property=\"og:description\" content=\"Exactitud: \u00b10.001&quot;  Escala: 0-20-0  Peso: 41 g  Error of indication one revolution: \u00b10.001&quot;  Punta de contacto: Thread M 1.7 x 0.35  Entregado: En estuche con v\u00e1stago de amarre \u00f83\/8&quot;  Digital\/An\u00e1logo: An\u00e1logo  pulgadas-m\u00e9trico: Pulgadas\" \/>\n<meta property=\"og:url\" content=\"https:\/\/techmasterdemexico.com\/producto\/comprador-de-palpador-oscilante-ejecucion-pequena-004-0001-with-bracket\/\" \/>\n<meta property=\"og:site_name\" content=\"Techmaster de Mexico\" \/>\n<meta property=\"article:modified_time\" content=\"2022-01-04T19:25:46+00:00\" \/>\n<meta property=\"og:image\" content=\"https:\/\/techmasterdemexico.com\/wp-content\/uploads\/2021\/12\/513-518t_z1_jpg.png\" \/>\n\t<meta property=\"og:image:width\" content=\"500\" \/>\n\t<meta property=\"og:image:height\" content=\"500\" \/>\n\t<meta property=\"og:image:type\" content=\"image\/png\" \/>\n<meta name=\"twitter:card\" content=\"summary_large_image\" \/>\n<script type=\"application\/ld+json\" class=\"yoast-schema-graph\">{\"@context\":\"https:\\\/\\\/schema.org\",\"@graph\":[{\"@type\":\"WebPage\",\"@id\":\"https:\\\/\\\/techmasterdemexico.com\\\/producto\\\/comprador-de-palpador-oscilante-ejecucion-pequena-004-0001-with-bracket\\\/\",\"url\":\"https:\\\/\\\/techmasterdemexico.com\\\/producto\\\/comprador-de-palpador-oscilante-ejecucion-pequena-004-0001-with-bracket\\\/\",\"name\":\"Comprador de palpador oscilante - Ejecuci\u00f3n peque\u00f1a 0,04\\\", 0,001\\\", with Bracket - Techmaster de Mexico\",\"isPartOf\":{\"@id\":\"https:\\\/\\\/techmasterdemexico.com\\\/#website\"},\"primaryImageOfPage\":{\"@id\":\"https:\\\/\\\/techmasterdemexico.com\\\/producto\\\/comprador-de-palpador-oscilante-ejecucion-pequena-004-0001-with-bracket\\\/#primaryimage\"},\"image\":{\"@id\":\"https:\\\/\\\/techmasterdemexico.com\\\/producto\\\/comprador-de-palpador-oscilante-ejecucion-pequena-004-0001-with-bracket\\\/#primaryimage\"},\"thumbnailUrl\":\"https:\\\/\\\/techmasterdemexico.com\\\/wp-content\\\/uploads\\\/2021\\\/12\\\/513-518t_z1_jpg.png\",\"datePublished\":\"2021-12-22T00:24:27+00:00\",\"dateModified\":\"2022-01-04T19:25:46+00:00\",\"breadcrumb\":{\"@id\":\"https:\\\/\\\/techmasterdemexico.com\\\/producto\\\/comprador-de-palpador-oscilante-ejecucion-pequena-004-0001-with-bracket\\\/#breadcrumb\"},\"inLanguage\":\"en-US\",\"potentialAction\":[{\"@type\":\"ReadAction\",\"target\":[\"https:\\\/\\\/techmasterdemexico.com\\\/producto\\\/comprador-de-palpador-oscilante-ejecucion-pequena-004-0001-with-bracket\\\/\"]}]},{\"@type\":\"ImageObject\",\"inLanguage\":\"en-US\",\"@id\":\"https:\\\/\\\/techmasterdemexico.com\\\/producto\\\/comprador-de-palpador-oscilante-ejecucion-pequena-004-0001-with-bracket\\\/#primaryimage\",\"url\":\"https:\\\/\\\/techmasterdemexico.com\\\/wp-content\\\/uploads\\\/2021\\\/12\\\/513-518t_z1_jpg.png\",\"contentUrl\":\"https:\\\/\\\/techmasterdemexico.com\\\/wp-content\\\/uploads\\\/2021\\\/12\\\/513-518t_z1_jpg.png\",\"width\":500,\"height\":500},{\"@type\":\"BreadcrumbList\",\"@id\":\"https:\\\/\\\/techmasterdemexico.com\\\/producto\\\/comprador-de-palpador-oscilante-ejecucion-pequena-004-0001-with-bracket\\\/#breadcrumb\",\"itemListElement\":[{\"@type\":\"ListItem\",\"position\":1,\"name\":\"Portada\",\"item\":\"https:\\\/\\\/techmasterdemexico.com\\\/\"},{\"@type\":\"ListItem\",\"position\":2,\"name\":\"Comprador de palpador oscilante &#8211; Ejecuci\u00f3n peque\u00f1a 0,04&#8243;, 0,001&#8243;, with Bracket\"}]},{\"@type\":\"WebSite\",\"@id\":\"https:\\\/\\\/techmasterdemexico.com\\\/#website\",\"url\":\"https:\\\/\\\/techmasterdemexico.com\\\/\",\"name\":\"Techmaster de Mexico\",\"description\":\"\",\"potentialAction\":[{\"@type\":\"SearchAction\",\"target\":{\"@type\":\"EntryPoint\",\"urlTemplate\":\"https:\\\/\\\/techmasterdemexico.com\\\/?s={search_term_string}\"},\"query-input\":{\"@type\":\"PropertyValueSpecification\",\"valueRequired\":true,\"valueName\":\"search_term_string\"}}],\"inLanguage\":\"en-US\"}]}<\/script>\n<!-- \/ Yoast SEO plugin. -->","yoast_head_json":{"title":"Comprador de palpador oscilante - Ejecuci\u00f3n peque\u00f1a 0,04\", 0,001\", with Bracket - Techmaster de Mexico","robots":{"index":"index","follow":"follow","max-snippet":"max-snippet:-1","max-image-preview":"max-image-preview:large","max-video-preview":"max-video-preview:-1"},"canonical":"https:\/\/techmasterdemexico.com\/producto\/comprador-de-palpador-oscilante-ejecucion-pequena-004-0001-with-bracket\/","og_locale":"en_US","og_type":"article","og_title":"Comprador de palpador oscilante - Ejecuci\u00f3n peque\u00f1a 0,04\", 0,001\", with Bracket - Techmaster de Mexico","og_description":"Exactitud: \u00b10.001\"  Escala: 0-20-0  Peso: 41 g  Error of indication one revolution: \u00b10.001\"  Punta de contacto: Thread M 1.7 x 0.35  Entregado: En estuche con v\u00e1stago de amarre \u00f83\/8\"  Digital\/An\u00e1logo: An\u00e1logo  pulgadas-m\u00e9trico: Pulgadas","og_url":"https:\/\/techmasterdemexico.com\/producto\/comprador-de-palpador-oscilante-ejecucion-pequena-004-0001-with-bracket\/","og_site_name":"Techmaster de Mexico","article_modified_time":"2022-01-04T19:25:46+00:00","og_image":[{"width":500,"height":500,"url":"https:\/\/techmasterdemexico.com\/wp-content\/uploads\/2021\/12\/513-518t_z1_jpg.png","type":"image\/png"}],"twitter_card":"summary_large_image","schema":{"@context":"https:\/\/schema.org","@graph":[{"@type":"WebPage","@id":"https:\/\/techmasterdemexico.com\/producto\/comprador-de-palpador-oscilante-ejecucion-pequena-004-0001-with-bracket\/","url":"https:\/\/techmasterdemexico.com\/producto\/comprador-de-palpador-oscilante-ejecucion-pequena-004-0001-with-bracket\/","name":"Comprador de palpador oscilante - Ejecuci\u00f3n peque\u00f1a 0,04\", 0,001\", with Bracket - Techmaster de Mexico","isPartOf":{"@id":"https:\/\/techmasterdemexico.com\/#website"},"primaryImageOfPage":{"@id":"https:\/\/techmasterdemexico.com\/producto\/comprador-de-palpador-oscilante-ejecucion-pequena-004-0001-with-bracket\/#primaryimage"},"image":{"@id":"https:\/\/techmasterdemexico.com\/producto\/comprador-de-palpador-oscilante-ejecucion-pequena-004-0001-with-bracket\/#primaryimage"},"thumbnailUrl":"https:\/\/techmasterdemexico.com\/wp-content\/uploads\/2021\/12\/513-518t_z1_jpg.png","datePublished":"2021-12-22T00:24:27+00:00","dateModified":"2022-01-04T19:25:46+00:00","breadcrumb":{"@id":"https:\/\/techmasterdemexico.com\/producto\/comprador-de-palpador-oscilante-ejecucion-pequena-004-0001-with-bracket\/#breadcrumb"},"inLanguage":"en-US","potentialAction":[{"@type":"ReadAction","target":["https:\/\/techmasterdemexico.com\/producto\/comprador-de-palpador-oscilante-ejecucion-pequena-004-0001-with-bracket\/"]}]},{"@type":"ImageObject","inLanguage":"en-US","@id":"https:\/\/techmasterdemexico.com\/producto\/comprador-de-palpador-oscilante-ejecucion-pequena-004-0001-with-bracket\/#primaryimage","url":"https:\/\/techmasterdemexico.com\/wp-content\/uploads\/2021\/12\/513-518t_z1_jpg.png","contentUrl":"https:\/\/techmasterdemexico.com\/wp-content\/uploads\/2021\/12\/513-518t_z1_jpg.png","width":500,"height":500},{"@type":"BreadcrumbList","@id":"https:\/\/techmasterdemexico.com\/producto\/comprador-de-palpador-oscilante-ejecucion-pequena-004-0001-with-bracket\/#breadcrumb","itemListElement":[{"@type":"ListItem","position":1,"name":"Portada","item":"https:\/\/techmasterdemexico.com\/"},{"@type":"ListItem","position":2,"name":"Comprador de palpador oscilante &#8211; Ejecuci\u00f3n peque\u00f1a 0,04&#8243;, 0,001&#8243;, with Bracket"}]},{"@type":"WebSite","@id":"https:\/\/techmasterdemexico.com\/#website","url":"https:\/\/techmasterdemexico.com\/","name":"Techmaster de Mexico","description":"","potentialAction":[{"@type":"SearchAction","target":{"@type":"EntryPoint","urlTemplate":"https:\/\/techmasterdemexico.com\/?s={search_term_string}"},"query-input":{"@type":"PropertyValueSpecification","valueRequired":true,"valueName":"search_term_string"}}],"inLanguage":"en-US"}]}},"brands":[{"id":39,"name":"Mitutoyo","slug":"mitutoyo"}],"_links":{"self":[{"href":"https:\/\/techmasterdemexico.com\/en\/wp-json\/wp\/v2\/product\/13678","targetHints":{"allow":["GET"]}}],"collection":[{"href":"https:\/\/techmasterdemexico.com\/en\/wp-json\/wp\/v2\/product"}],"about":[{"href":"https:\/\/techmasterdemexico.com\/en\/wp-json\/wp\/v2\/types\/product"}],"wp:featuredmedia":[{"embeddable":true,"href":"https:\/\/techmasterdemexico.com\/en\/wp-json\/wp\/v2\/media\/17229"}],"wp:attachment":[{"href":"https:\/\/techmasterdemexico.com\/en\/wp-json\/wp\/v2\/media?parent=13678"}],"wp:term":[{"taxonomy":"pwb-brand","embeddable":true,"href":"https:\/\/techmasterdemexico.com\/en\/wp-json\/wp\/v2\/pwb-brand?post=13678"},{"taxonomy":"product_brand","embeddable":true,"href":"https:\/\/techmasterdemexico.com\/en\/wp-json\/wp\/v2\/product_brand?post=13678"},{"taxonomy":"product_cat","embeddable":true,"href":"https:\/\/techmasterdemexico.com\/en\/wp-json\/wp\/v2\/product_cat?post=13678"},{"taxonomy":"product_tag","embeddable":true,"href":"https:\/\/techmasterdemexico.com\/en\/wp-json\/wp\/v2\/product_tag?post=13678"}],"curies":[{"name":"wp","href":"https:\/\/api.w.org\/{rel}","templated":true}]}}